{"id":21125,"date":"2022-01-05T19:57:54","date_gmt":"2022-01-05T11:57:54","guid":{"rendered":"https:\/\/www.miisoo.com\/?post_type=product&#038;p=21125"},"modified":"2022-01-07T11:07:26","modified_gmt":"2022-01-07T03:07:26","slug":"adult-sexy-japanese-male-sex-doll","status":"publish","type":"product","link":"https:\/\/www.miisoo.com\/sv\/product\/adult-sexy-japanese-male-sex-doll\/","title":{"rendered":"Rickey \u2013 165 cm vuxen sexig japansk manlig sexdocka"},"content":{"rendered":"<p>Denna japanska manliga sexdocka vet att han \u00e4r s\u00f6t och tvekar inte att visa det. Han tror att m\u00e4n beh\u00f6ver tillgivenhet lika mycket som kvinnor. D\u00e4rf\u00f6r skulle han vara b\u00e4st l\u00e4mpad f\u00f6r honan som \u00e4r tillgiven. De flesta vuxna mansdockor \u00e4r r\u00e4dda f\u00f6r att visa sin mjuka sida, men inte han. Hans stil \u00e4r excentrisk och hans n\u00e4rvaro lyser alltid upp en sammankomst.<\/p>\n<p>St\u00e5ende p\u00e5 165cm, har denna japanska manliga sexdocka gl\u00e4dje av kinks som t.ex <a href=\"https:\/\/www.cosmopolitan.com\/uk\/love-sex\/sex\/a12013129\/role-play-ideas\/\">rollspel<\/a> och kl\u00e4 ut sig. Han \u00e4r en blek silverh\u00e5rig kvinnlig j\u00e4vla sexdocka med en smal kropp. Av alla manliga silikondockor i butik \u00e4r detta en av de snyggaste. Om du dr\u00f6mmer om att vara med en yngre man, h\u00e4r \u00e4r din chans med denna asiatiska manliga sexiga docka.<\/p>\n<p>Vi har m\u00e5nga vuxna mansdockor som v\u00e4ntar<a href=\"https:\/\/www.miisoo.com\/sv\/produkt\/realistic-male-love-doll-for-sale\/\"> f\u00f6r det perfekta<\/a> friare. Skaffa denna ungdomliga stud f\u00f6r en chans att se en manlig sexdocka i bruk.<\/p>\n<p><span style=\"color: #000000; font-size: 16px; font-weight: 600;\">M\u00e5tt<\/span><\/p>\n<table style=\"border-collapse: collapse; width: 304.52pt;\" border=\"0\" width=\"406\" cellspacing=\"0\" cellpadding=\"0\">\n<tbody>\n<tr style=\"height: 28.00pt;\">\n<td class=\"et2\" style=\"height: 28.00pt; width: 124.50pt;\" width=\"166\" height=\"37\">Varum\u00e4rke:<\/td>\n<td class=\"et2\" style=\"width: 180.00pt;\" width=\"240\">AF docka<\/td>\n<\/tr>\n<tr style=\"height: 28.00pt;\">\n<td class=\"et2\" style=\"height: 28.00pt;\" height=\"37\">H\u00f6jd:<\/td>\n<td class=\"et2\">165 cm TPE riktig docka f\u00f6r man<\/td>\n<\/tr>\n<tr style=\"height: 28.00pt;\">\n<td class=\"et2\" style=\"height: 28.00pt;\" height=\"37\">S\u00e4tta dit:<\/td>\n<td class=\"et2\">85 cm<\/td>\n<\/tr>\n<tr style=\"height: 28.00pt;\">\n<td class=\"et2\" style=\"height: 28.00pt;\" height=\"37\">Midja:<\/td>\n<td class=\"et2\">70 cm<\/td>\n<\/tr>\n<tr style=\"height: 28.00pt;\">\n<td class=\"et2\" style=\"height: 28.00pt;\" height=\"37\">H\u00f6fter:<\/td>\n<td class=\"et2\">90 cm<\/td>\n<\/tr>\n<tr style=\"height: 28.00pt;\">\n<td class=\"et2\" style=\"height: 28.00pt;\" height=\"37\">Nacke:<\/td>\n<td class=\"et2\">26 cm<\/td>\n<\/tr>\n<tr style=\"height: 28.00pt;\">\n<td class=\"et2\" style=\"height: 28.00pt;\" height=\"37\">Fotl\u00e4ngd:<\/td>\n<td class=\"et2\">23 cm<\/td>\n<\/tr>\n<tr style=\"height: 28.00pt;\">\n<td class=\"et2\" style=\"height: 28.00pt;\" height=\"37\">Axel bredd:<\/td>\n<td class=\"et2\">42 cm<\/td>\n<\/tr>\n<tr style=\"height: 28.00pt;\">\n<td class=\"et2\" style=\"height: 28.00pt;\" height=\"37\">Vikt:<\/td>\n<td class=\"et2\">44 kg<\/td>\n<\/tr>\n<tr style=\"height: 28.00pt;\">\n<td class=\"et2\" style=\"height: 28.00pt;\" height=\"37\">Penisl\u00e4ngd:<\/td>\n<td class=\"et2\">19 cm<\/td>\n<\/tr>\n<tr style=\"height: 28.00pt;\">\n<td class=\"et2\" style=\"height: 28.00pt;\" height=\"37\">Penis omkrets:<\/td>\n<td class=\"et2\">12 cm<\/td>\n<\/tr>\n<tr style=\"height: 28.00pt;\">\n<td class=\"et2\" style=\"height: 28.00pt;\" height=\"37\">Muntligt djup:<\/td>\n<td class=\"et2\">13 cm<\/td>\n<\/tr>\n<tr style=\"height: 28.00pt;\">\n<td class=\"et2\" style=\"height: 28.00pt;\" height=\"37\">Analdjup:<\/td>\n<td class=\"et2\">16 cm<\/td>\n<\/tr>\n<tr style=\"height: 28.00pt;\">\n<td class=\"et2\" style=\"height: 28.00pt;\" height=\"37\">Paketstorlek:<\/td>\n<td class=\"et2\">154x40x30 cm<\/td>\n<\/tr>\n<\/tbody>\n<\/table>\n<p>&nbsp;<\/p>\n<p><img fetchpriority=\"high\" decoding=\"async\" class=\"alignnone wp-image-21192 size-full\" src=\"https:\/\/www.miisoo.com\/wp-content\/uploads\/2022\/01\/male-silicone-dolls-2340.jpg\" alt=\"Japanese Male Sex Doll\" width=\"900\" height=\"600\" srcset=\"https:\/\/www.miisoo.com\/wp-content\/uploads\/2022\/01\/male-silicone-dolls-2340.jpg 900w, https:\/\/www.miisoo.com\/wp-content\/uploads\/2022\/01\/male-silicone-dolls-2340-300x200.jpg 300w, https:\/\/www.miisoo.com\/wp-content\/uploads\/2022\/01\/male-silicone-dolls-2340-768x512.jpg 768w, https:\/\/www.miisoo.com\/wp-content\/uploads\/2022\/01\/male-silicone-dolls-2340-370x247.jpg 370w, https:\/\/www.miisoo.com\/wp-content\/uploads\/2022\/01\/male-silicone-dolls-2340-600x400.jpg 600w\" sizes=\"(max-width: 900px) 100vw, 900px\" \/><\/p>","protected":false},"excerpt":{"rendered":"<div data-elementor-type=\"section\" data-elementor-id=\"10450\" class=\"elementor elementor-10450\" data-elementor-post-type=\"elementor_library\">\n<section class=\"elementor-section elementor-top-section elementor-element elementor-element-1ac4967 elementor-section-boxed elementor-section-height-default elementor-section-height-default\" data-id=\"1ac4967\" data-element_type=\"section\">\n<div class=\"elementor-container elementor-column-gap-default\">\n<div class=\"elementor-column elementor-col-100 elementor-top-column elementor-element elementor-element-bfbdbdf\" data-id=\"bfbdbdf\" data-element_type=\"column\">\n<div class=\"elementor-widget-wrap elementor-element-populated\">\n<div class=\"elementor-element elementor-element-e4dbd68 elementor-widget elementor-widget-text-editor\" data-id=\"e4dbd68\" data-element_type=\"widget\" data-widget_type=\"text-editor.default\">\n<div class=\"elementor-widget-container\">\n<ul>\n<li>Fri frakt \u00f6ver hela v\u00e4rlden, diskret frakt.<\/li>\n<li>100% Identisk som bilder om de inte \u00e4r anpassade.<\/li>\n<li>Priserna inkluderar. moms &amp; tullavgifter<\/li>\n<li>Gratis frakt, snabba leveransalternativ vid kassasidan<\/li>\n<\/ul><\/div>\n<\/p><\/div>\n<\/p><\/div>\n<\/p><\/div>\n<\/p><\/div>\n<\/section><\/div>\n<div data-elementor-type=\"section\" data-elementor-id=\"10473\" class=\"elementor elementor-10473\" data-elementor-post-type=\"elementor_library\">\n<section class=\"elementor-section elementor-top-section elementor-element elementor-element-03d9b2a elementor-section-boxed elementor-section-height-default elementor-section-height-default\" data-id=\"03d9b2a\" data-element_type=\"section\">\n<div class=\"elementor-container elementor-column-gap-default\">\n<div class=\"elementor-column elementor-col-100 elementor-top-column elementor-element elementor-element-5081c52\" data-id=\"5081c52\" data-element_type=\"column\">\n<div class=\"elementor-widget-wrap elementor-element-populated\">\n<div class=\"elementor-element elementor-element-d2c17df elementor-widget elementor-widget-martfury-banner-small\" data-id=\"d2c17df\" data-element_type=\"widget\" data-widget_type=\"martfury-banner-small.default\">\n<div class=\"elementor-widget-container\">\n<div class=\"mf-elementor-banner-small\">\n<div class=\"banner-featured-image\"><\/div>\n<p>\t\t\t                <a class=\"link\" href=\"https:\/\/mso.aidoll-japan.com\"><\/a><\/p>\n<div class=\"banner-content\">\n<h2 class=\"banner-title\">1500 Mini Love Dolls<\/p>\n<p>sexdollxxx. com<\/h2>\n<div class=\"banner-desc\">\n<p>60 cm, 80 cm, 100 cm,<\/p>\n<p>120 cm, 130 cm, 140 cm<\/p>\n<\/div>\n<div class=\"banner-price\"><span\n                                class=\"s-price\">sexdollxxx .com<\/span><\/div>\n<\/p><\/div>\n<\/p><\/div>\n<\/p><\/div>\n<\/p><\/div>\n<\/p><\/div>\n<\/p><\/div>\n<\/p><\/div>\n<\/section><\/div>","protected":false},"featured_media":21187,"comment_status":"open","ping_status":"closed","template":"","meta":[],"product_cat":[123,115,116,81],"product_tag":[],"class_list":{"0":"post-21125","1":"product","2":"type-product","3":"status-publish","4":"has-post-thumbnail","6":"product_cat-1000usd-1500usd-sex-dolls","7":"product_cat-161cm-170cm-sex-dolls","8":"product_cat-male-sex-dolls","9":"product_cat-tpe-sex-dolls","10":"tm-no-options","12":"first","13":"instock","14":"sale","15":"shipping-taxable","16":"purchasable","17":"product-type-simple","18":"col-xs-6 col-sm-4","19":"col-md-3 col-lg-3","20":"un-4-cols"},"yoast_head":"<!-- This site is optimized with the Yoast SEO Premium plugin v22.6 (Yoast SEO v22.9) - https:\/\/yoast.com\/wordpress\/plugins\/seo\/ -->\n<title>Japanese Male Sex Doll - Female Fucking Adult Male Sexy Sex Doll<\/title>\n<meta name=\"description\" content=\"This Japanese male sex\u00a0doll\u00a0knows he is cute and does not hesitate to show it. Buy female fucking adult male sexy sex doll\" \/>\n<meta name=\"robots\" content=\"index, follow, max-snippet:-1, max-image-preview:large, max-video-preview:-1\" \/>\n<link rel=\"canonical\" href=\"https:\/\/www.miisoo.com\/sv\/produkt\/adult-sexy-japanese-male-sex-doll\/\" \/>\n<meta property=\"og:locale\" content=\"sv_SE\" \/>\n<meta property=\"og:type\" content=\"article\" \/>\n<meta property=\"og:title\" content=\"Rickey - 165cm Adult Sexy Japanese Male Sex Doll\" \/>\n<meta property=\"og:description\" content=\"This Japanese male sex\u00a0doll\u00a0knows he is cute and does not hesitate to show it. Buy female fucking adult male sexy sex doll\" \/>\n<meta property=\"og:url\" content=\"https:\/\/www.miisoo.com\/sv\/produkt\/adult-sexy-japanese-male-sex-doll\/\" \/>\n<meta property=\"og:site_name\" content=\"MiisooDoll\" \/>\n<meta property=\"article:publisher\" content=\"https:\/\/www.facebook.com\/miisoodoll\" \/>\n<meta property=\"article:modified_time\" content=\"2022-01-07T03:07:26+00:00\" \/>\n<meta property=\"og:image\" content=\"https:\/\/www.miisoo.com\/wp-content\/uploads\/2022\/01\/male-silicone-dolls-2320.jpg\" \/>\n\t<meta property=\"og:image:width\" content=\"600\" \/>\n\t<meta property=\"og:image:height\" content=\"900\" \/>\n\t<meta property=\"og:image:type\" content=\"image\/jpeg\" \/>\n<meta name=\"twitter:card\" content=\"summary_large_image\" \/>\n<meta name=\"twitter:site\" content=\"@MiisooSexDolls\" \/>\n<meta name=\"twitter:label1\" content=\"Ber\u00e4knad l\u00e4stid\" \/>\n\t<meta name=\"twitter:data1\" content=\"2 minuter\" \/>\n<!-- \/ Yoast SEO Premium plugin. -->","yoast_head_json":{"title":"Japanese Male Sex Doll - Female Fucking Adult Male Sexy Sex Doll","description":"This Japanese male sex\u00a0doll\u00a0knows he is cute and does not hesitate to show it. Buy female fucking adult male sexy sex doll","robots":{"index":"index","follow":"follow","max-snippet":"max-snippet:-1","max-image-preview":"max-image-preview:large","max-video-preview":"max-video-preview:-1"},"canonical":"https:\/\/www.miisoo.com\/sv\/produkt\/adult-sexy-japanese-male-sex-doll\/","og_locale":"sv_SE","og_type":"article","og_title":"Rickey - 165cm Adult Sexy Japanese Male Sex Doll","og_description":"This Japanese male sex\u00a0doll\u00a0knows he is cute and does not hesitate to show it. Buy female fucking adult male sexy sex doll","og_url":"https:\/\/www.miisoo.com\/sv\/produkt\/adult-sexy-japanese-male-sex-doll\/","og_site_name":"MiisooDoll","article_publisher":"https:\/\/www.facebook.com\/miisoodoll","article_modified_time":"2022-01-07T03:07:26+00:00","og_image":[{"width":600,"height":900,"url":"https:\/\/www.miisoo.com\/wp-content\/uploads\/2022\/01\/male-silicone-dolls-2320.jpg","type":"image\/jpeg"}],"twitter_card":"summary_large_image","twitter_site":"@MiisooSexDolls","twitter_misc":{"Ber\u00e4knad l\u00e4stid":"2 minuter"},"schema":{"@context":"https:\/\/schema.org","@graph":[{"@type":"WebPage","@id":"https:\/\/www.miisoo.com\/product\/adult-sexy-japanese-male-sex-doll\/","url":"https:\/\/www.miisoo.com\/product\/adult-sexy-japanese-male-sex-doll\/","name":"Japanese Male Sex Doll - Female Fucking Adult Male Sexy Sex Doll","isPartOf":{"@id":"https:\/\/www.miisoo.com\/#website"},"primaryImageOfPage":{"@id":"https:\/\/www.miisoo.com\/product\/adult-sexy-japanese-male-sex-doll\/#primaryimage"},"image":{"@id":"https:\/\/www.miisoo.com\/product\/adult-sexy-japanese-male-sex-doll\/#primaryimage"},"thumbnailUrl":"https:\/\/www.miisoo.com\/wp-content\/uploads\/2022\/01\/male-silicone-dolls-2320.jpg","datePublished":"2022-01-05T11:57:54+00:00","dateModified":"2022-01-07T03:07:26+00:00","description":"This Japanese male sex\u00a0doll\u00a0knows he is cute and does not hesitate to show it. Buy female fucking adult male sexy sex doll","breadcrumb":{"@id":"https:\/\/www.miisoo.com\/product\/adult-sexy-japanese-male-sex-doll\/#breadcrumb"},"inLanguage":"sv-SE","potentialAction":[{"@type":"ReadAction","target":["https:\/\/www.miisoo.com\/product\/adult-sexy-japanese-male-sex-doll\/"]}]},{"@type":"ImageObject","inLanguage":"sv-SE","@id":"https:\/\/www.miisoo.com\/product\/adult-sexy-japanese-male-sex-doll\/#primaryimage","url":"https:\/\/www.miisoo.com\/wp-content\/uploads\/2022\/01\/male-silicone-dolls-2320.jpg","contentUrl":"https:\/\/www.miisoo.com\/wp-content\/uploads\/2022\/01\/male-silicone-dolls-2320.jpg","width":600,"height":900,"caption":"Rickey \u2013 165cm Adult Sexy Japanese Male Sex Doll"},{"@type":"BreadcrumbList","@id":"https:\/\/www.miisoo.com\/product\/adult-sexy-japanese-male-sex-doll\/#breadcrumb","itemListElement":[{"@type":"ListItem","position":1,"name":"Home","item":"https:\/\/www.miisoo.com\/"},{"@type":"ListItem","position":2,"name":"Sex Doll Shop","item":"https:\/\/www.miisoo.com\/shop\/"},{"@type":"ListItem","position":3,"name":"Rickey &#8211; 165cm Adult Sexy Japanese Male Sex Doll"}]},{"@type":"WebSite","@id":"https:\/\/www.miisoo.com\/#website","url":"https:\/\/www.miisoo.com\/","name":"MiisooDoll","description":"Sexual Doll, Real Sex Dolls, Love Doll, Best Sex Dolls","publisher":{"@id":"https:\/\/www.miisoo.com\/#organization"},"potentialAction":[{"@type":"SearchAction","target":{"@type":"EntryPoint","urlTemplate":"https:\/\/www.miisoo.com\/?s={search_term_string}"},"query-input":"required name=search_term_string"}],"inLanguage":"sv-SE"},{"@type":"Organization","@id":"https:\/\/www.miisoo.com\/#organization","name":"MiisooDoll","url":"https:\/\/www.miisoo.com\/","logo":{"@type":"ImageObject","inLanguage":"sv-SE","@id":"https:\/\/www.miisoo.com\/#\/schema\/logo\/image\/","url":"https:\/\/www.miisoo.com\/wp-content\/uploads\/2020\/09\/logo-botton.png","contentUrl":"https:\/\/www.miisoo.com\/wp-content\/uploads\/2020\/09\/logo-botton.png","width":181,"height":42,"caption":"MiisooDoll"},"image":{"@id":"https:\/\/www.miisoo.com\/#\/schema\/logo\/image\/"},"sameAs":["https:\/\/www.facebook.com\/miisoodoll","https:\/\/x.com\/MiisooSexDolls"]}]}},"_links":{"self":[{"href":"https:\/\/www.miisoo.com\/sv\/wp-json\/wp\/v2\/product\/21125","targetHints":{"allow":["GET"]}}],"collection":[{"href":"https:\/\/www.miisoo.com\/sv\/wp-json\/wp\/v2\/product"}],"about":[{"href":"https:\/\/www.miisoo.com\/sv\/wp-json\/wp\/v2\/types\/product"}],"replies":[{"embeddable":true,"href":"https:\/\/www.miisoo.com\/sv\/wp-json\/wp\/v2\/comments?post=21125"}],"version-history":[{"count":6,"href":"https:\/\/www.miisoo.com\/sv\/wp-json\/wp\/v2\/product\/21125\/revisions"}],"predecessor-version":[{"id":21585,"href":"https:\/\/www.miisoo.com\/sv\/wp-json\/wp\/v2\/product\/21125\/revisions\/21585"}],"wp:featuredmedia":[{"embeddable":true,"href":"https:\/\/www.miisoo.com\/sv\/wp-json\/wp\/v2\/media\/21187"}],"wp:attachment":[{"href":"https:\/\/www.miisoo.com\/sv\/wp-json\/wp\/v2\/media?parent=21125"}],"wp:term":[{"taxonomy":"product_cat","embeddable":true,"href":"https:\/\/www.miisoo.com\/sv\/wp-json\/wp\/v2\/product_cat?post=21125"},{"taxonomy":"product_tag","embeddable":true,"href":"https:\/\/www.miisoo.com\/sv\/wp-json\/wp\/v2\/product_tag?post=21125"}],"curies":[{"name":"wp","href":"https:\/\/api.w.org\/{rel}","templated":true}]}}