{"id":4358,"date":"2020-09-14T15:34:47","date_gmt":"2020-09-14T07:34:47","guid":{"rendered":"http:\/\/miisoo.com\/?page_id=4358"},"modified":"2023-12-22T20:17:14","modified_gmt":"2023-12-22T12:17:14","slug":"terms-conditions","status":"publish","type":"page","link":"https:\/\/www.miisoo.com\/sv\/terms-conditions\/","title":{"rendered":"Villkor"},"content":{"rendered":"<div data-elementor-type=\"wp-page\" data-elementor-id=\"4358\" class=\"elementor elementor-4358\" data-elementor-post-type=\"page\">\n\t\t\t\t\t\t<section class=\"elementor-section elementor-top-section elementor-element elementor-element-c76458e elementor-section-boxed elementor-section-height-default elementor-section-height-default\" data-id=\"c76458e\" data-element_type=\"section\">\n\t\t\t\t\t\t<div class=\"elementor-container elementor-column-gap-default\">\n\t\t\t\t\t<div class=\"elementor-column elementor-col-25 elementor-top-column elementor-element elementor-element-8b5e8e1\" data-id=\"8b5e8e1\" data-element_type=\"column\">\n\t\t\t<div class=\"elementor-widget-wrap\">\n\t\t\t\t\t\t\t<\/div>\n\t\t<\/div>\n\t\t\t\t<div class=\"elementor-column elementor-col-50 elementor-top-column elementor-element elementor-element-5afa608\" data-id=\"5afa608\" data-element_type=\"column\">\n\t\t\t<div class=\"elementor-widget-wrap elementor-element-populated\">\n\t\t\t\t\t\t<div class=\"elementor-element elementor-element-1111958 elementor-widget elementor-widget-text-editor\" data-id=\"1111958\" data-element_type=\"widget\" data-widget_type=\"text-editor.default\">\n\t\t\t\t<div class=\"elementor-widget-container\">\n\t\t\t\t\t\t\t\t\t<p>Att komma \u00e5t, surfa eller p\u00e5 annat s\u00e4tt anv\u00e4nda webbplatsen indikerar ditt samtycke till alla villkor och villkor i detta avtal. L\u00e4s detta avtal noggrant innan du forts\u00e4tter.<\/p><p><strong>Anv\u00e4ndning av webbplatsen:<\/strong><\/p><p>Du intygar och garanterar att du \u00e4r minst 18 \u00e5r gammal eller bes\u00f6ker webbplatsen under \u00f6verinseende av en f\u00f6r\u00e4lder eller v\u00e5rdnadshavare. I enlighet med villkoren i detta avtal ger miisoo.com dig h\u00e4rmed en begr\u00e4nsad, \u00e5terkallbar, icke-\u00f6verl\u00e5tbar och icke-exklusiv licens att f\u00e5 tillg\u00e5ng till och anv\u00e4nda webbplatsen genom att visa den i din webbl\u00e4sare endast i syfte att handla personligt f\u00f6rem\u00e5l som s\u00e4ljs p\u00e5 webbplatsen och inte f\u00f6r n\u00e5gon kommersiell anv\u00e4ndning eller anv\u00e4ndning p\u00e5 uppdrag av n\u00e5gon tredje part, f\u00f6rutom vad som uttryckligen till\u00e5ts av miisoo.com i f\u00f6rv\u00e4g. Varje brott mot detta avtal kommer att resultera i omedelbar \u00e5terkallelse av licensen som beviljats i denna paragraf utan meddelande till dig.<\/p><p>F\u00f6rutom vad som \u00e4r till\u00e5tet i stycket ovan f\u00e5r du inte reproducera, distribuera, visa, s\u00e4lja, leasa, \u00f6verf\u00f6ra, skapa h\u00e4rledda verk fr\u00e5n, \u00f6vers\u00e4tta, modifiera, bak\u00e5tkonstruera, demontera, dekompilera eller p\u00e5 annat s\u00e4tt utnyttja denna webbplats eller n\u00e5gon del av den om inte uttryckligen till\u00e5tet av miisoo.com skriftligen. Du f\u00e5r inte g\u00f6ra n\u00e5gon kommersiell anv\u00e4ndning av n\u00e5gon av informationen som tillhandah\u00e5lls p\u00e5 webbplatsen eller g\u00f6ra n\u00e5gon anv\u00e4ndning av webbplatsen till f\u00f6rm\u00e5n f\u00f6r andra f\u00f6retag s\u00e5vida det inte uttryckligen till\u00e5ts av miisoo.com i f\u00f6rv\u00e4g. miisoo.com f\u00f6rbeh\u00e5ller sig r\u00e4tten att v\u00e4gra service, avsluta konton och\/eller avbryta best\u00e4llningar efter eget gottfinnande, inklusive, utan begr\u00e4nsning, om miisoo.com anser att kundbeteende bryter mot till\u00e4mplig lag eller \u00e4r skadligt f\u00f6r miisoo.coms intressen.<\/p><p>Du kommer att vara ensam ansvarig f\u00f6r all \u00e5tkomst till och anv\u00e4ndning av denna webbplats av alla som anv\u00e4nder l\u00f6senordet och identifieringen som ursprungligen tilldelats dig oavsett om s\u00e5dan \u00e5tkomst till och anv\u00e4ndning av denna webbplats faktiskt \u00e4r auktoriserad av dig, inklusive utan begr\u00e4nsning, all kommunikation och \u00f6verf\u00f6ringar och alla f\u00f6rpliktelser (inklusive, utan begr\u00e4nsning, ekonomiska f\u00f6rpliktelser) som uppst\u00e5r genom s\u00e5dan \u00e5tkomst eller anv\u00e4ndning. Du \u00e4r ensam ansvarig f\u00f6r att skydda s\u00e4kerheten och sekretessen f\u00f6r l\u00f6senordet och identifieringen som tilldelats dig. Du ska omedelbart meddela miisoo.com om all obeh\u00f6rig anv\u00e4ndning av ditt l\u00f6senord eller din identifiering eller n\u00e5got annat brott eller hot om denna webbplatss s\u00e4kerhet.<\/p><p>Om inte annat anges p\u00e5 annat h\u00e5ll i detta avtal eller p\u00e5 webbplatsen, allt som du skickar in eller l\u00e4gger upp p\u00e5 webbplatsen och\/eller tillhandah\u00e5ller miisoo.com, inklusive, utan begr\u00e4nsning, id\u00e9er, know-how, tekniker, fr\u00e5gor, recensioner, kommentarer och f\u00f6rslag (kollektivt, &quot;Inskickningar&quot;) \u00e4r och kommer att behandlas som icke-konfidentiella och icke-\u00e4gander\u00e4ttsskyddade, och genom att skicka in eller posta, samtycker du till att o\u00e5terkalleligt licensiera inl\u00e4gget och alla IP-r\u00e4ttigheter relaterade till det (exklusive moraliska r\u00e4ttigheter s\u00e5som upphovsr\u00e4tt) till miisoo.com utan kostnad och miisoo.com ska ha den royaltyfria, v\u00e4rldsomsp\u00e4nnande, eviga, o\u00e5terkalleliga och \u00f6verl\u00e5tbara r\u00e4tten att anv\u00e4nda, kopiera, distribuera, visa, publicera, utf\u00f6ra, s\u00e4lja, leasa, \u00f6verf\u00f6ra, anpassa, skapa h\u00e4rledda verk fr\u00e5n s\u00e5dana inl\u00e4mningar p\u00e5 vilket s\u00e4tt och i vilken form som helst, och att \u00f6vers\u00e4tta, modifiera, bak\u00e5tkonstruera, demontera eller dekompilera s\u00e5dana inl\u00e4gg. Alla bidrag kommer automatiskt att bli miisoo.coms enda och exklusiva egendom och ska inte returneras till dig och du samtycker till att inte ta upp n\u00e5gon tvist i samband med n\u00e5gon anv\u00e4ndning av inl\u00e4gget av miisoo.com i framtiden.<\/p><p>Du garanterar att dina bidrag, helt eller delvis, \u00e4r tydliga och fria fr\u00e5n intr\u00e5ng i IP-r\u00e4ttigheter, tvister eller anspr\u00e5k fr\u00e5n tredje part. miisoo.com tar inget ansvar f\u00f6r eventuellt missbruk av upphovsr\u00e4tten eller andra r\u00e4ttigheter som tillh\u00f6r tredje part av dig. Du \u00e5tar dig att f\u00f6rsvara och h\u00e5lla sponsorn skadesl\u00f6s mot f\u00f6rluster som orsakas p\u00e5 grund av anv\u00e4ndningen av bidragen f\u00f6r n\u00e5got syfte.<\/p><p>Ut\u00f6ver de r\u00e4ttigheter som \u00e4r till\u00e4mpliga p\u00e5 alla inl\u00e4mningar, n\u00e4r du postar kommentarer eller recensioner p\u00e5 webbplatsen, ger du ocks\u00e5 miisoo.com r\u00e4tten att anv\u00e4nda namnet som du skickar med en recension, kommentar eller annat inneh\u00e5ll, om n\u00e5got, i samband med med s\u00e5dan recension, kommentar eller annat inneh\u00e5ll. Du representerar och garanterar att du \u00e4ger eller p\u00e5 annat s\u00e4tt kontrollerar alla r\u00e4ttigheter till recensioner, kommentarer och annat inneh\u00e5ll som du publicerar p\u00e5 denna webbplats och att anv\u00e4ndningen av dina recensioner, kommentarer eller annat inneh\u00e5ll av miisoo.com inte kommer att g\u00f6ra intr\u00e5ng p\u00e5 eller kr\u00e4nka n\u00e5gon tredje parts r\u00e4ttigheter. Du f\u00e5r inte anv\u00e4nda en falsk e-postadress, l\u00e5tsas vara n\u00e5gon annan \u00e4n dig sj\u00e4lv, eller p\u00e5 annat s\u00e4tt vilseleda miisoo.com eller tredje part ang\u00e5ende ursprunget till n\u00e5gra inl\u00e4mningar eller inneh\u00e5ll. miisoo.com kan, men ska inte vara skyldigt att ta bort eller redigera inl\u00e4gg (inklusive kommentarer eller recensioner) av n\u00e5gon anledning.<\/p><p><strong>upphovsr\u00e4tt<\/strong><\/p><p>All text, grafik, fotografier eller andra bilder, knappikoner, ljudklipp, logotyper, slogans, handelsnamn eller ordprogramvara och annat inneh\u00e5ll p\u00e5 webbplatsen f\u00f6r miisoo.com (sammantaget, &quot;Inneh\u00e5ll&quot;), tillh\u00f6r exklusivt miisoo.com eller dess l\u00e4mpliga inneh\u00e5llsleverant\u00f6rer. Du f\u00e5r inte anv\u00e4nda, reproducera, kopiera, modifiera, \u00f6verf\u00f6ra, visa, publicera, s\u00e4lja, licensiera, offentligt utf\u00f6ra, distribuera eller kommersiellt utnyttja n\u00e5got av inneh\u00e5llet eller p\u00e5 annat s\u00e4tt g\u00f6ra dig av med n\u00e5got av inneh\u00e5llet p\u00e5 ett s\u00e4tt som inte \u00e4r till\u00e5tet av miisoo.com, utan miisoo.coms uttryckliga skriftliga medgivande i f\u00f6rv\u00e4g. Anv\u00e4ndningen av datautvinning, robotar eller liknande datainsamlings- och extraheringsverktyg p\u00e5 miisoo.com samt anv\u00e4ndningen av miisoo.coms varum\u00e4rken eller servicem\u00e4rken i metataggar \u00e4r str\u00e4ngt f\u00f6rbjudet. Du f\u00e5r endast se och anv\u00e4nda inneh\u00e5llet f\u00f6r din personliga information och f\u00f6r shopping och best\u00e4llningar p\u00e5 webbplatsen och f\u00f6r inget annat \u00e4ndam\u00e5l. Om du r\u00e5kar st\u00f6ta p\u00e5 n\u00e5got av v\u00e5rt inneh\u00e5ll som finns p\u00e5 en tredjepartswebbplats, tveka inte att kontakta oss p\u00e5: service@miisoo.com. Du kan ocks\u00e5 n\u00e5 oss via telefon p\u00e5 010-56920098 07.00-16.00 Peking lokal tid, eller per post p\u00e5: Diantong Shidai Guangchang Building #2 Suite D, 7 Jiuxianqiao Beilu, Chaoyang District, Peking, Kina. Insamlingen, arrangemanget och sammans\u00e4ttningen av allt inneh\u00e5ll p\u00e5 denna webbplats (&quot;Kompilationen&quot;) tillh\u00f6r exklusivt miisoo.com. Du f\u00e5r inte anv\u00e4nda miisoo.coms inneh\u00e5ll eller sammanst\u00e4llning p\u00e5 n\u00e5got s\u00e4tt som neds\u00e4tter eller misskrediterar miisoo.com eller p\u00e5 n\u00e5got s\u00e4tt som kan orsaka f\u00f6rvirring eller brott mot till\u00e4mpliga lagar eller f\u00f6rordningar. All programvara som anv\u00e4nds p\u00e5 denna webbplats (&quot;Programvaran&quot;) tillh\u00f6r miisoo.com och\/eller dess programvaruleverant\u00f6rer. Inneh\u00e5llet, kompileringen och programvaran \u00e4r alla skyddade enligt statliga, nationella och internationella upphovsr\u00e4ttslagar. Alla r\u00e4ttigheter som inte uttryckligen beviljas \u00e4r reserverade av miisoo.com. \u00d6vertr\u00e4dare kommer att \u00e5talas i hela lagens omfattning.<\/p><p>miisoo.com erk\u00e4nner och respekterar alla upphovsr\u00e4tter och varum\u00e4rken. Som s\u00e5dan har all anv\u00e4ndning av tv, film, musik, filmfestival eller andra namn eller titlar ingen koppling till miisoo.com och \u00e4r ensam egendom av upphovsr\u00e4tts- eller varum\u00e4rkesinnehavare. V\u00e5ra kl\u00e4nningar \u00e4r inspirerade av k\u00e4ndisstil och \u00e4r v\u00e5ra \u00e5terskapningar av f\u00f6rem\u00e5l som b\u00e4rs av k\u00e4ndisarna p\u00e5 dina favorit-tv-program och p\u00e5 r\u00f6da mattan, men de \u00e4r inte auktoriserade, godk\u00e4nda av eller kopplade till dessa program p\u00e5 n\u00e5got s\u00e4tt och \u00e4r inte avsedda som intr\u00e5ng registrerade varum\u00e4rken eller upphovsr\u00e4tter.<\/p><p><strong>Policy f\u00f6r intr\u00e5ng i immateriella r\u00e4ttigheter<\/strong><\/p><p>Det \u00e4r miisoo.coms policy att vid behov vidta l\u00e4mpliga \u00e5tg\u00e4rder f\u00f6r att uppr\u00e4tth\u00e5lla och erk\u00e4nna alla relevanta statliga, federala och internationella lagar i samband med material som p\u00e5st\u00e5s g\u00f6ra intr\u00e5ng i varum\u00e4rken, upphovsr\u00e4tter, patent och alla eller andra immateriella lagar. . Om du \u00e4r \u00e4gare av immateriella r\u00e4ttigheter och du tror att miisoo.com s\u00e4ljer, erbjuder till f\u00f6rs\u00e4ljning eller tillhandah\u00e5ller varor och\/eller tj\u00e4nster som g\u00f6r intr\u00e5ng i dina immateriella r\u00e4ttigheter, skicka d\u00e5 f\u00f6ljande information i sin helhet till service@miisoo.com<br \/><strong>Information kr\u00e4vs<\/strong><br \/>1. En elektronisk eller fysisk signatur av den person som \u00e4r beh\u00f6rig att agera p\u00e5 uppdrag av \u00e4garen av en exklusiv som p\u00e5st\u00e5s ha gjorts intr\u00e5ng;<br \/>2. En beskrivning av det arbete eller material som p\u00e5st\u00e5s g\u00f6ra intr\u00e5ng;<br \/>3. En beskrivning av var det p\u00e5st\u00e5dda intr\u00e5ngsmaterialet finns p\u00e5 webbplatsen (webbadresser till produkter);<br \/>4. Information som rimligen \u00e4r tillr\u00e4cklig f\u00f6r att vi ska kunna kontakta dig, s\u00e5som din adress, telefonnummer och e-postadress;<br \/>5. Ett uttalande fr\u00e5n dig om att du i god tro tror att den omtvistade anv\u00e4ndningen av materialet inte \u00e4r auktoriserad av upphovsr\u00e4tts- eller annan \u00e4gander\u00e4ttsinnehavare, dess ombud eller lagen;<br \/>6. Identifiering av de immateriella r\u00e4ttigheter som du h\u00e4vdar kr\u00e4nks av webbplatsen (t.ex. &quot;XYZ copyright&quot;, &quot;ABC varum\u00e4rke, reg. nr. 123456, registrerat 1\/1\/04&quot;, etc); och<br \/>7. Ett uttalande fr\u00e5n dig om att ovanst\u00e5ende information och meddelande \u00e4r korrekt, och under p\u00e5f\u00f6ljd av mened, att du \u00e4r upphovsr\u00e4ttsinnehavaren eller auktoriserad att agera p\u00e5 uppdrag av \u00e4garen vars exklusiva r\u00e4tt p\u00e5st\u00e5s ha kr\u00e4nkts.<\/p><p><strong>Upps\u00e4gning och verkan av upps\u00e4gning<\/strong><\/p><p>Ut\u00f6ver alla andra r\u00e4ttsliga eller sk\u00e4liga \u00e5tg\u00e4rder kan miisoo.com, utan f\u00f6reg\u00e5ende meddelande till dig, omedelbart s\u00e4ga upp avtalet eller \u00e5terkalla n\u00e5gon eller alla av dina r\u00e4ttigheter som beviljats enligt detta avtal. Vid upps\u00e4gning av detta avtal ska du omedelbart upph\u00f6ra med all \u00e5tkomst till och anv\u00e4ndning av webbplatsen och miisoo.com ska, ut\u00f6ver alla andra r\u00e4ttsliga eller sk\u00e4liga \u00e5tg\u00e4rder, omedelbart \u00e5terkalla alla l\u00f6senord och kontoidentifiering som utf\u00e4rdats till dig och neka din \u00e5tkomst till och anv\u00e4ndning av denna webbplats helt eller delvis. Varje upps\u00e4gning av detta avtal ska inte p\u00e5verka parternas respektive r\u00e4ttigheter och skyldigheter (inklusive utan begr\u00e4nsning betalningsskyldigheter) som uppst\u00e5r f\u00f6re upps\u00e4gningsdatumet.<\/p><p><strong>Friskrivningsklausul och ansvarsbegr\u00e4nsning<\/strong><\/p><p>UTOM SOM ANNAT S\u00c4KER I STANDARD F\u00d6RS\u00c4LJNINGSVILLKOR SOM STYR SAMMA F\u00d6R VARJE PRODUKT P\u00c5 DENNA WEBBPLATS, TILLHANDAH\u00c5LLS DENNA WEBBPLATS, PRODUKTERNA SOM ERBJUDS TILL SALU P\u00c5 DEN OCH TRANSAKTIONERNA SOM G\u00d6R GENOM DEN TILLHANDAH\u00c5LLS AV B miisoo.com. . miisoo.com G\u00d6R INGA PRESENTATIONER ELLER GARANTIER AV N\u00c5GOT SLAG, UTTRYCKTA ELLER UNDERF\u00d6RST\u00c5DDA, ANG\u00c5ENDE FUNKTIONEN AV WEBBPLATSENS ELLER INFORMATIONEN, INNEH\u00c5LLET, MATERIAL ELLER PRODUKTERNA SOM ING\u00c5R P\u00c5 DENNA WEBBPLATS UTOM SOM ANGES H\u00c4R TILL APPLIKATIONEN miisoo.com AVS\u00c4KER FR\u00c5N ALLA GARANTIER, UTTRYCKTA ELLER UNDERF\u00d6RST\u00c5DDA, INKLUSIVE, MEN INTE BEGR\u00c4NSADE TILL, UNDERF\u00d6RST\u00c5DDA GARANTIER OM S\u00c4LJBARHET OCH L\u00c4MPLIGHET F\u00d6R ETT S\u00c4RSKILT \u00c4NDAM\u00c5L, ICKE INTR\u00c4NGNING, TITEL, TYST SYSTEM, UTBYTNING. DENNA WEBBPLATS KAN INNEH\u00c5LLA ONEXAKTIGHETER, FEL ELLER TYPOGRAFISKA FEL. miisoo.com GARANTERAR INTE ATT INNEH\u00c5LLET KOMMER ATT VARA AVBROTT ELLER FELFRIT. I DEN MAXIMALA OMFATTNING SOM TILL\u00c5TS ENLIGT LAG, KOMMER miisoo.com INTE ANSVARIGT F\u00d6R N\u00c5GOT SKADOR AV N\u00c5GOT SLAG SOM UPPST\u00c5R FR\u00c5N ANV\u00c4NDNING AV DENNA WEBBPLATS, INKLUSIVE, MEN INTE BEGR\u00c4NSAT TILL, INDIREKTA OAVSIKTLIGA, STRAFFANDE, EXEMPLARISKA, S\u00c4RSKILDA, S\u00c4RSKILDA. I DEN MAXIMALA UTSTR\u00c4CKNING SOM TILL\u00c5TS ENLIGT TILL\u00c4MPLIG LAG SKA miisoo.coms TOTALA ANSVAR MOT DIG F\u00d6R EVENTUELLA SKADOR (OAVSETT GRUNDEN F\u00d6R \u00c5TG\u00c4RDEN) INTE \u00d6VERSKRIVA I DET SAMMALADE AVGIFTERNA SOM FAKTISKT BETALAS AV DIG. F\u00d6REG\u00c5ENDE AKTEN SOM P\u00c5ST\u00c5R GER UPPF\u00d6LJANDE TILL miisoo.coms ANSVAR.<\/p><p><strong>Best\u00e4llningsacceptans<\/strong><\/p><p>Observera att det kan finnas vissa best\u00e4llningar som vi inte kan acceptera och m\u00e5ste avbryta. miisoo.com f\u00f6rbeh\u00e5ller sig r\u00e4tten att, efter eget gottfinnande, v\u00e4gra eller avbryta en best\u00e4llning av n\u00e5gon anledning. Vissa situationer som kan leda till att din best\u00e4llning annulleras inkluderar begr\u00e4nsningar av kvantiteter tillg\u00e4ngliga f\u00f6r k\u00f6p, felaktigheter eller fel i produkt- eller prisinformation eller problem som identifierats av v\u00e5r kredit- och bedr\u00e4geriundvikande avdelning. Vi kan ocks\u00e5 kr\u00e4va ytterligare verifieringar eller information innan vi accepterar en best\u00e4llning. Vi kommer att kontakta dig om hela eller delar av din best\u00e4llning annulleras eller om ytterligare information kr\u00e4vs f\u00f6r att acceptera din best\u00e4llning.<\/p><p><strong>\u00c4gander\u00e4tts\u00f6verf\u00f6ring<\/strong><\/p><p>\u00c4gander\u00e4tten till produkterna i din best\u00e4llning kommer att \u00f6verf\u00f6ras till dig n\u00e4r produkterna l\u00e4mnar v\u00e5rt lager och levereras till transport\u00f6ren f\u00f6r leverans till en adress som du angett i best\u00e4llningen. Alla ansvar och risker f\u00f6r produkterna kommer ocks\u00e5 att \u00f6verf\u00f6ras till dig vid den tidpunkten. Genom att g\u00f6ra en best\u00e4llning p\u00e5 denna webbplats godk\u00e4nner du MIISOO LIMITED att anlita tredjepartsfrakttj\u00e4nster f\u00f6r din r\u00e4kning.<\/p><p><strong>Typografiska fel<\/strong><\/p><p>Medan miisoo.com str\u00e4var efter att tillhandah\u00e5lla korrekt produkt- och prisinformation, kan priss\u00e4ttning eller typografiska fel uppst\u00e5. miisoo.com kan inte bekr\u00e4fta priset p\u00e5 en vara f\u00f6rr\u00e4n efter att du best\u00e4llt. I h\u00e4ndelse av att en vara listad till ett felaktigt pris eller med felaktig information p\u00e5 grund av ett fel i priss\u00e4ttning eller produktinformation, ska miisoo.com ha r\u00e4tt att, efter eget gottfinnande, v\u00e4gra eller annullera alla best\u00e4llningar som gjorts f\u00f6r den varan. I h\u00e4ndelse av att en vara \u00e4r felaktigt prissatt kan miisoo.com, efter v\u00e5rt gottfinnande, antingen kontakta dig f\u00f6r instruktioner eller annullera din best\u00e4llning och meddela dig om s\u00e5dan annullering.<\/p><p><strong>Priss\u00e4ttning i olika valutor<\/strong><\/p><p>Priss\u00e4ttning av produkter som s\u00e4ljs av miisoo.com baseras p\u00e5 siffror ber\u00e4knade i US-dollar (US$). Priser som visas i andra valutor konverteras fr\u00e5n US-dollar enligt de senaste omr\u00e4kningskurserna. P\u00e5 grund av fluktuerande valutav\u00e4rden kan det h\u00e4nda att priser som visas i icke-amerikanska valutaval\u00f6rer p\u00e5 webbplatsen, f\u00f6rutom p\u00e5 den individuella produktsidan, inte \u00e4r de mest aktuella. Omr\u00e5den p\u00e5 webbplatsen d\u00e4r valutaval\u00f6rer utanf\u00f6r USA kan vara felaktiga inkluderar men \u00e4r inte begr\u00e4nsade till reklambanners, reklamsidor och information om produktkategorisidor. Priset som visas p\u00e5 en enskild produktsida, oavsett valutaval\u00f6r, \u00e4r det aktuella priset du \u00e4r skyldig att betala till miisoo.com, inklusive frakt.<\/p><p>Denna webbplats kan inneh\u00e5lla l\u00e4nkar till andra webbplatser p\u00e5 Internet som \u00e4gs och drivs av tredje part. Du bekr\u00e4ftar att miisoo.com inte \u00e4r ansvarig f\u00f6r driften av eller inneh\u00e5ll som finns p\u00e5 eller via n\u00e5gon s\u00e5dan webbplats.<br \/>botemedel<\/p><p>Du samtycker till att miisoo.coms r\u00e4ttsmedel enligt lag f\u00f6r eventuella faktiska eller hotade brott mot detta avtal skulle vara otillr\u00e4ckliga och att miisoo.com ska ha r\u00e4tt till specifik prestation eller f\u00f6rel\u00e4ggande, eller b\u00e5dadera, ut\u00f6ver eventuella skador som miisoo.com kan vara lagligen ber\u00e4ttigad att \u00e5terkr\u00e4va, tillsammans med rimliga kostnader f\u00f6r n\u00e5gon form av tvistl\u00f6sning, inklusive, utan begr\u00e4nsning, advokatarvoden.<\/p><p>Ingen r\u00e4tt eller gottg\u00f6relse fr\u00e5n miisoo.com ska vara exklusiva f\u00f6r n\u00e5gon annan, vare sig enligt lag eller i r\u00e4ttvisa, inklusive, utan begr\u00e4nsning, skadest\u00e5ndsf\u00f6rel\u00e4ggande, advokatarvoden och utgifter.<\/p>\t\t\t\t\t\t\t\t<\/div>\n\t\t\t\t<\/div>\n\t\t\t\t\t<\/div>\n\t\t<\/div>\n\t\t\t\t<div class=\"elementor-column elementor-col-25 elementor-top-column elementor-element elementor-element-df603f8\" data-id=\"df603f8\" data-element_type=\"column\">\n\t\t\t<div class=\"elementor-widget-wrap\">\n\t\t\t\t\t\t\t<\/div>\n\t\t<\/div>\n\t\t\t\t\t<\/div>\n\t\t<\/section>\n\t\t\t\t<\/div>","protected":false},"excerpt":{"rendered":"<p>Att komma \u00e5t, surfa eller p\u00e5 annat s\u00e4tt anv\u00e4nda webbplatsen indikerar ditt samtycke till alla villkor i detta avtal. L\u00e4s detta avtal noggrant innan du forts\u00e4tter. Anv\u00e4ndning av webbplatsen: Du intygar och garanterar att du \u00e4r minst 18 \u00e5r gammal eller bes\u00f6ker webbplatsen under \u00f6verinseende av en f\u00f6r\u00e4lder eller v\u00e5rdnadshavare. Med f\u00f6rbeh\u00e5ll f\u00f6r...<\/p>","protected":false},"author":455,"featured_media":0,"parent":0,"menu_order":0,"comment_status":"closed","ping_status":"open","template":"","meta":{"footnotes":""},"class_list":["post-4358","page","type-page","status-publish","hentry"],"yoast_head":"<!-- This site is optimized with the Yoast SEO Premium plugin v22.6 (Yoast SEO v22.9) - https:\/\/yoast.com\/wordpress\/plugins\/seo\/ -->\n<title>Terms &amp; Conditions |Cheap Real Sex Dolls | Miisoo<\/title>\n<meta name=\"description\" content=\"Review Miisoo&#039;s Transparent Terms &amp; Conditions. Shop Confidently for Cheap Real Sex Dolls. Your Satisfaction, Our Commitment at Miisoo. Check It Online Now\" \/>\n<meta name=\"robots\" content=\"index, follow, max-snippet:-1, max-image-preview:large, max-video-preview:-1\" \/>\n<link rel=\"canonical\" href=\"https:\/\/www.miisoo.com\/sv\/terms-conditions\/\" \/>\n<meta property=\"og:locale\" content=\"sv_SE\" \/>\n<meta property=\"og:type\" content=\"article\" \/>\n<meta property=\"og:title\" content=\"Terms and Conditions\" \/>\n<meta property=\"og:description\" content=\"Review Miisoo&#039;s Transparent Terms &amp; Conditions. Shop Confidently for Cheap Real Sex Dolls. Your Satisfaction, Our Commitment at Miisoo. Check It Online Now\" \/>\n<meta property=\"og:url\" content=\"https:\/\/www.miisoo.com\/sv\/terms-conditions\/\" \/>\n<meta property=\"og:site_name\" content=\"MiisooDoll\" \/>\n<meta property=\"article:publisher\" content=\"https:\/\/www.facebook.com\/miisoodoll\" \/>\n<meta property=\"article:modified_time\" content=\"2023-12-22T12:17:14+00:00\" \/>\n<meta name=\"twitter:card\" content=\"summary_large_image\" \/>\n<meta name=\"twitter:site\" content=\"@MiisooSexDolls\" \/>\n<meta name=\"twitter:label1\" content=\"Ber\u00e4knad l\u00e4stid\" \/>\n\t<meta name=\"twitter:data1\" content=\"10 minuter\" \/>\n<!-- \/ Yoast SEO Premium plugin. -->","yoast_head_json":{"title":"Terms & Conditions |Cheap Real Sex Dolls | Miisoo","description":"Review Miisoo's Transparent Terms & Conditions. Shop Confidently for Cheap Real Sex Dolls. Your Satisfaction, Our Commitment at Miisoo. Check It Online Now","robots":{"index":"index","follow":"follow","max-snippet":"max-snippet:-1","max-image-preview":"max-image-preview:large","max-video-preview":"max-video-preview:-1"},"canonical":"https:\/\/www.miisoo.com\/sv\/terms-conditions\/","og_locale":"sv_SE","og_type":"article","og_title":"Terms and Conditions","og_description":"Review Miisoo's Transparent Terms & Conditions. Shop Confidently for Cheap Real Sex Dolls. Your Satisfaction, Our Commitment at Miisoo. Check It Online Now","og_url":"https:\/\/www.miisoo.com\/sv\/terms-conditions\/","og_site_name":"MiisooDoll","article_publisher":"https:\/\/www.facebook.com\/miisoodoll","article_modified_time":"2023-12-22T12:17:14+00:00","twitter_card":"summary_large_image","twitter_site":"@MiisooSexDolls","twitter_misc":{"Ber\u00e4knad l\u00e4stid":"10 minuter"},"schema":{"@context":"https:\/\/schema.org","@graph":[{"@type":"WebPage","@id":"https:\/\/www.miisoo.com\/terms-conditions\/","url":"https:\/\/www.miisoo.com\/terms-conditions\/","name":"Terms & Conditions |Cheap Real Sex Dolls | Miisoo","isPartOf":{"@id":"https:\/\/www.miisoo.com\/#website"},"datePublished":"2020-09-14T07:34:47+00:00","dateModified":"2023-12-22T12:17:14+00:00","description":"Review Miisoo's Transparent Terms & Conditions. Shop Confidently for Cheap Real Sex Dolls. Your Satisfaction, Our Commitment at Miisoo. Check It Online Now","breadcrumb":{"@id":"https:\/\/www.miisoo.com\/terms-conditions\/#breadcrumb"},"inLanguage":"sv-SE","potentialAction":[{"@type":"ReadAction","target":["https:\/\/www.miisoo.com\/terms-conditions\/"]}]},{"@type":"BreadcrumbList","@id":"https:\/\/www.miisoo.com\/terms-conditions\/#breadcrumb","itemListElement":[{"@type":"ListItem","position":1,"name":"Home","item":"https:\/\/www.miisoo.com\/"},{"@type":"ListItem","position":2,"name":"Terms and Conditions"}]},{"@type":"WebSite","@id":"https:\/\/www.miisoo.com\/#website","url":"https:\/\/www.miisoo.com\/","name":"MiisooDoll","description":"Sexual Doll, Real Sex Dolls, Love Doll, Best Sex Dolls","publisher":{"@id":"https:\/\/www.miisoo.com\/#organization"},"potentialAction":[{"@type":"SearchAction","target":{"@type":"EntryPoint","urlTemplate":"https:\/\/www.miisoo.com\/?s={search_term_string}"},"query-input":"required name=search_term_string"}],"inLanguage":"sv-SE"},{"@type":"Organization","@id":"https:\/\/www.miisoo.com\/#organization","name":"MiisooDoll","url":"https:\/\/www.miisoo.com\/","logo":{"@type":"ImageObject","inLanguage":"sv-SE","@id":"https:\/\/www.miisoo.com\/#\/schema\/logo\/image\/","url":"https:\/\/www.miisoo.com\/wp-content\/uploads\/2020\/09\/logo-botton.png","contentUrl":"https:\/\/www.miisoo.com\/wp-content\/uploads\/2020\/09\/logo-botton.png","width":181,"height":42,"caption":"MiisooDoll"},"image":{"@id":"https:\/\/www.miisoo.com\/#\/schema\/logo\/image\/"},"sameAs":["https:\/\/www.facebook.com\/miisoodoll","https:\/\/x.com\/MiisooSexDolls"]}]}},"_links":{"self":[{"href":"https:\/\/www.miisoo.com\/sv\/wp-json\/wp\/v2\/pages\/4358","targetHints":{"allow":["GET"]}}],"collection":[{"href":"https:\/\/www.miisoo.com\/sv\/wp-json\/wp\/v2\/pages"}],"about":[{"href":"https:\/\/www.miisoo.com\/sv\/wp-json\/wp\/v2\/types\/page"}],"author":[{"embeddable":true,"href":"https:\/\/www.miisoo.com\/sv\/wp-json\/wp\/v2\/users\/455"}],"replies":[{"embeddable":true,"href":"https:\/\/www.miisoo.com\/sv\/wp-json\/wp\/v2\/comments?post=4358"}],"version-history":[{"count":4,"href":"https:\/\/www.miisoo.com\/sv\/wp-json\/wp\/v2\/pages\/4358\/revisions"}],"predecessor-version":[{"id":34674,"href":"https:\/\/www.miisoo.com\/sv\/wp-json\/wp\/v2\/pages\/4358\/revisions\/34674"}],"wp:attachment":[{"href":"https:\/\/www.miisoo.com\/sv\/wp-json\/wp\/v2\/media?parent=4358"}],"curies":[{"name":"wp","href":"https:\/\/api.w.org\/{rel}","templated":true}]}}