{"id":4339,"date":"2020-09-14T14:46:29","date_gmt":"2020-09-14T06:46:29","guid":{"rendered":"http:\/\/miisoo.com\/?page_id=4339"},"modified":"2023-12-22T20:20:26","modified_gmt":"2023-12-22T12:20:26","slug":"intelligent-pronunciation-heating-system","status":"publish","type":"page","link":"https:\/\/www.miisoo.com\/sv\/intelligent-pronunciation-heating-system\/","title":{"rendered":"Intelligent uttalsv\u00e4rmesystem"},"content":{"rendered":"<div data-elementor-type=\"wp-post\" data-elementor-id=\"4339\" class=\"elementor elementor-4339\" data-elementor-post-type=\"page\">\n\t\t\t\t\t\t<section class=\"elementor-section elementor-top-section elementor-element elementor-element-499101e2 elementor-section-full_width elementor-section-stretched elementor-section-height-default elementor-section-height-default\" data-id=\"499101e2\" data-element_type=\"section\" data-settings=\"{&quot;stretch_section&quot;:&quot;section-stretched&quot;}\">\n\t\t\t\t\t\t<div class=\"elementor-container elementor-column-gap-no\">\n\t\t\t\t\t<div class=\"elementor-column elementor-col-100 elementor-top-column elementor-element elementor-element-3ca9cf60\" data-id=\"3ca9cf60\" data-element_type=\"column\">\n\t\t\t<div class=\"elementor-widget-wrap elementor-element-populated\">\n\t\t\t\t\t\t<div class=\"elementor-element elementor-element-54251667 elementor-widget elementor-widget-image\" data-id=\"54251667\" data-element_type=\"widget\" data-widget_type=\"image.default\">\n\t\t\t\t<div class=\"elementor-widget-container\">\n\t\t\t\t\t\t\t\t\t\t\t\t\t\t\t<img fetchpriority=\"high\" decoding=\"async\" width=\"1536\" height=\"480\" src=\"https:\/\/www.miisoo.com\/wp-content\/uploads\/2020\/12\/banner-sex-doll-1.jpg\" class=\"attachment-full size-full wp-image-7398\" alt=\"\" srcset=\"https:\/\/www.miisoo.com\/wp-content\/uploads\/2020\/12\/banner-sex-doll-1.jpg 1536w, https:\/\/www.miisoo.com\/wp-content\/uploads\/2020\/12\/banner-sex-doll-1-300x94.jpg 300w, https:\/\/www.miisoo.com\/wp-content\/uploads\/2020\/12\/banner-sex-doll-1-1024x320.jpg 1024w, https:\/\/www.miisoo.com\/wp-content\/uploads\/2020\/12\/banner-sex-doll-1-768x240.jpg 768w, https:\/\/www.miisoo.com\/wp-content\/uploads\/2020\/12\/banner-sex-doll-1-370x116.jpg 370w, https:\/\/www.miisoo.com\/wp-content\/uploads\/2020\/12\/banner-sex-doll-1-600x188.jpg 600w\" sizes=\"(max-width: 1536px) 100vw, 1536px\" \/>\t\t\t\t\t\t\t\t\t\t\t\t\t\t\t<\/div>\n\t\t\t\t<\/div>\n\t\t\t\t<div class=\"elementor-element elementor-element-a61e060 elementor-widget elementor-widget-spacer\" data-id=\"a61e060\" data-element_type=\"widget\" data-widget_type=\"spacer.default\">\n\t\t\t\t<div class=\"elementor-widget-container\">\n\t\t\t\t\t\t\t<div class=\"elementor-spacer\">\n\t\t\t<div class=\"elementor-spacer-inner\"><\/div>\n\t\t<\/div>\n\t\t\t\t\t\t<\/div>\n\t\t\t\t<\/div>\n\t\t\t\t\t<\/div>\n\t\t<\/div>\n\t\t\t\t\t<\/div>\n\t\t<\/section>\n\t\t\t\t<section class=\"elementor-section elementor-top-section elementor-element elementor-element-3ff6745a elementor-section-boxed elementor-section-height-default elementor-section-height-default\" data-id=\"3ff6745a\" data-element_type=\"section\">\n\t\t\t\t\t\t<div class=\"elementor-container elementor-column-gap-extended\">\n\t\t\t\t\t<div class=\"elementor-column elementor-col-33 elementor-top-column elementor-element elementor-element-5847672a\" data-id=\"5847672a\" data-element_type=\"column\">\n\t\t\t<div class=\"elementor-widget-wrap\">\n\t\t\t\t\t\t\t<\/div>\n\t\t<\/div>\n\t\t\t\t<div class=\"elementor-column elementor-col-33 elementor-top-column elementor-element elementor-element-31cd9c6a\" data-id=\"31cd9c6a\" data-element_type=\"column\">\n\t\t\t<div class=\"elementor-widget-wrap elementor-element-populated\">\n\t\t\t\t\t\t<div class=\"elementor-element elementor-element-4596bb93 elementor-widget elementor-widget-heading\" data-id=\"4596bb93\" data-element_type=\"widget\" data-widget_type=\"heading.default\">\n\t\t\t\t<div class=\"elementor-widget-container\">\n\t\t\t\t\t<h1 class=\"elementor-heading-title elementor-size-large\">Intelligent uttal &amp; v\u00e4rmesystem<\/h1>\t\t\t\t<\/div>\n\t\t\t\t<\/div>\n\t\t\t\t<div class=\"elementor-element elementor-element-24950485 elementor-widget elementor-widget-spacer\" data-id=\"24950485\" data-element_type=\"widget\" data-widget_type=\"spacer.default\">\n\t\t\t\t<div class=\"elementor-widget-container\">\n\t\t\t\t\t\t\t<div class=\"elementor-spacer\">\n\t\t\t<div class=\"elementor-spacer-inner\"><\/div>\n\t\t<\/div>\n\t\t\t\t\t\t<\/div>\n\t\t\t\t<\/div>\n\t\t\t\t<div class=\"elementor-element elementor-element-ac8375b elementor-widget elementor-widget-heading\" data-id=\"ac8375b\" data-element_type=\"widget\" data-widget_type=\"heading.default\">\n\t\t\t\t<div class=\"elementor-widget-container\">\n\t\t\t\t\t<h2 class=\"elementor-heading-title elementor-size-default\">Om inte riktigt redo f\u00f6r en AI Sex Doll Robot - Smart Doll \u00e4r ett idealiskt val. (Touchsensorer Interactive Voice + Body Temperature Control ) MIISOO Smart Doll \u00e4r j\u00e4mf\u00f6rbar med alla h\u00f6gkvalitativa TPE-sexdockor (som en WM-docka) men med funktioner som andra sexdockor inte har f\u00f6r samma pris:<\/h2>\t\t\t\t<\/div>\n\t\t\t\t<\/div>\n\t\t\t\t<div class=\"elementor-element elementor-element-2362e4d6 elementor-widget elementor-widget-spacer\" data-id=\"2362e4d6\" data-element_type=\"widget\" data-widget_type=\"spacer.default\">\n\t\t\t\t<div class=\"elementor-widget-container\">\n\t\t\t\t\t\t\t<div class=\"elementor-spacer\">\n\t\t\t<div class=\"elementor-spacer-inner\"><\/div>\n\t\t<\/div>\n\t\t\t\t\t\t<\/div>\n\t\t\t\t<\/div>\n\t\t\t\t<div class=\"elementor-element elementor-element-d352fa4 elementor-widget elementor-widget-text-editor\" data-id=\"d352fa4\" data-element_type=\"widget\" data-widget_type=\"text-editor.default\">\n\t\t\t\t<div class=\"elementor-widget-container\">\n\t\t\t\t\t\t\t\t\t<h3><strong>Touch sensorer f\u00f6r sexdocka kvinnlig orgasm-vokalisering<\/strong><\/h3><p>Intelligent st\u00f6nande system med kroppssensorer inklusive en\u00a0<em>vaginal sensor<\/em>,<em>\u00a0v\u00e4nster br\u00f6stsensor, h\u00f6ger br\u00f6stsensor<\/em>(det finns uttalschip inuti),\u00a0<strong>Hur man anv\u00e4nder:\u00a0<\/strong>V\u00e4nligen s\u00e4tter p\u00e5 det intelligenta st\u00f6nande systemet. som reagerar p\u00e5 din ber\u00f6ring vaginalt br\u00f6st med erotiska sexuella st\u00f6nande svar \u2013 du kommer att veta n\u00e4r du behagar henne. Hennes mycket sexuella och intima r\u00f6stsvar l\u00e5ter dig njuta av den ultimata orgasmen. St\u00e4ng av den h\u00e4r knappen n\u00e4r den inte anv\u00e4nds.<\/p>\t\t\t\t\t\t\t\t<\/div>\n\t\t\t\t<\/div>\n\t\t\t\t<div class=\"elementor-element elementor-element-7698c75 elementor-widget elementor-widget-text-editor\" data-id=\"7698c75\" data-element_type=\"widget\" data-widget_type=\"text-editor.default\">\n\t\t\t\t<div class=\"elementor-widget-container\">\n\t\t\t\t\t\t\t\t\t<h3><strong>Kroppstemperaturkontrollsystem f\u00f6r kvinnlig sexdocka<\/strong><\/h3><p>V\u00e4nligen tryck p\u00e5 kroppstemperatur + kontrolltangenten f\u00f6r att \u00f6ka enheten till 90 grader, motsvarande fysiska temperatur p\u00e5 dockan kan n\u00e5 45.0C (dockan blir varm), vi rekommenderar att du \u00f6kar enhetens temperatur till 75c, motsvarande den fysiska temperaturen dockans temperatur cirka 35, vilket \u00e4r n\u00e4ra den normala temperaturen i m\u00e4nniskokroppen. V\u00e4rm dockans fysiska temperatur till en normal kroppstemperatur p\u00e5 36.0C-40C (temperaturen p\u00e5 enheten visar: 75.0c-90.0c). Att vara intim med en varm kropp f\u00f6r upplevelsen till en ny niv\u00e5 av realism och komfort \u2013 precis som att vara bredvid en riktig tjej.<\/p>\t\t\t\t\t\t\t\t<\/div>\n\t\t\t\t<\/div>\n\t\t\t\t<div class=\"elementor-element elementor-element-4c51eb7 elementor-widget elementor-widget-text-editor\" data-id=\"4c51eb7\" data-element_type=\"widget\" data-widget_type=\"text-editor.default\">\n\t\t\t\t<div class=\"elementor-widget-container\">\n\t\t\t\t\t\t\t\t\t<p>Den vanligaste implementeringen \u00e4r en elektrisk kontakt som str\u00e4cker sig fr\u00e5n baksidan av nacken eller under armen. Innan du anv\u00e4nder den kommer anv\u00e4ndaren helt enkelt att plugga in sin sexdocka i MAX 25 minuter f\u00f6r att l\u00e5ta sexdockan v\u00e4rmas upp.<\/p>\n<p>Vi testar den h\u00e4r funktionen flera g\u00e5nger innan du skickar ditt paket. V\u00e4nligen kontrollera hennes inre temperatur f\u00f6re penetration och l\u00e4mna inte din docka ansluten till v\u00e4ggen l\u00e4ngre \u00e4n de rekommenderade 25 minuterna. V\u00e5r dockingenj\u00f6r har designat funktionen f\u00f6r \u00f6verladdning, den kommer att st\u00e4nga av str\u00f6mmen n\u00e4r den n\u00e5r en viss temperatur.<\/p>\t\t\t\t\t\t\t\t<\/div>\n\t\t\t\t<\/div>\n\t\t\t\t<div class=\"elementor-element elementor-element-147a326 elementor-widget elementor-widget-text-editor\" data-id=\"147a326\" data-element_type=\"widget\" data-widget_type=\"text-editor.default\">\n\t\t\t\t<div class=\"elementor-widget-container\">\n\t\t\t\t\t\t\t\t\t<p><strong>NOTERA:<\/strong>\u00a0\u00c4ven om v\u00e5rt v\u00e4rmesystem har en \u00f6verladdningsfunktion, kom ih\u00e5g att st\u00e4nga av helkroppsv\u00e4rmen efter att du har anv\u00e4nt dockan. Om du l\u00e5ter den vara p\u00e5 f\u00f6r l\u00e4nge kan din docka skadas. V\u00e4rmen m\u00e5ste st\u00e4ngas av manuellt.<\/p>\t\t\t\t\t\t\t\t<\/div>\n\t\t\t\t<\/div>\n\t\t\t\t<div class=\"elementor-element elementor-element-5873c051 elementor-widget elementor-widget-spacer\" data-id=\"5873c051\" data-element_type=\"widget\" data-widget_type=\"spacer.default\">\n\t\t\t\t<div class=\"elementor-widget-container\">\n\t\t\t\t\t\t\t<div class=\"elementor-spacer\">\n\t\t\t<div class=\"elementor-spacer-inner\"><\/div>\n\t\t<\/div>\n\t\t\t\t\t\t<\/div>\n\t\t\t\t<\/div>\n\t\t\t\t\t<\/div>\n\t\t<\/div>\n\t\t\t\t<div class=\"elementor-column elementor-col-33 elementor-top-column elementor-element elementor-element-5e91253d\" data-id=\"5e91253d\" data-element_type=\"column\">\n\t\t\t<div class=\"elementor-widget-wrap\">\n\t\t\t\t\t\t\t<\/div>\n\t\t<\/div>\n\t\t\t\t\t<\/div>\n\t\t<\/section>\n\t\t\t\t<section class=\"elementor-section elementor-top-section elementor-element elementor-element-16c58fea elementor-section-boxed elementor-section-height-default elementor-section-height-default\" data-id=\"16c58fea\" data-element_type=\"section\">\n\t\t\t\t\t\t<div class=\"elementor-container elementor-column-gap-default\">\n\t\t\t\t\t<div class=\"elementor-column elementor-col-100 elementor-top-column elementor-element elementor-element-74ba8617\" data-id=\"74ba8617\" data-element_type=\"column\">\n\t\t\t<div class=\"elementor-widget-wrap elementor-element-populated\">\n\t\t\t\t\t\t<div class=\"elementor-element elementor-element-312fc24e elementor-widget elementor-widget-spacer\" data-id=\"312fc24e\" data-element_type=\"widget\" data-widget_type=\"spacer.default\">\n\t\t\t\t<div class=\"elementor-widget-container\">\n\t\t\t\t\t\t\t<div class=\"elementor-spacer\">\n\t\t\t<div class=\"elementor-spacer-inner\"><\/div>\n\t\t<\/div>\n\t\t\t\t\t\t<\/div>\n\t\t\t\t<\/div>\n\t\t\t\t\t<\/div>\n\t\t<\/div>\n\t\t\t\t\t<\/div>\n\t\t<\/section>\n\t\t\t\t<\/div>","protected":false},"excerpt":{"rendered":"<p>Intelligent Pronunciation &amp; Heating System If Not quite ready for an AI Sex Doll Robot \u2013 the Smart Doll is an ideal choice. (Touch sensors Interactive Voice + Body Temperature Control ) MIISOO Smart Doll is comparable to any high-quality TPE Sex Doll (like a WM Doll) but with features that other sex dolls do&hellip;<\/p>","protected":false},"author":455,"featured_media":0,"parent":0,"menu_order":0,"comment_status":"closed","ping_status":"closed","template":"template-full-width.php","meta":{"footnotes":""},"class_list":["post-4339","page","type-page","status-publish","hentry"],"yoast_head":"<!-- This site is optimized with the Yoast SEO Premium plugin v22.6 (Yoast SEO v22.9) - https:\/\/yoast.com\/wordpress\/plugins\/seo\/ -->\n<title>Intelligent Pronunciation Heating System - MiisooDoll<\/title>\n<meta name=\"description\" content=\"Achieve linguistic excellence with MiisooDoll&#039;s Pronunciation Heating System. Precision in every spoken word. Clear, concise, confident speech with MiisooDoll&#039;s\" \/>\n<meta name=\"robots\" content=\"index, follow, max-snippet:-1, max-image-preview:large, max-video-preview:-1\" \/>\n<link rel=\"canonical\" href=\"https:\/\/www.miisoo.com\/sv\/intelligent-pronunciation-heating-system\/\" \/>\n<meta property=\"og:locale\" content=\"sv_SE\" \/>\n<meta property=\"og:type\" content=\"article\" \/>\n<meta property=\"og:title\" content=\"Intelligent Pronunciation Heating System\" \/>\n<meta property=\"og:description\" content=\"Achieve linguistic excellence with MiisooDoll&#039;s Pronunciation Heating System. Precision in every spoken word. Clear, concise, confident speech with MiisooDoll&#039;s\" \/>\n<meta property=\"og:url\" content=\"https:\/\/www.miisoo.com\/sv\/intelligent-pronunciation-heating-system\/\" \/>\n<meta property=\"og:site_name\" content=\"MiisooDoll\" \/>\n<meta property=\"article:publisher\" content=\"https:\/\/www.facebook.com\/miisoodoll\" \/>\n<meta property=\"article:modified_time\" content=\"2023-12-22T12:20:26+00:00\" \/>\n<meta property=\"og:image\" content=\"https:\/\/www.miisoo.com\/wp-content\/uploads\/2020\/12\/banner-sex-doll-1.jpg\" \/>\n<meta name=\"twitter:card\" content=\"summary_large_image\" \/>\n<meta name=\"twitter:site\" content=\"@MiisooSexDolls\" \/>\n<meta name=\"twitter:label1\" content=\"Ber\u00e4knad l\u00e4stid\" \/>\n\t<meta name=\"twitter:data1\" content=\"2 minuter\" \/>\n<!-- \/ Yoast SEO Premium plugin. -->","yoast_head_json":{"title":"Intelligent Pronunciation Heating System - MiisooDoll","description":"Achieve linguistic excellence with MiisooDoll's Pronunciation Heating System. Precision in every spoken word. Clear, concise, confident speech with MiisooDoll's","robots":{"index":"index","follow":"follow","max-snippet":"max-snippet:-1","max-image-preview":"max-image-preview:large","max-video-preview":"max-video-preview:-1"},"canonical":"https:\/\/www.miisoo.com\/sv\/intelligent-pronunciation-heating-system\/","og_locale":"sv_SE","og_type":"article","og_title":"Intelligent Pronunciation Heating System","og_description":"Achieve linguistic excellence with MiisooDoll's Pronunciation Heating System. Precision in every spoken word. Clear, concise, confident speech with MiisooDoll's","og_url":"https:\/\/www.miisoo.com\/sv\/intelligent-pronunciation-heating-system\/","og_site_name":"MiisooDoll","article_publisher":"https:\/\/www.facebook.com\/miisoodoll","article_modified_time":"2023-12-22T12:20:26+00:00","og_image":[{"url":"https:\/\/www.miisoo.com\/wp-content\/uploads\/2020\/12\/banner-sex-doll-1.jpg"}],"twitter_card":"summary_large_image","twitter_site":"@MiisooSexDolls","twitter_misc":{"Ber\u00e4knad l\u00e4stid":"2 minuter"},"schema":{"@context":"https:\/\/schema.org","@graph":[{"@type":"WebPage","@id":"https:\/\/www.miisoo.com\/intelligent-pronunciation-heating-system\/","url":"https:\/\/www.miisoo.com\/intelligent-pronunciation-heating-system\/","name":"Intelligent Pronunciation Heating System - MiisooDoll","isPartOf":{"@id":"https:\/\/www.miisoo.com\/#website"},"primaryImageOfPage":{"@id":"https:\/\/www.miisoo.com\/intelligent-pronunciation-heating-system\/#primaryimage"},"image":{"@id":"https:\/\/www.miisoo.com\/intelligent-pronunciation-heating-system\/#primaryimage"},"thumbnailUrl":"https:\/\/www.miisoo.com\/wp-content\/uploads\/2020\/12\/banner-sex-doll-1.jpg","datePublished":"2020-09-14T06:46:29+00:00","dateModified":"2023-12-22T12:20:26+00:00","description":"Achieve linguistic excellence with MiisooDoll's Pronunciation Heating System. Precision in every spoken word. Clear, concise, confident speech with MiisooDoll's","breadcrumb":{"@id":"https:\/\/www.miisoo.com\/intelligent-pronunciation-heating-system\/#breadcrumb"},"inLanguage":"sv-SE","potentialAction":[{"@type":"ReadAction","target":["https:\/\/www.miisoo.com\/intelligent-pronunciation-heating-system\/"]}]},{"@type":"ImageObject","inLanguage":"sv-SE","@id":"https:\/\/www.miisoo.com\/intelligent-pronunciation-heating-system\/#primaryimage","url":"https:\/\/www.miisoo.com\/wp-content\/uploads\/2020\/12\/banner-sex-doll-1.jpg","contentUrl":"https:\/\/www.miisoo.com\/wp-content\/uploads\/2020\/12\/banner-sex-doll-1.jpg"},{"@type":"BreadcrumbList","@id":"https:\/\/www.miisoo.com\/intelligent-pronunciation-heating-system\/#breadcrumb","itemListElement":[{"@type":"ListItem","position":1,"name":"Home","item":"https:\/\/www.miisoo.com\/"},{"@type":"ListItem","position":2,"name":"Intelligent Pronunciation Heating System"}]},{"@type":"WebSite","@id":"https:\/\/www.miisoo.com\/#website","url":"https:\/\/www.miisoo.com\/","name":"MiisooDoll","description":"Sexual Doll, Real Sex Dolls, Love Doll, Best Sex Dolls","publisher":{"@id":"https:\/\/www.miisoo.com\/#organization"},"potentialAction":[{"@type":"SearchAction","target":{"@type":"EntryPoint","urlTemplate":"https:\/\/www.miisoo.com\/?s={search_term_string}"},"query-input":"required name=search_term_string"}],"inLanguage":"sv-SE"},{"@type":"Organization","@id":"https:\/\/www.miisoo.com\/#organization","name":"MiisooDoll","url":"https:\/\/www.miisoo.com\/","logo":{"@type":"ImageObject","inLanguage":"sv-SE","@id":"https:\/\/www.miisoo.com\/#\/schema\/logo\/image\/","url":"https:\/\/www.miisoo.com\/wp-content\/uploads\/2020\/09\/logo-botton.png","contentUrl":"https:\/\/www.miisoo.com\/wp-content\/uploads\/2020\/09\/logo-botton.png","width":181,"height":42,"caption":"MiisooDoll"},"image":{"@id":"https:\/\/www.miisoo.com\/#\/schema\/logo\/image\/"},"sameAs":["https:\/\/www.facebook.com\/miisoodoll","https:\/\/x.com\/MiisooSexDolls"]}]}},"_links":{"self":[{"href":"https:\/\/www.miisoo.com\/sv\/wp-json\/wp\/v2\/pages\/4339","targetHints":{"allow":["GET"]}}],"collection":[{"href":"https:\/\/www.miisoo.com\/sv\/wp-json\/wp\/v2\/pages"}],"about":[{"href":"https:\/\/www.miisoo.com\/sv\/wp-json\/wp\/v2\/types\/page"}],"author":[{"embeddable":true,"href":"https:\/\/www.miisoo.com\/sv\/wp-json\/wp\/v2\/users\/455"}],"replies":[{"embeddable":true,"href":"https:\/\/www.miisoo.com\/sv\/wp-json\/wp\/v2\/comments?post=4339"}],"version-history":[{"count":1,"href":"https:\/\/www.miisoo.com\/sv\/wp-json\/wp\/v2\/pages\/4339\/revisions"}],"predecessor-version":[{"id":34676,"href":"https:\/\/www.miisoo.com\/sv\/wp-json\/wp\/v2\/pages\/4339\/revisions\/34676"}],"wp:attachment":[{"href":"https:\/\/www.miisoo.com\/sv\/wp-json\/wp\/v2\/media?parent=4339"}],"curies":[{"name":"wp","href":"https:\/\/api.w.org\/{rel}","templated":true}]}}