{"id":3,"date":"2020-09-05T13:19:56","date_gmt":"2020-09-05T13:19:56","guid":{"rendered":"http:\/\/miisoo.com\/?page_id=3"},"modified":"2023-12-22T20:16:22","modified_gmt":"2023-12-22T12:16:22","slug":"privacy-policy","status":"publish","type":"page","link":"https:\/\/www.miisoo.com\/sv\/privacy-policy\/","title":{"rendered":"Integritetspolicy"},"content":{"rendered":"<div data-elementor-type=\"wp-page\" data-elementor-id=\"3\" class=\"elementor elementor-3\" data-elementor-post-type=\"page\">\n\t\t\t\t\t\t<section class=\"elementor-section elementor-top-section elementor-element elementor-element-c76458e elementor-section-boxed elementor-section-height-default elementor-section-height-default\" data-id=\"c76458e\" data-element_type=\"section\">\n\t\t\t\t\t\t<div class=\"elementor-container elementor-column-gap-default\">\n\t\t\t\t\t<div class=\"elementor-column elementor-col-25 elementor-top-column elementor-element elementor-element-8b5e8e1\" data-id=\"8b5e8e1\" data-element_type=\"column\">\n\t\t\t<div class=\"elementor-widget-wrap\">\n\t\t\t\t\t\t\t<\/div>\n\t\t<\/div>\n\t\t\t\t<div class=\"elementor-column elementor-col-50 elementor-top-column elementor-element elementor-element-5afa608\" data-id=\"5afa608\" data-element_type=\"column\">\n\t\t\t<div class=\"elementor-widget-wrap elementor-element-populated\">\n\t\t\t\t\t\t<div class=\"elementor-element elementor-element-1111958 elementor-widget elementor-widget-text-editor\" data-id=\"1111958\" data-element_type=\"widget\" data-widget_type=\"text-editor.default\">\n\t\t\t\t<div class=\"elementor-widget-container\">\n\t\t\t\t\t\t\t\t\t<p>MIISOO \u00e4r den enda \u00e4garen till informationen vi samlar in p\u00e5 denna webbplats, vi s\u00e4ljer, hyr ut eller delar inte denna information med n\u00e5got annat f\u00f6retag i marknadsf\u00f6ringssyfte. Vi vet att du bryr dig om hur din personliga information anv\u00e4nds och delas, och vi uppskattar ditt f\u00f6rtroende f\u00f6r oss. Vi behandlar din personliga information med h\u00f6gsta standard f\u00f6r s\u00e4kerhet, s\u00e4kerhet och konfidentialitet.<\/p>\n<p><strong>F. Jag \u00e4r orolig f\u00f6r min integritet. Hur kan du skydda min konfidentialitet?<\/strong><\/p>\n<p>S. Vi \u00e4r mycket oroade \u00f6ver elektronisk integritet, med tanke p\u00e5 att vi \u00e4r ett internetbaserat f\u00f6retag. Vi skyddar din integritet, konfidentialitet och personlig information genom best\u00e4llnings- och leveransprocessen. Vi lagrar inte dina uppgifter p\u00e5 en dator p\u00e5 v\u00e5r sida, s\u00e5 det betyder att det inte finns n\u00e5got s\u00e4tt att anv\u00e4nda din personliga information mot dig eller f\u00e5 den stulen p\u00e5 en tredje parts webbplats. Vi skyddar \u00e4ven din integritet genom att utbilda v\u00e5r s\u00e4ljare att vara hj\u00e4lpsam och framf\u00f6r allt diskret. V\u00e5r administrativa personal kommer inte att diskutera dig eller ditt f\u00f6retag med n\u00e5gon. Du kan vara s\u00e4ker p\u00e5 att vi omedelbart gl\u00f6mmer allt vi samlar p\u00e5 dig. Vi beh\u00e5ller inte s\u00e5dan information, s\u00e5 du beh\u00f6ver inte oroa dig.<\/p>\n<p>Alla v\u00e5ra s\u00e4ljare \u00e4r handutvalda och handutbildade f\u00f6r att se till att de f\u00f6rst\u00e5r hur man uppr\u00e4tth\u00e5ller kundens konfidentialitet. Ingen anst\u00e4lld som bryter mot dessa sekretessregler f\u00e5r stanna kvar. V\u00e5r personal diskuterar inte heller kunder eller deras k\u00f6p sinsemellan. Vi l\u00e4r dem att den h\u00e4r typen av slarvigt skvaller helt enkelt inte \u00e4r n\u00e5got som \u00e4r anv\u00e4ndbart eller anv\u00e4ndbart, s\u00e5 det b\u00e4sta s\u00e4ttet att hantera det \u00e4r helt enkelt att inte g\u00f6ra det. Du kan inte njuta fullt ut av ditt k\u00f6p om du \u00e4r orolig f\u00f6r att f\u00e5 din personliga verksamhet exponerad.<\/p>\n<p>Ditt sexdockak\u00f6p kommer att f\u00f6rbli helt hemligt s\u00e5 l\u00e4nge vi har n\u00e5got att s\u00e4ga om det. Vi kommer att uppr\u00e4tth\u00e5lla din integritet fr\u00e5n b\u00f6rjan till slut, och vi kommer aldrig att avs\u00e4ga oss p\u00e5 denna punkt. N\u00e4r du v\u00e4l vet att din integritet \u00e4r skyddad kan du luta dig tillbaka, koppla av och njuta av det du har k\u00f6pt. Ju mer avslappnad du \u00e4r, desto roligare kommer du att ha, och ju roligare du har, desto b\u00e4ttre har vi gjort v\u00e5rt jobb. Vi vilar inte f\u00f6rr\u00e4n vi vet att du \u00e4r n\u00f6jd. Din tillfredsst\u00e4llelse och din sexdockaupplevelse \u00e4r oerh\u00f6rt viktigt f\u00f6r oss.<\/p>\n<h3>Vilken information samlar vi in?<\/h3>\n<p>Vi samlar in information fr\u00e5n dig n\u00e4r du registrerar dig p\u00e5 v\u00e5r sida, g\u00f6r en best\u00e4llning eller prenumererar p\u00e5 v\u00e5rt nyhetsbrev.<\/p>\n<p>N\u00e4r du best\u00e4ller eller registrerar dig p\u00e5 v\u00e5r sida, beroende p\u00e5 vad som \u00e4r l\u00e4mpligt, kan du bli ombedd att ange ditt: namn, e-postadress, postadress eller telefonnummer. Du kan dock bes\u00f6ka v\u00e5r webbplats anonymt.<\/p>\n<h3>Vad anv\u00e4nder vi din information till?<\/h3>\n<p>All information vi samlar in fr\u00e5n dig kan anv\u00e4ndas p\u00e5 n\u00e5got av f\u00f6ljande s\u00e4tt:<\/p>\n<p>S\u00e5 h\u00e4r anpassar du din upplevelse:<br>(din information hj\u00e4lper oss att b\u00e4ttre svara p\u00e5 dina individuella behov)<\/p>\n<p>S\u00e5 h\u00e4r bearbetar du transaktioner:<br>Din information, vare sig den \u00e4r offentlig eller privat, kommer inte att s\u00e4ljas, bytas ut, \u00f6verf\u00f6ras eller ges till n\u00e5got annat f\u00f6retag av n\u00e5gon anledning, utan ditt medgivande, annat \u00e4n f\u00f6r det uttryckliga syftet att leverera den k\u00f6pta produkten eller tj\u00e4nsten som efterfr\u00e5gas.<\/p>\n<p>S\u00e5 h\u00e4r skickar du regelbundna e-postmeddelanden:<br>E-postadressen som du anger f\u00f6r best\u00e4llningshantering kan anv\u00e4ndas f\u00f6r att skicka information och uppdateringar som r\u00f6r din best\u00e4llning. F\u00f6rutom att f\u00e5 enstaka f\u00f6retagsnyheter, uppdateringar, relaterad produkt- eller tj\u00e4nstinformation, etc.<br>Obs: Om du vid n\u00e5got tillf\u00e4lle vill avbryta prenumerationen fr\u00e5n att ta emot framtida e-postmeddelanden, inkluderar vi detaljerade instruktioner f\u00f6r att avsluta prenumerationen l\u00e4ngst ned i varje e-postmeddelande.<\/p>\n<h3 class=\"m_top\">Hur skyddar vi din information?<\/h3>\n<p class=\"m_bottom\">Vi implementerar en m\u00e4ngd olika s\u00e4kerhets\u00e5tg\u00e4rder f\u00f6r att uppr\u00e4tth\u00e5lla s\u00e4kerheten f\u00f6r din personliga information n\u00e4r du g\u00f6r en best\u00e4llning eller anger, skickar eller kommer \u00e5t din personliga information.<br>Vi erbjuder anv\u00e4ndning av en s\u00e4ker server. All tillhandah\u00e5llen k\u00e4nslig information\/kreditinformation \u00f6verf\u00f6rs via Secure Socket Layer-teknik (SSL) och krypteras sedan in i v\u00e5r databas f\u00f6r leverant\u00f6rer av betalningsgateways endast f\u00f6r att vara tillg\u00e4nglig f\u00f6r dem som \u00e4r auktoriserade med s\u00e4rskilda \u00e5tkomstr\u00e4ttigheter till s\u00e5dana system, och m\u00e5ste h\u00e5lla informationen konfidentiell.<br>Efter en transaktion kommer din privata information (kreditkort, personnummer, ekonomi etc.) inte att lagras p\u00e5 v\u00e5ra servrar.<\/p>\n<h3>Anv\u00e4nder vi cookies?<\/h3>\n<p>es. Cookies \u00e4r sm\u00e5 filer som en webbplats eller dess tj\u00e4nsteleverant\u00f6r \u00f6verf\u00f6r till din dators h\u00e5rddisk via din webbl\u00e4sare (om du till\u00e5ter) som g\u00f6r det m\u00f6jligt f\u00f6r webbplatserna eller tj\u00e4nsteleverant\u00f6rernas system att k\u00e4nna igen din webbl\u00e4sare och f\u00e5nga och komma ih\u00e5g viss information. Vi anv\u00e4nder cookies f\u00f6r att hj\u00e4lpa oss komma ih\u00e5g och bearbeta artiklarna i din kundvagn, f\u00f6rst\u00e5 och spara dina preferenser f\u00f6r framtida bes\u00f6k, h\u00e5ll koll p\u00e5 annonser och sammanst\u00e4ll samlad data om webbplatstrafik och webbplatsinteraktion s\u00e5 att vi kan erbjuda b\u00e4ttre webbplatsupplevelser och verktyg i framtiden.<\/p>\n<h3>Avsl\u00f6jar vi n\u00e5gon information till externa parter?<\/h3>\n<p>Vi s\u00e4ljer, handlar inte med eller p\u00e5 annat s\u00e4tt \u00f6verf\u00f6r din personligt identifierbara information till externa parter. Detta inkluderar inte betrodda tredje parter som hj\u00e4lper oss att driva v\u00e5r webbplats, driva v\u00e5r verksamhet eller betj\u00e4na dig, s\u00e5 l\u00e4nge dessa parter samtycker till att h\u00e5lla denna information konfidentiell. Vi kan ocks\u00e5 l\u00e4mna ut din information n\u00e4r vi anser att det \u00e4r l\u00e4mpligt f\u00f6r att f\u00f6lja lagen, uppr\u00e4tth\u00e5lla v\u00e5r webbplatspolicy eller skydda v\u00e5ra eller andras r\u00e4ttigheter, egendom eller s\u00e4kerhet. D\u00e4remot kan icke-personligt identifierbar bes\u00f6ksinformation l\u00e4mnas till andra parter f\u00f6r marknadsf\u00f6ring, reklam eller annan anv\u00e4ndning.<\/p>\n<h3>Tredjepartsl\u00e4nkar<\/h3>\n<p>Ibland, efter eget gottfinnande, kan vi inkludera eller erbjuda produkter eller tj\u00e4nster fr\u00e5n tredje part p\u00e5 v\u00e5r webbplats. Dessa tredjepartswebbplatser har separata och oberoende sekretesspolicyer. d\u00e4rf\u00f6r har vi inget ansvar eller ansvar f\u00f6r inneh\u00e5llet och aktiviteterna p\u00e5 dessa l\u00e4nkade webbplatser. Icke desto mindre str\u00e4var vi efter att skydda v\u00e5r webbplatss integritet och v\u00e4lkomnar all feedback om dessa webbplatser.<\/p>\n<p class=\"m_bottom\">\n<\/p><h3>Efterlevnad av Children&#039;s Online Privacy Protection Act<\/h3>\n<p>Vi f\u00f6ljer kraven i COPPA (Children&#039;s Online Privacy Protection Act). Vi samlar inte in n\u00e5gon information fr\u00e5n n\u00e5gon under 13 \u00e5r. V\u00e5r webbplats, produkter och tj\u00e4nster \u00e4r alla riktade till personer som \u00e4r minst 13 \u00e5r eller \u00e4ldre.<\/p>\n<h3>Endast online sekretesspolicy<\/h3>\n<p>Denna online sekretesspolicy g\u00e4ller endast information som samlas in via v\u00e5r webbplats och inte information som samlas in offline.<\/p>\n<h3>Villkor<\/h3>\n<p>V\u00e4nligen bes\u00f6k \u00e4ven v\u00e5rt avsnitt med villkor och villkor f\u00f6r att fastst\u00e4lla anv\u00e4ndningen, friskrivningarna och ansvarsbegr\u00e4nsningarna som styr anv\u00e4ndningen av v\u00e5r webbplats p\u00e5&nbsp;<a href=\"https:\/\/www.miisoo.com\/sv\/\" target=\"_blank\" style=\"font-family: inherit; font-weight: var( --e-global-typography-text-font-weight ); background-color: rgb(255, 255, 255);\">www.miisoo.com<\/a><\/p>\n<h3>Ditt samtycke<\/h3>\n<p>Genom att anv\u00e4nda v\u00e5r webbplats samtycker du till v\u00e5r webbplats sekretesspolicy.<\/p>\n<h3>\u00c4ndringar av v\u00e5r integritetspolicy<\/h3>\n<p>Om vi beslutar att \u00e4ndra v\u00e5r integritetspolicy kommer vi att uppdatera \u00e4ndringsdatumet f\u00f6r sekretesspolicyn nedan.<br>Denna policy \u00e4ndrades senast den 03\/06\/2018<\/p>\t\t\t\t\t\t\t\t<\/div>\n\t\t\t\t<\/div>\n\t\t\t\t\t<\/div>\n\t\t<\/div>\n\t\t\t\t<div class=\"elementor-column elementor-col-25 elementor-top-column elementor-element elementor-element-df603f8\" data-id=\"df603f8\" data-element_type=\"column\">\n\t\t\t<div class=\"elementor-widget-wrap\">\n\t\t\t\t\t\t\t<\/div>\n\t\t<\/div>\n\t\t\t\t\t<\/div>\n\t\t<\/section>\n\t\t\t\t<\/div>","protected":false},"excerpt":{"rendered":"<p>MIISOO is the sole owner of the information we collect at this site, we do not sell, rent or share this information with any other company for the purpose of marketing. We know that you care how your personal information is used and shared, and we appreciate your trust in us. We treat your personal&hellip;<\/p>","protected":false},"author":455,"featured_media":0,"parent":0,"menu_order":0,"comment_status":"closed","ping_status":"open","template":"","meta":{"footnotes":""},"class_list":["post-3","page","type-page","status-publish","hentry"],"yoast_head":"<!-- This site is optimized with the Yoast SEO Premium plugin v22.6 (Yoast SEO v22.9) - https:\/\/yoast.com\/wordpress\/plugins\/seo\/ -->\n<title>Privacy Policy | Cheap Real Sex Dolls | MiisooDoll<\/title>\n<meta name=\"description\" content=\"Review MiisooDoll&#039;s privacy policy for transparent handling of data. Shop confidently for cheap real sex dolls. Your privacy, our priority at MiisooDoll.\" \/>\n<meta name=\"robots\" content=\"index, follow, max-snippet:-1, max-image-preview:large, max-video-preview:-1\" \/>\n<link rel=\"canonical\" href=\"https:\/\/www.miisoo.com\/sv\/privacy-policy\/\" \/>\n<meta property=\"og:locale\" content=\"sv_SE\" \/>\n<meta property=\"og:type\" content=\"article\" \/>\n<meta property=\"og:title\" content=\"Privacy Policy\" \/>\n<meta property=\"og:description\" content=\"Review MiisooDoll&#039;s privacy policy for transparent handling of data. Shop confidently for cheap real sex dolls. Your privacy, our priority at MiisooDoll.\" \/>\n<meta property=\"og:url\" content=\"https:\/\/www.miisoo.com\/sv\/privacy-policy\/\" \/>\n<meta property=\"og:site_name\" content=\"MiisooDoll\" \/>\n<meta property=\"article:publisher\" content=\"https:\/\/www.facebook.com\/miisoodoll\" \/>\n<meta property=\"article:modified_time\" content=\"2023-12-22T12:16:22+00:00\" \/>\n<meta name=\"twitter:card\" content=\"summary_large_image\" \/>\n<meta name=\"twitter:site\" content=\"@MiisooSexDolls\" \/>\n<meta name=\"twitter:label1\" content=\"Ber\u00e4knad l\u00e4stid\" \/>\n\t<meta name=\"twitter:data1\" content=\"5 minuter\" \/>\n<!-- \/ Yoast SEO Premium plugin. -->","yoast_head_json":{"title":"Privacy Policy | Cheap Real Sex Dolls | MiisooDoll","description":"Review MiisooDoll's privacy policy for transparent handling of data. Shop confidently for cheap real sex dolls. Your privacy, our priority at MiisooDoll.","robots":{"index":"index","follow":"follow","max-snippet":"max-snippet:-1","max-image-preview":"max-image-preview:large","max-video-preview":"max-video-preview:-1"},"canonical":"https:\/\/www.miisoo.com\/sv\/privacy-policy\/","og_locale":"sv_SE","og_type":"article","og_title":"Privacy Policy","og_description":"Review MiisooDoll's privacy policy for transparent handling of data. Shop confidently for cheap real sex dolls. Your privacy, our priority at MiisooDoll.","og_url":"https:\/\/www.miisoo.com\/sv\/privacy-policy\/","og_site_name":"MiisooDoll","article_publisher":"https:\/\/www.facebook.com\/miisoodoll","article_modified_time":"2023-12-22T12:16:22+00:00","twitter_card":"summary_large_image","twitter_site":"@MiisooSexDolls","twitter_misc":{"Ber\u00e4knad l\u00e4stid":"5 minuter"},"schema":{"@context":"https:\/\/schema.org","@graph":[{"@type":"WebPage","@id":"https:\/\/www.miisoo.com\/nl\/privacy-policy\/","url":"https:\/\/www.miisoo.com\/nl\/privacy-policy\/","name":"Privacy Policy | Cheap Real Sex Dolls | MiisooDoll","isPartOf":{"@id":"https:\/\/www.miisoo.com\/#website"},"datePublished":"2020-09-05T13:19:56+00:00","dateModified":"2023-12-22T12:16:22+00:00","description":"Review MiisooDoll's privacy policy for transparent handling of data. Shop confidently for cheap real sex dolls. Your privacy, our priority at MiisooDoll.","breadcrumb":{"@id":"https:\/\/www.miisoo.com\/nl\/privacy-policy\/#breadcrumb"},"inLanguage":"sv-SE","potentialAction":[{"@type":"ReadAction","target":["https:\/\/www.miisoo.com\/nl\/privacy-policy\/"]}]},{"@type":"BreadcrumbList","@id":"https:\/\/www.miisoo.com\/nl\/privacy-policy\/#breadcrumb","itemListElement":[{"@type":"ListItem","position":1,"name":"Home","item":"https:\/\/www.miisoo.com\/"},{"@type":"ListItem","position":2,"name":"Privacy Policy"}]},{"@type":"WebSite","@id":"https:\/\/www.miisoo.com\/#website","url":"https:\/\/www.miisoo.com\/","name":"MiisooDoll","description":"Sexual Doll, Real Sex Dolls, Love Doll, Best Sex Dolls","publisher":{"@id":"https:\/\/www.miisoo.com\/#organization"},"potentialAction":[{"@type":"SearchAction","target":{"@type":"EntryPoint","urlTemplate":"https:\/\/www.miisoo.com\/?s={search_term_string}"},"query-input":"required name=search_term_string"}],"inLanguage":"sv-SE"},{"@type":"Organization","@id":"https:\/\/www.miisoo.com\/#organization","name":"MiisooDoll","url":"https:\/\/www.miisoo.com\/","logo":{"@type":"ImageObject","inLanguage":"sv-SE","@id":"https:\/\/www.miisoo.com\/#\/schema\/logo\/image\/","url":"https:\/\/www.miisoo.com\/wp-content\/uploads\/2020\/09\/logo-botton.png","contentUrl":"https:\/\/www.miisoo.com\/wp-content\/uploads\/2020\/09\/logo-botton.png","width":181,"height":42,"caption":"MiisooDoll"},"image":{"@id":"https:\/\/www.miisoo.com\/#\/schema\/logo\/image\/"},"sameAs":["https:\/\/www.facebook.com\/miisoodoll","https:\/\/x.com\/MiisooSexDolls"]}]}},"_links":{"self":[{"href":"https:\/\/www.miisoo.com\/sv\/wp-json\/wp\/v2\/pages\/3","targetHints":{"allow":["GET"]}}],"collection":[{"href":"https:\/\/www.miisoo.com\/sv\/wp-json\/wp\/v2\/pages"}],"about":[{"href":"https:\/\/www.miisoo.com\/sv\/wp-json\/wp\/v2\/types\/page"}],"author":[{"embeddable":true,"href":"https:\/\/www.miisoo.com\/sv\/wp-json\/wp\/v2\/users\/455"}],"replies":[{"embeddable":true,"href":"https:\/\/www.miisoo.com\/sv\/wp-json\/wp\/v2\/comments?post=3"}],"version-history":[{"count":1,"href":"https:\/\/www.miisoo.com\/sv\/wp-json\/wp\/v2\/pages\/3\/revisions"}],"predecessor-version":[{"id":34673,"href":"https:\/\/www.miisoo.com\/sv\/wp-json\/wp\/v2\/pages\/3\/revisions\/34673"}],"wp:attachment":[{"href":"https:\/\/www.miisoo.com\/sv\/wp-json\/wp\/v2\/media?parent=3"}],"curies":[{"name":"wp","href":"https:\/\/api.w.org\/{rel}","templated":true}]}}