{"id":21906,"date":"2022-01-25T17:17:49","date_gmt":"2022-01-25T09:17:49","guid":{"rendered":"https:\/\/www.miisoo.com\/?page_id=21906"},"modified":"2024-08-17T12:51:08","modified_gmt":"2024-08-17T04:51:08","slug":"more-sex-sites","status":"publish","type":"page","link":"https:\/\/www.miisoo.com\/sv\/more-sex-sites\/","title":{"rendered":"Fler sexsajter"},"content":{"rendered":"<div data-elementor-type=\"page\" data-elementor-id=\"21903\" class=\"elementor elementor-21903\" data-elementor-post-type=\"elementor_library\">\n\t\t\t\t\t\t<section class=\"elementor-section elementor-top-section elementor-element elementor-element-50a3008b elementor-section-boxed elementor-section-height-default elementor-section-height-default\" data-id=\"50a3008b\" data-element_type=\"section\">\n\t\t\t\t\t\t<div class=\"elementor-container elementor-column-gap-default\">\n\t\t\t\t\t<div class=\"elementor-column elementor-col-100 elementor-top-column elementor-element elementor-element-68e2b07\" data-id=\"68e2b07\" data-element_type=\"column\">\n\t\t\t<div class=\"elementor-widget-wrap elementor-element-populated\">\n\t\t\t\t\t\t<div class=\"elementor-element elementor-element-1efbc1b2 elementor-widget elementor-widget-text-editor\" data-id=\"1efbc1b2\" data-element_type=\"widget\" data-widget_type=\"text-editor.default\">\n\t\t\t\t<div class=\"elementor-widget-container\">\n\t\t\t\t\t\t\t\t\t<p>Om v\u00e5ra dockor inte passar dig kan du hitta fler dockor genom n\u00e5gra sexdocksajter. De kommer att r\u00e4kna de popul\u00e4raste sexleksaksgalleriorna p\u00e5 Internet och g\u00f6ra rankningar baserat p\u00e5 anv\u00e4ndarrecensioner och prisfaktorer. Du beh\u00f6ver inte spendera mer energi f\u00f6r att hitta dessa sajter, vi tillhandah\u00e5ller f\u00f6ljande sexdockorsajter.<\/p>\t\t\t\t\t\t\t\t<\/div>\n\t\t\t\t<\/div>\n\t\t\t\t<div class=\"elementor-element elementor-element-40b4b24f elementor-widget elementor-widget-text-editor\" data-id=\"40b4b24f\" data-element_type=\"widget\" data-widget_type=\"text-editor.default\">\n\t\t\t\t<div class=\"elementor-widget-container\">\n\t\t\t\t\t\t\t\t\t<ul><li><span style=\"color: red;\"><a href=\"https:\/\/sexdollxxx.com\/\">Mini sexdocka<\/a>:<\/span> Sexdocka perfekt gjord av TPE och silikonmaterial, vi \u00e4r det mest p\u00e5litliga sexdockorf\u00f6retaget eftersom vi tillhandah\u00e5ller h\u00f6gkvalitativa mjuka och s\u00e4kra k\u00e4rleksdockor och super TPE sexdockor till v\u00e5ra kunder. Garanterad leverans och fri frakt!<\/li><li><a href=\"https:\/\/pornsites.xxx\/\" target=\"_blank\" rel=\"noopener\"><span style=\"color: red;\">Porrwebbplatsrecensioner:<\/span><\/a> Porrsidor \u00e4r helt enkelt listan \u00f6ver de b\u00e4sta porrsajterna och sexleksaksajterna. Hitta XXX recensioner och \u00e4rliga rankningar av de mest popul\u00e4ra sexkamerorna, r\u00f6ren, VR och massor av gratissajter!<\/li><li><a href=\"https:\/\/utengrense.com\/\" target=\"_blank\" rel=\"noopener\"><span style=\"color: red;\">Utengrense.com:<\/span><\/a> Vi har v\u00e5r sexbutik online i Norge och vi \u00e4r intresserade av att s\u00e4lja just h\u00f6gkvalitativa f\u00f6rem\u00e5l till ett bra pris till v\u00e5ra kunder som sexleksaker och sexiga underkl\u00e4der.<\/li><li><a href=\"https:\/\/www.pincelebs.net\/\" target=\"_blank\" rel=\"noopener\"><span style=\"color: red;\">Pin k\u00e4ndisar:<\/span><\/a> Naken, naken, topless, sexig och genomsk\u00e5da bilder av k\u00e4ndissk\u00e5despelerskor, s\u00e5ngare, modeller och tv-personligheter<\/li><li><a href=\"https:\/\/www.youpornlist.com\/\" target=\"_blank\" rel=\"noopener\"><span style=\"color: red;\">Youpornlist.com: <\/span><\/a>YouPornList \u00e4r ett urval av de b\u00e4sta porrsajterna efter kategorier. Varje plats har valts ut efter en l\u00e5ng och rigor\u00f6s analys av v\u00e5ra handjobbsexperter.<\/li><li><a href=\"https:\/\/www.porninspector.com\/\" target=\"_blank\" rel=\"noopener\"><span style=\"color: red;\">Porninspector.com:<\/span><\/a> Porn Inspector har m\u00e5nga porrrecensioner av n\u00e5gra av de mest lovande vuxenwebbplatserna. Vi ger alltid v\u00e5r mest \u00e4rliga och opartiska \u00e5sikt. Varje artikel kommer att inneh\u00e5lla m\u00e5nga bilder och videoprover tagna direkt fr\u00e5n den webbplatsens medlemsomr\u00e5de, vilket ger dig m\u00f6jlighet att se exakt vad som erbjuds innan du best\u00e4mmer dig f\u00f6r att k\u00f6pa!<\/li><li><a href=\"http:\/\/hentai-gamer.com\/\" target=\"_blank\" rel=\"noopener\"><span style=\"color: red;\">Hentai-Gamer:<\/span><\/a> Hentai-Gamer.com \u00e4r den b\u00e4sta webbplatsen f\u00f6r 100% gratis Hentai-spel. S\u00e5 forts\u00e4tt och spela hentai flash-spel nu!<\/li><li><a href=\"https:\/\/sexdollpornhd.com\/\" target=\"_blank\" rel=\"noopener\"><span style=\"color: red;\">Sexdocka Porr HD: <\/span><\/a>Kolla sexdockorporrfilmer p\u00e5 SexDollPornHD.com s\u00e5 att du kan se din k\u00e4rleksdocka i aktion innan du k\u00f6per henne!<\/li><li><a href=\"https:\/\/www.thesafeporn.com\/\" target=\"_blank\" rel=\"noopener\"><span style=\"color: red;\">S\u00e4ker porr: <\/span><\/a>p\u00e5 thesafeporn.com hittar du tusentals porrsajter, utvalda f\u00f6r deras kvalitet och s\u00e4kerhet, f\u00f6r varje sida en recension som hj\u00e4lper dig i ditt val.<\/li><li><a href=\"https:\/\/allpornsites.net\/\" target=\"_blank\" rel=\"noopener\"><span style=\"color: red;\">Allpornsites.net:<\/span><\/a> P\u00e5 alla porrsajter hittar du det st\u00f6rsta urvalet av porrsajter i universum som uppdateras regelbundet n\u00e4stan varje dag med nya porrsajter oavsett nisch.<\/li><li><a href=\"https:\/\/www.sexdollslove.com\/\" target=\"_blank\" rel=\"noopener\"><span style=\"color: red;\">SexDollsLove.com: <\/span><\/a>Listor \u00f6ver de b\u00e4sta sexdockorna och k\u00e4rleksb\u00e5larna. Hitta guider och \u00e4rliga rankningar av de mest popul\u00e4ra k\u00e4rleksdockorna idag!<\/li><li><a href=\"https:\/\/hotpornbible.com\/\" target=\"_blank\" rel=\"noopener\"><span style=\"color: red;\">Lista \u00f6ver heta porrsajter:<\/span><\/a>Hot Porr Bible har de hetaste porrsajterna i v\u00e4rlden! Vi har de h\u00f6gst rankade gratis och premium xxx-webbplatserna f\u00f6r vuxna i varje kategori.<\/li><li><a href=\"https:\/\/www.mrpinks.com\/\" target=\"_blank\" rel=\"noopener\"><span style=\"color: red;\">Porrrecensioner:<\/span><\/a> Mr. Pink&#039;s Porr Recensioner \u00e4r din betrodda porrrecensionssajt f\u00f6r \u00e4rliga recensioner av vuxna sajter, rabattporr och de b\u00e4sta porrsajterna.<\/li><li><a href=\"https:\/\/richobo.com\/\" target=\"_blank\" rel=\"noopener\"><span style=\"color: red;\">Annonser och eskortguide | Richobo: <\/span><\/a>Underh\u00e5llningsnyhetslista med internationella vuxenannonser Richobo \/ eskorter \/ evenemang \/ strippor \/ vuxentj\u00e4nster \/ xguide \/ modeller \/ massage \/ lyxbilar<\/li><li><a href=\"https:\/\/uncams.com\/\" target=\"_blank\" rel=\"noopener\"><span style=\"color: red;\">FN-kameror:<\/span><\/a> Titta p\u00e5 Live Cams nu! Ingen registrering kr\u00e4vs \u2013 100% Gratis ocensurerad vuxenchatt. B\u00f6rja chatta med amat\u00f6rer, exhibitionister, porrstj\u00e4rnor med HD-video och ljud.<\/li><li><a href=\"https:\/\/jerkdude.com\"><span style=\"color: #ff0000;\">Escortfish <\/span><\/a>\u2013 Bes\u00f6k jerkdude och hitta de topprankade porrsajterna.<\/li><\/ul>\t\t\t\t\t\t\t\t<\/div>\n\t\t\t\t<\/div>\n\t\t\t\t\t<\/div>\n\t\t<\/div>\n\t\t\t\t\t<\/div>\n\t\t<\/section>\n\t\t\t\t<section class=\"elementor-section elementor-top-section elementor-element elementor-element-9bead22 elementor-section-boxed elementor-section-height-default elementor-section-height-default\" data-id=\"9bead22\" data-element_type=\"section\">\n\t\t\t\t\t\t<div class=\"elementor-container elementor-column-gap-default\">\n\t\t\t\t\t<div class=\"elementor-column elementor-col-100 elementor-top-column elementor-element elementor-element-335e664e\" data-id=\"335e664e\" data-element_type=\"column\">\n\t\t\t<div class=\"elementor-widget-wrap elementor-element-populated\">\n\t\t\t\t\t\t<div class=\"elementor-element elementor-element-156cce51 elementor-widget elementor-widget-spacer\" data-id=\"156cce51\" data-element_type=\"widget\" data-widget_type=\"spacer.default\">\n\t\t\t\t<div class=\"elementor-widget-container\">\n\t\t\t\t\t\t\t<div class=\"elementor-spacer\">\n\t\t\t<div class=\"elementor-spacer-inner\"><\/div>\n\t\t<\/div>\n\t\t\t\t\t\t<\/div>\n\t\t\t\t<\/div>\n\t\t\t\t\t<\/div>\n\t\t<\/div>\n\t\t\t\t\t<\/div>\n\t\t<\/section>\n\t\t\t\t<\/div>","protected":false},"excerpt":{"rendered":"","protected":false},"author":455,"featured_media":0,"parent":0,"menu_order":0,"comment_status":"closed","ping_status":"closed","template":"","meta":{"footnotes":""},"class_list":["post-21906","page","type-page","status-publish","hentry"],"yoast_head":"<!-- This site is optimized with the Yoast SEO Premium plugin v22.6 (Yoast SEO v22.9) - https:\/\/yoast.com\/wordpress\/plugins\/seo\/ -->\n<title>Explore More Product | Miisoo Sex Sites | Miisoodoll<\/title>\n<meta name=\"description\" content=\"Dive into an expansive selection at Miisoo Sex Sites. Explore diverse products for a heightened intimate experience. Your satisfaction, our priority at MiisooDoll.\" \/>\n<meta name=\"robots\" content=\"index, follow, max-snippet:-1, max-image-preview:large, max-video-preview:-1\" \/>\n<link rel=\"canonical\" href=\"https:\/\/www.miisoo.com\/sv\/more-sex-sites\/\" \/>\n<meta property=\"og:locale\" content=\"sv_SE\" \/>\n<meta property=\"og:type\" content=\"article\" \/>\n<meta property=\"og:title\" content=\"More Sex Sites\" \/>\n<meta property=\"og:description\" content=\"Dive into an expansive selection at Miisoo Sex Sites. Explore diverse products for a heightened intimate experience. Your satisfaction, our priority at MiisooDoll.\" \/>\n<meta property=\"og:url\" content=\"https:\/\/www.miisoo.com\/sv\/more-sex-sites\/\" \/>\n<meta property=\"og:site_name\" content=\"MiisooDoll\" \/>\n<meta property=\"article:publisher\" content=\"https:\/\/www.facebook.com\/miisoodoll\" \/>\n<meta property=\"article:modified_time\" content=\"2024-08-17T04:51:08+00:00\" \/>\n<meta name=\"twitter:card\" content=\"summary_large_image\" \/>\n<meta name=\"twitter:site\" content=\"@MiisooSexDolls\" \/>\n<meta name=\"twitter:label1\" content=\"Ber\u00e4knad l\u00e4stid\" \/>\n\t<meta name=\"twitter:data1\" content=\"1 minut\" \/>\n<!-- \/ Yoast SEO Premium plugin. -->","yoast_head_json":{"title":"Explore More Product | Miisoo Sex Sites | Miisoodoll","description":"Dive into an expansive selection at Miisoo Sex Sites. Explore diverse products for a heightened intimate experience. Your satisfaction, our priority at MiisooDoll.","robots":{"index":"index","follow":"follow","max-snippet":"max-snippet:-1","max-image-preview":"max-image-preview:large","max-video-preview":"max-video-preview:-1"},"canonical":"https:\/\/www.miisoo.com\/sv\/more-sex-sites\/","og_locale":"sv_SE","og_type":"article","og_title":"More Sex Sites","og_description":"Dive into an expansive selection at Miisoo Sex Sites. Explore diverse products for a heightened intimate experience. Your satisfaction, our priority at MiisooDoll.","og_url":"https:\/\/www.miisoo.com\/sv\/more-sex-sites\/","og_site_name":"MiisooDoll","article_publisher":"https:\/\/www.facebook.com\/miisoodoll","article_modified_time":"2024-08-17T04:51:08+00:00","twitter_card":"summary_large_image","twitter_site":"@MiisooSexDolls","twitter_misc":{"Ber\u00e4knad l\u00e4stid":"1 minut"},"schema":{"@context":"https:\/\/schema.org","@graph":[{"@type":"WebPage","@id":"https:\/\/www.miisoo.com\/more-sex-sites\/","url":"https:\/\/www.miisoo.com\/more-sex-sites\/","name":"Explore More Product | Miisoo Sex Sites | Miisoodoll","isPartOf":{"@id":"https:\/\/www.miisoo.com\/#website"},"datePublished":"2022-01-25T09:17:49+00:00","dateModified":"2024-08-17T04:51:08+00:00","description":"Dive into an expansive selection at Miisoo Sex Sites. Explore diverse products for a heightened intimate experience. Your satisfaction, our priority at MiisooDoll.","breadcrumb":{"@id":"https:\/\/www.miisoo.com\/more-sex-sites\/#breadcrumb"},"inLanguage":"sv-SE","potentialAction":[{"@type":"ReadAction","target":["https:\/\/www.miisoo.com\/more-sex-sites\/"]}]},{"@type":"BreadcrumbList","@id":"https:\/\/www.miisoo.com\/more-sex-sites\/#breadcrumb","itemListElement":[{"@type":"ListItem","position":1,"name":"Home","item":"https:\/\/www.miisoo.com\/"},{"@type":"ListItem","position":2,"name":"More Sex Sites"}]},{"@type":"WebSite","@id":"https:\/\/www.miisoo.com\/#website","url":"https:\/\/www.miisoo.com\/","name":"MiisooDoll","description":"Sexual Doll, Real Sex Dolls, Love Doll, Best Sex Dolls","publisher":{"@id":"https:\/\/www.miisoo.com\/#organization"},"potentialAction":[{"@type":"SearchAction","target":{"@type":"EntryPoint","urlTemplate":"https:\/\/www.miisoo.com\/?s={search_term_string}"},"query-input":"required name=search_term_string"}],"inLanguage":"sv-SE"},{"@type":"Organization","@id":"https:\/\/www.miisoo.com\/#organization","name":"MiisooDoll","url":"https:\/\/www.miisoo.com\/","logo":{"@type":"ImageObject","inLanguage":"sv-SE","@id":"https:\/\/www.miisoo.com\/#\/schema\/logo\/image\/","url":"https:\/\/www.miisoo.com\/wp-content\/uploads\/2020\/09\/logo-botton.png","contentUrl":"https:\/\/www.miisoo.com\/wp-content\/uploads\/2020\/09\/logo-botton.png","width":181,"height":42,"caption":"MiisooDoll"},"image":{"@id":"https:\/\/www.miisoo.com\/#\/schema\/logo\/image\/"},"sameAs":["https:\/\/www.facebook.com\/miisoodoll","https:\/\/x.com\/MiisooSexDolls"]}]}},"_links":{"self":[{"href":"https:\/\/www.miisoo.com\/sv\/wp-json\/wp\/v2\/pages\/21906","targetHints":{"allow":["GET"]}}],"collection":[{"href":"https:\/\/www.miisoo.com\/sv\/wp-json\/wp\/v2\/pages"}],"about":[{"href":"https:\/\/www.miisoo.com\/sv\/wp-json\/wp\/v2\/types\/page"}],"author":[{"embeddable":true,"href":"https:\/\/www.miisoo.com\/sv\/wp-json\/wp\/v2\/users\/455"}],"replies":[{"embeddable":true,"href":"https:\/\/www.miisoo.com\/sv\/wp-json\/wp\/v2\/comments?post=21906"}],"version-history":[{"count":1,"href":"https:\/\/www.miisoo.com\/sv\/wp-json\/wp\/v2\/pages\/21906\/revisions"}],"predecessor-version":[{"id":21908,"href":"https:\/\/www.miisoo.com\/sv\/wp-json\/wp\/v2\/pages\/21906\/revisions\/21908"}],"wp:attachment":[{"href":"https:\/\/www.miisoo.com\/sv\/wp-json\/wp\/v2\/media?parent=21906"}],"curies":[{"name":"wp","href":"https:\/\/api.w.org\/{rel}","templated":true}]}}