{"id":1955,"date":"2017-12-18T10:08:41","date_gmt":"2017-12-18T10:08:41","guid":{"rendered":"http:\/\/demo2.drfuri.com\/martfury13\/?page_id=1955"},"modified":"2023-12-22T20:23:27","modified_gmt":"2023-12-22T12:23:27","slug":"payment-methods","status":"publish","type":"page","link":"https:\/\/www.miisoo.com\/sv\/payment-methods\/","title":{"rendered":"Betalningsmetoder"},"content":{"rendered":"<div data-elementor-type=\"wp-post\" data-elementor-id=\"1955\" class=\"elementor elementor-1955\" data-elementor-post-type=\"page\">\n\t\t\t\t\t\t<section class=\"elementor-section elementor-top-section elementor-element elementor-element-4e37ace4 elementor-section-boxed elementor-section-height-default elementor-section-height-default\" data-id=\"4e37ace4\" data-element_type=\"section\">\n\t\t\t\t\t\t<div class=\"elementor-container elementor-column-gap-default\">\n\t\t\t\t\t<div class=\"elementor-column elementor-col-100 elementor-top-column elementor-element elementor-element-640451c4\" data-id=\"640451c4\" data-element_type=\"column\">\n\t\t\t<div class=\"elementor-widget-wrap elementor-element-populated\">\n\t\t\t\t\t\t<div class=\"elementor-element elementor-element-18158806 elementor-widget elementor-widget-spacer\" data-id=\"18158806\" data-element_type=\"widget\" data-widget_type=\"spacer.default\">\n\t\t\t\t<div class=\"elementor-widget-container\">\n\t\t\t\t\t\t\t<div class=\"elementor-spacer\">\n\t\t\t<div class=\"elementor-spacer-inner\"><\/div>\n\t\t<\/div>\n\t\t\t\t\t\t<\/div>\n\t\t\t\t<\/div>\n\t\t\t\t<div class=\"elementor-element elementor-element-49224bca elementor-widget elementor-widget-heading\" data-id=\"49224bca\" data-element_type=\"widget\" data-widget_type=\"heading.default\">\n\t\t\t\t<div class=\"elementor-widget-container\">\n\t\t\t\t\t<h3 class=\"elementor-heading-title elementor-size-medium\">Nu accepterar vi f\u00f6ljande betalningsmetoder, v\u00e4nligen meddela oss vilken du f\u00f6redrar s\u00e5 att vi kan erbjuda nedanst\u00e5ende information:<\/h3>\t\t\t\t<\/div>\n\t\t\t\t<\/div>\n\t\t\t\t<div class=\"elementor-element elementor-element-7c4a7baf elementor-widget elementor-widget-spacer\" data-id=\"7c4a7baf\" data-element_type=\"widget\" data-widget_type=\"spacer.default\">\n\t\t\t\t<div class=\"elementor-widget-container\">\n\t\t\t\t\t\t\t<div class=\"elementor-spacer\">\n\t\t\t<div class=\"elementor-spacer-inner\"><\/div>\n\t\t<\/div>\n\t\t\t\t\t\t<\/div>\n\t\t\t\t<\/div>\n\t\t\t\t\t<\/div>\n\t\t<\/div>\n\t\t\t\t\t<\/div>\n\t\t<\/section>\n\t\t\t\t<section class=\"elementor-section elementor-top-section elementor-element elementor-element-17b51d32 elementor-section-boxed elementor-section-height-default elementor-section-height-default\" data-id=\"17b51d32\" data-element_type=\"section\">\n\t\t\t\t\t\t<div class=\"elementor-container elementor-column-gap-default\">\n\t\t\t\t\t<div class=\"elementor-column elementor-col-33 elementor-top-column elementor-element elementor-element-7406886e\" data-id=\"7406886e\" data-element_type=\"column\">\n\t\t\t<div class=\"elementor-widget-wrap elementor-element-populated\">\n\t\t\t\t\t\t<div class=\"elementor-element elementor-element-4f2a4ffd elementor-widget elementor-widget-mf-elementor-icon-box\" data-id=\"4f2a4ffd\" data-element_type=\"widget\" data-widget_type=\"mf-elementor-icon-box.default\">\n\t\t\t\t<div class=\"elementor-widget-container\">\n\t\t\t\t\t<div class=\"mf-elementor-icon-box align-icon-center\">\r\n\t\t\t\t<div class=\"mf-icon-area box-img\"><img decoding=\"async\" width=\"142\" height=\"90\" src=\"https:\/\/www.miisoo.com\/wp-content\/uploads\/2019\/05\/icon-box-1.png\" class=\"attachment-full size-full wp-image-2791\" alt=\"\" \/><\/div>\r\n\t\t\t\t<div class=\"box-wrapper\">\r\n\t\t\t\t\t<h3 class=\"box-title\"><span class=\"\" >S\u00e4kra<\/span><\/h3>\r\n\t\t\t\t\t<div class=\"desc\">N\u00e4r du betalar r\u00e4kningar, skickar pengar eller k\u00f6per jobbar det h\u00e5rt f\u00f6r att h\u00e5lla din ekonomiska information s\u00e4ker.<\/div>\r\n\t\t\t\t\t\r\n\t\t\t\t<\/div>\r\n\t\t\t<\/div>\t\t\t\t<\/div>\n\t\t\t\t<\/div>\n\t\t\t\t<div class=\"elementor-element elementor-element-4abcdcc3 elementor-widget elementor-widget-spacer\" data-id=\"4abcdcc3\" data-element_type=\"widget\" data-widget_type=\"spacer.default\">\n\t\t\t\t<div class=\"elementor-widget-container\">\n\t\t\t\t\t\t\t<div class=\"elementor-spacer\">\n\t\t\t<div class=\"elementor-spacer-inner\"><\/div>\n\t\t<\/div>\n\t\t\t\t\t\t<\/div>\n\t\t\t\t<\/div>\n\t\t\t\t\t<\/div>\n\t\t<\/div>\n\t\t\t\t<div class=\"elementor-column elementor-col-33 elementor-top-column elementor-element elementor-element-1732b80d\" data-id=\"1732b80d\" data-element_type=\"column\">\n\t\t\t<div class=\"elementor-widget-wrap elementor-element-populated\">\n\t\t\t\t\t\t<div class=\"elementor-element elementor-element-5e12dcb2 elementor-widget elementor-widget-mf-elementor-icon-box\" data-id=\"5e12dcb2\" data-element_type=\"widget\" data-widget_type=\"mf-elementor-icon-box.default\">\n\t\t\t\t<div class=\"elementor-widget-container\">\n\t\t\t\t\t<div class=\"mf-elementor-icon-box align-icon-center\">\r\n\t\t\t\t<div class=\"mf-icon-area box-img\"><img decoding=\"async\" width=\"142\" height=\"90\" src=\"https:\/\/www.miisoo.com\/wp-content\/uploads\/2019\/05\/icon-box-1.png\" class=\"attachment-full size-full wp-image-2791\" alt=\"\" \/><\/div>\r\n\t\t\t\t<div class=\"box-wrapper\">\r\n\t\t\t\t\t<h3 class=\"box-title\"><span class=\"\" >Snabb<\/span><\/h3>\r\n\t\t\t\t\t<div class=\"desc\">Du beh\u00f6ver inte ange all din ekonomiska information varje g\u00e5ng du handlar. Snabba genom kassan med PayPal.<\/div>\r\n\t\t\t\t\t\r\n\t\t\t\t<\/div>\r\n\t\t\t<\/div>\t\t\t\t<\/div>\n\t\t\t\t<\/div>\n\t\t\t\t<div class=\"elementor-element elementor-element-3ecec980 elementor-widget elementor-widget-spacer\" data-id=\"3ecec980\" data-element_type=\"widget\" data-widget_type=\"spacer.default\">\n\t\t\t\t<div class=\"elementor-widget-container\">\n\t\t\t\t\t\t\t<div class=\"elementor-spacer\">\n\t\t\t<div class=\"elementor-spacer-inner\"><\/div>\n\t\t<\/div>\n\t\t\t\t\t\t<\/div>\n\t\t\t\t<\/div>\n\t\t\t\t\t<\/div>\n\t\t<\/div>\n\t\t\t\t<div class=\"elementor-column elementor-col-33 elementor-top-column elementor-element elementor-element-5d1fa7a8\" data-id=\"5d1fa7a8\" data-element_type=\"column\">\n\t\t\t<div class=\"elementor-widget-wrap elementor-element-populated\">\n\t\t\t\t\t\t<div class=\"elementor-element elementor-element-4773ce6f elementor-widget elementor-widget-mf-elementor-icon-box\" data-id=\"4773ce6f\" data-element_type=\"widget\" data-widget_type=\"mf-elementor-icon-box.default\">\n\t\t\t\t<div class=\"elementor-widget-container\">\n\t\t\t\t\t<div class=\"mf-elementor-icon-box align-icon-center\">\r\n\t\t\t\t<div class=\"mf-icon-area box-img\"><img decoding=\"async\" width=\"142\" height=\"90\" src=\"https:\/\/www.miisoo.com\/wp-content\/uploads\/2019\/05\/icon-box-1.png\" class=\"attachment-full size-full wp-image-2791\" alt=\"\" \/><\/div>\r\n\t\t\t\t<div class=\"box-wrapper\">\r\n\t\t\t\t\t<h3 class=\"box-title\"><span class=\"\" >L\u00e4tt<\/span><\/h3>\r\n\t\t\t\t\t<div class=\"desc\">Registrera dig gratis, g\u00f6r \u00e4ven k\u00f6p och skicka pengar. anv\u00e4nda ditt saldo eller bankkonto, utan extra kostnad.<\/div>\r\n\t\t\t\t\t\r\n\t\t\t\t<\/div>\r\n\t\t\t<\/div>\t\t\t\t<\/div>\n\t\t\t\t<\/div>\n\t\t\t\t<div class=\"elementor-element elementor-element-182e9ec1 elementor-widget elementor-widget-spacer\" data-id=\"182e9ec1\" data-element_type=\"widget\" data-widget_type=\"spacer.default\">\n\t\t\t\t<div class=\"elementor-widget-container\">\n\t\t\t\t\t\t\t<div class=\"elementor-spacer\">\n\t\t\t<div class=\"elementor-spacer-inner\"><\/div>\n\t\t<\/div>\n\t\t\t\t\t\t<\/div>\n\t\t\t\t<\/div>\n\t\t\t\t\t<\/div>\n\t\t<\/div>\n\t\t\t\t\t<\/div>\n\t\t<\/section>\n\t\t\t\t<section class=\"elementor-section elementor-top-section elementor-element elementor-element-350ff3f1 elementor-section-boxed elementor-section-height-default elementor-section-height-default\" data-id=\"350ff3f1\" data-element_type=\"section\">\n\t\t\t\t\t\t<div class=\"elementor-container elementor-column-gap-default\">\n\t\t\t\t\t<div class=\"elementor-column elementor-col-100 elementor-top-column elementor-element elementor-element-6c5c34ea\" data-id=\"6c5c34ea\" data-element_type=\"column\">\n\t\t\t<div class=\"elementor-widget-wrap elementor-element-populated\">\n\t\t\t\t\t\t<div class=\"elementor-element elementor-element-5506959 elementor-widget-divider--view-line elementor-widget elementor-widget-divider\" data-id=\"5506959\" data-element_type=\"widget\" data-widget_type=\"divider.default\">\n\t\t\t\t<div class=\"elementor-widget-container\">\n\t\t\t\t\t\t\t<div class=\"elementor-divider\">\n\t\t\t<span class=\"elementor-divider-separator\">\n\t\t\t\t\t\t<\/span>\n\t\t<\/div>\n\t\t\t\t\t\t<\/div>\n\t\t\t\t<\/div>\n\t\t\t\t<div class=\"elementor-element elementor-element-20909d1 elementor-widget elementor-widget-spacer\" data-id=\"20909d1\" data-element_type=\"widget\" data-widget_type=\"spacer.default\">\n\t\t\t\t<div class=\"elementor-widget-container\">\n\t\t\t\t\t\t\t<div class=\"elementor-spacer\">\n\t\t\t<div class=\"elementor-spacer-inner\"><\/div>\n\t\t<\/div>\n\t\t\t\t\t\t<\/div>\n\t\t\t\t<\/div>\n\t\t\t\t<div class=\"elementor-element elementor-element-e9263ce elementor-widget elementor-widget-text-editor\" data-id=\"e9263ce\" data-element_type=\"widget\" data-widget_type=\"text-editor.default\">\n\t\t\t\t<div class=\"elementor-widget-container\">\n\t\t\t\t\t\t\t\t\t<p><strong>Metod I<\/strong><\/p><p><strong>Betala med PayPal eller Visa &amp; Master eller andra kreditkort, betalkort fr\u00e5n varukorgssidan.<\/strong><\/p><p>Du beh\u00f6ver inte g\u00e5 till n\u00e4sta steg &quot;Forts\u00e4tt till kassan&quot;, klicka p\u00e5 PAYPAL eller v\u00e4lj kreditkorts- och bankknappen f\u00f6r att slutf\u00f6ra k\u00f6pprocessen direkt p\u00e5 varukorgssidan.<\/p><p>1. PayPal-betalning: klicka bara p\u00e5 PayPal-knappen f\u00f6r att betala, den gula knappen &quot;PayPal kassan&quot;.<\/p><p>2. Betalning med betal- eller kreditkort: V\u00e4lj direkt betalning eller &quot;Visa\u00ae, MasterCard\u00ae, AmericanExpress\u00ae, Discover\u00ae kreditkort, etc&quot;, varav ett kan betalas direkt med betal- eller kreditkortsknapp med ett direktklick f\u00f6r att dyka upp dialogrutan. Faktureringsinformationen och fraktinformationen fylls i direkt i kreditkortsbetalningsporten, din best\u00e4llningsdetaljinformation kommer sedan att returneras till v\u00e5r webbplats. Oroa dig inte f\u00f6r uteblivna best\u00e4llningar och eventuella s\u00e4kerhetsproblem.<\/p><p>Funktioner<\/p><p>Betalningshantering sker p\u00e5 Paypals servrar s\u00e5 du beh\u00f6ver inte oroa dig f\u00f6r att hantera k\u00e4nslig betalningsinformation p\u00e5 v\u00e5r sida.<br \/>Denna betalningsmetod hoppar \u00f6ver att g\u00e5 vidare till kassaprocessen och kunder l\u00e4mnar din webbplats fr\u00e5n kundvagnssidan f\u00f6r att slutf\u00f6ra kassan via Paypal eller kreditkortsplattform.<\/p><p>Metod II<\/p><p>Klicka p\u00e5 knappen &quot;Forts\u00e4tt till kassan&quot; och g\u00e5 till kassasidan<\/p><p>2. PayPal eller kreditkortsbetalning online (rekommenderas)<\/p><p>Vi accepterar \u00e4ven kreditkortsbetalningar via PayPals betalningssystem. PayPals betalningssystem st\u00f6der VISA, MasterCard, Discover, eCheck och PayPal.<\/p><p>PayPal \u00e4r det s\u00e4kraste s\u00e4ttet att betala online, \u00e4ven om du inte har ett PayPal-konto kan du fortfarande betala med betal- eller kreditkort via PayPal.<\/p><p>V\u00e4lj betalningss\u00e4tt:<\/p><p>Med ett PayPal-konto<br \/>1. V\u00e4lj PayPal i kassan<br \/>2. Logga in p\u00e5 ditt PayPal-konto<br \/>3. Slutf\u00f6r transaktionen<br \/>4. Du kommer att f\u00e5 ett e-postmeddelande n\u00e4r betalningen har behandlats och tagits emot.<\/p><p>Med betal- eller kreditkort via PayPal<br \/>Inget PayPal-konto beh\u00f6vs!<br \/>1. V\u00e4lj PayPal i kassan<br \/>2. Rulla ned till alternativet &quot;Betala med betal- eller kreditkort&quot;<br \/>3. Slutf\u00f6r transaktionen<br \/>4. Du kommer att f\u00e5 ett e-postmeddelande n\u00e4r betalningen har behandlats och tagits emot.<\/p><p>3. Betala med Visa, MasterCard<\/p><p>Vi accepterar Visa, MasterCard fr\u00e5n de flesta platser i v\u00e4rlden. N\u00e4r v\u00e5r kreditkortsgateway-betalning visar vad som misslyckades, kanske det finns n\u00e5got tekniskt problem med v\u00e5r gr\u00e4ns f\u00f6r kreditkortsbetalningsgateway:<br \/>1) Oavsett om kreditkortet \u00f6verskrider maxbeloppet med bankgr\u00e4nsen eller visar h\u00f6g risk, kontakta banken f\u00f6r att ta bort begr\u00e4nsningarna.<br \/>2) F\u00f6rs\u00f6k att betala &quot;PayPal eller kreditkortsbetalning online (rekommenderas)&quot;.<br \/>3) Best\u00e4ll om denna best\u00e4llning och betala med kreditkort p\u00e5 kundvagnssidan (support: Visa\u00ae, MasterCard\u00ae, AmericanExpress\u00ae, Discover\u00ae kreditkort).<br \/>F\u00f6rs\u00f6k att betala igen, vi uppskattar det verkligen.<\/p>\t\t\t\t\t\t\t\t<\/div>\n\t\t\t\t<\/div>\n\t\t\t\t\t<\/div>\n\t\t<\/div>\n\t\t\t\t\t<\/div>\n\t\t<\/section>\n\t\t\t\t<section class=\"elementor-section elementor-top-section elementor-element elementor-element-6280ce2a elementor-section-boxed elementor-section-height-default elementor-section-height-default\" data-id=\"6280ce2a\" data-element_type=\"section\">\n\t\t\t\t\t\t<div class=\"elementor-container elementor-column-gap-default\">\n\t\t\t\t\t<div class=\"elementor-column elementor-col-100 elementor-top-column elementor-element elementor-element-5ec1c87b\" data-id=\"5ec1c87b\" data-element_type=\"column\">\n\t\t\t<div class=\"elementor-widget-wrap elementor-element-populated\">\n\t\t\t\t\t\t<div class=\"elementor-element elementor-element-2cfb020e elementor-widget-divider--view-line elementor-widget elementor-widget-divider\" data-id=\"2cfb020e\" data-element_type=\"widget\" data-widget_type=\"divider.default\">\n\t\t\t\t<div class=\"elementor-widget-container\">\n\t\t\t\t\t\t\t<div class=\"elementor-divider\">\n\t\t\t<span class=\"elementor-divider-separator\">\n\t\t\t\t\t\t<\/span>\n\t\t<\/div>\n\t\t\t\t\t\t<\/div>\n\t\t\t\t<\/div>\n\t\t\t\t<div class=\"elementor-element elementor-element-3e81c0f3 elementor-widget elementor-widget-spacer\" data-id=\"3e81c0f3\" data-element_type=\"widget\" data-widget_type=\"spacer.default\">\n\t\t\t\t<div class=\"elementor-widget-container\">\n\t\t\t\t\t\t\t<div class=\"elementor-spacer\">\n\t\t\t<div class=\"elementor-spacer-inner\"><\/div>\n\t\t<\/div>\n\t\t\t\t\t\t<\/div>\n\t\t\t\t<\/div>\n\t\t\t\t<div class=\"elementor-element elementor-element-7f6ae5be elementor-widget elementor-widget-heading\" data-id=\"7f6ae5be\" data-element_type=\"widget\" data-widget_type=\"heading.default\">\n\t\t\t\t<div class=\"elementor-widget-container\">\n\t\t\t\t\t<h2 class=\"elementor-heading-title elementor-size-default\">Har du fortfarande fler fr\u00e5gor? Kontakta oss g\u00e4rna.<\/h2>\t\t\t\t<\/div>\n\t\t\t\t<\/div>\n\t\t\t\t<div class=\"elementor-element elementor-element-6baeaa38 elementor-widget elementor-widget-spacer\" data-id=\"6baeaa38\" data-element_type=\"widget\" data-widget_type=\"spacer.default\">\n\t\t\t\t<div class=\"elementor-widget-container\">\n\t\t\t\t\t\t\t<div class=\"elementor-spacer\">\n\t\t\t<div class=\"elementor-spacer-inner\"><\/div>\n\t\t<\/div>\n\t\t\t\t\t\t<\/div>\n\t\t\t\t<\/div>\n\t\t\t\t<div class=\"elementor-element elementor-element-459125b3 elementor-align-center elementor-widget elementor-widget-button\" data-id=\"459125b3\" data-element_type=\"widget\" data-widget_type=\"button.default\">\n\t\t\t\t<div class=\"elementor-widget-container\">\n\t\t\t\t\t\t\t\t\t<div class=\"elementor-button-wrapper\">\n\t\t\t\t\t<a class=\"elementor-button elementor-button-link elementor-size-md\" href=\"\/sv\/contact-miisoo-doll\/\">\n\t\t\t\t\t\t<span class=\"elementor-button-content-wrapper\">\n\t\t\t\t\t\t\t\t\t<span class=\"elementor-button-text\">Kontakta oss<\/span>\n\t\t\t\t\t<\/span>\n\t\t\t\t\t<\/a>\n\t\t\t\t<\/div>\n\t\t\t\t\t\t\t\t<\/div>\n\t\t\t\t<\/div>\n\t\t\t\t<div class=\"elementor-element elementor-element-31eaea2c elementor-widget elementor-widget-spacer\" data-id=\"31eaea2c\" data-element_type=\"widget\" data-widget_type=\"spacer.default\">\n\t\t\t\t<div class=\"elementor-widget-container\">\n\t\t\t\t\t\t\t<div class=\"elementor-spacer\">\n\t\t\t<div class=\"elementor-spacer-inner\"><\/div>\n\t\t<\/div>\n\t\t\t\t\t\t<\/div>\n\t\t\t\t<\/div>\n\t\t\t\t\t<\/div>\n\t\t<\/div>\n\t\t\t\t\t<\/div>\n\t\t<\/section>\n\t\t\t\t<\/div>","protected":false},"excerpt":{"rendered":"<p>Now we accepts the following payment methods, please let us know which one you prefer so We can offer below information: Secure When you are paying bills, sending money or purchase, it works hard to keep your financial information secure. Fast No need to enter all your financial information every time you shop. Speed through&hellip;<\/p>","protected":false},"author":455,"featured_media":0,"parent":0,"menu_order":0,"comment_status":"closed","ping_status":"closed","template":"template-full-width.php","meta":{"footnotes":""},"class_list":["post-1955","page","type-page","status-publish","hentry"],"yoast_head":"<!-- This site is optimized with the Yoast SEO Premium plugin v22.6 (Yoast SEO v22.9) - https:\/\/yoast.com\/wordpress\/plugins\/seo\/ -->\n<title>Choose Your Preferred &amp; Secure Payment Method at Miisoodoll<\/title>\n<meta name=\"description\" content=\"Shop confidently with Miisoodoll! Select from our secure payment options for a hassle-free checkout experience. Fast, safe, and convenient payment methods.\" \/>\n<meta name=\"robots\" content=\"index, follow, max-snippet:-1, max-image-preview:large, max-video-preview:-1\" \/>\n<link rel=\"canonical\" href=\"https:\/\/www.miisoo.com\/sv\/payment-methods\/\" \/>\n<meta property=\"og:locale\" content=\"sv_SE\" \/>\n<meta property=\"og:type\" content=\"article\" \/>\n<meta property=\"og:title\" content=\"Payment Methods\" \/>\n<meta property=\"og:description\" content=\"Shop confidently with Miisoodoll! Select from our secure payment options for a hassle-free checkout experience. Fast, safe, and convenient payment methods.\" \/>\n<meta property=\"og:url\" content=\"https:\/\/www.miisoo.com\/sv\/payment-methods\/\" \/>\n<meta property=\"og:site_name\" content=\"MiisooDoll\" \/>\n<meta property=\"article:publisher\" content=\"https:\/\/www.facebook.com\/miisoodoll\" \/>\n<meta property=\"article:modified_time\" content=\"2023-12-22T12:23:27+00:00\" \/>\n<meta property=\"og:image\" content=\"https:\/\/www.miisoo.com\/wp-content\/uploads\/2019\/05\/icon-box-1.png\" \/>\n<meta name=\"twitter:card\" content=\"summary_large_image\" \/>\n<meta name=\"twitter:site\" content=\"@MiisooSexDolls\" \/>\n<meta name=\"twitter:label1\" content=\"Ber\u00e4knad l\u00e4stid\" \/>\n\t<meta name=\"twitter:data1\" content=\"3 minuter\" \/>\n<!-- \/ Yoast SEO Premium plugin. -->","yoast_head_json":{"title":"Choose Your Preferred & Secure Payment Method at Miisoodoll","description":"Shop confidently with Miisoodoll! Select from our secure payment options for a hassle-free checkout experience. Fast, safe, and convenient payment methods.","robots":{"index":"index","follow":"follow","max-snippet":"max-snippet:-1","max-image-preview":"max-image-preview:large","max-video-preview":"max-video-preview:-1"},"canonical":"https:\/\/www.miisoo.com\/sv\/payment-methods\/","og_locale":"sv_SE","og_type":"article","og_title":"Payment Methods","og_description":"Shop confidently with Miisoodoll! Select from our secure payment options for a hassle-free checkout experience. Fast, safe, and convenient payment methods.","og_url":"https:\/\/www.miisoo.com\/sv\/payment-methods\/","og_site_name":"MiisooDoll","article_publisher":"https:\/\/www.facebook.com\/miisoodoll","article_modified_time":"2023-12-22T12:23:27+00:00","og_image":[{"url":"https:\/\/www.miisoo.com\/wp-content\/uploads\/2019\/05\/icon-box-1.png"}],"twitter_card":"summary_large_image","twitter_site":"@MiisooSexDolls","twitter_misc":{"Ber\u00e4knad l\u00e4stid":"3 minuter"},"schema":{"@context":"https:\/\/schema.org","@graph":[{"@type":"WebPage","@id":"https:\/\/www.miisoo.com\/payment-methods\/","url":"https:\/\/www.miisoo.com\/payment-methods\/","name":"Choose Your Preferred & Secure Payment Method at Miisoodoll","isPartOf":{"@id":"https:\/\/www.miisoo.com\/#website"},"primaryImageOfPage":{"@id":"https:\/\/www.miisoo.com\/payment-methods\/#primaryimage"},"image":{"@id":"https:\/\/www.miisoo.com\/payment-methods\/#primaryimage"},"thumbnailUrl":"https:\/\/www.miisoo.com\/wp-content\/uploads\/2019\/05\/icon-box-1.png","datePublished":"2017-12-18T10:08:41+00:00","dateModified":"2023-12-22T12:23:27+00:00","description":"Shop confidently with Miisoodoll! Select from our secure payment options for a hassle-free checkout experience. Fast, safe, and convenient payment methods.","breadcrumb":{"@id":"https:\/\/www.miisoo.com\/payment-methods\/#breadcrumb"},"inLanguage":"sv-SE","potentialAction":[{"@type":"ReadAction","target":["https:\/\/www.miisoo.com\/payment-methods\/"]}]},{"@type":"ImageObject","inLanguage":"sv-SE","@id":"https:\/\/www.miisoo.com\/payment-methods\/#primaryimage","url":"https:\/\/www.miisoo.com\/wp-content\/uploads\/2019\/05\/icon-box-1.png","contentUrl":"https:\/\/www.miisoo.com\/wp-content\/uploads\/2019\/05\/icon-box-1.png"},{"@type":"BreadcrumbList","@id":"https:\/\/www.miisoo.com\/payment-methods\/#breadcrumb","itemListElement":[{"@type":"ListItem","position":1,"name":"Home","item":"https:\/\/www.miisoo.com\/"},{"@type":"ListItem","position":2,"name":"Payment Methods"}]},{"@type":"WebSite","@id":"https:\/\/www.miisoo.com\/#website","url":"https:\/\/www.miisoo.com\/","name":"MiisooDoll","description":"Sexual Doll, Real Sex Dolls, Love Doll, Best Sex Dolls","publisher":{"@id":"https:\/\/www.miisoo.com\/#organization"},"potentialAction":[{"@type":"SearchAction","target":{"@type":"EntryPoint","urlTemplate":"https:\/\/www.miisoo.com\/?s={search_term_string}"},"query-input":"required name=search_term_string"}],"inLanguage":"sv-SE"},{"@type":"Organization","@id":"https:\/\/www.miisoo.com\/#organization","name":"MiisooDoll","url":"https:\/\/www.miisoo.com\/","logo":{"@type":"ImageObject","inLanguage":"sv-SE","@id":"https:\/\/www.miisoo.com\/#\/schema\/logo\/image\/","url":"https:\/\/www.miisoo.com\/wp-content\/uploads\/2020\/09\/logo-botton.png","contentUrl":"https:\/\/www.miisoo.com\/wp-content\/uploads\/2020\/09\/logo-botton.png","width":181,"height":42,"caption":"MiisooDoll"},"image":{"@id":"https:\/\/www.miisoo.com\/#\/schema\/logo\/image\/"},"sameAs":["https:\/\/www.facebook.com\/miisoodoll","https:\/\/x.com\/MiisooSexDolls"]}]}},"_links":{"self":[{"href":"https:\/\/www.miisoo.com\/sv\/wp-json\/wp\/v2\/pages\/1955","targetHints":{"allow":["GET"]}}],"collection":[{"href":"https:\/\/www.miisoo.com\/sv\/wp-json\/wp\/v2\/pages"}],"about":[{"href":"https:\/\/www.miisoo.com\/sv\/wp-json\/wp\/v2\/types\/page"}],"author":[{"embeddable":true,"href":"https:\/\/www.miisoo.com\/sv\/wp-json\/wp\/v2\/users\/455"}],"replies":[{"embeddable":true,"href":"https:\/\/www.miisoo.com\/sv\/wp-json\/wp\/v2\/comments?post=1955"}],"version-history":[{"count":1,"href":"https:\/\/www.miisoo.com\/sv\/wp-json\/wp\/v2\/pages\/1955\/revisions"}],"predecessor-version":[{"id":34677,"href":"https:\/\/www.miisoo.com\/sv\/wp-json\/wp\/v2\/pages\/1955\/revisions\/34677"}],"wp:attachment":[{"href":"https:\/\/www.miisoo.com\/sv\/wp-json\/wp\/v2\/media?parent=1955"}],"curies":[{"name":"wp","href":"https:\/\/api.w.org\/{rel}","templated":true}]}}