{"id":21451,"date":"2022-01-06T14:07:16","date_gmt":"2022-01-06T06:07:16","guid":{"rendered":"https:\/\/www.miisoo.com\/?post_type=product&#038;p=21451"},"modified":"2022-01-07T17:01:25","modified_gmt":"2022-01-07T09:01:25","slug":"buy-cute-best-male-sex-doll-dildo","status":"publish","type":"product","link":"https:\/\/www.miisoo.com\/sl\/product\/buy-cute-best-male-sex-doll-dildo\/","title":{"rendered":"Aiden \u2013 165 cm Kupite ljubko najbolj\u0161o mo\u0161ko seks lutko dildo"},"content":{"rendered":"<p>Ta najbolj\u0161a mo\u0161ka spolna lutka je mladi bankir, ki vedno praznuje po dolgem dnevu v slu\u017ebi. Zaradi dolgo\u010dasne narave svojega dela ne izgublja \u010dasa, da bi izgubil vsako prilo\u017enost, ki se ji ponudi. Njegova polna glava <a href=\"https:\/\/www.pinterest.com\/lavishcoils\/blonde-curls\/\">blond kodrasti lasje<\/a> vedno se zdi, da ga dame opazijo, kamorkoli gre.<\/p>\n<p>Ni treba posebej poudarjati, da je ena najbolj\u0161ih mo\u0161kih spolnih lutk, za katero se zdi, da ima vsak konec tedna vedno drugo damo za roko. Kljub svojemu nedol\u017enemu obrazu je ta ljubka pun\u010dka igralec. Ne glede na to, kako mirno je njegovo vedenje, je ta 165 cm visoka mo\u0161ka pun\u010dka za \u017eenske pripravljena zavzeti kateri koli spolni polo\u017eaj, ki vam ustreza.<\/p>\n<p>Popolna mo\u0161ka lutka dildo, ta spolna lutka bo <a href=\"https:\/\/www.miisoo.com\/sl\/izdelek\/adult-sexy-japanese-male-sex-doll\/\">ne samo pomo\u010d<\/a> masturbirate, kot \u017eelite, vendar nimate omejitev glede \u0161tevila krat, ko lahko to storite. Mo\u0161ki izdelovalci pun\u010dk so imeli pri izdelavi te prave lutke v mislih samo eno stvar, da vam zagotovi ve\u010dkratne orgazme. Kupite mo\u0161ko spolno lutko \u0161e danes<\/p>\n<p><span style=\"color: #000000; font-size: 16px; font-weight: 600;\">Meritve<\/span><\/p>\n<table style=\"border-collapse: collapse; width: 304.52pt;\" border=\"0\" width=\"406\" cellspacing=\"0\" cellpadding=\"0\">\n<tbody>\n<tr style=\"height: 28.00pt;\">\n<td class=\"et2\" style=\"height: 28.00pt; width: 124.50pt;\" width=\"166\" height=\"37\">Znamka:<\/td>\n<td class=\"et2\" style=\"width: 180.00pt;\" width=\"240\">Lutka QITA<\/td>\n<\/tr>\n<tr style=\"height: 28.00pt;\">\n<td class=\"et2\" style=\"height: 28.00pt;\" height=\"37\">Vi\u0161ina:<\/td>\n<td class=\"et2\">165 cm TPE mo\u0161ka lutka<\/td>\n<\/tr>\n<tr style=\"height: 28.00pt;\">\n<td class=\"et2\" style=\"height: 28.00pt;\" height=\"37\">Prsi:<\/td>\n<td class=\"et2\">78 cm<\/td>\n<\/tr>\n<tr style=\"height: 28.00pt;\">\n<td class=\"et2\" style=\"height: 28.00pt;\" height=\"37\">Pas:<\/td>\n<td class=\"et2\">62 cm<\/td>\n<\/tr>\n<tr style=\"height: 28.00pt;\">\n<td class=\"et2\" style=\"height: 28.00pt;\" height=\"37\">Boki:<\/td>\n<td class=\"et2\">90 cm<\/td>\n<\/tr>\n<tr style=\"height: 28.00pt;\">\n<td class=\"et2\" style=\"height: 28.00pt;\" height=\"37\">Dol\u017eina roke:<\/td>\n<td class=\"et2\">45 cm<\/td>\n<\/tr>\n<tr style=\"height: 28.00pt;\">\n<td class=\"et2\" style=\"height: 28.00pt;\" height=\"37\">Dol\u017eina stopala:<\/td>\n<td class=\"et2\">23 cm<\/td>\n<\/tr>\n<tr style=\"height: 28.00pt;\">\n<td class=\"et2\" style=\"height: 28.00pt;\" height=\"37\">\u0160irina ramen:<\/td>\n<td class=\"et2\">37 cm<\/td>\n<\/tr>\n<tr style=\"height: 28.00pt;\">\n<td class=\"et2\" style=\"height: 28.00pt;\" height=\"37\">Ute\u017e:<\/td>\n<td class=\"et2\">40 kg<\/td>\n<\/tr>\n<tr style=\"height: 28.00pt;\">\n<td class=\"et2\" style=\"height: 28.00pt;\" height=\"37\">Dol\u017eina penisa:<\/td>\n<td class=\"et2\">15 cm<\/td>\n<\/tr>\n<tr style=\"height: 28.00pt;\">\n<td class=\"et2\" style=\"height: 28.00pt;\" height=\"37\">Ustna globina:<\/td>\n<td class=\"et2\">N\/A<\/td>\n<\/tr>\n<tr style=\"height: 28.00pt;\">\n<td class=\"et2\" style=\"height: 28.00pt;\" height=\"37\">Analna globina:<\/td>\n<td class=\"et2\">20 cm<\/td>\n<\/tr>\n<\/tbody>\n<\/table>\n<p>&nbsp;<\/p>","protected":false},"excerpt":{"rendered":"<div data-elementor-type=\"section\" data-elementor-id=\"10450\" class=\"elementor elementor-10450\" data-elementor-post-type=\"elementor_library\">\n<section class=\"elementor-section elementor-top-section elementor-element elementor-element-1ac4967 elementor-section-boxed elementor-section-height-default elementor-section-height-default\" data-id=\"1ac4967\" data-element_type=\"section\">\n<div class=\"elementor-container elementor-column-gap-default\">\n<div class=\"elementor-column elementor-col-100 elementor-top-column elementor-element elementor-element-bfbdbdf\" data-id=\"bfbdbdf\" data-element_type=\"column\">\n<div class=\"elementor-widget-wrap elementor-element-populated\">\n<div class=\"elementor-element elementor-element-e4dbd68 elementor-widget elementor-widget-text-editor\" data-id=\"e4dbd68\" data-element_type=\"widget\" data-widget_type=\"text-editor.default\">\n<div class=\"elementor-widget-container\">\n<ul>\n<li>Brezpla\u010dna dostava po vsem svetu, diskretna dostava.<\/li>\n<li>100% Enako kot slike, razen \u010de je prilagojeno.<\/li>\n<li>Cene vklju\u010dujejo. DDV in carine<\/li>\n<li>Brezpla\u010dna dostava, mo\u017enosti hitre dostave na strani za dokon\u010danje nakupa<\/li>\n<\/ul><\/div>\n<\/p><\/div>\n<\/p><\/div>\n<\/p><\/div>\n<\/p><\/div>\n<\/section><\/div>\n<div data-elementor-type=\"section\" data-elementor-id=\"10473\" class=\"elementor elementor-10473\" data-elementor-post-type=\"elementor_library\">\n<section class=\"elementor-section elementor-top-section elementor-element elementor-element-03d9b2a elementor-section-boxed elementor-section-height-default elementor-section-height-default\" data-id=\"03d9b2a\" data-element_type=\"section\">\n<div class=\"elementor-container elementor-column-gap-default\">\n<div class=\"elementor-column elementor-col-100 elementor-top-column elementor-element elementor-element-5081c52\" data-id=\"5081c52\" data-element_type=\"column\">\n<div class=\"elementor-widget-wrap elementor-element-populated\">\n<div class=\"elementor-element elementor-element-d2c17df elementor-widget elementor-widget-martfury-banner-small\" data-id=\"d2c17df\" data-element_type=\"widget\" data-widget_type=\"martfury-banner-small.default\">\n<div class=\"elementor-widget-container\">\n<div class=\"mf-elementor-banner-small\">\n<div class=\"banner-featured-image\"><\/div>\n<p>\t\t\t                <a class=\"link\" href=\"https:\/\/mso.aidoll-japan.com\"><\/a><\/p>\n<div class=\"banner-content\">\n<h2 class=\"banner-title\">1500 mini ljubezenskih lutk<\/p>\n<p>sexdollxxx. com<\/h2>\n<div class=\"banner-desc\">\n<p>60 cm, 80 cm, 100 cm,<\/p>\n<p>120 cm, 130 cm, 140 cm<\/p>\n<\/div>\n<div class=\"banner-price\"><span\n                                class=\"s-price\">sexdollxxx .com<\/span><\/div>\n<\/p><\/div>\n<\/p><\/div>\n<\/p><\/div>\n<\/p><\/div>\n<\/p><\/div>\n<\/p><\/div>\n<\/p><\/div>\n<\/section><\/div>","protected":false},"featured_media":21507,"comment_status":"open","ping_status":"closed","template":"","meta":[],"product_cat":[123,115,116,81],"product_tag":[],"class_list":{"0":"post-21451","1":"product","2":"type-product","3":"status-publish","4":"has-post-thumbnail","6":"product_cat-1000usd-1500usd-sex-dolls","7":"product_cat-161cm-170cm-sex-dolls","8":"product_cat-male-sex-dolls","9":"product_cat-tpe-sex-dolls","10":"tm-no-options","12":"first","13":"instock","14":"sale","15":"shipping-taxable","16":"purchasable","17":"product-type-simple","18":"col-xs-6 col-sm-4","19":"col-md-3 col-lg-3","20":"un-4-cols"},"yoast_head":"<!-- This site is optimized with the Yoast SEO Premium plugin v22.6 (Yoast SEO v22.9) - https:\/\/yoast.com\/wordpress\/plugins\/seo\/ -->\n<title>Best Male Sex Doll - Buy Cute Male Doll Dildo For Women<\/title>\n<meta name=\"description\" content=\"This best male\u00a0sex\u00a0doll\u00a0is a young banker who is always celebrating after a long day at work. Buy Cute Male Doll Dildo For Women\" \/>\n<meta name=\"robots\" content=\"index, follow, max-snippet:-1, max-image-preview:large, max-video-preview:-1\" \/>\n<link rel=\"canonical\" href=\"https:\/\/www.miisoo.com\/sl\/izdelek\/buy-cute-best-male-sex-doll-dildo\/\" \/>\n<meta property=\"og:locale\" content=\"sl_SI\" \/>\n<meta property=\"og:type\" content=\"article\" \/>\n<meta property=\"og:title\" content=\"Aiden - 165cm Buy Cute Best Male Sex Doll Dildo\" \/>\n<meta property=\"og:description\" content=\"This best male\u00a0sex\u00a0doll\u00a0is a young banker who is always celebrating after a long day at work. Buy Cute Male Doll Dildo For Women\" \/>\n<meta property=\"og:url\" content=\"https:\/\/www.miisoo.com\/sl\/izdelek\/buy-cute-best-male-sex-doll-dildo\/\" \/>\n<meta property=\"og:site_name\" content=\"MiisooDoll\" \/>\n<meta property=\"article:publisher\" content=\"https:\/\/www.facebook.com\/miisoodoll\" \/>\n<meta property=\"article:modified_time\" content=\"2022-01-07T09:01:25+00:00\" \/>\n<meta property=\"og:image\" content=\"https:\/\/www.miisoo.com\/wp-content\/uploads\/2022\/01\/best-male-sex-doll-629.jpg\" \/>\n\t<meta property=\"og:image:width\" content=\"600\" \/>\n\t<meta property=\"og:image:height\" content=\"900\" \/>\n\t<meta property=\"og:image:type\" content=\"image\/jpeg\" \/>\n<meta name=\"twitter:card\" content=\"summary_large_image\" \/>\n<meta name=\"twitter:site\" content=\"@MiisooSexDolls\" \/>\n<meta name=\"twitter:label1\" content=\"Est. reading time\" \/>\n\t<meta name=\"twitter:data1\" content=\"1 minuta\" \/>\n<!-- \/ Yoast SEO Premium plugin. -->","yoast_head_json":{"title":"Best Male Sex Doll - Buy Cute Male Doll Dildo For Women","description":"This best male\u00a0sex\u00a0doll\u00a0is a young banker who is always celebrating after a long day at work. Buy Cute Male Doll Dildo For Women","robots":{"index":"index","follow":"follow","max-snippet":"max-snippet:-1","max-image-preview":"max-image-preview:large","max-video-preview":"max-video-preview:-1"},"canonical":"https:\/\/www.miisoo.com\/sl\/izdelek\/buy-cute-best-male-sex-doll-dildo\/","og_locale":"sl_SI","og_type":"article","og_title":"Aiden - 165cm Buy Cute Best Male Sex Doll Dildo","og_description":"This best male\u00a0sex\u00a0doll\u00a0is a young banker who is always celebrating after a long day at work. Buy Cute Male Doll Dildo For Women","og_url":"https:\/\/www.miisoo.com\/sl\/izdelek\/buy-cute-best-male-sex-doll-dildo\/","og_site_name":"MiisooDoll","article_publisher":"https:\/\/www.facebook.com\/miisoodoll","article_modified_time":"2022-01-07T09:01:25+00:00","og_image":[{"width":600,"height":900,"url":"https:\/\/www.miisoo.com\/wp-content\/uploads\/2022\/01\/best-male-sex-doll-629.jpg","type":"image\/jpeg"}],"twitter_card":"summary_large_image","twitter_site":"@MiisooSexDolls","twitter_misc":{"Est. reading time":"1 minuta"},"schema":{"@context":"https:\/\/schema.org","@graph":[{"@type":"WebPage","@id":"https:\/\/www.miisoo.com\/product\/buy-cute-best-male-sex-doll-dildo\/","url":"https:\/\/www.miisoo.com\/product\/buy-cute-best-male-sex-doll-dildo\/","name":"Best Male Sex Doll - Buy Cute Male Doll Dildo For Women","isPartOf":{"@id":"https:\/\/www.miisoo.com\/#website"},"primaryImageOfPage":{"@id":"https:\/\/www.miisoo.com\/product\/buy-cute-best-male-sex-doll-dildo\/#primaryimage"},"image":{"@id":"https:\/\/www.miisoo.com\/product\/buy-cute-best-male-sex-doll-dildo\/#primaryimage"},"thumbnailUrl":"https:\/\/www.miisoo.com\/wp-content\/uploads\/2022\/01\/best-male-sex-doll-629.jpg","datePublished":"2022-01-06T06:07:16+00:00","dateModified":"2022-01-07T09:01:25+00:00","description":"This best male\u00a0sex\u00a0doll\u00a0is a young banker who is always celebrating after a long day at work. Buy Cute Male Doll Dildo For Women","breadcrumb":{"@id":"https:\/\/www.miisoo.com\/product\/buy-cute-best-male-sex-doll-dildo\/#breadcrumb"},"inLanguage":"sl-SI","potentialAction":[{"@type":"ReadAction","target":["https:\/\/www.miisoo.com\/product\/buy-cute-best-male-sex-doll-dildo\/"]}]},{"@type":"ImageObject","inLanguage":"sl-SI","@id":"https:\/\/www.miisoo.com\/product\/buy-cute-best-male-sex-doll-dildo\/#primaryimage","url":"https:\/\/www.miisoo.com\/wp-content\/uploads\/2022\/01\/best-male-sex-doll-629.jpg","contentUrl":"https:\/\/www.miisoo.com\/wp-content\/uploads\/2022\/01\/best-male-sex-doll-629.jpg","width":600,"height":900,"caption":"Aiden \u2013 165cm Buy Cute Best Male Sex Doll Dildo"},{"@type":"BreadcrumbList","@id":"https:\/\/www.miisoo.com\/product\/buy-cute-best-male-sex-doll-dildo\/#breadcrumb","itemListElement":[{"@type":"ListItem","position":1,"name":"Home","item":"https:\/\/www.miisoo.com\/"},{"@type":"ListItem","position":2,"name":"Sex Doll Shop","item":"https:\/\/www.miisoo.com\/shop\/"},{"@type":"ListItem","position":3,"name":"Aiden &#8211; 165cm Buy Cute Best Male Sex Doll Dildo"}]},{"@type":"WebSite","@id":"https:\/\/www.miisoo.com\/#website","url":"https:\/\/www.miisoo.com\/","name":"MiisooDoll","description":"Sexual Doll, Real Sex Dolls, Love Doll, Best Sex Dolls","publisher":{"@id":"https:\/\/www.miisoo.com\/#organization"},"potentialAction":[{"@type":"SearchAction","target":{"@type":"EntryPoint","urlTemplate":"https:\/\/www.miisoo.com\/?s={search_term_string}"},"query-input":"required name=search_term_string"}],"inLanguage":"sl-SI"},{"@type":"Organization","@id":"https:\/\/www.miisoo.com\/#organization","name":"MiisooDoll","url":"https:\/\/www.miisoo.com\/","logo":{"@type":"ImageObject","inLanguage":"sl-SI","@id":"https:\/\/www.miisoo.com\/#\/schema\/logo\/image\/","url":"https:\/\/www.miisoo.com\/wp-content\/uploads\/2020\/09\/logo-botton.png","contentUrl":"https:\/\/www.miisoo.com\/wp-content\/uploads\/2020\/09\/logo-botton.png","width":181,"height":42,"caption":"MiisooDoll"},"image":{"@id":"https:\/\/www.miisoo.com\/#\/schema\/logo\/image\/"},"sameAs":["https:\/\/www.facebook.com\/miisoodoll","https:\/\/x.com\/MiisooSexDolls"]}]}},"_links":{"self":[{"href":"https:\/\/www.miisoo.com\/sl\/wp-json\/wp\/v2\/product\/21451","targetHints":{"allow":["GET"]}}],"collection":[{"href":"https:\/\/www.miisoo.com\/sl\/wp-json\/wp\/v2\/product"}],"about":[{"href":"https:\/\/www.miisoo.com\/sl\/wp-json\/wp\/v2\/types\/product"}],"replies":[{"embeddable":true,"href":"https:\/\/www.miisoo.com\/sl\/wp-json\/wp\/v2\/comments?post=21451"}],"version-history":[{"count":3,"href":"https:\/\/www.miisoo.com\/sl\/wp-json\/wp\/v2\/product\/21451\/revisions"}],"predecessor-version":[{"id":21616,"href":"https:\/\/www.miisoo.com\/sl\/wp-json\/wp\/v2\/product\/21451\/revisions\/21616"}],"wp:featuredmedia":[{"embeddable":true,"href":"https:\/\/www.miisoo.com\/sl\/wp-json\/wp\/v2\/media\/21507"}],"wp:attachment":[{"href":"https:\/\/www.miisoo.com\/sl\/wp-json\/wp\/v2\/media?parent=21451"}],"wp:term":[{"taxonomy":"product_cat","embeddable":true,"href":"https:\/\/www.miisoo.com\/sl\/wp-json\/wp\/v2\/product_cat?post=21451"},{"taxonomy":"product_tag","embeddable":true,"href":"https:\/\/www.miisoo.com\/sl\/wp-json\/wp\/v2\/product_tag?post=21451"}],"curies":[{"name":"wp","href":"https:\/\/api.w.org\/{rel}","templated":true}]}}