{"id":21340,"date":"2022-01-06T11:29:34","date_gmt":"2022-01-06T03:29:34","guid":{"rendered":"https:\/\/www.miisoo.com\/?post_type=product&#038;p=21340"},"modified":"2022-01-07T16:51:10","modified_gmt":"2022-01-07T08:51:10","slug":"japanese-men-real-doll-for-women","status":"publish","type":"product","link":"https:\/\/www.miisoo.com\/sl\/product\/japanese-men-real-doll-for-women\/","title":{"rendered":"Roger \u2013 165 cm japonska mo\u0161ka prava lutka za \u017eenske"},"content":{"rendered":"<p>Ta prava pun\u010dka za \u017eenske je a <a href=\"https:\/\/kidshealth.org\/en\/parents\/school-help-teens.html\">srednje\u0161olski najstnik<\/a> ki je preve\u010d izku\u0161en za svoja leta. Z \u017eensko se je prvi\u010d sre\u010dal, ko je varoval sosedo. Domov so se vrnili pijani, ko so njeni otroci spali, in izkoristili mladeni\u010da. Mo\u0161ke spolne lutke so navajene biti predmet po\u017eelenja. Pravzaprav ga vabijo.<\/p>\n<p>Vse od tega sre\u010danja ta prava pun\u010dka za \u017eenske u\u017eiva, ko se zaplete v spolni odnos z obema svojima \u0161efoma. Bil je vpleten v situacijo, ko tip jebe mo\u0161ko pun\u010dko, kar mu je bilo v\u0161e\u010d.<\/p>\n<p>Tako kot bjd mo\u0161ke pun\u010dke, rad jemlje <a href=\"https:\/\/www.miisoo.com\/sl\/izdelek\/man-fucking-real-gay-anal-sex-doll\/\">njegov \u010das z<\/a> oralni seks. Japonske mo\u0161ke lutke so znane kot mo\u010dne in dobre v postelji. Med njegovimi gejevskimi ljubezenskimi lutkami in drugimi partnerji ima ta spolna lutka za mo\u0161ke pornografije najbolj\u0161i \u010das kot spolni objekt, ki ga lahko vsi uporabljajo.<\/p>\n<p><span style=\"color: #000000; font-size: 16px; font-weight: 600;\">Meritve<\/span><\/p>\n<table style=\"border-collapse: collapse; width: 304.52pt;\" border=\"0\" width=\"406\" cellspacing=\"0\" cellpadding=\"0\">\n<tbody>\n<tr style=\"height: 28.00pt;\">\n<td class=\"et2\" style=\"height: 28.00pt; width: 124.50pt;\" width=\"166\" height=\"37\">Znamka:<\/td>\n<td class=\"et2\" style=\"width: 180.00pt;\" width=\"240\">Lutka QITA<\/td>\n<\/tr>\n<tr style=\"height: 28.00pt;\">\n<td class=\"et2\" style=\"height: 28.00pt;\" height=\"37\">Vi\u0161ina:<\/td>\n<td class=\"et2\">165 cm TPE mo\u0161ka spolna lutka<\/td>\n<\/tr>\n<tr style=\"height: 28.00pt;\">\n<td class=\"et2\" style=\"height: 28.00pt;\" height=\"37\">Prsi:<\/td>\n<td class=\"et2\">78 cm<\/td>\n<\/tr>\n<tr style=\"height: 28.00pt;\">\n<td class=\"et2\" style=\"height: 28.00pt;\" height=\"37\">Pas:<\/td>\n<td class=\"et2\">62 cm<\/td>\n<\/tr>\n<tr style=\"height: 28.00pt;\">\n<td class=\"et2\" style=\"height: 28.00pt;\" height=\"37\">Boki:<\/td>\n<td class=\"et2\">90 cm<\/td>\n<\/tr>\n<tr style=\"height: 28.00pt;\">\n<td class=\"et2\" style=\"height: 28.00pt;\" height=\"37\">Dol\u017eina roke:<\/td>\n<td class=\"et2\">45 cm<\/td>\n<\/tr>\n<tr style=\"height: 28.00pt;\">\n<td class=\"et2\" style=\"height: 28.00pt;\" height=\"37\">Dol\u017eina stopala:<\/td>\n<td class=\"et2\">23 cm<\/td>\n<\/tr>\n<tr style=\"height: 28.00pt;\">\n<td class=\"et2\" style=\"height: 28.00pt;\" height=\"37\">\u0160irina ramen:<\/td>\n<td class=\"et2\">37 cm<\/td>\n<\/tr>\n<tr style=\"height: 28.00pt;\">\n<td class=\"et2\" style=\"height: 28.00pt;\" height=\"37\">Ute\u017e:<\/td>\n<td class=\"et2\">40 kg<\/td>\n<\/tr>\n<tr style=\"height: 28.00pt;\">\n<td class=\"et2\" style=\"height: 28.00pt;\" height=\"37\">Dol\u017eina penisa:<\/td>\n<td class=\"et2\">15 cm<\/td>\n<\/tr>\n<tr style=\"height: 28.00pt;\">\n<td class=\"et2\" style=\"height: 28.00pt;\" height=\"37\">Ustna globina:<\/td>\n<td class=\"et2\">N\/A<\/td>\n<\/tr>\n<tr style=\"height: 28.00pt;\">\n<td class=\"et2\" style=\"height: 28.00pt;\" height=\"37\">Analna globina:<\/td>\n<td class=\"et2\">20 cm<\/td>\n<\/tr>\n<\/tbody>\n<\/table>\n<p>&nbsp;<\/p>","protected":false},"excerpt":{"rendered":"<div data-elementor-type=\"section\" data-elementor-id=\"10450\" class=\"elementor elementor-10450\" data-elementor-post-type=\"elementor_library\">\n<section class=\"elementor-section elementor-top-section elementor-element elementor-element-1ac4967 elementor-section-boxed elementor-section-height-default elementor-section-height-default\" data-id=\"1ac4967\" data-element_type=\"section\">\n<div class=\"elementor-container elementor-column-gap-default\">\n<div class=\"elementor-column elementor-col-100 elementor-top-column elementor-element elementor-element-bfbdbdf\" data-id=\"bfbdbdf\" data-element_type=\"column\">\n<div class=\"elementor-widget-wrap elementor-element-populated\">\n<div class=\"elementor-element elementor-element-e4dbd68 elementor-widget elementor-widget-text-editor\" data-id=\"e4dbd68\" data-element_type=\"widget\" data-widget_type=\"text-editor.default\">\n<div class=\"elementor-widget-container\">\n<ul>\n<li>Brezpla\u010dna dostava po vsem svetu, diskretna dostava.<\/li>\n<li>100% Enako kot slike, razen \u010de je prilagojeno.<\/li>\n<li>Cene vklju\u010dujejo. DDV in carine<\/li>\n<li>Brezpla\u010dna dostava, mo\u017enosti hitre dostave na strani za dokon\u010danje nakupa<\/li>\n<\/ul><\/div>\n<\/p><\/div>\n<\/p><\/div>\n<\/p><\/div>\n<\/p><\/div>\n<\/section><\/div>\n<div data-elementor-type=\"section\" data-elementor-id=\"10473\" class=\"elementor elementor-10473\" data-elementor-post-type=\"elementor_library\">\n<section class=\"elementor-section elementor-top-section elementor-element elementor-element-03d9b2a elementor-section-boxed elementor-section-height-default elementor-section-height-default\" data-id=\"03d9b2a\" data-element_type=\"section\">\n<div class=\"elementor-container elementor-column-gap-default\">\n<div class=\"elementor-column elementor-col-100 elementor-top-column elementor-element elementor-element-5081c52\" data-id=\"5081c52\" data-element_type=\"column\">\n<div class=\"elementor-widget-wrap elementor-element-populated\">\n<div class=\"elementor-element elementor-element-d2c17df elementor-widget elementor-widget-martfury-banner-small\" data-id=\"d2c17df\" data-element_type=\"widget\" data-widget_type=\"martfury-banner-small.default\">\n<div class=\"elementor-widget-container\">\n<div class=\"mf-elementor-banner-small\">\n<div class=\"banner-featured-image\"><\/div>\n<p>\t\t\t                <a class=\"link\" href=\"https:\/\/mso.aidoll-japan.com\"><\/a><\/p>\n<div class=\"banner-content\">\n<h2 class=\"banner-title\">1500 mini ljubezenskih lutk<\/p>\n<p>sexdollxxx. com<\/h2>\n<div class=\"banner-desc\">\n<p>60 cm, 80 cm, 100 cm,<\/p>\n<p>120 cm, 130 cm, 140 cm<\/p>\n<\/div>\n<div class=\"banner-price\"><span\n                                class=\"s-price\">sexdollxxx .com<\/span><\/div>\n<\/p><\/div>\n<\/p><\/div>\n<\/p><\/div>\n<\/p><\/div>\n<\/p><\/div>\n<\/p><\/div>\n<\/p><\/div>\n<\/section><\/div>","protected":false},"featured_media":21361,"comment_status":"open","ping_status":"closed","template":"","meta":[],"product_cat":[123,115,116,81],"product_tag":[],"class_list":{"0":"post-21340","1":"product","2":"type-product","3":"status-publish","4":"has-post-thumbnail","6":"product_cat-1000usd-1500usd-sex-dolls","7":"product_cat-161cm-170cm-sex-dolls","8":"product_cat-male-sex-dolls","9":"product_cat-tpe-sex-dolls","10":"tm-no-options","12":"first","13":"instock","14":"sale","15":"shipping-taxable","16":"purchasable","17":"product-type-simple","18":"col-xs-6 col-sm-4","19":"col-md-3 col-lg-3","20":"un-4-cols"},"yoast_head":"<!-- This site is optimized with the Yoast SEO Premium plugin v22.6 (Yoast SEO v22.9) - https:\/\/yoast.com\/wordpress\/plugins\/seo\/ -->\n<title>Real Doll For Women - Japanese Men Sex Dolls - Gay Love Doll<\/title>\n<meta name=\"description\" content=\"This real doll\u00a0for women is a high school teen who is too experienced. Japanese Men sex dolls are used to being objects of desire\" \/>\n<meta name=\"robots\" content=\"index, follow, max-snippet:-1, max-image-preview:large, max-video-preview:-1\" \/>\n<link rel=\"canonical\" href=\"https:\/\/www.miisoo.com\/sl\/izdelek\/japanese-men-real-doll-for-women\/\" \/>\n<meta property=\"og:locale\" content=\"sl_SI\" \/>\n<meta property=\"og:type\" content=\"article\" \/>\n<meta property=\"og:title\" content=\"Roger - 165cm Japanese Men Real Doll For Women\" \/>\n<meta property=\"og:description\" content=\"This real doll\u00a0for women is a high school teen who is too experienced. Japanese Men sex dolls are used to being objects of desire\" \/>\n<meta property=\"og:url\" content=\"https:\/\/www.miisoo.com\/sl\/izdelek\/japanese-men-real-doll-for-women\/\" \/>\n<meta property=\"og:site_name\" content=\"MiisooDoll\" \/>\n<meta property=\"article:publisher\" content=\"https:\/\/www.facebook.com\/miisoodoll\" \/>\n<meta property=\"article:modified_time\" content=\"2022-01-07T08:51:10+00:00\" \/>\n<meta property=\"og:image\" content=\"https:\/\/www.miisoo.com\/wp-content\/uploads\/2022\/01\/men-sex-dolls-2231.jpg\" \/>\n\t<meta property=\"og:image:width\" content=\"600\" \/>\n\t<meta property=\"og:image:height\" content=\"900\" \/>\n\t<meta property=\"og:image:type\" content=\"image\/jpeg\" \/>\n<meta name=\"twitter:card\" content=\"summary_large_image\" \/>\n<meta name=\"twitter:site\" content=\"@MiisooSexDolls\" \/>\n<meta name=\"twitter:label1\" content=\"Est. reading time\" \/>\n\t<meta name=\"twitter:data1\" content=\"1 minuta\" \/>\n<!-- \/ Yoast SEO Premium plugin. -->","yoast_head_json":{"title":"Real Doll For Women - Japanese Men Sex Dolls - Gay Love Doll","description":"This real doll\u00a0for women is a high school teen who is too experienced. Japanese Men sex dolls are used to being objects of desire","robots":{"index":"index","follow":"follow","max-snippet":"max-snippet:-1","max-image-preview":"max-image-preview:large","max-video-preview":"max-video-preview:-1"},"canonical":"https:\/\/www.miisoo.com\/sl\/izdelek\/japanese-men-real-doll-for-women\/","og_locale":"sl_SI","og_type":"article","og_title":"Roger - 165cm Japanese Men Real Doll For Women","og_description":"This real doll\u00a0for women is a high school teen who is too experienced. Japanese Men sex dolls are used to being objects of desire","og_url":"https:\/\/www.miisoo.com\/sl\/izdelek\/japanese-men-real-doll-for-women\/","og_site_name":"MiisooDoll","article_publisher":"https:\/\/www.facebook.com\/miisoodoll","article_modified_time":"2022-01-07T08:51:10+00:00","og_image":[{"width":600,"height":900,"url":"https:\/\/www.miisoo.com\/wp-content\/uploads\/2022\/01\/men-sex-dolls-2231.jpg","type":"image\/jpeg"}],"twitter_card":"summary_large_image","twitter_site":"@MiisooSexDolls","twitter_misc":{"Est. reading time":"1 minuta"},"schema":{"@context":"https:\/\/schema.org","@graph":[{"@type":"WebPage","@id":"https:\/\/www.miisoo.com\/es\/producto\/japanese-men-real-doll-for-women\/","url":"https:\/\/www.miisoo.com\/es\/producto\/japanese-men-real-doll-for-women\/","name":"Real Doll For Women - Japanese Men Sex Dolls - Gay Love Doll","isPartOf":{"@id":"https:\/\/www.miisoo.com\/#website"},"primaryImageOfPage":{"@id":"https:\/\/www.miisoo.com\/es\/producto\/japanese-men-real-doll-for-women\/#primaryimage"},"image":{"@id":"https:\/\/www.miisoo.com\/es\/producto\/japanese-men-real-doll-for-women\/#primaryimage"},"thumbnailUrl":"https:\/\/www.miisoo.com\/wp-content\/uploads\/2022\/01\/men-sex-dolls-2231.jpg","datePublished":"2022-01-06T03:29:34+00:00","dateModified":"2022-01-07T08:51:10+00:00","description":"This real doll\u00a0for women is a high school teen who is too experienced. Japanese Men sex dolls are used to being objects of desire","breadcrumb":{"@id":"https:\/\/www.miisoo.com\/es\/producto\/japanese-men-real-doll-for-women\/#breadcrumb"},"inLanguage":"sl-SI","potentialAction":[{"@type":"ReadAction","target":["https:\/\/www.miisoo.com\/es\/producto\/japanese-men-real-doll-for-women\/"]}]},{"@type":"ImageObject","inLanguage":"sl-SI","@id":"https:\/\/www.miisoo.com\/es\/producto\/japanese-men-real-doll-for-women\/#primaryimage","url":"https:\/\/www.miisoo.com\/wp-content\/uploads\/2022\/01\/men-sex-dolls-2231.jpg","contentUrl":"https:\/\/www.miisoo.com\/wp-content\/uploads\/2022\/01\/men-sex-dolls-2231.jpg","width":600,"height":900,"caption":"Roger \u2013 165cm Japanese Men Real Doll For Women"},{"@type":"BreadcrumbList","@id":"https:\/\/www.miisoo.com\/es\/producto\/japanese-men-real-doll-for-women\/#breadcrumb","itemListElement":[{"@type":"ListItem","position":1,"name":"Home","item":"https:\/\/www.miisoo.com\/"},{"@type":"ListItem","position":2,"name":"Sex Doll Shop","item":"https:\/\/www.miisoo.com\/shop\/"},{"@type":"ListItem","position":3,"name":"Roger &#8211; 165cm Japanese Men Real Doll For Women"}]},{"@type":"WebSite","@id":"https:\/\/www.miisoo.com\/#website","url":"https:\/\/www.miisoo.com\/","name":"MiisooDoll","description":"Sexual Doll, Real Sex Dolls, Love Doll, Best Sex Dolls","publisher":{"@id":"https:\/\/www.miisoo.com\/#organization"},"potentialAction":[{"@type":"SearchAction","target":{"@type":"EntryPoint","urlTemplate":"https:\/\/www.miisoo.com\/?s={search_term_string}"},"query-input":"required name=search_term_string"}],"inLanguage":"sl-SI"},{"@type":"Organization","@id":"https:\/\/www.miisoo.com\/#organization","name":"MiisooDoll","url":"https:\/\/www.miisoo.com\/","logo":{"@type":"ImageObject","inLanguage":"sl-SI","@id":"https:\/\/www.miisoo.com\/#\/schema\/logo\/image\/","url":"https:\/\/www.miisoo.com\/wp-content\/uploads\/2020\/09\/logo-botton.png","contentUrl":"https:\/\/www.miisoo.com\/wp-content\/uploads\/2020\/09\/logo-botton.png","width":181,"height":42,"caption":"MiisooDoll"},"image":{"@id":"https:\/\/www.miisoo.com\/#\/schema\/logo\/image\/"},"sameAs":["https:\/\/www.facebook.com\/miisoodoll","https:\/\/x.com\/MiisooSexDolls"]}]}},"_links":{"self":[{"href":"https:\/\/www.miisoo.com\/sl\/wp-json\/wp\/v2\/product\/21340","targetHints":{"allow":["GET"]}}],"collection":[{"href":"https:\/\/www.miisoo.com\/sl\/wp-json\/wp\/v2\/product"}],"about":[{"href":"https:\/\/www.miisoo.com\/sl\/wp-json\/wp\/v2\/types\/product"}],"replies":[{"embeddable":true,"href":"https:\/\/www.miisoo.com\/sl\/wp-json\/wp\/v2\/comments?post=21340"}],"version-history":[{"count":3,"href":"https:\/\/www.miisoo.com\/sl\/wp-json\/wp\/v2\/product\/21340\/revisions"}],"predecessor-version":[{"id":21615,"href":"https:\/\/www.miisoo.com\/sl\/wp-json\/wp\/v2\/product\/21340\/revisions\/21615"}],"wp:featuredmedia":[{"embeddable":true,"href":"https:\/\/www.miisoo.com\/sl\/wp-json\/wp\/v2\/media\/21361"}],"wp:attachment":[{"href":"https:\/\/www.miisoo.com\/sl\/wp-json\/wp\/v2\/media?parent=21340"}],"wp:term":[{"taxonomy":"product_cat","embeddable":true,"href":"https:\/\/www.miisoo.com\/sl\/wp-json\/wp\/v2\/product_cat?post=21340"},{"taxonomy":"product_tag","embeddable":true,"href":"https:\/\/www.miisoo.com\/sl\/wp-json\/wp\/v2\/product_tag?post=21340"}],"curies":[{"name":"wp","href":"https:\/\/api.w.org\/{rel}","templated":true}]}}