{"id":21214,"date":"2022-01-05T20:54:26","date_gmt":"2022-01-05T12:54:26","guid":{"rendered":"https:\/\/www.miisoo.com\/?post_type=product&#038;p=21214"},"modified":"2022-01-07T11:40:40","modified_gmt":"2022-01-07T03:40:40","slug":"big-dick-male-sex-doll-for-females","status":"publish","type":"product","link":"https:\/\/www.miisoo.com\/sl\/product\/big-dick-male-sex-doll-for-females\/","title":{"rendered":"Josh \u2013 170 cm velika mo\u0161ka spolna lutka za \u017eenske"},"content":{"rendered":"<p>Ta seks pun\u010dka z velikim kuracom je deskar, ki ljubi<a href=\"https:\/\/www.redbookmag.com\/love-sex\/sex\/advice\/a51\/sex-skill\/\"> razkazuje svoje sposobnosti<\/a> vsakomur, ki gleda. Njegovo morilsko telo na pla\u017ei vedno spravi fante v blaznost. Josh dovolj dobro razume umetnost zapeljevanja, da vedno dobi mo\u0161kega, ki si ga \u017eeli. Neko\u010d je bil vpleten v troj\u010dek z mo\u0161ko spolno lutko, ki se ni nehala spogledovati z njim.<\/p>\n<p>Mo\u0161ke spolne lutke za \u017eenske so pogosto neomejene, ko gre za to, kolikokrat jih lahko uporabite. Zato se Josh nikoli ne naveli\u010da ugajati vam. Tako kot dame vedno pridejo do spolnih lutk za \u017eenske, tako tudi gejevske lutke. Josh rad gleda gejevske pornografske videoposnetke mo\u0161kih spolnih lutk, ker ga vzburjajo.<\/p>\n<p>Mo\u0161ke prave spolne lutke za mo\u0161ke so prav tako privla\u010dne <a href=\"https:\/\/www.miisoo.com\/sl\/izdelek\/realistic-male-sex-dolls-for-females\/\">in kot resni\u010dno<\/a> ko pridejo. Pobrskajte po na\u0161em izboru \u010dednih mo\u0161kih pravih pun\u010dk in poi\u0161\u010dite svojega popolnega para.<\/p>\n<p><strong>Mere mo\u0161kih spolnih lutk Big Dick<\/strong><\/p>\n<table style=\"border-collapse: collapse; width: 304.52pt;\" border=\"0\" width=\"406\" cellspacing=\"0\" cellpadding=\"0\">\n<tbody>\n<tr style=\"height: 28.00pt;\">\n<td class=\"et2\" style=\"height: 28.00pt; width: 124.50pt;\" width=\"166\" height=\"37\">Vi\u0161ina:<\/td>\n<td class=\"et2\" style=\"width: 180.00pt;\" width=\"240\">170 cm TPE mo\u0161ka prava lutka<\/td>\n<\/tr>\n<tr style=\"height: 28.00pt;\">\n<td class=\"et2\" style=\"height: 28.00pt;\" height=\"37\">Prsi:<\/td>\n<td class=\"et2\">78 cm<\/td>\n<\/tr>\n<tr style=\"height: 28.00pt;\">\n<td class=\"et2\" style=\"height: 28.00pt;\" height=\"37\">Pas:<\/td>\n<td class=\"et2\">69 cm<\/td>\n<\/tr>\n<tr style=\"height: 28.00pt;\">\n<td class=\"et2\" style=\"height: 28.00pt;\" height=\"37\">Boki:<\/td>\n<td class=\"et2\">80 cm<\/td>\n<\/tr>\n<tr style=\"height: 28.00pt;\">\n<td class=\"et2\" style=\"height: 28.00pt;\" height=\"37\">Dol\u017eina roke:<\/td>\n<td class=\"et2\">66 cm<\/td>\n<\/tr>\n<tr style=\"height: 28.00pt;\">\n<td class=\"et2\" style=\"height: 28.00pt;\" height=\"37\">Vrat:<\/td>\n<td class=\"et2\">29 cm<\/td>\n<\/tr>\n<tr style=\"height: 28.00pt;\">\n<td class=\"et2\" style=\"height: 28.00pt;\" height=\"37\">\u0160irina ramen:<\/td>\n<td class=\"et2\">42 cm<\/td>\n<\/tr>\n<tr style=\"height: 28.00pt;\">\n<td class=\"et2\" style=\"height: 28.00pt;\" height=\"37\">Ute\u017e:<\/td>\n<td class=\"et2\">40 kg<\/td>\n<\/tr>\n<tr style=\"height: 28.00pt;\">\n<td class=\"et2\" style=\"height: 28.00pt;\" height=\"37\">Dol\u017eina penisa:<\/td>\n<td class=\"et2\">17 cm<\/td>\n<\/tr>\n<tr style=\"height: 28.00pt;\">\n<td class=\"et2\" style=\"height: 28.00pt;\" height=\"37\">Premer penisa:<\/td>\n<td class=\"et2\">3,5 cm<\/td>\n<\/tr>\n<tr style=\"height: 28.00pt;\">\n<td class=\"et2\" style=\"height: 28.00pt;\" height=\"37\">Ustna globina:<\/td>\n<td class=\"et2\">12 cm<\/td>\n<\/tr>\n<tr style=\"height: 28.00pt;\">\n<td class=\"et2\" style=\"height: 28.00pt;\" height=\"37\">Analna globina:<\/td>\n<td class=\"et2\">17 cm<\/td>\n<\/tr>\n<tr style=\"height: 28.00pt;\">\n<td class=\"et2\" style=\"height: 28.00pt;\" height=\"37\">Velikost paketa:<\/td>\n<td class=\"et2\">158 X 38 X 30 cm<\/td>\n<\/tr>\n<\/tbody>\n<\/table>\n<p>&nbsp;<\/p>","protected":false},"excerpt":{"rendered":"<div data-elementor-type=\"section\" data-elementor-id=\"10450\" class=\"elementor elementor-10450\" data-elementor-post-type=\"elementor_library\">\n<section class=\"elementor-section elementor-top-section elementor-element elementor-element-1ac4967 elementor-section-boxed elementor-section-height-default elementor-section-height-default\" data-id=\"1ac4967\" data-element_type=\"section\">\n<div class=\"elementor-container elementor-column-gap-default\">\n<div class=\"elementor-column elementor-col-100 elementor-top-column elementor-element elementor-element-bfbdbdf\" data-id=\"bfbdbdf\" data-element_type=\"column\">\n<div class=\"elementor-widget-wrap elementor-element-populated\">\n<div class=\"elementor-element elementor-element-e4dbd68 elementor-widget elementor-widget-text-editor\" data-id=\"e4dbd68\" data-element_type=\"widget\" data-widget_type=\"text-editor.default\">\n<div class=\"elementor-widget-container\">\n<ul>\n<li>Brezpla\u010dna dostava po vsem svetu, diskretna dostava.<\/li>\n<li>100% Enako kot slike, razen \u010de je prilagojeno.<\/li>\n<li>Cene vklju\u010dujejo. DDV in carine<\/li>\n<li>Brezpla\u010dna dostava, mo\u017enosti hitre dostave na strani za dokon\u010danje nakupa<\/li>\n<\/ul><\/div>\n<\/p><\/div>\n<\/p><\/div>\n<\/p><\/div>\n<\/p><\/div>\n<\/section><\/div>\n<div data-elementor-type=\"section\" data-elementor-id=\"10473\" class=\"elementor elementor-10473\" data-elementor-post-type=\"elementor_library\">\n<section class=\"elementor-section elementor-top-section elementor-element elementor-element-03d9b2a elementor-section-boxed elementor-section-height-default elementor-section-height-default\" data-id=\"03d9b2a\" data-element_type=\"section\">\n<div class=\"elementor-container elementor-column-gap-default\">\n<div class=\"elementor-column elementor-col-100 elementor-top-column elementor-element elementor-element-5081c52\" data-id=\"5081c52\" data-element_type=\"column\">\n<div class=\"elementor-widget-wrap elementor-element-populated\">\n<div class=\"elementor-element elementor-element-d2c17df elementor-widget elementor-widget-martfury-banner-small\" data-id=\"d2c17df\" data-element_type=\"widget\" data-widget_type=\"martfury-banner-small.default\">\n<div class=\"elementor-widget-container\">\n<div class=\"mf-elementor-banner-small\">\n<div class=\"banner-featured-image\"><\/div>\n<p>\t\t\t                <a class=\"link\" href=\"https:\/\/mso.aidoll-japan.com\"><\/a><\/p>\n<div class=\"banner-content\">\n<h2 class=\"banner-title\">1500 mini ljubezenskih lutk<\/p>\n<p>sexdollxxx. com<\/h2>\n<div class=\"banner-desc\">\n<p>60 cm, 80 cm, 100 cm,<\/p>\n<p>120 cm, 130 cm, 140 cm<\/p>\n<\/div>\n<div class=\"banner-price\"><span\n                                class=\"s-price\">sexdollxxx .com<\/span><\/div>\n<\/p><\/div>\n<\/p><\/div>\n<\/p><\/div>\n<\/p><\/div>\n<\/p><\/div>\n<\/p><\/div>\n<\/p><\/div>\n<\/section><\/div>","protected":false},"featured_media":21249,"comment_status":"open","ping_status":"closed","template":"","meta":[],"product_cat":[123,115,116,81],"product_tag":[],"class_list":{"0":"post-21214","1":"product","2":"type-product","3":"status-publish","4":"has-post-thumbnail","6":"product_cat-1000usd-1500usd-sex-dolls","7":"product_cat-161cm-170cm-sex-dolls","8":"product_cat-male-sex-dolls","9":"product_cat-tpe-sex-dolls","10":"tm-no-options","12":"first","13":"instock","14":"sale","15":"shipping-taxable","16":"purchasable","17":"product-type-simple","18":"col-xs-6 col-sm-4","19":"col-md-3 col-lg-3","20":"un-4-cols"},"yoast_head":"<!-- This site is optimized with the Yoast SEO Premium plugin v22.6 (Yoast SEO v22.9) - https:\/\/yoast.com\/wordpress\/plugins\/seo\/ -->\n<title>Big Dick Male Sex Doll - Threesome With Male Sex Dolls For Females<\/title>\n<meta name=\"description\" content=\"This big dick male sex doll\u00a0is a surfer who loves showing off his skills, He was involved in a threesome with male sex doll\u00a0for females\" \/>\n<meta name=\"robots\" content=\"index, follow, max-snippet:-1, max-image-preview:large, max-video-preview:-1\" \/>\n<link rel=\"canonical\" href=\"https:\/\/www.miisoo.com\/sl\/izdelek\/big-dick-male-sex-doll-for-females\/\" \/>\n<meta property=\"og:locale\" content=\"sl_SI\" \/>\n<meta property=\"og:type\" content=\"article\" \/>\n<meta property=\"og:title\" content=\"Josh - 170cm Big Dick Male Sex Doll For Females\" \/>\n<meta property=\"og:description\" content=\"This big dick male sex doll\u00a0is a surfer who loves showing off his skills, He was involved in a threesome with male sex doll\u00a0for females\" \/>\n<meta property=\"og:url\" content=\"https:\/\/www.miisoo.com\/sl\/izdelek\/big-dick-male-sex-doll-for-females\/\" \/>\n<meta property=\"og:site_name\" content=\"MiisooDoll\" \/>\n<meta property=\"article:publisher\" content=\"https:\/\/www.facebook.com\/miisoodoll\" \/>\n<meta property=\"article:modified_time\" content=\"2022-01-07T03:40:40+00:00\" \/>\n<meta property=\"og:image\" content=\"https:\/\/www.miisoo.com\/wp-content\/uploads\/2022\/01\/silicon-male-doll-229.jpg\" \/>\n\t<meta property=\"og:image:width\" content=\"600\" \/>\n\t<meta property=\"og:image:height\" content=\"900\" \/>\n\t<meta property=\"og:image:type\" content=\"image\/jpeg\" \/>\n<meta name=\"twitter:card\" content=\"summary_large_image\" \/>\n<meta name=\"twitter:site\" content=\"@MiisooSexDolls\" \/>\n<meta name=\"twitter:label1\" content=\"Est. reading time\" \/>\n\t<meta name=\"twitter:data1\" content=\"1 minuta\" \/>\n<!-- \/ Yoast SEO Premium plugin. -->","yoast_head_json":{"title":"Big Dick Male Sex Doll - Threesome With Male Sex Dolls For Females","description":"This big dick male sex doll\u00a0is a surfer who loves showing off his skills, He was involved in a threesome with male sex doll\u00a0for females","robots":{"index":"index","follow":"follow","max-snippet":"max-snippet:-1","max-image-preview":"max-image-preview:large","max-video-preview":"max-video-preview:-1"},"canonical":"https:\/\/www.miisoo.com\/sl\/izdelek\/big-dick-male-sex-doll-for-females\/","og_locale":"sl_SI","og_type":"article","og_title":"Josh - 170cm Big Dick Male Sex Doll For Females","og_description":"This big dick male sex doll\u00a0is a surfer who loves showing off his skills, He was involved in a threesome with male sex doll\u00a0for females","og_url":"https:\/\/www.miisoo.com\/sl\/izdelek\/big-dick-male-sex-doll-for-females\/","og_site_name":"MiisooDoll","article_publisher":"https:\/\/www.facebook.com\/miisoodoll","article_modified_time":"2022-01-07T03:40:40+00:00","og_image":[{"width":600,"height":900,"url":"https:\/\/www.miisoo.com\/wp-content\/uploads\/2022\/01\/silicon-male-doll-229.jpg","type":"image\/jpeg"}],"twitter_card":"summary_large_image","twitter_site":"@MiisooSexDolls","twitter_misc":{"Est. reading time":"1 minuta"},"schema":{"@context":"https:\/\/schema.org","@graph":[{"@type":"WebPage","@id":"https:\/\/www.miisoo.com\/product\/big-dick-male-sex-doll-for-females\/","url":"https:\/\/www.miisoo.com\/product\/big-dick-male-sex-doll-for-females\/","name":"Big Dick Male Sex Doll - Threesome With Male Sex Dolls For Females","isPartOf":{"@id":"https:\/\/www.miisoo.com\/#website"},"primaryImageOfPage":{"@id":"https:\/\/www.miisoo.com\/product\/big-dick-male-sex-doll-for-females\/#primaryimage"},"image":{"@id":"https:\/\/www.miisoo.com\/product\/big-dick-male-sex-doll-for-females\/#primaryimage"},"thumbnailUrl":"https:\/\/www.miisoo.com\/wp-content\/uploads\/2022\/01\/silicon-male-doll-229.jpg","datePublished":"2022-01-05T12:54:26+00:00","dateModified":"2022-01-07T03:40:40+00:00","description":"This big dick male sex doll\u00a0is a surfer who loves showing off his skills, He was involved in a threesome with male sex doll\u00a0for females","breadcrumb":{"@id":"https:\/\/www.miisoo.com\/product\/big-dick-male-sex-doll-for-females\/#breadcrumb"},"inLanguage":"sl-SI","potentialAction":[{"@type":"ReadAction","target":["https:\/\/www.miisoo.com\/product\/big-dick-male-sex-doll-for-females\/"]}]},{"@type":"ImageObject","inLanguage":"sl-SI","@id":"https:\/\/www.miisoo.com\/product\/big-dick-male-sex-doll-for-females\/#primaryimage","url":"https:\/\/www.miisoo.com\/wp-content\/uploads\/2022\/01\/silicon-male-doll-229.jpg","contentUrl":"https:\/\/www.miisoo.com\/wp-content\/uploads\/2022\/01\/silicon-male-doll-229.jpg","width":600,"height":900,"caption":"Josh \u2013 170cm Big Dick Male Sex Doll For Females"},{"@type":"BreadcrumbList","@id":"https:\/\/www.miisoo.com\/product\/big-dick-male-sex-doll-for-females\/#breadcrumb","itemListElement":[{"@type":"ListItem","position":1,"name":"Home","item":"https:\/\/www.miisoo.com\/"},{"@type":"ListItem","position":2,"name":"Sex Doll Shop","item":"https:\/\/www.miisoo.com\/shop\/"},{"@type":"ListItem","position":3,"name":"Josh &#8211; 170cm Big Dick Male Sex Doll For Females"}]},{"@type":"WebSite","@id":"https:\/\/www.miisoo.com\/#website","url":"https:\/\/www.miisoo.com\/","name":"MiisooDoll","description":"Sexual Doll, Real Sex Dolls, Love Doll, Best Sex Dolls","publisher":{"@id":"https:\/\/www.miisoo.com\/#organization"},"potentialAction":[{"@type":"SearchAction","target":{"@type":"EntryPoint","urlTemplate":"https:\/\/www.miisoo.com\/?s={search_term_string}"},"query-input":"required name=search_term_string"}],"inLanguage":"sl-SI"},{"@type":"Organization","@id":"https:\/\/www.miisoo.com\/#organization","name":"MiisooDoll","url":"https:\/\/www.miisoo.com\/","logo":{"@type":"ImageObject","inLanguage":"sl-SI","@id":"https:\/\/www.miisoo.com\/#\/schema\/logo\/image\/","url":"https:\/\/www.miisoo.com\/wp-content\/uploads\/2020\/09\/logo-botton.png","contentUrl":"https:\/\/www.miisoo.com\/wp-content\/uploads\/2020\/09\/logo-botton.png","width":181,"height":42,"caption":"MiisooDoll"},"image":{"@id":"https:\/\/www.miisoo.com\/#\/schema\/logo\/image\/"},"sameAs":["https:\/\/www.facebook.com\/miisoodoll","https:\/\/x.com\/MiisooSexDolls"]}]}},"_links":{"self":[{"href":"https:\/\/www.miisoo.com\/sl\/wp-json\/wp\/v2\/product\/21214","targetHints":{"allow":["GET"]}}],"collection":[{"href":"https:\/\/www.miisoo.com\/sl\/wp-json\/wp\/v2\/product"}],"about":[{"href":"https:\/\/www.miisoo.com\/sl\/wp-json\/wp\/v2\/types\/product"}],"replies":[{"embeddable":true,"href":"https:\/\/www.miisoo.com\/sl\/wp-json\/wp\/v2\/comments?post=21214"}],"version-history":[{"count":3,"href":"https:\/\/www.miisoo.com\/sl\/wp-json\/wp\/v2\/product\/21214\/revisions"}],"predecessor-version":[{"id":21594,"href":"https:\/\/www.miisoo.com\/sl\/wp-json\/wp\/v2\/product\/21214\/revisions\/21594"}],"wp:featuredmedia":[{"embeddable":true,"href":"https:\/\/www.miisoo.com\/sl\/wp-json\/wp\/v2\/media\/21249"}],"wp:attachment":[{"href":"https:\/\/www.miisoo.com\/sl\/wp-json\/wp\/v2\/media?parent=21214"}],"wp:term":[{"taxonomy":"product_cat","embeddable":true,"href":"https:\/\/www.miisoo.com\/sl\/wp-json\/wp\/v2\/product_cat?post=21214"},{"taxonomy":"product_tag","embeddable":true,"href":"https:\/\/www.miisoo.com\/sl\/wp-json\/wp\/v2\/product_tag?post=21214"}],"curies":[{"name":"wp","href":"https:\/\/api.w.org\/{rel}","templated":true}]}}