{"id":21125,"date":"2022-01-05T19:57:54","date_gmt":"2022-01-05T11:57:54","guid":{"rendered":"https:\/\/www.miisoo.com\/?post_type=product&#038;p=21125"},"modified":"2022-01-07T11:07:26","modified_gmt":"2022-01-07T03:07:26","slug":"adult-sexy-japanese-male-sex-doll","status":"publish","type":"product","link":"https:\/\/www.miisoo.com\/sl\/product\/adult-sexy-japanese-male-sex-doll\/","title":{"rendered":"Rickey \u2013 165 cm velika seksi japonska seksi lutka za mo\u0161ke"},"content":{"rendered":"<p>Ta japonska mo\u0161ka spolna lutka ve, da je sr\u010dkan, in tega ne okleva pokazati. Verjame, da mo\u0161ki potrebujejo naklonjenost prav tako kot \u017eenske. Zato bi bil najbolj primeren za samico, ki je ljube\u010da. Ve\u010dina odraslih mo\u0161kih pun\u010dk se boji pokazati svojo ne\u017eno plat, ne pa tudi njega. Njegov slog je ekscentri\u010den in njegova prisotnost vedno razsvetli sre\u010danje.<\/p>\n<p>Ta japonska mo\u0161ka spolna lutka, visoka 165 cm, u\u017eiva v pregibih, kot je npr <a href=\"https:\/\/www.cosmopolitan.com\/uk\/love-sex\/sex\/a12013129\/role-play-ideas\/\">igranje vlog<\/a> in obla\u010denje. On je bledo srebrolasa seks lutka s suhim telesom. Od vseh mo\u0161kih silikonskih pun\u010dk v trgovini je ta eden najlep\u0161ih. \u010ce sanjate o tem, da bi bili z mlaj\u0161im mo\u0161kim, je tukaj va\u0161a prilo\u017enost s to azijsko mo\u0161ko seksi lutko.<\/p>\n<p>\u010caka nas veliko odraslih mo\u0161kih pun\u010dk<a href=\"https:\/\/www.miisoo.com\/sl\/izdelek\/realistic-male-love-doll-for-sale\/\"> za popolno<\/a> snubec. Pridobite si tega mladostnega \u017erebca in si oglejte mo\u0161ko spolno lutko v uporabi.<\/p>\n<p><span style=\"color: #000000; font-size: 16px; font-weight: 600;\">Meritve<\/span><\/p>\n<table style=\"border-collapse: collapse; width: 304.52pt;\" border=\"0\" width=\"406\" cellspacing=\"0\" cellpadding=\"0\">\n<tbody>\n<tr style=\"height: 28.00pt;\">\n<td class=\"et2\" style=\"height: 28.00pt; width: 124.50pt;\" width=\"166\" height=\"37\">Znamka:<\/td>\n<td class=\"et2\" style=\"width: 180.00pt;\" width=\"240\">AF lutka<\/td>\n<\/tr>\n<tr style=\"height: 28.00pt;\">\n<td class=\"et2\" style=\"height: 28.00pt;\" height=\"37\">Vi\u0161ina:<\/td>\n<td class=\"et2\">165 cm TPE mo\u0161ka prava lutka<\/td>\n<\/tr>\n<tr style=\"height: 28.00pt;\">\n<td class=\"et2\" style=\"height: 28.00pt;\" height=\"37\">Prsi:<\/td>\n<td class=\"et2\">85 cm<\/td>\n<\/tr>\n<tr style=\"height: 28.00pt;\">\n<td class=\"et2\" style=\"height: 28.00pt;\" height=\"37\">Pas:<\/td>\n<td class=\"et2\">70 cm<\/td>\n<\/tr>\n<tr style=\"height: 28.00pt;\">\n<td class=\"et2\" style=\"height: 28.00pt;\" height=\"37\">Boki:<\/td>\n<td class=\"et2\">90 cm<\/td>\n<\/tr>\n<tr style=\"height: 28.00pt;\">\n<td class=\"et2\" style=\"height: 28.00pt;\" height=\"37\">Vrat:<\/td>\n<td class=\"et2\">26 cm<\/td>\n<\/tr>\n<tr style=\"height: 28.00pt;\">\n<td class=\"et2\" style=\"height: 28.00pt;\" height=\"37\">Dol\u017eina stopala:<\/td>\n<td class=\"et2\">23 cm<\/td>\n<\/tr>\n<tr style=\"height: 28.00pt;\">\n<td class=\"et2\" style=\"height: 28.00pt;\" height=\"37\">\u0160irina ramen:<\/td>\n<td class=\"et2\">42 cm<\/td>\n<\/tr>\n<tr style=\"height: 28.00pt;\">\n<td class=\"et2\" style=\"height: 28.00pt;\" height=\"37\">Ute\u017e:<\/td>\n<td class=\"et2\">44 kg<\/td>\n<\/tr>\n<tr style=\"height: 28.00pt;\">\n<td class=\"et2\" style=\"height: 28.00pt;\" height=\"37\">Dol\u017eina penisa:<\/td>\n<td class=\"et2\">19 cm<\/td>\n<\/tr>\n<tr style=\"height: 28.00pt;\">\n<td class=\"et2\" style=\"height: 28.00pt;\" height=\"37\">Obseg penisa:<\/td>\n<td class=\"et2\">12 cm<\/td>\n<\/tr>\n<tr style=\"height: 28.00pt;\">\n<td class=\"et2\" style=\"height: 28.00pt;\" height=\"37\">Ustna globina:<\/td>\n<td class=\"et2\">13 cm<\/td>\n<\/tr>\n<tr style=\"height: 28.00pt;\">\n<td class=\"et2\" style=\"height: 28.00pt;\" height=\"37\">Analna globina:<\/td>\n<td class=\"et2\">16 cm<\/td>\n<\/tr>\n<tr style=\"height: 28.00pt;\">\n<td class=\"et2\" style=\"height: 28.00pt;\" height=\"37\">Velikost paketa:<\/td>\n<td class=\"et2\">154 X 40 X 30 cm<\/td>\n<\/tr>\n<\/tbody>\n<\/table>\n<p>&nbsp;<\/p>\n<p><img fetchpriority=\"high\" decoding=\"async\" class=\"alignnone wp-image-21192 size-full\" src=\"https:\/\/www.miisoo.com\/wp-content\/uploads\/2022\/01\/male-silicone-dolls-2340.jpg\" alt=\"Japanese Male Sex Doll\" width=\"900\" height=\"600\" srcset=\"https:\/\/www.miisoo.com\/wp-content\/uploads\/2022\/01\/male-silicone-dolls-2340.jpg 900w, https:\/\/www.miisoo.com\/wp-content\/uploads\/2022\/01\/male-silicone-dolls-2340-300x200.jpg 300w, https:\/\/www.miisoo.com\/wp-content\/uploads\/2022\/01\/male-silicone-dolls-2340-768x512.jpg 768w, https:\/\/www.miisoo.com\/wp-content\/uploads\/2022\/01\/male-silicone-dolls-2340-370x247.jpg 370w, https:\/\/www.miisoo.com\/wp-content\/uploads\/2022\/01\/male-silicone-dolls-2340-600x400.jpg 600w\" sizes=\"(max-width: 900px) 100vw, 900px\" \/><\/p>","protected":false},"excerpt":{"rendered":"<div data-elementor-type=\"section\" data-elementor-id=\"10450\" class=\"elementor elementor-10450\" data-elementor-post-type=\"elementor_library\">\n<section class=\"elementor-section elementor-top-section elementor-element elementor-element-1ac4967 elementor-section-boxed elementor-section-height-default elementor-section-height-default\" data-id=\"1ac4967\" data-element_type=\"section\">\n<div class=\"elementor-container elementor-column-gap-default\">\n<div class=\"elementor-column elementor-col-100 elementor-top-column elementor-element elementor-element-bfbdbdf\" data-id=\"bfbdbdf\" data-element_type=\"column\">\n<div class=\"elementor-widget-wrap elementor-element-populated\">\n<div class=\"elementor-element elementor-element-e4dbd68 elementor-widget elementor-widget-text-editor\" data-id=\"e4dbd68\" data-element_type=\"widget\" data-widget_type=\"text-editor.default\">\n<div class=\"elementor-widget-container\">\n<ul>\n<li>Brezpla\u010dna dostava po vsem svetu, diskretna dostava.<\/li>\n<li>100% Enako kot slike, razen \u010de je prilagojeno.<\/li>\n<li>Cene vklju\u010dujejo. DDV in carine<\/li>\n<li>Brezpla\u010dna dostava, mo\u017enosti hitre dostave na strani za dokon\u010danje nakupa<\/li>\n<\/ul><\/div>\n<\/p><\/div>\n<\/p><\/div>\n<\/p><\/div>\n<\/p><\/div>\n<\/section><\/div>\n<div data-elementor-type=\"section\" data-elementor-id=\"10473\" class=\"elementor elementor-10473\" data-elementor-post-type=\"elementor_library\">\n<section class=\"elementor-section elementor-top-section elementor-element elementor-element-03d9b2a elementor-section-boxed elementor-section-height-default elementor-section-height-default\" data-id=\"03d9b2a\" data-element_type=\"section\">\n<div class=\"elementor-container elementor-column-gap-default\">\n<div class=\"elementor-column elementor-col-100 elementor-top-column elementor-element elementor-element-5081c52\" data-id=\"5081c52\" data-element_type=\"column\">\n<div class=\"elementor-widget-wrap elementor-element-populated\">\n<div class=\"elementor-element elementor-element-d2c17df elementor-widget elementor-widget-martfury-banner-small\" data-id=\"d2c17df\" data-element_type=\"widget\" data-widget_type=\"martfury-banner-small.default\">\n<div class=\"elementor-widget-container\">\n<div class=\"mf-elementor-banner-small\">\n<div class=\"banner-featured-image\"><\/div>\n<p>\t\t\t                <a class=\"link\" href=\"https:\/\/mso.aidoll-japan.com\"><\/a><\/p>\n<div class=\"banner-content\">\n<h2 class=\"banner-title\">1500 mini ljubezenskih lutk<\/p>\n<p>sexdollxxx. com<\/h2>\n<div class=\"banner-desc\">\n<p>60 cm, 80 cm, 100 cm,<\/p>\n<p>120 cm, 130 cm, 140 cm<\/p>\n<\/div>\n<div class=\"banner-price\"><span\n                                class=\"s-price\">sexdollxxx .com<\/span><\/div>\n<\/p><\/div>\n<\/p><\/div>\n<\/p><\/div>\n<\/p><\/div>\n<\/p><\/div>\n<\/p><\/div>\n<\/p><\/div>\n<\/section><\/div>","protected":false},"featured_media":21187,"comment_status":"open","ping_status":"closed","template":"","meta":[],"product_cat":[123,115,116,81],"product_tag":[],"class_list":{"0":"post-21125","1":"product","2":"type-product","3":"status-publish","4":"has-post-thumbnail","6":"product_cat-1000usd-1500usd-sex-dolls","7":"product_cat-161cm-170cm-sex-dolls","8":"product_cat-male-sex-dolls","9":"product_cat-tpe-sex-dolls","10":"tm-no-options","12":"first","13":"instock","14":"sale","15":"shipping-taxable","16":"purchasable","17":"product-type-simple","18":"col-xs-6 col-sm-4","19":"col-md-3 col-lg-3","20":"un-4-cols"},"yoast_head":"<!-- This site is optimized with the Yoast SEO Premium plugin v22.6 (Yoast SEO v22.9) - https:\/\/yoast.com\/wordpress\/plugins\/seo\/ -->\n<title>Japanese Male Sex Doll - Female Fucking Adult Male Sexy Sex Doll<\/title>\n<meta name=\"description\" content=\"This Japanese male sex\u00a0doll\u00a0knows he is cute and does not hesitate to show it. Buy female fucking adult male sexy sex doll\" \/>\n<meta name=\"robots\" content=\"index, follow, max-snippet:-1, max-image-preview:large, max-video-preview:-1\" \/>\n<link rel=\"canonical\" href=\"https:\/\/www.miisoo.com\/sl\/izdelek\/adult-sexy-japanese-male-sex-doll\/\" \/>\n<meta property=\"og:locale\" content=\"sl_SI\" \/>\n<meta property=\"og:type\" content=\"article\" \/>\n<meta property=\"og:title\" content=\"Rickey - 165cm Adult Sexy Japanese Male Sex Doll\" \/>\n<meta property=\"og:description\" content=\"This Japanese male sex\u00a0doll\u00a0knows he is cute and does not hesitate to show it. Buy female fucking adult male sexy sex doll\" \/>\n<meta property=\"og:url\" content=\"https:\/\/www.miisoo.com\/sl\/izdelek\/adult-sexy-japanese-male-sex-doll\/\" \/>\n<meta property=\"og:site_name\" content=\"MiisooDoll\" \/>\n<meta property=\"article:publisher\" content=\"https:\/\/www.facebook.com\/miisoodoll\" \/>\n<meta property=\"article:modified_time\" content=\"2022-01-07T03:07:26+00:00\" \/>\n<meta property=\"og:image\" content=\"https:\/\/www.miisoo.com\/wp-content\/uploads\/2022\/01\/male-silicone-dolls-2320.jpg\" \/>\n\t<meta property=\"og:image:width\" content=\"600\" \/>\n\t<meta property=\"og:image:height\" content=\"900\" \/>\n\t<meta property=\"og:image:type\" content=\"image\/jpeg\" \/>\n<meta name=\"twitter:card\" content=\"summary_large_image\" \/>\n<meta name=\"twitter:site\" content=\"@MiisooSexDolls\" \/>\n<meta name=\"twitter:label1\" content=\"Est. reading time\" \/>\n\t<meta name=\"twitter:data1\" content=\"2 minuti\" \/>\n<!-- \/ Yoast SEO Premium plugin. -->","yoast_head_json":{"title":"Japanese Male Sex Doll - Female Fucking Adult Male Sexy Sex Doll","description":"This Japanese male sex\u00a0doll\u00a0knows he is cute and does not hesitate to show it. Buy female fucking adult male sexy sex doll","robots":{"index":"index","follow":"follow","max-snippet":"max-snippet:-1","max-image-preview":"max-image-preview:large","max-video-preview":"max-video-preview:-1"},"canonical":"https:\/\/www.miisoo.com\/sl\/izdelek\/adult-sexy-japanese-male-sex-doll\/","og_locale":"sl_SI","og_type":"article","og_title":"Rickey - 165cm Adult Sexy Japanese Male Sex Doll","og_description":"This Japanese male sex\u00a0doll\u00a0knows he is cute and does not hesitate to show it. Buy female fucking adult male sexy sex doll","og_url":"https:\/\/www.miisoo.com\/sl\/izdelek\/adult-sexy-japanese-male-sex-doll\/","og_site_name":"MiisooDoll","article_publisher":"https:\/\/www.facebook.com\/miisoodoll","article_modified_time":"2022-01-07T03:07:26+00:00","og_image":[{"width":600,"height":900,"url":"https:\/\/www.miisoo.com\/wp-content\/uploads\/2022\/01\/male-silicone-dolls-2320.jpg","type":"image\/jpeg"}],"twitter_card":"summary_large_image","twitter_site":"@MiisooSexDolls","twitter_misc":{"Est. reading time":"2 minuti"},"schema":{"@context":"https:\/\/schema.org","@graph":[{"@type":"WebPage","@id":"https:\/\/www.miisoo.com\/product\/adult-sexy-japanese-male-sex-doll\/","url":"https:\/\/www.miisoo.com\/product\/adult-sexy-japanese-male-sex-doll\/","name":"Japanese Male Sex Doll - Female Fucking Adult Male Sexy Sex Doll","isPartOf":{"@id":"https:\/\/www.miisoo.com\/#website"},"primaryImageOfPage":{"@id":"https:\/\/www.miisoo.com\/product\/adult-sexy-japanese-male-sex-doll\/#primaryimage"},"image":{"@id":"https:\/\/www.miisoo.com\/product\/adult-sexy-japanese-male-sex-doll\/#primaryimage"},"thumbnailUrl":"https:\/\/www.miisoo.com\/wp-content\/uploads\/2022\/01\/male-silicone-dolls-2320.jpg","datePublished":"2022-01-05T11:57:54+00:00","dateModified":"2022-01-07T03:07:26+00:00","description":"This Japanese male sex\u00a0doll\u00a0knows he is cute and does not hesitate to show it. Buy female fucking adult male sexy sex doll","breadcrumb":{"@id":"https:\/\/www.miisoo.com\/product\/adult-sexy-japanese-male-sex-doll\/#breadcrumb"},"inLanguage":"sl-SI","potentialAction":[{"@type":"ReadAction","target":["https:\/\/www.miisoo.com\/product\/adult-sexy-japanese-male-sex-doll\/"]}]},{"@type":"ImageObject","inLanguage":"sl-SI","@id":"https:\/\/www.miisoo.com\/product\/adult-sexy-japanese-male-sex-doll\/#primaryimage","url":"https:\/\/www.miisoo.com\/wp-content\/uploads\/2022\/01\/male-silicone-dolls-2320.jpg","contentUrl":"https:\/\/www.miisoo.com\/wp-content\/uploads\/2022\/01\/male-silicone-dolls-2320.jpg","width":600,"height":900,"caption":"Rickey \u2013 165cm Adult Sexy Japanese Male Sex Doll"},{"@type":"BreadcrumbList","@id":"https:\/\/www.miisoo.com\/product\/adult-sexy-japanese-male-sex-doll\/#breadcrumb","itemListElement":[{"@type":"ListItem","position":1,"name":"Home","item":"https:\/\/www.miisoo.com\/"},{"@type":"ListItem","position":2,"name":"Sex Doll Shop","item":"https:\/\/www.miisoo.com\/shop\/"},{"@type":"ListItem","position":3,"name":"Rickey &#8211; 165cm Adult Sexy Japanese Male Sex Doll"}]},{"@type":"WebSite","@id":"https:\/\/www.miisoo.com\/#website","url":"https:\/\/www.miisoo.com\/","name":"MiisooDoll","description":"Sexual Doll, Real Sex Dolls, Love Doll, Best Sex Dolls","publisher":{"@id":"https:\/\/www.miisoo.com\/#organization"},"potentialAction":[{"@type":"SearchAction","target":{"@type":"EntryPoint","urlTemplate":"https:\/\/www.miisoo.com\/?s={search_term_string}"},"query-input":"required name=search_term_string"}],"inLanguage":"sl-SI"},{"@type":"Organization","@id":"https:\/\/www.miisoo.com\/#organization","name":"MiisooDoll","url":"https:\/\/www.miisoo.com\/","logo":{"@type":"ImageObject","inLanguage":"sl-SI","@id":"https:\/\/www.miisoo.com\/#\/schema\/logo\/image\/","url":"https:\/\/www.miisoo.com\/wp-content\/uploads\/2020\/09\/logo-botton.png","contentUrl":"https:\/\/www.miisoo.com\/wp-content\/uploads\/2020\/09\/logo-botton.png","width":181,"height":42,"caption":"MiisooDoll"},"image":{"@id":"https:\/\/www.miisoo.com\/#\/schema\/logo\/image\/"},"sameAs":["https:\/\/www.facebook.com\/miisoodoll","https:\/\/x.com\/MiisooSexDolls"]}]}},"_links":{"self":[{"href":"https:\/\/www.miisoo.com\/sl\/wp-json\/wp\/v2\/product\/21125","targetHints":{"allow":["GET"]}}],"collection":[{"href":"https:\/\/www.miisoo.com\/sl\/wp-json\/wp\/v2\/product"}],"about":[{"href":"https:\/\/www.miisoo.com\/sl\/wp-json\/wp\/v2\/types\/product"}],"replies":[{"embeddable":true,"href":"https:\/\/www.miisoo.com\/sl\/wp-json\/wp\/v2\/comments?post=21125"}],"version-history":[{"count":6,"href":"https:\/\/www.miisoo.com\/sl\/wp-json\/wp\/v2\/product\/21125\/revisions"}],"predecessor-version":[{"id":21585,"href":"https:\/\/www.miisoo.com\/sl\/wp-json\/wp\/v2\/product\/21125\/revisions\/21585"}],"wp:featuredmedia":[{"embeddable":true,"href":"https:\/\/www.miisoo.com\/sl\/wp-json\/wp\/v2\/media\/21187"}],"wp:attachment":[{"href":"https:\/\/www.miisoo.com\/sl\/wp-json\/wp\/v2\/media?parent=21125"}],"wp:term":[{"taxonomy":"product_cat","embeddable":true,"href":"https:\/\/www.miisoo.com\/sl\/wp-json\/wp\/v2\/product_cat?post=21125"},{"taxonomy":"product_tag","embeddable":true,"href":"https:\/\/www.miisoo.com\/sl\/wp-json\/wp\/v2\/product_tag?post=21125"}],"curies":[{"name":"wp","href":"https:\/\/api.w.org\/{rel}","templated":true}]}}