{"id":6199,"date":"2020-11-10T21:28:52","date_gmt":"2020-11-10T13:28:52","guid":{"rendered":"https:\/\/www.miisoo.com\/?page_id=6199"},"modified":"2025-05-07T15:04:48","modified_gmt":"2025-05-07T07:04:48","slug":"sex-doll-affiliate-program","status":"publish","type":"page","link":"https:\/\/www.miisoo.com\/sl\/sex-doll-affiliate-program\/","title":{"rendered":"Pridru\u017eeni program Sex Doll"},"content":{"rendered":"<div data-elementor-type=\"wp-page\" data-elementor-id=\"6199\" class=\"elementor elementor-6199\" data-elementor-post-type=\"page\">\n\t\t\t\t\t\t<section class=\"elementor-section elementor-top-section elementor-element elementor-element-c76458e elementor-section-boxed elementor-section-height-default elementor-section-height-default\" data-id=\"c76458e\" data-element_type=\"section\">\n\t\t\t\t\t\t<div class=\"elementor-container elementor-column-gap-default\">\n\t\t\t\t\t<div class=\"elementor-column elementor-col-25 elementor-top-column elementor-element elementor-element-8b5e8e1\" data-id=\"8b5e8e1\" data-element_type=\"column\">\n\t\t\t<div class=\"elementor-widget-wrap\">\n\t\t\t\t\t\t\t<\/div>\n\t\t<\/div>\n\t\t\t\t<div class=\"elementor-column elementor-col-50 elementor-top-column elementor-element elementor-element-5afa608\" data-id=\"5afa608\" data-element_type=\"column\">\n\t\t\t<div class=\"elementor-widget-wrap elementor-element-populated\">\n\t\t\t\t\t\t<div class=\"elementor-element elementor-element-1111958 elementor-widget elementor-widget-text-editor\" data-id=\"1111958\" data-element_type=\"widget\" data-widget_type=\"text-editor.default\">\n\t\t\t\t<div class=\"elementor-widget-container\">\n\t\t\t\t\t\t\t\t\t<p>Seks lutke za odrasle in spolne igra\u010de so ena najbolj donosnih industrij na internetu. Na\u0161 pridru\u017eeni program Sex Dolls vam omogo\u010da, da dodatno zaslu\u017eite in ta industrija eksplozivno raste. \u010ce imate spletno mesto, blog, vplivne\u017ee ali kar koli drugega, ki bi lahko promoviralo na\u0161e spletno mesto za spolne lutke, povezano z odraslimi, lahko zaslu\u017eite visoke prihodke od provizij s po\u0161iljanjem prometa na na\u0161e spletno mesto. Poleg tega je na\u0161a partnerska platforma uporabniku prijazna in na\u0161e osebje vam bo pomagalo pri namestitvi.\u00a0<\/p><p>Read below to have more information and register to our Affiliate Program<\/p><p><a href=\"https:\/\/miisoodoll.goaffpro.com\/\">https:\/\/miisoodoll.goaffpro.com\/<\/a><\/p>\t\t\t\t\t\t\t\t<\/div>\n\t\t\t\t<\/div>\n\t\t\t\t<div class=\"elementor-element elementor-element-4f77285 elementor-widget elementor-widget-text-editor\" data-id=\"4f77285\" data-element_type=\"widget\" data-widget_type=\"text-editor.default\">\n\t\t\t\t<div class=\"elementor-widget-container\">\n\t\t\t\t\t\t\t\t\t<h3><strong>Koliko lahko zaslu\u017eite kot pridru\u017eeni partner?<\/strong><\/h3><p>Our affiliate partners earn<span style=\"text-decoration: underline;\"> 8%<\/span> commission for each sale generated by their referrals. Since our dolls are wholesale price and factory outlets, the most competitive products in the industry, This makes MiisooDoll have a higher order conversion rate. We will never let our products sell at high prices. We will give our profits to our buyers. If the products are sold at a high price, even if the affiliate member can get a high commission rate, this is a behavior that deceives consumers. Overall, those high product prices will also lead to low order conversion rates. We stick to 15% of the gross profit to ourselves and 8% of the profits to our affiliates.<\/p><p>An example commission: Our best selling doll Vada is valued at $1466. Our affiliate partners earn $117.28 every time one of their referrals purchases her. \u00a0($1466 X 0.08 = $117.28)<\/p>\t\t\t\t\t\t\t\t<\/div>\n\t\t\t\t<\/div>\n\t\t\t\t<div class=\"elementor-element elementor-element-1c6a6f3 elementor-widget elementor-widget-text-editor\" data-id=\"1c6a6f3\" data-element_type=\"widget\" data-widget_type=\"text-editor.default\">\n\t\t\t\t<div class=\"elementor-widget-container\">\n\t\t\t\t\t\t\t\t\t<h3><strong>Kako deluje?<\/strong><\/h3><p>&#8211; Register as a MIISOO SEXDOLL Affiliate Partner.<\/p><p><a href=\"https:\/\/miisoodoll.goaffpro.com\/create-account\">https:\/\/miisoodoll.goaffpro.com\/create-account<\/a><\/p><p>\u2013 Postavite URL svojega partnerja na svoje spletno mesto.<\/p><p>&#8211; When a user clicks through to miisoo.com and makes a purchase, you will automatically earn 8% of the sale.<\/p><p>\u2013 Kadar koli se prijavite v plo\u0161\u010do pridru\u017eenega partnerja, da spremljate klike, konverzije in zaslu\u017eke.<\/p><p>\u2013 Izpla\u010dila bodo izvedena prek paypala, ko bo dose\u017een prag $300.00.<\/p>\t\t\t\t\t\t\t\t<\/div>\n\t\t\t\t<\/div>\n\t\t\t\t<div class=\"elementor-element elementor-element-46b4b24 elementor-widget elementor-widget-text-editor\" data-id=\"46b4b24\" data-element_type=\"widget\" data-widget_type=\"text-editor.default\">\n\t\t\t\t<div class=\"elementor-widget-container\">\n\t\t\t\t\t\t\t\t\t<h3><strong>Kako postati affiliate partner?<\/strong><\/h3><div class=\"accordion-inner\"><p>\u010ce niste pridru\u017eeni partner, a \u017eelite to postati, vas prosimo <a href=\"https:\/\/miisoodoll.goaffpro.com\/create-account\">registriraj se tukaj<\/a>. z veseljem bi te sprejeli. Po odobritvi vam bomo poslali prilagojen URL.  Pomembno je, da uporabite ta URL, da lahko izsledimo prodajo nazaj do va\u0161ega ra\u010duna in pla\u010damo va\u0161e provizije.<\/p><p>If you are an existing affiliate, please log in to access your control panel.<\/p><p><a href=\"https:\/\/miisoodoll.goaffpro.com\/login\">https:\/\/miisoodoll.goaffpro.com\/login<\/a><\/p><\/div>\t\t\t\t\t\t\t\t<\/div>\n\t\t\t\t<\/div>\n\t\t\t\t\t<\/div>\n\t\t<\/div>\n\t\t\t\t<div class=\"elementor-column elementor-col-25 elementor-top-column elementor-element elementor-element-df603f8\" data-id=\"df603f8\" data-element_type=\"column\">\n\t\t\t<div class=\"elementor-widget-wrap\">\n\t\t\t\t\t\t\t<\/div>\n\t\t<\/div>\n\t\t\t\t\t<\/div>\n\t\t<\/section>\n\t\t\t\t<\/div>","protected":false},"excerpt":{"rendered":"<p>Seks lutke za odrasle in spolne igra\u010de so ena najbolj donosnih industrij na internetu. Na\u0161 pridru\u017eeni program Sex Dolls vam omogo\u010da, da dodatno zaslu\u017eite in ta industrija eksplozivno raste. \u010ce imate spletno stran, blog, vplivne\u017ee ali kar koli drugega, ki bi lahko promoviralo na\u0161o spletno stran za spolne lutke, povezano z odraslimi,\u2026<\/p>","protected":false},"author":455,"featured_media":0,"parent":0,"menu_order":0,"comment_status":"closed","ping_status":"open","template":"","meta":{"footnotes":""},"class_list":["post-6199","page","type-page","status-publish","hentry"],"yoast_head":"<!-- This site is optimized with the Yoast SEO Premium plugin v22.6 (Yoast SEO v22.9) - https:\/\/yoast.com\/wordpress\/plugins\/seo\/ -->\n<title>Become a Partner in the Sex Doll Affiliate Program | MiisooDoll<\/title>\n<meta name=\"description\" content=\"Miisoo Sex Dolls Affiliate Program gives you a way to make extra money, this industry is growing fast. you can earn high commissions revenue\" \/>\n<meta name=\"robots\" content=\"index, follow, max-snippet:-1, max-image-preview:large, max-video-preview:-1\" \/>\n<link rel=\"canonical\" href=\"https:\/\/www.miisoo.com\/sl\/sex-doll-affiliate-program\/\" \/>\n<meta property=\"og:locale\" content=\"sl_SI\" \/>\n<meta property=\"og:type\" content=\"article\" \/>\n<meta property=\"og:title\" content=\"Sex Doll Affiliate Program\" \/>\n<meta property=\"og:description\" content=\"Miisoo Sex Dolls Affiliate Program gives you a way to make extra money, this industry is growing fast. you can earn high commissions revenue\" \/>\n<meta property=\"og:url\" content=\"https:\/\/www.miisoo.com\/sl\/sex-doll-affiliate-program\/\" \/>\n<meta property=\"og:site_name\" content=\"MiisooDoll\" \/>\n<meta property=\"article:publisher\" content=\"https:\/\/www.facebook.com\/miisoodoll\" \/>\n<meta property=\"article:modified_time\" content=\"2025-05-07T07:04:48+00:00\" \/>\n<meta name=\"twitter:card\" content=\"summary_large_image\" \/>\n<meta name=\"twitter:site\" content=\"@MiisooSexDolls\" \/>\n<meta name=\"twitter:label1\" content=\"Est. reading time\" \/>\n\t<meta name=\"twitter:data1\" content=\"2 minuti\" \/>\n<!-- \/ Yoast SEO Premium plugin. -->","yoast_head_json":{"title":"Become a Partner in the Sex Doll Affiliate Program | MiisooDoll","description":"Miisoo Sex Dolls Affiliate Program gives you a way to make extra money, this industry is growing fast. you can earn high commissions revenue","robots":{"index":"index","follow":"follow","max-snippet":"max-snippet:-1","max-image-preview":"max-image-preview:large","max-video-preview":"max-video-preview:-1"},"canonical":"https:\/\/www.miisoo.com\/sl\/sex-doll-affiliate-program\/","og_locale":"sl_SI","og_type":"article","og_title":"Sex Doll Affiliate Program","og_description":"Miisoo Sex Dolls Affiliate Program gives you a way to make extra money, this industry is growing fast. you can earn high commissions revenue","og_url":"https:\/\/www.miisoo.com\/sl\/sex-doll-affiliate-program\/","og_site_name":"MiisooDoll","article_publisher":"https:\/\/www.facebook.com\/miisoodoll","article_modified_time":"2025-05-07T07:04:48+00:00","twitter_card":"summary_large_image","twitter_site":"@MiisooSexDolls","twitter_misc":{"Est. reading time":"2 minuti"},"schema":{"@context":"https:\/\/schema.org","@graph":[{"@type":"WebPage","@id":"https:\/\/www.miisoo.com\/sex-doll-affiliate-program\/","url":"https:\/\/www.miisoo.com\/sex-doll-affiliate-program\/","name":"Become a Partner in the Sex Doll Affiliate Program | MiisooDoll","isPartOf":{"@id":"https:\/\/www.miisoo.com\/#website"},"datePublished":"2020-11-10T13:28:52+00:00","dateModified":"2025-05-07T07:04:48+00:00","description":"Miisoo Sex Dolls Affiliate Program gives you a way to make extra money, this industry is growing fast. you can earn high commissions revenue","breadcrumb":{"@id":"https:\/\/www.miisoo.com\/sex-doll-affiliate-program\/#breadcrumb"},"inLanguage":"sl-SI","potentialAction":[{"@type":"ReadAction","target":["https:\/\/www.miisoo.com\/sex-doll-affiliate-program\/"]}]},{"@type":"BreadcrumbList","@id":"https:\/\/www.miisoo.com\/sex-doll-affiliate-program\/#breadcrumb","itemListElement":[{"@type":"ListItem","position":1,"name":"Home","item":"https:\/\/www.miisoo.com\/"},{"@type":"ListItem","position":2,"name":"Sex Doll Affiliate Program"}]},{"@type":"WebSite","@id":"https:\/\/www.miisoo.com\/#website","url":"https:\/\/www.miisoo.com\/","name":"MiisooDoll","description":"Sexual Doll, Real Sex Dolls, Love Doll, Best Sex Dolls","publisher":{"@id":"https:\/\/www.miisoo.com\/#organization"},"potentialAction":[{"@type":"SearchAction","target":{"@type":"EntryPoint","urlTemplate":"https:\/\/www.miisoo.com\/?s={search_term_string}"},"query-input":"required name=search_term_string"}],"inLanguage":"sl-SI"},{"@type":"Organization","@id":"https:\/\/www.miisoo.com\/#organization","name":"MiisooDoll","url":"https:\/\/www.miisoo.com\/","logo":{"@type":"ImageObject","inLanguage":"sl-SI","@id":"https:\/\/www.miisoo.com\/#\/schema\/logo\/image\/","url":"https:\/\/www.miisoo.com\/wp-content\/uploads\/2020\/09\/logo-botton.png","contentUrl":"https:\/\/www.miisoo.com\/wp-content\/uploads\/2020\/09\/logo-botton.png","width":181,"height":42,"caption":"MiisooDoll"},"image":{"@id":"https:\/\/www.miisoo.com\/#\/schema\/logo\/image\/"},"sameAs":["https:\/\/www.facebook.com\/miisoodoll","https:\/\/x.com\/MiisooSexDolls"]}]}},"_links":{"self":[{"href":"https:\/\/www.miisoo.com\/sl\/wp-json\/wp\/v2\/pages\/6199","targetHints":{"allow":["GET"]}}],"collection":[{"href":"https:\/\/www.miisoo.com\/sl\/wp-json\/wp\/v2\/pages"}],"about":[{"href":"https:\/\/www.miisoo.com\/sl\/wp-json\/wp\/v2\/types\/page"}],"author":[{"embeddable":true,"href":"https:\/\/www.miisoo.com\/sl\/wp-json\/wp\/v2\/users\/455"}],"replies":[{"embeddable":true,"href":"https:\/\/www.miisoo.com\/sl\/wp-json\/wp\/v2\/comments?post=6199"}],"version-history":[{"count":12,"href":"https:\/\/www.miisoo.com\/sl\/wp-json\/wp\/v2\/pages\/6199\/revisions"}],"predecessor-version":[{"id":49126,"href":"https:\/\/www.miisoo.com\/sl\/wp-json\/wp\/v2\/pages\/6199\/revisions\/49126"}],"wp:attachment":[{"href":"https:\/\/www.miisoo.com\/sl\/wp-json\/wp\/v2\/media?parent=6199"}],"curies":[{"name":"wp","href":"https:\/\/api.w.org\/{rel}","templated":true}]}}