{"id":4494,"date":"2020-09-16T14:42:35","date_gmt":"2020-09-16T06:42:35","guid":{"rendered":"http:\/\/miisoo.com\/?page_id=4494"},"modified":"2023-12-22T20:07:15","modified_gmt":"2023-12-22T12:07:15","slug":"disclaimer-18","status":"publish","type":"page","link":"https:\/\/www.miisoo.com\/sl\/disclaimer-18\/","title":{"rendered":"Zavrnitev odgovornosti 18+"},"content":{"rendered":"<div data-elementor-type=\"wp-page\" data-elementor-id=\"4494\" class=\"elementor elementor-4494\" data-elementor-post-type=\"page\">\n\t\t\t\t\t\t<section class=\"elementor-section elementor-top-section elementor-element elementor-element-c76458e elementor-section-boxed elementor-section-height-default elementor-section-height-default\" data-id=\"c76458e\" data-element_type=\"section\">\n\t\t\t\t\t\t<div class=\"elementor-container elementor-column-gap-default\">\n\t\t\t\t\t<div class=\"elementor-column elementor-col-25 elementor-top-column elementor-element elementor-element-8b5e8e1\" data-id=\"8b5e8e1\" data-element_type=\"column\">\n\t\t\t<div class=\"elementor-widget-wrap\">\n\t\t\t\t\t\t\t<\/div>\n\t\t<\/div>\n\t\t\t\t<div class=\"elementor-column elementor-col-50 elementor-top-column elementor-element elementor-element-5afa608\" data-id=\"5afa608\" data-element_type=\"column\">\n\t\t\t<div class=\"elementor-widget-wrap elementor-element-populated\">\n\t\t\t\t\t\t<div class=\"elementor-element elementor-element-1111958 elementor-widget elementor-widget-text-editor\" data-id=\"1111958\" data-element_type=\"widget\" data-widget_type=\"text-editor.default\">\n\t\t\t\t<div class=\"elementor-widget-container\">\n\t\t\t\t\t\t\t\t\t<p>Nazadnje posodobljeno 25. maja 2017 ob 10:23<\/p><p>OPOZORILO. To spletno mesto vsebuje spolno usmerjeno gradivo za odrasle, namenjeno osebam, starim 18 let ali ve\u010d. \u010ce \u0161e nimate 18 let. Z ogledom te strani se strinjate, da razumete in spodnje pogoje:<\/p><p><strong>18 LET IN VE\u010c<\/strong><\/p><p>MIISOO.com mladoletnikom ne more prepovedati obiska te strani. Star\u0161i ali skrbniki so odgovorni za nadzor otrok in mladostnikov glede tega, katera gradiva so primerna za ogled. MIISOO.com zahteva, da vse nakupe opravijo posamezniki, starej\u0161i od 18 let.<\/p><p><strong>AVTORSKE PRAVICE<\/strong><\/p><p>\u010ce ni druga\u010de dolo\u010deno, so vsa gradiva, ki se pojavljajo na tem spletnem mestu, vklju\u010dno z besedilom, dizajnom spletnega mesta, logotipi, grafiko, ikonami in slikami ter njihovim izborom, sestavljanjem in razporeditvijo, izklju\u010dna last MIISOO.com. Vsebino tega spletnega mesta lahko uporabljate samo za nakupovanje na tem spletnem mestu ali oddajo naro\u010dila na tem spletnem mestu in za noben drug namen. Nobenega materiala s tega mesta ni dovoljeno kopirati, reproducirati, spreminjati, ponovno objavljati, nalagati, objavljati, prena\u0161ati ali distribuirati v kakr\u0161ni koli obliki ali na kakr\u0161en koli na\u010din brez predhodnega pisnega dovoljenja MIISOO.com. Vse pravice, ki tukaj niso izrecno podeljene, so pridr\u017eane. Kakr\u0161na koli nepoobla\u0161\u010dena uporaba materialov, ki se pojavljajo na tem spletnem mestu, lahko kr\u0161i avtorske pravice, blagovne znamke in druge veljavne zakone ter lahko povzro\u010di kazenske ali civilne kazni.<\/p><p><strong>ODPOVED ODGOVORNOSTI<\/strong><\/p><p>To spletno mesto vam je na voljo &quot;tak\u0161no kot je&quot; brez kakr\u0161nih koli jamstev, izrecnih ali implicitnih. Z uporabo spletnega mesta se strinjate, da nosite vsa tveganja, povezana z uporabo teh spletnih mest, in se strinjate, da MIISOO.com, njegove uradnike, direktorje, zaposlene in agente ne boste \u0161kodovali vsem zahtevkom, ki izhajajo iz ali so povezani z va\u0161o uporabo ali nezmo\u017enostjo za uporabo, spletne strani, s katerimi so povezane. Nadalje se strinjate, da MIISOO.com ali tisti, ki prispevajo informacije k spletnemu mestu, ne bodo odgovorni za kakr\u0161no koli \u0161kodo ali izgubo, ki ste jo povzro\u010dili ali domnevno povzro\u010dili z zana\u0161anjem na tak\u0161ne informacije.<\/p><p>Vsi izdelki na tem spletnem mestu so samo za novo uporabo. MIISOO.com ne daje nobenih jamstev, izrecnih ali implicitnih, da je izdelek, naro\u010den pri MIISOO.com, brez po\u0161kodb, napak proizvajalca ali napa\u010dnih navedb proizvajalca. Z oddajo naro\u010dila izrecno potrjujete in se strinjate z naslednjim: MIISOO.com ni odgovoren nobenemu kupcu ali drugim osebam za kakr\u0161no koli po\u0161kodbo, izgubo ali \u0161kodo, neposredno, posredno, naklju\u010dno, posebno ali posledi\u010dno, ne glede na uveljavljena pravna teorija, vklju\u010dno z malomarnostjo in\/ali objektivno odgovornostjo.<\/p><p><strong>POVRA\u010cILO<\/strong><\/p><p>V vsa naro\u010dila bele\u017eimo nize IP \u2013 vsa naro\u010dila, ki se vrnejo kot povratna bremenitev zaradi goljufivih dejavnosti, bodo skrbno preganjana prek va\u0161e lokalne jurisdikcije za pregon v najve\u010dji mo\u017eni meri zakona.<\/p><p>\u010ce \u017eelite opraviti nakup na MIISOO.com, se strinjate, da ne boste vlo\u017eili nobenega spora\/zahtevka ali povratne bremenitve pri izdajatelju va\u0161e kreditne kartice za katero koli naro\u010dilo, ki ste ga opravili na MIISOO.com.<\/p><p>MIISOO.com meni, da je vra\u010dilo bremenitve kreditne kartice goljufija, \u010de se niste razumno potrudili, da bi nas obvestili, da obstaja te\u017eava, in nam dali precej \u010dasa, da re\u0161imo ali razjasnimo zadevo.<\/p><p>Ne toleriramo goljufij s kreditnimi karticami. Ne bo prizaneseno z nobenimi stro\u0161ki in vse goljufije brez izjeme bodo preganjane po vsej zakonodaji. Poleg tega bomo vlo\u017eili civilno pravno to\u017ebo za kakr\u0161no koli izgubo dohodka, povezano z goljufijo, vklju\u010dno s poslovanjem, pravnimi stro\u0161ki, stro\u0161ki raziskav, izpadi zaposlenih in izgubo prihodkov.<\/p><p>Vse neresne povratne bremenitve ne samo, da na\u0161im zaposlenim stanejo \u010das, ko se oddaljijo od na\u0161ih obi\u010dajnih in obi\u010dajnih zadev pri opravljanju normalnega poslovanja, ampak nas stanejo denarja, zato:<\/p><p>Strinjate se, da \u010de se odlo\u010dite za nakup pri MIISOO.com in vlo\u017eite spor\/zahtevek ali povratno bremenitev pri izdajatelju va\u0161e kreditne kartice zaradi situacije, ki je v nasprotju z na\u0161imi dolo\u010dili in pogoji, s katerimi se strinjate ob oddaji naro\u010dila ALI nam niste dodelili dovolj \u010das za potrditev, potrditev in raziskavo situacije; in glede na kakr\u0161en koli rezultat ne dobite argumenta za vra\u010dilo bremenitve ali spora\/zahtevka.<\/p><p>V primeru, da dobite povra\u010dilo bremenitve pri izdajatelju va\u0161e kreditne kartice, bo MIISOO.com posku\u0161al izterjati goljufivo izpodbijane bremenitve in dodatne stro\u0161ke prek agencije za izterjavo tretjih oseb. Sporo\u010deni podatki bodo vklju\u010devali polno ime, e-po\u0161to, datum naro\u010dila, znesek naro\u010dila, naslov IP, polni naslov in telefonsko \u0161tevilko.<\/p>\t\t\t\t\t\t\t\t<\/div>\n\t\t\t\t<\/div>\n\t\t\t\t\t<\/div>\n\t\t<\/div>\n\t\t\t\t<div class=\"elementor-column elementor-col-25 elementor-top-column elementor-element elementor-element-df603f8\" data-id=\"df603f8\" data-element_type=\"column\">\n\t\t\t<div class=\"elementor-widget-wrap\">\n\t\t\t\t\t\t\t<\/div>\n\t\t<\/div>\n\t\t\t\t\t<\/div>\n\t\t<\/section>\n\t\t\t\t<\/div>","protected":false},"excerpt":{"rendered":"<p>Last updated on May 25th, 2017 at 10:23 am WARNING. This site contains sexually oriented adult material intended for individuals 18 years of age or older. If you are not yet 18. By viewing this site you agree that you understand and the below terms: 18 YEARS AND OLDER MIISOO.com cannot prohibit minors from visiting&hellip;<\/p>","protected":false},"author":455,"featured_media":0,"parent":0,"menu_order":0,"comment_status":"closed","ping_status":"open","template":"","meta":{"footnotes":""},"class_list":["post-4494","page","type-page","status-publish","hentry"],"yoast_head":"<!-- This site is optimized with the Yoast SEO Premium plugin v22.6 (Yoast SEO v22.9) - https:\/\/yoast.com\/wordpress\/plugins\/seo\/ -->\n<title>Explore Adult Content| Age 18+ Disclaimer | MiisooDoll<\/title>\n<meta name=\"description\" content=\"Discover adult content responsibly with MiisooDoll&#039;s age 18+ disclaimer. Explore a world of intimate satisfaction while prioritizing legal and ethical guidelines.\" \/>\n<meta name=\"robots\" content=\"index, follow, max-snippet:-1, max-image-preview:large, max-video-preview:-1\" \/>\n<link rel=\"canonical\" href=\"https:\/\/www.miisoo.com\/sl\/disclaimer-18\/\" \/>\n<meta property=\"og:locale\" content=\"sl_SI\" \/>\n<meta property=\"og:type\" content=\"article\" \/>\n<meta property=\"og:title\" content=\"Disclaimer 18+\" \/>\n<meta property=\"og:description\" content=\"Discover adult content responsibly with MiisooDoll&#039;s age 18+ disclaimer. Explore a world of intimate satisfaction while prioritizing legal and ethical guidelines.\" \/>\n<meta property=\"og:url\" content=\"https:\/\/www.miisoo.com\/sl\/disclaimer-18\/\" \/>\n<meta property=\"og:site_name\" content=\"MiisooDoll\" \/>\n<meta property=\"article:publisher\" content=\"https:\/\/www.facebook.com\/miisoodoll\" \/>\n<meta property=\"article:modified_time\" content=\"2023-12-22T12:07:15+00:00\" \/>\n<meta name=\"twitter:card\" content=\"summary_large_image\" \/>\n<meta name=\"twitter:site\" content=\"@MiisooSexDolls\" \/>\n<meta name=\"twitter:label1\" content=\"Est. reading time\" \/>\n\t<meta name=\"twitter:data1\" content=\"4 minute\" \/>\n<!-- \/ Yoast SEO Premium plugin. -->","yoast_head_json":{"title":"Explore Adult Content| Age 18+ Disclaimer | MiisooDoll","description":"Discover adult content responsibly with MiisooDoll's age 18+ disclaimer. Explore a world of intimate satisfaction while prioritizing legal and ethical guidelines.","robots":{"index":"index","follow":"follow","max-snippet":"max-snippet:-1","max-image-preview":"max-image-preview:large","max-video-preview":"max-video-preview:-1"},"canonical":"https:\/\/www.miisoo.com\/sl\/disclaimer-18\/","og_locale":"sl_SI","og_type":"article","og_title":"Disclaimer 18+","og_description":"Discover adult content responsibly with MiisooDoll's age 18+ disclaimer. Explore a world of intimate satisfaction while prioritizing legal and ethical guidelines.","og_url":"https:\/\/www.miisoo.com\/sl\/disclaimer-18\/","og_site_name":"MiisooDoll","article_publisher":"https:\/\/www.facebook.com\/miisoodoll","article_modified_time":"2023-12-22T12:07:15+00:00","twitter_card":"summary_large_image","twitter_site":"@MiisooSexDolls","twitter_misc":{"Est. reading time":"4 minute"},"schema":{"@context":"https:\/\/schema.org","@graph":[{"@type":"WebPage","@id":"https:\/\/www.miisoo.com\/disclaimer-18\/","url":"https:\/\/www.miisoo.com\/disclaimer-18\/","name":"Explore Adult Content| Age 18+ Disclaimer | MiisooDoll","isPartOf":{"@id":"https:\/\/www.miisoo.com\/#website"},"datePublished":"2020-09-16T06:42:35+00:00","dateModified":"2023-12-22T12:07:15+00:00","description":"Discover adult content responsibly with MiisooDoll's age 18+ disclaimer. Explore a world of intimate satisfaction while prioritizing legal and ethical guidelines.","breadcrumb":{"@id":"https:\/\/www.miisoo.com\/disclaimer-18\/#breadcrumb"},"inLanguage":"sl-SI","potentialAction":[{"@type":"ReadAction","target":["https:\/\/www.miisoo.com\/disclaimer-18\/"]}]},{"@type":"BreadcrumbList","@id":"https:\/\/www.miisoo.com\/disclaimer-18\/#breadcrumb","itemListElement":[{"@type":"ListItem","position":1,"name":"Home","item":"https:\/\/www.miisoo.com\/"},{"@type":"ListItem","position":2,"name":"Disclaimer 18+"}]},{"@type":"WebSite","@id":"https:\/\/www.miisoo.com\/#website","url":"https:\/\/www.miisoo.com\/","name":"MiisooDoll","description":"Sexual Doll, Real Sex Dolls, Love Doll, Best Sex Dolls","publisher":{"@id":"https:\/\/www.miisoo.com\/#organization"},"potentialAction":[{"@type":"SearchAction","target":{"@type":"EntryPoint","urlTemplate":"https:\/\/www.miisoo.com\/?s={search_term_string}"},"query-input":"required name=search_term_string"}],"inLanguage":"sl-SI"},{"@type":"Organization","@id":"https:\/\/www.miisoo.com\/#organization","name":"MiisooDoll","url":"https:\/\/www.miisoo.com\/","logo":{"@type":"ImageObject","inLanguage":"sl-SI","@id":"https:\/\/www.miisoo.com\/#\/schema\/logo\/image\/","url":"https:\/\/www.miisoo.com\/wp-content\/uploads\/2020\/09\/logo-botton.png","contentUrl":"https:\/\/www.miisoo.com\/wp-content\/uploads\/2020\/09\/logo-botton.png","width":181,"height":42,"caption":"MiisooDoll"},"image":{"@id":"https:\/\/www.miisoo.com\/#\/schema\/logo\/image\/"},"sameAs":["https:\/\/www.facebook.com\/miisoodoll","https:\/\/x.com\/MiisooSexDolls"]}]}},"_links":{"self":[{"href":"https:\/\/www.miisoo.com\/sl\/wp-json\/wp\/v2\/pages\/4494","targetHints":{"allow":["GET"]}}],"collection":[{"href":"https:\/\/www.miisoo.com\/sl\/wp-json\/wp\/v2\/pages"}],"about":[{"href":"https:\/\/www.miisoo.com\/sl\/wp-json\/wp\/v2\/types\/page"}],"author":[{"embeddable":true,"href":"https:\/\/www.miisoo.com\/sl\/wp-json\/wp\/v2\/users\/455"}],"replies":[{"embeddable":true,"href":"https:\/\/www.miisoo.com\/sl\/wp-json\/wp\/v2\/comments?post=4494"}],"version-history":[{"count":1,"href":"https:\/\/www.miisoo.com\/sl\/wp-json\/wp\/v2\/pages\/4494\/revisions"}],"predecessor-version":[{"id":34670,"href":"https:\/\/www.miisoo.com\/sl\/wp-json\/wp\/v2\/pages\/4494\/revisions\/34670"}],"wp:attachment":[{"href":"https:\/\/www.miisoo.com\/sl\/wp-json\/wp\/v2\/media?parent=4494"}],"curies":[{"name":"wp","href":"https:\/\/api.w.org\/{rel}","templated":true}]}}