{"id":3,"date":"2020-09-05T13:19:56","date_gmt":"2020-09-05T13:19:56","guid":{"rendered":"http:\/\/miisoo.com\/?page_id=3"},"modified":"2023-12-22T20:16:22","modified_gmt":"2023-12-22T12:16:22","slug":"privacy-policy","status":"publish","type":"page","link":"https:\/\/www.miisoo.com\/sl\/privacy-policy\/","title":{"rendered":"Politika zasebnosti"},"content":{"rendered":"<div data-elementor-type=\"wp-page\" data-elementor-id=\"3\" class=\"elementor elementor-3\" data-elementor-post-type=\"page\">\n\t\t\t\t\t\t<section class=\"elementor-section elementor-top-section elementor-element elementor-element-c76458e elementor-section-boxed elementor-section-height-default elementor-section-height-default\" data-id=\"c76458e\" data-element_type=\"section\">\n\t\t\t\t\t\t<div class=\"elementor-container elementor-column-gap-default\">\n\t\t\t\t\t<div class=\"elementor-column elementor-col-25 elementor-top-column elementor-element elementor-element-8b5e8e1\" data-id=\"8b5e8e1\" data-element_type=\"column\">\n\t\t\t<div class=\"elementor-widget-wrap\">\n\t\t\t\t\t\t\t<\/div>\n\t\t<\/div>\n\t\t\t\t<div class=\"elementor-column elementor-col-50 elementor-top-column elementor-element elementor-element-5afa608\" data-id=\"5afa608\" data-element_type=\"column\">\n\t\t\t<div class=\"elementor-widget-wrap elementor-element-populated\">\n\t\t\t\t\t\t<div class=\"elementor-element elementor-element-1111958 elementor-widget elementor-widget-text-editor\" data-id=\"1111958\" data-element_type=\"widget\" data-widget_type=\"text-editor.default\">\n\t\t\t\t<div class=\"elementor-widget-container\">\n\t\t\t\t\t\t\t\t\t<p>MIISOO je edini lastnik podatkov, ki jih zbiramo na tem spletnem mestu, teh podatkov ne prodajamo, ne dajemo v najem ali delimo z nobenim drugim podjetjem za namen tr\u017eenja. Vemo, da vam ni vseeno, kako se va\u0161i osebni podatki uporabljajo in delijo, in cenimo va\u0161e zaupanje v nas. Z va\u0161imi osebnimi podatki ravnamo po najvi\u0161jih standardih varnosti, za\u0161\u010dite in zaupnosti.<\/p>\n<p><strong>V. Skrbi me za mojo zasebnost. Kako lahko za\u0161\u010ditite mojo zaupnost?<\/strong><\/p>\n<p>O. Zelo smo zaskrbljeni glede elektronske zasebnosti, glede na to, da smo internetno podjetje. V procesu naro\u010danja in izpolnjevanja varujemo va\u0161o zasebnost, zaupnost in osebne podatke. Va\u0161ih podatkov ne shranjujemo v ra\u010dunalniku, kar pomeni, da ni mo\u017enosti, da bi va\u0161e osebne podatke uporabili proti vam ali da bi jih ukradli na spletnem mestu tretje osebe. Va\u0161o zasebnost varujemo tudi tako, da na\u0161e prodajno osebje izobra\u017eujemo za pomo\u010d in predvsem diskretnost. Na\u0161e administrativno osebje ne bo z nikomer razpravljalo o vas ali va\u0161em poslu. Lahko ste prepri\u010dani, da takoj pozabimo vse, kar naberemo o vas. Tak\u0161nih informacij ne hranimo naokoli, zato vam ni treba skrbeti.<\/p>\n<p>Vse na\u0161e prodajno osebje je ro\u010dno izbrano in ro\u010dno usposobljeno, da se prepri\u010damo, kako ohraniti zaupnost strank. Nobenemu uslu\u017ebencu, ki kr\u0161i ta pravila zaupnosti, ni dovoljeno ostati. Na\u0161e osebje se med seboj tudi ne pogovarja o strankah ali njihovih nakupih. Usposabljamo jih, da ta vrsta praznega ogovarjanja preprosto ni nekaj, kar bi bilo koristno ali koristno, zato je najbolj\u0161i na\u010din, da se z njimi spopadete, da tega preprosto ne po\u010dnete. Ne morete popolnoma u\u017eivati v nakupu, \u010de vas skrbi, da bo va\u0161e osebno podjetje izpostavljeno.<\/p>\n<p>Va\u0161 nakup spolne lutke bo ostal popolnoma skrivnost, dokler bomo imeli kaj povedati o njem. Ohranjali bomo va\u0161o zasebnost od za\u010detka do konca in v zvezi s tem ne bomo nikoli odstopili. Ko veste, da je va\u0161a zasebnost za\u0161\u010ditena, se lahko udobno usedete, sprostite in u\u017eivate v tem, kar ste kupili. Bolj ko boste spro\u0161\u010deni, bolj se boste zabavali, in bolj ko se boste zabavali, bolje smo opravili svoje delo. Ne bomo po\u010divali, dokler ne bomo vedeli, da ste zadovoljni. Va\u0161e zadovoljstvo in va\u0161a izku\u0161nja s seks lutko sta nam izjemno pomembna.<\/p>\n<h3>Katere podatke zbiramo?<\/h3>\n<p>Podatke zbiramo od vas, ko se registrirate na na\u0161em spletnem mestu, oddate naro\u010dilo ali se naro\u010dite na na\u0161e glasilo.<\/p>\n<p>Pri naro\u010danju ali registraciji na na\u0161em spletnem mestu boste morda morali vnesti svoje: ime, e-po\u0161tni naslov, po\u0161tni naslov ali telefonsko \u0161tevilko. Vendar pa lahko na\u0161e spletno mesto obi\u0161\u010dete anonimno.<\/p>\n<h3>Za kaj uporabljamo va\u0161e podatke?<\/h3>\n<p>Vse podatke, ki jih zberemo od vas, lahko uporabimo na enega od naslednjih na\u010dinov:<\/p>\n<p>Za prilagoditev va\u0161e izku\u0161nje:<br>(va\u0161i podatki nam pomagajo, da se bolje odzovemo na va\u0161e individualne potrebe)<\/p>\n<p>Za obdelavo transakcij:<br>Va\u0161i podatki, ne glede na to, ali so javni ali zasebni, ne bodo prodani, zamenjani, preneseni ali dani kateremu koli drugemu podjetju iz kakr\u0161nega koli razloga brez va\u0161ega soglasja, razen za izrecni namen dostave kupljenega izdelka ali zahtevane storitve.<\/p>\n<p>Za po\u0161iljanje rednih e-po\u0161tnih sporo\u010dil:<br>E-po\u0161tni naslov, ki ga navedete za obdelavo naro\u010dila, se lahko uporablja za po\u0161iljanje informacij in posodobitev v zvezi z va\u0161im naro\u010dilom. Poleg prejemanja ob\u010dasnih novic podjetja, posodobitev, povezanih informacij o izdelkih ali storitvah itd.<br>Opomba: \u010ce se \u017eelite kadar koli odjaviti od prejemanja prihodnjih e-po\u0161tnih sporo\u010dil, na dnu vsakega e-po\u0161tnega sporo\u010dila vklju\u010dimo podrobna navodila za odjavo.<\/p>\n<h3 class=\"m_top\">Kako varujemo va\u0161e podatke?<\/h3>\n<p class=\"m_bottom\">Izvajamo razli\u010dne varnostne ukrepe za ohranjanje varnosti va\u0161ih osebnih podatkov, ko oddate naro\u010dilo ali vnesete, predlo\u017eite ali dostopate do svojih osebnih podatkov.<br>Nudimo uporabo varnega stre\u017enika. Vse poslane ob\u010dutljive\/kreditne informacije se prena\u0161ajo prek tehnologije Secure Socket Layer (SSL) in se nato \u0161ifrirajo v na\u0161o zbirko podatkov ponudnikov pla\u010dilnih prehodov, da so dostopne samo poobla\u0161\u010denim osebam s posebnimi pravicami dostopa do tak\u0161nih sistemov in morajo ohraniti zaupnost informacij.<br>Po transakciji va\u0161i zasebni podatki (kreditne kartice, \u0161tevilke socialnega zavarovanja, finan\u010dni podatki itd.) ne bodo shranjeni na na\u0161ih stre\u017enikih.<\/p>\n<h3>Ali uporabljamo pi\u0161kotke?<\/h3>\n<p>es. Pi\u0161kotki so majhne datoteke, ki jih spletno mesto ali njegov ponudnik storitev prenese na trdi disk va\u0161ega ra\u010dunalnika prek va\u0161ega spletnega brskalnika (\u010de dovolite), kar omogo\u010da spletnim mestom ali sistemom ponudnikov storitev, da prepoznajo va\u0161 brskalnik ter zajamejo in si zapomnijo dolo\u010dene informacije. Pi\u0161kotke uporabljamo, da nam pomagajo zapomniti in obdelati elemente v va\u0161em nakupovalnem vozi\u010dku, razumeti in shraniti va\u0161e nastavitve za prihodnje obiske, spremljati oglase in zbirati zbirne podatke o prometu na spletnem mestu in interakciji s spletnim mestom, tako da lahko v prihodnosti ponudimo bolj\u0161e izku\u0161nje in orodja na spletnem mestu.<\/p>\n<h3>Ali razkrivamo kakr\u0161ne koli informacije zunanjim osebam?<\/h3>\n<p>Va\u0161ih osebnih podatkov ne prodajamo, trgujemo ali kako druga\u010de prena\u0161amo zunanjim osebam. To ne vklju\u010duje zaupanja vrednih tretjih oseb, ki nam pomagajo pri delovanju na\u0161ega spletnega mesta, vodenju na\u0161ega poslovanja ali zagotavljanju storitev za vas, \u010de se te stranke strinjajo, da bodo te informacije ohranile zaupne. Va\u0161e podatke lahko izdamo tudi, \u010de menimo, da je razkritje primerno za skladnost z zakonodajo, uveljavljanje na\u0161ih pravilnikov spletnega mesta ali za\u0161\u010dito na\u0161ih ali drugih pravic, lastnine ali varnosti. Vendar pa se lahko podatki o obiskovalcu, ki ne omogo\u010dajo osebne identifikacije, posredujejo drugim strankam za tr\u017eenje, ogla\u0161evanje ali druge namene.<\/p>\n<h3>Povezave tretjih oseb<\/h3>\n<p>Ob\u010dasno lahko po lastni presoji na na\u0161e spletno mesto vklju\u010dimo ali ponudimo izdelke ali storitve tretjih oseb. Ta spletna mesta tretjih oseb imajo lo\u010dene in neodvisne politike zasebnosti. zato nimamo nobene odgovornosti za vsebino in dejavnosti teh povezanih spletnih mest. Kljub temu si prizadevamo za\u0161\u010dititi celovitost na\u0161ega spletnega mesta in pozdravljamo vse povratne informacije o teh spletnih mestih.<\/p>\n<p class=\"m_bottom\">\n<\/p><h3>Skladnost z Zakonom o varstvu zasebnosti otrok na spletu<\/h3>\n<p>Delujemo v skladu z zahtevami COPPA (Zakon o varstvu zasebnosti otrok na spletu). Ne zbiramo podatkov od oseb, mlaj\u0161ih od 13 let. Na\u0161e spletno mesto, izdelki in storitve so namenjeni osebam, starim vsaj 13 let ali ve\u010d.<\/p>\n<h3>Samo spletni pravilnik o zasebnosti<\/h3>\n<p>Ta pravilnik o zasebnosti na spletu velja samo za podatke, zbrane prek na\u0161ega spletnega mesta, in ne za podatke, zbrane brez povezave.<\/p>\n<h3>Pogoji<\/h3>\n<p>Obi\u0161\u010dite tudi na\u0161 razdelek Pogoji in dolo\u010dila, ki dolo\u010da uporabo, zavrnitve odgovornosti in omejitve odgovornosti, ki urejajo uporabo na\u0161ega spletnega mesta na&nbsp;<a href=\"https:\/\/www.miisoo.com\/sl\/\" target=\"_blank\" style=\"font-family: inherit; font-weight: var( --e-global-typography-text-font-weight ); background-color: rgb(255, 255, 255);\">www.miisoo.com<\/a><\/p>\n<h3>Va\u0161e soglasje<\/h3>\n<p>Z uporabo na\u0161ega spletnega mesta se strinjate z na\u0161o politiko zasebnosti spletnega mesta.<\/p>\n<h3>Spremembe na\u0161ega pravilnika o zasebnosti<\/h3>\n<p>\u010ce se odlo\u010dimo spremeniti svojo politiko zasebnosti, bomo posodobili spodnji datum spremembe politike zasebnosti.<br>Ta pravilnik je bil nazadnje spremenjen 3.6.2018<\/p>\t\t\t\t\t\t\t\t<\/div>\n\t\t\t\t<\/div>\n\t\t\t\t\t<\/div>\n\t\t<\/div>\n\t\t\t\t<div class=\"elementor-column elementor-col-25 elementor-top-column elementor-element elementor-element-df603f8\" data-id=\"df603f8\" data-element_type=\"column\">\n\t\t\t<div class=\"elementor-widget-wrap\">\n\t\t\t\t\t\t\t<\/div>\n\t\t<\/div>\n\t\t\t\t\t<\/div>\n\t\t<\/section>\n\t\t\t\t<\/div>","protected":false},"excerpt":{"rendered":"<p>MIISOO is the sole owner of the information we collect at this site, we do not sell, rent or share this information with any other company for the purpose of marketing. We know that you care how your personal information is used and shared, and we appreciate your trust in us. We treat your personal&hellip;<\/p>","protected":false},"author":455,"featured_media":0,"parent":0,"menu_order":0,"comment_status":"closed","ping_status":"open","template":"","meta":{"footnotes":""},"class_list":["post-3","page","type-page","status-publish","hentry"],"yoast_head":"<!-- This site is optimized with the Yoast SEO Premium plugin v22.6 (Yoast SEO v22.9) - https:\/\/yoast.com\/wordpress\/plugins\/seo\/ -->\n<title>Privacy Policy | Cheap Real Sex Dolls | MiisooDoll<\/title>\n<meta name=\"description\" content=\"Review MiisooDoll&#039;s privacy policy for transparent handling of data. Shop confidently for cheap real sex dolls. Your privacy, our priority at MiisooDoll.\" \/>\n<meta name=\"robots\" content=\"index, follow, max-snippet:-1, max-image-preview:large, max-video-preview:-1\" \/>\n<link rel=\"canonical\" href=\"https:\/\/www.miisoo.com\/sl\/privacy-policy\/\" \/>\n<meta property=\"og:locale\" content=\"sl_SI\" \/>\n<meta property=\"og:type\" content=\"article\" \/>\n<meta property=\"og:title\" content=\"Privacy Policy\" \/>\n<meta property=\"og:description\" content=\"Review MiisooDoll&#039;s privacy policy for transparent handling of data. Shop confidently for cheap real sex dolls. Your privacy, our priority at MiisooDoll.\" \/>\n<meta property=\"og:url\" content=\"https:\/\/www.miisoo.com\/sl\/privacy-policy\/\" \/>\n<meta property=\"og:site_name\" content=\"MiisooDoll\" \/>\n<meta property=\"article:publisher\" content=\"https:\/\/www.facebook.com\/miisoodoll\" \/>\n<meta property=\"article:modified_time\" content=\"2023-12-22T12:16:22+00:00\" \/>\n<meta name=\"twitter:card\" content=\"summary_large_image\" \/>\n<meta name=\"twitter:site\" content=\"@MiisooSexDolls\" \/>\n<meta name=\"twitter:label1\" content=\"Est. reading time\" \/>\n\t<meta name=\"twitter:data1\" content=\"5 minut\" \/>\n<!-- \/ Yoast SEO Premium plugin. -->","yoast_head_json":{"title":"Privacy Policy | Cheap Real Sex Dolls | MiisooDoll","description":"Review MiisooDoll's privacy policy for transparent handling of data. Shop confidently for cheap real sex dolls. Your privacy, our priority at MiisooDoll.","robots":{"index":"index","follow":"follow","max-snippet":"max-snippet:-1","max-image-preview":"max-image-preview:large","max-video-preview":"max-video-preview:-1"},"canonical":"https:\/\/www.miisoo.com\/sl\/privacy-policy\/","og_locale":"sl_SI","og_type":"article","og_title":"Privacy Policy","og_description":"Review MiisooDoll's privacy policy for transparent handling of data. Shop confidently for cheap real sex dolls. Your privacy, our priority at MiisooDoll.","og_url":"https:\/\/www.miisoo.com\/sl\/privacy-policy\/","og_site_name":"MiisooDoll","article_publisher":"https:\/\/www.facebook.com\/miisoodoll","article_modified_time":"2023-12-22T12:16:22+00:00","twitter_card":"summary_large_image","twitter_site":"@MiisooSexDolls","twitter_misc":{"Est. reading time":"5 minut"},"schema":{"@context":"https:\/\/schema.org","@graph":[{"@type":"WebPage","@id":"https:\/\/www.miisoo.com\/nl\/privacy-policy\/","url":"https:\/\/www.miisoo.com\/nl\/privacy-policy\/","name":"Privacy Policy | Cheap Real Sex Dolls | MiisooDoll","isPartOf":{"@id":"https:\/\/www.miisoo.com\/#website"},"datePublished":"2020-09-05T13:19:56+00:00","dateModified":"2023-12-22T12:16:22+00:00","description":"Review MiisooDoll's privacy policy for transparent handling of data. Shop confidently for cheap real sex dolls. Your privacy, our priority at MiisooDoll.","breadcrumb":{"@id":"https:\/\/www.miisoo.com\/nl\/privacy-policy\/#breadcrumb"},"inLanguage":"sl-SI","potentialAction":[{"@type":"ReadAction","target":["https:\/\/www.miisoo.com\/nl\/privacy-policy\/"]}]},{"@type":"BreadcrumbList","@id":"https:\/\/www.miisoo.com\/nl\/privacy-policy\/#breadcrumb","itemListElement":[{"@type":"ListItem","position":1,"name":"Home","item":"https:\/\/www.miisoo.com\/"},{"@type":"ListItem","position":2,"name":"Privacy Policy"}]},{"@type":"WebSite","@id":"https:\/\/www.miisoo.com\/#website","url":"https:\/\/www.miisoo.com\/","name":"MiisooDoll","description":"Sexual Doll, Real Sex Dolls, Love Doll, Best Sex Dolls","publisher":{"@id":"https:\/\/www.miisoo.com\/#organization"},"potentialAction":[{"@type":"SearchAction","target":{"@type":"EntryPoint","urlTemplate":"https:\/\/www.miisoo.com\/?s={search_term_string}"},"query-input":"required name=search_term_string"}],"inLanguage":"sl-SI"},{"@type":"Organization","@id":"https:\/\/www.miisoo.com\/#organization","name":"MiisooDoll","url":"https:\/\/www.miisoo.com\/","logo":{"@type":"ImageObject","inLanguage":"sl-SI","@id":"https:\/\/www.miisoo.com\/#\/schema\/logo\/image\/","url":"https:\/\/www.miisoo.com\/wp-content\/uploads\/2020\/09\/logo-botton.png","contentUrl":"https:\/\/www.miisoo.com\/wp-content\/uploads\/2020\/09\/logo-botton.png","width":181,"height":42,"caption":"MiisooDoll"},"image":{"@id":"https:\/\/www.miisoo.com\/#\/schema\/logo\/image\/"},"sameAs":["https:\/\/www.facebook.com\/miisoodoll","https:\/\/x.com\/MiisooSexDolls"]}]}},"_links":{"self":[{"href":"https:\/\/www.miisoo.com\/sl\/wp-json\/wp\/v2\/pages\/3","targetHints":{"allow":["GET"]}}],"collection":[{"href":"https:\/\/www.miisoo.com\/sl\/wp-json\/wp\/v2\/pages"}],"about":[{"href":"https:\/\/www.miisoo.com\/sl\/wp-json\/wp\/v2\/types\/page"}],"author":[{"embeddable":true,"href":"https:\/\/www.miisoo.com\/sl\/wp-json\/wp\/v2\/users\/455"}],"replies":[{"embeddable":true,"href":"https:\/\/www.miisoo.com\/sl\/wp-json\/wp\/v2\/comments?post=3"}],"version-history":[{"count":1,"href":"https:\/\/www.miisoo.com\/sl\/wp-json\/wp\/v2\/pages\/3\/revisions"}],"predecessor-version":[{"id":34673,"href":"https:\/\/www.miisoo.com\/sl\/wp-json\/wp\/v2\/pages\/3\/revisions\/34673"}],"wp:attachment":[{"href":"https:\/\/www.miisoo.com\/sl\/wp-json\/wp\/v2\/media?parent=3"}],"curies":[{"name":"wp","href":"https:\/\/api.w.org\/{rel}","templated":true}]}}