{"id":21449,"date":"2022-01-06T14:06:57","date_gmt":"2022-01-06T06:06:57","guid":{"rendered":"https:\/\/www.miisoo.com\/?post_type=product&#038;p=21449"},"modified":"2022-01-07T15:58:42","modified_gmt":"2022-01-07T07:58:42","slug":"lifelike-full-body-male-sex-doll","status":"publish","type":"product","link":"https:\/\/www.miisoo.com\/sk\/product\/lifelike-full-body-male-sex-doll\/","title":{"rendered":"Musa \u2013 175 cm realistick\u00e1 mu\u017esk\u00e1 sexu\u00e1lna b\u00e1bika"},"content":{"rendered":"<p>T\u00e1to celotelov\u00e1 sexu\u00e1lna b\u00e1bika sa \u017eiv\u00ed ako stript\u00e9rka. Hoci si mnoh\u00ed myslia, \u017ee to nestoj\u00ed za pr\u00e1cu, t\u00e1to sexu\u00e1lna b\u00e1bika zo skuto\u010dn\u00e9ho \u017eivota by sa mohla l\u00ed\u0161i\u0165. Okrem <a href=\"https:\/\/happyrubin.com\/virtues\/generosity\/\">\u0161tedr\u00e9 tipy<\/a> \u017ee dostane, t\u00e1to mu\u017esk\u00e1 sexu\u00e1lna b\u00e1bika pre \u017eeny zar\u00e1ba slu\u0161n\u00fa sumu tancom na p\u00f3diu a vyzliekan\u00edm.<\/p>\n<p>\u017deny tvoria tie najnad\u0161enej\u0161ie typy klientov, ktor\u00ed s\u00fa ochotn\u00ed min\u00fa\u0165 svoje peniaze na \u010doko\u013evek. Nie je nezvy\u010dajn\u00e9 n\u00e1js\u0165 \u017eenu, ktor\u00e1 si chce zaplati\u0165 s\u00fakromn\u00fa \u0161ou. Sexu\u00e1lne b\u00e1biky pre \u017eeny v \u017eivotnej ve\u013ekosti s\u00fa povinn\u00e9 pote\u0161i\u0165 svoje d\u00e1my, je v\u0161ak potrebn\u00e9, aby boli \u0161\u0165astn\u00e9.<\/p>\n<p>T\u00e1to b\u00e1bika Lifelike Male Sex sa objavila <a href=\"https:\/\/www.miisoo.com\/sk\/produkt\/full-size-gay-lifelike-male-real-dolls\/\">z cesty<\/a> aby sa d\u00e1my vracali pre viac. Okrem o\u010dividne lahodn\u00e9ho vzh\u013eadu sa t\u00e1to sexu\u00e1lna hra\u010dka pre b\u00e1biky oblieka na zabitie a vedie s nezabudnute\u013en\u00fdmi v\u00fdkonmi.<\/p>\n<p><span style=\"color: #000000; font-size: 16px; font-weight: 600;\">Celotelov\u00e9 merania mu\u017esk\u00e9ho pohlavia b\u00e1biky<\/span><\/p>\n<table style=\"border-collapse: collapse; width: 304.52pt;\" border=\"0\" width=\"406\" cellspacing=\"0\" cellpadding=\"0\">\n<tbody>\n<tr style=\"height: 28.00pt;\">\n<td class=\"et2\" style=\"height: 28.00pt; width: 124.50pt;\" width=\"166\" height=\"37\">Zna\u010dka:<\/td>\n<td class=\"et2\" style=\"width: 180.00pt;\" width=\"240\">B\u00e1bika QITA<\/td>\n<\/tr>\n<tr style=\"height: 28.00pt;\">\n<td class=\"et2\" style=\"height: 28.00pt;\" height=\"37\">v\u00fd\u0161ka:<\/td>\n<td class=\"et2\">Mu\u017esk\u00e1 b\u00e1bika z TPE s d\u013a\u017ekou 175 cm<\/td>\n<\/tr>\n<tr style=\"height: 28.00pt;\">\n<td class=\"et2\" style=\"height: 28.00pt;\" height=\"37\">Poprsia:<\/td>\n<td class=\"et2\">100 cm<\/td>\n<\/tr>\n<tr style=\"height: 28.00pt;\">\n<td class=\"et2\" style=\"height: 28.00pt;\" height=\"37\">p\u00e1s:<\/td>\n<td class=\"et2\">81 cm<\/td>\n<\/tr>\n<tr style=\"height: 28.00pt;\">\n<td class=\"et2\" style=\"height: 28.00pt;\" height=\"37\">Boky:<\/td>\n<td class=\"et2\">91 cm<\/td>\n<\/tr>\n<tr style=\"height: 28.00pt;\">\n<td class=\"et2\" style=\"height: 28.00pt;\" height=\"37\">D\u013a\u017eka ruky:<\/td>\n<td class=\"et2\">51 cm<\/td>\n<\/tr>\n<tr style=\"height: 28.00pt;\">\n<td class=\"et2\" style=\"height: 28.00pt;\" height=\"37\">D\u013a\u017eka nohy:<\/td>\n<td class=\"et2\">29 cm<\/td>\n<\/tr>\n<tr style=\"height: 28.00pt;\">\n<td class=\"et2\" style=\"height: 28.00pt;\" height=\"37\">\u0160\u00edrka ramien:<\/td>\n<td class=\"et2\">50 cm<\/td>\n<\/tr>\n<tr style=\"height: 28.00pt;\">\n<td class=\"et2\" style=\"height: 28.00pt;\" height=\"37\">Hmotnos\u0165:<\/td>\n<td class=\"et2\">60 kg<\/td>\n<\/tr>\n<tr style=\"height: 28.00pt;\">\n<td class=\"et2\" style=\"height: 28.00pt;\" height=\"37\">D\u013a\u017eka penisu:<\/td>\n<td class=\"et2\">18 cm<\/td>\n<\/tr>\n<tr style=\"height: 28.00pt;\">\n<td class=\"et2\" style=\"height: 28.00pt;\" height=\"37\">\u00dastna h\u013abka:<\/td>\n<td class=\"et2\">N\/A<\/td>\n<\/tr>\n<tr style=\"height: 28.00pt;\">\n<td class=\"et2\" style=\"height: 28.00pt;\" height=\"37\">An\u00e1lna h\u013abka:<\/td>\n<td class=\"et2\">20 cm<\/td>\n<\/tr>\n<\/tbody>\n<\/table>","protected":false},"excerpt":{"rendered":"<div data-elementor-type=\"section\" data-elementor-id=\"10450\" class=\"elementor elementor-10450\" data-elementor-post-type=\"elementor_library\">\n<section class=\"elementor-section elementor-top-section elementor-element elementor-element-1ac4967 elementor-section-boxed elementor-section-height-default elementor-section-height-default\" data-id=\"1ac4967\" data-element_type=\"section\">\n<div class=\"elementor-container elementor-column-gap-default\">\n<div class=\"elementor-column elementor-col-100 elementor-top-column elementor-element elementor-element-bfbdbdf\" data-id=\"bfbdbdf\" data-element_type=\"column\">\n<div class=\"elementor-widget-wrap elementor-element-populated\">\n<div class=\"elementor-element elementor-element-e4dbd68 elementor-widget elementor-widget-text-editor\" data-id=\"e4dbd68\" data-element_type=\"widget\" data-widget_type=\"text-editor.default\">\n<div class=\"elementor-widget-container\">\n<ul>\n<li>Doprava zadarmo po celom svete, diskr\u00e9tna doprava.<\/li>\n<li>100% Identick\u00e9 ako obr\u00e1zky, pokia\u013e nie s\u00fa prisp\u00f4soben\u00e9.<\/li>\n<li>Ceny zah\u0155\u0148aj\u00fa. DPH a coln\u00e9 poplatky<\/li>\n<li>Bezplatn\u00e9 doru\u010denie, r\u00fdchle mo\u017enosti doru\u010denia na str\u00e1nke pokladne<\/li>\n<\/ul><\/div>\n<\/p><\/div>\n<\/p><\/div>\n<\/p><\/div>\n<\/p><\/div>\n<\/section><\/div>\n<div data-elementor-type=\"section\" data-elementor-id=\"10473\" class=\"elementor elementor-10473\" data-elementor-post-type=\"elementor_library\">\n<section class=\"elementor-section elementor-top-section elementor-element elementor-element-03d9b2a elementor-section-boxed elementor-section-height-default elementor-section-height-default\" data-id=\"03d9b2a\" data-element_type=\"section\">\n<div class=\"elementor-container elementor-column-gap-default\">\n<div class=\"elementor-column elementor-col-100 elementor-top-column elementor-element elementor-element-5081c52\" data-id=\"5081c52\" data-element_type=\"column\">\n<div class=\"elementor-widget-wrap elementor-element-populated\">\n<div class=\"elementor-element elementor-element-d2c17df elementor-widget elementor-widget-martfury-banner-small\" data-id=\"d2c17df\" data-element_type=\"widget\" data-widget_type=\"martfury-banner-small.default\">\n<div class=\"elementor-widget-container\">\n<div class=\"mf-elementor-banner-small\">\n<div class=\"banner-featured-image\"><\/div>\n<p>\t\t\t                <a class=\"link\" href=\"https:\/\/mso.aidoll-japan.com\"><\/a><\/p>\n<div class=\"banner-content\">\n<h2 class=\"banner-title\">1500 mini b\u00e1bik l\u00e1sky<\/p>\n<p>sexdollxxx. com<\/h2>\n<div class=\"banner-desc\">\n<p>60 cm, 80 cm, 100 cm,<\/p>\n<p>120 cm, 130 cm, 140 cm<\/p>\n<\/div>\n<div class=\"banner-price\"><span\n                                class=\"s-price\">sexdollxxx .com<\/span><\/div>\n<\/p><\/div>\n<\/p><\/div>\n<\/p><\/div>\n<\/p><\/div>\n<\/p><\/div>\n<\/p><\/div>\n<\/p><\/div>\n<\/section><\/div>","protected":false},"featured_media":21483,"comment_status":"open","ping_status":"closed","template":"","meta":[],"product_cat":[114,115,116,81],"product_tag":[],"class_list":{"0":"post-21449","1":"product","2":"type-product","3":"status-publish","4":"has-post-thumbnail","6":"product_cat-1500usd-2000usd-sex-doll","7":"product_cat-161cm-170cm-sex-dolls","8":"product_cat-male-sex-dolls","9":"product_cat-tpe-sex-dolls","10":"tm-no-options","12":"first","13":"instock","14":"sale","15":"shipping-taxable","16":"purchasable","17":"product-type-simple","18":"col-xs-6 col-sm-4","19":"col-md-3 col-lg-3","20":"un-4-cols"},"yoast_head":"<!-- This site is optimized with the Yoast SEO Premium plugin v22.6 (Yoast SEO v22.9) - https:\/\/yoast.com\/wordpress\/plugins\/seo\/ -->\n<title>Full Body Male Sex Doll - Lifelike Life Size Sex Dolls For Women<\/title>\n<meta name=\"description\" content=\"This full body male sex doll\u00a0works as a stripper for a living. this lifelike life size sex dolls for women\u00a0would beg to differ.\" \/>\n<meta name=\"robots\" content=\"index, follow, max-snippet:-1, max-image-preview:large, max-video-preview:-1\" \/>\n<link rel=\"canonical\" href=\"https:\/\/www.miisoo.com\/sk\/produkt\/lifelike-full-body-male-sex-doll\/\" \/>\n<meta property=\"og:locale\" content=\"sk_SK\" \/>\n<meta property=\"og:type\" content=\"article\" \/>\n<meta property=\"og:title\" content=\"Musa - 175cm Lifelike Full Body Male Sex Doll\" \/>\n<meta property=\"og:description\" content=\"This full body male sex doll\u00a0works as a stripper for a living. this lifelike life size sex dolls for women\u00a0would beg to differ.\" \/>\n<meta property=\"og:url\" content=\"https:\/\/www.miisoo.com\/sk\/produkt\/lifelike-full-body-male-sex-doll\/\" \/>\n<meta property=\"og:site_name\" content=\"MiisooDoll\" \/>\n<meta property=\"article:publisher\" content=\"https:\/\/www.facebook.com\/miisoodoll\" \/>\n<meta property=\"article:modified_time\" content=\"2022-01-07T07:58:42+00:00\" \/>\n<meta property=\"og:image\" content=\"https:\/\/www.miisoo.com\/wp-content\/uploads\/2022\/01\/full-body-male-sex-doll-514.jpg\" \/>\n\t<meta property=\"og:image:width\" content=\"600\" \/>\n\t<meta property=\"og:image:height\" content=\"900\" \/>\n\t<meta property=\"og:image:type\" content=\"image\/jpeg\" \/>\n<meta name=\"twitter:card\" content=\"summary_large_image\" \/>\n<meta name=\"twitter:site\" content=\"@MiisooSexDolls\" \/>\n<meta name=\"twitter:label1\" content=\"Predpokladan\u00fd \u010das \u010d\u00edtania\" \/>\n\t<meta name=\"twitter:data1\" content=\"1 min\u00fata\" \/>\n<!-- \/ Yoast SEO Premium plugin. -->","yoast_head_json":{"title":"Full Body Male Sex Doll - Lifelike Life Size Sex Dolls For Women","description":"This full body male sex doll\u00a0works as a stripper for a living. this lifelike life size sex dolls for women\u00a0would beg to differ.","robots":{"index":"index","follow":"follow","max-snippet":"max-snippet:-1","max-image-preview":"max-image-preview:large","max-video-preview":"max-video-preview:-1"},"canonical":"https:\/\/www.miisoo.com\/sk\/produkt\/lifelike-full-body-male-sex-doll\/","og_locale":"sk_SK","og_type":"article","og_title":"Musa - 175cm Lifelike Full Body Male Sex Doll","og_description":"This full body male sex doll\u00a0works as a stripper for a living. this lifelike life size sex dolls for women\u00a0would beg to differ.","og_url":"https:\/\/www.miisoo.com\/sk\/produkt\/lifelike-full-body-male-sex-doll\/","og_site_name":"MiisooDoll","article_publisher":"https:\/\/www.facebook.com\/miisoodoll","article_modified_time":"2022-01-07T07:58:42+00:00","og_image":[{"width":600,"height":900,"url":"https:\/\/www.miisoo.com\/wp-content\/uploads\/2022\/01\/full-body-male-sex-doll-514.jpg","type":"image\/jpeg"}],"twitter_card":"summary_large_image","twitter_site":"@MiisooSexDolls","twitter_misc":{"Predpokladan\u00fd \u010das \u010d\u00edtania":"1 min\u00fata"},"schema":{"@context":"https:\/\/schema.org","@graph":[{"@type":"WebPage","@id":"https:\/\/www.miisoo.com\/es\/producto\/lifelike-full-body-male-sex-doll\/","url":"https:\/\/www.miisoo.com\/es\/producto\/lifelike-full-body-male-sex-doll\/","name":"Full Body Male Sex Doll - Lifelike Life Size Sex Dolls For Women","isPartOf":{"@id":"https:\/\/www.miisoo.com\/#website"},"primaryImageOfPage":{"@id":"https:\/\/www.miisoo.com\/es\/producto\/lifelike-full-body-male-sex-doll\/#primaryimage"},"image":{"@id":"https:\/\/www.miisoo.com\/es\/producto\/lifelike-full-body-male-sex-doll\/#primaryimage"},"thumbnailUrl":"https:\/\/www.miisoo.com\/wp-content\/uploads\/2022\/01\/full-body-male-sex-doll-514.jpg","datePublished":"2022-01-06T06:06:57+00:00","dateModified":"2022-01-07T07:58:42+00:00","description":"This full body male sex doll\u00a0works as a stripper for a living. this lifelike life size sex dolls for women\u00a0would beg to differ.","breadcrumb":{"@id":"https:\/\/www.miisoo.com\/es\/producto\/lifelike-full-body-male-sex-doll\/#breadcrumb"},"inLanguage":"sk-SK","potentialAction":[{"@type":"ReadAction","target":["https:\/\/www.miisoo.com\/es\/producto\/lifelike-full-body-male-sex-doll\/"]}]},{"@type":"ImageObject","inLanguage":"sk-SK","@id":"https:\/\/www.miisoo.com\/es\/producto\/lifelike-full-body-male-sex-doll\/#primaryimage","url":"https:\/\/www.miisoo.com\/wp-content\/uploads\/2022\/01\/full-body-male-sex-doll-514.jpg","contentUrl":"https:\/\/www.miisoo.com\/wp-content\/uploads\/2022\/01\/full-body-male-sex-doll-514.jpg","width":600,"height":900,"caption":"Musa \u2013 175cm Lifelike Full Body Male Sex Doll"},{"@type":"BreadcrumbList","@id":"https:\/\/www.miisoo.com\/es\/producto\/lifelike-full-body-male-sex-doll\/#breadcrumb","itemListElement":[{"@type":"ListItem","position":1,"name":"Home","item":"https:\/\/www.miisoo.com\/"},{"@type":"ListItem","position":2,"name":"Sex Doll Shop","item":"https:\/\/www.miisoo.com\/shop\/"},{"@type":"ListItem","position":3,"name":"Musa &#8211; 175cm Lifelike Full Body Male Sex Doll"}]},{"@type":"WebSite","@id":"https:\/\/www.miisoo.com\/#website","url":"https:\/\/www.miisoo.com\/","name":"MiisooDoll","description":"Sexual Doll, Real Sex Dolls, Love Doll, Best Sex Dolls","publisher":{"@id":"https:\/\/www.miisoo.com\/#organization"},"potentialAction":[{"@type":"SearchAction","target":{"@type":"EntryPoint","urlTemplate":"https:\/\/www.miisoo.com\/?s={search_term_string}"},"query-input":"required name=search_term_string"}],"inLanguage":"sk-SK"},{"@type":"Organization","@id":"https:\/\/www.miisoo.com\/#organization","name":"MiisooDoll","url":"https:\/\/www.miisoo.com\/","logo":{"@type":"ImageObject","inLanguage":"sk-SK","@id":"https:\/\/www.miisoo.com\/#\/schema\/logo\/image\/","url":"https:\/\/www.miisoo.com\/wp-content\/uploads\/2020\/09\/logo-botton.png","contentUrl":"https:\/\/www.miisoo.com\/wp-content\/uploads\/2020\/09\/logo-botton.png","width":181,"height":42,"caption":"MiisooDoll"},"image":{"@id":"https:\/\/www.miisoo.com\/#\/schema\/logo\/image\/"},"sameAs":["https:\/\/www.facebook.com\/miisoodoll","https:\/\/x.com\/MiisooSexDolls"]}]}},"_links":{"self":[{"href":"https:\/\/www.miisoo.com\/sk\/wp-json\/wp\/v2\/product\/21449","targetHints":{"allow":["GET"]}}],"collection":[{"href":"https:\/\/www.miisoo.com\/sk\/wp-json\/wp\/v2\/product"}],"about":[{"href":"https:\/\/www.miisoo.com\/sk\/wp-json\/wp\/v2\/types\/product"}],"replies":[{"embeddable":true,"href":"https:\/\/www.miisoo.com\/sk\/wp-json\/wp\/v2\/comments?post=21449"}],"version-history":[{"count":3,"href":"https:\/\/www.miisoo.com\/sk\/wp-json\/wp\/v2\/product\/21449\/revisions"}],"predecessor-version":[{"id":21611,"href":"https:\/\/www.miisoo.com\/sk\/wp-json\/wp\/v2\/product\/21449\/revisions\/21611"}],"wp:featuredmedia":[{"embeddable":true,"href":"https:\/\/www.miisoo.com\/sk\/wp-json\/wp\/v2\/media\/21483"}],"wp:attachment":[{"href":"https:\/\/www.miisoo.com\/sk\/wp-json\/wp\/v2\/media?parent=21449"}],"wp:term":[{"taxonomy":"product_cat","embeddable":true,"href":"https:\/\/www.miisoo.com\/sk\/wp-json\/wp\/v2\/product_cat?post=21449"},{"taxonomy":"product_tag","embeddable":true,"href":"https:\/\/www.miisoo.com\/sk\/wp-json\/wp\/v2\/product_tag?post=21449"}],"curies":[{"name":"wp","href":"https:\/\/api.w.org\/{rel}","templated":true}]}}