{"id":21122,"date":"2022-01-05T19:57:42","date_gmt":"2022-01-05T11:57:42","guid":{"rendered":"https:\/\/www.miisoo.com\/?post_type=product&#038;p=21122"},"modified":"2022-01-07T10:28:53","modified_gmt":"2022-01-07T02:28:53","slug":"fucking-life-like-male-sex-dolls","status":"publish","type":"product","link":"https:\/\/www.miisoo.com\/sk\/product\/fucking-life-like-male-sex-dolls\/","title":{"rendered":"Jared \u2013 160 cm posrat\u00fd \u017eivot ako mu\u017esk\u00e9 sexu\u00e1lne b\u00e1biky"},"content":{"rendered":"<p>Kto povedal, \u017ee \u017eivot ako mu\u017esk\u00e9 sexu\u00e1lne b\u00e1biky nem\u00f4\u017ee by\u0165 kr\u00e1sny? B\u00e1bika Jared 160 cm s <a href=\"https:\/\/www.garnierusa.com\/tips-how-tos\/most-popular-shades-of-black-hair\">tmav\u00e9 \u010dierne vlasy<\/a> nie je v\u00e1\u0161 priemern\u00fd Joe. Okrem make-upu pre b\u00e1biky vie, ako pre\u010d\u00edta\u0165 miestnos\u0165 bez toho, aby povedal slovo. T\u00e1to b\u00e1bika s ru\u017eov\u00fdmi perami nem\u00e1 v \u00famysle utlmi\u0165 svoju chu\u0165 na nikoho.<\/p>\n<p>Jared v\u017edy dostane to, \u010do chce, aj ke\u010f o to nepo\u017eiadal. Tento p\u00e1nsky gumen\u00fd b\u00e1bika presne vie, ako po \u0148om budete slinta\u0165. Miluje le\u0148o\u0161enie vo vlastnej ko\u017ei, na sebe takmer ni\u010d. Ako mu\u017esk\u00e1 sec b\u00e1bika pre mu\u017eov je takmer nemo\u017en\u00e9 odola\u0165 jeho pokrokom. Jeho sexi telo <a href=\"https:\/\/www.miisoo.com\/sk\/produkt\/realistic-gay-male-sex-dolls-for-men\/\">bude \u0165a ma\u0165<\/a> spochyb\u0148ovanie va\u0161ej sexuality.<\/p>\n<p>V\u0161etci m\u00e1me svoje tajomstv\u00e1 ako zasran\u00e1 sexu\u00e1lna b\u00e1bika, ale tvoje tajomstvo je u n\u00e1s v bezpe\u010d\u00ed. Tento \u017eivot ako sexu\u00e1lna b\u00e1bika m\u00f4\u017ee by\u0165 va\u0161\u00edm mal\u00fdm tajomstvom, ktor\u00e9 v\u00e1s pote\u0161\u00ed ka\u017ed\u00fa noc.<\/p>\n<p><span style=\"color: #000000; font-size: 16px; font-weight: 600;\">\u017divot ako mu\u017esk\u00e9 sexu\u00e1lne b\u00e1biky merania<\/span><\/p>\n<table style=\"border-collapse: collapse; width: 304.52pt;\" border=\"0\" width=\"406\" cellspacing=\"0\" cellpadding=\"0\">\n<tbody>\n<tr style=\"height: 28.00pt;\">\n<td class=\"et2\" style=\"height: 28.00pt; width: 124.50pt;\" width=\"166\" height=\"37\">Zna\u010dka:<\/td>\n<td class=\"et2\" style=\"width: 180.00pt;\" width=\"240\">AF b\u00e1bika<\/td>\n<\/tr>\n<tr style=\"height: 28.00pt;\">\n<td class=\"et2\" style=\"height: 28.00pt;\" height=\"37\">v\u00fd\u0161ka:<\/td>\n<td class=\"et2\">Skuto\u010dn\u00e1 mu\u017esk\u00e1 b\u00e1bika z TPE 160 cm<\/td>\n<\/tr>\n<tr style=\"height: 28.00pt;\">\n<td class=\"et2\" style=\"height: 28.00pt;\" height=\"37\">Poprsia:<\/td>\n<td class=\"et2\">83 cm<\/td>\n<\/tr>\n<tr style=\"height: 28.00pt;\">\n<td class=\"et2\" style=\"height: 28.00pt;\" height=\"37\">p\u00e1s:<\/td>\n<td class=\"et2\">61 cm<\/td>\n<\/tr>\n<tr style=\"height: 28.00pt;\">\n<td class=\"et2\" style=\"height: 28.00pt;\" height=\"37\">Boky:<\/td>\n<td class=\"et2\">95 cm<\/td>\n<\/tr>\n<tr style=\"height: 28.00pt;\">\n<td class=\"et2\" style=\"height: 28.00pt;\" height=\"37\">krk:<\/td>\n<td class=\"et2\">29 cm<\/td>\n<\/tr>\n<tr style=\"height: 28.00pt;\">\n<td class=\"et2\" style=\"height: 28.00pt;\" height=\"37\">D\u013a\u017eka nohy:<\/td>\n<td class=\"et2\">22 cm<\/td>\n<\/tr>\n<tr style=\"height: 28.00pt;\">\n<td class=\"et2\" style=\"height: 28.00pt;\" height=\"37\">\u0160\u00edrka ramien:<\/td>\n<td class=\"et2\">39 cm<\/td>\n<\/tr>\n<tr style=\"height: 28.00pt;\">\n<td class=\"et2\" style=\"height: 28.00pt;\" height=\"37\">Hmotnos\u0165:<\/td>\n<td class=\"et2\">45 kg<\/td>\n<\/tr>\n<tr style=\"height: 28.00pt;\">\n<td class=\"et2\" style=\"height: 28.00pt;\" height=\"37\">D\u013a\u017eka penisu:<\/td>\n<td class=\"et2\">19 cm<\/td>\n<\/tr>\n<tr style=\"height: 28.00pt;\">\n<td class=\"et2\" style=\"height: 28.00pt;\" height=\"37\">Obvod penisu:<\/td>\n<td class=\"et2\">12 cm<\/td>\n<\/tr>\n<tr style=\"height: 28.00pt;\">\n<td class=\"et2\" style=\"height: 28.00pt;\" height=\"37\">\u00dastna h\u013abka:<\/td>\n<td class=\"et2\">13 cm<\/td>\n<\/tr>\n<tr style=\"height: 28.00pt;\">\n<td class=\"et2\" style=\"height: 28.00pt;\" height=\"37\">An\u00e1lna h\u013abka:<\/td>\n<td class=\"et2\">16 cm<\/td>\n<\/tr>\n<tr style=\"height: 28.00pt;\">\n<td class=\"et2\" style=\"height: 28.00pt;\" height=\"37\">Ve\u013ekos\u0165 bal\u00edka:<\/td>\n<td class=\"et2\">Rozmery 154 x 40 x 30 cm<\/td>\n<\/tr>\n<\/tbody>\n<\/table>\n<p>&nbsp;<\/p>\n<p><img fetchpriority=\"high\" decoding=\"async\" class=\"alignnone wp-image-21158 size-full\" src=\"https:\/\/www.miisoo.com\/wp-content\/uploads\/2022\/01\/male-sec-doll-2256.jpg\" alt=\"\u017divot ako mu\u017esk\u00e9 sexu\u00e1lne b\u00e1biky\" width=\"600\" height=\"900\" srcset=\"https:\/\/www.miisoo.com\/wp-content\/uploads\/2022\/01\/male-sec-doll-2256.jpg 600w, https:\/\/www.miisoo.com\/wp-content\/uploads\/2022\/01\/male-sec-doll-2256-200x300.jpg 200w, https:\/\/www.miisoo.com\/wp-content\/uploads\/2022\/01\/male-sec-doll-2256-370x555.jpg 370w, https:\/\/www.miisoo.com\/wp-content\/uploads\/2022\/01\/male-sec-doll-2256-300x450.jpg 300w\" sizes=\"(max-width: 600px) 100vw, 600px\" \/><\/p>","protected":false},"excerpt":{"rendered":"<div data-elementor-type=\"section\" data-elementor-id=\"10450\" class=\"elementor elementor-10450\" data-elementor-post-type=\"elementor_library\">\n<section class=\"elementor-section elementor-top-section elementor-element elementor-element-1ac4967 elementor-section-boxed elementor-section-height-default elementor-section-height-default\" data-id=\"1ac4967\" data-element_type=\"section\">\n<div class=\"elementor-container elementor-column-gap-default\">\n<div class=\"elementor-column elementor-col-100 elementor-top-column elementor-element elementor-element-bfbdbdf\" data-id=\"bfbdbdf\" data-element_type=\"column\">\n<div class=\"elementor-widget-wrap elementor-element-populated\">\n<div class=\"elementor-element elementor-element-e4dbd68 elementor-widget elementor-widget-text-editor\" data-id=\"e4dbd68\" data-element_type=\"widget\" data-widget_type=\"text-editor.default\">\n<div class=\"elementor-widget-container\">\n<ul>\n<li>Doprava zadarmo po celom svete, diskr\u00e9tna doprava.<\/li>\n<li>100% Identick\u00e9 ako obr\u00e1zky, pokia\u013e nie s\u00fa prisp\u00f4soben\u00e9.<\/li>\n<li>Ceny zah\u0155\u0148aj\u00fa. DPH a coln\u00e9 poplatky<\/li>\n<li>Bezplatn\u00e9 doru\u010denie, r\u00fdchle mo\u017enosti doru\u010denia na str\u00e1nke pokladne<\/li>\n<\/ul><\/div>\n<\/p><\/div>\n<\/p><\/div>\n<\/p><\/div>\n<\/p><\/div>\n<\/section><\/div>\n<div data-elementor-type=\"section\" data-elementor-id=\"10473\" class=\"elementor elementor-10473\" data-elementor-post-type=\"elementor_library\">\n<section class=\"elementor-section elementor-top-section elementor-element elementor-element-03d9b2a elementor-section-boxed elementor-section-height-default elementor-section-height-default\" data-id=\"03d9b2a\" data-element_type=\"section\">\n<div class=\"elementor-container elementor-column-gap-default\">\n<div class=\"elementor-column elementor-col-100 elementor-top-column elementor-element elementor-element-5081c52\" data-id=\"5081c52\" data-element_type=\"column\">\n<div class=\"elementor-widget-wrap elementor-element-populated\">\n<div class=\"elementor-element elementor-element-d2c17df elementor-widget elementor-widget-martfury-banner-small\" data-id=\"d2c17df\" data-element_type=\"widget\" data-widget_type=\"martfury-banner-small.default\">\n<div class=\"elementor-widget-container\">\n<div class=\"mf-elementor-banner-small\">\n<div class=\"banner-featured-image\"><\/div>\n<p>\t\t\t                <a class=\"link\" href=\"https:\/\/mso.aidoll-japan.com\"><\/a><\/p>\n<div class=\"banner-content\">\n<h2 class=\"banner-title\">1500 mini b\u00e1bik l\u00e1sky<\/p>\n<p>sexdollxxx. com<\/h2>\n<div class=\"banner-desc\">\n<p>60 cm, 80 cm, 100 cm,<\/p>\n<p>120 cm, 130 cm, 140 cm<\/p>\n<\/div>\n<div class=\"banner-price\"><span\n                                class=\"s-price\">sexdollxxx .com<\/span><\/div>\n<\/p><\/div>\n<\/p><\/div>\n<\/p><\/div>\n<\/p><\/div>\n<\/p><\/div>\n<\/p><\/div>\n<\/p><\/div>\n<\/section><\/div>","protected":false},"featured_media":21153,"comment_status":"open","ping_status":"closed","template":"","meta":[],"product_cat":[123,126,116,81],"product_tag":[],"class_list":{"0":"post-21122","1":"product","2":"type-product","3":"status-publish","4":"has-post-thumbnail","6":"product_cat-1000usd-1500usd-sex-dolls","7":"product_cat-151cm-160cm-sex-dolls","8":"product_cat-male-sex-dolls","9":"product_cat-tpe-sex-dolls","10":"tm-no-options","12":"first","13":"instock","14":"sale","15":"shipping-taxable","16":"purchasable","17":"product-type-simple","18":"col-xs-6 col-sm-4","19":"col-md-3 col-lg-3","20":"un-4-cols"},"yoast_head":"<!-- This site is optimized with the Yoast SEO Premium plugin v22.6 (Yoast SEO v22.9) - https:\/\/yoast.com\/wordpress\/plugins\/seo\/ -->\n<title>Life Like Male Sex Dolls - Fucking Male Sex Doll Porn Video<\/title>\n<meta name=\"description\" content=\"Whoever said life like male sex dolls could not be beautiful? Jared the 160cm male sex doll\u00a0with dark black hair is not your average Joe.\" \/>\n<meta name=\"robots\" content=\"index, follow, max-snippet:-1, max-image-preview:large, max-video-preview:-1\" \/>\n<link rel=\"canonical\" href=\"https:\/\/www.miisoo.com\/sk\/produkt\/fucking-life-like-male-sex-dolls\/\" \/>\n<meta property=\"og:locale\" content=\"sk_SK\" \/>\n<meta property=\"og:type\" content=\"article\" \/>\n<meta property=\"og:title\" content=\"Jared - 160cm Fucking Life Like Male Sex Dolls\" \/>\n<meta property=\"og:description\" content=\"Whoever said life like male sex dolls could not be beautiful? Jared the 160cm male sex doll\u00a0with dark black hair is not your average Joe.\" \/>\n<meta property=\"og:url\" content=\"https:\/\/www.miisoo.com\/sk\/produkt\/fucking-life-like-male-sex-dolls\/\" \/>\n<meta property=\"og:site_name\" content=\"MiisooDoll\" \/>\n<meta property=\"article:publisher\" content=\"https:\/\/www.facebook.com\/miisoodoll\" \/>\n<meta property=\"article:modified_time\" content=\"2022-01-07T02:28:53+00:00\" \/>\n<meta property=\"og:image\" content=\"https:\/\/www.miisoo.com\/wp-content\/uploads\/2022\/01\/male-sec-doll-2239.jpg\" \/>\n\t<meta property=\"og:image:width\" content=\"600\" \/>\n\t<meta property=\"og:image:height\" content=\"900\" \/>\n\t<meta property=\"og:image:type\" content=\"image\/jpeg\" \/>\n<meta name=\"twitter:card\" content=\"summary_large_image\" \/>\n<meta name=\"twitter:site\" content=\"@MiisooSexDolls\" \/>\n<meta name=\"twitter:label1\" content=\"Predpokladan\u00fd \u010das \u010d\u00edtania\" \/>\n\t<meta name=\"twitter:data1\" content=\"2 min\u00faty\" \/>\n<!-- \/ Yoast SEO Premium plugin. -->","yoast_head_json":{"title":"Life Like Male Sex Dolls - Fucking Male Sex Doll Porn Video","description":"Whoever said life like male sex dolls could not be beautiful? Jared the 160cm male sex doll\u00a0with dark black hair is not your average Joe.","robots":{"index":"index","follow":"follow","max-snippet":"max-snippet:-1","max-image-preview":"max-image-preview:large","max-video-preview":"max-video-preview:-1"},"canonical":"https:\/\/www.miisoo.com\/sk\/produkt\/fucking-life-like-male-sex-dolls\/","og_locale":"sk_SK","og_type":"article","og_title":"Jared - 160cm Fucking Life Like Male Sex Dolls","og_description":"Whoever said life like male sex dolls could not be beautiful? Jared the 160cm male sex doll\u00a0with dark black hair is not your average Joe.","og_url":"https:\/\/www.miisoo.com\/sk\/produkt\/fucking-life-like-male-sex-dolls\/","og_site_name":"MiisooDoll","article_publisher":"https:\/\/www.facebook.com\/miisoodoll","article_modified_time":"2022-01-07T02:28:53+00:00","og_image":[{"width":600,"height":900,"url":"https:\/\/www.miisoo.com\/wp-content\/uploads\/2022\/01\/male-sec-doll-2239.jpg","type":"image\/jpeg"}],"twitter_card":"summary_large_image","twitter_site":"@MiisooSexDolls","twitter_misc":{"Predpokladan\u00fd \u010das \u010d\u00edtania":"2 min\u00faty"},"schema":{"@context":"https:\/\/schema.org","@graph":[{"@type":"WebPage","@id":"https:\/\/www.miisoo.com\/nl\/product\/fucking-life-like-male-sex-dolls\/","url":"https:\/\/www.miisoo.com\/nl\/product\/fucking-life-like-male-sex-dolls\/","name":"Life Like Male Sex Dolls - Fucking Male Sex Doll Porn Video","isPartOf":{"@id":"https:\/\/www.miisoo.com\/#website"},"primaryImageOfPage":{"@id":"https:\/\/www.miisoo.com\/nl\/product\/fucking-life-like-male-sex-dolls\/#primaryimage"},"image":{"@id":"https:\/\/www.miisoo.com\/nl\/product\/fucking-life-like-male-sex-dolls\/#primaryimage"},"thumbnailUrl":"https:\/\/www.miisoo.com\/wp-content\/uploads\/2022\/01\/male-sec-doll-2239.jpg","datePublished":"2022-01-05T11:57:42+00:00","dateModified":"2022-01-07T02:28:53+00:00","description":"Whoever said life like male sex dolls could not be beautiful? Jared the 160cm male sex doll\u00a0with dark black hair is not your average Joe.","breadcrumb":{"@id":"https:\/\/www.miisoo.com\/nl\/product\/fucking-life-like-male-sex-dolls\/#breadcrumb"},"inLanguage":"sk-SK","potentialAction":[{"@type":"ReadAction","target":["https:\/\/www.miisoo.com\/nl\/product\/fucking-life-like-male-sex-dolls\/"]}]},{"@type":"ImageObject","inLanguage":"sk-SK","@id":"https:\/\/www.miisoo.com\/nl\/product\/fucking-life-like-male-sex-dolls\/#primaryimage","url":"https:\/\/www.miisoo.com\/wp-content\/uploads\/2022\/01\/male-sec-doll-2239.jpg","contentUrl":"https:\/\/www.miisoo.com\/wp-content\/uploads\/2022\/01\/male-sec-doll-2239.jpg","width":600,"height":900,"caption":"Jared \u2013 160cm Fucking Life Like Male Sex Dolls"},{"@type":"BreadcrumbList","@id":"https:\/\/www.miisoo.com\/nl\/product\/fucking-life-like-male-sex-dolls\/#breadcrumb","itemListElement":[{"@type":"ListItem","position":1,"name":"Home","item":"https:\/\/www.miisoo.com\/"},{"@type":"ListItem","position":2,"name":"Sex Doll Shop","item":"https:\/\/www.miisoo.com\/shop\/"},{"@type":"ListItem","position":3,"name":"Jared &#8211; 160cm Fucking Life Like Male Sex Dolls"}]},{"@type":"WebSite","@id":"https:\/\/www.miisoo.com\/#website","url":"https:\/\/www.miisoo.com\/","name":"MiisooDoll","description":"Sexual Doll, Real Sex Dolls, Love Doll, Best Sex Dolls","publisher":{"@id":"https:\/\/www.miisoo.com\/#organization"},"potentialAction":[{"@type":"SearchAction","target":{"@type":"EntryPoint","urlTemplate":"https:\/\/www.miisoo.com\/?s={search_term_string}"},"query-input":"required name=search_term_string"}],"inLanguage":"sk-SK"},{"@type":"Organization","@id":"https:\/\/www.miisoo.com\/#organization","name":"MiisooDoll","url":"https:\/\/www.miisoo.com\/","logo":{"@type":"ImageObject","inLanguage":"sk-SK","@id":"https:\/\/www.miisoo.com\/#\/schema\/logo\/image\/","url":"https:\/\/www.miisoo.com\/wp-content\/uploads\/2020\/09\/logo-botton.png","contentUrl":"https:\/\/www.miisoo.com\/wp-content\/uploads\/2020\/09\/logo-botton.png","width":181,"height":42,"caption":"MiisooDoll"},"image":{"@id":"https:\/\/www.miisoo.com\/#\/schema\/logo\/image\/"},"sameAs":["https:\/\/www.facebook.com\/miisoodoll","https:\/\/x.com\/MiisooSexDolls"]}]}},"_links":{"self":[{"href":"https:\/\/www.miisoo.com\/sk\/wp-json\/wp\/v2\/product\/21122","targetHints":{"allow":["GET"]}}],"collection":[{"href":"https:\/\/www.miisoo.com\/sk\/wp-json\/wp\/v2\/product"}],"about":[{"href":"https:\/\/www.miisoo.com\/sk\/wp-json\/wp\/v2\/types\/product"}],"replies":[{"embeddable":true,"href":"https:\/\/www.miisoo.com\/sk\/wp-json\/wp\/v2\/comments?post=21122"}],"version-history":[{"count":5,"href":"https:\/\/www.miisoo.com\/sk\/wp-json\/wp\/v2\/product\/21122\/revisions"}],"predecessor-version":[{"id":21580,"href":"https:\/\/www.miisoo.com\/sk\/wp-json\/wp\/v2\/product\/21122\/revisions\/21580"}],"wp:featuredmedia":[{"embeddable":true,"href":"https:\/\/www.miisoo.com\/sk\/wp-json\/wp\/v2\/media\/21153"}],"wp:attachment":[{"href":"https:\/\/www.miisoo.com\/sk\/wp-json\/wp\/v2\/media?parent=21122"}],"wp:term":[{"taxonomy":"product_cat","embeddable":true,"href":"https:\/\/www.miisoo.com\/sk\/wp-json\/wp\/v2\/product_cat?post=21122"},{"taxonomy":"product_tag","embeddable":true,"href":"https:\/\/www.miisoo.com\/sk\/wp-json\/wp\/v2\/product_tag?post=21122"}],"curies":[{"name":"wp","href":"https:\/\/api.w.org\/{rel}","templated":true}]}}