{"id":11358,"date":"2021-03-31T17:05:02","date_gmt":"2021-03-31T09:05:02","guid":{"rendered":"https:\/\/www.miisoo.com\/?post_type=product&#038;p=11358"},"modified":"2022-12-11T16:02:03","modified_gmt":"2022-12-11T08:02:03","slug":"reese-bbw-sex-doll-silicon-wives","status":"publish","type":"product","link":"https:\/\/www.miisoo.com\/sk\/product\/reese-bbw-sex-doll-silicon-wives\/","title":{"rendered":"Reese \u2013 162 cm mlad\u00e1 BBW Sex Doll Silicon Wives"},"content":{"rendered":"<p>Reese je nov\u00e1 silik\u00f3nov\u00e1 sexu\u00e1lna b\u00e1bika, ktor\u00e1 miluje tr\u00e1venie \u010dasu s pr\u00edrodou. Po\u010das pr\u00e1zdnin ju v\u00e4\u010d\u0161inou n\u00e1jdete pi\u0165 studen\u00e9 pivo a \u010dumie\u0165 na more. Toto <a href=\"https:\/\/www.miisoo.com\/sk\/produkt\/celebrity-realistic-silicon-sex-doll\/\">silik\u00f3nov\u00e1 sexu\u00e1lna b\u00e1bika<\/a> je ve\u013emi rozko\u0161n\u00fd, krotk\u00fd a obdaren\u00fd ladn\u00fdm telom.<\/p>\n<p>Je nepochybne jednou z na\u0161ich najlep\u0161\u00edch silik\u00f3nov\u00fdch b\u00e1bik na predaj na na\u0161ej webovej str\u00e1nke. Reese nie je oby\u010dajn\u00e1 silik\u00f3nov\u00e1 sexu\u00e1lna b\u00e1bika. Je navrhnut\u00e1 zo \u0161pi\u010dkov\u00e9ho silik\u00f3nov\u00e9ho materi\u00e1lu, ktor\u00fd jej dod\u00e1va leskl\u00fa a jemn\u00fa poko\u017eku. Jej telo m\u00e1 hyperrealistick\u00e9 \u017eily a kont\u00fary, ak\u00e9 sa nach\u00e1dzaj\u00fa len u skuto\u010dn\u00fdch \u013eud\u00ed.<\/p>\n<p>Navy\u0161e, nov\u00e1 silik\u00f3nov\u00e1 sexu\u00e1lna b\u00e1bika sa nehanb\u00ed poveda\u0165, \u017ee miluje <a href=\"https:\/\/www.self.com\/story\/couple-sex-toy-tips\">hra\u0165 sa so sexu\u00e1lnymi hra\u010dkami<\/a> ke\u010f\u017ee ich m\u00e1 v \u0161atn\u00edku ve\u013ea. Reese m\u00e1 bl\u00e1znivo realistick\u00fa vag\u00ednu bez hrbol\u010dekov a extr\u00e9mnu m\u00e4kkos\u0165 od pyskov a\u017e po vagin\u00e1lnu stenu. Jej zadok je tie\u017e bezchybn\u00fd, s dokonalou gu\u013eatos\u0165ou a tesnos\u0165ou v jednom ve\u013ekom tu\u010dnom zadku.<\/p>\n<p><span style=\"color: #000000; font-size: 16px; font-weight: 600;\">Silik\u00f3nov\u00e1 sexu\u00e1lna b\u00e1bika man\u017eelky Miery<\/span><\/p>\n<table width=\"352\">\n<tbody>\n<tr>\n<td width=\"133\">V\u00fd\u0161ka<\/td>\n<td width=\"219\">162 cm<\/td>\n<\/tr>\n<tr>\n<td width=\"133\">Hmotnos\u0165<\/td>\n<td width=\"219\">38 kg<\/td>\n<\/tr>\n<tr>\n<td width=\"133\">poprsia<\/td>\n<td width=\"219\">96 cm<\/td>\n<\/tr>\n<tr>\n<td width=\"133\">P\u00e1s<\/td>\n<td width=\"219\">61 cm<\/td>\n<\/tr>\n<tr>\n<td width=\"133\">Bedro<\/td>\n<td width=\"219\">99 cm<\/td>\n<\/tr>\n<tr>\n<td width=\"133\">H\u013abka \u00fast<\/td>\n<td width=\"219\">13 cm<\/td>\n<\/tr>\n<tr>\n<td width=\"133\">H\u013abka vag\u00edny<\/td>\n<td width=\"219\">18 cm<\/td>\n<\/tr>\n<tr>\n<td width=\"133\">H\u013abka kone\u010dn\u00edka<\/td>\n<td width=\"219\">15 cm<\/td>\n<\/tr>\n<tr>\n<td width=\"133\">Ve\u013ekos\u0165 balenia<\/td>\n<td width=\"219\">Rozmer 150 cm x 50 cm x 35 cm<\/td>\n<\/tr>\n<\/tbody>\n<\/table>\n\t\t<div data-elementor-type=\"section\" data-elementor-id=\"11437\" class=\"elementor elementor-11437\" data-elementor-post-type=\"elementor_library\">\n\t\t\t\t\t<section class=\"elementor-section elementor-top-section elementor-element elementor-element-615204c elementor-section-boxed elementor-section-height-default elementor-section-height-default\" data-id=\"615204c\" data-element_type=\"section\">\n\t\t\t\t\t\t<div class=\"elementor-container elementor-column-gap-default\">\n\t\t\t\t\t<div class=\"elementor-column elementor-col-100 elementor-top-column elementor-element elementor-element-1471705\" data-id=\"1471705\" data-element_type=\"column\">\n\t\t\t<div class=\"elementor-widget-wrap elementor-element-populated\">\n\t\t\t\t\t\t<div class=\"elementor-element elementor-element-3cf8ca9 elementor-widget elementor-widget-text-editor\" data-id=\"3cf8ca9\" data-element_type=\"widget\" data-widget_type=\"text-editor.default\">\n\t\t\t\t<div class=\"elementor-widget-container\">\n\t\t\t\t\t\t\t\t\t<h4><strong>Predvolen\u00e9 pokro\u010dil\u00e9 n\u00e1vrhy:<\/strong><\/h4><p>B\u00e1bika bude vyroben\u00e1 presne tak, ako je zn\u00e1zornen\u00e9 na fotografi\u00e1ch so v\u0161etk\u00fdmi predvolen\u00fdmi pokro\u010dil\u00fdmi dizajnmi:<br \/>&#8211; <span style=\"color: #ff9900;\"><strong>Hlava a telo zo silik\u00f3nov\u00e9ho materi\u00e1lu<\/strong><\/span><br \/>\u2013 Pevn\u00e1 vag\u00edna s vn\u00fatorn\u00fdm ultra m\u00e4kk\u00fdm otvorom<br \/>- Text\u00farovan\u00e1 poko\u017eka s realistick\u00fdm \u013eudsk\u00fdm pocitom.<br \/>\u2013 Realistick\u00fd vzh\u013ead pleti so \u017eilkami.<br \/>\u2013 Realistick\u00e9 m\u00e4kk\u00e9 prsia.<br \/>- Vynikaj\u00faci make-up tv\u00e1re.<br \/>\u2013 Mechanicky pohybliv\u00e9 o\u010di.<br \/>- Flexibiln\u00e1 vylep\u0161en\u00e1 kostra, sklopn\u00fd krk, ruky a nohy.<br \/>- R\u00fdchly konektor hlavy.<br \/>\u2013 Pokr\u010denie plecami.<br \/>- Implantovan\u00e9 obo\u010die.<br \/>- Implantovan\u00e9 spodn\u00e9 mihalnice.<\/p><p><img fetchpriority=\"high\" decoding=\"async\" class=\"alignnone wp-image-11463 size-full\" src=\"https:\/\/www.miisoo.com\/wp-content\/uploads\/2021\/04\/sex-doll-posture-1.jpg\" alt=\"\" width=\"1000\" height=\"752\" srcset=\"https:\/\/www.miisoo.com\/wp-content\/uploads\/2021\/04\/sex-doll-posture-1.jpg 1000w, https:\/\/www.miisoo.com\/wp-content\/uploads\/2021\/04\/sex-doll-posture-1-300x226.jpg 300w, https:\/\/www.miisoo.com\/wp-content\/uploads\/2021\/04\/sex-doll-posture-1-768x578.jpg 768w, https:\/\/www.miisoo.com\/wp-content\/uploads\/2021\/04\/sex-doll-posture-1-370x278.jpg 370w, https:\/\/www.miisoo.com\/wp-content\/uploads\/2021\/04\/sex-doll-posture-1-600x451.jpg 600w\" sizes=\"(max-width: 1000px) 100vw, 1000px\" \/><\/p><h4><strong>Vlastnosti:<\/strong><\/h4><p>\u2013 Odoln\u00e1 oce\u013eov\u00e1 kostra s pohybliv\u00fdmi k\u013abmi pre mnoho \u00fa\u017easn\u00fdch sexu\u00e1lnych pol\u00f4h<br \/>- Vagin\u00e1lne a an\u00e1lne schopnosti<br \/>- Bezplatn\u00e1 medzin\u00e1rodn\u00e1 doprava a diskr\u00e9tne balenie<br \/>- Sexu\u00e1lna b\u00e1bika vy\u017eaduje 1 ~ 3 dni na v\u00fdrobu + 5 ~ 12 dn\u00ed na odoslanie<\/p><h4><span style=\"color: #000000; font-size: 18px; font-weight: bold;\">Dar\u010deky zadarmo<\/span><\/h4><p>Dar\u010deky zadarmo: Sexy spodn\u00e1 bielize\u0148 x 1, rukavice x 1, hrebe\u0148 x 1, vagin\u00e1lny ohrieva\u010d x 1, vagin\u00e1lny irig\u00e1tor x 1, deka x 1.<br \/><img decoding=\"async\" class=\"wp-image-4748 size-large alignnone\" src=\"https:\/\/miisoo.com\/wp-content\/uploads\/2013\/06\/Accessory-1024x155.jpg\" sizes=\"(max-width: 840px) 100vw, 840px\" srcset=\"https:\/\/cdn.miisoo.com\/wp-content\/uploads\/2013\/06\/Accessory-1024x155.jpg 1024w, https:\/\/cdn.miisoo.com\/wp-content\/uploads\/2013\/06\/Accessory-600x91.jpg 600w, https:\/\/cdn.miisoo.com\/wp-content\/uploads\/2013\/06\/Accessory-300x45.jpg 300w, https:\/\/cdn.miisoo.com\/wp-content\/uploads\/2013\/06\/Accessory-768x116.jpg 768w, https:\/\/cdn.miisoo.com\/wp-content\/uploads\/2013\/06\/Accessory-1536x232.jpg 1536w, https:\/\/cdn.miisoo.com\/wp-content\/uploads\/2013\/06\/Accessory-370x56.jpg 370w, https:\/\/cdn.miisoo.com\/wp-content\/uploads\/2013\/06\/Accessory.jpg 1616w\" alt=\"Renee \u2013 157 cm \u0161t\u00edhla, tenk\u00e1, o\u010daruj\u00faca t\u00edned\u017eersk\u00e1 sexu\u00e1lna b\u00e1bika \u2013 MiisooDoll\" width=\"840\" height=\"127\" \/><\/p><p><strong>Z\u00e1ruka: Dostanete 100% rovnako ako obr\u00e1zkov\u00e9 b\u00e1biky.<\/strong><\/p>\t\t\t\t\t\t\t\t<\/div>\n\t\t\t\t<\/div>\n\t\t\t\t\t<\/div>\n\t\t<\/div>\n\t\t\t\t\t<\/div>\n\t\t<\/section>\n\t\t\t\t<\/div>","protected":false},"excerpt":{"rendered":"<div data-elementor-type=\"section\" data-elementor-id=\"11441\" class=\"elementor elementor-11441\" data-elementor-post-type=\"elementor_library\">\n<section class=\"elementor-section elementor-top-section elementor-element elementor-element-46aa207 elementor-section-boxed elementor-section-height-default elementor-section-height-default\" data-id=\"46aa207\" data-element_type=\"section\">\n<div class=\"elementor-container elementor-column-gap-default\">\n<div class=\"elementor-column elementor-col-100 elementor-top-column elementor-element elementor-element-ff0e20b\" data-id=\"ff0e20b\" data-element_type=\"column\">\n<div class=\"elementor-widget-wrap elementor-element-populated\">\n<div class=\"elementor-element elementor-element-573963d elementor-widget elementor-widget-text-editor\" data-id=\"573963d\" data-element_type=\"widget\" data-widget_type=\"text-editor.default\">\n<div class=\"elementor-widget-container\">\n<ul>\n<li><span style=\"color: #ff9900;\"><strong>Hlava a telo zo silik\u00f3nov\u00e9ho materi\u00e1lu<\/strong><\/span><\/li>\n<li>Doprava zadarmo po celom svete, diskr\u00e9tna doprava.<\/li>\n<li>100% Identick\u00e9 ako obr\u00e1zky, pokia\u013e nie s\u00fa prisp\u00f4soben\u00e9.<\/li>\n<li>Ceny zah\u0155\u0148aj\u00fa. DPH a coln\u00e9 poplatky<\/li>\n<li>Doru\u010denie k va\u0161im dver\u00e1m do 7-15 pracovn\u00fdch dn\u00ed!<\/li>\n<\/ul><\/div>\n<\/p><\/div>\n<\/p><\/div>\n<\/p><\/div>\n<\/p><\/div>\n<\/section><\/div>\n<div data-elementor-type=\"section\" data-elementor-id=\"10473\" class=\"elementor elementor-10473\" data-elementor-post-type=\"elementor_library\">\n<section class=\"elementor-section elementor-top-section elementor-element elementor-element-03d9b2a elementor-section-boxed elementor-section-height-default elementor-section-height-default\" data-id=\"03d9b2a\" data-element_type=\"section\">\n<div class=\"elementor-container elementor-column-gap-default\">\n<div class=\"elementor-column elementor-col-100 elementor-top-column elementor-element elementor-element-5081c52\" data-id=\"5081c52\" data-element_type=\"column\">\n<div class=\"elementor-widget-wrap elementor-element-populated\">\n<div class=\"elementor-element elementor-element-d2c17df elementor-widget elementor-widget-martfury-banner-small\" data-id=\"d2c17df\" data-element_type=\"widget\" data-widget_type=\"martfury-banner-small.default\">\n<div class=\"elementor-widget-container\">\n<div class=\"mf-elementor-banner-small\">\n<div class=\"banner-featured-image\"><\/div>\n<p>\t\t\t                <a class=\"link\" href=\"https:\/\/mso.aidoll-japan.com\"><\/a><\/p>\n<div class=\"banner-content\">\n<h2 class=\"banner-title\">1500 mini b\u00e1bik l\u00e1sky<\/p>\n<p>sexdollxxx. com<\/h2>\n<div class=\"banner-desc\">\n<p>60 cm, 80 cm, 100 cm,<\/p>\n<p>120 cm, 130 cm, 140 cm<\/p>\n<\/div>\n<div class=\"banner-price\"><span\n                                class=\"s-price\">sexdollxxx .com<\/span><\/div>\n<\/p><\/div>\n<\/p><\/div>\n<\/p><\/div>\n<\/p><\/div>\n<\/p><\/div>\n<\/p><\/div>\n<\/p><\/div>\n<\/section><\/div>","protected":false},"featured_media":11384,"comment_status":"open","ping_status":"closed","template":"","meta":[],"product_cat":[123,115,112,97,99,910,841,110],"product_tag":[274,313],"class_list":{"0":"post-11358","1":"product","2":"type-product","3":"status-publish","4":"has-post-thumbnail","6":"product_cat-1000usd-1500usd-sex-dolls","7":"product_cat-161cm-170cm-sex-dolls","8":"product_cat-bbw-sex-dolls","9":"product_cat-big-boobs-sex-dolls","10":"product_cat-big-butt-sex-dolls","11":"product_cat-fat-sex-doll","12":"product_cat-g-cup-sex-doll","13":"product_cat-silicone-sex-dolls","14":"product_tag-adult-sex-dolls","15":"product_tag-silicone-love-doll","16":"tm-has-options","18":"first","19":"instock","20":"sale","21":"shipping-taxable","22":"purchasable","23":"product-type-simple","24":"col-xs-6 col-sm-4","25":"col-md-3 col-lg-3","26":"un-4-cols"},"yoast_head":"<!-- This site is optimized with the Yoast SEO Premium plugin v22.6 (Yoast SEO v22.9) - https:\/\/yoast.com\/wordpress\/plugins\/seo\/ -->\n<title>Silicon Wives Sex Doll - Young BBW Silicone Love Dolls For Sale<\/title>\n<meta name=\"description\" content=\"Get a range of 162cm Young BBW Sex Doll Silicon Wives online at Miisoo. Discover the best Sex Dolls in Best Sellers. Find the top 100 most popular items today.\" \/>\n<meta name=\"robots\" content=\"index, follow, max-snippet:-1, max-image-preview:large, max-video-preview:-1\" \/>\n<link rel=\"canonical\" href=\"https:\/\/www.miisoo.com\/sk\/produkt\/reese-bbw-sex-doll-silicon-wives\/\" \/>\n<meta property=\"og:locale\" content=\"sk_SK\" \/>\n<meta property=\"og:type\" content=\"article\" \/>\n<meta property=\"og:title\" content=\"Reese - 162cm Young BBW Sex Doll Silicon Wives\" \/>\n<meta property=\"og:description\" content=\"Get a range of 162cm Young BBW Sex Doll Silicon Wives online at Miisoo. Discover the best Sex Dolls in Best Sellers. Find the top 100 most popular items today.\" \/>\n<meta property=\"og:url\" content=\"https:\/\/www.miisoo.com\/sk\/produkt\/reese-bbw-sex-doll-silicon-wives\/\" \/>\n<meta property=\"og:site_name\" content=\"MiisooDoll\" \/>\n<meta property=\"article:publisher\" content=\"https:\/\/www.facebook.com\/miisoodoll\" \/>\n<meta property=\"article:modified_time\" content=\"2022-12-11T08:02:03+00:00\" \/>\n<meta property=\"og:image\" content=\"https:\/\/www.miisoo.com\/wp-content\/uploads\/2021\/03\/Young-Sex-Doll-Silicon-Wives-15.jpg\" \/>\n\t<meta property=\"og:image:width\" content=\"896\" \/>\n\t<meta property=\"og:image:height\" content=\"1344\" \/>\n\t<meta property=\"og:image:type\" content=\"image\/jpeg\" \/>\n<meta name=\"twitter:card\" content=\"summary_large_image\" \/>\n<meta name=\"twitter:site\" content=\"@MiisooSexDolls\" \/>\n<meta name=\"twitter:label1\" content=\"Predpokladan\u00fd \u010das \u010d\u00edtania\" \/>\n\t<meta name=\"twitter:data1\" content=\"1 min\u00fata\" \/>\n<!-- \/ Yoast SEO Premium plugin. -->","yoast_head_json":{"title":"Silicon Wives Sex Doll - Young BBW Silicone Love Dolls For Sale","description":"Get a range of 162cm Young BBW Sex Doll Silicon Wives online at Miisoo. Discover the best Sex Dolls in Best Sellers. Find the top 100 most popular items today.","robots":{"index":"index","follow":"follow","max-snippet":"max-snippet:-1","max-image-preview":"max-image-preview:large","max-video-preview":"max-video-preview:-1"},"canonical":"https:\/\/www.miisoo.com\/sk\/produkt\/reese-bbw-sex-doll-silicon-wives\/","og_locale":"sk_SK","og_type":"article","og_title":"Reese - 162cm Young BBW Sex Doll Silicon Wives","og_description":"Get a range of 162cm Young BBW Sex Doll Silicon Wives online at Miisoo. Discover the best Sex Dolls in Best Sellers. Find the top 100 most popular items today.","og_url":"https:\/\/www.miisoo.com\/sk\/produkt\/reese-bbw-sex-doll-silicon-wives\/","og_site_name":"MiisooDoll","article_publisher":"https:\/\/www.facebook.com\/miisoodoll","article_modified_time":"2022-12-11T08:02:03+00:00","og_image":[{"width":896,"height":1344,"url":"https:\/\/www.miisoo.com\/wp-content\/uploads\/2021\/03\/Young-Sex-Doll-Silicon-Wives-15.jpg","type":"image\/jpeg"}],"twitter_card":"summary_large_image","twitter_site":"@MiisooSexDolls","twitter_misc":{"Predpokladan\u00fd \u010das \u010d\u00edtania":"1 min\u00fata"},"schema":{"@context":"https:\/\/schema.org","@graph":[{"@type":"WebPage","@id":"https:\/\/www.miisoo.com\/product\/reese-bbw-sex-doll-silicon-wives\/","url":"https:\/\/www.miisoo.com\/product\/reese-bbw-sex-doll-silicon-wives\/","name":"Silicon Wives Sex Doll - Young BBW Silicone Love Dolls For Sale","isPartOf":{"@id":"https:\/\/www.miisoo.com\/#website"},"primaryImageOfPage":{"@id":"https:\/\/www.miisoo.com\/product\/reese-bbw-sex-doll-silicon-wives\/#primaryimage"},"image":{"@id":"https:\/\/www.miisoo.com\/product\/reese-bbw-sex-doll-silicon-wives\/#primaryimage"},"thumbnailUrl":"https:\/\/www.miisoo.com\/wp-content\/uploads\/2021\/03\/Young-Sex-Doll-Silicon-Wives-15.jpg","datePublished":"2021-03-31T09:05:02+00:00","dateModified":"2022-12-11T08:02:03+00:00","description":"Get a range of 162cm Young BBW Sex Doll Silicon Wives online at Miisoo. Discover the best Sex Dolls in Best Sellers. Find the top 100 most popular items today.","breadcrumb":{"@id":"https:\/\/www.miisoo.com\/product\/reese-bbw-sex-doll-silicon-wives\/#breadcrumb"},"inLanguage":"sk-SK","potentialAction":[{"@type":"ReadAction","target":["https:\/\/www.miisoo.com\/product\/reese-bbw-sex-doll-silicon-wives\/"]}]},{"@type":"ImageObject","inLanguage":"sk-SK","@id":"https:\/\/www.miisoo.com\/product\/reese-bbw-sex-doll-silicon-wives\/#primaryimage","url":"https:\/\/www.miisoo.com\/wp-content\/uploads\/2021\/03\/Young-Sex-Doll-Silicon-Wives-15.jpg","contentUrl":"https:\/\/www.miisoo.com\/wp-content\/uploads\/2021\/03\/Young-Sex-Doll-Silicon-Wives-15.jpg","width":896,"height":1344,"caption":"Silicon Wives Sex Wives"},{"@type":"BreadcrumbList","@id":"https:\/\/www.miisoo.com\/product\/reese-bbw-sex-doll-silicon-wives\/#breadcrumb","itemListElement":[{"@type":"ListItem","position":1,"name":"Home","item":"https:\/\/www.miisoo.com\/"},{"@type":"ListItem","position":2,"name":"Sex Doll Shop","item":"https:\/\/www.miisoo.com\/shop\/"},{"@type":"ListItem","position":3,"name":"Reese &#8211; 162cm Young BBW Sex Doll Silicon Wives"}]},{"@type":"WebSite","@id":"https:\/\/www.miisoo.com\/#website","url":"https:\/\/www.miisoo.com\/","name":"MiisooDoll","description":"Sexual Doll, Real Sex Dolls, Love Doll, Best Sex Dolls","publisher":{"@id":"https:\/\/www.miisoo.com\/#organization"},"potentialAction":[{"@type":"SearchAction","target":{"@type":"EntryPoint","urlTemplate":"https:\/\/www.miisoo.com\/?s={search_term_string}"},"query-input":"required name=search_term_string"}],"inLanguage":"sk-SK"},{"@type":"Organization","@id":"https:\/\/www.miisoo.com\/#organization","name":"MiisooDoll","url":"https:\/\/www.miisoo.com\/","logo":{"@type":"ImageObject","inLanguage":"sk-SK","@id":"https:\/\/www.miisoo.com\/#\/schema\/logo\/image\/","url":"https:\/\/www.miisoo.com\/wp-content\/uploads\/2020\/09\/logo-botton.png","contentUrl":"https:\/\/www.miisoo.com\/wp-content\/uploads\/2020\/09\/logo-botton.png","width":181,"height":42,"caption":"MiisooDoll"},"image":{"@id":"https:\/\/www.miisoo.com\/#\/schema\/logo\/image\/"},"sameAs":["https:\/\/www.facebook.com\/miisoodoll","https:\/\/x.com\/MiisooSexDolls"]}]}},"_links":{"self":[{"href":"https:\/\/www.miisoo.com\/sk\/wp-json\/wp\/v2\/product\/11358","targetHints":{"allow":["GET"]}}],"collection":[{"href":"https:\/\/www.miisoo.com\/sk\/wp-json\/wp\/v2\/product"}],"about":[{"href":"https:\/\/www.miisoo.com\/sk\/wp-json\/wp\/v2\/types\/product"}],"replies":[{"embeddable":true,"href":"https:\/\/www.miisoo.com\/sk\/wp-json\/wp\/v2\/comments?post=11358"}],"version-history":[{"count":3,"href":"https:\/\/www.miisoo.com\/sk\/wp-json\/wp\/v2\/product\/11358\/revisions"}],"predecessor-version":[{"id":19320,"href":"https:\/\/www.miisoo.com\/sk\/wp-json\/wp\/v2\/product\/11358\/revisions\/19320"}],"wp:featuredmedia":[{"embeddable":true,"href":"https:\/\/www.miisoo.com\/sk\/wp-json\/wp\/v2\/media\/11384"}],"wp:attachment":[{"href":"https:\/\/www.miisoo.com\/sk\/wp-json\/wp\/v2\/media?parent=11358"}],"wp:term":[{"taxonomy":"product_cat","embeddable":true,"href":"https:\/\/www.miisoo.com\/sk\/wp-json\/wp\/v2\/product_cat?post=11358"},{"taxonomy":"product_tag","embeddable":true,"href":"https:\/\/www.miisoo.com\/sk\/wp-json\/wp\/v2\/product_tag?post=11358"}],"curies":[{"name":"wp","href":"https:\/\/api.w.org\/{rel}","templated":true}]}}