{"id":4494,"date":"2020-09-16T14:42:35","date_gmt":"2020-09-16T06:42:35","guid":{"rendered":"http:\/\/miisoo.com\/?page_id=4494"},"modified":"2023-12-22T20:07:15","modified_gmt":"2023-12-22T12:07:15","slug":"disclaimer-18","status":"publish","type":"page","link":"https:\/\/www.miisoo.com\/sk\/disclaimer-18\/","title":{"rendered":"Vyhl\u00e1senie 18+"},"content":{"rendered":"<div data-elementor-type=\"wp-page\" data-elementor-id=\"4494\" class=\"elementor elementor-4494\" data-elementor-post-type=\"page\">\n\t\t\t\t\t\t<section class=\"elementor-section elementor-top-section elementor-element elementor-element-c76458e elementor-section-boxed elementor-section-height-default elementor-section-height-default\" data-id=\"c76458e\" data-element_type=\"section\">\n\t\t\t\t\t\t<div class=\"elementor-container elementor-column-gap-default\">\n\t\t\t\t\t<div class=\"elementor-column elementor-col-25 elementor-top-column elementor-element elementor-element-8b5e8e1\" data-id=\"8b5e8e1\" data-element_type=\"column\">\n\t\t\t<div class=\"elementor-widget-wrap\">\n\t\t\t\t\t\t\t<\/div>\n\t\t<\/div>\n\t\t\t\t<div class=\"elementor-column elementor-col-50 elementor-top-column elementor-element elementor-element-5afa608\" data-id=\"5afa608\" data-element_type=\"column\">\n\t\t\t<div class=\"elementor-widget-wrap elementor-element-populated\">\n\t\t\t\t\t\t<div class=\"elementor-element elementor-element-1111958 elementor-widget elementor-widget-text-editor\" data-id=\"1111958\" data-element_type=\"widget\" data-widget_type=\"text-editor.default\">\n\t\t\t\t<div class=\"elementor-widget-container\">\n\t\t\t\t\t\t\t\t\t<p>Posledn\u00e1 aktualiz\u00e1cia 25. m\u00e1ja 2017 o 10:23<\/p><p>POZOR. T\u00e1to str\u00e1nka obsahuje sexu\u00e1lne orientovan\u00fd materi\u00e1l pre dospel\u00fdch ur\u010den\u00fd pre osoby star\u0161ie ako 18 rokov. Ak e\u0161te nem\u00e1te 18 rokov. Prezeran\u00edm tejto str\u00e1nky s\u00fahlas\u00edte s t\u00fdm, \u017ee rozumiete a ni\u017e\u0161ie uveden\u00fdm podmienkam:<\/p><p><strong>18 ROKOV A STAR\u0160\u00cdCH<\/strong><\/p><p>MIISOO.com nem\u00f4\u017ee zak\u00e1za\u0165 neplnolet\u00fdm nav\u0161tevova\u0165 t\u00fato str\u00e1nku. Rodi\u010dia alebo opatrovn\u00edci s\u00fa zodpovedn\u00ed za doh\u013ead nad de\u0165mi a dospievaj\u00facimi, pokia\u013e ide o to, ktor\u00e9 materi\u00e1ly s\u00fa pre nich vhodn\u00e9 na prezeranie. MIISOO.com vy\u017eaduje, aby v\u0161etky n\u00e1kupy vykon\u00e1vali osoby star\u0161ie ako 18 rokov.<\/p><p><strong>AUTORSK\u00c9 PR\u00c1VA<\/strong><\/p><p>Pokia\u013e nie je uveden\u00e9 inak, v\u0161etky materi\u00e1ly nach\u00e1dzaj\u00face sa na tejto str\u00e1nke, vr\u00e1tane textu, dizajnu str\u00e1nky, loga, grafiky, ikon a obr\u00e1zkov, ako aj ich v\u00fdberu, mont\u00e1\u017ee a usporiadania, s\u00fa v\u00fdhradn\u00fdm vlastn\u00edctvom MIISOO.com. Obsah tejto str\u00e1nky m\u00f4\u017eete pou\u017ei\u0165 iba na \u00fa\u010dely nakupovania na tejto str\u00e1nke alebo zadania objedn\u00e1vky na tejto str\u00e1nke a na \u017eiadny in\u00fd \u00fa\u010del. \u017diadne materi\u00e1ly z tejto str\u00e1nky sa nesm\u00fa kop\u00edrova\u0165, reprodukova\u0165, upravova\u0165, znovu publikova\u0165, odovzd\u00e1va\u0165, posiela\u0165, pren\u00e1\u0161a\u0165 alebo distribuova\u0165 v akejko\u013evek forme alebo ak\u00fdmiko\u013evek prostriedkami bez predch\u00e1dzaj\u00faceho p\u00edsomn\u00e9ho s\u00fahlasu MIISOO.com. V\u0161etky pr\u00e1va, ktor\u00e9 tu nie s\u00fa v\u00fdslovne udelen\u00e9, s\u00fa vyhraden\u00e9. Ak\u00e9ko\u013evek neopr\u00e1vnen\u00e9 pou\u017eitie materi\u00e1lov na tejto str\u00e1nke m\u00f4\u017ee poru\u0161ova\u0165 autorsk\u00e9 pr\u00e1va, ochrann\u00e9 zn\u00e1mky a in\u00e9 platn\u00e9 z\u00e1kony a m\u00f4\u017ee vies\u0165 k trestnopr\u00e1vnym alebo ob\u010dianskopr\u00e1vnym postihom.<\/p><p><strong>zrieknutie sa zodpovednosti<\/strong><\/p><p>T\u00e1to webov\u00e1 str\u00e1nka sa v\u00e1m poskytuje \u201etak, ako je\u201c bez ak\u00fdchko\u013evek z\u00e1ruk ak\u00e9hoko\u013evek druhu, v\u00fdslovn\u00fdch alebo predpokladan\u00fdch. Pou\u017e\u00edvan\u00edm webovej str\u00e1nky s\u00fahlas\u00edte s t\u00fdm, \u017ee budete zn\u00e1\u0161a\u0165 v\u0161etky rizik\u00e1 spojen\u00e9 s pou\u017e\u00edvan\u00edm t\u00fdchto webov\u00fdch str\u00e1nok a s\u00fahlas\u00edte s t\u00fdm, \u017ee budete chr\u00e1ni\u0165 MIISOO.com, jej \u00faradn\u00edkov, riadite\u013eov, zamestnancov a agentov pred v\u0161etk\u00fdmi n\u00e1rokmi vypl\u00fdvaj\u00facimi z alebo s\u00favisiacich s va\u0161\u00edm pou\u017e\u00edvan\u00edm alebo neschopnos\u0165ou. pou\u017e\u00edva\u0165, webov\u00e9 str\u00e1nky, na ktor\u00e9 s\u00fa prepojen\u00e9. \u010ealej s\u00fahlas\u00edte s t\u00fdm, \u017ee MIISOO.com alebo prispievatelia inform\u00e1ci\u00ed na webov\u00fa str\u00e1nku nebud\u00fa zodpovedn\u00ed za \u017eiadnu \u0161kodu alebo stratu sp\u00f4soben\u00fa alebo \u00fadajn\u00fa sp\u00f4soben\u00fa vami na z\u00e1klade tak\u00fdchto inform\u00e1ci\u00ed.<\/p><p>V\u0161etky produkty na tejto webovej str\u00e1nke s\u00fa ur\u010den\u00e9 len na nov\u00e9 pou\u017eitie. MIISOO.com neposkytuje \u017eiadne z\u00e1ruky ak\u00e9hoko\u013evek druhu, v\u00fdslovn\u00e9 ani implicitn\u00e9, \u017ee produkt objednan\u00fd z MIISOO.com je bez po\u0161kodenia, chyby v\u00fdrobcu a nespr\u00e1vneho vyhl\u00e1senia v\u00fdrobcu. Odoslan\u00edm objedn\u00e1vky v\u00fdslovne beriete na vedomie a s\u00fahlas\u00edte s nasleduj\u00facim: MIISOO.com nenesie zodpovednos\u0165 vo\u010di \u017eiadnemu kupuj\u00facemu ani in\u00fdm osob\u00e1m za ak\u00e9ko\u013evek zranenie, stratu alebo \u0161kodu, \u010di u\u017e priamu, nepriamu, n\u00e1hodn\u00fa, \u0161peci\u00e1lnu alebo n\u00e1sledn\u00fa, bez oh\u013eadu na tvrden\u00e1 pr\u00e1vna te\u00f3ria vr\u00e1tane nedbanlivosti a\/alebo objekt\u00edvnej zodpovednosti.<\/p><p><strong>CHARGEBACK<\/strong><\/p><p>Pri v\u0161etk\u00fdch objedn\u00e1vkach zaznamen\u00e1vame re\u0165azce IP \u2013 v\u0161etky objedn\u00e1vky, ktor\u00e9 sa vr\u00e1tia ako kompenz\u00e1cia z d\u00f4vodu podvodn\u00fdch aktiv\u00edt, bud\u00fa d\u00f4sledne vym\u00e1han\u00e9 prostredn\u00edctvom va\u0161ej miestnej jurisdikcie na \u00fa\u010dely trestn\u00e9ho st\u00edhania v plnom rozsahu z\u00e1kona.<\/p><p>Ak chcete uskuto\u010dni\u0165 n\u00e1kup na MIISOO.com, s\u00fahlas\u00edte s t\u00fdm, \u017ee nebudete pod\u00e1va\u0165 \u017eiadne n\u00e1mietky\/n\u00e1roky alebo kompenz\u00e1cie spolo\u010dnosti, ktor\u00e1 vydala va\u0161u kreditn\u00fa kartu, na \u017eiadnu objedn\u00e1vku, ktor\u00fa ste urobili na MIISOO.com.<\/p><p>MIISOO.com pova\u017euje vr\u00e1tenie prostriedkov z kreditnej karty za podvod, ak ste nevyvinuli \u017eiadne primeran\u00e9 \u00fasilie na to, aby ste n\u00e1m ozn\u00e1mili, \u017ee existuje probl\u00e9m, a poskytnete n\u00e1m dostatok \u010dasu na vyrie\u0161enie alebo objasnenie z\u00e1le\u017eitosti.<\/p><p>Netolerujeme podvody s kreditn\u00fdmi kartami. Neu\u0161etria sa \u017eiadne n\u00e1klady a v\u0161etky podvody bez v\u00fdnimky bud\u00fa st\u00edhan\u00e9 v plnom rozsahu z\u00e1kona. Okrem toho budeme vies\u0165 ob\u010dianskopr\u00e1vnu \u017ealobu o ak\u00fako\u013evek stratu pr\u00edjmu s\u00favisiacu s podvodom, vr\u00e1tane podnikania, pr\u00e1vnych poplatkov, n\u00e1kladov na v\u00fdskum, prestojov zamestnancov a straty v\u00fdnosov.<\/p><p>V\u0161etky neod\u00f4vodnen\u00e9 kompenz\u00e1cie nielen\u017ee stoja na\u0161ich zamestnancov \u010das mimo na\u0161ich be\u017en\u00fdch a zvy\u010dajn\u00fdch z\u00e1le\u017eitost\u00ed pri vykon\u00e1van\u00ed norm\u00e1lneho podnikania, ale stoja n\u00e1s aj peniaze, preto:<\/p><p>S\u00fahlas\u00edte s t\u00fdm, \u017ee ak sa rozhodnete uskuto\u010dni\u0165 n\u00e1kup na MIISOO.com a pod\u00e1te spor\/n\u00e1rok alebo kompenz\u00e1ciu u spolo\u010dnosti, ktor\u00e1 vydala va\u0161u kreditn\u00fa kartu, za situ\u00e1ciu, ktor\u00e1 je v rozpore s na\u0161imi zmluvn\u00fdmi podmienkami, s ktor\u00fdmi s\u00fahlas\u00edte pri zad\u00e1van\u00ed objedn\u00e1vky ALEBO ste n\u00e1m nepridelili dostatok \u010das na uznanie, potvrdenie a presk\u00famanie situ\u00e1cie; a v \u017eiadnom pr\u00edpade nevyhr\u00e1te argument o vr\u00e1ten\u00ed platby alebo spor\/n\u00e1rok.<\/p><p>V pr\u00edpade, \u017ee u spolo\u010dnosti, ktor\u00e1 vydala va\u0161u kreditn\u00fa kartu, vyhr\u00e1te platbu sp\u00e4\u0165, spolo\u010dnos\u0165 MIISOO.com sa pok\u00fasi z\u00edska\u0165 sp\u00e4\u0165 podvodne spochybnen\u00e9 poplatky plus dodato\u010dn\u00e9 n\u00e1klady prostredn\u00edctvom inkasnej agent\u00fary tretej strany. Nahl\u00e1sen\u00e9 inform\u00e1cie bud\u00fa zah\u0155\u0148a\u0165 cel\u00e9 meno, e-mail, d\u00e1tum objedn\u00e1vky, sumu objedn\u00e1vky, IP adresu, \u00fapln\u00fa adresu a telef\u00f3nne \u010d\u00edslo.<\/p>\t\t\t\t\t\t\t\t<\/div>\n\t\t\t\t<\/div>\n\t\t\t\t\t<\/div>\n\t\t<\/div>\n\t\t\t\t<div class=\"elementor-column elementor-col-25 elementor-top-column elementor-element elementor-element-df603f8\" data-id=\"df603f8\" data-element_type=\"column\">\n\t\t\t<div class=\"elementor-widget-wrap\">\n\t\t\t\t\t\t\t<\/div>\n\t\t<\/div>\n\t\t\t\t\t<\/div>\n\t\t<\/section>\n\t\t\t\t<\/div>","protected":false},"excerpt":{"rendered":"<p>Last updated on May 25th, 2017 at 10:23 am WARNING. This site contains sexually oriented adult material intended for individuals 18 years of age or older. If you are not yet 18. By viewing this site you agree that you understand and the below terms: 18 YEARS AND OLDER MIISOO.com cannot prohibit minors from visiting&hellip;<\/p>","protected":false},"author":455,"featured_media":0,"parent":0,"menu_order":0,"comment_status":"closed","ping_status":"open","template":"","meta":{"footnotes":""},"class_list":["post-4494","page","type-page","status-publish","hentry"],"yoast_head":"<!-- This site is optimized with the Yoast SEO Premium plugin v22.6 (Yoast SEO v22.9) - https:\/\/yoast.com\/wordpress\/plugins\/seo\/ -->\n<title>Explore Adult Content| Age 18+ Disclaimer | MiisooDoll<\/title>\n<meta name=\"description\" content=\"Discover adult content responsibly with MiisooDoll&#039;s age 18+ disclaimer. Explore a world of intimate satisfaction while prioritizing legal and ethical guidelines.\" \/>\n<meta name=\"robots\" content=\"index, follow, max-snippet:-1, max-image-preview:large, max-video-preview:-1\" \/>\n<link rel=\"canonical\" href=\"https:\/\/www.miisoo.com\/sk\/disclaimer-18\/\" \/>\n<meta property=\"og:locale\" content=\"sk_SK\" \/>\n<meta property=\"og:type\" content=\"article\" \/>\n<meta property=\"og:title\" content=\"Disclaimer 18+\" \/>\n<meta property=\"og:description\" content=\"Discover adult content responsibly with MiisooDoll&#039;s age 18+ disclaimer. Explore a world of intimate satisfaction while prioritizing legal and ethical guidelines.\" \/>\n<meta property=\"og:url\" content=\"https:\/\/www.miisoo.com\/sk\/disclaimer-18\/\" \/>\n<meta property=\"og:site_name\" content=\"MiisooDoll\" \/>\n<meta property=\"article:publisher\" content=\"https:\/\/www.facebook.com\/miisoodoll\" \/>\n<meta property=\"article:modified_time\" content=\"2023-12-22T12:07:15+00:00\" \/>\n<meta name=\"twitter:card\" content=\"summary_large_image\" \/>\n<meta name=\"twitter:site\" content=\"@MiisooSexDolls\" \/>\n<meta name=\"twitter:label1\" content=\"Predpokladan\u00fd \u010das \u010d\u00edtania\" \/>\n\t<meta name=\"twitter:data1\" content=\"4 min\u00faty\" \/>\n<!-- \/ Yoast SEO Premium plugin. -->","yoast_head_json":{"title":"Explore Adult Content| Age 18+ Disclaimer | MiisooDoll","description":"Discover adult content responsibly with MiisooDoll's age 18+ disclaimer. Explore a world of intimate satisfaction while prioritizing legal and ethical guidelines.","robots":{"index":"index","follow":"follow","max-snippet":"max-snippet:-1","max-image-preview":"max-image-preview:large","max-video-preview":"max-video-preview:-1"},"canonical":"https:\/\/www.miisoo.com\/sk\/disclaimer-18\/","og_locale":"sk_SK","og_type":"article","og_title":"Disclaimer 18+","og_description":"Discover adult content responsibly with MiisooDoll's age 18+ disclaimer. Explore a world of intimate satisfaction while prioritizing legal and ethical guidelines.","og_url":"https:\/\/www.miisoo.com\/sk\/disclaimer-18\/","og_site_name":"MiisooDoll","article_publisher":"https:\/\/www.facebook.com\/miisoodoll","article_modified_time":"2023-12-22T12:07:15+00:00","twitter_card":"summary_large_image","twitter_site":"@MiisooSexDolls","twitter_misc":{"Predpokladan\u00fd \u010das \u010d\u00edtania":"4 min\u00faty"},"schema":{"@context":"https:\/\/schema.org","@graph":[{"@type":"WebPage","@id":"https:\/\/www.miisoo.com\/disclaimer-18\/","url":"https:\/\/www.miisoo.com\/disclaimer-18\/","name":"Explore Adult Content| Age 18+ Disclaimer | MiisooDoll","isPartOf":{"@id":"https:\/\/www.miisoo.com\/#website"},"datePublished":"2020-09-16T06:42:35+00:00","dateModified":"2023-12-22T12:07:15+00:00","description":"Discover adult content responsibly with MiisooDoll's age 18+ disclaimer. Explore a world of intimate satisfaction while prioritizing legal and ethical guidelines.","breadcrumb":{"@id":"https:\/\/www.miisoo.com\/disclaimer-18\/#breadcrumb"},"inLanguage":"sk-SK","potentialAction":[{"@type":"ReadAction","target":["https:\/\/www.miisoo.com\/disclaimer-18\/"]}]},{"@type":"BreadcrumbList","@id":"https:\/\/www.miisoo.com\/disclaimer-18\/#breadcrumb","itemListElement":[{"@type":"ListItem","position":1,"name":"Home","item":"https:\/\/www.miisoo.com\/"},{"@type":"ListItem","position":2,"name":"Disclaimer 18+"}]},{"@type":"WebSite","@id":"https:\/\/www.miisoo.com\/#website","url":"https:\/\/www.miisoo.com\/","name":"MiisooDoll","description":"Sexual Doll, Real Sex Dolls, Love Doll, Best Sex Dolls","publisher":{"@id":"https:\/\/www.miisoo.com\/#organization"},"potentialAction":[{"@type":"SearchAction","target":{"@type":"EntryPoint","urlTemplate":"https:\/\/www.miisoo.com\/?s={search_term_string}"},"query-input":"required name=search_term_string"}],"inLanguage":"sk-SK"},{"@type":"Organization","@id":"https:\/\/www.miisoo.com\/#organization","name":"MiisooDoll","url":"https:\/\/www.miisoo.com\/","logo":{"@type":"ImageObject","inLanguage":"sk-SK","@id":"https:\/\/www.miisoo.com\/#\/schema\/logo\/image\/","url":"https:\/\/www.miisoo.com\/wp-content\/uploads\/2020\/09\/logo-botton.png","contentUrl":"https:\/\/www.miisoo.com\/wp-content\/uploads\/2020\/09\/logo-botton.png","width":181,"height":42,"caption":"MiisooDoll"},"image":{"@id":"https:\/\/www.miisoo.com\/#\/schema\/logo\/image\/"},"sameAs":["https:\/\/www.facebook.com\/miisoodoll","https:\/\/x.com\/MiisooSexDolls"]}]}},"_links":{"self":[{"href":"https:\/\/www.miisoo.com\/sk\/wp-json\/wp\/v2\/pages\/4494","targetHints":{"allow":["GET"]}}],"collection":[{"href":"https:\/\/www.miisoo.com\/sk\/wp-json\/wp\/v2\/pages"}],"about":[{"href":"https:\/\/www.miisoo.com\/sk\/wp-json\/wp\/v2\/types\/page"}],"author":[{"embeddable":true,"href":"https:\/\/www.miisoo.com\/sk\/wp-json\/wp\/v2\/users\/455"}],"replies":[{"embeddable":true,"href":"https:\/\/www.miisoo.com\/sk\/wp-json\/wp\/v2\/comments?post=4494"}],"version-history":[{"count":1,"href":"https:\/\/www.miisoo.com\/sk\/wp-json\/wp\/v2\/pages\/4494\/revisions"}],"predecessor-version":[{"id":34670,"href":"https:\/\/www.miisoo.com\/sk\/wp-json\/wp\/v2\/pages\/4494\/revisions\/34670"}],"wp:attachment":[{"href":"https:\/\/www.miisoo.com\/sk\/wp-json\/wp\/v2\/media?parent=4494"}],"curies":[{"name":"wp","href":"https:\/\/api.w.org\/{rel}","templated":true}]}}