{"id":4354,"date":"2020-09-14T15:26:53","date_gmt":"2020-09-14T07:26:53","guid":{"rendered":"http:\/\/miisoo.com\/?page_id=4354"},"modified":"2023-12-22T20:13:49","modified_gmt":"2023-12-22T12:13:49","slug":"return-policy","status":"publish","type":"page","link":"https:\/\/www.miisoo.com\/sk\/return-policy\/","title":{"rendered":"Pravidl\u00e1 vr\u00e1tenia"},"content":{"rendered":"<div data-elementor-type=\"wp-page\" data-elementor-id=\"4354\" class=\"elementor elementor-4354\" data-elementor-post-type=\"page\">\n\t\t\t\t\t\t<section class=\"elementor-section elementor-top-section elementor-element elementor-element-c76458e elementor-section-boxed elementor-section-height-default elementor-section-height-default\" data-id=\"c76458e\" data-element_type=\"section\">\n\t\t\t\t\t\t<div class=\"elementor-container elementor-column-gap-default\">\n\t\t\t\t\t<div class=\"elementor-column elementor-col-25 elementor-top-column elementor-element elementor-element-8b5e8e1\" data-id=\"8b5e8e1\" data-element_type=\"column\">\n\t\t\t<div class=\"elementor-widget-wrap\">\n\t\t\t\t\t\t\t<\/div>\n\t\t<\/div>\n\t\t\t\t<div class=\"elementor-column elementor-col-50 elementor-top-column elementor-element elementor-element-5afa608\" data-id=\"5afa608\" data-element_type=\"column\">\n\t\t\t<div class=\"elementor-widget-wrap elementor-element-populated\">\n\t\t\t\t\t\t<div class=\"elementor-element elementor-element-1111958 elementor-widget elementor-widget-text-editor\" data-id=\"1111958\" data-element_type=\"widget\" data-widget_type=\"text-editor.default\">\n\t\t\t\t<div class=\"elementor-widget-container\">\n\t\t\t\t\t\t\t\t\t<p><strong>Z\u00e1ruka spokojnosti 100%<\/strong><\/p>\n<p>Garantujeme tie najlep\u0161ie produkty za najni\u017e\u0161ie ceny. Kv\u00f4li povahe sexu\u00e1lnej b\u00e1biky a kv\u00f4li personalizovan\u00fdm rozhodnutiam klienta t\u00fdkaj\u00facich sa b\u00e1biky, MIISOO uplat\u0148uje z\u00e1sadu, \u017ee vr\u00e1tenie nie je akceptovan\u00e9, pokia\u013e sa nevyskytne v\u00fdrobn\u00e1 chyba. Vr\u00e1tenie tovaru je povolen\u00e9 iba vtedy, ak ste dostali nespr\u00e1vnu polo\u017eku v d\u00f4sledku na\u0161ej chyby alebo ak ste dostali chybn\u00fa polo\u017eku. (platia \u0161tandardn\u00e9 v\u00fdrobn\u00e9 a expedi\u010dn\u00e9 \u010dasy). Prisp\u00f4soben\u00e9 mo\u017enosti pre vlasy, farbu o\u010d\u00ed b\u00e1biky alebo ak\u00e9ko\u013evek in\u00e9 ot\u00e1zky n\u00e1s kontaktujte na e-mailovej adrese service@miisoo.com.<\/p>\n<p>Va\u0161a b\u00e1bika je vyroben\u00e1 na mieru pr\u00e1ve pre v\u00e1s v na\u0161ej tov\u00e1rni so \u0161pecifick\u00fdmi mo\u017enos\u0165ami b\u00e1bik, ktor\u00e9 ste si vybrali. Preto\u017ee va\u0161a sexu\u00e1lna b\u00e1bika je produkt na mieru vytvoren\u00fd len pre v\u00e1s, po za\u010dat\u00ed v\u00fdroby va\u0161ej b\u00e1biky nemus\u00ed by\u0165 va\u0161a objedn\u00e1vka zru\u0161en\u00e1, ak to nie je hodnotn\u00e9.<\/p>\n<p>Ak z v\u00fdnimo\u010dn\u00fdch d\u00f4vodov pred\u00e1vaj\u00faci akceptuje zru\u0161enie po 24-hodinovej lehote na zru\u0161enie. Zru\u0161enie bude podlieha\u0165 poplatku Predajcu za op\u00e4tovn\u00e9 naskladnenie (\u201ePoplatok za op\u00e4tovn\u00e9 naskladnenie\u201c) vo v\u00fd\u0161ke dvadsa\u0165 percent (20,0%) z hodnoty objedn\u00e1vky Produktu. SRSD poskytne Kupuj\u00facemu vr\u00e1tenie zaplaten\u00fdch finan\u010dn\u00fdch prostriedkov m\u00ednus Poplatok za op\u00e4tovn\u00e9 naskladnenie p\u00f4vodn\u00fdm sp\u00f4sobom platby Kupuj\u00faceho a m\u00f4\u017eu sa \u00fa\u010dtova\u0165 \u010fal\u0161ie poplatky, ako s\u00fa poplatky za spracovanie a transakcie.<\/p>\n<p><strong>Nedoru\u010dite\u013en\u00e9 objedn\u00e1vky<\/strong><\/p>\n<p>Pri poskytovan\u00ed inform\u00e1ci\u00ed o doru\u010den\u00ed bu\u010fte opatrn\u00ed. Poskytnete presne to, ako bude vytla\u010den\u00fd v\u00e1\u0161 prepravn\u00fd \u0161t\u00edtok. Objedn\u00e1vky, ktor\u00e9 sa n\u00e1m vr\u00e1tia ako nedoru\u010dite\u013en\u00e9, bud\u00fa ma\u0165 za n\u00e1sledok poplatok za spracovanie 20% a nebude v\u00e1m vr\u00e1ten\u00e1 \u017eiadna n\u00e1hrada za dopravu. Kliknite sem a kontaktujte z\u00e1kazn\u00edcky servis.<\/p>\n<p><strong>POZOR:<\/strong>&nbsp;Z\u00e1kony o sexu\u00e1lnych hra\u010dk\u00e1ch diktuj\u00fa, \u017ee nem\u00f4\u017eeme akceptova\u0165 vr\u00e1tenie pou\u017eitej b\u00e1biky. Vezmite pros\u00edm na vedomie, \u017ee akon\u00e1hle budete ma\u0165 s b\u00e1bikou sex, vr\u00e1ti\u0165 ju z ak\u00e9hoko\u013evek d\u00f4vodu u\u017e nie je mo\u017en\u00e9. Vr\u00e1ten\u00e1 b\u00e1bika bude podroben\u00e1 or\u00e1lnej, vagin\u00e1lnej a an\u00e1lnej kontrole a testovaniu na sexu\u00e1lne tekutiny. Ak ste vr\u00e1tili b\u00e1biku s pozit\u00edvnym testom na sexu\u00e1lne tekutiny, b\u00e1bika bude zni\u010den\u00e1 a NEBUDE v\u00e1m vr\u00e1ten\u00e1 platba.<\/p>\n<p>Bohu\u017eia\u013e, polo\u017eky, ktor\u00e9 s\u00fa po\u0161koden\u00e9 nespr\u00e1vnym pou\u017e\u00edvan\u00edm, nie s\u00fa opr\u00e1vnen\u00e9 na vr\u00e1tenie alebo vr\u00e1tenie pe\u0148az\u00ed, bez oh\u013eadu na dobu, po\u010das ktorej bol produkt pou\u017e\u00edvan\u00fd. Sexu\u00e1lne b\u00e1biky nie s\u00fa nezni\u010dite\u013en\u00e9. Pri pou\u017e\u00edvan\u00ed a manipul\u00e1cii je potrebn\u00e9 dba\u0165 na opatrnos\u0165 a zdrav\u00fd rozum. Viac inform\u00e1ci\u00ed o starostlivosti a \u00fadr\u017ebe b\u00e1bik TPE n\u00e1jdete na tomto odkaze.<\/p>\n<p>Spokojnos\u0165 z\u00e1kazn\u00edka je pre n\u00e1s ve\u013emi d\u00f4le\u017eit\u00e1. Ak m\u00e1te ak\u00fdko\u013evek probl\u00e9m s va\u0161ou objedn\u00e1vkou, kontaktujte n\u00e1s a my urob\u00edme v\u0161etko pre to, aby sme probl\u00e9m okam\u017eite vyrie\u0161ili.<\/p>\t\t\t\t\t\t\t\t<\/div>\n\t\t\t\t<\/div>\n\t\t\t\t\t<\/div>\n\t\t<\/div>\n\t\t\t\t<div class=\"elementor-column elementor-col-25 elementor-top-column elementor-element elementor-element-df603f8\" data-id=\"df603f8\" data-element_type=\"column\">\n\t\t\t<div class=\"elementor-widget-wrap\">\n\t\t\t\t\t\t\t<\/div>\n\t\t<\/div>\n\t\t\t\t\t<\/div>\n\t\t<\/section>\n\t\t\t\t<\/div>","protected":false},"excerpt":{"rendered":"<p>100% Satisfaction Guarantee We guarantee the best products at the lowest prices. Because of the nature of the sex doll and because of the personalized choices of the client regarding the doll, MIISOO runs the policy that there is no return accepted unless there is a factory defect. Returns are granted only if you have&hellip;<\/p>","protected":false},"author":455,"featured_media":0,"parent":0,"menu_order":0,"comment_status":"closed","ping_status":"open","template":"","meta":{"footnotes":""},"class_list":["post-4354","page","type-page","status-publish","hentry"],"yoast_head":"<!-- This site is optimized with the Yoast SEO Premium plugin v22.6 (Yoast SEO v22.9) - https:\/\/yoast.com\/wordpress\/plugins\/seo\/ -->\n<title>Miisoo Return Policy | Miisoo Sex Dolls | MiisooDoll<\/title>\n<meta name=\"description\" content=\"Explore Miisoo&#039;s transparent return policy for sex dolls. Your satisfaction is our priority. Discover worry-free shopping with MiisooDoll. Shop confidently.\" \/>\n<meta name=\"robots\" content=\"index, follow, max-snippet:-1, max-image-preview:large, max-video-preview:-1\" \/>\n<link rel=\"canonical\" href=\"https:\/\/www.miisoo.com\/sk\/return-policy\/\" \/>\n<meta property=\"og:locale\" content=\"sk_SK\" \/>\n<meta property=\"og:type\" content=\"article\" \/>\n<meta property=\"og:title\" content=\"Return Policy\" \/>\n<meta property=\"og:description\" content=\"Explore Miisoo&#039;s transparent return policy for sex dolls. Your satisfaction is our priority. Discover worry-free shopping with MiisooDoll. Shop confidently.\" \/>\n<meta property=\"og:url\" content=\"https:\/\/www.miisoo.com\/sk\/return-policy\/\" \/>\n<meta property=\"og:site_name\" content=\"MiisooDoll\" \/>\n<meta property=\"article:publisher\" content=\"https:\/\/www.facebook.com\/miisoodoll\" \/>\n<meta property=\"article:modified_time\" content=\"2023-12-22T12:13:49+00:00\" \/>\n<meta name=\"twitter:card\" content=\"summary_large_image\" \/>\n<meta name=\"twitter:site\" content=\"@MiisooSexDolls\" \/>\n<meta name=\"twitter:label1\" content=\"Predpokladan\u00fd \u010das \u010d\u00edtania\" \/>\n\t<meta name=\"twitter:data1\" content=\"2 min\u00faty\" \/>\n<!-- \/ Yoast SEO Premium plugin. -->","yoast_head_json":{"title":"Miisoo Return Policy | Miisoo Sex Dolls | MiisooDoll","description":"Explore Miisoo's transparent return policy for sex dolls. Your satisfaction is our priority. Discover worry-free shopping with MiisooDoll. Shop confidently.","robots":{"index":"index","follow":"follow","max-snippet":"max-snippet:-1","max-image-preview":"max-image-preview:large","max-video-preview":"max-video-preview:-1"},"canonical":"https:\/\/www.miisoo.com\/sk\/return-policy\/","og_locale":"sk_SK","og_type":"article","og_title":"Return Policy","og_description":"Explore Miisoo's transparent return policy for sex dolls. Your satisfaction is our priority. Discover worry-free shopping with MiisooDoll. Shop confidently.","og_url":"https:\/\/www.miisoo.com\/sk\/return-policy\/","og_site_name":"MiisooDoll","article_publisher":"https:\/\/www.facebook.com\/miisoodoll","article_modified_time":"2023-12-22T12:13:49+00:00","twitter_card":"summary_large_image","twitter_site":"@MiisooSexDolls","twitter_misc":{"Predpokladan\u00fd \u010das \u010d\u00edtania":"2 min\u00faty"},"schema":{"@context":"https:\/\/schema.org","@graph":[{"@type":"WebPage","@id":"https:\/\/www.miisoo.com\/return-policy\/","url":"https:\/\/www.miisoo.com\/return-policy\/","name":"Miisoo Return Policy | Miisoo Sex Dolls | MiisooDoll","isPartOf":{"@id":"https:\/\/www.miisoo.com\/#website"},"datePublished":"2020-09-14T07:26:53+00:00","dateModified":"2023-12-22T12:13:49+00:00","description":"Explore Miisoo's transparent return policy for sex dolls. Your satisfaction is our priority. Discover worry-free shopping with MiisooDoll. Shop confidently.","breadcrumb":{"@id":"https:\/\/www.miisoo.com\/return-policy\/#breadcrumb"},"inLanguage":"sk-SK","potentialAction":[{"@type":"ReadAction","target":["https:\/\/www.miisoo.com\/return-policy\/"]}]},{"@type":"BreadcrumbList","@id":"https:\/\/www.miisoo.com\/return-policy\/#breadcrumb","itemListElement":[{"@type":"ListItem","position":1,"name":"Home","item":"https:\/\/www.miisoo.com\/"},{"@type":"ListItem","position":2,"name":"Return Policy"}]},{"@type":"WebSite","@id":"https:\/\/www.miisoo.com\/#website","url":"https:\/\/www.miisoo.com\/","name":"MiisooDoll","description":"Sexual Doll, Real Sex Dolls, Love Doll, Best Sex Dolls","publisher":{"@id":"https:\/\/www.miisoo.com\/#organization"},"potentialAction":[{"@type":"SearchAction","target":{"@type":"EntryPoint","urlTemplate":"https:\/\/www.miisoo.com\/?s={search_term_string}"},"query-input":"required name=search_term_string"}],"inLanguage":"sk-SK"},{"@type":"Organization","@id":"https:\/\/www.miisoo.com\/#organization","name":"MiisooDoll","url":"https:\/\/www.miisoo.com\/","logo":{"@type":"ImageObject","inLanguage":"sk-SK","@id":"https:\/\/www.miisoo.com\/#\/schema\/logo\/image\/","url":"https:\/\/www.miisoo.com\/wp-content\/uploads\/2020\/09\/logo-botton.png","contentUrl":"https:\/\/www.miisoo.com\/wp-content\/uploads\/2020\/09\/logo-botton.png","width":181,"height":42,"caption":"MiisooDoll"},"image":{"@id":"https:\/\/www.miisoo.com\/#\/schema\/logo\/image\/"},"sameAs":["https:\/\/www.facebook.com\/miisoodoll","https:\/\/x.com\/MiisooSexDolls"]}]}},"_links":{"self":[{"href":"https:\/\/www.miisoo.com\/sk\/wp-json\/wp\/v2\/pages\/4354","targetHints":{"allow":["GET"]}}],"collection":[{"href":"https:\/\/www.miisoo.com\/sk\/wp-json\/wp\/v2\/pages"}],"about":[{"href":"https:\/\/www.miisoo.com\/sk\/wp-json\/wp\/v2\/types\/page"}],"author":[{"embeddable":true,"href":"https:\/\/www.miisoo.com\/sk\/wp-json\/wp\/v2\/users\/455"}],"replies":[{"embeddable":true,"href":"https:\/\/www.miisoo.com\/sk\/wp-json\/wp\/v2\/comments?post=4354"}],"version-history":[{"count":1,"href":"https:\/\/www.miisoo.com\/sk\/wp-json\/wp\/v2\/pages\/4354\/revisions"}],"predecessor-version":[{"id":34672,"href":"https:\/\/www.miisoo.com\/sk\/wp-json\/wp\/v2\/pages\/4354\/revisions\/34672"}],"wp:attachment":[{"href":"https:\/\/www.miisoo.com\/sk\/wp-json\/wp\/v2\/media?parent=4354"}],"curies":[{"name":"wp","href":"https:\/\/api.w.org\/{rel}","templated":true}]}}