{"id":4339,"date":"2020-09-14T14:46:29","date_gmt":"2020-09-14T06:46:29","guid":{"rendered":"http:\/\/miisoo.com\/?page_id=4339"},"modified":"2023-12-22T20:20:26","modified_gmt":"2023-12-22T12:20:26","slug":"intelligent-pronunciation-heating-system","status":"publish","type":"page","link":"https:\/\/www.miisoo.com\/sk\/intelligent-pronunciation-heating-system\/","title":{"rendered":"Inteligentn\u00fd syst\u00e9m vykurovania v\u00fdslovnosti"},"content":{"rendered":"<div data-elementor-type=\"wp-post\" data-elementor-id=\"4339\" class=\"elementor elementor-4339\" data-elementor-post-type=\"page\">\n\t\t\t\t\t\t<section class=\"elementor-section elementor-top-section elementor-element elementor-element-499101e2 elementor-section-full_width elementor-section-stretched elementor-section-height-default elementor-section-height-default\" data-id=\"499101e2\" data-element_type=\"section\" data-settings=\"{&quot;stretch_section&quot;:&quot;section-stretched&quot;}\">\n\t\t\t\t\t\t<div class=\"elementor-container elementor-column-gap-no\">\n\t\t\t\t\t<div class=\"elementor-column elementor-col-100 elementor-top-column elementor-element elementor-element-3ca9cf60\" data-id=\"3ca9cf60\" data-element_type=\"column\">\n\t\t\t<div class=\"elementor-widget-wrap elementor-element-populated\">\n\t\t\t\t\t\t<div class=\"elementor-element elementor-element-54251667 elementor-widget elementor-widget-image\" data-id=\"54251667\" data-element_type=\"widget\" data-widget_type=\"image.default\">\n\t\t\t\t<div class=\"elementor-widget-container\">\n\t\t\t\t\t\t\t\t\t\t\t\t\t\t\t<img fetchpriority=\"high\" decoding=\"async\" width=\"1536\" height=\"480\" src=\"https:\/\/www.miisoo.com\/wp-content\/uploads\/2020\/12\/banner-sex-doll-1.jpg\" class=\"attachment-full size-full wp-image-7398\" alt=\"\" srcset=\"https:\/\/www.miisoo.com\/wp-content\/uploads\/2020\/12\/banner-sex-doll-1.jpg 1536w, https:\/\/www.miisoo.com\/wp-content\/uploads\/2020\/12\/banner-sex-doll-1-300x94.jpg 300w, https:\/\/www.miisoo.com\/wp-content\/uploads\/2020\/12\/banner-sex-doll-1-1024x320.jpg 1024w, https:\/\/www.miisoo.com\/wp-content\/uploads\/2020\/12\/banner-sex-doll-1-768x240.jpg 768w, https:\/\/www.miisoo.com\/wp-content\/uploads\/2020\/12\/banner-sex-doll-1-370x116.jpg 370w, https:\/\/www.miisoo.com\/wp-content\/uploads\/2020\/12\/banner-sex-doll-1-600x188.jpg 600w\" sizes=\"(max-width: 1536px) 100vw, 1536px\" \/>\t\t\t\t\t\t\t\t\t\t\t\t\t\t\t<\/div>\n\t\t\t\t<\/div>\n\t\t\t\t<div class=\"elementor-element elementor-element-a61e060 elementor-widget elementor-widget-spacer\" data-id=\"a61e060\" data-element_type=\"widget\" data-widget_type=\"spacer.default\">\n\t\t\t\t<div class=\"elementor-widget-container\">\n\t\t\t\t\t\t\t<div class=\"elementor-spacer\">\n\t\t\t<div class=\"elementor-spacer-inner\"><\/div>\n\t\t<\/div>\n\t\t\t\t\t\t<\/div>\n\t\t\t\t<\/div>\n\t\t\t\t\t<\/div>\n\t\t<\/div>\n\t\t\t\t\t<\/div>\n\t\t<\/section>\n\t\t\t\t<section class=\"elementor-section elementor-top-section elementor-element elementor-element-3ff6745a elementor-section-boxed elementor-section-height-default elementor-section-height-default\" data-id=\"3ff6745a\" data-element_type=\"section\">\n\t\t\t\t\t\t<div class=\"elementor-container elementor-column-gap-extended\">\n\t\t\t\t\t<div class=\"elementor-column elementor-col-33 elementor-top-column elementor-element elementor-element-5847672a\" data-id=\"5847672a\" data-element_type=\"column\">\n\t\t\t<div class=\"elementor-widget-wrap\">\n\t\t\t\t\t\t\t<\/div>\n\t\t<\/div>\n\t\t\t\t<div class=\"elementor-column elementor-col-33 elementor-top-column elementor-element elementor-element-31cd9c6a\" data-id=\"31cd9c6a\" data-element_type=\"column\">\n\t\t\t<div class=\"elementor-widget-wrap elementor-element-populated\">\n\t\t\t\t\t\t<div class=\"elementor-element elementor-element-4596bb93 elementor-widget elementor-widget-heading\" data-id=\"4596bb93\" data-element_type=\"widget\" data-widget_type=\"heading.default\">\n\t\t\t\t<div class=\"elementor-widget-container\">\n\t\t\t\t\t<h1 class=\"elementor-heading-title elementor-size-large\">Inteligentn\u00fd syst\u00e9m v\u00fdslovnosti a vyhrievania<\/h1>\t\t\t\t<\/div>\n\t\t\t\t<\/div>\n\t\t\t\t<div class=\"elementor-element elementor-element-24950485 elementor-widget elementor-widget-spacer\" data-id=\"24950485\" data-element_type=\"widget\" data-widget_type=\"spacer.default\">\n\t\t\t\t<div class=\"elementor-widget-container\">\n\t\t\t\t\t\t\t<div class=\"elementor-spacer\">\n\t\t\t<div class=\"elementor-spacer-inner\"><\/div>\n\t\t<\/div>\n\t\t\t\t\t\t<\/div>\n\t\t\t\t<\/div>\n\t\t\t\t<div class=\"elementor-element elementor-element-ac8375b elementor-widget elementor-widget-heading\" data-id=\"ac8375b\" data-element_type=\"widget\" data-widget_type=\"heading.default\">\n\t\t\t\t<div class=\"elementor-widget-container\">\n\t\t\t\t\t<h2 class=\"elementor-heading-title elementor-size-default\">Ak nie ste \u00faplne pripraven\u00ed na AI Sex Doll Robot \u2013 Smart Doll je ide\u00e1lnou vo\u013ebou. (Dotykov\u00e9 senzory Interactive Voice + Body Temperature Control) Inteligentn\u00e1 b\u00e1bika MIISOO je porovnate\u013en\u00e1 s akouko\u013evek kvalitnou sexu\u00e1lnou b\u00e1bikou TPE (ako b\u00e1bika WM), ale s funkciami, ktor\u00e9 in\u00e9 sexu\u00e1lne b\u00e1biky za rovnak\u00fa cenu nemaj\u00fa:<\/h2>\t\t\t\t<\/div>\n\t\t\t\t<\/div>\n\t\t\t\t<div class=\"elementor-element elementor-element-2362e4d6 elementor-widget elementor-widget-spacer\" data-id=\"2362e4d6\" data-element_type=\"widget\" data-widget_type=\"spacer.default\">\n\t\t\t\t<div class=\"elementor-widget-container\">\n\t\t\t\t\t\t\t<div class=\"elementor-spacer\">\n\t\t\t<div class=\"elementor-spacer-inner\"><\/div>\n\t\t<\/div>\n\t\t\t\t\t\t<\/div>\n\t\t\t\t<\/div>\n\t\t\t\t<div class=\"elementor-element elementor-element-d352fa4 elementor-widget elementor-widget-text-editor\" data-id=\"d352fa4\" data-element_type=\"widget\" data-widget_type=\"text-editor.default\">\n\t\t\t\t<div class=\"elementor-widget-container\">\n\t\t\t\t\t\t\t\t\t<h3><strong>Dotykov\u00e9 senzory pre vokaliz\u00e1ciu \u017eensk\u00e9ho orgazmu Sex Doll<\/strong><\/h3><p>Inteligentn\u00fd syst\u00e9m stonania s telesn\u00fdmi senzormi vr\u00e1tane a\u00a0<em>vagin\u00e1lny senzor<\/em>,<em>\u00a0\u013eav\u00fd sn\u00edma\u010d prsn\u00edka, prav\u00fd sn\u00edma\u010d prsn\u00edka<\/em>(vo vn\u00fatri s\u00fa \u010dipy na v\u00fdslovnos\u0165),\u00a0<strong>Ako pou\u017ei\u0165:\u00a0<\/strong>Zapnite inteligentn\u00fd syst\u00e9m stonania. ktor\u00fd reaguje na v\u00e1\u0161 dotyk vagin\u00e1lnym prsn\u00edkom erotick\u00fdm sexu\u00e1lnym stonan\u00edm \u2013 budete vedie\u0165, kedy ju pote\u0161\u00edte. Jej ve\u013emi sexu\u00e1lne a int\u00edmne hlasov\u00e9 reakcie v\u00e1m umo\u017enia vychutna\u0165 si dokonal\u00fd orgazmus. Ke\u010f sa toto tla\u010didlo nepou\u017e\u00edva, vypnite ho.<\/p>\t\t\t\t\t\t\t\t<\/div>\n\t\t\t\t<\/div>\n\t\t\t\t<div class=\"elementor-element elementor-element-7698c75 elementor-widget elementor-widget-text-editor\" data-id=\"7698c75\" data-element_type=\"widget\" data-widget_type=\"text-editor.default\">\n\t\t\t\t<div class=\"elementor-widget-container\">\n\t\t\t\t\t\t\t\t\t<h3><strong>Syst\u00e9m kontroly telesnej teploty pre sexu\u00e1lnu b\u00e1biku<\/strong><\/h3><p>Stla\u010den\u00edm tla\u010didla telesnej teploty + ovl\u00e1dacieho tla\u010didla zv\u00fd\u0161ite zariadenie na 90 stup\u0148ov, zodpovedaj\u00faca fyzick\u00e1 teplota b\u00e1biky m\u00f4\u017ee dosiahnu\u0165 45,0 \u00b0 C (b\u00e1bika bude hor\u00faca), odpor\u00fa\u010dame zv\u00fd\u0161i\u0165 teplotu zariadenia na 75 \u00b0 C, zodpovedaj\u00facu fyzickej teplote teplota b\u00e1biky asi 35, \u010do je bl\u00edzka norm\u00e1lnej teplote \u013eudsk\u00e9ho tela, Zahrejte fyzick\u00fa teplotu b\u00e1biky na norm\u00e1lnu telesn\u00fa teplotu 36,0 \u00b0 C - 40 \u00b0 C (teplota zariadenia ukazuje: 75,0 \u00b0 C - 90,0 \u00b0 C). Intimita s tepl\u00fdm telom prin\u00e1\u0161a z\u00e1\u017eitok na nov\u00fa \u00farove\u0148 realizmu a pohodlia \u2013 rovnako ako by\u0165 ved\u013ea skuto\u010dn\u00e9ho diev\u010da\u0165a.<\/p>\t\t\t\t\t\t\t\t<\/div>\n\t\t\t\t<\/div>\n\t\t\t\t<div class=\"elementor-element elementor-element-4c51eb7 elementor-widget elementor-widget-text-editor\" data-id=\"4c51eb7\" data-element_type=\"widget\" data-widget_type=\"text-editor.default\">\n\t\t\t\t<div class=\"elementor-widget-container\">\n\t\t\t\t\t\t\t\t\t<p>Najbe\u017enej\u0161ou implement\u00e1ciou je elektrick\u00e1 z\u00e1str\u010dka siahaj\u00faca zo zadnej \u010dasti krku alebo pod ruku. Pred pou\u017eit\u00edm pou\u017e\u00edvate\u013e jednoducho pripoj\u00ed svoju sexu\u00e1lnu b\u00e1biku na MAXIM\u00c1LNE 25 min\u00fat, aby sa sexu\u00e1lna b\u00e1bika zahriala.<\/p>\n<p>Pred odoslan\u00edm bal\u00edka t\u00fato funkciu nieko\u013ekokr\u00e1t testujeme. Pred preniknut\u00edm skontrolujte jej vn\u00fatorn\u00fa teplotu a nenech\u00e1vajte b\u00e1biku pripojen\u00fa k stene dlh\u0161ie ako odpor\u00fa\u010dan\u00fdch 25 min\u00fat. N\u00e1\u0161 in\u017einier pre b\u00e1biky navrhol funkciu preb\u00edjania, pri dosiahnut\u00ed ur\u010ditej teploty odpoj\u00ed elektrinu.<\/p>\t\t\t\t\t\t\t\t<\/div>\n\t\t\t\t<\/div>\n\t\t\t\t<div class=\"elementor-element elementor-element-147a326 elementor-widget elementor-widget-text-editor\" data-id=\"147a326\" data-element_type=\"widget\" data-widget_type=\"text-editor.default\">\n\t\t\t\t<div class=\"elementor-widget-container\">\n\t\t\t\t\t\t\t\t\t<p><strong>POZN\u00c1MKA:<\/strong>\u00a0Hoci n\u00e1\u0161 vykurovac\u00ed syst\u00e9m m\u00e1 funkciu preb\u00edjania, nezabudnite po pou\u017eit\u00ed b\u00e1biky vypn\u00fa\u0165 vyhrievanie cel\u00e9ho tela. Ak ho nech\u00e1te p\u00f4sobi\u0165 pr\u00edli\u0161 dlho, m\u00f4\u017ee d\u00f4js\u0165 k po\u0161kodeniu va\u0161ej b\u00e1biky. K\u00farenie je potrebn\u00e9 vypn\u00fa\u0165 ru\u010dne.<\/p>\t\t\t\t\t\t\t\t<\/div>\n\t\t\t\t<\/div>\n\t\t\t\t<div class=\"elementor-element elementor-element-5873c051 elementor-widget elementor-widget-spacer\" data-id=\"5873c051\" data-element_type=\"widget\" data-widget_type=\"spacer.default\">\n\t\t\t\t<div class=\"elementor-widget-container\">\n\t\t\t\t\t\t\t<div class=\"elementor-spacer\">\n\t\t\t<div class=\"elementor-spacer-inner\"><\/div>\n\t\t<\/div>\n\t\t\t\t\t\t<\/div>\n\t\t\t\t<\/div>\n\t\t\t\t\t<\/div>\n\t\t<\/div>\n\t\t\t\t<div class=\"elementor-column elementor-col-33 elementor-top-column elementor-element elementor-element-5e91253d\" data-id=\"5e91253d\" data-element_type=\"column\">\n\t\t\t<div class=\"elementor-widget-wrap\">\n\t\t\t\t\t\t\t<\/div>\n\t\t<\/div>\n\t\t\t\t\t<\/div>\n\t\t<\/section>\n\t\t\t\t<section class=\"elementor-section elementor-top-section elementor-element elementor-element-16c58fea elementor-section-boxed elementor-section-height-default elementor-section-height-default\" data-id=\"16c58fea\" data-element_type=\"section\">\n\t\t\t\t\t\t<div class=\"elementor-container elementor-column-gap-default\">\n\t\t\t\t\t<div class=\"elementor-column elementor-col-100 elementor-top-column elementor-element elementor-element-74ba8617\" data-id=\"74ba8617\" data-element_type=\"column\">\n\t\t\t<div class=\"elementor-widget-wrap elementor-element-populated\">\n\t\t\t\t\t\t<div class=\"elementor-element elementor-element-312fc24e elementor-widget elementor-widget-spacer\" data-id=\"312fc24e\" data-element_type=\"widget\" data-widget_type=\"spacer.default\">\n\t\t\t\t<div class=\"elementor-widget-container\">\n\t\t\t\t\t\t\t<div class=\"elementor-spacer\">\n\t\t\t<div class=\"elementor-spacer-inner\"><\/div>\n\t\t<\/div>\n\t\t\t\t\t\t<\/div>\n\t\t\t\t<\/div>\n\t\t\t\t\t<\/div>\n\t\t<\/div>\n\t\t\t\t\t<\/div>\n\t\t<\/section>\n\t\t\t\t<\/div>","protected":false},"excerpt":{"rendered":"<p>Intelligent Pronunciation &amp; Heating System If Not quite ready for an AI Sex Doll Robot \u2013 the Smart Doll is an ideal choice. (Touch sensors Interactive Voice + Body Temperature Control ) MIISOO Smart Doll is comparable to any high-quality TPE Sex Doll (like a WM Doll) but with features that other sex dolls do&hellip;<\/p>","protected":false},"author":455,"featured_media":0,"parent":0,"menu_order":0,"comment_status":"closed","ping_status":"closed","template":"template-full-width.php","meta":{"footnotes":""},"class_list":["post-4339","page","type-page","status-publish","hentry"],"yoast_head":"<!-- This site is optimized with the Yoast SEO Premium plugin v22.6 (Yoast SEO v22.9) - https:\/\/yoast.com\/wordpress\/plugins\/seo\/ -->\n<title>Intelligent Pronunciation Heating System - MiisooDoll<\/title>\n<meta name=\"description\" content=\"Achieve linguistic excellence with MiisooDoll&#039;s Pronunciation Heating System. Precision in every spoken word. Clear, concise, confident speech with MiisooDoll&#039;s\" \/>\n<meta name=\"robots\" content=\"index, follow, max-snippet:-1, max-image-preview:large, max-video-preview:-1\" \/>\n<link rel=\"canonical\" href=\"https:\/\/www.miisoo.com\/sk\/intelligent-pronunciation-heating-system\/\" \/>\n<meta property=\"og:locale\" content=\"sk_SK\" \/>\n<meta property=\"og:type\" content=\"article\" \/>\n<meta property=\"og:title\" content=\"Intelligent Pronunciation Heating System\" \/>\n<meta property=\"og:description\" content=\"Achieve linguistic excellence with MiisooDoll&#039;s Pronunciation Heating System. Precision in every spoken word. Clear, concise, confident speech with MiisooDoll&#039;s\" \/>\n<meta property=\"og:url\" content=\"https:\/\/www.miisoo.com\/sk\/intelligent-pronunciation-heating-system\/\" \/>\n<meta property=\"og:site_name\" content=\"MiisooDoll\" \/>\n<meta property=\"article:publisher\" content=\"https:\/\/www.facebook.com\/miisoodoll\" \/>\n<meta property=\"article:modified_time\" content=\"2023-12-22T12:20:26+00:00\" \/>\n<meta property=\"og:image\" content=\"https:\/\/www.miisoo.com\/wp-content\/uploads\/2020\/12\/banner-sex-doll-1.jpg\" \/>\n<meta name=\"twitter:card\" content=\"summary_large_image\" \/>\n<meta name=\"twitter:site\" content=\"@MiisooSexDolls\" \/>\n<meta name=\"twitter:label1\" content=\"Predpokladan\u00fd \u010das \u010d\u00edtania\" \/>\n\t<meta name=\"twitter:data1\" content=\"2 min\u00faty\" \/>\n<!-- \/ Yoast SEO Premium plugin. -->","yoast_head_json":{"title":"Intelligent Pronunciation Heating System - MiisooDoll","description":"Achieve linguistic excellence with MiisooDoll's Pronunciation Heating System. Precision in every spoken word. Clear, concise, confident speech with MiisooDoll's","robots":{"index":"index","follow":"follow","max-snippet":"max-snippet:-1","max-image-preview":"max-image-preview:large","max-video-preview":"max-video-preview:-1"},"canonical":"https:\/\/www.miisoo.com\/sk\/intelligent-pronunciation-heating-system\/","og_locale":"sk_SK","og_type":"article","og_title":"Intelligent Pronunciation Heating System","og_description":"Achieve linguistic excellence with MiisooDoll's Pronunciation Heating System. Precision in every spoken word. Clear, concise, confident speech with MiisooDoll's","og_url":"https:\/\/www.miisoo.com\/sk\/intelligent-pronunciation-heating-system\/","og_site_name":"MiisooDoll","article_publisher":"https:\/\/www.facebook.com\/miisoodoll","article_modified_time":"2023-12-22T12:20:26+00:00","og_image":[{"url":"https:\/\/www.miisoo.com\/wp-content\/uploads\/2020\/12\/banner-sex-doll-1.jpg"}],"twitter_card":"summary_large_image","twitter_site":"@MiisooSexDolls","twitter_misc":{"Predpokladan\u00fd \u010das \u010d\u00edtania":"2 min\u00faty"},"schema":{"@context":"https:\/\/schema.org","@graph":[{"@type":"WebPage","@id":"https:\/\/www.miisoo.com\/intelligent-pronunciation-heating-system\/","url":"https:\/\/www.miisoo.com\/intelligent-pronunciation-heating-system\/","name":"Intelligent Pronunciation Heating System - MiisooDoll","isPartOf":{"@id":"https:\/\/www.miisoo.com\/#website"},"primaryImageOfPage":{"@id":"https:\/\/www.miisoo.com\/intelligent-pronunciation-heating-system\/#primaryimage"},"image":{"@id":"https:\/\/www.miisoo.com\/intelligent-pronunciation-heating-system\/#primaryimage"},"thumbnailUrl":"https:\/\/www.miisoo.com\/wp-content\/uploads\/2020\/12\/banner-sex-doll-1.jpg","datePublished":"2020-09-14T06:46:29+00:00","dateModified":"2023-12-22T12:20:26+00:00","description":"Achieve linguistic excellence with MiisooDoll's Pronunciation Heating System. Precision in every spoken word. Clear, concise, confident speech with MiisooDoll's","breadcrumb":{"@id":"https:\/\/www.miisoo.com\/intelligent-pronunciation-heating-system\/#breadcrumb"},"inLanguage":"sk-SK","potentialAction":[{"@type":"ReadAction","target":["https:\/\/www.miisoo.com\/intelligent-pronunciation-heating-system\/"]}]},{"@type":"ImageObject","inLanguage":"sk-SK","@id":"https:\/\/www.miisoo.com\/intelligent-pronunciation-heating-system\/#primaryimage","url":"https:\/\/www.miisoo.com\/wp-content\/uploads\/2020\/12\/banner-sex-doll-1.jpg","contentUrl":"https:\/\/www.miisoo.com\/wp-content\/uploads\/2020\/12\/banner-sex-doll-1.jpg"},{"@type":"BreadcrumbList","@id":"https:\/\/www.miisoo.com\/intelligent-pronunciation-heating-system\/#breadcrumb","itemListElement":[{"@type":"ListItem","position":1,"name":"Home","item":"https:\/\/www.miisoo.com\/"},{"@type":"ListItem","position":2,"name":"Intelligent Pronunciation Heating System"}]},{"@type":"WebSite","@id":"https:\/\/www.miisoo.com\/#website","url":"https:\/\/www.miisoo.com\/","name":"MiisooDoll","description":"Sexual Doll, Real Sex Dolls, Love Doll, Best Sex Dolls","publisher":{"@id":"https:\/\/www.miisoo.com\/#organization"},"potentialAction":[{"@type":"SearchAction","target":{"@type":"EntryPoint","urlTemplate":"https:\/\/www.miisoo.com\/?s={search_term_string}"},"query-input":"required name=search_term_string"}],"inLanguage":"sk-SK"},{"@type":"Organization","@id":"https:\/\/www.miisoo.com\/#organization","name":"MiisooDoll","url":"https:\/\/www.miisoo.com\/","logo":{"@type":"ImageObject","inLanguage":"sk-SK","@id":"https:\/\/www.miisoo.com\/#\/schema\/logo\/image\/","url":"https:\/\/www.miisoo.com\/wp-content\/uploads\/2020\/09\/logo-botton.png","contentUrl":"https:\/\/www.miisoo.com\/wp-content\/uploads\/2020\/09\/logo-botton.png","width":181,"height":42,"caption":"MiisooDoll"},"image":{"@id":"https:\/\/www.miisoo.com\/#\/schema\/logo\/image\/"},"sameAs":["https:\/\/www.facebook.com\/miisoodoll","https:\/\/x.com\/MiisooSexDolls"]}]}},"_links":{"self":[{"href":"https:\/\/www.miisoo.com\/sk\/wp-json\/wp\/v2\/pages\/4339","targetHints":{"allow":["GET"]}}],"collection":[{"href":"https:\/\/www.miisoo.com\/sk\/wp-json\/wp\/v2\/pages"}],"about":[{"href":"https:\/\/www.miisoo.com\/sk\/wp-json\/wp\/v2\/types\/page"}],"author":[{"embeddable":true,"href":"https:\/\/www.miisoo.com\/sk\/wp-json\/wp\/v2\/users\/455"}],"replies":[{"embeddable":true,"href":"https:\/\/www.miisoo.com\/sk\/wp-json\/wp\/v2\/comments?post=4339"}],"version-history":[{"count":1,"href":"https:\/\/www.miisoo.com\/sk\/wp-json\/wp\/v2\/pages\/4339\/revisions"}],"predecessor-version":[{"id":34676,"href":"https:\/\/www.miisoo.com\/sk\/wp-json\/wp\/v2\/pages\/4339\/revisions\/34676"}],"wp:attachment":[{"href":"https:\/\/www.miisoo.com\/sk\/wp-json\/wp\/v2\/media?parent=4339"}],"curies":[{"name":"wp","href":"https:\/\/api.w.org\/{rel}","templated":true}]}}