{"id":4328,"date":"2020-09-14T11:57:34","date_gmt":"2020-09-14T03:57:34","guid":{"rendered":"http:\/\/miisoo.com\/?page_id=4328"},"modified":"2023-12-22T20:03:50","modified_gmt":"2023-12-22T12:03:50","slug":"buyers-protection-guarantee","status":"publish","type":"page","link":"https:\/\/www.miisoo.com\/sk\/buyers-protection-guarantee\/","title":{"rendered":"Z\u00e1ruka ochrany kupuj\u00facich"},"content":{"rendered":"<div data-elementor-type=\"wp-post\" data-elementor-id=\"4328\" class=\"elementor elementor-4328\" data-elementor-post-type=\"page\">\n\t\t\t\t\t\t<section class=\"elementor-section elementor-top-section elementor-element elementor-element-499101e2 elementor-section-full_width elementor-section-stretched elementor-section-height-default elementor-section-height-default\" data-id=\"499101e2\" data-element_type=\"section\" data-settings=\"{&quot;stretch_section&quot;:&quot;section-stretched&quot;}\">\n\t\t\t\t\t\t<div class=\"elementor-container elementor-column-gap-no\">\n\t\t\t\t\t<div class=\"elementor-column elementor-col-100 elementor-top-column elementor-element elementor-element-3ca9cf60\" data-id=\"3ca9cf60\" data-element_type=\"column\">\n\t\t\t<div class=\"elementor-widget-wrap elementor-element-populated\">\n\t\t\t\t\t\t<div class=\"elementor-element elementor-element-54251667 elementor-widget elementor-widget-image\" data-id=\"54251667\" data-element_type=\"widget\" data-widget_type=\"image.default\">\n\t\t\t\t<div class=\"elementor-widget-container\">\n\t\t\t\t\t\t\t\t\t\t\t\t\t\t\t<img fetchpriority=\"high\" decoding=\"async\" width=\"1536\" height=\"480\" src=\"https:\/\/www.miisoo.com\/wp-content\/uploads\/2020\/12\/banner-sex-doll-1.jpg\" class=\"attachment-full size-full wp-image-7398\" alt=\"\" srcset=\"https:\/\/www.miisoo.com\/wp-content\/uploads\/2020\/12\/banner-sex-doll-1.jpg 1536w, https:\/\/www.miisoo.com\/wp-content\/uploads\/2020\/12\/banner-sex-doll-1-300x94.jpg 300w, https:\/\/www.miisoo.com\/wp-content\/uploads\/2020\/12\/banner-sex-doll-1-1024x320.jpg 1024w, https:\/\/www.miisoo.com\/wp-content\/uploads\/2020\/12\/banner-sex-doll-1-768x240.jpg 768w, https:\/\/www.miisoo.com\/wp-content\/uploads\/2020\/12\/banner-sex-doll-1-370x116.jpg 370w, https:\/\/www.miisoo.com\/wp-content\/uploads\/2020\/12\/banner-sex-doll-1-600x188.jpg 600w\" sizes=\"(max-width: 1536px) 100vw, 1536px\" \/>\t\t\t\t\t\t\t\t\t\t\t\t\t\t\t<\/div>\n\t\t\t\t<\/div>\n\t\t\t\t<div class=\"elementor-element elementor-element-a61e060 elementor-widget elementor-widget-spacer\" data-id=\"a61e060\" data-element_type=\"widget\" data-widget_type=\"spacer.default\">\n\t\t\t\t<div class=\"elementor-widget-container\">\n\t\t\t\t\t\t\t<div class=\"elementor-spacer\">\n\t\t\t<div class=\"elementor-spacer-inner\"><\/div>\n\t\t<\/div>\n\t\t\t\t\t\t<\/div>\n\t\t\t\t<\/div>\n\t\t\t\t\t<\/div>\n\t\t<\/div>\n\t\t\t\t\t<\/div>\n\t\t<\/section>\n\t\t\t\t<section class=\"elementor-section elementor-top-section elementor-element elementor-element-3ff6745a elementor-section-boxed elementor-section-height-default elementor-section-height-default\" data-id=\"3ff6745a\" data-element_type=\"section\">\n\t\t\t\t\t\t<div class=\"elementor-container elementor-column-gap-extended\">\n\t\t\t\t\t<div class=\"elementor-column elementor-col-33 elementor-top-column elementor-element elementor-element-5847672a\" data-id=\"5847672a\" data-element_type=\"column\">\n\t\t\t<div class=\"elementor-widget-wrap\">\n\t\t\t\t\t\t\t<\/div>\n\t\t<\/div>\n\t\t\t\t<div class=\"elementor-column elementor-col-33 elementor-top-column elementor-element elementor-element-31cd9c6a\" data-id=\"31cd9c6a\" data-element_type=\"column\">\n\t\t\t<div class=\"elementor-widget-wrap elementor-element-populated\">\n\t\t\t\t\t\t<div class=\"elementor-element elementor-element-4596bb93 elementor-widget elementor-widget-heading\" data-id=\"4596bb93\" data-element_type=\"widget\" data-widget_type=\"heading.default\">\n\t\t\t\t<div class=\"elementor-widget-container\">\n\t\t\t\t\t<h1 class=\"elementor-heading-title elementor-size-default\">Z\u00e1ruka ochrany kupuj\u00facich<\/h1>\t\t\t\t<\/div>\n\t\t\t\t<\/div>\n\t\t\t\t<div class=\"elementor-element elementor-element-24950485 elementor-widget elementor-widget-spacer\" data-id=\"24950485\" data-element_type=\"widget\" data-widget_type=\"spacer.default\">\n\t\t\t\t<div class=\"elementor-widget-container\">\n\t\t\t\t\t\t\t<div class=\"elementor-spacer\">\n\t\t\t<div class=\"elementor-spacer-inner\"><\/div>\n\t\t<\/div>\n\t\t\t\t\t\t<\/div>\n\t\t\t\t<\/div>\n\t\t\t\t<div class=\"elementor-element elementor-element-ac8375b elementor-widget elementor-widget-heading\" data-id=\"ac8375b\" data-element_type=\"widget\" data-widget_type=\"heading.default\">\n\t\t\t\t<div class=\"elementor-widget-container\">\n\t\t\t\t\t<h2 class=\"elementor-heading-title elementor-size-default\">K\u00fapa sexu\u00e1lnej b\u00e1biky je ve\u013ek\u00fd z\u00e1v\u00e4zok. Ako vysokohodnotn\u00fd tovar ch\u00e1peme, \u017ee nejde len o sexu\u00e1lne hra\u010dky, ale o dlhodob\u00e9 invest\u00edcie.<\/h2>\t\t\t\t<\/div>\n\t\t\t\t<\/div>\n\t\t\t\t<div class=\"elementor-element elementor-element-2362e4d6 elementor-widget elementor-widget-spacer\" data-id=\"2362e4d6\" data-element_type=\"widget\" data-widget_type=\"spacer.default\">\n\t\t\t\t<div class=\"elementor-widget-container\">\n\t\t\t\t\t\t\t<div class=\"elementor-spacer\">\n\t\t\t<div class=\"elementor-spacer-inner\"><\/div>\n\t\t<\/div>\n\t\t\t\t\t\t<\/div>\n\t\t\t\t<\/div>\n\t\t\t\t<div class=\"elementor-element elementor-element-d352fa4 elementor-widget elementor-widget-text-editor\" data-id=\"d352fa4\" data-element_type=\"widget\" data-widget_type=\"text-editor.default\">\n\t\t\t\t<div class=\"elementor-widget-container\">\n\t\t\t\t\t\t\t\t\t<p>To je d\u00f4vod, pre\u010do ich podporujeme z\u00e1rukou ochrany kupuj\u00faceho BLSD, ktor\u00e1 chr\u00e1ni na\u0161ich z\u00e1kazn\u00edkov pred k\u00fapou \u010dohoko\u013evek in\u00e9ho ako tej najkvalitnej\u0161ej sexu\u00e1lnej b\u00e1biky v perfektnom stave. Ak sme sa pom\u00fdlili vo va\u0161ej objedn\u00e1vke alebo m\u00e1 v\u00fdrobok zna\u010dn\u00fa chybu, va\u0161u b\u00e1biku kompenzujeme, pom\u00f4\u017eeme v\u00e1m s opravou alebo pr\u00edpadne vymen\u00edme bezplatne, ak ide jednozna\u010dne o v\u00fdrobn\u00fa chybu.<\/p>\t\t\t\t\t\t\t\t<\/div>\n\t\t\t\t<\/div>\n\t\t\t\t<div class=\"elementor-element elementor-element-7539c4d elementor-widget elementor-widget-text-editor\" data-id=\"7539c4d\" data-element_type=\"widget\" data-widget_type=\"text-editor.default\">\n\t\t\t\t<div class=\"elementor-widget-container\">\n\t\t\t\t\t\t\t\t\t<p>V pr\u00edpade poruchy:<br \/>B\u00e1biku ihne\u010f po pr\u00edchode skontrolujte.<br \/>Ak si v\u0161imnete chybu na va\u0161om produkte alebo si v\u0161imnete, \u017ee b\u00e1bika sa v\u00fdrazne l\u00ed\u0161i od va\u0161ej objedn\u00e1vky. Nahl\u00e1ste n\u00e1m to s fotografiami a videami do 48 hod\u00edn od prijatia objedn\u00e1vky.\u00a0<br \/>Ak m\u00e1te pocit, \u017ee m\u00e1te n\u00e1rok na kompenz\u00e1ciu alebo v\u00fdmenu, nepou\u017e\u00edvajte svoju b\u00e1biku. Udr\u017eujte ho ako nov\u00fd a nepou\u017eit\u00fd, s krabicou a v\u0161etk\u00fdmi baliacimi materi\u00e1lmi. Ak je v\u00e1\u0161 produkt zjavne po\u0161koden\u00fd alebo chybn\u00fd a chyba poch\u00e1dza z v\u00fdrobn\u00e9ho procesu, doru\u010d\u00edme spr\u00e1vu do z\u00e1vodu a pok\u00fasime sa vyjedna\u0165 nov\u00fd.<\/p>\t\t\t\t\t\t\t\t<\/div>\n\t\t\t\t<\/div>\n\t\t\t\t<div class=\"elementor-element elementor-element-0708a5d elementor-widget elementor-widget-text-editor\" data-id=\"0708a5d\" data-element_type=\"widget\" data-widget_type=\"text-editor.default\">\n\t\t\t\t<div class=\"elementor-widget-container\">\n\t\t\t\t\t\t\t\t\t<p><strong>\u010co je dobr\u00e9 vedie\u0165 pred objedn\u00e1vkou:<\/strong><br \/>Sme jedn\u00fdm z najlep\u0161\u00edch v\u00fdrobcov sexu\u00e1lnych b\u00e1bik. V\u0161etky na\u0161e sexu\u00e1lne b\u00e1biky maj\u00fa certifik\u00e1t CE, ROHS, 6P, MSDS.<br \/>B\u00e1biky s\u00fa dod\u00e1van\u00e9 priamo z \u010c\u00edny, kde sa nach\u00e1dza na\u0161a tov\u00e1re\u0148. ale niekedy m\u00e1me nejak\u00e9 z\u00e1soby v americkej alebo eur\u00f3pskej krajine, potom dod\u00e1vame priamo z miestneho skladu<br \/>Sex Doll je produkt na mieru, ktor\u00fd je vytvoren\u00fd \u0161peci\u00e1lne pre v\u00e1s. Objedn\u00e1vky nie je mo\u017en\u00e9 z ak\u00e9hoko\u013evek d\u00f4vodu zru\u0161i\u0165.<br \/>Na\u0161i z\u00e1kazn\u00edci s\u00fa spokojn\u00ed. Ponorte sa do pr\u00edbehov na\u0161ich spokojn\u00fdch z\u00e1kazn\u00edkov tu<br \/>V\u017edy je tu niekto, kto odpovie na va\u0161e ot\u00e1zky 24 hod\u00edn denne, 7 dn\u00ed v t\u00fd\u017edni cez chat alebo e-mail.<\/p>\t\t\t\t\t\t\t\t<\/div>\n\t\t\t\t<\/div>\n\t\t\t\t<div class=\"elementor-element elementor-element-ae7dca5 elementor-widget elementor-widget-text-editor\" data-id=\"ae7dca5\" data-element_type=\"widget\" data-widget_type=\"text-editor.default\">\n\t\t\t\t<div class=\"elementor-widget-container\">\n\t\t\t\t\t\t\t\t\t<p>Spokojnos\u0165 z\u00e1kazn\u00edka je pre n\u00e1s ve\u013emi d\u00f4le\u017eit\u00e1. Ak m\u00e1te probl\u00e9m s objedn\u00e1vkou alebo produktom, kontaktujte n\u00e1s a my urob\u00edme v\u0161etko pre to, aby sme probl\u00e9m okam\u017eite vyrie\u0161ili.<br \/>Podpora: service@miisoo.com<\/p>\t\t\t\t\t\t\t\t<\/div>\n\t\t\t\t<\/div>\n\t\t\t\t<div class=\"elementor-element elementor-element-5873c051 elementor-widget elementor-widget-spacer\" data-id=\"5873c051\" data-element_type=\"widget\" data-widget_type=\"spacer.default\">\n\t\t\t\t<div class=\"elementor-widget-container\">\n\t\t\t\t\t\t\t<div class=\"elementor-spacer\">\n\t\t\t<div class=\"elementor-spacer-inner\"><\/div>\n\t\t<\/div>\n\t\t\t\t\t\t<\/div>\n\t\t\t\t<\/div>\n\t\t\t\t\t<\/div>\n\t\t<\/div>\n\t\t\t\t<div class=\"elementor-column elementor-col-33 elementor-top-column elementor-element elementor-element-5e91253d\" data-id=\"5e91253d\" data-element_type=\"column\">\n\t\t\t<div class=\"elementor-widget-wrap\">\n\t\t\t\t\t\t\t<\/div>\n\t\t<\/div>\n\t\t\t\t\t<\/div>\n\t\t<\/section>\n\t\t\t\t<section class=\"elementor-section elementor-top-section elementor-element elementor-element-16c58fea elementor-section-boxed elementor-section-height-default elementor-section-height-default\" data-id=\"16c58fea\" data-element_type=\"section\">\n\t\t\t\t\t\t<div class=\"elementor-container elementor-column-gap-default\">\n\t\t\t\t\t<div class=\"elementor-column elementor-col-100 elementor-top-column elementor-element elementor-element-74ba8617\" data-id=\"74ba8617\" data-element_type=\"column\">\n\t\t\t<div class=\"elementor-widget-wrap elementor-element-populated\">\n\t\t\t\t\t\t<div class=\"elementor-element elementor-element-312fc24e elementor-widget elementor-widget-spacer\" data-id=\"312fc24e\" data-element_type=\"widget\" data-widget_type=\"spacer.default\">\n\t\t\t\t<div class=\"elementor-widget-container\">\n\t\t\t\t\t\t\t<div class=\"elementor-spacer\">\n\t\t\t<div class=\"elementor-spacer-inner\"><\/div>\n\t\t<\/div>\n\t\t\t\t\t\t<\/div>\n\t\t\t\t<\/div>\n\t\t\t\t\t<\/div>\n\t\t<\/div>\n\t\t\t\t\t<\/div>\n\t\t<\/section>\n\t\t\t\t<\/div>","protected":false},"excerpt":{"rendered":"<p>Buyers Protection Guarantee Buying a sex doll is a big commitment. As a high-value item, we understand that these do not simply sex toys, these are longterm investments. That\u2019s why we back them up with BLSD Buyer Protection Guarantee which protects our customers from buying anything other than the very best quality sex doll in&hellip;<\/p>","protected":false},"author":455,"featured_media":0,"parent":0,"menu_order":0,"comment_status":"closed","ping_status":"closed","template":"template-full-width.php","meta":{"footnotes":""},"class_list":["post-4328","page","type-page","status-publish","hentry"],"yoast_head":"<!-- This site is optimized with the Yoast SEO Premium plugin v22.6 (Yoast SEO v22.9) - https:\/\/yoast.com\/wordpress\/plugins\/seo\/ -->\n<title>MiisooDoll Buyer&#039;s Protection | Secure Your Satisfaction<\/title>\n<meta name=\"description\" content=\"Experience peace of mind with MiisooDoll Buyer&#039;s Protection. Safeguard your satisfaction with our commitment to secure, reliable, and delightful purchases. Explore now.\" \/>\n<meta name=\"robots\" content=\"index, follow, max-snippet:-1, max-image-preview:large, max-video-preview:-1\" \/>\n<link rel=\"canonical\" href=\"https:\/\/www.miisoo.com\/sk\/buyers-protection-guarantee\/\" \/>\n<meta property=\"og:locale\" content=\"sk_SK\" \/>\n<meta property=\"og:type\" content=\"article\" \/>\n<meta property=\"og:title\" content=\"Buyers Protection Guarantee\" \/>\n<meta property=\"og:description\" content=\"Experience peace of mind with MiisooDoll Buyer&#039;s Protection. Safeguard your satisfaction with our commitment to secure, reliable, and delightful purchases. Explore now.\" \/>\n<meta property=\"og:url\" content=\"https:\/\/www.miisoo.com\/sk\/buyers-protection-guarantee\/\" \/>\n<meta property=\"og:site_name\" content=\"MiisooDoll\" \/>\n<meta property=\"article:publisher\" content=\"https:\/\/www.facebook.com\/miisoodoll\" \/>\n<meta property=\"article:modified_time\" content=\"2023-12-22T12:03:50+00:00\" \/>\n<meta property=\"og:image\" content=\"https:\/\/www.miisoo.com\/wp-content\/uploads\/2020\/12\/banner-sex-doll-1.jpg\" \/>\n<meta name=\"twitter:card\" content=\"summary_large_image\" \/>\n<meta name=\"twitter:site\" content=\"@MiisooSexDolls\" \/>\n<meta name=\"twitter:label1\" content=\"Predpokladan\u00fd \u010das \u010d\u00edtania\" \/>\n\t<meta name=\"twitter:data1\" content=\"2 min\u00faty\" \/>\n<!-- \/ Yoast SEO Premium plugin. -->","yoast_head_json":{"title":"MiisooDoll Buyer's Protection | Secure Your Satisfaction","description":"Experience peace of mind with MiisooDoll Buyer's Protection. Safeguard your satisfaction with our commitment to secure, reliable, and delightful purchases. Explore now.","robots":{"index":"index","follow":"follow","max-snippet":"max-snippet:-1","max-image-preview":"max-image-preview:large","max-video-preview":"max-video-preview:-1"},"canonical":"https:\/\/www.miisoo.com\/sk\/buyers-protection-guarantee\/","og_locale":"sk_SK","og_type":"article","og_title":"Buyers Protection Guarantee","og_description":"Experience peace of mind with MiisooDoll Buyer's Protection. Safeguard your satisfaction with our commitment to secure, reliable, and delightful purchases. Explore now.","og_url":"https:\/\/www.miisoo.com\/sk\/buyers-protection-guarantee\/","og_site_name":"MiisooDoll","article_publisher":"https:\/\/www.facebook.com\/miisoodoll","article_modified_time":"2023-12-22T12:03:50+00:00","og_image":[{"url":"https:\/\/www.miisoo.com\/wp-content\/uploads\/2020\/12\/banner-sex-doll-1.jpg"}],"twitter_card":"summary_large_image","twitter_site":"@MiisooSexDolls","twitter_misc":{"Predpokladan\u00fd \u010das \u010d\u00edtania":"2 min\u00faty"},"schema":{"@context":"https:\/\/schema.org","@graph":[{"@type":"WebPage","@id":"https:\/\/www.miisoo.com\/buyers-protection-guarantee\/","url":"https:\/\/www.miisoo.com\/buyers-protection-guarantee\/","name":"MiisooDoll Buyer's Protection | Secure Your Satisfaction","isPartOf":{"@id":"https:\/\/www.miisoo.com\/#website"},"primaryImageOfPage":{"@id":"https:\/\/www.miisoo.com\/buyers-protection-guarantee\/#primaryimage"},"image":{"@id":"https:\/\/www.miisoo.com\/buyers-protection-guarantee\/#primaryimage"},"thumbnailUrl":"https:\/\/www.miisoo.com\/wp-content\/uploads\/2020\/12\/banner-sex-doll-1.jpg","datePublished":"2020-09-14T03:57:34+00:00","dateModified":"2023-12-22T12:03:50+00:00","description":"Experience peace of mind with MiisooDoll Buyer's Protection. Safeguard your satisfaction with our commitment to secure, reliable, and delightful purchases. Explore now.","breadcrumb":{"@id":"https:\/\/www.miisoo.com\/buyers-protection-guarantee\/#breadcrumb"},"inLanguage":"sk-SK","potentialAction":[{"@type":"ReadAction","target":["https:\/\/www.miisoo.com\/buyers-protection-guarantee\/"]}]},{"@type":"ImageObject","inLanguage":"sk-SK","@id":"https:\/\/www.miisoo.com\/buyers-protection-guarantee\/#primaryimage","url":"https:\/\/www.miisoo.com\/wp-content\/uploads\/2020\/12\/banner-sex-doll-1.jpg","contentUrl":"https:\/\/www.miisoo.com\/wp-content\/uploads\/2020\/12\/banner-sex-doll-1.jpg"},{"@type":"BreadcrumbList","@id":"https:\/\/www.miisoo.com\/buyers-protection-guarantee\/#breadcrumb","itemListElement":[{"@type":"ListItem","position":1,"name":"Home","item":"https:\/\/www.miisoo.com\/"},{"@type":"ListItem","position":2,"name":"Buyers Protection Guarantee"}]},{"@type":"WebSite","@id":"https:\/\/www.miisoo.com\/#website","url":"https:\/\/www.miisoo.com\/","name":"MiisooDoll","description":"Sexual Doll, Real Sex Dolls, Love Doll, Best Sex Dolls","publisher":{"@id":"https:\/\/www.miisoo.com\/#organization"},"potentialAction":[{"@type":"SearchAction","target":{"@type":"EntryPoint","urlTemplate":"https:\/\/www.miisoo.com\/?s={search_term_string}"},"query-input":"required name=search_term_string"}],"inLanguage":"sk-SK"},{"@type":"Organization","@id":"https:\/\/www.miisoo.com\/#organization","name":"MiisooDoll","url":"https:\/\/www.miisoo.com\/","logo":{"@type":"ImageObject","inLanguage":"sk-SK","@id":"https:\/\/www.miisoo.com\/#\/schema\/logo\/image\/","url":"https:\/\/www.miisoo.com\/wp-content\/uploads\/2020\/09\/logo-botton.png","contentUrl":"https:\/\/www.miisoo.com\/wp-content\/uploads\/2020\/09\/logo-botton.png","width":181,"height":42,"caption":"MiisooDoll"},"image":{"@id":"https:\/\/www.miisoo.com\/#\/schema\/logo\/image\/"},"sameAs":["https:\/\/www.facebook.com\/miisoodoll","https:\/\/x.com\/MiisooSexDolls"]}]}},"_links":{"self":[{"href":"https:\/\/www.miisoo.com\/sk\/wp-json\/wp\/v2\/pages\/4328","targetHints":{"allow":["GET"]}}],"collection":[{"href":"https:\/\/www.miisoo.com\/sk\/wp-json\/wp\/v2\/pages"}],"about":[{"href":"https:\/\/www.miisoo.com\/sk\/wp-json\/wp\/v2\/types\/page"}],"author":[{"embeddable":true,"href":"https:\/\/www.miisoo.com\/sk\/wp-json\/wp\/v2\/users\/455"}],"replies":[{"embeddable":true,"href":"https:\/\/www.miisoo.com\/sk\/wp-json\/wp\/v2\/comments?post=4328"}],"version-history":[{"count":1,"href":"https:\/\/www.miisoo.com\/sk\/wp-json\/wp\/v2\/pages\/4328\/revisions"}],"predecessor-version":[{"id":34668,"href":"https:\/\/www.miisoo.com\/sk\/wp-json\/wp\/v2\/pages\/4328\/revisions\/34668"}],"wp:attachment":[{"href":"https:\/\/www.miisoo.com\/sk\/wp-json\/wp\/v2\/media?parent=4328"}],"curies":[{"name":"wp","href":"https:\/\/api.w.org\/{rel}","templated":true}]}}