{"id":3,"date":"2020-09-05T13:19:56","date_gmt":"2020-09-05T13:19:56","guid":{"rendered":"http:\/\/miisoo.com\/?page_id=3"},"modified":"2023-12-22T20:16:22","modified_gmt":"2023-12-22T12:16:22","slug":"privacy-policy","status":"publish","type":"page","link":"https:\/\/www.miisoo.com\/sk\/privacy-policy\/","title":{"rendered":"Z\u00e1sady ochrany osobn\u00fdch \u00fadajov"},"content":{"rendered":"<div data-elementor-type=\"wp-page\" data-elementor-id=\"3\" class=\"elementor elementor-3\" data-elementor-post-type=\"page\">\n\t\t\t\t\t\t<section class=\"elementor-section elementor-top-section elementor-element elementor-element-c76458e elementor-section-boxed elementor-section-height-default elementor-section-height-default\" data-id=\"c76458e\" data-element_type=\"section\">\n\t\t\t\t\t\t<div class=\"elementor-container elementor-column-gap-default\">\n\t\t\t\t\t<div class=\"elementor-column elementor-col-25 elementor-top-column elementor-element elementor-element-8b5e8e1\" data-id=\"8b5e8e1\" data-element_type=\"column\">\n\t\t\t<div class=\"elementor-widget-wrap\">\n\t\t\t\t\t\t\t<\/div>\n\t\t<\/div>\n\t\t\t\t<div class=\"elementor-column elementor-col-50 elementor-top-column elementor-element elementor-element-5afa608\" data-id=\"5afa608\" data-element_type=\"column\">\n\t\t\t<div class=\"elementor-widget-wrap elementor-element-populated\">\n\t\t\t\t\t\t<div class=\"elementor-element elementor-element-1111958 elementor-widget elementor-widget-text-editor\" data-id=\"1111958\" data-element_type=\"widget\" data-widget_type=\"text-editor.default\">\n\t\t\t\t<div class=\"elementor-widget-container\">\n\t\t\t\t\t\t\t\t\t<p>MIISOO je v\u00fdhradn\u00fdm vlastn\u00edkom inform\u00e1ci\u00ed, ktor\u00e9 zhroma\u017e\u010fujeme na tejto str\u00e1nke, nepred\u00e1vame, neprenaj\u00edmame ani nezdie\u013eame tieto inform\u00e1cie so \u017eiadnou inou spolo\u010dnos\u0165ou za \u00fa\u010delom marketingu. Vieme, \u017ee v\u00e1m z\u00e1le\u017e\u00ed na tom, ako sa pou\u017e\u00edvaj\u00fa a zdie\u013eaj\u00fa va\u0161e osobn\u00e9 \u00fadaje, a v\u00e1\u017eime si va\u0161u d\u00f4veru v n\u00e1s. S va\u0161imi osobn\u00fdmi \u00fadajmi zaobch\u00e1dzame s najvy\u0161\u0161\u00edmi \u0161tandardmi bezpe\u010dnosti, ochrany a d\u00f4vernosti.<\/p>\n<p><strong>Ot\u00e1zka: Ob\u00e1vam sa o svoje s\u00fakromie. Ako m\u00f4\u017eete chr\u00e1ni\u0165 moju d\u00f4vernos\u0165?<\/strong><\/p>\n<p>Odpove\u010f: Ve\u013emi n\u00e1s znepokojuje elektronick\u00e9 s\u00fakromie, ke\u010f\u017ee sme internetov\u00fd podnik. Chr\u00e1nime va\u0161e s\u00fakromie, d\u00f4vernos\u0165 a osobn\u00e9 \u00fadaje prostredn\u00edctvom procesu objedn\u00e1vania a plnenia. Va\u0161e \u00fadaje neuklad\u00e1me v po\u010d\u00edta\u010di na na\u0161ej strane, \u010do znamen\u00e1, \u017ee neexistuje sp\u00f4sob, ako pou\u017ei\u0165 va\u0161e osobn\u00e9 \u00fadaje proti v\u00e1m alebo ich odcudzi\u0165 na str\u00e1nke tretej strany. Va\u0161e s\u00fakromie chr\u00e1nime aj \u0161kolen\u00edm na\u0161ich predajcov, aby boli n\u00e1pomocn\u00ed a hlavne diskr\u00e9tni. Na\u0161i administrat\u00edvni pracovn\u00edci nebud\u00fa s nik\u00fdm diskutova\u0165 o v\u00e1s ani o va\u0161om biznise. M\u00f4\u017eete si by\u0165 ist\u00ed, \u017ee okam\u017eite zabudneme na v\u0161etko, \u010do sa na v\u00e1s nahromad\u00ed. Tak\u00e9to inform\u00e1cie neuchov\u00e1vame, tak\u017ee sa nemus\u00edte ob\u00e1va\u0165.<\/p>\n<p>V\u0161etci na\u0161i predajcovia s\u00fa ru\u010dne vyberan\u00ed a ru\u010dne vy\u0161kolen\u00ed, aby sa uistili, \u017ee rozumej\u00fa tomu, ako zachova\u0165 d\u00f4vernos\u0165 klienta. \u017diadny zamestnanec, ktor\u00fd poru\u0161\u00ed tieto pravidl\u00e1 d\u00f4vernosti, nesmie zosta\u0165. Na\u0161i pracovn\u00edci tie\u017e medzi sebou nerozoberaj\u00fa klientov ani ich n\u00e1kupy. U\u010d\u00edme ich, \u017ee tento typ ne\u010dinn\u00fdch klebiet jednoducho nie je nie\u010do, \u010do je u\u017eito\u010dn\u00e9 alebo u\u017eito\u010dn\u00e9, tak\u017ee najlep\u0161\u00ed sp\u00f4sob, ako sa s t\u00fdm vysporiada\u0165, je jednoducho to nerobi\u0165. Nem\u00f4\u017eete si plne u\u017ei\u0165 svoj n\u00e1kup, ak sa ob\u00e1vate, \u017ee va\u0161e osobn\u00e9 podnikanie bude odhalen\u00e9.<\/p>\n<p>V\u00e1\u0161 n\u00e1kup sexu\u00e1lnej b\u00e1biky zostane \u00faplne utajen\u00fd, pokia\u013e k tomu budeme ma\u0165 \u010do poveda\u0165. Zachov\u00e1me va\u0161e s\u00fakromie od za\u010diatku do konca a v tomto bode sa nikdy nevzd\u00e1me. Ke\u010f viete, \u017ee va\u0161e s\u00fakromie je chr\u00e1nen\u00e9, m\u00f4\u017eete si sadn\u00fa\u0165, relaxova\u0165 a u\u017e\u00edva\u0165 si to, \u010do ste si k\u00fapili. \u010c\u00edm uvo\u013enenej\u0161\u00ed budete, t\u00fdm viac sa budete bavi\u0165 a \u010d\u00edm viac z\u00e1bavy budete ma\u0165, t\u00fdm lep\u0161ie sme odviedli svoju pr\u00e1cu. Ned\u00e1me pokoj, k\u00fdm nebudeme vedie\u0165, \u017ee ste spokojn\u00ed. Va\u0161a spokojnos\u0165 a va\u0161e sk\u00fasenosti so sexu\u00e1lnou b\u00e1bikou s\u00fa pre n\u00e1s nesmierne d\u00f4le\u017eit\u00e9.<\/p>\n<h3>Ak\u00e9 inform\u00e1cie zhroma\u017e\u010fujeme?<\/h3>\n<p>Zhroma\u017e\u010fujeme od v\u00e1s inform\u00e1cie, ke\u010f sa zaregistrujete na na\u0161ej str\u00e1nke, zad\u00e1te objedn\u00e1vku alebo sa prihl\u00e1site na odber n\u00e1\u0161ho newslettera.<\/p>\n<p>Pri objedn\u00e1vke alebo registr\u00e1cii na na\u0161ej str\u00e1nke m\u00f4\u017eete by\u0165 po\u017eiadan\u00ed, aby ste zadali svoje: meno, e-mailov\u00fa adresu, po\u0161tov\u00fa adresu alebo telef\u00f3nne \u010d\u00edslo. Na\u0161u str\u00e1nku v\u0161ak m\u00f4\u017eete nav\u0161t\u00edvi\u0165 anonymne.<\/p>\n<h3>Na \u010do pou\u017e\u00edvame va\u0161e inform\u00e1cie?<\/h3>\n<p>Ak\u00e9ko\u013evek inform\u00e1cie, ktor\u00e9 od v\u00e1s zhroma\u017e\u010fujeme, m\u00f4\u017eu by\u0165 pou\u017eit\u00e9 jedn\u00fdm z nasleduj\u00facich sp\u00f4sobov:<\/p>\n<p>Ak chcete prisp\u00f4sobi\u0165 svoje sk\u00fasenosti:<br>(va\u0161e inform\u00e1cie n\u00e1m pom\u00e1haj\u00fa lep\u0161ie reagova\u0165 na va\u0161e individu\u00e1lne potreby)<\/p>\n<p>Na spracovanie transakci\u00ed:<br>Va\u0161e inform\u00e1cie, \u010di u\u017e verejn\u00e9 alebo s\u00fakromn\u00e9, nebud\u00fa predan\u00e9, vymenen\u00e9, prenesen\u00e9 ani poskytnut\u00e9 \u017eiadnej inej spolo\u010dnosti bez v\u00e1\u0161ho s\u00fahlasu z ak\u00e9hoko\u013evek d\u00f4vodu, okrem v\u00fdslovn\u00e9ho \u00fa\u010delu dodania zak\u00fapen\u00e9ho produktu alebo po\u017eadovanej slu\u017eby.<\/p>\n<p>Ak chcete posiela\u0165 pravideln\u00e9 e-maily:<br>E-mailov\u00e1 adresa, ktor\u00fa uvediete na spracovanie objedn\u00e1vky, m\u00f4\u017ee by\u0165 pou\u017eit\u00e1 na zasielanie inform\u00e1ci\u00ed a aktualiz\u00e1ci\u00ed t\u00fdkaj\u00facich sa va\u0161ej objedn\u00e1vky. Okrem pr\u00edle\u017eitostn\u00fdch inform\u00e1ci\u00ed o spolo\u010dnostiach, aktualiz\u00e1ci\u00e1ch, s\u00favisiacich produktoch alebo slu\u017eb\u00e1ch at\u010f.<br>Pozn\u00e1mka: Ak sa budete chcie\u0165 kedyko\u013evek odhl\u00e1si\u0165 z prij\u00edmania bud\u00facich e-mailov, v spodnej \u010dasti ka\u017ed\u00e9ho e-mailu uv\u00e1dzame podrobn\u00e9 pokyny na zru\u0161enie odberu.<\/p>\n<h3 class=\"m_top\">Ako chr\u00e1nime va\u0161e inform\u00e1cie?<\/h3>\n<p class=\"m_bottom\">Zav\u00e1dzame r\u00f4zne bezpe\u010dnostn\u00e9 opatrenia, aby sme zachovali bezpe\u010dnos\u0165 va\u0161ich osobn\u00fdch \u00fadajov, ke\u010f zad\u00e1vate objedn\u00e1vku alebo zad\u00e1vate, odosielate alebo pristupujete k va\u0161im osobn\u00fdm \u00fadajom.<br>Pon\u00fakame pou\u017eitie zabezpe\u010den\u00e9ho servera. V\u0161etky poskytnut\u00e9 citliv\u00e9\/kreditn\u00e9 inform\u00e1cie sa pren\u00e1\u0161aj\u00fa prostredn\u00edctvom technol\u00f3gie Secure Socket Layer (SSL) a n\u00e1sledne sa za\u0161ifruj\u00fa do na\u0161ej datab\u00e1zy poskytovate\u013eov platobn\u00fdch br\u00e1n, aby k nim mali pr\u00edstup iba osoby opr\u00e1vnen\u00e9 so \u0161peci\u00e1lnymi pr\u00edstupov\u00fdmi pr\u00e1vami do tak\u00fdchto syst\u00e9mov a s\u00fa povinn\u00e9 uchov\u00e1va\u0165 inform\u00e1cie v tajnosti.<br>Po transakcii nebud\u00fa va\u0161e s\u00fakromn\u00e9 inform\u00e1cie (kreditn\u00e9 karty, rodn\u00e9 \u010d\u00edsla, financie at\u010f.) ulo\u017een\u00e9 na na\u0161ich serveroch.<\/p>\n<h3>Pou\u017e\u00edvame cookies?<\/h3>\n<p>es. S\u00fabory cookie s\u00fa mal\u00e9 s\u00fabory, ktor\u00e9 str\u00e1nka alebo jej poskytovate\u013e slu\u017eieb prenesie na pevn\u00fd disk v\u00e1\u0161ho po\u010d\u00edta\u010da prostredn\u00edctvom webov\u00e9ho prehliada\u010da (ak to povol\u00edte), \u010do umo\u017e\u0148uje str\u00e1nkam alebo syst\u00e9mom poskytovate\u013eov slu\u017eieb rozpozna\u0165 v\u00e1\u0161 prehliada\u010d a zachyti\u0165 a zapam\u00e4ta\u0165 si ur\u010dit\u00e9 inform\u00e1cie Pou\u017e\u00edvame s\u00fabory cookie, ktor\u00e9 n\u00e1m pom\u00e1haj\u00fa zapam\u00e4tajte si a spracujte polo\u017eky vo va\u0161om n\u00e1kupnom ko\u0161\u00edku, pochopte a ulo\u017ete svoje preferencie pre bud\u00face n\u00e1v\u0161tevy, sledujte reklamy a zostavujte s\u00fahrnn\u00e9 \u00fadaje o n\u00e1v\u0161tevnosti str\u00e1nky a interakcii so str\u00e1nkou, aby sme v\u00e1m mohli v bud\u00facnosti pon\u00faknu\u0165 lep\u0161ie sk\u00fasenosti a n\u00e1stroje na str\u00e1nke.<\/p>\n<h3>Zverej\u0148ujeme nejak\u00e9 inform\u00e1cie vonkaj\u0161\u00edm stran\u00e1m?<\/h3>\n<p>Va\u0161e osobn\u00e9 \u00fadaje nepred\u00e1vame, neobchodujeme s nimi ani ich inak neprev\u00e1dzame tret\u00edm stran\u00e1m. To nezah\u0155\u0148a d\u00f4veryhodn\u00e9 tretie strany, ktor\u00e9 n\u00e1m pom\u00e1haj\u00fa pri prev\u00e1dzke na\u0161ej webovej str\u00e1nky, pri vykon\u00e1van\u00ed na\u0161ej \u010dinnosti alebo pri poskytovan\u00ed slu\u017eieb v\u00e1m, pokia\u013e tieto strany s\u00fahlasia s t\u00fdm, \u017ee bud\u00fa tieto inform\u00e1cie zachov\u00e1va\u0165 v tajnosti. M\u00f4\u017eeme tie\u017e zverejni\u0165 va\u0161e inform\u00e1cie, ke\u010f sa domnievame, \u017ee zverejnenie je vhodn\u00e9 na dosiahnutie s\u00faladu so z\u00e1konom, presadzovania z\u00e1sad na\u0161ej lokality alebo ochrany na\u0161ich alebo in\u00fdch pr\u00e1v, majetku alebo bezpe\u010dnosti. Inform\u00e1cie o n\u00e1v\u0161tevn\u00edkoch, ktor\u00e9 nie s\u00fa osobne identifikovate\u013en\u00e9, v\u0161ak m\u00f4\u017eu by\u0165 poskytnut\u00e9 in\u00fdm stran\u00e1m na marketingov\u00e9, reklamn\u00e9 alebo in\u00e9 \u00fa\u010dely.<\/p>\n<h3>Odkazy tret\u00edch str\u00e1n<\/h3>\n<p>Pr\u00edle\u017eitostne m\u00f4\u017eeme pod\u013ea vlastn\u00e9ho uv\u00e1\u017eenia zahrn\u00fa\u0165 alebo pon\u00faknu\u0165 produkty alebo slu\u017eby tret\u00edch str\u00e1n na na\u0161ej webovej str\u00e1nke. Tieto str\u00e1nky tret\u00edch str\u00e1n maj\u00fa samostatn\u00e9 a nez\u00e1visl\u00e9 z\u00e1sady ochrany osobn\u00fdch \u00fadajov. preto nenesieme \u017eiadnu zodpovednos\u0165 za obsah a aktivity t\u00fdchto prepojen\u00fdch str\u00e1nok. Napriek tomu sa sna\u017e\u00edme chr\u00e1ni\u0165 integritu na\u0161ej str\u00e1nky a v\u00edtame ak\u00fako\u013evek sp\u00e4tn\u00fa v\u00e4zbu o t\u00fdchto str\u00e1nkach.<\/p>\n<p class=\"m_bottom\">\n<\/p><h3>S\u00falad so z\u00e1konom o ochrane s\u00fakromia det\u00ed online<\/h3>\n<p>Dodr\u017eiavame po\u017eiadavky z\u00e1kona COPPA (Children&#039;s Online Privacy Protection Act). Nezhroma\u017e\u010fujeme \u017eiadne inform\u00e1cie od os\u00f4b mlad\u0161\u00edch ako 13 rokov. V\u0161etky na\u0161e webov\u00e9 str\u00e1nky, produkty a slu\u017eby s\u00fa ur\u010den\u00e9 \u013eu\u010fom, ktor\u00ed maj\u00fa aspo\u0148 13 rokov alebo viac.<\/p>\n<h3>Iba online z\u00e1sady ochrany osobn\u00fdch \u00fadajov<\/h3>\n<p>Tieto online z\u00e1sady ochrany osobn\u00fdch \u00fadajov sa vz\u0165ahuj\u00fa iba na inform\u00e1cie zhroma\u017eden\u00e9 prostredn\u00edctvom na\u0161ej webovej str\u00e1nky a nie na inform\u00e1cie zhroma\u017eden\u00e9 offline.<\/p>\n<h3>Podmienky<\/h3>\n<p>Nav\u0161t\u00edvte tie\u017e na\u0161u sekciu Zmluvn\u00e9 podmienky, v ktorej sa uv\u00e1dza pou\u017e\u00edvanie, vyl\u00fa\u010denia zodpovednosti a obmedzenia zodpovednosti upravuj\u00face pou\u017e\u00edvanie na\u0161ej webovej str\u00e1nky na adrese&nbsp;<a href=\"https:\/\/www.miisoo.com\/sk\/\" target=\"_blank\" style=\"font-family: inherit; font-weight: var( --e-global-typography-text-font-weight ); background-color: rgb(255, 255, 255);\">www.miisoo.com<\/a><\/p>\n<h3>V\u00e1\u0161 s\u00fahlas<\/h3>\n<p>Pou\u017e\u00edvan\u00edm na\u0161ej str\u00e1nky s\u00fahlas\u00edte s na\u0161imi z\u00e1sadami ochrany osobn\u00fdch \u00fadajov na na\u0161ej webovej str\u00e1nke.<\/p>\n<h3>Zmeny v na\u0161ich z\u00e1sad\u00e1ch ochrany osobn\u00fdch \u00fadajov<\/h3>\n<p>Ak sa rozhodneme zmeni\u0165 na\u0161e z\u00e1sady ochrany osobn\u00fdch \u00fadajov, aktualizujeme d\u00e1tum \u00fapravy z\u00e1sad ochrany osobn\u00fdch \u00fadajov ni\u017e\u0161ie.<br>Tieto z\u00e1sady boli naposledy upraven\u00e9 03.06.2018<\/p>\t\t\t\t\t\t\t\t<\/div>\n\t\t\t\t<\/div>\n\t\t\t\t\t<\/div>\n\t\t<\/div>\n\t\t\t\t<div class=\"elementor-column elementor-col-25 elementor-top-column elementor-element elementor-element-df603f8\" data-id=\"df603f8\" data-element_type=\"column\">\n\t\t\t<div class=\"elementor-widget-wrap\">\n\t\t\t\t\t\t\t<\/div>\n\t\t<\/div>\n\t\t\t\t\t<\/div>\n\t\t<\/section>\n\t\t\t\t<\/div>","protected":false},"excerpt":{"rendered":"<p>MIISOO is the sole owner of the information we collect at this site, we do not sell, rent or share this information with any other company for the purpose of marketing. We know that you care how your personal information is used and shared, and we appreciate your trust in us. We treat your personal&hellip;<\/p>","protected":false},"author":455,"featured_media":0,"parent":0,"menu_order":0,"comment_status":"closed","ping_status":"open","template":"","meta":{"footnotes":""},"class_list":["post-3","page","type-page","status-publish","hentry"],"yoast_head":"<!-- This site is optimized with the Yoast SEO Premium plugin v22.6 (Yoast SEO v22.9) - https:\/\/yoast.com\/wordpress\/plugins\/seo\/ -->\n<title>Privacy Policy | Cheap Real Sex Dolls | MiisooDoll<\/title>\n<meta name=\"description\" content=\"Review MiisooDoll&#039;s privacy policy for transparent handling of data. Shop confidently for cheap real sex dolls. Your privacy, our priority at MiisooDoll.\" \/>\n<meta name=\"robots\" content=\"index, follow, max-snippet:-1, max-image-preview:large, max-video-preview:-1\" \/>\n<link rel=\"canonical\" href=\"https:\/\/www.miisoo.com\/sk\/privacy-policy\/\" \/>\n<meta property=\"og:locale\" content=\"sk_SK\" \/>\n<meta property=\"og:type\" content=\"article\" \/>\n<meta property=\"og:title\" content=\"Privacy Policy\" \/>\n<meta property=\"og:description\" content=\"Review MiisooDoll&#039;s privacy policy for transparent handling of data. Shop confidently for cheap real sex dolls. Your privacy, our priority at MiisooDoll.\" \/>\n<meta property=\"og:url\" content=\"https:\/\/www.miisoo.com\/sk\/privacy-policy\/\" \/>\n<meta property=\"og:site_name\" content=\"MiisooDoll\" \/>\n<meta property=\"article:publisher\" content=\"https:\/\/www.facebook.com\/miisoodoll\" \/>\n<meta property=\"article:modified_time\" content=\"2023-12-22T12:16:22+00:00\" \/>\n<meta name=\"twitter:card\" content=\"summary_large_image\" \/>\n<meta name=\"twitter:site\" content=\"@MiisooSexDolls\" \/>\n<meta name=\"twitter:label1\" content=\"Predpokladan\u00fd \u010das \u010d\u00edtania\" \/>\n\t<meta name=\"twitter:data1\" content=\"5 min\u00fat\" \/>\n<!-- \/ Yoast SEO Premium plugin. -->","yoast_head_json":{"title":"Privacy Policy | Cheap Real Sex Dolls | MiisooDoll","description":"Review MiisooDoll's privacy policy for transparent handling of data. Shop confidently for cheap real sex dolls. Your privacy, our priority at MiisooDoll.","robots":{"index":"index","follow":"follow","max-snippet":"max-snippet:-1","max-image-preview":"max-image-preview:large","max-video-preview":"max-video-preview:-1"},"canonical":"https:\/\/www.miisoo.com\/sk\/privacy-policy\/","og_locale":"sk_SK","og_type":"article","og_title":"Privacy Policy","og_description":"Review MiisooDoll's privacy policy for transparent handling of data. Shop confidently for cheap real sex dolls. Your privacy, our priority at MiisooDoll.","og_url":"https:\/\/www.miisoo.com\/sk\/privacy-policy\/","og_site_name":"MiisooDoll","article_publisher":"https:\/\/www.facebook.com\/miisoodoll","article_modified_time":"2023-12-22T12:16:22+00:00","twitter_card":"summary_large_image","twitter_site":"@MiisooSexDolls","twitter_misc":{"Predpokladan\u00fd \u010das \u010d\u00edtania":"5 min\u00fat"},"schema":{"@context":"https:\/\/schema.org","@graph":[{"@type":"WebPage","@id":"https:\/\/www.miisoo.com\/nl\/privacy-policy\/","url":"https:\/\/www.miisoo.com\/nl\/privacy-policy\/","name":"Privacy Policy | Cheap Real Sex Dolls | MiisooDoll","isPartOf":{"@id":"https:\/\/www.miisoo.com\/#website"},"datePublished":"2020-09-05T13:19:56+00:00","dateModified":"2023-12-22T12:16:22+00:00","description":"Review MiisooDoll's privacy policy for transparent handling of data. Shop confidently for cheap real sex dolls. Your privacy, our priority at MiisooDoll.","breadcrumb":{"@id":"https:\/\/www.miisoo.com\/nl\/privacy-policy\/#breadcrumb"},"inLanguage":"sk-SK","potentialAction":[{"@type":"ReadAction","target":["https:\/\/www.miisoo.com\/nl\/privacy-policy\/"]}]},{"@type":"BreadcrumbList","@id":"https:\/\/www.miisoo.com\/nl\/privacy-policy\/#breadcrumb","itemListElement":[{"@type":"ListItem","position":1,"name":"Home","item":"https:\/\/www.miisoo.com\/"},{"@type":"ListItem","position":2,"name":"Privacy Policy"}]},{"@type":"WebSite","@id":"https:\/\/www.miisoo.com\/#website","url":"https:\/\/www.miisoo.com\/","name":"MiisooDoll","description":"Sexual Doll, Real Sex Dolls, Love Doll, Best Sex Dolls","publisher":{"@id":"https:\/\/www.miisoo.com\/#organization"},"potentialAction":[{"@type":"SearchAction","target":{"@type":"EntryPoint","urlTemplate":"https:\/\/www.miisoo.com\/?s={search_term_string}"},"query-input":"required name=search_term_string"}],"inLanguage":"sk-SK"},{"@type":"Organization","@id":"https:\/\/www.miisoo.com\/#organization","name":"MiisooDoll","url":"https:\/\/www.miisoo.com\/","logo":{"@type":"ImageObject","inLanguage":"sk-SK","@id":"https:\/\/www.miisoo.com\/#\/schema\/logo\/image\/","url":"https:\/\/www.miisoo.com\/wp-content\/uploads\/2020\/09\/logo-botton.png","contentUrl":"https:\/\/www.miisoo.com\/wp-content\/uploads\/2020\/09\/logo-botton.png","width":181,"height":42,"caption":"MiisooDoll"},"image":{"@id":"https:\/\/www.miisoo.com\/#\/schema\/logo\/image\/"},"sameAs":["https:\/\/www.facebook.com\/miisoodoll","https:\/\/x.com\/MiisooSexDolls"]}]}},"_links":{"self":[{"href":"https:\/\/www.miisoo.com\/sk\/wp-json\/wp\/v2\/pages\/3","targetHints":{"allow":["GET"]}}],"collection":[{"href":"https:\/\/www.miisoo.com\/sk\/wp-json\/wp\/v2\/pages"}],"about":[{"href":"https:\/\/www.miisoo.com\/sk\/wp-json\/wp\/v2\/types\/page"}],"author":[{"embeddable":true,"href":"https:\/\/www.miisoo.com\/sk\/wp-json\/wp\/v2\/users\/455"}],"replies":[{"embeddable":true,"href":"https:\/\/www.miisoo.com\/sk\/wp-json\/wp\/v2\/comments?post=3"}],"version-history":[{"count":1,"href":"https:\/\/www.miisoo.com\/sk\/wp-json\/wp\/v2\/pages\/3\/revisions"}],"predecessor-version":[{"id":34673,"href":"https:\/\/www.miisoo.com\/sk\/wp-json\/wp\/v2\/pages\/3\/revisions\/34673"}],"wp:attachment":[{"href":"https:\/\/www.miisoo.com\/sk\/wp-json\/wp\/v2\/media?parent=3"}],"curies":[{"name":"wp","href":"https:\/\/api.w.org\/{rel}","templated":true}]}}