{"id":21906,"date":"2022-01-25T17:17:49","date_gmt":"2022-01-25T09:17:49","guid":{"rendered":"https:\/\/www.miisoo.com\/?page_id=21906"},"modified":"2024-08-17T12:51:08","modified_gmt":"2024-08-17T04:51:08","slug":"more-sex-sites","status":"publish","type":"page","link":"https:\/\/www.miisoo.com\/sk\/more-sex-sites\/","title":{"rendered":"Viac sexu\u00e1lnych str\u00e1nok"},"content":{"rendered":"<div data-elementor-type=\"page\" data-elementor-id=\"21903\" class=\"elementor elementor-21903\" data-elementor-post-type=\"elementor_library\">\n\t\t\t\t\t\t<section class=\"elementor-section elementor-top-section elementor-element elementor-element-50a3008b elementor-section-boxed elementor-section-height-default elementor-section-height-default\" data-id=\"50a3008b\" data-element_type=\"section\">\n\t\t\t\t\t\t<div class=\"elementor-container elementor-column-gap-default\">\n\t\t\t\t\t<div class=\"elementor-column elementor-col-100 elementor-top-column elementor-element elementor-element-68e2b07\" data-id=\"68e2b07\" data-element_type=\"column\">\n\t\t\t<div class=\"elementor-widget-wrap elementor-element-populated\">\n\t\t\t\t\t\t<div class=\"elementor-element elementor-element-1efbc1b2 elementor-widget elementor-widget-text-editor\" data-id=\"1efbc1b2\" data-element_type=\"widget\" data-widget_type=\"text-editor.default\">\n\t\t\t\t<div class=\"elementor-widget-container\">\n\t\t\t\t\t\t\t\t\t<p>Ak na\u0161e b\u00e1biky nie s\u00fa pre v\u00e1s vhodn\u00e9, \u010fal\u0161ie b\u00e1biky n\u00e1jdete na niektor\u00fdch str\u00e1nkach so sexu\u00e1lnymi b\u00e1bikami. Spo\u010d\u00edtaj\u00fa najob\u013e\u00fabenej\u0161ie n\u00e1kupn\u00e9 centr\u00e1 sexu\u00e1lnych hra\u010diek na internete a zostavia rebr\u00ed\u010dek na z\u00e1klade recenzi\u00ed pou\u017e\u00edvate\u013eov a cenov\u00fdch faktorov. Na n\u00e1jdenie t\u00fdchto str\u00e1nok nemus\u00edte min\u00fa\u0165 viac energie, poskytujeme nasleduj\u00face str\u00e1nky so sexu\u00e1lnymi b\u00e1bikami.<\/p>\t\t\t\t\t\t\t\t<\/div>\n\t\t\t\t<\/div>\n\t\t\t\t<div class=\"elementor-element elementor-element-40b4b24f elementor-widget elementor-widget-text-editor\" data-id=\"40b4b24f\" data-element_type=\"widget\" data-widget_type=\"text-editor.default\">\n\t\t\t\t<div class=\"elementor-widget-container\">\n\t\t\t\t\t\t\t\t\t<ul><li><span style=\"color: red;\"><a href=\"https:\/\/sexdollxxx.com\/\">Mini sexu\u00e1lna b\u00e1bika<\/a>:<\/span> Sexu\u00e1lna b\u00e1bika dokonale vyroben\u00e1 z TPE a silik\u00f3nov\u00e9ho materi\u00e1lu, Sme najd\u00f4veryhodnej\u0161ia spolo\u010dnos\u0165 zaoberaj\u00faca sa sexu\u00e1lnymi b\u00e1bikami, preto\u017ee na\u0161im z\u00e1kazn\u00edkom poskytujeme vysoko kvalitn\u00e9 m\u00e4kk\u00e9 a bezpe\u010dn\u00e9 milostn\u00e9 b\u00e1biky a super TPE sexu\u00e1lne b\u00e1biky. Garantovan\u00e9 doru\u010denie a doprava zadarmo!<\/li><li><a href=\"https:\/\/pornsites.xxx\/\" target=\"_blank\" rel=\"noopener\"><span style=\"color: red;\">Recenzie porno str\u00e1nok:<\/span><\/a> Porno str\u00e1nky s\u00fa jednoducho zoznamom najlep\u0161\u00edch porno str\u00e1nok a str\u00e1nok so sexu\u00e1lnymi hra\u010dkami. N\u00e1jdite XXX recenzie a \u010destn\u00e9 hodnotenia najpopul\u00e1rnej\u0161\u00edch sexu\u00e1lnych kamier, sk\u00famaviek, VR a ton bezplatn\u00fdch str\u00e1nok!<\/li><li><a href=\"https:\/\/utengrense.com\/\" target=\"_blank\" rel=\"noopener\"><span style=\"color: red;\">Utengrense.com:<\/span><\/a> M\u00e1me n\u00e1\u0161 sexshop online v N\u00f3rsku a m\u00e1me z\u00e1ujem pred\u00e1va\u0165 na\u0161im z\u00e1kazn\u00edkom len kvalitn\u00e9 veci za dobr\u00fa cenu, ako s\u00fa sexu\u00e1lne hra\u010dky a sexy spodn\u00e1 bielize\u0148.<\/li><li><a href=\"https:\/\/www.pincelebs.net\/\" target=\"_blank\" rel=\"noopener\"><span style=\"color: red;\">Pripn\u00fa\u0165 celebrity:<\/span><\/a> Nah\u00e9, nah\u00e9, polonah\u00e9, sexi a vidie\u0165 cez obr\u00e1zky celebr\u00edt here\u010diek, spev\u00e1\u010dok, modeliek a telev\u00edznych osobnost\u00ed<\/li><li><a href=\"https:\/\/www.youpornlist.com\/\" target=\"_blank\" rel=\"noopener\"><span style=\"color: red;\">Youpornlist.com: <\/span><\/a>YouPornList je v\u00fdber najlep\u0161\u00edch porno str\u00e1nok pod\u013ea kateg\u00f3ri\u00ed. Ka\u017ed\u00e9 pracovisko bolo vybran\u00e9 po dlhej a d\u00f4kladnej anal\u00fdze na\u0161ich odborn\u00edkov na ru\u010dn\u00e9 pr\u00e1ce.<\/li><li><a href=\"https:\/\/www.porninspector.com\/\" target=\"_blank\" rel=\"noopener\"><span style=\"color: red;\">Porninspector.com:<\/span><\/a> Porn Inspector m\u00e1 ve\u013ea porno recenzi\u00ed niektor\u00fdch z najs\u013eubnej\u0161\u00edch webov\u00fdch str\u00e1nok pre dospel\u00fdch. V\u017edy vyjadrujeme svoj naj\u00faprimnej\u0161\u00ed a nestrann\u00fd n\u00e1zor. Ka\u017ed\u00fd z\u00e1pis bude obsahova\u0165 mno\u017estvo obr\u00e1zkov a uk\u00e1\u017eok vide\u00ed prevzat\u00fdch priamo z \u010dlenskej oblasti danej str\u00e1nky, \u010do v\u00e1m d\u00e1va pr\u00edle\u017eitos\u0165 vidie\u0165 presne to, \u010do sa pon\u00faka, sk\u00f4r ako sa rozhodnete pre n\u00e1kup!<\/li><li><a href=\"http:\/\/hentai-gamer.com\/\" target=\"_blank\" rel=\"noopener\"><span style=\"color: red;\">Hentai-Gamer:<\/span><\/a> Hentai-Gamer.com je najlep\u0161ia webov\u00e1 str\u00e1nka pre bezplatn\u00e9 hry Hentai 100%. Tak\u017ee cho\u010fte do toho a hrajte hentai flash hry teraz!<\/li><li><a href=\"https:\/\/sexdollpornhd.com\/\" target=\"_blank\" rel=\"noopener\"><span style=\"color: red;\">Sex Doll Porn HD: <\/span><\/a>Pozrite si porno vide\u00e1 so sexu\u00e1lnou b\u00e1bikou na SexDollPornHD.com, aby ste mohli vidie\u0165 svoju b\u00e1biku v akcii sk\u00f4r, ako si ju k\u00fapite!<\/li><li><a href=\"https:\/\/www.thesafeporn.com\/\" target=\"_blank\" rel=\"noopener\"><span style=\"color: red;\">Bezpe\u010dn\u00e9 porno: <\/span><\/a>na thesafeporn.com n\u00e1jdete tis\u00edce porno str\u00e1nok, vybran\u00fdch pre ich kvalitu a bezpe\u010dnos\u0165, ku ka\u017edej str\u00e1nke recenziu, ktor\u00e1 v\u00e1m pom\u00f4\u017ee pri v\u00fdbere.<\/li><li><a href=\"https:\/\/allpornsites.net\/\" target=\"_blank\" rel=\"noopener\"><span style=\"color: red;\">Allpornsites.net:<\/span><\/a> Na v\u0161etk\u00fdch porno str\u00e1nkach n\u00e1jdete najv\u00e4\u010d\u0161\u00ed v\u00fdber porno str\u00e1nok vo vesm\u00edre, ktor\u00fd sa pravidelne aktualizuje takmer ka\u017ed\u00fd de\u0148 o nov\u00e9 porno str\u00e1nky z ak\u00e9hoko\u013evek miesta.<\/li><li><a href=\"https:\/\/www.sexdollslove.com\/\" target=\"_blank\" rel=\"noopener\"><span style=\"color: red;\">SexDollsLove.com: <\/span><\/a>Zoznamy najlep\u0161\u00edch sexu\u00e1lnych b\u00e1bik a torz l\u00e1sky. N\u00e1jdite sprievodcov a \u010destn\u00e9 rebr\u00ed\u010dky najob\u013e\u00fabenej\u0161\u00edch b\u00e1bik dnes!<\/li><li><a href=\"https:\/\/hotpornbible.com\/\" target=\"_blank\" rel=\"noopener\"><span style=\"color: red;\">Zoznam hor\u00facich porno str\u00e1nok:<\/span><\/a>Hot Porn Bible m\u00e1 najpopul\u00e1rnej\u0161ie porno str\u00e1nky na svete! M\u00e1me najlep\u0161ie hodnoten\u00e9 bezplatn\u00e9 a pr\u00e9miov\u00e9 webov\u00e9 str\u00e1nky xxx pre dospel\u00fdch v ka\u017edej kateg\u00f3rii.<\/li><li><a href=\"https:\/\/www.mrpinks.com\/\" target=\"_blank\" rel=\"noopener\"><span style=\"color: red;\">Pornografick\u00e9 recenzie:<\/span><\/a> Mr. Pink&#039;s Porn Reviews je va\u0161a d\u00f4veryhodn\u00e1 str\u00e1nka s recenziami porna pre \u00faprimn\u00e9 recenzie str\u00e1nok pre dospel\u00fdch, z\u013eavnen\u00e9 porno a najlep\u0161ie porno str\u00e1nky.<\/li><li><a href=\"https:\/\/richobo.com\/\" target=\"_blank\" rel=\"noopener\"><span style=\"color: red;\">Inzer\u00e1ty a sprievodca | Richobo: <\/span><\/a>Z\u00e1bava novinky zoznam medzin\u00e1rodn\u00fdch inzer\u00e1tov pre dospel\u00fdch Richobo \/ sprievod \/ udalosti \/ stript\u00e9rky \/ slu\u017eby pre dospel\u00fdch \/ xguide \/ modely \/ mas\u00e1\u017ee \/ luxusn\u00e9 aut\u00e1<\/li><li><a href=\"https:\/\/uncams.com\/\" target=\"_blank\" rel=\"noopener\"><span style=\"color: red;\">Kamery OSN:<\/span><\/a> Sledujte \u017eiv\u00e9 kamery teraz! Nevy\u017eaduje sa \u017eiadna registr\u00e1cia \u2013 100% bezplatn\u00fd necenzurovan\u00fd chat pre dospel\u00fdch. Za\u010dnite chatova\u0165 s amat\u00e9rmi, exhibicionistami, pornohviezdami s HD videom a zvukom.<\/li><li><a href=\"https:\/\/jerkdude.com\"><span style=\"color: #ff0000;\">Escortfish <\/span><\/a>\u2013 Nav\u0161t\u00edvte jerkdude a n\u00e1jdite najlep\u0161ie porno str\u00e1nky.<\/li><\/ul>\t\t\t\t\t\t\t\t<\/div>\n\t\t\t\t<\/div>\n\t\t\t\t\t<\/div>\n\t\t<\/div>\n\t\t\t\t\t<\/div>\n\t\t<\/section>\n\t\t\t\t<section class=\"elementor-section elementor-top-section elementor-element elementor-element-9bead22 elementor-section-boxed elementor-section-height-default elementor-section-height-default\" data-id=\"9bead22\" data-element_type=\"section\">\n\t\t\t\t\t\t<div class=\"elementor-container elementor-column-gap-default\">\n\t\t\t\t\t<div class=\"elementor-column elementor-col-100 elementor-top-column elementor-element elementor-element-335e664e\" data-id=\"335e664e\" data-element_type=\"column\">\n\t\t\t<div class=\"elementor-widget-wrap elementor-element-populated\">\n\t\t\t\t\t\t<div class=\"elementor-element elementor-element-156cce51 elementor-widget elementor-widget-spacer\" data-id=\"156cce51\" data-element_type=\"widget\" data-widget_type=\"spacer.default\">\n\t\t\t\t<div class=\"elementor-widget-container\">\n\t\t\t\t\t\t\t<div class=\"elementor-spacer\">\n\t\t\t<div class=\"elementor-spacer-inner\"><\/div>\n\t\t<\/div>\n\t\t\t\t\t\t<\/div>\n\t\t\t\t<\/div>\n\t\t\t\t\t<\/div>\n\t\t<\/div>\n\t\t\t\t\t<\/div>\n\t\t<\/section>\n\t\t\t\t<\/div>","protected":false},"excerpt":{"rendered":"","protected":false},"author":455,"featured_media":0,"parent":0,"menu_order":0,"comment_status":"closed","ping_status":"closed","template":"","meta":{"footnotes":""},"class_list":["post-21906","page","type-page","status-publish","hentry"],"yoast_head":"<!-- This site is optimized with the Yoast SEO Premium plugin v22.6 (Yoast SEO v22.9) - https:\/\/yoast.com\/wordpress\/plugins\/seo\/ -->\n<title>Explore More Product | Miisoo Sex Sites | Miisoodoll<\/title>\n<meta name=\"description\" content=\"Dive into an expansive selection at Miisoo Sex Sites. Explore diverse products for a heightened intimate experience. Your satisfaction, our priority at MiisooDoll.\" \/>\n<meta name=\"robots\" content=\"index, follow, max-snippet:-1, max-image-preview:large, max-video-preview:-1\" \/>\n<link rel=\"canonical\" href=\"https:\/\/www.miisoo.com\/sk\/more-sex-sites\/\" \/>\n<meta property=\"og:locale\" content=\"sk_SK\" \/>\n<meta property=\"og:type\" content=\"article\" \/>\n<meta property=\"og:title\" content=\"More Sex Sites\" \/>\n<meta property=\"og:description\" content=\"Dive into an expansive selection at Miisoo Sex Sites. Explore diverse products for a heightened intimate experience. Your satisfaction, our priority at MiisooDoll.\" \/>\n<meta property=\"og:url\" content=\"https:\/\/www.miisoo.com\/sk\/more-sex-sites\/\" \/>\n<meta property=\"og:site_name\" content=\"MiisooDoll\" \/>\n<meta property=\"article:publisher\" content=\"https:\/\/www.facebook.com\/miisoodoll\" \/>\n<meta property=\"article:modified_time\" content=\"2024-08-17T04:51:08+00:00\" \/>\n<meta name=\"twitter:card\" content=\"summary_large_image\" \/>\n<meta name=\"twitter:site\" content=\"@MiisooSexDolls\" \/>\n<meta name=\"twitter:label1\" content=\"Predpokladan\u00fd \u010das \u010d\u00edtania\" \/>\n\t<meta name=\"twitter:data1\" content=\"1 min\u00fata\" \/>\n<!-- \/ Yoast SEO Premium plugin. -->","yoast_head_json":{"title":"Explore More Product | Miisoo Sex Sites | Miisoodoll","description":"Dive into an expansive selection at Miisoo Sex Sites. Explore diverse products for a heightened intimate experience. Your satisfaction, our priority at MiisooDoll.","robots":{"index":"index","follow":"follow","max-snippet":"max-snippet:-1","max-image-preview":"max-image-preview:large","max-video-preview":"max-video-preview:-1"},"canonical":"https:\/\/www.miisoo.com\/sk\/more-sex-sites\/","og_locale":"sk_SK","og_type":"article","og_title":"More Sex Sites","og_description":"Dive into an expansive selection at Miisoo Sex Sites. Explore diverse products for a heightened intimate experience. Your satisfaction, our priority at MiisooDoll.","og_url":"https:\/\/www.miisoo.com\/sk\/more-sex-sites\/","og_site_name":"MiisooDoll","article_publisher":"https:\/\/www.facebook.com\/miisoodoll","article_modified_time":"2024-08-17T04:51:08+00:00","twitter_card":"summary_large_image","twitter_site":"@MiisooSexDolls","twitter_misc":{"Predpokladan\u00fd \u010das \u010d\u00edtania":"1 min\u00fata"},"schema":{"@context":"https:\/\/schema.org","@graph":[{"@type":"WebPage","@id":"https:\/\/www.miisoo.com\/more-sex-sites\/","url":"https:\/\/www.miisoo.com\/more-sex-sites\/","name":"Explore More Product | Miisoo Sex Sites | Miisoodoll","isPartOf":{"@id":"https:\/\/www.miisoo.com\/#website"},"datePublished":"2022-01-25T09:17:49+00:00","dateModified":"2024-08-17T04:51:08+00:00","description":"Dive into an expansive selection at Miisoo Sex Sites. Explore diverse products for a heightened intimate experience. Your satisfaction, our priority at MiisooDoll.","breadcrumb":{"@id":"https:\/\/www.miisoo.com\/more-sex-sites\/#breadcrumb"},"inLanguage":"sk-SK","potentialAction":[{"@type":"ReadAction","target":["https:\/\/www.miisoo.com\/more-sex-sites\/"]}]},{"@type":"BreadcrumbList","@id":"https:\/\/www.miisoo.com\/more-sex-sites\/#breadcrumb","itemListElement":[{"@type":"ListItem","position":1,"name":"Home","item":"https:\/\/www.miisoo.com\/"},{"@type":"ListItem","position":2,"name":"More Sex Sites"}]},{"@type":"WebSite","@id":"https:\/\/www.miisoo.com\/#website","url":"https:\/\/www.miisoo.com\/","name":"MiisooDoll","description":"Sexual Doll, Real Sex Dolls, Love Doll, Best Sex Dolls","publisher":{"@id":"https:\/\/www.miisoo.com\/#organization"},"potentialAction":[{"@type":"SearchAction","target":{"@type":"EntryPoint","urlTemplate":"https:\/\/www.miisoo.com\/?s={search_term_string}"},"query-input":"required name=search_term_string"}],"inLanguage":"sk-SK"},{"@type":"Organization","@id":"https:\/\/www.miisoo.com\/#organization","name":"MiisooDoll","url":"https:\/\/www.miisoo.com\/","logo":{"@type":"ImageObject","inLanguage":"sk-SK","@id":"https:\/\/www.miisoo.com\/#\/schema\/logo\/image\/","url":"https:\/\/www.miisoo.com\/wp-content\/uploads\/2020\/09\/logo-botton.png","contentUrl":"https:\/\/www.miisoo.com\/wp-content\/uploads\/2020\/09\/logo-botton.png","width":181,"height":42,"caption":"MiisooDoll"},"image":{"@id":"https:\/\/www.miisoo.com\/#\/schema\/logo\/image\/"},"sameAs":["https:\/\/www.facebook.com\/miisoodoll","https:\/\/x.com\/MiisooSexDolls"]}]}},"_links":{"self":[{"href":"https:\/\/www.miisoo.com\/sk\/wp-json\/wp\/v2\/pages\/21906","targetHints":{"allow":["GET"]}}],"collection":[{"href":"https:\/\/www.miisoo.com\/sk\/wp-json\/wp\/v2\/pages"}],"about":[{"href":"https:\/\/www.miisoo.com\/sk\/wp-json\/wp\/v2\/types\/page"}],"author":[{"embeddable":true,"href":"https:\/\/www.miisoo.com\/sk\/wp-json\/wp\/v2\/users\/455"}],"replies":[{"embeddable":true,"href":"https:\/\/www.miisoo.com\/sk\/wp-json\/wp\/v2\/comments?post=21906"}],"version-history":[{"count":1,"href":"https:\/\/www.miisoo.com\/sk\/wp-json\/wp\/v2\/pages\/21906\/revisions"}],"predecessor-version":[{"id":21908,"href":"https:\/\/www.miisoo.com\/sk\/wp-json\/wp\/v2\/pages\/21906\/revisions\/21908"}],"wp:attachment":[{"href":"https:\/\/www.miisoo.com\/sk\/wp-json\/wp\/v2\/media?parent=21906"}],"curies":[{"name":"wp","href":"https:\/\/api.w.org\/{rel}","templated":true}]}}