{"id":1955,"date":"2017-12-18T10:08:41","date_gmt":"2017-12-18T10:08:41","guid":{"rendered":"http:\/\/demo2.drfuri.com\/martfury13\/?page_id=1955"},"modified":"2023-12-22T20:23:27","modified_gmt":"2023-12-22T12:23:27","slug":"payment-methods","status":"publish","type":"page","link":"https:\/\/www.miisoo.com\/sk\/payment-methods\/","title":{"rendered":"sp\u00f4sob platby"},"content":{"rendered":"<div data-elementor-type=\"wp-post\" data-elementor-id=\"1955\" class=\"elementor elementor-1955\" data-elementor-post-type=\"page\">\n\t\t\t\t\t\t<section class=\"elementor-section elementor-top-section elementor-element elementor-element-4e37ace4 elementor-section-boxed elementor-section-height-default elementor-section-height-default\" data-id=\"4e37ace4\" data-element_type=\"section\">\n\t\t\t\t\t\t<div class=\"elementor-container elementor-column-gap-default\">\n\t\t\t\t\t<div class=\"elementor-column elementor-col-100 elementor-top-column elementor-element elementor-element-640451c4\" data-id=\"640451c4\" data-element_type=\"column\">\n\t\t\t<div class=\"elementor-widget-wrap elementor-element-populated\">\n\t\t\t\t\t\t<div class=\"elementor-element elementor-element-18158806 elementor-widget elementor-widget-spacer\" data-id=\"18158806\" data-element_type=\"widget\" data-widget_type=\"spacer.default\">\n\t\t\t\t<div class=\"elementor-widget-container\">\n\t\t\t\t\t\t\t<div class=\"elementor-spacer\">\n\t\t\t<div class=\"elementor-spacer-inner\"><\/div>\n\t\t<\/div>\n\t\t\t\t\t\t<\/div>\n\t\t\t\t<\/div>\n\t\t\t\t<div class=\"elementor-element elementor-element-49224bca elementor-widget elementor-widget-heading\" data-id=\"49224bca\" data-element_type=\"widget\" data-widget_type=\"heading.default\">\n\t\t\t\t<div class=\"elementor-widget-container\">\n\t\t\t\t\t<h3 class=\"elementor-heading-title elementor-size-medium\">Teraz akceptujeme nasleduj\u00face sp\u00f4soby platby, dajte n\u00e1m pros\u00edm vedie\u0165, ktor\u00fd z nich uprednost\u0148ujete, aby sme v\u00e1m mohli pon\u00faknu\u0165 ni\u017e\u0161ie uveden\u00e9 inform\u00e1cie:<\/h3>\t\t\t\t<\/div>\n\t\t\t\t<\/div>\n\t\t\t\t<div class=\"elementor-element elementor-element-7c4a7baf elementor-widget elementor-widget-spacer\" data-id=\"7c4a7baf\" data-element_type=\"widget\" data-widget_type=\"spacer.default\">\n\t\t\t\t<div class=\"elementor-widget-container\">\n\t\t\t\t\t\t\t<div class=\"elementor-spacer\">\n\t\t\t<div class=\"elementor-spacer-inner\"><\/div>\n\t\t<\/div>\n\t\t\t\t\t\t<\/div>\n\t\t\t\t<\/div>\n\t\t\t\t\t<\/div>\n\t\t<\/div>\n\t\t\t\t\t<\/div>\n\t\t<\/section>\n\t\t\t\t<section class=\"elementor-section elementor-top-section elementor-element elementor-element-17b51d32 elementor-section-boxed elementor-section-height-default elementor-section-height-default\" data-id=\"17b51d32\" data-element_type=\"section\">\n\t\t\t\t\t\t<div class=\"elementor-container elementor-column-gap-default\">\n\t\t\t\t\t<div class=\"elementor-column elementor-col-33 elementor-top-column elementor-element elementor-element-7406886e\" data-id=\"7406886e\" data-element_type=\"column\">\n\t\t\t<div class=\"elementor-widget-wrap elementor-element-populated\">\n\t\t\t\t\t\t<div class=\"elementor-element elementor-element-4f2a4ffd elementor-widget elementor-widget-mf-elementor-icon-box\" data-id=\"4f2a4ffd\" data-element_type=\"widget\" data-widget_type=\"mf-elementor-icon-box.default\">\n\t\t\t\t<div class=\"elementor-widget-container\">\n\t\t\t\t\t<div class=\"mf-elementor-icon-box align-icon-center\">\r\n\t\t\t\t<div class=\"mf-icon-area box-img\"><img decoding=\"async\" width=\"142\" height=\"90\" src=\"https:\/\/www.miisoo.com\/wp-content\/uploads\/2019\/05\/icon-box-1.png\" class=\"attachment-full size-full wp-image-2791\" alt=\"\" \/><\/div>\r\n\t\t\t\t<div class=\"box-wrapper\">\r\n\t\t\t\t\t<h3 class=\"box-title\"><span class=\"\" >Zabezpe\u010di\u0165<\/span><\/h3>\r\n\t\t\t\t\t<div class=\"desc\">Ke\u010f plat\u00edte \u00fa\u010dty, posielate peniaze alebo nakupujete, je \u0165a\u017ek\u00e9 udr\u017ea\u0165 va\u0161e finan\u010dn\u00e9 inform\u00e1cie v bezpe\u010d\u00ed.<\/div>\r\n\t\t\t\t\t\r\n\t\t\t\t<\/div>\r\n\t\t\t<\/div>\t\t\t\t<\/div>\n\t\t\t\t<\/div>\n\t\t\t\t<div class=\"elementor-element elementor-element-4abcdcc3 elementor-widget elementor-widget-spacer\" data-id=\"4abcdcc3\" data-element_type=\"widget\" data-widget_type=\"spacer.default\">\n\t\t\t\t<div class=\"elementor-widget-container\">\n\t\t\t\t\t\t\t<div class=\"elementor-spacer\">\n\t\t\t<div class=\"elementor-spacer-inner\"><\/div>\n\t\t<\/div>\n\t\t\t\t\t\t<\/div>\n\t\t\t\t<\/div>\n\t\t\t\t\t<\/div>\n\t\t<\/div>\n\t\t\t\t<div class=\"elementor-column elementor-col-33 elementor-top-column elementor-element elementor-element-1732b80d\" data-id=\"1732b80d\" data-element_type=\"column\">\n\t\t\t<div class=\"elementor-widget-wrap elementor-element-populated\">\n\t\t\t\t\t\t<div class=\"elementor-element elementor-element-5e12dcb2 elementor-widget elementor-widget-mf-elementor-icon-box\" data-id=\"5e12dcb2\" data-element_type=\"widget\" data-widget_type=\"mf-elementor-icon-box.default\">\n\t\t\t\t<div class=\"elementor-widget-container\">\n\t\t\t\t\t<div class=\"mf-elementor-icon-box align-icon-center\">\r\n\t\t\t\t<div class=\"mf-icon-area box-img\"><img decoding=\"async\" width=\"142\" height=\"90\" src=\"https:\/\/www.miisoo.com\/wp-content\/uploads\/2019\/05\/icon-box-1.png\" class=\"attachment-full size-full wp-image-2791\" alt=\"\" \/><\/div>\r\n\t\t\t\t<div class=\"box-wrapper\">\r\n\t\t\t\t\t<h3 class=\"box-title\"><span class=\"\" >R\u00fdchlo<\/span><\/h3>\r\n\t\t\t\t\t<div class=\"desc\">Pri ka\u017edom n\u00e1kupe nemus\u00edte zad\u00e1va\u0165 v\u0161etky svoje finan\u010dn\u00e9 inform\u00e1cie. Ur\u00fdchlite platbu cez PayPal.<\/div>\r\n\t\t\t\t\t\r\n\t\t\t\t<\/div>\r\n\t\t\t<\/div>\t\t\t\t<\/div>\n\t\t\t\t<\/div>\n\t\t\t\t<div class=\"elementor-element elementor-element-3ecec980 elementor-widget elementor-widget-spacer\" data-id=\"3ecec980\" data-element_type=\"widget\" data-widget_type=\"spacer.default\">\n\t\t\t\t<div class=\"elementor-widget-container\">\n\t\t\t\t\t\t\t<div class=\"elementor-spacer\">\n\t\t\t<div class=\"elementor-spacer-inner\"><\/div>\n\t\t<\/div>\n\t\t\t\t\t\t<\/div>\n\t\t\t\t<\/div>\n\t\t\t\t\t<\/div>\n\t\t<\/div>\n\t\t\t\t<div class=\"elementor-column elementor-col-33 elementor-top-column elementor-element elementor-element-5d1fa7a8\" data-id=\"5d1fa7a8\" data-element_type=\"column\">\n\t\t\t<div class=\"elementor-widget-wrap elementor-element-populated\">\n\t\t\t\t\t\t<div class=\"elementor-element elementor-element-4773ce6f elementor-widget elementor-widget-mf-elementor-icon-box\" data-id=\"4773ce6f\" data-element_type=\"widget\" data-widget_type=\"mf-elementor-icon-box.default\">\n\t\t\t\t<div class=\"elementor-widget-container\">\n\t\t\t\t\t<div class=\"mf-elementor-icon-box align-icon-center\">\r\n\t\t\t\t<div class=\"mf-icon-area box-img\"><img decoding=\"async\" width=\"142\" height=\"90\" src=\"https:\/\/www.miisoo.com\/wp-content\/uploads\/2019\/05\/icon-box-1.png\" class=\"attachment-full size-full wp-image-2791\" alt=\"\" \/><\/div>\r\n\t\t\t\t<div class=\"box-wrapper\">\r\n\t\t\t\t\t<h3 class=\"box-title\"><span class=\"\" >Jednoduch\u00e9<\/span><\/h3>\r\n\t\t\t\t\t<div class=\"desc\">Bezplatn\u00e1 registr\u00e1cia, nakupovanie a posielanie pe\u0148az\u00ed. pomocou v\u00e1\u0161ho zostatku alebo bankov\u00e9ho \u00fa\u010dtu bez \u010fal\u0161\u00edch poplatkov.<\/div>\r\n\t\t\t\t\t\r\n\t\t\t\t<\/div>\r\n\t\t\t<\/div>\t\t\t\t<\/div>\n\t\t\t\t<\/div>\n\t\t\t\t<div class=\"elementor-element elementor-element-182e9ec1 elementor-widget elementor-widget-spacer\" data-id=\"182e9ec1\" data-element_type=\"widget\" data-widget_type=\"spacer.default\">\n\t\t\t\t<div class=\"elementor-widget-container\">\n\t\t\t\t\t\t\t<div class=\"elementor-spacer\">\n\t\t\t<div class=\"elementor-spacer-inner\"><\/div>\n\t\t<\/div>\n\t\t\t\t\t\t<\/div>\n\t\t\t\t<\/div>\n\t\t\t\t\t<\/div>\n\t\t<\/div>\n\t\t\t\t\t<\/div>\n\t\t<\/section>\n\t\t\t\t<section class=\"elementor-section elementor-top-section elementor-element elementor-element-350ff3f1 elementor-section-boxed elementor-section-height-default elementor-section-height-default\" data-id=\"350ff3f1\" data-element_type=\"section\">\n\t\t\t\t\t\t<div class=\"elementor-container elementor-column-gap-default\">\n\t\t\t\t\t<div class=\"elementor-column elementor-col-100 elementor-top-column elementor-element elementor-element-6c5c34ea\" data-id=\"6c5c34ea\" data-element_type=\"column\">\n\t\t\t<div class=\"elementor-widget-wrap elementor-element-populated\">\n\t\t\t\t\t\t<div class=\"elementor-element elementor-element-5506959 elementor-widget-divider--view-line elementor-widget elementor-widget-divider\" data-id=\"5506959\" data-element_type=\"widget\" data-widget_type=\"divider.default\">\n\t\t\t\t<div class=\"elementor-widget-container\">\n\t\t\t\t\t\t\t<div class=\"elementor-divider\">\n\t\t\t<span class=\"elementor-divider-separator\">\n\t\t\t\t\t\t<\/span>\n\t\t<\/div>\n\t\t\t\t\t\t<\/div>\n\t\t\t\t<\/div>\n\t\t\t\t<div class=\"elementor-element elementor-element-20909d1 elementor-widget elementor-widget-spacer\" data-id=\"20909d1\" data-element_type=\"widget\" data-widget_type=\"spacer.default\">\n\t\t\t\t<div class=\"elementor-widget-container\">\n\t\t\t\t\t\t\t<div class=\"elementor-spacer\">\n\t\t\t<div class=\"elementor-spacer-inner\"><\/div>\n\t\t<\/div>\n\t\t\t\t\t\t<\/div>\n\t\t\t\t<\/div>\n\t\t\t\t<div class=\"elementor-element elementor-element-e9263ce elementor-widget elementor-widget-text-editor\" data-id=\"e9263ce\" data-element_type=\"widget\" data-widget_type=\"text-editor.default\">\n\t\t\t\t<div class=\"elementor-widget-container\">\n\t\t\t\t\t\t\t\t\t<p><strong>Met\u00f3da I<\/strong><\/p><p><strong>Pla\u0165te pomocou PayPal alebo Visa &amp; Master alebo in\u00fdch kreditn\u00fdch kariet, debetn\u00fdch kariet zo str\u00e1nky ko\u0161\u00edka.<\/strong><\/p><p>Nie je potrebn\u00e9 prejs\u0165 na \u010fal\u0161\u00ed krok \u201ePrejs\u0165 k pokladni\u201c, kliknite na PAYPAL alebo vyberte tla\u010didlo kreditn\u00e1 karta a debet, aby ste dokon\u010dili proces n\u00e1kupu priamo na str\u00e1nke ko\u0161\u00edka.<\/p><p>1. Platba cez PayPal: pre platbu sta\u010d\u00ed klikn\u00fa\u0165 na tla\u010didlo PayPal, \u017elt\u00e9 tla\u010didlo \u201ePoklad\u0148a cez PayPal\u201c.<\/p><p>2. Platba debetnou alebo kreditnou kartou: Priamo vyberte debetn\u00fa alebo \u201eVisa\u00ae, MasterCard\u00ae, AmericanExpress\u00ae, Discover\u00ae kreditn\u00fa kartu at\u010f.\u201c, pri\u010dom jednu z nich je mo\u017en\u00e9 zaplati\u0165 priamo tla\u010didlom debetnej alebo kreditnej karty s priamym kliknut\u00edm na vyskakovacie okno dial\u00f3govom okne. Faktura\u010dn\u00e9 a dodacie inform\u00e1cie s\u00fa vyplnen\u00e9 priamo v platobnej br\u00e1ne kreditnou kartou, podrobn\u00e9 inform\u00e1cie o va\u0161ej objedn\u00e1vke sa potom vr\u00e1tia na na\u0161u webov\u00fa str\u00e1nku. Nebojte sa ch\u00fdbaj\u00facich objedn\u00e1vok a ak\u00fdchko\u013evek bezpe\u010dnostn\u00fdch probl\u00e9mov.<\/p><p>Vlastnosti a v\u00fdhody<\/p><p>Spracovanie platieb prebieha na serveroch Paypal, tak\u017ee si nemus\u00edte robi\u0165 starosti so spracovan\u00edm citliv\u00fdch platobn\u00fdch \u00fadajov na na\u0161ej str\u00e1nke.<br \/>Tento sp\u00f4sob platby presko\u010d\u00ed proces platby a z\u00e1kazn\u00edci opustia va\u0161u str\u00e1nku zo str\u00e1nky ko\u0161\u00edka, aby dokon\u010dili platbu prostredn\u00edctvom platformy Paypal alebo kreditnej karty.<\/p><p>Met\u00f3da II<\/p><p>Kliknite na tla\u010didlo \u201ePokra\u010dova\u0165 k pokladni\u201c a prejdite na str\u00e1nku pokladne<\/p><p>2. PayPal alebo platba kreditnou kartou online (odpor\u00fa\u010dame)<\/p><p>Prij\u00edmame aj platby kreditnou kartou prostredn\u00edctvom platobn\u00e9ho syst\u00e9mu PayPal. Platobn\u00fd syst\u00e9m PayPal podporuje VISA, MasterCard, Discover, eCheck a PayPal.<\/p><p>PayPal je najbezpe\u010dnej\u0161\u00ed sp\u00f4sob platby online, aj ke\u010f nem\u00e1te PayPal \u00fa\u010det, st\u00e1le m\u00f4\u017eete plati\u0165 debetnou alebo kreditnou kartou cez PayPal.<\/p><p>Vyberte sp\u00f4sob platby:<\/p><p>S \u00fa\u010dtom PayPal<br \/>1. Po\u010das platby vyberte PayPal<br \/>2. Prihl\u00e1ste sa do svojho \u00fa\u010dtu PayPal<br \/>3. Dokon\u010dite transakciu<br \/>4. Po spracovan\u00ed a prijat\u00ed platby dostanete e-mail.<\/p><p>S debetnou alebo kreditnou kartou cez PayPal<br \/>Nie je potrebn\u00fd \u017eiadny PayPal \u00fa\u010det!<br \/>1. Po\u010das platby vyberte PayPal<br \/>2. Prejdite nadol na mo\u017enos\u0165 \u201ePlatba debetnou alebo kreditnou kartou\u201c<br \/>3. Dokon\u010dite transakciu<br \/>4. Po spracovan\u00ed a prijat\u00ed platby dostanete e-mail.<\/p><p>3. Platba kartou Visa, MasterCard<\/p><p>Akceptujeme karty Visa, MasterCard z v\u00e4\u010d\u0161iny miest po celom svete. Ke\u010f na\u0161a platba prostredn\u00edctvom br\u00e1ny kreditnej karty uk\u00e1\u017ee, \u010do zlyhalo, mo\u017eno sa vyskytol nejak\u00fd technick\u00fd probl\u00e9m s limitom br\u00e1ny pre platbu kreditnou kartou:<br \/>1) \u010ci kreditn\u00e1 karta prekra\u010duje maxim\u00e1lnu sumu o bankov\u00fd limit alebo odha\u013euje vysok\u00e9 riziko, kontaktujte banku, aby obmedzenia odstr\u00e1nila.<br \/>2) Sk\u00faste zaplati\u0165 \u201ePayPal alebo platba kreditnou kartou online (odpor\u00fa\u010dame)\u201c.<br \/>3) Znova objednajte t\u00fato objedn\u00e1vku a zapla\u0165te kreditnou kartou na str\u00e1nke ko\u0161\u00edka (podpora: Visa\u00ae, MasterCard\u00ae, AmericanExpress\u00ae, Discover\u00ae kreditn\u00e1 karta).<br \/>Sk\u00faste zaplati\u0165 znova, ve\u013emi si to v\u00e1\u017eime.<\/p>\t\t\t\t\t\t\t\t<\/div>\n\t\t\t\t<\/div>\n\t\t\t\t\t<\/div>\n\t\t<\/div>\n\t\t\t\t\t<\/div>\n\t\t<\/section>\n\t\t\t\t<section class=\"elementor-section elementor-top-section elementor-element elementor-element-6280ce2a elementor-section-boxed elementor-section-height-default elementor-section-height-default\" data-id=\"6280ce2a\" data-element_type=\"section\">\n\t\t\t\t\t\t<div class=\"elementor-container elementor-column-gap-default\">\n\t\t\t\t\t<div class=\"elementor-column elementor-col-100 elementor-top-column elementor-element elementor-element-5ec1c87b\" data-id=\"5ec1c87b\" data-element_type=\"column\">\n\t\t\t<div class=\"elementor-widget-wrap elementor-element-populated\">\n\t\t\t\t\t\t<div class=\"elementor-element elementor-element-2cfb020e elementor-widget-divider--view-line elementor-widget elementor-widget-divider\" data-id=\"2cfb020e\" data-element_type=\"widget\" data-widget_type=\"divider.default\">\n\t\t\t\t<div class=\"elementor-widget-container\">\n\t\t\t\t\t\t\t<div class=\"elementor-divider\">\n\t\t\t<span class=\"elementor-divider-separator\">\n\t\t\t\t\t\t<\/span>\n\t\t<\/div>\n\t\t\t\t\t\t<\/div>\n\t\t\t\t<\/div>\n\t\t\t\t<div class=\"elementor-element elementor-element-3e81c0f3 elementor-widget elementor-widget-spacer\" data-id=\"3e81c0f3\" data-element_type=\"widget\" data-widget_type=\"spacer.default\">\n\t\t\t\t<div class=\"elementor-widget-container\">\n\t\t\t\t\t\t\t<div class=\"elementor-spacer\">\n\t\t\t<div class=\"elementor-spacer-inner\"><\/div>\n\t\t<\/div>\n\t\t\t\t\t\t<\/div>\n\t\t\t\t<\/div>\n\t\t\t\t<div class=\"elementor-element elementor-element-7f6ae5be elementor-widget elementor-widget-heading\" data-id=\"7f6ae5be\" data-element_type=\"widget\" data-widget_type=\"heading.default\">\n\t\t\t\t<div class=\"elementor-widget-container\">\n\t\t\t\t\t<h2 class=\"elementor-heading-title elementor-size-default\">M\u00e1te e\u0161te \u010fal\u0161ie ot\u00e1zky? Nev\u00e1hajte n\u00e1s kontaktova\u0165.<\/h2>\t\t\t\t<\/div>\n\t\t\t\t<\/div>\n\t\t\t\t<div class=\"elementor-element elementor-element-6baeaa38 elementor-widget elementor-widget-spacer\" data-id=\"6baeaa38\" data-element_type=\"widget\" data-widget_type=\"spacer.default\">\n\t\t\t\t<div class=\"elementor-widget-container\">\n\t\t\t\t\t\t\t<div class=\"elementor-spacer\">\n\t\t\t<div class=\"elementor-spacer-inner\"><\/div>\n\t\t<\/div>\n\t\t\t\t\t\t<\/div>\n\t\t\t\t<\/div>\n\t\t\t\t<div class=\"elementor-element elementor-element-459125b3 elementor-align-center elementor-widget elementor-widget-button\" data-id=\"459125b3\" data-element_type=\"widget\" data-widget_type=\"button.default\">\n\t\t\t\t<div class=\"elementor-widget-container\">\n\t\t\t\t\t\t\t\t\t<div class=\"elementor-button-wrapper\">\n\t\t\t\t\t<a class=\"elementor-button elementor-button-link elementor-size-md\" href=\"\/sk\/contact-miisoo-doll\/\">\n\t\t\t\t\t\t<span class=\"elementor-button-content-wrapper\">\n\t\t\t\t\t\t\t\t\t<span class=\"elementor-button-text\">Kontaktuj n\u00e1s<\/span>\n\t\t\t\t\t<\/span>\n\t\t\t\t\t<\/a>\n\t\t\t\t<\/div>\n\t\t\t\t\t\t\t\t<\/div>\n\t\t\t\t<\/div>\n\t\t\t\t<div class=\"elementor-element elementor-element-31eaea2c elementor-widget elementor-widget-spacer\" data-id=\"31eaea2c\" data-element_type=\"widget\" data-widget_type=\"spacer.default\">\n\t\t\t\t<div class=\"elementor-widget-container\">\n\t\t\t\t\t\t\t<div class=\"elementor-spacer\">\n\t\t\t<div class=\"elementor-spacer-inner\"><\/div>\n\t\t<\/div>\n\t\t\t\t\t\t<\/div>\n\t\t\t\t<\/div>\n\t\t\t\t\t<\/div>\n\t\t<\/div>\n\t\t\t\t\t<\/div>\n\t\t<\/section>\n\t\t\t\t<\/div>","protected":false},"excerpt":{"rendered":"<p>Now we accepts the following payment methods, please let us know which one you prefer so We can offer below information: Secure When you are paying bills, sending money or purchase, it works hard to keep your financial information secure. Fast No need to enter all your financial information every time you shop. Speed through&hellip;<\/p>","protected":false},"author":455,"featured_media":0,"parent":0,"menu_order":0,"comment_status":"closed","ping_status":"closed","template":"template-full-width.php","meta":{"footnotes":""},"class_list":["post-1955","page","type-page","status-publish","hentry"],"yoast_head":"<!-- This site is optimized with the Yoast SEO Premium plugin v22.6 (Yoast SEO v22.9) - https:\/\/yoast.com\/wordpress\/plugins\/seo\/ -->\n<title>Choose Your Preferred &amp; Secure Payment Method at Miisoodoll<\/title>\n<meta name=\"description\" content=\"Shop confidently with Miisoodoll! Select from our secure payment options for a hassle-free checkout experience. Fast, safe, and convenient payment methods.\" \/>\n<meta name=\"robots\" content=\"index, follow, max-snippet:-1, max-image-preview:large, max-video-preview:-1\" \/>\n<link rel=\"canonical\" href=\"https:\/\/www.miisoo.com\/sk\/payment-methods\/\" \/>\n<meta property=\"og:locale\" content=\"sk_SK\" \/>\n<meta property=\"og:type\" content=\"article\" \/>\n<meta property=\"og:title\" content=\"Payment Methods\" \/>\n<meta property=\"og:description\" content=\"Shop confidently with Miisoodoll! Select from our secure payment options for a hassle-free checkout experience. Fast, safe, and convenient payment methods.\" \/>\n<meta property=\"og:url\" content=\"https:\/\/www.miisoo.com\/sk\/payment-methods\/\" \/>\n<meta property=\"og:site_name\" content=\"MiisooDoll\" \/>\n<meta property=\"article:publisher\" content=\"https:\/\/www.facebook.com\/miisoodoll\" \/>\n<meta property=\"article:modified_time\" content=\"2023-12-22T12:23:27+00:00\" \/>\n<meta property=\"og:image\" content=\"https:\/\/www.miisoo.com\/wp-content\/uploads\/2019\/05\/icon-box-1.png\" \/>\n<meta name=\"twitter:card\" content=\"summary_large_image\" \/>\n<meta name=\"twitter:site\" content=\"@MiisooSexDolls\" \/>\n<meta name=\"twitter:label1\" content=\"Predpokladan\u00fd \u010das \u010d\u00edtania\" \/>\n\t<meta name=\"twitter:data1\" content=\"3 min\u00faty\" \/>\n<!-- \/ Yoast SEO Premium plugin. -->","yoast_head_json":{"title":"Choose Your Preferred & Secure Payment Method at Miisoodoll","description":"Shop confidently with Miisoodoll! Select from our secure payment options for a hassle-free checkout experience. Fast, safe, and convenient payment methods.","robots":{"index":"index","follow":"follow","max-snippet":"max-snippet:-1","max-image-preview":"max-image-preview:large","max-video-preview":"max-video-preview:-1"},"canonical":"https:\/\/www.miisoo.com\/sk\/payment-methods\/","og_locale":"sk_SK","og_type":"article","og_title":"Payment Methods","og_description":"Shop confidently with Miisoodoll! Select from our secure payment options for a hassle-free checkout experience. Fast, safe, and convenient payment methods.","og_url":"https:\/\/www.miisoo.com\/sk\/payment-methods\/","og_site_name":"MiisooDoll","article_publisher":"https:\/\/www.facebook.com\/miisoodoll","article_modified_time":"2023-12-22T12:23:27+00:00","og_image":[{"url":"https:\/\/www.miisoo.com\/wp-content\/uploads\/2019\/05\/icon-box-1.png"}],"twitter_card":"summary_large_image","twitter_site":"@MiisooSexDolls","twitter_misc":{"Predpokladan\u00fd \u010das \u010d\u00edtania":"3 min\u00faty"},"schema":{"@context":"https:\/\/schema.org","@graph":[{"@type":"WebPage","@id":"https:\/\/www.miisoo.com\/payment-methods\/","url":"https:\/\/www.miisoo.com\/payment-methods\/","name":"Choose Your Preferred & Secure Payment Method at Miisoodoll","isPartOf":{"@id":"https:\/\/www.miisoo.com\/#website"},"primaryImageOfPage":{"@id":"https:\/\/www.miisoo.com\/payment-methods\/#primaryimage"},"image":{"@id":"https:\/\/www.miisoo.com\/payment-methods\/#primaryimage"},"thumbnailUrl":"https:\/\/www.miisoo.com\/wp-content\/uploads\/2019\/05\/icon-box-1.png","datePublished":"2017-12-18T10:08:41+00:00","dateModified":"2023-12-22T12:23:27+00:00","description":"Shop confidently with Miisoodoll! Select from our secure payment options for a hassle-free checkout experience. Fast, safe, and convenient payment methods.","breadcrumb":{"@id":"https:\/\/www.miisoo.com\/payment-methods\/#breadcrumb"},"inLanguage":"sk-SK","potentialAction":[{"@type":"ReadAction","target":["https:\/\/www.miisoo.com\/payment-methods\/"]}]},{"@type":"ImageObject","inLanguage":"sk-SK","@id":"https:\/\/www.miisoo.com\/payment-methods\/#primaryimage","url":"https:\/\/www.miisoo.com\/wp-content\/uploads\/2019\/05\/icon-box-1.png","contentUrl":"https:\/\/www.miisoo.com\/wp-content\/uploads\/2019\/05\/icon-box-1.png"},{"@type":"BreadcrumbList","@id":"https:\/\/www.miisoo.com\/payment-methods\/#breadcrumb","itemListElement":[{"@type":"ListItem","position":1,"name":"Home","item":"https:\/\/www.miisoo.com\/"},{"@type":"ListItem","position":2,"name":"Payment Methods"}]},{"@type":"WebSite","@id":"https:\/\/www.miisoo.com\/#website","url":"https:\/\/www.miisoo.com\/","name":"MiisooDoll","description":"Sexual Doll, Real Sex Dolls, Love Doll, Best Sex Dolls","publisher":{"@id":"https:\/\/www.miisoo.com\/#organization"},"potentialAction":[{"@type":"SearchAction","target":{"@type":"EntryPoint","urlTemplate":"https:\/\/www.miisoo.com\/?s={search_term_string}"},"query-input":"required name=search_term_string"}],"inLanguage":"sk-SK"},{"@type":"Organization","@id":"https:\/\/www.miisoo.com\/#organization","name":"MiisooDoll","url":"https:\/\/www.miisoo.com\/","logo":{"@type":"ImageObject","inLanguage":"sk-SK","@id":"https:\/\/www.miisoo.com\/#\/schema\/logo\/image\/","url":"https:\/\/www.miisoo.com\/wp-content\/uploads\/2020\/09\/logo-botton.png","contentUrl":"https:\/\/www.miisoo.com\/wp-content\/uploads\/2020\/09\/logo-botton.png","width":181,"height":42,"caption":"MiisooDoll"},"image":{"@id":"https:\/\/www.miisoo.com\/#\/schema\/logo\/image\/"},"sameAs":["https:\/\/www.facebook.com\/miisoodoll","https:\/\/x.com\/MiisooSexDolls"]}]}},"_links":{"self":[{"href":"https:\/\/www.miisoo.com\/sk\/wp-json\/wp\/v2\/pages\/1955","targetHints":{"allow":["GET"]}}],"collection":[{"href":"https:\/\/www.miisoo.com\/sk\/wp-json\/wp\/v2\/pages"}],"about":[{"href":"https:\/\/www.miisoo.com\/sk\/wp-json\/wp\/v2\/types\/page"}],"author":[{"embeddable":true,"href":"https:\/\/www.miisoo.com\/sk\/wp-json\/wp\/v2\/users\/455"}],"replies":[{"embeddable":true,"href":"https:\/\/www.miisoo.com\/sk\/wp-json\/wp\/v2\/comments?post=1955"}],"version-history":[{"count":1,"href":"https:\/\/www.miisoo.com\/sk\/wp-json\/wp\/v2\/pages\/1955\/revisions"}],"predecessor-version":[{"id":34677,"href":"https:\/\/www.miisoo.com\/sk\/wp-json\/wp\/v2\/pages\/1955\/revisions\/34677"}],"wp:attachment":[{"href":"https:\/\/www.miisoo.com\/sk\/wp-json\/wp\/v2\/media?parent=1955"}],"curies":[{"name":"wp","href":"https:\/\/api.w.org\/{rel}","templated":true}]}}