{"id":21125,"date":"2022-01-05T19:57:54","date_gmt":"2022-01-05T11:57:54","guid":{"rendered":"https:\/\/www.miisoo.com\/?post_type=product&#038;p=21125"},"modified":"2022-01-07T11:07:26","modified_gmt":"2022-01-07T03:07:26","slug":"adult-sexy-japanese-male-sex-doll","status":"publish","type":"product","link":"https:\/\/www.miisoo.com\/ro\/product\/adult-sexy-japanese-male-sex-doll\/","title":{"rendered":"Rickey \u2013 P\u0103pu\u0219\u0103 sexual\u0103 de sex masculin japonez sexy de 165 cm"},"content":{"rendered":"<p>Aceast\u0103 p\u0103pu\u0219\u0103 de sex masculin japonez \u0219tie c\u0103 este dr\u0103gu\u021b \u0219i nu ezit\u0103 s\u0103 o arate. El crede c\u0103 b\u0103rba\u021bii au nevoie de afec\u021biune la fel de mult ca \u0219i femeile. Prin urmare, el ar fi cel mai potrivit pentru femeia care este afectuoas\u0103. Majoritatea p\u0103pu\u0219ilor adul\u021bi se tem s\u0103-\u0219i arate partea moale, dar nu \u0219i el. Stilul s\u0103u este excentric \u0219i prezen\u021ba lui lumineaz\u0103 mereu o adunare.<\/p>\n<p>Av\u00e2nd o \u00een\u0103l\u021bime de 165 cm, aceast\u0103 p\u0103pu\u0219\u0103 sexual\u0103 masculin\u0103 japonez\u0103 se bucur\u0103 de \u00eendoieli precum <a href=\"https:\/\/www.cosmopolitan.com\/uk\/love-sex\/sex\/a12013129\/role-play-ideas\/\">joc de rol<\/a> \u0219i \u00eembr\u0103carea. Este o p\u0103pu\u0219\u0103 de sex feminin cu p\u0103rul argintiu palid, cu un corp slab. Dintre toate p\u0103pu\u0219ile masculine din silicon din magazin, aceasta este una dintre cele mai frumoase. Dac\u0103 visezi s\u0103 fii cu un b\u0103rbat mai t\u00e2n\u0103r, iat\u0103 \u0219ansa ta cu aceast\u0103 p\u0103pu\u0219\u0103 sexy asiatic\u0103.<\/p>\n<p>Avem multe p\u0103pu\u0219i b\u0103rba\u021bi adul\u021bi care a\u0219teapt\u0103<a href=\"https:\/\/www.miisoo.com\/ro\/produs\/realistic-male-love-doll-for-sale\/\"> pentru perfect<\/a> pretendent. Ob\u021bine\u021bi aceast\u0103 herghean\u0103 t\u00e2n\u0103r\u0103 pentru o \u0219ans\u0103 de a vedea o p\u0103pu\u0219\u0103 sexual\u0103 masculin\u0103 \u00een uz.<\/p>\n<p><span style=\"color: #000000; font-size: 16px; font-weight: 600;\">M\u0103sur\u0103torile<\/span><\/p>\n<table style=\"border-collapse: collapse; width: 304.52pt;\" border=\"0\" width=\"406\" cellspacing=\"0\" cellpadding=\"0\">\n<tbody>\n<tr style=\"height: 28.00pt;\">\n<td class=\"et2\" style=\"height: 28.00pt; width: 124.50pt;\" width=\"166\" height=\"37\">Marca:<\/td>\n<td class=\"et2\" style=\"width: 180.00pt;\" width=\"240\">Papusa AF<\/td>\n<\/tr>\n<tr style=\"height: 28.00pt;\">\n<td class=\"et2\" style=\"height: 28.00pt;\" height=\"37\">\u00cen\u0103l\u0163ime:<\/td>\n<td class=\"et2\">P\u0103pu\u0219\u0103 adev\u0103rat\u0103 TPE de 165 cm<\/td>\n<\/tr>\n<tr style=\"height: 28.00pt;\">\n<td class=\"et2\" style=\"height: 28.00pt;\" height=\"37\">Bust:<\/td>\n<td class=\"et2\">85 cm<\/td>\n<\/tr>\n<tr style=\"height: 28.00pt;\">\n<td class=\"et2\" style=\"height: 28.00pt;\" height=\"37\">Talie:<\/td>\n<td class=\"et2\">70 cm<\/td>\n<\/tr>\n<tr style=\"height: 28.00pt;\">\n<td class=\"et2\" style=\"height: 28.00pt;\" height=\"37\">solduri:<\/td>\n<td class=\"et2\">90 cm<\/td>\n<\/tr>\n<tr style=\"height: 28.00pt;\">\n<td class=\"et2\" style=\"height: 28.00pt;\" height=\"37\">G\u00e2t:<\/td>\n<td class=\"et2\">26 cm<\/td>\n<\/tr>\n<tr style=\"height: 28.00pt;\">\n<td class=\"et2\" style=\"height: 28.00pt;\" height=\"37\">Lungimea piciorului:<\/td>\n<td class=\"et2\">23 cm<\/td>\n<\/tr>\n<tr style=\"height: 28.00pt;\">\n<td class=\"et2\" style=\"height: 28.00pt;\" height=\"37\">L\u0103\u021bimea um\u0103rului:<\/td>\n<td class=\"et2\">42 cm<\/td>\n<\/tr>\n<tr style=\"height: 28.00pt;\">\n<td class=\"et2\" style=\"height: 28.00pt;\" height=\"37\">Greutate:<\/td>\n<td class=\"et2\">44 kg<\/td>\n<\/tr>\n<tr style=\"height: 28.00pt;\">\n<td class=\"et2\" style=\"height: 28.00pt;\" height=\"37\">Lungimea penisului:<\/td>\n<td class=\"et2\">19 cm<\/td>\n<\/tr>\n<tr style=\"height: 28.00pt;\">\n<td class=\"et2\" style=\"height: 28.00pt;\" height=\"37\">Circumferin\u021ba penisului:<\/td>\n<td class=\"et2\">12 cm<\/td>\n<\/tr>\n<tr style=\"height: 28.00pt;\">\n<td class=\"et2\" style=\"height: 28.00pt;\" height=\"37\">Ad\u00e2ncimea oral\u0103:<\/td>\n<td class=\"et2\">13 cm<\/td>\n<\/tr>\n<tr style=\"height: 28.00pt;\">\n<td class=\"et2\" style=\"height: 28.00pt;\" height=\"37\">Ad\u00e2ncimea anal\u0103:<\/td>\n<td class=\"et2\">16 cm<\/td>\n<\/tr>\n<tr style=\"height: 28.00pt;\">\n<td class=\"et2\" style=\"height: 28.00pt;\" height=\"37\">M\u0103rimea Pachetului:<\/td>\n<td class=\"et2\">154X40X30cm<\/td>\n<\/tr>\n<\/tbody>\n<\/table>\n<p>&nbsp;<\/p>\n<p><img fetchpriority=\"high\" decoding=\"async\" class=\"alignnone wp-image-21192 size-full\" src=\"https:\/\/www.miisoo.com\/wp-content\/uploads\/2022\/01\/male-silicone-dolls-2340.jpg\" alt=\"Japanese Male Sex Doll\" width=\"900\" height=\"600\" srcset=\"https:\/\/www.miisoo.com\/wp-content\/uploads\/2022\/01\/male-silicone-dolls-2340.jpg 900w, https:\/\/www.miisoo.com\/wp-content\/uploads\/2022\/01\/male-silicone-dolls-2340-300x200.jpg 300w, https:\/\/www.miisoo.com\/wp-content\/uploads\/2022\/01\/male-silicone-dolls-2340-768x512.jpg 768w, https:\/\/www.miisoo.com\/wp-content\/uploads\/2022\/01\/male-silicone-dolls-2340-370x247.jpg 370w, https:\/\/www.miisoo.com\/wp-content\/uploads\/2022\/01\/male-silicone-dolls-2340-600x400.jpg 600w\" sizes=\"(max-width: 900px) 100vw, 900px\" \/><\/p>","protected":false},"excerpt":{"rendered":"<div data-elementor-type=\"section\" data-elementor-id=\"10450\" class=\"elementor elementor-10450\" data-elementor-post-type=\"elementor_library\">\n<section class=\"elementor-section elementor-top-section elementor-element elementor-element-1ac4967 elementor-section-boxed elementor-section-height-default elementor-section-height-default\" data-id=\"1ac4967\" data-element_type=\"section\">\n<div class=\"elementor-container elementor-column-gap-default\">\n<div class=\"elementor-column elementor-col-100 elementor-top-column elementor-element elementor-element-bfbdbdf\" data-id=\"bfbdbdf\" data-element_type=\"column\">\n<div class=\"elementor-widget-wrap elementor-element-populated\">\n<div class=\"elementor-element elementor-element-e4dbd68 elementor-widget elementor-widget-text-editor\" data-id=\"e4dbd68\" data-element_type=\"widget\" data-widget_type=\"text-editor.default\">\n<div class=\"elementor-widget-container\">\n<ul>\n<li>Livrare gratuit\u0103 \u00een toat\u0103 lumea, livrare discret\u0103.<\/li>\n<li>100% Identic ca \u00een imagini, dac\u0103 nu este personalizat.<\/li>\n<li>Preturile includ. TVA \u0219i taxe vamale<\/li>\n<li>Livrare gratuit\u0103, op\u021biuni de livrare rapid\u0103 la pagina de finalizare a comenzii<\/li>\n<\/ul><\/div>\n<\/p><\/div>\n<\/p><\/div>\n<\/p><\/div>\n<\/p><\/div>\n<\/section><\/div>\n<div data-elementor-type=\"section\" data-elementor-id=\"10473\" class=\"elementor elementor-10473\" data-elementor-post-type=\"elementor_library\">\n<section class=\"elementor-section elementor-top-section elementor-element elementor-element-03d9b2a elementor-section-boxed elementor-section-height-default elementor-section-height-default\" data-id=\"03d9b2a\" data-element_type=\"section\">\n<div class=\"elementor-container elementor-column-gap-default\">\n<div class=\"elementor-column elementor-col-100 elementor-top-column elementor-element elementor-element-5081c52\" data-id=\"5081c52\" data-element_type=\"column\">\n<div class=\"elementor-widget-wrap elementor-element-populated\">\n<div class=\"elementor-element elementor-element-d2c17df elementor-widget elementor-widget-martfury-banner-small\" data-id=\"d2c17df\" data-element_type=\"widget\" data-widget_type=\"martfury-banner-small.default\">\n<div class=\"elementor-widget-container\">\n<div class=\"mf-elementor-banner-small\">\n<div class=\"banner-featured-image\"><\/div>\n<p>\t\t\t                <a class=\"link\" href=\"https:\/\/mso.aidoll-japan.com\"><\/a><\/p>\n<div class=\"banner-content\">\n<h2 class=\"banner-title\">1500 de mini p\u0103pu\u0219i de dragoste<\/p>\n<p>sexdollxxx. com<\/h2>\n<div class=\"banner-desc\">\n<p>60 cm, 80 cm, 100 cm,<\/p>\n<p>120 cm, 130 cm, 140 cm<\/p>\n<\/div>\n<div class=\"banner-price\"><span\n                                class=\"s-price\">sexdollxxx .com<\/span><\/div>\n<\/p><\/div>\n<\/p><\/div>\n<\/p><\/div>\n<\/p><\/div>\n<\/p><\/div>\n<\/p><\/div>\n<\/p><\/div>\n<\/section><\/div>","protected":false},"featured_media":21187,"comment_status":"open","ping_status":"closed","template":"","meta":[],"product_cat":[123,115,116,81],"product_tag":[],"class_list":{"0":"post-21125","1":"product","2":"type-product","3":"status-publish","4":"has-post-thumbnail","6":"product_cat-1000usd-1500usd-sex-dolls","7":"product_cat-161cm-170cm-sex-dolls","8":"product_cat-male-sex-dolls","9":"product_cat-tpe-sex-dolls","10":"tm-no-options","12":"first","13":"instock","14":"sale","15":"shipping-taxable","16":"purchasable","17":"product-type-simple","18":"col-xs-6 col-sm-4","19":"col-md-3 col-lg-3","20":"un-4-cols"},"yoast_head":"<!-- This site is optimized with the Yoast SEO Premium plugin v22.6 (Yoast SEO v22.9) - https:\/\/yoast.com\/wordpress\/plugins\/seo\/ -->\n<title>Japanese Male Sex Doll - Female Fucking Adult Male Sexy Sex Doll<\/title>\n<meta name=\"description\" content=\"This Japanese male sex\u00a0doll\u00a0knows he is cute and does not hesitate to show it. Buy female fucking adult male sexy sex doll\" \/>\n<meta name=\"robots\" content=\"index, follow, max-snippet:-1, max-image-preview:large, max-video-preview:-1\" \/>\n<link rel=\"canonical\" href=\"https:\/\/www.miisoo.com\/ro\/produs\/adult-sexy-japanese-male-sex-doll\/\" \/>\n<meta property=\"og:locale\" content=\"ro_RO\" \/>\n<meta property=\"og:type\" content=\"article\" \/>\n<meta property=\"og:title\" content=\"Rickey - 165cm Adult Sexy Japanese Male Sex Doll\" \/>\n<meta property=\"og:description\" content=\"This Japanese male sex\u00a0doll\u00a0knows he is cute and does not hesitate to show it. Buy female fucking adult male sexy sex doll\" \/>\n<meta property=\"og:url\" content=\"https:\/\/www.miisoo.com\/ro\/produs\/adult-sexy-japanese-male-sex-doll\/\" \/>\n<meta property=\"og:site_name\" content=\"MiisooDoll\" \/>\n<meta property=\"article:publisher\" content=\"https:\/\/www.facebook.com\/miisoodoll\" \/>\n<meta property=\"article:modified_time\" content=\"2022-01-07T03:07:26+00:00\" \/>\n<meta property=\"og:image\" content=\"https:\/\/www.miisoo.com\/wp-content\/uploads\/2022\/01\/male-silicone-dolls-2320.jpg\" \/>\n\t<meta property=\"og:image:width\" content=\"600\" \/>\n\t<meta property=\"og:image:height\" content=\"900\" \/>\n\t<meta property=\"og:image:type\" content=\"image\/jpeg\" \/>\n<meta name=\"twitter:card\" content=\"summary_large_image\" \/>\n<meta name=\"twitter:site\" content=\"@MiisooSexDolls\" \/>\n<meta name=\"twitter:label1\" content=\"Timp estimat pentru citire\" \/>\n\t<meta name=\"twitter:data1\" content=\"2 minute\" \/>\n<!-- \/ Yoast SEO Premium plugin. -->","yoast_head_json":{"title":"Japanese Male Sex Doll - Female Fucking Adult Male Sexy Sex Doll","description":"This Japanese male sex\u00a0doll\u00a0knows he is cute and does not hesitate to show it. Buy female fucking adult male sexy sex doll","robots":{"index":"index","follow":"follow","max-snippet":"max-snippet:-1","max-image-preview":"max-image-preview:large","max-video-preview":"max-video-preview:-1"},"canonical":"https:\/\/www.miisoo.com\/ro\/produs\/adult-sexy-japanese-male-sex-doll\/","og_locale":"ro_RO","og_type":"article","og_title":"Rickey - 165cm Adult Sexy Japanese Male Sex Doll","og_description":"This Japanese male sex\u00a0doll\u00a0knows he is cute and does not hesitate to show it. Buy female fucking adult male sexy sex doll","og_url":"https:\/\/www.miisoo.com\/ro\/produs\/adult-sexy-japanese-male-sex-doll\/","og_site_name":"MiisooDoll","article_publisher":"https:\/\/www.facebook.com\/miisoodoll","article_modified_time":"2022-01-07T03:07:26+00:00","og_image":[{"width":600,"height":900,"url":"https:\/\/www.miisoo.com\/wp-content\/uploads\/2022\/01\/male-silicone-dolls-2320.jpg","type":"image\/jpeg"}],"twitter_card":"summary_large_image","twitter_site":"@MiisooSexDolls","twitter_misc":{"Timp estimat pentru citire":"2 minute"},"schema":{"@context":"https:\/\/schema.org","@graph":[{"@type":"WebPage","@id":"https:\/\/www.miisoo.com\/product\/adult-sexy-japanese-male-sex-doll\/","url":"https:\/\/www.miisoo.com\/product\/adult-sexy-japanese-male-sex-doll\/","name":"Japanese Male Sex Doll - Female Fucking Adult Male Sexy Sex Doll","isPartOf":{"@id":"https:\/\/www.miisoo.com\/#website"},"primaryImageOfPage":{"@id":"https:\/\/www.miisoo.com\/product\/adult-sexy-japanese-male-sex-doll\/#primaryimage"},"image":{"@id":"https:\/\/www.miisoo.com\/product\/adult-sexy-japanese-male-sex-doll\/#primaryimage"},"thumbnailUrl":"https:\/\/www.miisoo.com\/wp-content\/uploads\/2022\/01\/male-silicone-dolls-2320.jpg","datePublished":"2022-01-05T11:57:54+00:00","dateModified":"2022-01-07T03:07:26+00:00","description":"This Japanese male sex\u00a0doll\u00a0knows he is cute and does not hesitate to show it. Buy female fucking adult male sexy sex doll","breadcrumb":{"@id":"https:\/\/www.miisoo.com\/product\/adult-sexy-japanese-male-sex-doll\/#breadcrumb"},"inLanguage":"ro-RO","potentialAction":[{"@type":"ReadAction","target":["https:\/\/www.miisoo.com\/product\/adult-sexy-japanese-male-sex-doll\/"]}]},{"@type":"ImageObject","inLanguage":"ro-RO","@id":"https:\/\/www.miisoo.com\/product\/adult-sexy-japanese-male-sex-doll\/#primaryimage","url":"https:\/\/www.miisoo.com\/wp-content\/uploads\/2022\/01\/male-silicone-dolls-2320.jpg","contentUrl":"https:\/\/www.miisoo.com\/wp-content\/uploads\/2022\/01\/male-silicone-dolls-2320.jpg","width":600,"height":900,"caption":"Rickey \u2013 165cm Adult Sexy Japanese Male Sex Doll"},{"@type":"BreadcrumbList","@id":"https:\/\/www.miisoo.com\/product\/adult-sexy-japanese-male-sex-doll\/#breadcrumb","itemListElement":[{"@type":"ListItem","position":1,"name":"Home","item":"https:\/\/www.miisoo.com\/"},{"@type":"ListItem","position":2,"name":"Sex Doll Shop","item":"https:\/\/www.miisoo.com\/shop\/"},{"@type":"ListItem","position":3,"name":"Rickey &#8211; 165cm Adult Sexy Japanese Male Sex Doll"}]},{"@type":"WebSite","@id":"https:\/\/www.miisoo.com\/#website","url":"https:\/\/www.miisoo.com\/","name":"MiisooDoll","description":"Sexual Doll, Real Sex Dolls, Love Doll, Best Sex Dolls","publisher":{"@id":"https:\/\/www.miisoo.com\/#organization"},"potentialAction":[{"@type":"SearchAction","target":{"@type":"EntryPoint","urlTemplate":"https:\/\/www.miisoo.com\/?s={search_term_string}"},"query-input":"required name=search_term_string"}],"inLanguage":"ro-RO"},{"@type":"Organization","@id":"https:\/\/www.miisoo.com\/#organization","name":"MiisooDoll","url":"https:\/\/www.miisoo.com\/","logo":{"@type":"ImageObject","inLanguage":"ro-RO","@id":"https:\/\/www.miisoo.com\/#\/schema\/logo\/image\/","url":"https:\/\/www.miisoo.com\/wp-content\/uploads\/2020\/09\/logo-botton.png","contentUrl":"https:\/\/www.miisoo.com\/wp-content\/uploads\/2020\/09\/logo-botton.png","width":181,"height":42,"caption":"MiisooDoll"},"image":{"@id":"https:\/\/www.miisoo.com\/#\/schema\/logo\/image\/"},"sameAs":["https:\/\/www.facebook.com\/miisoodoll","https:\/\/x.com\/MiisooSexDolls"]}]}},"_links":{"self":[{"href":"https:\/\/www.miisoo.com\/ro\/wp-json\/wp\/v2\/product\/21125","targetHints":{"allow":["GET"]}}],"collection":[{"href":"https:\/\/www.miisoo.com\/ro\/wp-json\/wp\/v2\/product"}],"about":[{"href":"https:\/\/www.miisoo.com\/ro\/wp-json\/wp\/v2\/types\/product"}],"replies":[{"embeddable":true,"href":"https:\/\/www.miisoo.com\/ro\/wp-json\/wp\/v2\/comments?post=21125"}],"version-history":[{"count":6,"href":"https:\/\/www.miisoo.com\/ro\/wp-json\/wp\/v2\/product\/21125\/revisions"}],"predecessor-version":[{"id":21585,"href":"https:\/\/www.miisoo.com\/ro\/wp-json\/wp\/v2\/product\/21125\/revisions\/21585"}],"wp:featuredmedia":[{"embeddable":true,"href":"https:\/\/www.miisoo.com\/ro\/wp-json\/wp\/v2\/media\/21187"}],"wp:attachment":[{"href":"https:\/\/www.miisoo.com\/ro\/wp-json\/wp\/v2\/media?parent=21125"}],"wp:term":[{"taxonomy":"product_cat","embeddable":true,"href":"https:\/\/www.miisoo.com\/ro\/wp-json\/wp\/v2\/product_cat?post=21125"},{"taxonomy":"product_tag","embeddable":true,"href":"https:\/\/www.miisoo.com\/ro\/wp-json\/wp\/v2\/product_tag?post=21125"}],"curies":[{"name":"wp","href":"https:\/\/api.w.org\/{rel}","templated":true}]}}