{"id":21073,"date":"2022-01-05T19:24:00","date_gmt":"2022-01-05T11:24:00","guid":{"rendered":"https:\/\/www.miisoo.com\/?post_type=product&#038;p=21073"},"modified":"2022-11-18T11:45:03","modified_gmt":"2022-11-18T03:45:03","slug":"full-body-gay-male-sex-dolls-for-women","status":"publish","type":"product","link":"https:\/\/www.miisoo.com\/ro\/product\/full-body-gay-male-sex-dolls-for-women\/","title":{"rendered":"Wesley \u2013 173 cm P\u0103pu\u0219i sexuale pentru b\u0103rba\u021bi pentru femei"},"content":{"rendered":"<p>C\u00e2nd vine vorba de p\u0103pu\u0219i sexuale masculine gay, este greu s\u0103 ignori fe\u021bele moi \u0219i frumoase pe care le posed\u0103 aceste p\u0103pu\u0219i realiste. Aceast\u0103 p\u0103pu\u0219\u0103 real\u0103 masculin\u0103 de 170 cm are o emo\u021bie constant\u0103 pentru tine \u0219i nu se va opri p\u00e2n\u0103 c\u00e2nd nu o vei vindeca. Aceast\u0103 p\u0103pu\u0219\u0103 realist\u0103 are un <a href=\"https:\/\/www.quora.com\/How-thick-is-a-thick-penis\">pula groas\u0103<\/a> se \u00eent\u00e2mpl\u0103 s\u0103 fie un favorit al fanilor. Aceast\u0103 ro\u0219cat\u0103 este un \u00eenot\u0103tor profesionist care este abordat \u00een mod constant de b\u0103rba\u021bi care ac\u021bioneaz\u0103 inadecvat la locul de munc\u0103.<\/p>\n<p>\u00cen ciuda \u00eencerc\u0103rilor, \u00eei place s\u0103 fie profesionist. Totu\u0219i, at\u00e2ta timp c\u00e2t nimeni nu se uit\u0103, \u00eei las\u0103 pe tip s\u0103 ia dracu <a href=\"https:\/\/www.miisoo.com\/ro\/categorie-produs\/male-sex-dolls\/\">p\u0103pu\u0219\u0103 sexual\u0103 masculin\u0103<\/a>. Spre deosebire de o p\u0103pu\u0219\u0103 de dragoste masculin\u0103 pentru femei, el are o personalitate exagerat\u0103 pe care o vei iubi. El \u00ee\u021bi lumineaz\u0103 ziua; ce nu este de iubit?<\/p>\n<p>Nu mai e nevoie s\u0103-\u021bi mai faci fantezii despre videoclipurile pornhub cu p\u0103pu\u0219i sexuale masculine. Aici este pornostarul t\u0103u \u00een carne \u0219i oase. A\u0219eza\u021bi-v\u0103 pe axul dur al acestei p\u0103pu\u0219i \u0219i ob\u021bine\u021bi un masaj pe tot corpul unei p\u0103pu\u0219i sexuale masculine.<\/p>\n<p><span style=\"color: #000000; font-size: 16px; font-weight: 600;\">M\u0103sur\u0103tori pentru p\u0103pu\u0219i sexuale masculine<\/span><\/p>\n<table style=\"border-collapse: collapse; width: 304.52pt;\" border=\"0\" width=\"406\" cellspacing=\"0\" cellpadding=\"0\">\n<tbody>\n<tr style=\"height: 28.00pt;\">\n<td class=\"et2\" style=\"height: 28.00pt; width: 124.50pt;\" width=\"166\" height=\"37\">Marca:<\/td>\n<td class=\"et2\" style=\"width: 180.00pt;\" width=\"240\">Papusa 6YE<\/td>\n<\/tr>\n<tr style=\"height: 28.00pt;\">\n<td class=\"et2\" style=\"height: 28.00pt;\" height=\"37\">\u00cen\u0103l\u0163ime:<\/td>\n<td class=\"et2\">Corp TPE de 173 cm + cap din silicon<\/td>\n<\/tr>\n<tr style=\"height: 28.00pt;\">\n<td class=\"et2\" style=\"height: 28.00pt;\" height=\"37\">Bust:<\/td>\n<td class=\"et2\">76 cm<\/td>\n<\/tr>\n<tr style=\"height: 28.00pt;\">\n<td class=\"et2\" style=\"height: 28.00pt;\" height=\"37\">Talie:<\/td>\n<td class=\"et2\">64 cm<\/td>\n<\/tr>\n<tr style=\"height: 28.00pt;\">\n<td class=\"et2\" style=\"height: 28.00pt;\" height=\"37\">solduri:<\/td>\n<td class=\"et2\">87 cm<\/td>\n<\/tr>\n<tr style=\"height: 28.00pt;\">\n<td class=\"et2\" style=\"height: 28.00pt;\" height=\"37\">Lungimea bra\u021bului:<\/td>\n<td class=\"et2\">63 cm<\/td>\n<\/tr>\n<tr style=\"height: 28.00pt;\">\n<td class=\"et2\" style=\"height: 28.00pt;\" height=\"37\">L\u0103\u021bimea um\u0103rului:<\/td>\n<td class=\"et2\">41 cm<\/td>\n<\/tr>\n<tr style=\"height: 28.00pt;\">\n<td class=\"et2\" style=\"height: 28.00pt;\" height=\"37\">Greutate:<\/td>\n<td class=\"et2\">46 kg<\/td>\n<\/tr>\n<tr style=\"height: 28.00pt;\">\n<td class=\"et2\" style=\"height: 28.00pt;\" height=\"37\">Lungimea penisului:<\/td>\n<td class=\"et2\">22 cm<\/td>\n<\/tr>\n<tr style=\"height: 28.00pt;\">\n<td class=\"et2\" style=\"height: 28.00pt;\" height=\"37\">Ad\u00e2ncimea oral\u0103:<\/td>\n<td class=\"et2\">N \/ A<\/td>\n<\/tr>\n<tr style=\"height: 28.00pt;\">\n<td class=\"et2\" style=\"height: 28.00pt;\" height=\"37\">Ad\u00e2ncimea anal\u0103:<\/td>\n<td class=\"et2\">16 cm<\/td>\n<\/tr>\n<tr style=\"height: 28.00pt;\">\n<td class=\"et2\" style=\"height: 28.00pt;\" height=\"37\">M\u0103rimea Pachetului:<\/td>\n<td class=\"et2\">160X45X30cm<\/td>\n<\/tr>\n<\/tbody>\n<\/table>\n<p>&nbsp;<\/p>\n<p><img fetchpriority=\"high\" decoding=\"async\" class=\"alignnone wp-image-21114 size-full\" src=\"https:\/\/www.miisoo.com\/wp-content\/uploads\/2022\/01\/male-sex-doll-pornhub-2218.jpg\" alt=\"P\u0103pu\u0219i sexuale masculine gay\" width=\"600\" height=\"900\" srcset=\"https:\/\/www.miisoo.com\/wp-content\/uploads\/2022\/01\/male-sex-doll-pornhub-2218.jpg 600w, https:\/\/www.miisoo.com\/wp-content\/uploads\/2022\/01\/male-sex-doll-pornhub-2218-200x300.jpg 200w, https:\/\/www.miisoo.com\/wp-content\/uploads\/2022\/01\/male-sex-doll-pornhub-2218-370x555.jpg 370w, https:\/\/www.miisoo.com\/wp-content\/uploads\/2022\/01\/male-sex-doll-pornhub-2218-300x450.jpg 300w\" sizes=\"(max-width: 600px) 100vw, 600px\" \/><\/p>","protected":false},"excerpt":{"rendered":"<div data-elementor-type=\"section\" data-elementor-id=\"10450\" class=\"elementor elementor-10450\" data-elementor-post-type=\"elementor_library\">\n<section class=\"elementor-section elementor-top-section elementor-element elementor-element-1ac4967 elementor-section-boxed elementor-section-height-default elementor-section-height-default\" data-id=\"1ac4967\" data-element_type=\"section\">\n<div class=\"elementor-container elementor-column-gap-default\">\n<div class=\"elementor-column elementor-col-100 elementor-top-column elementor-element elementor-element-bfbdbdf\" data-id=\"bfbdbdf\" data-element_type=\"column\">\n<div class=\"elementor-widget-wrap elementor-element-populated\">\n<div class=\"elementor-element elementor-element-e4dbd68 elementor-widget elementor-widget-text-editor\" data-id=\"e4dbd68\" data-element_type=\"widget\" data-widget_type=\"text-editor.default\">\n<div class=\"elementor-widget-container\">\n<ul>\n<li>Livrare gratuit\u0103 \u00een toat\u0103 lumea, livrare discret\u0103.<\/li>\n<li>100% Identic ca \u00een imagini, dac\u0103 nu este personalizat.<\/li>\n<li>Preturile includ. TVA \u0219i taxe vamale<\/li>\n<li>Livrare gratuit\u0103, op\u021biuni de livrare rapid\u0103 la pagina de finalizare a comenzii<\/li>\n<\/ul><\/div>\n<\/p><\/div>\n<\/p><\/div>\n<\/p><\/div>\n<\/p><\/div>\n<\/section><\/div>\n<div data-elementor-type=\"section\" data-elementor-id=\"10473\" class=\"elementor elementor-10473\" data-elementor-post-type=\"elementor_library\">\n<section class=\"elementor-section elementor-top-section elementor-element elementor-element-03d9b2a elementor-section-boxed elementor-section-height-default elementor-section-height-default\" data-id=\"03d9b2a\" data-element_type=\"section\">\n<div class=\"elementor-container elementor-column-gap-default\">\n<div class=\"elementor-column elementor-col-100 elementor-top-column elementor-element elementor-element-5081c52\" data-id=\"5081c52\" data-element_type=\"column\">\n<div class=\"elementor-widget-wrap elementor-element-populated\">\n<div class=\"elementor-element elementor-element-d2c17df elementor-widget elementor-widget-martfury-banner-small\" data-id=\"d2c17df\" data-element_type=\"widget\" data-widget_type=\"martfury-banner-small.default\">\n<div class=\"elementor-widget-container\">\n<div class=\"mf-elementor-banner-small\">\n<div class=\"banner-featured-image\"><\/div>\n<p>\t\t\t                <a class=\"link\" href=\"https:\/\/mso.aidoll-japan.com\"><\/a><\/p>\n<div class=\"banner-content\">\n<h2 class=\"banner-title\">1500 de mini p\u0103pu\u0219i de dragoste<\/p>\n<p>sexdollxxx. com<\/h2>\n<div class=\"banner-desc\">\n<p>60 cm, 80 cm, 100 cm,<\/p>\n<p>120 cm, 130 cm, 140 cm<\/p>\n<\/div>\n<div class=\"banner-price\"><span\n                                class=\"s-price\">sexdollxxx .com<\/span><\/div>\n<\/p><\/div>\n<\/p><\/div>\n<\/p><\/div>\n<\/p><\/div>\n<\/p><\/div>\n<\/p><\/div>\n<\/p><\/div>\n<\/section><\/div>","protected":false},"featured_media":21115,"comment_status":"open","ping_status":"closed","template":"","meta":[],"product_cat":[114,115,116,117],"product_tag":[],"class_list":{"0":"post-21073","1":"product","2":"type-product","3":"status-publish","4":"has-post-thumbnail","6":"product_cat-1500usd-2000usd-sex-doll","7":"product_cat-161cm-170cm-sex-dolls","8":"product_cat-male-sex-dolls","9":"product_cat-silicone-head-tpe-body","10":"tm-has-options","12":"first","13":"instock","14":"sale","15":"shipping-taxable","16":"purchasable","17":"product-type-simple","18":"col-xs-6 col-sm-4","19":"col-md-3 col-lg-3","20":"un-4-cols"},"yoast_head":"<!-- This site is optimized with the Yoast SEO Premium plugin v22.6 (Yoast SEO v22.9) - https:\/\/yoast.com\/wordpress\/plugins\/seo\/ -->\n<title>Gay Male Sex Dolls - Full Body Gay Male Sex Doll For Women<\/title>\n<meta name=\"description\" content=\"When it comes to gay male sex dolls, it is hard to ignore the soft and handsome faces, buy full body gay male sex doll for women\" \/>\n<meta name=\"robots\" content=\"index, follow, max-snippet:-1, max-image-preview:large, max-video-preview:-1\" \/>\n<link rel=\"canonical\" href=\"https:\/\/www.miisoo.com\/ro\/produs\/full-body-gay-male-sex-dolls-for-women\/\" \/>\n<meta property=\"og:locale\" content=\"ro_RO\" \/>\n<meta property=\"og:type\" content=\"article\" \/>\n<meta property=\"og:title\" content=\"Wesley - 173cm Full Body Gay Male Sex Dolls For Women\" \/>\n<meta property=\"og:description\" content=\"When it comes to gay male sex dolls, it is hard to ignore the soft and handsome faces, buy full body gay male sex doll for women\" \/>\n<meta property=\"og:url\" content=\"https:\/\/www.miisoo.com\/ro\/produs\/full-body-gay-male-sex-dolls-for-women\/\" \/>\n<meta property=\"og:site_name\" content=\"MiisooDoll\" \/>\n<meta property=\"article:publisher\" content=\"https:\/\/www.facebook.com\/miisoodoll\" \/>\n<meta property=\"article:modified_time\" content=\"2022-11-18T03:45:03+00:00\" \/>\n<meta property=\"og:image\" content=\"https:\/\/www.miisoo.com\/wp-content\/uploads\/2022\/01\/male-sex-doll-pornhub-2219.jpg\" \/>\n\t<meta property=\"og:image:width\" content=\"600\" \/>\n\t<meta property=\"og:image:height\" content=\"900\" \/>\n\t<meta property=\"og:image:type\" content=\"image\/jpeg\" \/>\n<meta name=\"twitter:card\" content=\"summary_large_image\" \/>\n<meta name=\"twitter:site\" content=\"@MiisooSexDolls\" \/>\n<meta name=\"twitter:label1\" content=\"Timp estimat pentru citire\" \/>\n\t<meta name=\"twitter:data1\" content=\"2 minute\" \/>\n<!-- \/ Yoast SEO Premium plugin. -->","yoast_head_json":{"title":"Gay Male Sex Dolls - Full Body Gay Male Sex Doll For Women","description":"When it comes to gay male sex dolls, it is hard to ignore the soft and handsome faces, buy full body gay male sex doll for women","robots":{"index":"index","follow":"follow","max-snippet":"max-snippet:-1","max-image-preview":"max-image-preview:large","max-video-preview":"max-video-preview:-1"},"canonical":"https:\/\/www.miisoo.com\/ro\/produs\/full-body-gay-male-sex-dolls-for-women\/","og_locale":"ro_RO","og_type":"article","og_title":"Wesley - 173cm Full Body Gay Male Sex Dolls For Women","og_description":"When it comes to gay male sex dolls, it is hard to ignore the soft and handsome faces, buy full body gay male sex doll for women","og_url":"https:\/\/www.miisoo.com\/ro\/produs\/full-body-gay-male-sex-dolls-for-women\/","og_site_name":"MiisooDoll","article_publisher":"https:\/\/www.facebook.com\/miisoodoll","article_modified_time":"2022-11-18T03:45:03+00:00","og_image":[{"width":600,"height":900,"url":"https:\/\/www.miisoo.com\/wp-content\/uploads\/2022\/01\/male-sex-doll-pornhub-2219.jpg","type":"image\/jpeg"}],"twitter_card":"summary_large_image","twitter_site":"@MiisooSexDolls","twitter_misc":{"Timp estimat pentru citire":"2 minute"},"schema":{"@context":"https:\/\/schema.org","@graph":[{"@type":"WebPage","@id":"https:\/\/www.miisoo.com\/product\/full-body-gay-male-sex-dolls-for-women\/","url":"https:\/\/www.miisoo.com\/product\/full-body-gay-male-sex-dolls-for-women\/","name":"Gay Male Sex Dolls - Full Body Gay Male Sex Doll For Women","isPartOf":{"@id":"https:\/\/www.miisoo.com\/#website"},"primaryImageOfPage":{"@id":"https:\/\/www.miisoo.com\/product\/full-body-gay-male-sex-dolls-for-women\/#primaryimage"},"image":{"@id":"https:\/\/www.miisoo.com\/product\/full-body-gay-male-sex-dolls-for-women\/#primaryimage"},"thumbnailUrl":"https:\/\/www.miisoo.com\/wp-content\/uploads\/2022\/01\/male-sex-doll-pornhub-2219.jpg","datePublished":"2022-01-05T11:24:00+00:00","dateModified":"2022-11-18T03:45:03+00:00","description":"When it comes to gay male sex dolls, it is hard to ignore the soft and handsome faces, buy full body gay male sex doll for women","breadcrumb":{"@id":"https:\/\/www.miisoo.com\/product\/full-body-gay-male-sex-dolls-for-women\/#breadcrumb"},"inLanguage":"ro-RO","potentialAction":[{"@type":"ReadAction","target":["https:\/\/www.miisoo.com\/product\/full-body-gay-male-sex-dolls-for-women\/"]}]},{"@type":"ImageObject","inLanguage":"ro-RO","@id":"https:\/\/www.miisoo.com\/product\/full-body-gay-male-sex-dolls-for-women\/#primaryimage","url":"https:\/\/www.miisoo.com\/wp-content\/uploads\/2022\/01\/male-sex-doll-pornhub-2219.jpg","contentUrl":"https:\/\/www.miisoo.com\/wp-content\/uploads\/2022\/01\/male-sex-doll-pornhub-2219.jpg","width":600,"height":900,"caption":"Wesley \u2013 173cm Full Body Gay Male Sex Dolls For Women"},{"@type":"BreadcrumbList","@id":"https:\/\/www.miisoo.com\/product\/full-body-gay-male-sex-dolls-for-women\/#breadcrumb","itemListElement":[{"@type":"ListItem","position":1,"name":"Home","item":"https:\/\/www.miisoo.com\/"},{"@type":"ListItem","position":2,"name":"Sex Doll Shop","item":"https:\/\/www.miisoo.com\/shop\/"},{"@type":"ListItem","position":3,"name":"Wesley &#8211; 173cm Full Body Gay Male Sex Dolls For Women"}]},{"@type":"WebSite","@id":"https:\/\/www.miisoo.com\/#website","url":"https:\/\/www.miisoo.com\/","name":"MiisooDoll","description":"Sexual Doll, Real Sex Dolls, Love Doll, Best Sex Dolls","publisher":{"@id":"https:\/\/www.miisoo.com\/#organization"},"potentialAction":[{"@type":"SearchAction","target":{"@type":"EntryPoint","urlTemplate":"https:\/\/www.miisoo.com\/?s={search_term_string}"},"query-input":"required name=search_term_string"}],"inLanguage":"ro-RO"},{"@type":"Organization","@id":"https:\/\/www.miisoo.com\/#organization","name":"MiisooDoll","url":"https:\/\/www.miisoo.com\/","logo":{"@type":"ImageObject","inLanguage":"ro-RO","@id":"https:\/\/www.miisoo.com\/#\/schema\/logo\/image\/","url":"https:\/\/www.miisoo.com\/wp-content\/uploads\/2020\/09\/logo-botton.png","contentUrl":"https:\/\/www.miisoo.com\/wp-content\/uploads\/2020\/09\/logo-botton.png","width":181,"height":42,"caption":"MiisooDoll"},"image":{"@id":"https:\/\/www.miisoo.com\/#\/schema\/logo\/image\/"},"sameAs":["https:\/\/www.facebook.com\/miisoodoll","https:\/\/x.com\/MiisooSexDolls"]}]}},"_links":{"self":[{"href":"https:\/\/www.miisoo.com\/ro\/wp-json\/wp\/v2\/product\/21073","targetHints":{"allow":["GET"]}}],"collection":[{"href":"https:\/\/www.miisoo.com\/ro\/wp-json\/wp\/v2\/product"}],"about":[{"href":"https:\/\/www.miisoo.com\/ro\/wp-json\/wp\/v2\/types\/product"}],"replies":[{"embeddable":true,"href":"https:\/\/www.miisoo.com\/ro\/wp-json\/wp\/v2\/comments?post=21073"}],"version-history":[{"count":6,"href":"https:\/\/www.miisoo.com\/ro\/wp-json\/wp\/v2\/product\/21073\/revisions"}],"predecessor-version":[{"id":21576,"href":"https:\/\/www.miisoo.com\/ro\/wp-json\/wp\/v2\/product\/21073\/revisions\/21576"}],"wp:featuredmedia":[{"embeddable":true,"href":"https:\/\/www.miisoo.com\/ro\/wp-json\/wp\/v2\/media\/21115"}],"wp:attachment":[{"href":"https:\/\/www.miisoo.com\/ro\/wp-json\/wp\/v2\/media?parent=21073"}],"wp:term":[{"taxonomy":"product_cat","embeddable":true,"href":"https:\/\/www.miisoo.com\/ro\/wp-json\/wp\/v2\/product_cat?post=21073"},{"taxonomy":"product_tag","embeddable":true,"href":"https:\/\/www.miisoo.com\/ro\/wp-json\/wp\/v2\/product_tag?post=21073"}],"curies":[{"name":"wp","href":"https:\/\/api.w.org\/{rel}","templated":true}]}}