{"id":4494,"date":"2020-09-16T14:42:35","date_gmt":"2020-09-16T06:42:35","guid":{"rendered":"http:\/\/miisoo.com\/?page_id=4494"},"modified":"2023-12-22T20:07:15","modified_gmt":"2023-12-22T12:07:15","slug":"disclaimer-18","status":"publish","type":"page","link":"https:\/\/www.miisoo.com\/ro\/disclaimer-18\/","title":{"rendered":"Exonerare 18+"},"content":{"rendered":"<div data-elementor-type=\"wp-page\" data-elementor-id=\"4494\" class=\"elementor elementor-4494\" data-elementor-post-type=\"page\">\n\t\t\t\t\t\t<section class=\"elementor-section elementor-top-section elementor-element elementor-element-c76458e elementor-section-boxed elementor-section-height-default elementor-section-height-default\" data-id=\"c76458e\" data-element_type=\"section\">\n\t\t\t\t\t\t<div class=\"elementor-container elementor-column-gap-default\">\n\t\t\t\t\t<div class=\"elementor-column elementor-col-25 elementor-top-column elementor-element elementor-element-8b5e8e1\" data-id=\"8b5e8e1\" data-element_type=\"column\">\n\t\t\t<div class=\"elementor-widget-wrap\">\n\t\t\t\t\t\t\t<\/div>\n\t\t<\/div>\n\t\t\t\t<div class=\"elementor-column elementor-col-50 elementor-top-column elementor-element elementor-element-5afa608\" data-id=\"5afa608\" data-element_type=\"column\">\n\t\t\t<div class=\"elementor-widget-wrap elementor-element-populated\">\n\t\t\t\t\t\t<div class=\"elementor-element elementor-element-1111958 elementor-widget elementor-widget-text-editor\" data-id=\"1111958\" data-element_type=\"widget\" data-widget_type=\"text-editor.default\">\n\t\t\t\t<div class=\"elementor-widget-container\">\n\t\t\t\t\t\t\t\t\t<p>Ultima actualizare pe 25 mai 2017 la 10:23<\/p><p>AVERTIZARE. Acest site con\u021bine materiale pentru adul\u021bi cu orientare sexual\u0103, destinate persoanelor cu v\u00e2rsta de 18 ani sau mai mult. Dac\u0103 nu ave\u021bi \u00eenc\u0103 18 ani. Prin vizualizarea acestui site sunte\u021bi de acord c\u0103 \u00een\u021belege\u021bi \u0219i termenii de mai jos:<\/p><p><strong>18 ANI \u015eI MAI V\u00c2TR\u015eE<\/strong><\/p><p>MIISOO.com nu poate interzice minorilor s\u0103 viziteze acest site. P\u0103rin\u021bii sau tutorii sunt responsabili pentru supravegherea copiilor \u0219i adolescen\u021bilor cu privire la materialele potrivite pentru ei s\u0103 le vad\u0103. MIISOO.com cere ca toate achizi\u021biile s\u0103 fie f\u0103cute de persoane cu v\u00e2rsta peste 18 ani.<\/p><p><strong>DREPTURI DE AUTOR<\/strong><\/p><p>Dac\u0103 nu se specific\u0103 altfel, toate materialele care apar pe acest site, inclusiv textul, designul site-ului, siglele, grafica, pictogramele \u0219i imaginile, precum \u0219i selec\u021bia, asamblarea \u0219i aranjarea acestora, sunt proprietatea exclusiv\u0103 a MIISOO.com. Pute\u021bi utiliza con\u021binutul acestui site numai \u00een scopul de a face cump\u0103r\u0103turi pe acest site sau pentru a plasa o comand\u0103 pe acest site \u0219i \u00een niciun alt scop. Niciun material de pe acest site nu poate fi copiat, reprodus, modificat, republicat, \u00eenc\u0103rcat, postat, transmis sau distribuit sub nicio form\u0103 sau prin orice mijloc f\u0103r\u0103 permisiunea prealabil\u0103 scris\u0103 a MIISOO.com. Toate drepturile care nu sunt acordate \u00een mod expres aici sunt rezervate. Orice utilizare neautorizat\u0103 a materialelor care apar pe acest site poate \u00eenc\u0103lca drepturile de autor, m\u0103rcile comerciale \u0219i alte legi aplicabile \u0219i poate duce la sanc\u021biuni penale sau civile.<\/p><p><strong>DISCLAIMER<\/strong><\/p><p>Acest site web v\u0103 este oferit \u201eA\u0219a cum este\u201d, f\u0103r\u0103 nicio garan\u021bie de niciun fel, expres\u0103 sau implicit\u0103. Prin utilizarea site-ului, sunte\u021bi de acord s\u0103 suporta\u021bi toate riscurile asociate cu utilizarea acestor site-uri web \u0219i sunte\u021bi de acord s\u0103 \u021bine\u021bi de r\u0103spundere pe MIISOO.com, ofi\u021berii, directorii, angaja\u021bii \u0219i agen\u021bii s\u0103i de toate revendic\u0103rile care decurg din sau sunt legate de utilizarea sau incapacitatea dvs. pentru a utiliza, site-urile web la care sunt legate. \u00cen plus, sunte\u021bi de acord c\u0103 MIISOO.com sau contribuitorii de informa\u021bii pe site-ul web nu vor fi r\u0103spunz\u0103tori pentru nicio daune sau pierderi cauzate sau presupuse a fi cauzate de dvs. \u00een baza acestor informa\u021bii.<\/p><p>Toate produsele de pe acest site sunt destinate exclusiv utiliz\u0103rii pentru nout\u0103\u021bi. MIISOO.com nu ofer\u0103 nicio garan\u021bie, explicit\u0103 sau implicit\u0103, pentru produsul comandat de la MIISOO.com nu prezint\u0103 daune, defect de produc\u0103tor \u0219i declara\u021bii false ale produc\u0103torului. Prin trimiterea comenzii dumneavoastr\u0103, lua\u021bi la cuno\u0219tin\u021b\u0103 \u0219i sunte\u021bi de acord \u00een mod expres cu urm\u0103toarele: MIISOO.com nu va fi r\u0103spunz\u0103tor fa\u021b\u0103 de niciun cump\u0103r\u0103tor sau alte persoane pentru orice v\u0103t\u0103mare, pierdere sau daune, fie c\u0103 sunt directe, indirecte, incidentale, speciale sau \u00een consecin\u021b\u0103, indiferent de teoria juridic\u0103 sus\u021binut\u0103, inclusiv neglijen\u021ba \u0219i\/sau r\u0103spunderea strict\u0103.<\/p><p><strong>RETURNAREA PL\u0102\u021aII<\/strong><\/p><p>\u00cenregistr\u0103m \u0219irurile IP pentru toate comenzile \u2013 orice comenzi care revin ca rambursare din cauza activit\u0103\u021bilor frauduloase vor fi urm\u0103rite cu s\u00e2rguin\u021b\u0103 prin jurisdic\u021bia dvs. local\u0103 pentru urm\u0103rire penal\u0103 \u00een cea mai mare m\u0103sur\u0103 a legii.<\/p><p>Pentru a face o achizi\u021bie de la MIISOO.com, sunte\u021bi de acord c\u0103 nu ve\u021bi depune nicio disput\u0103\/reclama\u021bie sau rambursare la compania dvs. de card de credit pentru orice comand\u0103 pe care a\u021bi f\u0103cut-o pe MIISOO.com.<\/p><p>MIISOO.com consider\u0103 c\u0103 rambursarea cardului de credit este o fraud\u0103 dac\u0103 nu a\u021bi f\u0103cut niciun efort rezonabil pentru a ne notifica c\u0103 a existat o problem\u0103 \u0219i ne acorda\u021bi timp considerabil pentru a rezolva sau clarifica problema.<\/p><p>Nu toler\u0103m frauda cu cardul de credit. Nicio cheltuial\u0103 nu va fi scutit\u0103 \u0219i toate fraudele f\u0103r\u0103 excep\u021bie vor fi urm\u0103rite penal \u00een toat\u0103 m\u0103sura prev\u0103zut\u0103 de lege. \u00cen plus, vom depune ac\u021biuni \u00een justi\u021bie civil\u0103 pentru a urm\u0103ri orice pierdere de venit legat\u0103 de fraud\u0103, inclusiv afaceri, taxe legale, costuri de cercetare, timpi de nefunc\u021bionare ale angaja\u021bilor \u0219i pierderi de venituri.<\/p><p>Toate ramburs\u0103rile frivole nu numai c\u0103 \u00eei cost\u0103 pe angaja\u021bii no\u0219tri timp departe de chestiunile noastre obi\u0219nuite \u0219i obi\u0219nuite de desf\u0103\u0219urare a afacerilor normale, dar ne cost\u0103 bani, prin urmare:<\/p><p>Sunte\u021bi de acord c\u0103, dac\u0103 alege\u021bi s\u0103 face\u021bi o achizi\u021bie de la MIISOO.com \u0219i s\u0103 depune\u021bi o disput\u0103\/reclama\u021bie sau rambursare la compania dvs. de card de credit pentru o situa\u021bie care contrazice termenii \u0219i condi\u021biile noastre, cu care sunte\u021bi de acord atunci c\u00e2nd plasa\u021bi comanda SAU nu ne-a\u021bi alocat suficient timp pentru a recunoa\u0219te, confirma \u0219i cerceta situa\u021bia; \u0219i ca rezultat, nu c\u00e2\u0219tiga\u021bi argumentul de rambursare sau disputa\/revendicarea.<\/p><p>\u00cen cazul \u00een care c\u00e2\u0219tiga\u021bi taxa \u00eenapoi de la compania cardului dvs. de credit, MIISOO.com va \u00eencerca s\u0103 recupereze taxele contestate \u00een mod fraudulos plus costuri suplimentare prin intermediul unei agen\u021bii de colectare ter\u021b\u0103 parte. Informa\u021biile raportate vor include numele complet, e-mailul, data comenzii, valoarea comenzii, adresa IP, adresa complet\u0103 \u0219i num\u0103rul de telefon.<\/p>\t\t\t\t\t\t\t\t<\/div>\n\t\t\t\t<\/div>\n\t\t\t\t\t<\/div>\n\t\t<\/div>\n\t\t\t\t<div class=\"elementor-column elementor-col-25 elementor-top-column elementor-element elementor-element-df603f8\" data-id=\"df603f8\" data-element_type=\"column\">\n\t\t\t<div class=\"elementor-widget-wrap\">\n\t\t\t\t\t\t\t<\/div>\n\t\t<\/div>\n\t\t\t\t\t<\/div>\n\t\t<\/section>\n\t\t\t\t<\/div>","protected":false},"excerpt":{"rendered":"<p>Last updated on May 25th, 2017 at 10:23 am WARNING. This site contains sexually oriented adult material intended for individuals 18 years of age or older. If you are not yet 18. By viewing this site you agree that you understand and the below terms: 18 YEARS AND OLDER MIISOO.com cannot prohibit minors from visiting&hellip;<\/p>","protected":false},"author":455,"featured_media":0,"parent":0,"menu_order":0,"comment_status":"closed","ping_status":"open","template":"","meta":{"footnotes":""},"class_list":["post-4494","page","type-page","status-publish","hentry"],"yoast_head":"<!-- This site is optimized with the Yoast SEO Premium plugin v22.6 (Yoast SEO v22.9) - https:\/\/yoast.com\/wordpress\/plugins\/seo\/ -->\n<title>Explore Adult Content| Age 18+ Disclaimer | MiisooDoll<\/title>\n<meta name=\"description\" content=\"Discover adult content responsibly with MiisooDoll&#039;s age 18+ disclaimer. Explore a world of intimate satisfaction while prioritizing legal and ethical guidelines.\" \/>\n<meta name=\"robots\" content=\"index, follow, max-snippet:-1, max-image-preview:large, max-video-preview:-1\" \/>\n<link rel=\"canonical\" href=\"https:\/\/www.miisoo.com\/ro\/disclaimer-18\/\" \/>\n<meta property=\"og:locale\" content=\"ro_RO\" \/>\n<meta property=\"og:type\" content=\"article\" \/>\n<meta property=\"og:title\" content=\"Disclaimer 18+\" \/>\n<meta property=\"og:description\" content=\"Discover adult content responsibly with MiisooDoll&#039;s age 18+ disclaimer. Explore a world of intimate satisfaction while prioritizing legal and ethical guidelines.\" \/>\n<meta property=\"og:url\" content=\"https:\/\/www.miisoo.com\/ro\/disclaimer-18\/\" \/>\n<meta property=\"og:site_name\" content=\"MiisooDoll\" \/>\n<meta property=\"article:publisher\" content=\"https:\/\/www.facebook.com\/miisoodoll\" \/>\n<meta property=\"article:modified_time\" content=\"2023-12-22T12:07:15+00:00\" \/>\n<meta name=\"twitter:card\" content=\"summary_large_image\" \/>\n<meta name=\"twitter:site\" content=\"@MiisooSexDolls\" \/>\n<meta name=\"twitter:label1\" content=\"Timp estimat pentru citire\" \/>\n\t<meta name=\"twitter:data1\" content=\"4 minute\" \/>\n<!-- \/ Yoast SEO Premium plugin. -->","yoast_head_json":{"title":"Explore Adult Content| Age 18+ Disclaimer | MiisooDoll","description":"Discover adult content responsibly with MiisooDoll's age 18+ disclaimer. Explore a world of intimate satisfaction while prioritizing legal and ethical guidelines.","robots":{"index":"index","follow":"follow","max-snippet":"max-snippet:-1","max-image-preview":"max-image-preview:large","max-video-preview":"max-video-preview:-1"},"canonical":"https:\/\/www.miisoo.com\/ro\/disclaimer-18\/","og_locale":"ro_RO","og_type":"article","og_title":"Disclaimer 18+","og_description":"Discover adult content responsibly with MiisooDoll's age 18+ disclaimer. Explore a world of intimate satisfaction while prioritizing legal and ethical guidelines.","og_url":"https:\/\/www.miisoo.com\/ro\/disclaimer-18\/","og_site_name":"MiisooDoll","article_publisher":"https:\/\/www.facebook.com\/miisoodoll","article_modified_time":"2023-12-22T12:07:15+00:00","twitter_card":"summary_large_image","twitter_site":"@MiisooSexDolls","twitter_misc":{"Timp estimat pentru citire":"4 minute"},"schema":{"@context":"https:\/\/schema.org","@graph":[{"@type":"WebPage","@id":"https:\/\/www.miisoo.com\/disclaimer-18\/","url":"https:\/\/www.miisoo.com\/disclaimer-18\/","name":"Explore Adult Content| Age 18+ Disclaimer | MiisooDoll","isPartOf":{"@id":"https:\/\/www.miisoo.com\/#website"},"datePublished":"2020-09-16T06:42:35+00:00","dateModified":"2023-12-22T12:07:15+00:00","description":"Discover adult content responsibly with MiisooDoll's age 18+ disclaimer. Explore a world of intimate satisfaction while prioritizing legal and ethical guidelines.","breadcrumb":{"@id":"https:\/\/www.miisoo.com\/disclaimer-18\/#breadcrumb"},"inLanguage":"ro-RO","potentialAction":[{"@type":"ReadAction","target":["https:\/\/www.miisoo.com\/disclaimer-18\/"]}]},{"@type":"BreadcrumbList","@id":"https:\/\/www.miisoo.com\/disclaimer-18\/#breadcrumb","itemListElement":[{"@type":"ListItem","position":1,"name":"Home","item":"https:\/\/www.miisoo.com\/"},{"@type":"ListItem","position":2,"name":"Disclaimer 18+"}]},{"@type":"WebSite","@id":"https:\/\/www.miisoo.com\/#website","url":"https:\/\/www.miisoo.com\/","name":"MiisooDoll","description":"Sexual Doll, Real Sex Dolls, Love Doll, Best Sex Dolls","publisher":{"@id":"https:\/\/www.miisoo.com\/#organization"},"potentialAction":[{"@type":"SearchAction","target":{"@type":"EntryPoint","urlTemplate":"https:\/\/www.miisoo.com\/?s={search_term_string}"},"query-input":"required name=search_term_string"}],"inLanguage":"ro-RO"},{"@type":"Organization","@id":"https:\/\/www.miisoo.com\/#organization","name":"MiisooDoll","url":"https:\/\/www.miisoo.com\/","logo":{"@type":"ImageObject","inLanguage":"ro-RO","@id":"https:\/\/www.miisoo.com\/#\/schema\/logo\/image\/","url":"https:\/\/www.miisoo.com\/wp-content\/uploads\/2020\/09\/logo-botton.png","contentUrl":"https:\/\/www.miisoo.com\/wp-content\/uploads\/2020\/09\/logo-botton.png","width":181,"height":42,"caption":"MiisooDoll"},"image":{"@id":"https:\/\/www.miisoo.com\/#\/schema\/logo\/image\/"},"sameAs":["https:\/\/www.facebook.com\/miisoodoll","https:\/\/x.com\/MiisooSexDolls"]}]}},"_links":{"self":[{"href":"https:\/\/www.miisoo.com\/ro\/wp-json\/wp\/v2\/pages\/4494","targetHints":{"allow":["GET"]}}],"collection":[{"href":"https:\/\/www.miisoo.com\/ro\/wp-json\/wp\/v2\/pages"}],"about":[{"href":"https:\/\/www.miisoo.com\/ro\/wp-json\/wp\/v2\/types\/page"}],"author":[{"embeddable":true,"href":"https:\/\/www.miisoo.com\/ro\/wp-json\/wp\/v2\/users\/455"}],"replies":[{"embeddable":true,"href":"https:\/\/www.miisoo.com\/ro\/wp-json\/wp\/v2\/comments?post=4494"}],"version-history":[{"count":1,"href":"https:\/\/www.miisoo.com\/ro\/wp-json\/wp\/v2\/pages\/4494\/revisions"}],"predecessor-version":[{"id":34670,"href":"https:\/\/www.miisoo.com\/ro\/wp-json\/wp\/v2\/pages\/4494\/revisions\/34670"}],"wp:attachment":[{"href":"https:\/\/www.miisoo.com\/ro\/wp-json\/wp\/v2\/media?parent=4494"}],"curies":[{"name":"wp","href":"https:\/\/api.w.org\/{rel}","templated":true}]}}