{"id":21906,"date":"2022-01-25T17:17:49","date_gmt":"2022-01-25T09:17:49","guid":{"rendered":"https:\/\/www.miisoo.com\/?page_id=21906"},"modified":"2024-08-17T12:51:08","modified_gmt":"2024-08-17T04:51:08","slug":"more-sex-sites","status":"publish","type":"page","link":"https:\/\/www.miisoo.com\/ro\/more-sex-sites\/","title":{"rendered":"Mai multe site-uri de sex"},"content":{"rendered":"<div data-elementor-type=\"page\" data-elementor-id=\"21903\" class=\"elementor elementor-21903\" data-elementor-post-type=\"elementor_library\">\n\t\t\t\t\t\t<section class=\"elementor-section elementor-top-section elementor-element elementor-element-50a3008b elementor-section-boxed elementor-section-height-default elementor-section-height-default\" data-id=\"50a3008b\" data-element_type=\"section\">\n\t\t\t\t\t\t<div class=\"elementor-container elementor-column-gap-default\">\n\t\t\t\t\t<div class=\"elementor-column elementor-col-100 elementor-top-column elementor-element elementor-element-68e2b07\" data-id=\"68e2b07\" data-element_type=\"column\">\n\t\t\t<div class=\"elementor-widget-wrap elementor-element-populated\">\n\t\t\t\t\t\t<div class=\"elementor-element elementor-element-1efbc1b2 elementor-widget elementor-widget-text-editor\" data-id=\"1efbc1b2\" data-element_type=\"widget\" data-widget_type=\"text-editor.default\">\n\t\t\t\t<div class=\"elementor-widget-container\">\n\t\t\t\t\t\t\t\t\t<p>Dac\u0103 p\u0103pu\u0219ile noastre nu sunt potrivite pentru tine, po\u021bi g\u0103si mai multe p\u0103pu\u0219i prin intermediul unor site-uri de p\u0103pu\u0219i sexuale. Ei vor num\u0103ra cele mai populare mall-uri de juc\u0103rii sexuale de pe Internet \u0219i vor face clasamente pe baza recenziilor utilizatorilor \u0219i a factorilor de pre\u021b. Nu trebuie s\u0103 cheltui\u021bi mai mult\u0103 energie pentru a g\u0103si aceste site-uri, v\u0103 oferim urm\u0103toarele site-uri de p\u0103pu\u0219i sexuale.<\/p>\t\t\t\t\t\t\t\t<\/div>\n\t\t\t\t<\/div>\n\t\t\t\t<div class=\"elementor-element elementor-element-40b4b24f elementor-widget elementor-widget-text-editor\" data-id=\"40b4b24f\" data-element_type=\"widget\" data-widget_type=\"text-editor.default\">\n\t\t\t\t<div class=\"elementor-widget-container\">\n\t\t\t\t\t\t\t\t\t<ul><li><span style=\"color: red;\"><a href=\"https:\/\/sexdollxxx.com\/\">Mini p\u0103pu\u0219\u0103 sexual\u0103<\/a>:<\/span> P\u0103pu\u0219\u0103 sexual\u0103 realizat\u0103 perfect din material TPE \u0219i silicon, suntem cea mai de \u00eencredere companie de p\u0103pu\u0219i sexuale, deoarece oferim clien\u021bilor no\u0219tri p\u0103pu\u0219i de dragoste moi \u0219i sigure de \u00eenalt\u0103 calitate \u0219i p\u0103pu\u0219i sexuale super TPE. Livrare garantat\u0103 \u0219i transport gratuit!<\/li><li><a href=\"https:\/\/pornsites.xxx\/\" target=\"_blank\" rel=\"noopener\"><span style=\"color: red;\">Recenzii de site-uri porno:<\/span><\/a> Site-uri porno este pur \u0219i simplu lista celor mai bune site-uri porno \u0219i site-uri de juc\u0103rii sexuale. G\u0103si\u021bi recenzii XXX \u0219i clasamente oneste ale celor mai populare sexcams, tuburi, VR \u0219i tone de site-uri gratuite!<\/li><li><a href=\"https:\/\/utengrense.com\/\" target=\"_blank\" rel=\"noopener\"><span style=\"color: red;\">Utengrense.com:<\/span><\/a> Avem sex shop online \u00een Norvegia \u0219i suntem interesa\u021bi s\u0103 vindem doar articole de \u00eenalt\u0103 calitate la pre\u021b bun clien\u021bilor no\u0219tri, cum ar fi juc\u0103rii sexuale \u0219i lenjerie sexy.<\/li><li><a href=\"https:\/\/www.pincelebs.net\/\" target=\"_blank\" rel=\"noopener\"><span style=\"color: red;\">Pin celebrit\u0103\u021bi:<\/span><\/a> Nud, gol, topless, sexy \u0219i vede\u021bi prin imagini cu actri\u021be celebre, c\u00e2nt\u0103re\u021be, modele \u0219i personalit\u0103\u021bi TV<\/li><li><a href=\"https:\/\/www.youpornlist.com\/\" target=\"_blank\" rel=\"noopener\"><span style=\"color: red;\">Youpornlist.com: <\/span><\/a>YouPornList este o selec\u021bie a celor mai bune site-uri porno pe categorii. Fiecare site a fost selectat dup\u0103 o analiz\u0103 lung\u0103 \u0219i riguroas\u0103 a exper\u021bilor no\u0219tri \u00een lucru manual.<\/li><li><a href=\"https:\/\/www.porninspector.com\/\" target=\"_blank\" rel=\"noopener\"><span style=\"color: red;\">Porninspector.com:<\/span><\/a> Porn Inspector are multe recenzii porno ale unora dintre cele mai promi\u021b\u0103toare site-uri web pentru adul\u021bi. \u00centotdeauna oferim p\u0103rerea noastr\u0103 cea mai sincer\u0103 \u0219i impar\u021bial\u0103. Fiecare articol va include numeroase poze \u0219i mostre video luate direct din zona de membru a site-ului respectiv, oferindu-v\u0103 posibilitatea de a vedea exact ce este oferit \u00eenainte de a v\u0103 decide s\u0103 cump\u0103ra\u021bi!<\/li><li><a href=\"http:\/\/hentai-gamer.com\/\" target=\"_blank\" rel=\"noopener\"><span style=\"color: red;\">Hentai-Gamer:<\/span><\/a> Hentai-Gamer.com este cel mai bun site web pentru jocuri Hentai gratuite 100%. Deci, continu\u0103 \u0219i joac\u0103 jocuri flash hentai acum!<\/li><li><a href=\"https:\/\/sexdollpornhd.com\/\" target=\"_blank\" rel=\"noopener\"><span style=\"color: red;\">Porno HD cu p\u0103pu\u0219i sexuale: <\/span><\/a>Verifica\u021bi videoclipuri porno cu p\u0103pu\u0219i sexuale pe SexDollPornHD.com, astfel \u00eenc\u00e2t s\u0103 v\u0103 pute\u021bi vedea p\u0103pu\u0219a iubit\u0103 \u00een ac\u021biune \u00eenainte de a o cump\u0103ra!<\/li><li><a href=\"https:\/\/www.thesafeporn.com\/\" target=\"_blank\" rel=\"noopener\"><span style=\"color: red;\">Porno sigure: <\/span><\/a>pe thesafeporn.com vei g\u0103si mii de site-uri porno, selectate pentru calitatea \u0219i siguran\u021ba lor, pentru fiecare site o recenzie care te va ajuta \u00een alegerea ta.<\/li><li><a href=\"https:\/\/allpornsites.net\/\" target=\"_blank\" rel=\"noopener\"><span style=\"color: red;\">Allpornsites.net:<\/span><\/a> Pe toate site-urile porno, ve\u021bi g\u0103si cea mai mare selec\u021bie de site-uri porno din univers, care sunt actualizate \u00een mod regulat aproape \u00een fiecare zi, cu noi site-uri porno de orice ni\u0219\u0103.<\/li><li><a href=\"https:\/\/www.sexdollslove.com\/\" target=\"_blank\" rel=\"noopener\"><span style=\"color: red;\">SexDollsLove.com: <\/span><\/a>Liste cu cele mai bune p\u0103pu\u0219i sexuale \u0219i trunchi de dragoste. G\u0103si\u021bi ghidurile \u0219i clasamentele sincere ale celor mai populare p\u0103pu\u0219i de dragoste ast\u0103zi!<\/li><li><a href=\"https:\/\/hotpornbible.com\/\" target=\"_blank\" rel=\"noopener\"><span style=\"color: red;\">Lista de site-uri porno fierbin\u021bi:<\/span><\/a>Hot Porn Bible are cele mai bune site-uri porno din lume! Avem cele mai bine cotate site-uri web gratuite \u0219i premium pentru adul\u021bi xxx din fiecare categorie.<\/li><li><a href=\"https:\/\/www.mrpinks.com\/\" target=\"_blank\" rel=\"noopener\"><span style=\"color: red;\">Recenzii porno:<\/span><\/a> Mr. Pink&#039;s Porn Reviews este site-ul dvs. de recenzii porno de \u00eencredere pentru recenzii sincere de site-uri pentru adul\u021bi, porno cu reduceri \u0219i cele mai bune site-uri porno.<\/li><li><a href=\"https:\/\/richobo.com\/\" target=\"_blank\" rel=\"noopener\"><span style=\"color: red;\">Anunturi clasificate si Ghid pentru escorte | Richobo: <\/span><\/a>Lista de \u0219tiri de divertisment cu anun\u021buri interna\u021bionale pentru adul\u021bi Richobo \/ escorte \/ evenimente \/ striptease \/ servicii pentru adul\u021bi \/ xguide \/ modele \/ masaje \/ ma\u0219ini de lux<\/li><li><a href=\"https:\/\/uncams.com\/\" target=\"_blank\" rel=\"noopener\"><span style=\"color: red;\">Camerele ONU:<\/span><\/a> Urm\u0103re\u0219te acum camere live! Nu este necesar\u0103 \u00eenregistrarea \u2013 100% Chat gratuit pentru adul\u021bi, f\u0103r\u0103 cenzur\u0103. \u00cencepe\u021bi s\u0103 discuta\u021bi cu amatori, exhibi\u021bioni\u015fti, staruri porno cu video \u0219i audio HD.<\/li><li><a href=\"https:\/\/jerkdude.com\"><span style=\"color: #ff0000;\">Pe\u0219te de escort\u0103 <\/span><\/a>\u2013 Vizita\u021bi jerkdude \u0219i g\u0103si\u021bi site-urile porno de top.<\/li><\/ul>\t\t\t\t\t\t\t\t<\/div>\n\t\t\t\t<\/div>\n\t\t\t\t\t<\/div>\n\t\t<\/div>\n\t\t\t\t\t<\/div>\n\t\t<\/section>\n\t\t\t\t<section class=\"elementor-section elementor-top-section elementor-element elementor-element-9bead22 elementor-section-boxed elementor-section-height-default elementor-section-height-default\" data-id=\"9bead22\" data-element_type=\"section\">\n\t\t\t\t\t\t<div class=\"elementor-container elementor-column-gap-default\">\n\t\t\t\t\t<div class=\"elementor-column elementor-col-100 elementor-top-column elementor-element elementor-element-335e664e\" data-id=\"335e664e\" data-element_type=\"column\">\n\t\t\t<div class=\"elementor-widget-wrap elementor-element-populated\">\n\t\t\t\t\t\t<div class=\"elementor-element elementor-element-156cce51 elementor-widget elementor-widget-spacer\" data-id=\"156cce51\" data-element_type=\"widget\" data-widget_type=\"spacer.default\">\n\t\t\t\t<div class=\"elementor-widget-container\">\n\t\t\t\t\t\t\t<div class=\"elementor-spacer\">\n\t\t\t<div class=\"elementor-spacer-inner\"><\/div>\n\t\t<\/div>\n\t\t\t\t\t\t<\/div>\n\t\t\t\t<\/div>\n\t\t\t\t\t<\/div>\n\t\t<\/div>\n\t\t\t\t\t<\/div>\n\t\t<\/section>\n\t\t\t\t<\/div>","protected":false},"excerpt":{"rendered":"","protected":false},"author":455,"featured_media":0,"parent":0,"menu_order":0,"comment_status":"closed","ping_status":"closed","template":"","meta":{"footnotes":""},"class_list":["post-21906","page","type-page","status-publish","hentry"],"yoast_head":"<!-- This site is optimized with the Yoast SEO Premium plugin v22.6 (Yoast SEO v22.9) - https:\/\/yoast.com\/wordpress\/plugins\/seo\/ -->\n<title>Explore More Product | Miisoo Sex Sites | Miisoodoll<\/title>\n<meta name=\"description\" content=\"Dive into an expansive selection at Miisoo Sex Sites. Explore diverse products for a heightened intimate experience. Your satisfaction, our priority at MiisooDoll.\" \/>\n<meta name=\"robots\" content=\"index, follow, max-snippet:-1, max-image-preview:large, max-video-preview:-1\" \/>\n<link rel=\"canonical\" href=\"https:\/\/www.miisoo.com\/ro\/more-sex-sites\/\" \/>\n<meta property=\"og:locale\" content=\"ro_RO\" \/>\n<meta property=\"og:type\" content=\"article\" \/>\n<meta property=\"og:title\" content=\"More Sex Sites\" \/>\n<meta property=\"og:description\" content=\"Dive into an expansive selection at Miisoo Sex Sites. Explore diverse products for a heightened intimate experience. Your satisfaction, our priority at MiisooDoll.\" \/>\n<meta property=\"og:url\" content=\"https:\/\/www.miisoo.com\/ro\/more-sex-sites\/\" \/>\n<meta property=\"og:site_name\" content=\"MiisooDoll\" \/>\n<meta property=\"article:publisher\" content=\"https:\/\/www.facebook.com\/miisoodoll\" \/>\n<meta property=\"article:modified_time\" content=\"2024-08-17T04:51:08+00:00\" \/>\n<meta name=\"twitter:card\" content=\"summary_large_image\" \/>\n<meta name=\"twitter:site\" content=\"@MiisooSexDolls\" \/>\n<meta name=\"twitter:label1\" content=\"Timp estimat pentru citire\" \/>\n\t<meta name=\"twitter:data1\" content=\"1 minut\" \/>\n<!-- \/ Yoast SEO Premium plugin. -->","yoast_head_json":{"title":"Explore More Product | Miisoo Sex Sites | Miisoodoll","description":"Dive into an expansive selection at Miisoo Sex Sites. Explore diverse products for a heightened intimate experience. Your satisfaction, our priority at MiisooDoll.","robots":{"index":"index","follow":"follow","max-snippet":"max-snippet:-1","max-image-preview":"max-image-preview:large","max-video-preview":"max-video-preview:-1"},"canonical":"https:\/\/www.miisoo.com\/ro\/more-sex-sites\/","og_locale":"ro_RO","og_type":"article","og_title":"More Sex Sites","og_description":"Dive into an expansive selection at Miisoo Sex Sites. Explore diverse products for a heightened intimate experience. Your satisfaction, our priority at MiisooDoll.","og_url":"https:\/\/www.miisoo.com\/ro\/more-sex-sites\/","og_site_name":"MiisooDoll","article_publisher":"https:\/\/www.facebook.com\/miisoodoll","article_modified_time":"2024-08-17T04:51:08+00:00","twitter_card":"summary_large_image","twitter_site":"@MiisooSexDolls","twitter_misc":{"Timp estimat pentru citire":"1 minut"},"schema":{"@context":"https:\/\/schema.org","@graph":[{"@type":"WebPage","@id":"https:\/\/www.miisoo.com\/more-sex-sites\/","url":"https:\/\/www.miisoo.com\/more-sex-sites\/","name":"Explore More Product | Miisoo Sex Sites | Miisoodoll","isPartOf":{"@id":"https:\/\/www.miisoo.com\/#website"},"datePublished":"2022-01-25T09:17:49+00:00","dateModified":"2024-08-17T04:51:08+00:00","description":"Dive into an expansive selection at Miisoo Sex Sites. Explore diverse products for a heightened intimate experience. Your satisfaction, our priority at MiisooDoll.","breadcrumb":{"@id":"https:\/\/www.miisoo.com\/more-sex-sites\/#breadcrumb"},"inLanguage":"ro-RO","potentialAction":[{"@type":"ReadAction","target":["https:\/\/www.miisoo.com\/more-sex-sites\/"]}]},{"@type":"BreadcrumbList","@id":"https:\/\/www.miisoo.com\/more-sex-sites\/#breadcrumb","itemListElement":[{"@type":"ListItem","position":1,"name":"Home","item":"https:\/\/www.miisoo.com\/"},{"@type":"ListItem","position":2,"name":"More Sex Sites"}]},{"@type":"WebSite","@id":"https:\/\/www.miisoo.com\/#website","url":"https:\/\/www.miisoo.com\/","name":"MiisooDoll","description":"Sexual Doll, Real Sex Dolls, Love Doll, Best Sex Dolls","publisher":{"@id":"https:\/\/www.miisoo.com\/#organization"},"potentialAction":[{"@type":"SearchAction","target":{"@type":"EntryPoint","urlTemplate":"https:\/\/www.miisoo.com\/?s={search_term_string}"},"query-input":"required name=search_term_string"}],"inLanguage":"ro-RO"},{"@type":"Organization","@id":"https:\/\/www.miisoo.com\/#organization","name":"MiisooDoll","url":"https:\/\/www.miisoo.com\/","logo":{"@type":"ImageObject","inLanguage":"ro-RO","@id":"https:\/\/www.miisoo.com\/#\/schema\/logo\/image\/","url":"https:\/\/www.miisoo.com\/wp-content\/uploads\/2020\/09\/logo-botton.png","contentUrl":"https:\/\/www.miisoo.com\/wp-content\/uploads\/2020\/09\/logo-botton.png","width":181,"height":42,"caption":"MiisooDoll"},"image":{"@id":"https:\/\/www.miisoo.com\/#\/schema\/logo\/image\/"},"sameAs":["https:\/\/www.facebook.com\/miisoodoll","https:\/\/x.com\/MiisooSexDolls"]}]}},"_links":{"self":[{"href":"https:\/\/www.miisoo.com\/ro\/wp-json\/wp\/v2\/pages\/21906","targetHints":{"allow":["GET"]}}],"collection":[{"href":"https:\/\/www.miisoo.com\/ro\/wp-json\/wp\/v2\/pages"}],"about":[{"href":"https:\/\/www.miisoo.com\/ro\/wp-json\/wp\/v2\/types\/page"}],"author":[{"embeddable":true,"href":"https:\/\/www.miisoo.com\/ro\/wp-json\/wp\/v2\/users\/455"}],"replies":[{"embeddable":true,"href":"https:\/\/www.miisoo.com\/ro\/wp-json\/wp\/v2\/comments?post=21906"}],"version-history":[{"count":1,"href":"https:\/\/www.miisoo.com\/ro\/wp-json\/wp\/v2\/pages\/21906\/revisions"}],"predecessor-version":[{"id":21908,"href":"https:\/\/www.miisoo.com\/ro\/wp-json\/wp\/v2\/pages\/21906\/revisions\/21908"}],"wp:attachment":[{"href":"https:\/\/www.miisoo.com\/ro\/wp-json\/wp\/v2\/media?parent=21906"}],"curies":[{"name":"wp","href":"https:\/\/api.w.org\/{rel}","templated":true}]}}