{"id":11648,"date":"2021-04-20T10:24:37","date_gmt":"2021-04-20T02:24:37","guid":{"rendered":"https:\/\/www.miisoo.com\/?page_id=11648"},"modified":"2021-08-24T11:31:33","modified_gmt":"2021-08-24T03:31:33","slug":"sex-doll-video","status":"publish","type":"page","link":"https:\/\/www.miisoo.com\/ro\/sex-doll-video\/","title":{"rendered":"Video cu p\u0103pu\u0219i sexuale"},"content":{"rendered":"<div data-elementor-type=\"wp-page\" data-elementor-id=\"11648\" class=\"elementor elementor-11648\" data-elementor-post-type=\"page\">\n\t\t\t\t\t\t<section class=\"elementor-section elementor-top-section elementor-element elementor-element-51c3849 elementor-section-boxed elementor-section-height-default elementor-section-height-default\" data-id=\"51c3849\" data-element_type=\"section\">\n\t\t\t\t\t\t<div class=\"elementor-container elementor-column-gap-default\">\n\t\t\t\t\t<div class=\"elementor-column elementor-col-33 elementor-top-column elementor-element elementor-element-e4e5a20\" data-id=\"e4e5a20\" data-element_type=\"column\">\n\t\t\t<div class=\"elementor-widget-wrap\">\n\t\t\t\t\t\t\t<\/div>\n\t\t<\/div>\n\t\t\t\t<div class=\"elementor-column elementor-col-33 elementor-top-column elementor-element elementor-element-9d11b23\" data-id=\"9d11b23\" data-element_type=\"column\">\n\t\t\t<div class=\"elementor-widget-wrap elementor-element-populated\">\n\t\t\t\t\t\t<div class=\"elementor-element elementor-element-ee28900 elementor-widget elementor-widget-text-editor\" data-id=\"ee28900\" data-element_type=\"widget\" data-widget_type=\"text-editor.default\">\n\t\t\t\t<div class=\"elementor-widget-container\">\n\t\t\t\t\t\t\t\t\t<div class=\"elementor-element elementor-element-a8da3a2 elementor-widget elementor-widget-text-editor\" data-id=\"a8da3a2\" data-element_type=\"widget\" data-widget_type=\"text-editor.default\"><div class=\"elementor-widget-container\"><div class=\"elementor-text-editor elementor-clearfix\"><h2>Videoclipuri cu p\u0103pu\u0219i sexuale de la MIISOO DOLL Factory<\/h2><p>\u00cenainte de a face o alegere de cump\u0103rare, poate dori\u021bi s\u0103 vede\u021bi c\u00e2teva videoclipuri cu p\u0103pu\u0219i sexuale reale create de noi. Bine, MiisooDoll a adunat o serie de filme realiste cu p\u0103pu\u0219i de dragoste pe aceast\u0103 pagin\u0103 web, pute\u021bi vedea de la p\u0103pu\u0219i sexuale japoneze asiatice p\u00e2n\u0103 la p\u0103pu\u0219i sexuale din abanos, de la p\u0103pu\u0219i sexuale feminine la p\u0103pu\u0219i de dragoste pentru b\u0103rba\u021bi... Toate filmele v\u0103 pot ajuta s\u0103 realiza\u021bi calitatea superioar\u0103 \u0219i realiste. aspectul lui MiisooDolls. Dac\u0103 nu g\u0103si\u021bi videoclipurile acelor p\u0103pu\u0219i pe care le prefera\u021bi, nu ezita\u021bi s\u0103 ne contacta\u021bi! v\u0103 vom trimite c\u00e2t de cur\u00e2nd.<\/p><p>Dac\u0103 dori\u021bi s\u0103 vizualiza\u021bi imaginile brute ale p\u0103pu\u0219ilor sexuale, face\u021bi clic <a href=\"\/ro\/sex-doll-pics\/\">galerie de p\u0103pu\u0219i sexuale<\/a><\/p><\/div><\/div><\/div>\t\t\t\t\t\t\t\t<\/div>\n\t\t\t\t<\/div>\n\t\t\t\t\t<\/div>\n\t\t<\/div>\n\t\t\t\t<div class=\"elementor-column elementor-col-33 elementor-top-column elementor-element elementor-element-70ffc61\" data-id=\"70ffc61\" data-element_type=\"column\">\n\t\t\t<div class=\"elementor-widget-wrap\">\n\t\t\t\t\t\t\t<\/div>\n\t\t<\/div>\n\t\t\t\t\t<\/div>\n\t\t<\/section>\n\t\t\t\t<section class=\"elementor-section elementor-top-section elementor-element elementor-element-9f6d5a9 elementor-section-boxed elementor-section-height-default elementor-section-height-default\" data-id=\"9f6d5a9\" data-element_type=\"section\">\n\t\t\t\t\t\t<div class=\"elementor-container elementor-column-gap-default\">\n\t\t\t\t\t<div class=\"elementor-column elementor-col-33 elementor-top-column elementor-element elementor-element-af89b4e\" data-id=\"af89b4e\" data-element_type=\"column\">\n\t\t\t<div class=\"elementor-widget-wrap\">\n\t\t\t\t\t\t\t<\/div>\n\t\t<\/div>\n\t\t\t\t<div class=\"elementor-column elementor-col-33 elementor-top-column elementor-element elementor-element-ba8c07d\" data-id=\"ba8c07d\" data-element_type=\"column\">\n\t\t\t<div class=\"elementor-widget-wrap elementor-element-populated\">\n\t\t\t\t\t\t<div class=\"elementor-element elementor-element-9895c25 elementor-widget elementor-widget-video\" data-id=\"9895c25\" data-element_type=\"widget\" data-settings=\"{&quot;video_type&quot;:&quot;hosted&quot;,&quot;controls&quot;:&quot;yes&quot;}\" data-widget_type=\"video.default\">\n\t\t\t\t<div class=\"elementor-widget-container\">\n\t\t\t\t\t\t\t<div class=\"e-hosted-video elementor-wrapper elementor-open-inline\">\n\t\t\t\t\t<video class=\"elementor-video\" src=\"https:\/\/www.miisoo.com\/wp-content\/uploads\/2021\/03\/Realistic-Life-Size-Sexy-Small-Boobs-Sex-Doll-MiisooDoll.x264.aac.mp4\" controls=\"\" preload=\"metadata\"><\/video>\n\t\t\t\t<\/div>\n\t\t\t\t\t\t<\/div>\n\t\t\t\t<\/div>\n\t\t\t\t\t<\/div>\n\t\t<\/div>\n\t\t\t\t<div class=\"elementor-column elementor-col-33 elementor-top-column elementor-element elementor-element-0bf17c6\" data-id=\"0bf17c6\" data-element_type=\"column\">\n\t\t\t<div class=\"elementor-widget-wrap\">\n\t\t\t\t\t\t\t<\/div>\n\t\t<\/div>\n\t\t\t\t\t<\/div>\n\t\t<\/section>\n\t\t\t\t<section class=\"elementor-section elementor-top-section elementor-element elementor-element-73c3026 elementor-section-boxed elementor-section-height-default elementor-section-height-default\" data-id=\"73c3026\" data-element_type=\"section\">\n\t\t\t\t\t\t<div class=\"elementor-container elementor-column-gap-default\">\n\t\t\t\t\t<div class=\"elementor-column elementor-col-33 elementor-top-column elementor-element elementor-element-96d539b\" data-id=\"96d539b\" data-element_type=\"column\">\n\t\t\t<div class=\"elementor-widget-wrap\">\n\t\t\t\t\t\t\t<\/div>\n\t\t<\/div>\n\t\t\t\t<div class=\"elementor-column elementor-col-33 elementor-top-column elementor-element elementor-element-b1e8d6a\" data-id=\"b1e8d6a\" data-element_type=\"column\">\n\t\t\t<div class=\"elementor-widget-wrap elementor-element-populated\">\n\t\t\t\t\t\t<div class=\"elementor-element elementor-element-0d40825 elementor-widget elementor-widget-video\" data-id=\"0d40825\" data-element_type=\"widget\" data-settings=\"{&quot;video_type&quot;:&quot;hosted&quot;,&quot;controls&quot;:&quot;yes&quot;}\" data-widget_type=\"video.default\">\n\t\t\t\t<div class=\"elementor-widget-container\">\n\t\t\t\t\t\t\t<div class=\"e-hosted-video elementor-wrapper elementor-open-inline\">\n\t\t\t\t\t<video class=\"elementor-video\" src=\"https:\/\/www.miisoo.com\/wp-content\/uploads\/2021\/03\/Realistic-Asian-Mini-Teen-Sex-Doll-MiisooDoll.mp4\" controls=\"\" preload=\"metadata\"><\/video>\n\t\t\t\t<\/div>\n\t\t\t\t\t\t<\/div>\n\t\t\t\t<\/div>\n\t\t\t\t\t<\/div>\n\t\t<\/div>\n\t\t\t\t<div class=\"elementor-column elementor-col-33 elementor-top-column elementor-element elementor-element-17c4d15\" data-id=\"17c4d15\" data-element_type=\"column\">\n\t\t\t<div class=\"elementor-widget-wrap\">\n\t\t\t\t\t\t\t<\/div>\n\t\t<\/div>\n\t\t\t\t\t<\/div>\n\t\t<\/section>\n\t\t\t\t<section class=\"elementor-section elementor-top-section elementor-element elementor-element-8b5bc56 elementor-section-boxed elementor-section-height-default elementor-section-height-default\" data-id=\"8b5bc56\" data-element_type=\"section\">\n\t\t\t\t\t\t<div class=\"elementor-container elementor-column-gap-default\">\n\t\t\t\t\t<div class=\"elementor-column elementor-col-33 elementor-top-column elementor-element elementor-element-c3fe721\" data-id=\"c3fe721\" data-element_type=\"column\">\n\t\t\t<div class=\"elementor-widget-wrap\">\n\t\t\t\t\t\t\t<\/div>\n\t\t<\/div>\n\t\t\t\t<div class=\"elementor-column elementor-col-33 elementor-top-column elementor-element elementor-element-cc14350\" data-id=\"cc14350\" data-element_type=\"column\">\n\t\t\t<div class=\"elementor-widget-wrap elementor-element-populated\">\n\t\t\t\t\t\t<div class=\"elementor-element elementor-element-81aabf1 elementor-widget elementor-widget-video\" data-id=\"81aabf1\" data-element_type=\"widget\" data-settings=\"{&quot;video_type&quot;:&quot;hosted&quot;,&quot;show_image_overlay&quot;:&quot;yes&quot;,&quot;controls&quot;:&quot;yes&quot;,&quot;image_overlay&quot;:{&quot;url&quot;:&quot;https:\\\/\\\/www.miisoo.com\\\/wp-content\\\/plugins\\\/elementor\\\/assets\\\/images\\\/placeholder.png&quot;,&quot;id&quot;:&quot;&quot;,&quot;size&quot;:&quot;&quot;}}\" data-widget_type=\"video.default\">\n\t\t\t\t<div class=\"elementor-widget-container\">\n\t\t\t\t\t\t\t<div class=\"e-hosted-video elementor-wrapper elementor-open-inline\">\n\t\t\t\t\t<video class=\"elementor-video\" src=\"https:\/\/www.miisoo.com\/wp-content\/uploads\/2021\/03\/Real-Life-Small-Breasted-Skinny-Sex-Doll-Miisoo-Doll.mp4\" controls=\"\" preload=\"metadata\"><\/video>\n\t\t\t\t\t\t<div class=\"elementor-custom-embed-image-overlay\" style=\"background-image: url(https:\/\/www.miisoo.com\/wp-content\/plugins\/elementor\/assets\/images\/placeholder.png);\">\n\t\t\t\t\t\t\t\t\t\t\t\t\t\t<\/div>\n\t\t\t\t\t<\/div>\n\t\t\t\t\t\t<\/div>\n\t\t\t\t<\/div>\n\t\t\t\t\t<\/div>\n\t\t<\/div>\n\t\t\t\t<div class=\"elementor-column elementor-col-33 elementor-top-column elementor-element elementor-element-7e49d86\" data-id=\"7e49d86\" data-element_type=\"column\">\n\t\t\t<div class=\"elementor-widget-wrap\">\n\t\t\t\t\t\t\t<\/div>\n\t\t<\/div>\n\t\t\t\t\t<\/div>\n\t\t<\/section>\n\t\t\t\t<section class=\"elementor-section elementor-top-section elementor-element elementor-element-c3ba7c0 elementor-section-boxed elementor-section-height-default elementor-section-height-default\" data-id=\"c3ba7c0\" data-element_type=\"section\">\n\t\t\t\t\t\t<div class=\"elementor-container elementor-column-gap-default\">\n\t\t\t\t\t<div class=\"elementor-column elementor-col-33 elementor-top-column elementor-element elementor-element-7ec96ce\" data-id=\"7ec96ce\" data-element_type=\"column\">\n\t\t\t<div class=\"elementor-widget-wrap\">\n\t\t\t\t\t\t\t<\/div>\n\t\t<\/div>\n\t\t\t\t<div class=\"elementor-column elementor-col-33 elementor-top-column elementor-element elementor-element-10e6a95\" data-id=\"10e6a95\" data-element_type=\"column\">\n\t\t\t<div class=\"elementor-widget-wrap elementor-element-populated\">\n\t\t\t\t\t\t<div class=\"elementor-element elementor-element-3bb8dca elementor-widget elementor-widget-video\" data-id=\"3bb8dca\" data-element_type=\"widget\" data-settings=\"{&quot;video_type&quot;:&quot;hosted&quot;,&quot;controls&quot;:&quot;yes&quot;}\" data-widget_type=\"video.default\">\n\t\t\t\t<div class=\"elementor-widget-container\">\n\t\t\t\t\t\t\t<div class=\"e-hosted-video elementor-wrapper elementor-open-inline\">\n\t\t\t\t\t<video class=\"elementor-video\" src=\"https:\/\/www.miisoo.com\/wp-content\/uploads\/2021\/03\/Hot-Asian-Small-Tits-Sexy-Sex-Love-Doll-MiisooDoll.x264.aac.mp4\" controls=\"\" preload=\"metadata\"><\/video>\n\t\t\t\t<\/div>\n\t\t\t\t\t\t<\/div>\n\t\t\t\t<\/div>\n\t\t\t\t\t<\/div>\n\t\t<\/div>\n\t\t\t\t<div class=\"elementor-column elementor-col-33 elementor-top-column elementor-element elementor-element-79f026a\" data-id=\"79f026a\" data-element_type=\"column\">\n\t\t\t<div class=\"elementor-widget-wrap\">\n\t\t\t\t\t\t\t<\/div>\n\t\t<\/div>\n\t\t\t\t\t<\/div>\n\t\t<\/section>\n\t\t\t\t<section class=\"elementor-section elementor-top-section elementor-element elementor-element-d5d66ed elementor-section-boxed elementor-section-height-default elementor-section-height-default\" data-id=\"d5d66ed\" data-element_type=\"section\">\n\t\t\t\t\t\t<div class=\"elementor-container elementor-column-gap-default\">\n\t\t\t\t\t<div class=\"elementor-column elementor-col-33 elementor-top-column elementor-element elementor-element-e3bb193\" data-id=\"e3bb193\" data-element_type=\"column\">\n\t\t\t<div class=\"elementor-widget-wrap\">\n\t\t\t\t\t\t\t<\/div>\n\t\t<\/div>\n\t\t\t\t<div class=\"elementor-column elementor-col-33 elementor-top-column elementor-element elementor-element-bb26ad1\" data-id=\"bb26ad1\" data-element_type=\"column\">\n\t\t\t<div class=\"elementor-widget-wrap elementor-element-populated\">\n\t\t\t\t\t\t<div class=\"elementor-element elementor-element-1d58e48 elementor-widget elementor-widget-video\" data-id=\"1d58e48\" data-element_type=\"widget\" data-settings=\"{&quot;video_type&quot;:&quot;hosted&quot;,&quot;controls&quot;:&quot;yes&quot;}\" data-widget_type=\"video.default\">\n\t\t\t\t<div class=\"elementor-widget-container\">\n\t\t\t\t\t\t\t<div class=\"e-hosted-video elementor-wrapper elementor-open-inline\">\n\t\t\t\t\t<video class=\"elementor-video\" src=\"https:\/\/www.miisoo.com\/wp-content\/uploads\/2021\/03\/Asian-Japanese-Big-Tits-Realistic-Sex-Doll-Miisoo-Doll.mp4\" controls=\"\" preload=\"metadata\"><\/video>\n\t\t\t\t<\/div>\n\t\t\t\t\t\t<\/div>\n\t\t\t\t<\/div>\n\t\t\t\t\t<\/div>\n\t\t<\/div>\n\t\t\t\t<div class=\"elementor-column elementor-col-33 elementor-top-column elementor-element elementor-element-0dae115\" data-id=\"0dae115\" data-element_type=\"column\">\n\t\t\t<div class=\"elementor-widget-wrap\">\n\t\t\t\t\t\t\t<\/div>\n\t\t<\/div>\n\t\t\t\t\t<\/div>\n\t\t<\/section>\n\t\t\t\t<section class=\"elementor-section elementor-top-section elementor-element elementor-element-69f3580 elementor-section-boxed elementor-section-height-default elementor-section-height-default\" data-id=\"69f3580\" data-element_type=\"section\">\n\t\t\t\t\t\t<div class=\"elementor-container elementor-column-gap-default\">\n\t\t\t\t\t<div class=\"elementor-column elementor-col-33 elementor-top-column elementor-element elementor-element-e54a17b\" data-id=\"e54a17b\" data-element_type=\"column\">\n\t\t\t<div class=\"elementor-widget-wrap\">\n\t\t\t\t\t\t\t<\/div>\n\t\t<\/div>\n\t\t\t\t<div class=\"elementor-column elementor-col-33 elementor-top-column elementor-element elementor-element-18abe7a\" data-id=\"18abe7a\" data-element_type=\"column\">\n\t\t\t<div class=\"elementor-widget-wrap elementor-element-populated\">\n\t\t\t\t\t\t<div class=\"elementor-element elementor-element-a039b0b elementor-widget elementor-widget-video\" data-id=\"a039b0b\" data-element_type=\"widget\" data-settings=\"{&quot;video_type&quot;:&quot;hosted&quot;,&quot;controls&quot;:&quot;yes&quot;}\" data-widget_type=\"video.default\">\n\t\t\t\t<div class=\"elementor-widget-container\">\n\t\t\t\t\t\t\t<div class=\"e-hosted-video elementor-wrapper elementor-open-inline\">\n\t\t\t\t\t<video class=\"elementor-video\" src=\"https:\/\/www.miisoo.com\/wp-content\/uploads\/2021\/03\/TPE-Big-Boobs-Big-Butt-Milf-Sex-Doll-MiisooDoll.x264.aac.mp4\" controls=\"\" preload=\"metadata\"><\/video>\n\t\t\t\t<\/div>\n\t\t\t\t\t\t<\/div>\n\t\t\t\t<\/div>\n\t\t\t\t\t<\/div>\n\t\t<\/div>\n\t\t\t\t<div class=\"elementor-column elementor-col-33 elementor-top-column elementor-element elementor-element-132ba35\" data-id=\"132ba35\" data-element_type=\"column\">\n\t\t\t<div class=\"elementor-widget-wrap\">\n\t\t\t\t\t\t\t<\/div>\n\t\t<\/div>\n\t\t\t\t\t<\/div>\n\t\t<\/section>\n\t\t\t\t<section class=\"elementor-section elementor-top-section elementor-element elementor-element-3abf4a6 elementor-section-boxed elementor-section-height-default elementor-section-height-default\" data-id=\"3abf4a6\" data-element_type=\"section\">\n\t\t\t\t\t\t<div class=\"elementor-container elementor-column-gap-default\">\n\t\t\t\t\t<div class=\"elementor-column elementor-col-33 elementor-top-column elementor-element elementor-element-32e935d\" data-id=\"32e935d\" data-element_type=\"column\">\n\t\t\t<div class=\"elementor-widget-wrap\">\n\t\t\t\t\t\t\t<\/div>\n\t\t<\/div>\n\t\t\t\t<div class=\"elementor-column elementor-col-33 elementor-top-column elementor-element elementor-element-a614db5\" data-id=\"a614db5\" data-element_type=\"column\">\n\t\t\t<div class=\"elementor-widget-wrap elementor-element-populated\">\n\t\t\t\t\t\t<div class=\"elementor-element elementor-element-8198642 elementor-widget elementor-widget-video\" data-id=\"8198642\" data-element_type=\"widget\" data-settings=\"{&quot;video_type&quot;:&quot;hosted&quot;,&quot;controls&quot;:&quot;yes&quot;}\" data-widget_type=\"video.default\">\n\t\t\t\t<div class=\"elementor-widget-container\">\n\t\t\t\t\t\t\t<div class=\"e-hosted-video elementor-wrapper elementor-open-inline\">\n\t\t\t\t\t<video class=\"elementor-video\" src=\"https:\/\/www.miisoo.com\/wp-content\/uploads\/2021\/03\/Realistic-Life-Size-Big-Booty-Busty-Blonde-Sex-Doll-Miisoo-Doll.mp4\" controls=\"\" preload=\"metadata\"><\/video>\n\t\t\t\t<\/div>\n\t\t\t\t\t\t<\/div>\n\t\t\t\t<\/div>\n\t\t\t\t\t<\/div>\n\t\t<\/div>\n\t\t\t\t<div class=\"elementor-column elementor-col-33 elementor-top-column elementor-element elementor-element-3ed5243\" data-id=\"3ed5243\" data-element_type=\"column\">\n\t\t\t<div class=\"elementor-widget-wrap\">\n\t\t\t\t\t\t\t<\/div>\n\t\t<\/div>\n\t\t\t\t\t<\/div>\n\t\t<\/section>\n\t\t\t\t<section class=\"elementor-section elementor-top-section elementor-element elementor-element-76ce7fe elementor-section-boxed elementor-section-height-default elementor-section-height-default\" data-id=\"76ce7fe\" data-element_type=\"section\">\n\t\t\t\t\t\t<div class=\"elementor-container elementor-column-gap-default\">\n\t\t\t\t\t<div class=\"elementor-column elementor-col-100 elementor-top-column elementor-element elementor-element-a3e19f7\" data-id=\"a3e19f7\" data-element_type=\"column\">\n\t\t\t<div class=\"elementor-widget-wrap elementor-element-populated\">\n\t\t\t\t\t\t<div class=\"elementor-element elementor-element-7c34e35 elementor-widget elementor-widget-spacer\" data-id=\"7c34e35\" data-element_type=\"widget\" data-widget_type=\"spacer.default\">\n\t\t\t\t<div class=\"elementor-widget-container\">\n\t\t\t\t\t\t\t<div class=\"elementor-spacer\">\n\t\t\t<div class=\"elementor-spacer-inner\"><\/div>\n\t\t<\/div>\n\t\t\t\t\t\t<\/div>\n\t\t\t\t<\/div>\n\t\t\t\t\t<\/div>\n\t\t<\/div>\n\t\t\t\t\t<\/div>\n\t\t<\/section>\n\t\t\t\t<section class=\"elementor-section elementor-top-section elementor-element elementor-element-c978735 elementor-section-boxed elementor-section-height-default elementor-section-height-default\" data-id=\"c978735\" data-element_type=\"section\">\n\t\t\t\t\t\t<div class=\"elementor-container elementor-column-gap-default\">\n\t\t\t\t\t<div class=\"elementor-column elementor-col-100 elementor-top-column elementor-element elementor-element-b7c30b3\" data-id=\"b7c30b3\" data-element_type=\"column\">\n\t\t\t<div class=\"elementor-widget-wrap elementor-element-populated\">\n\t\t\t\t\t\t<div class=\"elementor-element elementor-element-69a1171 elementor-widget elementor-widget-text-editor\" data-id=\"69a1171\" data-element_type=\"widget\" data-widget_type=\"text-editor.default\">\n\t\t\t\t<div class=\"elementor-widget-container\">\n\t\t\t\t\t\t\t\t\t<p>Te-ai \u00eentrebat vreodat\u0103 cum ar fi s\u0103 faci sex cu o p\u0103pu\u0219\u0103 sexual\u0103? Nu pierde timpul, caut\u0103 porno cu p\u0103pu\u0219i sexuale, vei fi \u0219ocat s\u0103 realizezi c\u0103 exist\u0103 deja o mul\u021bime de videoclipuri atr\u0103g\u0103toare. P\u0103pu\u0219ile sexuale Pornstar exist\u0103 de mult timp. Exist\u0103 variet\u0103\u021bi de p\u0103pu\u0219i sexuale realiste de v\u00e2nzare, de la p\u0103pu\u0219i de dragoste pentru b\u0103rba\u021bi la femei, de la p\u0103pu\u0219i de dragoste din silicon p\u00e2n\u0103 la p\u0103pu\u0219i de dragoste TPE, de la p\u0103pu\u0219i de dragoste japoneze p\u00e2n\u0103 la p\u0103pu\u0219i sexuale negre care sunt disponibile \u00een unele bordeluri \u00een zilele noastre. Aceste p\u0103pu\u0219i sexuale sunt concepute \u00een primul r\u00e2nd pentru a sem\u0103na cu o femeie adev\u0103rat\u0103 (sau un b\u0103rbat adev\u0103rat) \u00een toate modurile posibile, din dimensiunea, forma \u0219i p\u0103r\u021bile intime respective. \u00cen porno cu p\u0103pu\u0219i sexuale, fie porno cu p\u0103pu\u0219i sexuale feminine sau masculine, vei g\u0103si pornostarul t\u0103u favorit cu p\u0103pu\u0219i.<\/p><p>De\u0219i aceast\u0103 porno realist\u0103 cu p\u0103pu\u0219i sexuale este \u00een primul r\u00e2nd pentru masturbare, unii oameni prefer\u0103 prezen\u021ba fizic\u0103 a acestor p\u0103pu\u0219i sexuale cu vedete porno, a\u0219a c\u0103 merg p\u00e2n\u0103 la achizi\u021bionarea unei p\u0103pu\u0219i sexuale pentru a se bucura.<\/p>\t\t\t\t\t\t\t\t<\/div>\n\t\t\t\t<\/div>\n\t\t\t\t\t<\/div>\n\t\t<\/div>\n\t\t\t\t\t<\/div>\n\t\t<\/section>\n\t\t\t\t<\/div>","protected":false},"excerpt":{"rendered":"<p>Sex Doll Videos From MIISOO DOLL Factory Before you make an shopping purchase choice, you may want to see some real sex doll videos created by us. Fine, MiisooDoll has gathered a number of realistic love doll movies on this webpage, you can see from Asian Japanese sex dolls to Ebony sex dolls, from female&hellip;<\/p>","protected":false},"author":455,"featured_media":0,"parent":0,"menu_order":0,"comment_status":"closed","ping_status":"closed","template":"","meta":{"footnotes":""},"class_list":["post-11648","page","type-page","status-publish","hentry"],"yoast_head":"<!-- This site is optimized with the Yoast SEO Premium plugin v22.6 (Yoast SEO v22.9) - https:\/\/yoast.com\/wordpress\/plugins\/seo\/ -->\n<title>Sex Doll Video - Sex Doll Porn Video - Sex Doll Porn - MiisooDoll<\/title>\n<meta name=\"description\" content=\"Watch Sex Doll porn videos for free, Discover the growing collection of high quality Most Relevant sex doll video from factory\" \/>\n<meta name=\"robots\" content=\"index, follow, max-snippet:-1, max-image-preview:large, max-video-preview:-1\" \/>\n<link rel=\"canonical\" href=\"https:\/\/www.miisoo.com\/ro\/sex-doll-video\/\" \/>\n<meta property=\"og:locale\" content=\"ro_RO\" \/>\n<meta property=\"og:type\" content=\"article\" \/>\n<meta property=\"og:title\" content=\"Sex Doll Video\" \/>\n<meta property=\"og:description\" content=\"Watch Sex Doll porn videos for free, Discover the growing collection of high quality Most Relevant sex doll video from factory\" \/>\n<meta property=\"og:url\" content=\"https:\/\/www.miisoo.com\/ro\/sex-doll-video\/\" \/>\n<meta property=\"og:site_name\" content=\"MiisooDoll\" \/>\n<meta property=\"article:publisher\" content=\"https:\/\/www.facebook.com\/miisoodoll\" \/>\n<meta property=\"article:modified_time\" content=\"2021-08-24T03:31:33+00:00\" \/>\n<meta name=\"twitter:card\" content=\"summary_large_image\" \/>\n<meta name=\"twitter:site\" content=\"@MiisooSexDolls\" \/>\n<meta name=\"twitter:label1\" content=\"Timp estimat pentru citire\" \/>\n\t<meta name=\"twitter:data1\" content=\"2 minute\" \/>\n<!-- \/ Yoast SEO Premium plugin. -->","yoast_head_json":{"title":"Sex Doll Video - Sex Doll Porn Video - Sex Doll Porn - MiisooDoll","description":"Watch Sex Doll porn videos for free, Discover the growing collection of high quality Most Relevant sex doll video from factory","robots":{"index":"index","follow":"follow","max-snippet":"max-snippet:-1","max-image-preview":"max-image-preview:large","max-video-preview":"max-video-preview:-1"},"canonical":"https:\/\/www.miisoo.com\/ro\/sex-doll-video\/","og_locale":"ro_RO","og_type":"article","og_title":"Sex Doll Video","og_description":"Watch Sex Doll porn videos for free, Discover the growing collection of high quality Most Relevant sex doll video from factory","og_url":"https:\/\/www.miisoo.com\/ro\/sex-doll-video\/","og_site_name":"MiisooDoll","article_publisher":"https:\/\/www.facebook.com\/miisoodoll","article_modified_time":"2021-08-24T03:31:33+00:00","twitter_card":"summary_large_image","twitter_site":"@MiisooSexDolls","twitter_misc":{"Timp estimat pentru citire":"2 minute"},"schema":{"@context":"https:\/\/schema.org","@graph":[{"@type":"WebPage","@id":"https:\/\/www.miisoo.com\/sex-doll-video\/","url":"https:\/\/www.miisoo.com\/sex-doll-video\/","name":"Sex Doll Video - Sex Doll Porn Video - Sex Doll Porn - MiisooDoll","isPartOf":{"@id":"https:\/\/www.miisoo.com\/#website"},"datePublished":"2021-04-20T02:24:37+00:00","dateModified":"2021-08-24T03:31:33+00:00","description":"Watch Sex Doll porn videos for free, Discover the growing collection of high quality Most Relevant sex doll video from factory","breadcrumb":{"@id":"https:\/\/www.miisoo.com\/sex-doll-video\/#breadcrumb"},"inLanguage":"ro-RO","potentialAction":[{"@type":"ReadAction","target":["https:\/\/www.miisoo.com\/sex-doll-video\/"]}]},{"@type":"BreadcrumbList","@id":"https:\/\/www.miisoo.com\/sex-doll-video\/#breadcrumb","itemListElement":[{"@type":"ListItem","position":1,"name":"Home","item":"https:\/\/www.miisoo.com\/"},{"@type":"ListItem","position":2,"name":"Sex Doll Video"}]},{"@type":"WebSite","@id":"https:\/\/www.miisoo.com\/#website","url":"https:\/\/www.miisoo.com\/","name":"MiisooDoll","description":"Sexual Doll, Real Sex Dolls, Love Doll, Best Sex Dolls","publisher":{"@id":"https:\/\/www.miisoo.com\/#organization"},"potentialAction":[{"@type":"SearchAction","target":{"@type":"EntryPoint","urlTemplate":"https:\/\/www.miisoo.com\/?s={search_term_string}"},"query-input":"required name=search_term_string"}],"inLanguage":"ro-RO"},{"@type":"Organization","@id":"https:\/\/www.miisoo.com\/#organization","name":"MiisooDoll","url":"https:\/\/www.miisoo.com\/","logo":{"@type":"ImageObject","inLanguage":"ro-RO","@id":"https:\/\/www.miisoo.com\/#\/schema\/logo\/image\/","url":"https:\/\/www.miisoo.com\/wp-content\/uploads\/2020\/09\/logo-botton.png","contentUrl":"https:\/\/www.miisoo.com\/wp-content\/uploads\/2020\/09\/logo-botton.png","width":181,"height":42,"caption":"MiisooDoll"},"image":{"@id":"https:\/\/www.miisoo.com\/#\/schema\/logo\/image\/"},"sameAs":["https:\/\/www.facebook.com\/miisoodoll","https:\/\/x.com\/MiisooSexDolls"]}]}},"_links":{"self":[{"href":"https:\/\/www.miisoo.com\/ro\/wp-json\/wp\/v2\/pages\/11648","targetHints":{"allow":["GET"]}}],"collection":[{"href":"https:\/\/www.miisoo.com\/ro\/wp-json\/wp\/v2\/pages"}],"about":[{"href":"https:\/\/www.miisoo.com\/ro\/wp-json\/wp\/v2\/types\/page"}],"author":[{"embeddable":true,"href":"https:\/\/www.miisoo.com\/ro\/wp-json\/wp\/v2\/users\/455"}],"replies":[{"embeddable":true,"href":"https:\/\/www.miisoo.com\/ro\/wp-json\/wp\/v2\/comments?post=11648"}],"version-history":[{"count":6,"href":"https:\/\/www.miisoo.com\/ro\/wp-json\/wp\/v2\/pages\/11648\/revisions"}],"predecessor-version":[{"id":13939,"href":"https:\/\/www.miisoo.com\/ro\/wp-json\/wp\/v2\/pages\/11648\/revisions\/13939"}],"wp:attachment":[{"href":"https:\/\/www.miisoo.com\/ro\/wp-json\/wp\/v2\/media?parent=11648"}],"curies":[{"name":"wp","href":"https:\/\/api.w.org\/{rel}","templated":true}]}}