{"id":21212,"date":"2022-01-05T20:54:21","date_gmt":"2022-01-05T12:54:21","guid":{"rendered":"https:\/\/www.miisoo.com\/?post_type=product&#038;p=21212"},"modified":"2022-01-07T11:34:06","modified_gmt":"2022-01-07T03:34:06","slug":"cheap-realistic-japanese-male-sex-dolls","status":"publish","type":"product","link":"https:\/\/www.miisoo.com\/pt\/product\/cheap-realistic-japanese-male-sex-dolls\/","title":{"rendered":"Michael -145 cm Bonecas Sexuais Japonesas Realistas Baratas"},"content":{"rendered":"<p>Esta boneca sexual masculina ereta e barata faz parte de nossa cole\u00e7\u00e3o de bonecos sexuais masculinos japoneses. Michael \u00e9 um banqueiro solit\u00e1rio que procura uma mulher para tirar sua virgindade. Embora seja um homem mais velho, este boneco da vida real nunca fez sexo antes. Ele gosta de se masturbar <a href=\"https:\/\/www.miisoo.com\/pt\/produto\/new-lifelike-full-size-male-sex-doll\/\">durante sua liberdade<\/a> tempo enquanto assiste pornografia masculina com bonecas sexuais de silicone.<\/p>\n<p>Apesar de sua natureza tranquila, Michael tem um segredinho sujo que pode compartilhar com voc\u00ea. Ele \u00e9 um viciado em sexo cujo v\u00eddeo favorito de boneca masculina real envolve fixa\u00e7\u00e3o. Abaixo da superf\u00edcie, este boneco masculino n\u00e3o tem limites. Ele tem um lado selvagem esperando para ser liberado.<\/p>\n<p>O boneco sexual realista parece um homem de verdade que est\u00e1 pronto para voc\u00ea. Olhe nos olhos deste cavalheiro enquanto ele leva voc\u00ea para um passeio <a href=\"https:\/\/www.youtube.com\/watch?v=QjZbPA1cMIU\">amo montanha-russa<\/a>. Este companheiro de silicone ir\u00e1 satisfazer todos os seus desejos entre os len\u00e7\u00f3is, tornando-o uma compra que vale a pena.<\/p>\n<p><strong>Medidas de bonecas sexuais masculinas japonesas<\/strong><\/p>\n<table style=\"border-collapse: collapse; width: 304.52pt;\" border=\"0\" width=\"406\" cellspacing=\"0\" cellpadding=\"0\">\n<tbody>\n<tr style=\"height: 28.00pt;\">\n<td class=\"et2\" style=\"height: 28.00pt; width: 124.50pt;\" width=\"166\" height=\"37\">Altura:<\/td>\n<td class=\"et2\" style=\"width: 180.00pt;\" width=\"240\">Boneca Real Masculina TPE 145cm<\/td>\n<\/tr>\n<tr style=\"height: 28.00pt;\">\n<td class=\"et2\" style=\"height: 28.00pt;\" height=\"37\">Busto:<\/td>\n<td class=\"et2\">70cm<\/td>\n<\/tr>\n<tr style=\"height: 28.00pt;\">\n<td class=\"et2\" style=\"height: 28.00pt;\" height=\"37\">Cintura:<\/td>\n<td class=\"et2\">62cm<\/td>\n<\/tr>\n<tr style=\"height: 28.00pt;\">\n<td class=\"et2\" style=\"height: 28.00pt;\" height=\"37\">Quadris:<\/td>\n<td class=\"et2\">79cm<\/td>\n<\/tr>\n<tr style=\"height: 28.00pt;\">\n<td class=\"et2\" style=\"height: 28.00pt;\" height=\"37\">Comprimento do bra\u00e7o:<\/td>\n<td class=\"et2\">60cm<\/td>\n<\/tr>\n<tr style=\"height: 28.00pt;\">\n<td class=\"et2\" style=\"height: 28.00pt;\" height=\"37\">Pesco\u00e7o:<\/td>\n<td class=\"et2\">28cm<\/td>\n<\/tr>\n<tr style=\"height: 28.00pt;\">\n<td class=\"et2\" style=\"height: 28.00pt;\" height=\"37\">Largura do ombro:<\/td>\n<td class=\"et2\">35cm<\/td>\n<\/tr>\n<tr style=\"height: 28.00pt;\">\n<td class=\"et2\" style=\"height: 28.00pt;\" height=\"37\">Peso:<\/td>\n<td class=\"et2\">31kg<\/td>\n<\/tr>\n<tr style=\"height: 28.00pt;\">\n<td class=\"et2\" style=\"height: 28.00pt;\" height=\"37\">Comprimento do p\u00eanis:<\/td>\n<td class=\"et2\">17cm<\/td>\n<\/tr>\n<tr style=\"height: 28.00pt;\">\n<td class=\"et2\" style=\"height: 28.00pt;\" height=\"37\">Di\u00e2metro do p\u00eanis:<\/td>\n<td class=\"et2\">3,5cm<\/td>\n<\/tr>\n<tr style=\"height: 28.00pt;\">\n<td class=\"et2\" style=\"height: 28.00pt;\" height=\"37\">Profundidade Oral:<\/td>\n<td class=\"et2\">12cm<\/td>\n<\/tr>\n<tr style=\"height: 28.00pt;\">\n<td class=\"et2\" style=\"height: 28.00pt;\" height=\"37\">Profundidade Anal:<\/td>\n<td class=\"et2\">17cm<\/td>\n<\/tr>\n<tr style=\"height: 28.00pt;\">\n<td class=\"et2\" style=\"height: 28.00pt;\" height=\"37\">Tamanho do pacote:<\/td>\n<td class=\"et2\">154X40X30cm<\/td>\n<\/tr>\n<\/tbody>\n<\/table>\n<p>&nbsp;<\/p>\n<p><img fetchpriority=\"high\" decoding=\"async\" class=\"alignnone wp-image-21221 size-full\" src=\"https:\/\/www.miisoo.com\/wp-content\/uploads\/2022\/01\/realistic-sex-doll-male-2213.jpg\" alt=\"Bonecas sexuais masculinas japonesas\" width=\"600\" height=\"900\" srcset=\"https:\/\/www.miisoo.com\/wp-content\/uploads\/2022\/01\/realistic-sex-doll-male-2213.jpg 600w, https:\/\/www.miisoo.com\/wp-content\/uploads\/2022\/01\/realistic-sex-doll-male-2213-200x300.jpg 200w, https:\/\/www.miisoo.com\/wp-content\/uploads\/2022\/01\/realistic-sex-doll-male-2213-370x555.jpg 370w, https:\/\/www.miisoo.com\/wp-content\/uploads\/2022\/01\/realistic-sex-doll-male-2213-300x450.jpg 300w\" sizes=\"(max-width: 600px) 100vw, 600px\" \/><\/p>","protected":false},"excerpt":{"rendered":"<div data-elementor-type=\"section\" data-elementor-id=\"10450\" class=\"elementor elementor-10450\" data-elementor-post-type=\"elementor_library\">\n<section class=\"elementor-section elementor-top-section elementor-element elementor-element-1ac4967 elementor-section-boxed elementor-section-height-default elementor-section-height-default\" data-id=\"1ac4967\" data-element_type=\"section\">\n<div class=\"elementor-container elementor-column-gap-default\">\n<div class=\"elementor-column elementor-col-100 elementor-top-column elementor-element elementor-element-bfbdbdf\" data-id=\"bfbdbdf\" data-element_type=\"column\">\n<div class=\"elementor-widget-wrap elementor-element-populated\">\n<div class=\"elementor-element elementor-element-e4dbd68 elementor-widget elementor-widget-text-editor\" data-id=\"e4dbd68\" data-element_type=\"widget\" data-widget_type=\"text-editor.default\">\n<div class=\"elementor-widget-container\">\n<ul>\n<li>Frete gr\u00e1tis para todo o mundo, frete discreto.<\/li>\n<li>100% Id\u00eantico \u00e0s imagens, a menos que seja personalizado.<\/li>\n<li>Os pre\u00e7os incluem. IVA e taxas alfandeg\u00e1rias<\/li>\n<li>Frete gr\u00e1tis, op\u00e7\u00f5es de envio r\u00e1pido na p\u00e1gina de finaliza\u00e7\u00e3o da compra<\/li>\n<\/ul><\/div>\n<\/p><\/div>\n<\/p><\/div>\n<\/p><\/div>\n<\/p><\/div>\n<\/section><\/div>\n<div data-elementor-type=\"section\" data-elementor-id=\"10473\" class=\"elementor elementor-10473\" data-elementor-post-type=\"elementor_library\">\n<section class=\"elementor-section elementor-top-section elementor-element elementor-element-03d9b2a elementor-section-boxed elementor-section-height-default elementor-section-height-default\" data-id=\"03d9b2a\" data-element_type=\"section\">\n<div class=\"elementor-container elementor-column-gap-default\">\n<div class=\"elementor-column elementor-col-100 elementor-top-column elementor-element elementor-element-5081c52\" data-id=\"5081c52\" data-element_type=\"column\">\n<div class=\"elementor-widget-wrap elementor-element-populated\">\n<div class=\"elementor-element elementor-element-d2c17df elementor-widget elementor-widget-martfury-banner-small\" data-id=\"d2c17df\" data-element_type=\"widget\" data-widget_type=\"martfury-banner-small.default\">\n<div class=\"elementor-widget-container\">\n<div class=\"mf-elementor-banner-small\">\n<div class=\"banner-featured-image\"><\/div>\n<p>\t\t\t                <a class=\"link\" href=\"https:\/\/mso.aidoll-japan.com\"><\/a><\/p>\n<div class=\"banner-content\">\n<h2 class=\"banner-title\">1500 Mini Bonecas do Amor<\/p>\n<p>sexdollxxx. com<\/h2>\n<div class=\"banner-desc\">\n<p>60cm, 80cm, 100cm,<\/p>\n<p>120cm, 130cm, 140cm<\/p>\n<\/div>\n<div class=\"banner-price\"><span\n                                class=\"s-price\">sexdollxxx .com<\/span><\/div>\n<\/p><\/div>\n<\/p><\/div>\n<\/p><\/div>\n<\/p><\/div>\n<\/p><\/div>\n<\/p><\/div>\n<\/p><\/div>\n<\/section><\/div>","protected":false},"featured_media":21226,"comment_status":"open","ping_status":"closed","template":"","meta":[],"product_cat":[123,125,116,81],"product_tag":[],"class_list":{"0":"post-21212","1":"product","2":"type-product","3":"status-publish","4":"has-post-thumbnail","6":"product_cat-1000usd-1500usd-sex-dolls","7":"product_cat-141cm-150cm-sex-dolls","8":"product_cat-male-sex-dolls","9":"product_cat-tpe-sex-dolls","10":"tm-no-options","12":"first","13":"instock","14":"sale","15":"shipping-taxable","16":"purchasable","17":"product-type-simple","18":"col-xs-6 col-sm-4","19":"col-md-3 col-lg-3","20":"un-4-cols"},"yoast_head":"<!-- This site is optimized with the Yoast SEO Premium plugin v22.6 (Yoast SEO v22.9) - https:\/\/yoast.com\/wordpress\/plugins\/seo\/ -->\n<title>Japanese Male Sex Dolls - Cheap Realistic Real Life Male Doll<\/title>\n<meta name=\"description\" content=\"This erect\u00a0cheap male sex\u00a0doll\u00a0is part of our Japanese male sex dolls collection. Michael is a lonely banker who is looking for a woman\" \/>\n<meta name=\"robots\" content=\"index, follow, max-snippet:-1, max-image-preview:large, max-video-preview:-1\" \/>\n<link rel=\"canonical\" href=\"https:\/\/www.miisoo.com\/pt\/produto\/cheap-realistic-japanese-male-sex-dolls\/\" \/>\n<meta property=\"og:locale\" content=\"pt_PT\" \/>\n<meta property=\"og:type\" content=\"article\" \/>\n<meta property=\"og:title\" content=\"Michael -145cm Cheap Realistic Japanese Male Sex Dolls\" \/>\n<meta property=\"og:description\" content=\"This erect\u00a0cheap male sex\u00a0doll\u00a0is part of our Japanese male sex dolls collection. Michael is a lonely banker who is looking for a woman\" \/>\n<meta property=\"og:url\" content=\"https:\/\/www.miisoo.com\/pt\/produto\/cheap-realistic-japanese-male-sex-dolls\/\" \/>\n<meta property=\"og:site_name\" content=\"MiisooDoll\" \/>\n<meta property=\"article:publisher\" content=\"https:\/\/www.facebook.com\/miisoodoll\" \/>\n<meta property=\"article:modified_time\" content=\"2022-01-07T03:34:06+00:00\" \/>\n<meta property=\"og:image\" content=\"https:\/\/www.miisoo.com\/wp-content\/uploads\/2022\/01\/realistic-sex-doll-male-2227.jpg\" \/>\n\t<meta property=\"og:image:width\" content=\"600\" \/>\n\t<meta property=\"og:image:height\" content=\"900\" \/>\n\t<meta property=\"og:image:type\" content=\"image\/jpeg\" \/>\n<meta name=\"twitter:card\" content=\"summary_large_image\" \/>\n<meta name=\"twitter:site\" content=\"@MiisooSexDolls\" \/>\n<meta name=\"twitter:label1\" content=\"Tempo estimado de leitura\" \/>\n\t<meta name=\"twitter:data1\" content=\"2 minutos\" \/>\n<!-- \/ Yoast SEO Premium plugin. -->","yoast_head_json":{"title":"Japanese Male Sex Dolls - Cheap Realistic Real Life Male Doll","description":"This erect\u00a0cheap male sex\u00a0doll\u00a0is part of our Japanese male sex dolls collection. Michael is a lonely banker who is looking for a woman","robots":{"index":"index","follow":"follow","max-snippet":"max-snippet:-1","max-image-preview":"max-image-preview:large","max-video-preview":"max-video-preview:-1"},"canonical":"https:\/\/www.miisoo.com\/pt\/produto\/cheap-realistic-japanese-male-sex-dolls\/","og_locale":"pt_PT","og_type":"article","og_title":"Michael -145cm Cheap Realistic Japanese Male Sex Dolls","og_description":"This erect\u00a0cheap male sex\u00a0doll\u00a0is part of our Japanese male sex dolls collection. Michael is a lonely banker who is looking for a woman","og_url":"https:\/\/www.miisoo.com\/pt\/produto\/cheap-realistic-japanese-male-sex-dolls\/","og_site_name":"MiisooDoll","article_publisher":"https:\/\/www.facebook.com\/miisoodoll","article_modified_time":"2022-01-07T03:34:06+00:00","og_image":[{"width":600,"height":900,"url":"https:\/\/www.miisoo.com\/wp-content\/uploads\/2022\/01\/realistic-sex-doll-male-2227.jpg","type":"image\/jpeg"}],"twitter_card":"summary_large_image","twitter_site":"@MiisooSexDolls","twitter_misc":{"Tempo estimado de leitura":"2 minutos"},"schema":{"@context":"https:\/\/schema.org","@graph":[{"@type":"WebPage","@id":"https:\/\/www.miisoo.com\/product\/cheap-realistic-japanese-male-sex-dolls\/","url":"https:\/\/www.miisoo.com\/product\/cheap-realistic-japanese-male-sex-dolls\/","name":"Japanese Male Sex Dolls - Cheap Realistic Real Life Male Doll","isPartOf":{"@id":"https:\/\/www.miisoo.com\/#website"},"primaryImageOfPage":{"@id":"https:\/\/www.miisoo.com\/product\/cheap-realistic-japanese-male-sex-dolls\/#primaryimage"},"image":{"@id":"https:\/\/www.miisoo.com\/product\/cheap-realistic-japanese-male-sex-dolls\/#primaryimage"},"thumbnailUrl":"https:\/\/www.miisoo.com\/wp-content\/uploads\/2022\/01\/realistic-sex-doll-male-2227.jpg","datePublished":"2022-01-05T12:54:21+00:00","dateModified":"2022-01-07T03:34:06+00:00","description":"This erect\u00a0cheap male sex\u00a0doll\u00a0is part of our Japanese male sex dolls collection. Michael is a lonely banker who is looking for a woman","breadcrumb":{"@id":"https:\/\/www.miisoo.com\/product\/cheap-realistic-japanese-male-sex-dolls\/#breadcrumb"},"inLanguage":"pt-PT","potentialAction":[{"@type":"ReadAction","target":["https:\/\/www.miisoo.com\/product\/cheap-realistic-japanese-male-sex-dolls\/"]}]},{"@type":"ImageObject","inLanguage":"pt-PT","@id":"https:\/\/www.miisoo.com\/product\/cheap-realistic-japanese-male-sex-dolls\/#primaryimage","url":"https:\/\/www.miisoo.com\/wp-content\/uploads\/2022\/01\/realistic-sex-doll-male-2227.jpg","contentUrl":"https:\/\/www.miisoo.com\/wp-content\/uploads\/2022\/01\/realistic-sex-doll-male-2227.jpg","width":600,"height":900,"caption":"Michael -145cm Cheap Realistic Japanese Male Sex Dolls"},{"@type":"BreadcrumbList","@id":"https:\/\/www.miisoo.com\/product\/cheap-realistic-japanese-male-sex-dolls\/#breadcrumb","itemListElement":[{"@type":"ListItem","position":1,"name":"Home","item":"https:\/\/www.miisoo.com\/"},{"@type":"ListItem","position":2,"name":"Sex Doll Shop","item":"https:\/\/www.miisoo.com\/shop\/"},{"@type":"ListItem","position":3,"name":"Michael -145cm Cheap Realistic Japanese Male Sex Dolls"}]},{"@type":"WebSite","@id":"https:\/\/www.miisoo.com\/#website","url":"https:\/\/www.miisoo.com\/","name":"MiisooDoll","description":"Sexual Doll, Real Sex Dolls, Love Doll, Best Sex Dolls","publisher":{"@id":"https:\/\/www.miisoo.com\/#organization"},"potentialAction":[{"@type":"SearchAction","target":{"@type":"EntryPoint","urlTemplate":"https:\/\/www.miisoo.com\/?s={search_term_string}"},"query-input":"required name=search_term_string"}],"inLanguage":"pt-PT"},{"@type":"Organization","@id":"https:\/\/www.miisoo.com\/#organization","name":"MiisooDoll","url":"https:\/\/www.miisoo.com\/","logo":{"@type":"ImageObject","inLanguage":"pt-PT","@id":"https:\/\/www.miisoo.com\/#\/schema\/logo\/image\/","url":"https:\/\/www.miisoo.com\/wp-content\/uploads\/2020\/09\/logo-botton.png","contentUrl":"https:\/\/www.miisoo.com\/wp-content\/uploads\/2020\/09\/logo-botton.png","width":181,"height":42,"caption":"MiisooDoll"},"image":{"@id":"https:\/\/www.miisoo.com\/#\/schema\/logo\/image\/"},"sameAs":["https:\/\/www.facebook.com\/miisoodoll","https:\/\/x.com\/MiisooSexDolls"]}]}},"_links":{"self":[{"href":"https:\/\/www.miisoo.com\/pt\/wp-json\/wp\/v2\/product\/21212","targetHints":{"allow":["GET"]}}],"collection":[{"href":"https:\/\/www.miisoo.com\/pt\/wp-json\/wp\/v2\/product"}],"about":[{"href":"https:\/\/www.miisoo.com\/pt\/wp-json\/wp\/v2\/types\/product"}],"replies":[{"embeddable":true,"href":"https:\/\/www.miisoo.com\/pt\/wp-json\/wp\/v2\/comments?post=21212"}],"version-history":[{"count":7,"href":"https:\/\/www.miisoo.com\/pt\/wp-json\/wp\/v2\/product\/21212\/revisions"}],"predecessor-version":[{"id":21593,"href":"https:\/\/www.miisoo.com\/pt\/wp-json\/wp\/v2\/product\/21212\/revisions\/21593"}],"wp:featuredmedia":[{"embeddable":true,"href":"https:\/\/www.miisoo.com\/pt\/wp-json\/wp\/v2\/media\/21226"}],"wp:attachment":[{"href":"https:\/\/www.miisoo.com\/pt\/wp-json\/wp\/v2\/media?parent=21212"}],"wp:term":[{"taxonomy":"product_cat","embeddable":true,"href":"https:\/\/www.miisoo.com\/pt\/wp-json\/wp\/v2\/product_cat?post=21212"},{"taxonomy":"product_tag","embeddable":true,"href":"https:\/\/www.miisoo.com\/pt\/wp-json\/wp\/v2\/product_tag?post=21212"}],"curies":[{"name":"wp","href":"https:\/\/api.w.org\/{rel}","templated":true}]}}