{"id":21075,"date":"2022-01-05T19:24:08","date_gmt":"2022-01-05T11:24:08","guid":{"rendered":"https:\/\/www.miisoo.com\/?post_type=product&#038;p=21075"},"modified":"2022-01-07T11:23:57","modified_gmt":"2022-01-07T03:23:57","slug":"new-lifelike-full-size-male-sex-doll","status":"publish","type":"product","link":"https:\/\/www.miisoo.com\/pt\/product\/new-lifelike-full-size-male-sex-doll\/","title":{"rendered":"Darius - Nova boneca sexual masculina realista de 180 cm em tamanho real"},"content":{"rendered":"<p>Esse\u00a0<strong>boneca sexual masculina em tamanho real<\/strong>\u00a0\u00e9 um jornalista cujo trabalho <a href=\"https:\/\/www.miisoo.com\/pt\/produto\/having-sex-with-real-male-doll-sex-toy\/\">exige muito<\/a> de viajar e conviver com pessoas diferentes. Por causa disso, o boneco sexual masculino acredita em fazer conex\u00f5es significativas, mesmo que sejam baseadas em encontros sexuais. Ele \u00e9 um dos maiores bonecos sexuais masculinos adultos com um pre\u00e7o acess\u00edvel.<\/p>\n<p>Esta nova boneca sexual masculina pode ser usada por indiv\u00edduos em casa ou com o prop\u00f3sito de fazer pornografia com bonecas masculinas de verdade. Este boneco sexual masculino realista \u00e9 completo com o sorriso arrojado e os olhos el\u00e9tricos de um homem irresistivelmente atraente. Sua pele macia e sedosa e o aperto firme da m\u00e3o lembram a de um homem forte.<\/p>\n<p>Este boneco masculino para feminino permite que voc\u00ea<a href=\"https:\/\/wildflowersex.com\/blogs\/sex-ed\/8-ways-to-explore-sexuality\"> crie suas pr\u00f3prias experi\u00eancias sexuais<\/a> e experimente coisas novas. Esta boneca sexual masculina de tamanho real \u00e9 experimental e \u00f3tima para masturba\u00e7\u00e3o. Portanto, pode ser apenas a boneca real que voc\u00ea estava perdendo.<\/p>\n<p><span style=\"color: #000000; font-size: 16px; font-weight: 600;\">Medidas<\/span><\/p>\n<table style=\"border-collapse: collapse; width: 304.52pt;\" border=\"0\" width=\"406\" cellspacing=\"0\" cellpadding=\"0\">\n<tbody>\n<tr style=\"height: 28.00pt;\">\n<td class=\"et2\" style=\"height: 28.00pt; width: 124.50pt;\" width=\"166\" height=\"37\">Marca:<\/td>\n<td class=\"et2\" style=\"width: 180.00pt;\" width=\"240\">Boneca AF<\/td>\n<\/tr>\n<tr style=\"height: 28.00pt;\">\n<td class=\"et2\" style=\"height: 28.00pt;\" height=\"37\">Altura:<\/td>\n<td class=\"et2\">Boneca Real Masculina TPE 180cm<\/td>\n<\/tr>\n<tr style=\"height: 28.00pt;\">\n<td class=\"et2\" style=\"height: 28.00pt;\" height=\"37\">Busto:<\/td>\n<td class=\"et2\">86cm<\/td>\n<\/tr>\n<tr style=\"height: 28.00pt;\">\n<td class=\"et2\" style=\"height: 28.00pt;\" height=\"37\">Cintura:<\/td>\n<td class=\"et2\">73cm<\/td>\n<\/tr>\n<tr style=\"height: 28.00pt;\">\n<td class=\"et2\" style=\"height: 28.00pt;\" height=\"37\">Quadris:<\/td>\n<td class=\"et2\">102cm<\/td>\n<\/tr>\n<tr style=\"height: 28.00pt;\">\n<td class=\"et2\" style=\"height: 28.00pt;\" height=\"37\">Pesco\u00e7o:<\/td>\n<td class=\"et2\">36cm<\/td>\n<\/tr>\n<tr style=\"height: 28.00pt;\">\n<td class=\"et2\" style=\"height: 28.00pt;\" height=\"37\">Comprimento do p\u00e9:<\/td>\n<td class=\"et2\">22cm<\/td>\n<\/tr>\n<tr style=\"height: 28.00pt;\">\n<td class=\"et2\" style=\"height: 28.00pt;\" height=\"37\">Largura do ombro:<\/td>\n<td class=\"et2\">42cm<\/td>\n<\/tr>\n<tr style=\"height: 28.00pt;\">\n<td class=\"et2\" style=\"height: 28.00pt;\" height=\"37\">Peso:<\/td>\n<td class=\"et2\">52kg<\/td>\n<\/tr>\n<tr style=\"height: 28.00pt;\">\n<td class=\"et2\" style=\"height: 28.00pt;\" height=\"37\">Comprimento do p\u00eanis:<\/td>\n<td class=\"et2\">19cm<\/td>\n<\/tr>\n<tr style=\"height: 28.00pt;\">\n<td class=\"et2\" style=\"height: 28.00pt;\" height=\"37\">Circunfer\u00eancia do p\u00eanis:<\/td>\n<td class=\"et2\">12cm<\/td>\n<\/tr>\n<tr style=\"height: 28.00pt;\">\n<td class=\"et2\" style=\"height: 28.00pt;\" height=\"37\">Profundidade Oral:<\/td>\n<td class=\"et2\">13cm<\/td>\n<\/tr>\n<tr style=\"height: 28.00pt;\">\n<td class=\"et2\" style=\"height: 28.00pt;\" height=\"37\">Profundidade Anal:<\/td>\n<td class=\"et2\">16cm<\/td>\n<\/tr>\n<tr style=\"height: 28.00pt;\">\n<td class=\"et2\" style=\"height: 28.00pt;\" height=\"37\">Tamanho do pacote:<\/td>\n<td class=\"et2\">170X41X29cm<\/td>\n<\/tr>\n<\/tbody>\n<\/table>\n<p>&nbsp;<\/p>\n<p><img fetchpriority=\"high\" decoding=\"async\" class=\"alignnone wp-image-21137 size-full\" src=\"https:\/\/www.miisoo.com\/wp-content\/uploads\/2022\/01\/new-male-sex-doll-822.jpg\" alt=\"Boneca sexual masculina em tamanho real\" width=\"900\" height=\"600\" srcset=\"https:\/\/www.miisoo.com\/wp-content\/uploads\/2022\/01\/new-male-sex-doll-822.jpg 900w, https:\/\/www.miisoo.com\/wp-content\/uploads\/2022\/01\/new-male-sex-doll-822-300x200.jpg 300w, https:\/\/www.miisoo.com\/wp-content\/uploads\/2022\/01\/new-male-sex-doll-822-768x512.jpg 768w, https:\/\/www.miisoo.com\/wp-content\/uploads\/2022\/01\/new-male-sex-doll-822-370x247.jpg 370w, https:\/\/www.miisoo.com\/wp-content\/uploads\/2022\/01\/new-male-sex-doll-822-600x400.jpg 600w\" sizes=\"(max-width: 900px) 100vw, 900px\" \/><\/p>","protected":false},"excerpt":{"rendered":"<div data-elementor-type=\"section\" data-elementor-id=\"10450\" class=\"elementor elementor-10450\" data-elementor-post-type=\"elementor_library\">\n<section class=\"elementor-section elementor-top-section elementor-element elementor-element-1ac4967 elementor-section-boxed elementor-section-height-default elementor-section-height-default\" data-id=\"1ac4967\" data-element_type=\"section\">\n<div class=\"elementor-container elementor-column-gap-default\">\n<div class=\"elementor-column elementor-col-100 elementor-top-column elementor-element elementor-element-bfbdbdf\" data-id=\"bfbdbdf\" data-element_type=\"column\">\n<div class=\"elementor-widget-wrap elementor-element-populated\">\n<div class=\"elementor-element elementor-element-e4dbd68 elementor-widget elementor-widget-text-editor\" data-id=\"e4dbd68\" data-element_type=\"widget\" data-widget_type=\"text-editor.default\">\n<div class=\"elementor-widget-container\">\n<ul>\n<li>Frete gr\u00e1tis para todo o mundo, frete discreto.<\/li>\n<li>100% Id\u00eantico \u00e0s imagens, a menos que seja personalizado.<\/li>\n<li>Os pre\u00e7os incluem. IVA e taxas alfandeg\u00e1rias<\/li>\n<li>Frete gr\u00e1tis, op\u00e7\u00f5es de envio r\u00e1pido na p\u00e1gina de finaliza\u00e7\u00e3o da compra<\/li>\n<\/ul><\/div>\n<\/p><\/div>\n<\/p><\/div>\n<\/p><\/div>\n<\/p><\/div>\n<\/section><\/div>\n<div data-elementor-type=\"section\" data-elementor-id=\"10473\" class=\"elementor elementor-10473\" data-elementor-post-type=\"elementor_library\">\n<section class=\"elementor-section elementor-top-section elementor-element elementor-element-03d9b2a elementor-section-boxed elementor-section-height-default elementor-section-height-default\" data-id=\"03d9b2a\" data-element_type=\"section\">\n<div class=\"elementor-container elementor-column-gap-default\">\n<div class=\"elementor-column elementor-col-100 elementor-top-column elementor-element elementor-element-5081c52\" data-id=\"5081c52\" data-element_type=\"column\">\n<div class=\"elementor-widget-wrap elementor-element-populated\">\n<div class=\"elementor-element elementor-element-d2c17df elementor-widget elementor-widget-martfury-banner-small\" data-id=\"d2c17df\" data-element_type=\"widget\" data-widget_type=\"martfury-banner-small.default\">\n<div class=\"elementor-widget-container\">\n<div class=\"mf-elementor-banner-small\">\n<div class=\"banner-featured-image\"><\/div>\n<p>\t\t\t                <a class=\"link\" href=\"https:\/\/mso.aidoll-japan.com\"><\/a><\/p>\n<div class=\"banner-content\">\n<h2 class=\"banner-title\">1500 Mini Bonecas do Amor<\/p>\n<p>sexdollxxx. com<\/h2>\n<div class=\"banner-desc\">\n<p>60cm, 80cm, 100cm,<\/p>\n<p>120cm, 130cm, 140cm<\/p>\n<\/div>\n<div class=\"banner-price\"><span\n                                class=\"s-price\">sexdollxxx .com<\/span><\/div>\n<\/p><\/div>\n<\/p><\/div>\n<\/p><\/div>\n<\/p><\/div>\n<\/p><\/div>\n<\/p><\/div>\n<\/p><\/div>\n<\/section><\/div>","protected":false},"featured_media":21130,"comment_status":"open","ping_status":"closed","template":"","meta":[],"product_cat":[123,115,116,81],"product_tag":[],"class_list":{"0":"post-21075","1":"product","2":"type-product","3":"status-publish","4":"has-post-thumbnail","6":"product_cat-1000usd-1500usd-sex-dolls","7":"product_cat-161cm-170cm-sex-dolls","8":"product_cat-male-sex-dolls","9":"product_cat-tpe-sex-dolls","10":"tm-no-options","12":"first","13":"instock","14":"sale","15":"shipping-taxable","16":"purchasable","17":"product-type-simple","18":"col-xs-6 col-sm-4","19":"col-md-3 col-lg-3","20":"un-4-cols"},"yoast_head":"<!-- This site is optimized with the Yoast SEO Premium plugin v22.6 (Yoast SEO v22.9) - https:\/\/yoast.com\/wordpress\/plugins\/seo\/ -->\n<title>Full Size Male Sex doll - New Adult Male Sex dolls For Female<\/title>\n<meta name=\"description\" content=\"This\u00a0full size\u00a0male sex doll\u00a0is a journalist whose job requires travel with different people. Buy new adult male sex dolls for female\" \/>\n<meta name=\"robots\" content=\"index, follow, max-snippet:-1, max-image-preview:large, max-video-preview:-1\" \/>\n<link rel=\"canonical\" href=\"https:\/\/www.miisoo.com\/pt\/produto\/new-lifelike-full-size-male-sex-doll\/\" \/>\n<meta property=\"og:locale\" content=\"pt_PT\" \/>\n<meta property=\"og:type\" content=\"article\" \/>\n<meta property=\"og:title\" content=\"Darius - 180cm New Lifelike Full Size Male Sex doll\" \/>\n<meta property=\"og:description\" content=\"This\u00a0full size\u00a0male sex doll\u00a0is a journalist whose job requires travel with different people. Buy new adult male sex dolls for female\" \/>\n<meta property=\"og:url\" content=\"https:\/\/www.miisoo.com\/pt\/produto\/new-lifelike-full-size-male-sex-doll\/\" \/>\n<meta property=\"og:site_name\" content=\"MiisooDoll\" \/>\n<meta property=\"article:publisher\" content=\"https:\/\/www.facebook.com\/miisoodoll\" \/>\n<meta property=\"article:modified_time\" content=\"2022-01-07T03:23:57+00:00\" \/>\n<meta property=\"og:image\" content=\"https:\/\/www.miisoo.com\/wp-content\/uploads\/2022\/01\/new-male-sex-doll-85.jpg\" \/>\n\t<meta property=\"og:image:width\" content=\"600\" \/>\n\t<meta property=\"og:image:height\" content=\"900\" \/>\n\t<meta property=\"og:image:type\" content=\"image\/jpeg\" \/>\n<meta name=\"twitter:card\" content=\"summary_large_image\" \/>\n<meta name=\"twitter:site\" content=\"@MiisooSexDolls\" \/>\n<meta name=\"twitter:label1\" content=\"Tempo estimado de leitura\" \/>\n\t<meta name=\"twitter:data1\" content=\"2 minutos\" \/>\n<!-- \/ Yoast SEO Premium plugin. -->","yoast_head_json":{"title":"Full Size Male Sex doll - New Adult Male Sex dolls For Female","description":"This\u00a0full size\u00a0male sex doll\u00a0is a journalist whose job requires travel with different people. Buy new adult male sex dolls for female","robots":{"index":"index","follow":"follow","max-snippet":"max-snippet:-1","max-image-preview":"max-image-preview:large","max-video-preview":"max-video-preview:-1"},"canonical":"https:\/\/www.miisoo.com\/pt\/produto\/new-lifelike-full-size-male-sex-doll\/","og_locale":"pt_PT","og_type":"article","og_title":"Darius - 180cm New Lifelike Full Size Male Sex doll","og_description":"This\u00a0full size\u00a0male sex doll\u00a0is a journalist whose job requires travel with different people. Buy new adult male sex dolls for female","og_url":"https:\/\/www.miisoo.com\/pt\/produto\/new-lifelike-full-size-male-sex-doll\/","og_site_name":"MiisooDoll","article_publisher":"https:\/\/www.facebook.com\/miisoodoll","article_modified_time":"2022-01-07T03:23:57+00:00","og_image":[{"width":600,"height":900,"url":"https:\/\/www.miisoo.com\/wp-content\/uploads\/2022\/01\/new-male-sex-doll-85.jpg","type":"image\/jpeg"}],"twitter_card":"summary_large_image","twitter_site":"@MiisooSexDolls","twitter_misc":{"Tempo estimado de leitura":"2 minutos"},"schema":{"@context":"https:\/\/schema.org","@graph":[{"@type":"WebPage","@id":"https:\/\/www.miisoo.com\/es\/producto\/new-lifelike-full-size-male-sex-doll\/","url":"https:\/\/www.miisoo.com\/es\/producto\/new-lifelike-full-size-male-sex-doll\/","name":"Full Size Male Sex doll - New Adult Male Sex dolls For Female","isPartOf":{"@id":"https:\/\/www.miisoo.com\/#website"},"primaryImageOfPage":{"@id":"https:\/\/www.miisoo.com\/es\/producto\/new-lifelike-full-size-male-sex-doll\/#primaryimage"},"image":{"@id":"https:\/\/www.miisoo.com\/es\/producto\/new-lifelike-full-size-male-sex-doll\/#primaryimage"},"thumbnailUrl":"https:\/\/www.miisoo.com\/wp-content\/uploads\/2022\/01\/new-male-sex-doll-85.jpg","datePublished":"2022-01-05T11:24:08+00:00","dateModified":"2022-01-07T03:23:57+00:00","description":"This\u00a0full size\u00a0male sex doll\u00a0is a journalist whose job requires travel with different people. Buy new adult male sex dolls for female","breadcrumb":{"@id":"https:\/\/www.miisoo.com\/es\/producto\/new-lifelike-full-size-male-sex-doll\/#breadcrumb"},"inLanguage":"pt-PT","potentialAction":[{"@type":"ReadAction","target":["https:\/\/www.miisoo.com\/es\/producto\/new-lifelike-full-size-male-sex-doll\/"]}]},{"@type":"ImageObject","inLanguage":"pt-PT","@id":"https:\/\/www.miisoo.com\/es\/producto\/new-lifelike-full-size-male-sex-doll\/#primaryimage","url":"https:\/\/www.miisoo.com\/wp-content\/uploads\/2022\/01\/new-male-sex-doll-85.jpg","contentUrl":"https:\/\/www.miisoo.com\/wp-content\/uploads\/2022\/01\/new-male-sex-doll-85.jpg","width":600,"height":900,"caption":"Darius \u2013 180cm New Lifelike Full Size Male Sex doll"},{"@type":"BreadcrumbList","@id":"https:\/\/www.miisoo.com\/es\/producto\/new-lifelike-full-size-male-sex-doll\/#breadcrumb","itemListElement":[{"@type":"ListItem","position":1,"name":"Home","item":"https:\/\/www.miisoo.com\/"},{"@type":"ListItem","position":2,"name":"Sex Doll Shop","item":"https:\/\/www.miisoo.com\/shop\/"},{"@type":"ListItem","position":3,"name":"Darius &#8211; 180cm New Lifelike Full Size Male Sex doll"}]},{"@type":"WebSite","@id":"https:\/\/www.miisoo.com\/#website","url":"https:\/\/www.miisoo.com\/","name":"MiisooDoll","description":"Sexual Doll, Real Sex Dolls, Love Doll, Best Sex Dolls","publisher":{"@id":"https:\/\/www.miisoo.com\/#organization"},"potentialAction":[{"@type":"SearchAction","target":{"@type":"EntryPoint","urlTemplate":"https:\/\/www.miisoo.com\/?s={search_term_string}"},"query-input":"required name=search_term_string"}],"inLanguage":"pt-PT"},{"@type":"Organization","@id":"https:\/\/www.miisoo.com\/#organization","name":"MiisooDoll","url":"https:\/\/www.miisoo.com\/","logo":{"@type":"ImageObject","inLanguage":"pt-PT","@id":"https:\/\/www.miisoo.com\/#\/schema\/logo\/image\/","url":"https:\/\/www.miisoo.com\/wp-content\/uploads\/2020\/09\/logo-botton.png","contentUrl":"https:\/\/www.miisoo.com\/wp-content\/uploads\/2020\/09\/logo-botton.png","width":181,"height":42,"caption":"MiisooDoll"},"image":{"@id":"https:\/\/www.miisoo.com\/#\/schema\/logo\/image\/"},"sameAs":["https:\/\/www.facebook.com\/miisoodoll","https:\/\/x.com\/MiisooSexDolls"]}]}},"_links":{"self":[{"href":"https:\/\/www.miisoo.com\/pt\/wp-json\/wp\/v2\/product\/21075","targetHints":{"allow":["GET"]}}],"collection":[{"href":"https:\/\/www.miisoo.com\/pt\/wp-json\/wp\/v2\/product"}],"about":[{"href":"https:\/\/www.miisoo.com\/pt\/wp-json\/wp\/v2\/types\/product"}],"replies":[{"embeddable":true,"href":"https:\/\/www.miisoo.com\/pt\/wp-json\/wp\/v2\/comments?post=21075"}],"version-history":[{"count":6,"href":"https:\/\/www.miisoo.com\/pt\/wp-json\/wp\/v2\/product\/21075\/revisions"}],"predecessor-version":[{"id":21589,"href":"https:\/\/www.miisoo.com\/pt\/wp-json\/wp\/v2\/product\/21075\/revisions\/21589"}],"wp:featuredmedia":[{"embeddable":true,"href":"https:\/\/www.miisoo.com\/pt\/wp-json\/wp\/v2\/media\/21130"}],"wp:attachment":[{"href":"https:\/\/www.miisoo.com\/pt\/wp-json\/wp\/v2\/media?parent=21075"}],"wp:term":[{"taxonomy":"product_cat","embeddable":true,"href":"https:\/\/www.miisoo.com\/pt\/wp-json\/wp\/v2\/product_cat?post=21075"},{"taxonomy":"product_tag","embeddable":true,"href":"https:\/\/www.miisoo.com\/pt\/wp-json\/wp\/v2\/product_tag?post=21075"}],"curies":[{"name":"wp","href":"https:\/\/api.w.org\/{rel}","templated":true}]}}