{"id":11358,"date":"2021-03-31T17:05:02","date_gmt":"2021-03-31T09:05:02","guid":{"rendered":"https:\/\/www.miisoo.com\/?post_type=product&#038;p=11358"},"modified":"2022-12-11T16:02:03","modified_gmt":"2022-12-11T08:02:03","slug":"reese-bbw-sex-doll-silicon-wives","status":"publish","type":"product","link":"https:\/\/www.miisoo.com\/pt\/product\/reese-bbw-sex-doll-silicon-wives\/","title":{"rendered":"Reese - Jovens esposas de silicone com boneca sexual BBW de 162 cm"},"content":{"rendered":"<p>Reese \u00e9 uma nova boneca sexual de esposas de silicone que adora passar tempo com a natureza. Voc\u00ea a encontrar\u00e1 principalmente bebendo cerveja gelada e olhando para o mar durante as f\u00e9rias. Esse <a href=\"https:\/\/www.miisoo.com\/pt\/produto\/celebrity-realistic-silicon-sex-doll\/\">boneca sexual feminina de silicone<\/a> \u00e9 muito ador\u00e1vel, manso e dotado de um corpo curvil\u00edneo.<\/p>\n<p>Ela \u00e9 indiscutivelmente uma das nossas melhores bonecas do amor de silicone \u00e0 venda em nosso site. Reese n\u00e3o \u00e9 uma boneca sexual comum de esposas de silicone. Ela foi projetada com material de silicone de primeira linha, que proporciona uma pele brilhante e macia. Seu corpo tem veias e contornos hiper-realistas encontrados apenas em humanos reais.<\/p>\n<p>Al\u00e9m disso, a nova boneca sexual de silicone n\u00e3o tem vergonha de dizer que adora <a href=\"https:\/\/www.self.com\/story\/couple-sex-toy-tips\">brincando com brinquedos sexuais<\/a> j\u00e1 que ela tem muitos deles em seu guarda-roupa. Reese tem uma vagina maluca e realista, sem incha\u00e7os e extrema suavidade dos l\u00e1bios at\u00e9 a parede vaginal. Seu cu tamb\u00e9m \u00e9 impec\u00e1vel, com redondeza e rigidez impec\u00e1veis, tudo em uma bunda grande e gorda.<\/p>\n<p><span style=\"color: #000000; font-size: 16px; font-weight: 600;\">Medidas de boneca sexual de esposas de silicone<\/span><\/p>\n<table width=\"352\">\n<tbody>\n<tr>\n<td width=\"133\">Altura<\/td>\n<td width=\"219\">162cm<\/td>\n<\/tr>\n<tr>\n<td width=\"133\">Peso<\/td>\n<td width=\"219\">38kg<\/td>\n<\/tr>\n<tr>\n<td width=\"133\">Busto<\/td>\n<td width=\"219\">96cm<\/td>\n<\/tr>\n<tr>\n<td width=\"133\">Cintura<\/td>\n<td width=\"219\">61cm<\/td>\n<\/tr>\n<tr>\n<td width=\"133\">Quadril<\/td>\n<td width=\"219\">99cm<\/td>\n<\/tr>\n<tr>\n<td width=\"133\">Profundidade da boca<\/td>\n<td width=\"219\">13cm<\/td>\n<\/tr>\n<tr>\n<td width=\"133\">Profundidade da vagina<\/td>\n<td width=\"219\">18cm<\/td>\n<\/tr>\n<tr>\n<td width=\"133\">Profundidade do \u00e2nus<\/td>\n<td width=\"219\">15cm<\/td>\n<\/tr>\n<tr>\n<td width=\"133\">Tamanho da embalagem<\/td>\n<td width=\"219\">150cm x 50cm x 35cm<\/td>\n<\/tr>\n<\/tbody>\n<\/table>\n\t\t<div data-elementor-type=\"section\" data-elementor-id=\"11437\" class=\"elementor elementor-11437\" data-elementor-post-type=\"elementor_library\">\n\t\t\t\t\t<section class=\"elementor-section elementor-top-section elementor-element elementor-element-615204c elementor-section-boxed elementor-section-height-default elementor-section-height-default\" data-id=\"615204c\" data-element_type=\"section\">\n\t\t\t\t\t\t<div class=\"elementor-container elementor-column-gap-default\">\n\t\t\t\t\t<div class=\"elementor-column elementor-col-100 elementor-top-column elementor-element elementor-element-1471705\" data-id=\"1471705\" data-element_type=\"column\">\n\t\t\t<div class=\"elementor-widget-wrap elementor-element-populated\">\n\t\t\t\t\t\t<div class=\"elementor-element elementor-element-3cf8ca9 elementor-widget elementor-widget-text-editor\" data-id=\"3cf8ca9\" data-element_type=\"widget\" data-widget_type=\"text-editor.default\">\n\t\t\t\t<div class=\"elementor-widget-container\">\n\t\t\t\t\t\t\t\t\t<h4><strong>Projetos avan\u00e7ados padr\u00e3o:<\/strong><\/h4><p>A boneca ser\u00e1 produzida exatamente como mostrado nas fotos com todos os designs avan\u00e7ados padr\u00e3o:<br \/>&#8211; <span style=\"color: #ff9900;\"><strong>Cabe\u00e7a e corpo ambos com material de silicone<\/strong><\/span><br \/>\u2013 Vagina fixa com furo interno ultramacio<br \/>- Pele texturizada com sensa\u00e7\u00e3o humana realista.<br \/>\u2013 Pele realista com veias.<br \/>\u2013 Seios macios realistas.<br \/>\u2013 Maquiagem facial requintada.<br \/>\u2013 Olhos mecanicamente m\u00f3veis.<br \/>\u2013 Esqueleto atualizado flex\u00edvel, pesco\u00e7o, m\u00e3os e p\u00e9s articulados.<br \/>\u2013 Conector de cabe\u00e7a r\u00e1pido.<br \/>\u2013 Encolhendo os ombros.<br \/>\u2013 Sobrancelhas implantadas.<br \/>\u2013 C\u00edlios inferiores implantados.<\/p><p><img fetchpriority=\"high\" decoding=\"async\" class=\"alignnone wp-image-11463 size-full\" src=\"https:\/\/www.miisoo.com\/wp-content\/uploads\/2021\/04\/sex-doll-posture-1.jpg\" alt=\"\" width=\"1000\" height=\"752\" srcset=\"https:\/\/www.miisoo.com\/wp-content\/uploads\/2021\/04\/sex-doll-posture-1.jpg 1000w, https:\/\/www.miisoo.com\/wp-content\/uploads\/2021\/04\/sex-doll-posture-1-300x226.jpg 300w, https:\/\/www.miisoo.com\/wp-content\/uploads\/2021\/04\/sex-doll-posture-1-768x578.jpg 768w, https:\/\/www.miisoo.com\/wp-content\/uploads\/2021\/04\/sex-doll-posture-1-370x278.jpg 370w, https:\/\/www.miisoo.com\/wp-content\/uploads\/2021\/04\/sex-doll-posture-1-600x451.jpg 600w\" sizes=\"(max-width: 1000px) 100vw, 1000px\" \/><\/p><h4><strong>Caracter\u00edsticas:<\/strong><\/h4><p>\u2013 Esqueleto de a\u00e7o dur\u00e1vel com juntas m\u00f3veis para muitas posi\u00e7\u00f5es sexuais incr\u00edveis<br \/>\u2013 Capacidades vaginais e anais<br \/>\u2013 Frete internacional gr\u00e1tis e embalagem discreta<br \/>\u2013 Uma boneca sexual requer 1 a 3 dias para fabrica\u00e7\u00e3o + 5 a 12 dias para envio<\/p><h4><span style=\"color: #000000; font-size: 18px; font-weight: bold;\">Presentes gratis<\/span><\/h4><p>Brindes: Roupa \u00edntima sexy x 1, Luvas x 1, Pente x 1, Aquecedor vaginal x 1, Irrigador vaginal x 1, Cobertor x 1.<br \/><img decoding=\"async\" class=\"wp-image-4748 size-large alignnone\" src=\"https:\/\/miisoo.com\/wp-content\/uploads\/2013\/06\/Accessory-1024x155.jpg\" sizes=\"(max-width: 840px) 100vw, 840px\" srcset=\"https:\/\/cdn.miisoo.com\/wp-content\/uploads\/2013\/06\/Accessory-1024x155.jpg 1024w, https:\/\/cdn.miisoo.com\/wp-content\/uploads\/2013\/06\/Accessory-600x91.jpg 600w, https:\/\/cdn.miisoo.com\/wp-content\/uploads\/2013\/06\/Accessory-300x45.jpg 300w, https:\/\/cdn.miisoo.com\/wp-content\/uploads\/2013\/06\/Accessory-768x116.jpg 768w, https:\/\/cdn.miisoo.com\/wp-content\/uploads\/2013\/06\/Accessory-1536x232.jpg 1536w, https:\/\/cdn.miisoo.com\/wp-content\/uploads\/2013\/06\/Accessory-370x56.jpg 370w, https:\/\/cdn.miisoo.com\/wp-content\/uploads\/2013\/06\/Accessory.jpg 1616w\" alt=\"Renee \u2013 Boneca Sexual Adolescente Magra e Encantadora de 157 cm - MiisooDoll\" width=\"840\" height=\"127\" \/><\/p><p><strong>Garantia: voc\u00ea receber\u00e1 100% como bonecos de figuras.<\/strong><\/p>\t\t\t\t\t\t\t\t<\/div>\n\t\t\t\t<\/div>\n\t\t\t\t\t<\/div>\n\t\t<\/div>\n\t\t\t\t\t<\/div>\n\t\t<\/section>\n\t\t\t\t<\/div>","protected":false},"excerpt":{"rendered":"<div data-elementor-type=\"section\" data-elementor-id=\"11441\" class=\"elementor elementor-11441\" data-elementor-post-type=\"elementor_library\">\n<section class=\"elementor-section elementor-top-section elementor-element elementor-element-46aa207 elementor-section-boxed elementor-section-height-default elementor-section-height-default\" data-id=\"46aa207\" data-element_type=\"section\">\n<div class=\"elementor-container elementor-column-gap-default\">\n<div class=\"elementor-column elementor-col-100 elementor-top-column elementor-element elementor-element-ff0e20b\" data-id=\"ff0e20b\" data-element_type=\"column\">\n<div class=\"elementor-widget-wrap elementor-element-populated\">\n<div class=\"elementor-element elementor-element-573963d elementor-widget elementor-widget-text-editor\" data-id=\"573963d\" data-element_type=\"widget\" data-widget_type=\"text-editor.default\">\n<div class=\"elementor-widget-container\">\n<ul>\n<li><span style=\"color: #ff9900;\"><strong>Cabe\u00e7a e corpo ambos com material de silicone<\/strong><\/span><\/li>\n<li>Frete gr\u00e1tis para todo o mundo, frete discreto.<\/li>\n<li>100% Id\u00eantico \u00e0s imagens, a menos que seja personalizado.<\/li>\n<li>Os pre\u00e7os incluem. IVA e taxas alfandeg\u00e1rias<\/li>\n<li>Entrega na sua porta em 7 a 15 dias \u00fateis!<\/li>\n<\/ul><\/div>\n<\/p><\/div>\n<\/p><\/div>\n<\/p><\/div>\n<\/p><\/div>\n<\/section><\/div>\n<div data-elementor-type=\"section\" data-elementor-id=\"10473\" class=\"elementor elementor-10473\" data-elementor-post-type=\"elementor_library\">\n<section class=\"elementor-section elementor-top-section elementor-element elementor-element-03d9b2a elementor-section-boxed elementor-section-height-default elementor-section-height-default\" data-id=\"03d9b2a\" data-element_type=\"section\">\n<div class=\"elementor-container elementor-column-gap-default\">\n<div class=\"elementor-column elementor-col-100 elementor-top-column elementor-element elementor-element-5081c52\" data-id=\"5081c52\" data-element_type=\"column\">\n<div class=\"elementor-widget-wrap elementor-element-populated\">\n<div class=\"elementor-element elementor-element-d2c17df elementor-widget elementor-widget-martfury-banner-small\" data-id=\"d2c17df\" data-element_type=\"widget\" data-widget_type=\"martfury-banner-small.default\">\n<div class=\"elementor-widget-container\">\n<div class=\"mf-elementor-banner-small\">\n<div class=\"banner-featured-image\"><\/div>\n<p>\t\t\t                <a class=\"link\" href=\"https:\/\/mso.aidoll-japan.com\"><\/a><\/p>\n<div class=\"banner-content\">\n<h2 class=\"banner-title\">1500 Mini Bonecas do Amor<\/p>\n<p>sexdollxxx. com<\/h2>\n<div class=\"banner-desc\">\n<p>60cm, 80cm, 100cm,<\/p>\n<p>120cm, 130cm, 140cm<\/p>\n<\/div>\n<div class=\"banner-price\"><span\n                                class=\"s-price\">sexdollxxx .com<\/span><\/div>\n<\/p><\/div>\n<\/p><\/div>\n<\/p><\/div>\n<\/p><\/div>\n<\/p><\/div>\n<\/p><\/div>\n<\/p><\/div>\n<\/section><\/div>","protected":false},"featured_media":11384,"comment_status":"open","ping_status":"closed","template":"","meta":[],"product_cat":[123,115,112,97,99,910,841,110],"product_tag":[274,313],"class_list":{"0":"post-11358","1":"product","2":"type-product","3":"status-publish","4":"has-post-thumbnail","6":"product_cat-1000usd-1500usd-sex-dolls","7":"product_cat-161cm-170cm-sex-dolls","8":"product_cat-bbw-sex-dolls","9":"product_cat-big-boobs-sex-dolls","10":"product_cat-big-butt-sex-dolls","11":"product_cat-fat-sex-doll","12":"product_cat-g-cup-sex-doll","13":"product_cat-silicone-sex-dolls","14":"product_tag-adult-sex-dolls","15":"product_tag-silicone-love-doll","16":"tm-has-options","18":"first","19":"instock","20":"sale","21":"shipping-taxable","22":"purchasable","23":"product-type-simple","24":"col-xs-6 col-sm-4","25":"col-md-3 col-lg-3","26":"un-4-cols"},"yoast_head":"<!-- This site is optimized with the Yoast SEO Premium plugin v22.6 (Yoast SEO v22.9) - https:\/\/yoast.com\/wordpress\/plugins\/seo\/ -->\n<title>Silicon Wives Sex Doll - Young BBW Silicone Love Dolls For Sale<\/title>\n<meta name=\"description\" content=\"Get a range of 162cm Young BBW Sex Doll Silicon Wives online at Miisoo. Discover the best Sex Dolls in Best Sellers. Find the top 100 most popular items today.\" \/>\n<meta name=\"robots\" content=\"index, follow, max-snippet:-1, max-image-preview:large, max-video-preview:-1\" \/>\n<link rel=\"canonical\" href=\"https:\/\/www.miisoo.com\/pt\/produto\/reese-bbw-sex-doll-silicon-wives\/\" \/>\n<meta property=\"og:locale\" content=\"pt_PT\" \/>\n<meta property=\"og:type\" content=\"article\" \/>\n<meta property=\"og:title\" content=\"Reese - 162cm Young BBW Sex Doll Silicon Wives\" \/>\n<meta property=\"og:description\" content=\"Get a range of 162cm Young BBW Sex Doll Silicon Wives online at Miisoo. Discover the best Sex Dolls in Best Sellers. Find the top 100 most popular items today.\" \/>\n<meta property=\"og:url\" content=\"https:\/\/www.miisoo.com\/pt\/produto\/reese-bbw-sex-doll-silicon-wives\/\" \/>\n<meta property=\"og:site_name\" content=\"MiisooDoll\" \/>\n<meta property=\"article:publisher\" content=\"https:\/\/www.facebook.com\/miisoodoll\" \/>\n<meta property=\"article:modified_time\" content=\"2022-12-11T08:02:03+00:00\" \/>\n<meta property=\"og:image\" content=\"https:\/\/www.miisoo.com\/wp-content\/uploads\/2021\/03\/Young-Sex-Doll-Silicon-Wives-15.jpg\" \/>\n\t<meta property=\"og:image:width\" content=\"896\" \/>\n\t<meta property=\"og:image:height\" content=\"1344\" \/>\n\t<meta property=\"og:image:type\" content=\"image\/jpeg\" \/>\n<meta name=\"twitter:card\" content=\"summary_large_image\" \/>\n<meta name=\"twitter:site\" content=\"@MiisooSexDolls\" \/>\n<meta name=\"twitter:label1\" content=\"Tempo estimado de leitura\" \/>\n\t<meta name=\"twitter:data1\" content=\"1 minuto\" \/>\n<!-- \/ Yoast SEO Premium plugin. -->","yoast_head_json":{"title":"Silicon Wives Sex Doll - Young BBW Silicone Love Dolls For Sale","description":"Get a range of 162cm Young BBW Sex Doll Silicon Wives online at Miisoo. Discover the best Sex Dolls in Best Sellers. Find the top 100 most popular items today.","robots":{"index":"index","follow":"follow","max-snippet":"max-snippet:-1","max-image-preview":"max-image-preview:large","max-video-preview":"max-video-preview:-1"},"canonical":"https:\/\/www.miisoo.com\/pt\/produto\/reese-bbw-sex-doll-silicon-wives\/","og_locale":"pt_PT","og_type":"article","og_title":"Reese - 162cm Young BBW Sex Doll Silicon Wives","og_description":"Get a range of 162cm Young BBW Sex Doll Silicon Wives online at Miisoo. Discover the best Sex Dolls in Best Sellers. Find the top 100 most popular items today.","og_url":"https:\/\/www.miisoo.com\/pt\/produto\/reese-bbw-sex-doll-silicon-wives\/","og_site_name":"MiisooDoll","article_publisher":"https:\/\/www.facebook.com\/miisoodoll","article_modified_time":"2022-12-11T08:02:03+00:00","og_image":[{"width":896,"height":1344,"url":"https:\/\/www.miisoo.com\/wp-content\/uploads\/2021\/03\/Young-Sex-Doll-Silicon-Wives-15.jpg","type":"image\/jpeg"}],"twitter_card":"summary_large_image","twitter_site":"@MiisooSexDolls","twitter_misc":{"Tempo estimado de leitura":"1 minuto"},"schema":{"@context":"https:\/\/schema.org","@graph":[{"@type":"WebPage","@id":"https:\/\/www.miisoo.com\/product\/reese-bbw-sex-doll-silicon-wives\/","url":"https:\/\/www.miisoo.com\/product\/reese-bbw-sex-doll-silicon-wives\/","name":"Silicon Wives Sex Doll - Young BBW Silicone Love Dolls For Sale","isPartOf":{"@id":"https:\/\/www.miisoo.com\/#website"},"primaryImageOfPage":{"@id":"https:\/\/www.miisoo.com\/product\/reese-bbw-sex-doll-silicon-wives\/#primaryimage"},"image":{"@id":"https:\/\/www.miisoo.com\/product\/reese-bbw-sex-doll-silicon-wives\/#primaryimage"},"thumbnailUrl":"https:\/\/www.miisoo.com\/wp-content\/uploads\/2021\/03\/Young-Sex-Doll-Silicon-Wives-15.jpg","datePublished":"2021-03-31T09:05:02+00:00","dateModified":"2022-12-11T08:02:03+00:00","description":"Get a range of 162cm Young BBW Sex Doll Silicon Wives online at Miisoo. Discover the best Sex Dolls in Best Sellers. Find the top 100 most popular items today.","breadcrumb":{"@id":"https:\/\/www.miisoo.com\/product\/reese-bbw-sex-doll-silicon-wives\/#breadcrumb"},"inLanguage":"pt-PT","potentialAction":[{"@type":"ReadAction","target":["https:\/\/www.miisoo.com\/product\/reese-bbw-sex-doll-silicon-wives\/"]}]},{"@type":"ImageObject","inLanguage":"pt-PT","@id":"https:\/\/www.miisoo.com\/product\/reese-bbw-sex-doll-silicon-wives\/#primaryimage","url":"https:\/\/www.miisoo.com\/wp-content\/uploads\/2021\/03\/Young-Sex-Doll-Silicon-Wives-15.jpg","contentUrl":"https:\/\/www.miisoo.com\/wp-content\/uploads\/2021\/03\/Young-Sex-Doll-Silicon-Wives-15.jpg","width":896,"height":1344,"caption":"Silicon Wives Sex Wives"},{"@type":"BreadcrumbList","@id":"https:\/\/www.miisoo.com\/product\/reese-bbw-sex-doll-silicon-wives\/#breadcrumb","itemListElement":[{"@type":"ListItem","position":1,"name":"Home","item":"https:\/\/www.miisoo.com\/"},{"@type":"ListItem","position":2,"name":"Sex Doll Shop","item":"https:\/\/www.miisoo.com\/shop\/"},{"@type":"ListItem","position":3,"name":"Reese &#8211; 162cm Young BBW Sex Doll Silicon Wives"}]},{"@type":"WebSite","@id":"https:\/\/www.miisoo.com\/#website","url":"https:\/\/www.miisoo.com\/","name":"MiisooDoll","description":"Sexual Doll, Real Sex Dolls, Love Doll, Best Sex Dolls","publisher":{"@id":"https:\/\/www.miisoo.com\/#organization"},"potentialAction":[{"@type":"SearchAction","target":{"@type":"EntryPoint","urlTemplate":"https:\/\/www.miisoo.com\/?s={search_term_string}"},"query-input":"required name=search_term_string"}],"inLanguage":"pt-PT"},{"@type":"Organization","@id":"https:\/\/www.miisoo.com\/#organization","name":"MiisooDoll","url":"https:\/\/www.miisoo.com\/","logo":{"@type":"ImageObject","inLanguage":"pt-PT","@id":"https:\/\/www.miisoo.com\/#\/schema\/logo\/image\/","url":"https:\/\/www.miisoo.com\/wp-content\/uploads\/2020\/09\/logo-botton.png","contentUrl":"https:\/\/www.miisoo.com\/wp-content\/uploads\/2020\/09\/logo-botton.png","width":181,"height":42,"caption":"MiisooDoll"},"image":{"@id":"https:\/\/www.miisoo.com\/#\/schema\/logo\/image\/"},"sameAs":["https:\/\/www.facebook.com\/miisoodoll","https:\/\/x.com\/MiisooSexDolls"]}]}},"_links":{"self":[{"href":"https:\/\/www.miisoo.com\/pt\/wp-json\/wp\/v2\/product\/11358","targetHints":{"allow":["GET"]}}],"collection":[{"href":"https:\/\/www.miisoo.com\/pt\/wp-json\/wp\/v2\/product"}],"about":[{"href":"https:\/\/www.miisoo.com\/pt\/wp-json\/wp\/v2\/types\/product"}],"replies":[{"embeddable":true,"href":"https:\/\/www.miisoo.com\/pt\/wp-json\/wp\/v2\/comments?post=11358"}],"version-history":[{"count":3,"href":"https:\/\/www.miisoo.com\/pt\/wp-json\/wp\/v2\/product\/11358\/revisions"}],"predecessor-version":[{"id":19320,"href":"https:\/\/www.miisoo.com\/pt\/wp-json\/wp\/v2\/product\/11358\/revisions\/19320"}],"wp:featuredmedia":[{"embeddable":true,"href":"https:\/\/www.miisoo.com\/pt\/wp-json\/wp\/v2\/media\/11384"}],"wp:attachment":[{"href":"https:\/\/www.miisoo.com\/pt\/wp-json\/wp\/v2\/media?parent=11358"}],"wp:term":[{"taxonomy":"product_cat","embeddable":true,"href":"https:\/\/www.miisoo.com\/pt\/wp-json\/wp\/v2\/product_cat?post=11358"},{"taxonomy":"product_tag","embeddable":true,"href":"https:\/\/www.miisoo.com\/pt\/wp-json\/wp\/v2\/product_tag?post=11358"}],"curies":[{"name":"wp","href":"https:\/\/api.w.org\/{rel}","templated":true}]}}