{"id":11173,"date":"2021-03-31T15:15:28","date_gmt":"2021-03-31T07:15:28","guid":{"rendered":"https:\/\/www.miisoo.com\/?post_type=product&#038;p=11173"},"modified":"2022-11-18T11:39:12","modified_gmt":"2022-11-18T03:39:12","slug":"female-life-size-silicone-love-doll","status":"publish","type":"product","link":"https:\/\/www.miisoo.com\/pt\/product\/female-life-size-silicone-love-doll\/","title":{"rendered":"Grinda - Boneca do Amor Feminina de Silicone em Tamanho Real de 158 cm"},"content":{"rendered":"<p>Grinda est\u00e1 na categoria de boneca do amor de silicone em tamanho real; ela pode facilmente ser considerada uma mulher de verdade. As partes de seu corpo de silicone pouco fazem para revelar o fato de que ela n\u00e3o \u00e9 uma mulher de verdade. Enquanto seu corpo de boneca do amor de silicone TPE \u00e9 muito realista e bonito.<\/p>\n<p>Seus peitos enormes est\u00e3o l\u00e1 para voc\u00ea <a href=\"https:\/\/www.oecd.org\/dev\/development-gender\/BrochureSIGI2015-web.pdf\">gratifica\u00e7\u00e3o sexual<\/a>. Ela \u00e9 sexy e n\u00e3o tem vergonha disso. Ela nunca reclamar\u00e1 de qualquer fantasia sexual que voc\u00ea realize com ela.<\/p>\n<p>Esta boneca feminina de silicone \u00e9 de alta qualidade, ent\u00e3o tenha certeza de que ela \u00e9 genu\u00edna e durar\u00e1 muito tempo. Nem mesmo o sexo violento ser\u00e1 capaz de prejudic\u00e1-la, pois ela \u00e9 muito forte e dur\u00e1vel.<\/p>\n<p>Ela \u00e9 uma verdadeira boneca sexual de silicone. Ela pode pegar qualquer <a href=\"https:\/\/www.miisoo.com\/pt\/categoria-produto\/151cm-160cm-sex-dolls\/\">batendo forte<\/a> e com certeza sair\u00e1 ileso deles, gra\u00e7as \u00e0 sua pele de silicone refor\u00e7ada e esqueleto de metal flex\u00edvel.<\/p>\n<p><span style=\"color: #000000; font-size: 16px; font-weight: 600;\">Medidas para boneca do amor de silicone em tamanho real<\/span><\/p>\n<table width=\"352\">\n<tbody>\n<tr>\n<td width=\"133\">Altura<\/td>\n<td width=\"219\">158cm<\/td>\n<\/tr>\n<tr>\n<td width=\"133\">Peso<\/td>\n<td width=\"219\">37kg<\/td>\n<\/tr>\n<tr>\n<td width=\"133\">Busto<\/td>\n<td width=\"219\">87cm<\/td>\n<\/tr>\n<tr>\n<td width=\"133\">Cintura<\/td>\n<td width=\"219\">55cm<\/td>\n<\/tr>\n<tr>\n<td width=\"133\">Quadril<\/td>\n<td width=\"219\">90cm<\/td>\n<\/tr>\n<tr>\n<td width=\"133\">Profundidade da boca<\/td>\n<td width=\"219\">15cm<\/td>\n<\/tr>\n<tr>\n<td width=\"133\">Profundidade da vagina<\/td>\n<td width=\"219\">18cm<\/td>\n<\/tr>\n<tr>\n<td width=\"133\">Profundidade do \u00e2nus<\/td>\n<td width=\"219\">18cm<\/td>\n<\/tr>\n<tr>\n<td width=\"133\">Tamanho da embalagem<\/td>\n<td width=\"219\">151cm x 38cm x 27cm<\/td>\n<\/tr>\n<\/tbody>\n<\/table>\n\t\t<div data-elementor-type=\"section\" data-elementor-id=\"11434\" class=\"elementor elementor-11434\" data-elementor-post-type=\"elementor_library\">\n\t\t\t\t\t<section class=\"elementor-section elementor-top-section elementor-element elementor-element-286f660 elementor-section-boxed elementor-section-height-default elementor-section-height-default\" data-id=\"286f660\" data-element_type=\"section\">\n\t\t\t\t\t\t<div class=\"elementor-container elementor-column-gap-default\">\n\t\t\t\t\t<div class=\"elementor-column elementor-col-100 elementor-top-column elementor-element elementor-element-bbf2196\" data-id=\"bbf2196\" data-element_type=\"column\">\n\t\t\t<div class=\"elementor-widget-wrap elementor-element-populated\">\n\t\t\t\t\t\t<div class=\"elementor-element elementor-element-c50510a elementor-widget elementor-widget-text-editor\" data-id=\"c50510a\" data-element_type=\"widget\" data-widget_type=\"text-editor.default\">\n\t\t\t\t<div class=\"elementor-widget-container\">\n\t\t\t\t\t\t\t\t\t<h4><strong>Caracter\u00edsticas:<\/strong><\/h4><p>\u2013 <span style=\"color: #ff9900;\"><strong>Cabe\u00e7a com material de silicone, corpo com material TPE de grau m\u00e9dico<\/strong><\/span><br \/>\u2013 Esqueleto de a\u00e7o dur\u00e1vel com juntas m\u00f3veis para muitas posi\u00e7\u00f5es sexuais incr\u00edveis<br \/>\u2013 Capacidades vaginais, orais e anais<br \/>\u2013 Frete internacional gr\u00e1tis e embalagem discreta<br \/>\u2013 Uma boneca sexual requer 1 a 3 dias para fabrica\u00e7\u00e3o + 5 a 12 dias para envio<\/p><h4><span style=\"color: #000000; font-size: 18px; font-weight: bold;\">Presentes gratis<\/span><\/h4><p>Brindes: Roupa \u00edntima sexy x 1, Luvas x 1, Pente x 1, Aquecedor vaginal x 1, Irrigador vaginal x 1, Cobertor x 1.<br \/><img fetchpriority=\"high\" decoding=\"async\" class=\"wp-image-4748 size-large alignnone\" src=\"https:\/\/miisoo.com\/wp-content\/uploads\/2013\/06\/Accessory-1024x155.jpg\" sizes=\"(max-width: 840px) 100vw, 840px\" srcset=\"https:\/\/cdn.miisoo.com\/wp-content\/uploads\/2013\/06\/Accessory-1024x155.jpg 1024w, https:\/\/cdn.miisoo.com\/wp-content\/uploads\/2013\/06\/Accessory-600x91.jpg 600w, https:\/\/cdn.miisoo.com\/wp-content\/uploads\/2013\/06\/Accessory-300x45.jpg 300w, https:\/\/cdn.miisoo.com\/wp-content\/uploads\/2013\/06\/Accessory-768x116.jpg 768w, https:\/\/cdn.miisoo.com\/wp-content\/uploads\/2013\/06\/Accessory-1536x232.jpg 1536w, https:\/\/cdn.miisoo.com\/wp-content\/uploads\/2013\/06\/Accessory-370x56.jpg 370w, https:\/\/cdn.miisoo.com\/wp-content\/uploads\/2013\/06\/Accessory.jpg 1616w\" alt=\"Renee \u2013 Boneca Sexual Adolescente Magra e Encantadora de 157 cm - MiisooDoll\" width=\"840\" height=\"127\" \/><\/p><p><strong>Garantia: voc\u00ea receber\u00e1 100% como bonecos de figuras.<\/strong><\/p>\t\t\t\t\t\t\t\t<\/div>\n\t\t\t\t<\/div>\n\t\t\t\t\t<\/div>\n\t\t<\/div>\n\t\t\t\t\t<\/div>\n\t\t<\/section>\n\t\t\t\t<\/div>","protected":false},"excerpt":{"rendered":"<div data-elementor-type=\"section\" data-elementor-id=\"11445\" class=\"elementor elementor-11445\" data-elementor-post-type=\"elementor_library\">\n<section class=\"elementor-section elementor-top-section elementor-element elementor-element-c1f38e4 elementor-section-boxed elementor-section-height-default elementor-section-height-default\" data-id=\"c1f38e4\" data-element_type=\"section\">\n<div class=\"elementor-container elementor-column-gap-default\">\n<div class=\"elementor-column elementor-col-100 elementor-top-column elementor-element elementor-element-07b250a\" data-id=\"07b250a\" data-element_type=\"column\">\n<div class=\"elementor-widget-wrap elementor-element-populated\">\n<div class=\"elementor-element elementor-element-c000e60 elementor-widget elementor-widget-text-editor\" data-id=\"c000e60\" data-element_type=\"widget\" data-widget_type=\"text-editor.default\">\n<div class=\"elementor-widget-container\">\n<ul>\n<li><span style=\"color: #ff9900;\"><strong>Cabe\u00e7a com material de silicone, Corpo com material TPE<\/strong><\/span><\/li>\n<li>Frete gr\u00e1tis para todo o mundo, frete discreto.<\/li>\n<li>100% Id\u00eantico \u00e0s imagens, a menos que seja personalizado.<\/li>\n<li>Os pre\u00e7os incluem. IVA e taxas alfandeg\u00e1rias<\/li>\n<li>Entrega na sua porta em 7 a 15 dias \u00fateis!<\/li>\n<\/ul><\/div>\n<\/p><\/div>\n<\/p><\/div>\n<\/p><\/div>\n<\/p><\/div>\n<\/section><\/div>\n<div data-elementor-type=\"section\" data-elementor-id=\"10473\" class=\"elementor elementor-10473\" data-elementor-post-type=\"elementor_library\">\n<section class=\"elementor-section elementor-top-section elementor-element elementor-element-03d9b2a elementor-section-boxed elementor-section-height-default elementor-section-height-default\" data-id=\"03d9b2a\" data-element_type=\"section\">\n<div class=\"elementor-container elementor-column-gap-default\">\n<div class=\"elementor-column elementor-col-100 elementor-top-column elementor-element elementor-element-5081c52\" data-id=\"5081c52\" data-element_type=\"column\">\n<div class=\"elementor-widget-wrap elementor-element-populated\">\n<div class=\"elementor-element elementor-element-d2c17df elementor-widget elementor-widget-martfury-banner-small\" data-id=\"d2c17df\" data-element_type=\"widget\" data-widget_type=\"martfury-banner-small.default\">\n<div class=\"elementor-widget-container\">\n<div class=\"mf-elementor-banner-small\">\n<div class=\"banner-featured-image\"><\/div>\n<p>\t\t\t                <a class=\"link\" href=\"https:\/\/mso.aidoll-japan.com\"><\/a><\/p>\n<div class=\"banner-content\">\n<h2 class=\"banner-title\">1500 Mini Bonecas do Amor<\/p>\n<p>sexdollxxx. com<\/h2>\n<div class=\"banner-desc\">\n<p>60cm, 80cm, 100cm,<\/p>\n<p>120cm, 130cm, 140cm<\/p>\n<\/div>\n<div class=\"banner-price\"><span\n                                class=\"s-price\">sexdollxxx .com<\/span><\/div>\n<\/p><\/div>\n<\/p><\/div>\n<\/p><\/div>\n<\/p><\/div>\n<\/p><\/div>\n<\/p><\/div>\n<\/p><\/div>\n<\/section><\/div>","protected":false},"featured_media":11216,"comment_status":"open","ping_status":"closed","template":"","meta":[],"product_cat":[114,126,942,99,838,847,834,117],"product_tag":[313],"class_list":{"0":"post-11173","1":"product","2":"type-product","3":"status-publish","4":"has-post-thumbnail","6":"product_cat-1500usd-2000usd-sex-doll","7":"product_cat-151cm-160cm-sex-dolls","8":"product_cat-3d-love-dolls","9":"product_cat-big-butt-sex-dolls","10":"product_cat-d-cup-sex-doll","11":"product_cat-female-sex-doll","12":"product_cat-medium-breast-sex-doll","13":"product_cat-silicone-head-tpe-body","14":"product_tag-silicone-love-doll","15":"tm-has-options","17":"first","18":"instock","19":"sale","20":"shipping-taxable","21":"purchasable","22":"product-type-simple","23":"col-xs-6 col-sm-4","24":"col-md-3 col-lg-3","25":"un-4-cols"},"yoast_head":"<!-- This site is optimized with the Yoast SEO Premium plugin v22.6 (Yoast SEO v22.9) - https:\/\/yoast.com\/wordpress\/plugins\/seo\/ -->\n<title>Shop Female Life Size Silicone Love Doll | MiisooDoll<\/title>\n<meta name=\"description\" content=\"Buy 158cm Female Life Size Silicone Love Doll online at Miisoo. MiisooDoll is a premium online store for exotic BBW love silicone sex dolls. Shop today!\" \/>\n<meta name=\"robots\" content=\"index, follow, max-snippet:-1, max-image-preview:large, max-video-preview:-1\" \/>\n<link rel=\"canonical\" href=\"https:\/\/www.miisoo.com\/pt\/produto\/female-life-size-silicone-love-doll\/\" \/>\n<meta property=\"og:locale\" content=\"pt_PT\" \/>\n<meta property=\"og:type\" content=\"article\" \/>\n<meta property=\"og:title\" content=\"Grinda - 158cm Female Life Size Silicone Love Doll\" \/>\n<meta property=\"og:description\" content=\"Buy 158cm Female Life Size Silicone Love Doll online at Miisoo. MiisooDoll is a premium online store for exotic BBW love silicone sex dolls. Shop today!\" \/>\n<meta property=\"og:url\" content=\"https:\/\/www.miisoo.com\/pt\/produto\/female-life-size-silicone-love-doll\/\" \/>\n<meta property=\"og:site_name\" content=\"MiisooDoll\" \/>\n<meta property=\"article:publisher\" content=\"https:\/\/www.facebook.com\/miisoodoll\" \/>\n<meta property=\"article:modified_time\" content=\"2022-11-18T03:39:12+00:00\" \/>\n<meta property=\"og:image\" content=\"https:\/\/www.miisoo.com\/wp-content\/uploads\/2021\/03\/Silicone-Love-Doll-Real-Sex-Doll-3.jpg\" \/>\n\t<meta property=\"og:image:width\" content=\"832\" \/>\n\t<meta property=\"og:image:height\" content=\"1248\" \/>\n\t<meta property=\"og:image:type\" content=\"image\/jpeg\" \/>\n<meta name=\"twitter:card\" content=\"summary_large_image\" \/>\n<meta name=\"twitter:site\" content=\"@MiisooSexDolls\" \/>\n<meta name=\"twitter:label1\" content=\"Tempo estimado de leitura\" \/>\n\t<meta name=\"twitter:data1\" content=\"1 minuto\" \/>\n<!-- \/ Yoast SEO Premium plugin. -->","yoast_head_json":{"title":"Shop Female Life Size Silicone Love Doll | MiisooDoll","description":"Buy 158cm Female Life Size Silicone Love Doll online at Miisoo. MiisooDoll is a premium online store for exotic BBW love silicone sex dolls. Shop today!","robots":{"index":"index","follow":"follow","max-snippet":"max-snippet:-1","max-image-preview":"max-image-preview:large","max-video-preview":"max-video-preview:-1"},"canonical":"https:\/\/www.miisoo.com\/pt\/produto\/female-life-size-silicone-love-doll\/","og_locale":"pt_PT","og_type":"article","og_title":"Grinda - 158cm Female Life Size Silicone Love Doll","og_description":"Buy 158cm Female Life Size Silicone Love Doll online at Miisoo. MiisooDoll is a premium online store for exotic BBW love silicone sex dolls. Shop today!","og_url":"https:\/\/www.miisoo.com\/pt\/produto\/female-life-size-silicone-love-doll\/","og_site_name":"MiisooDoll","article_publisher":"https:\/\/www.facebook.com\/miisoodoll","article_modified_time":"2022-11-18T03:39:12+00:00","og_image":[{"width":832,"height":1248,"url":"https:\/\/www.miisoo.com\/wp-content\/uploads\/2021\/03\/Silicone-Love-Doll-Real-Sex-Doll-3.jpg","type":"image\/jpeg"}],"twitter_card":"summary_large_image","twitter_site":"@MiisooSexDolls","twitter_misc":{"Tempo estimado de leitura":"1 minuto"},"schema":{"@context":"https:\/\/schema.org","@graph":[{"@type":"WebPage","@id":"https:\/\/www.miisoo.com\/product\/female-life-size-silicone-love-doll\/","url":"https:\/\/www.miisoo.com\/product\/female-life-size-silicone-love-doll\/","name":"Shop Female Life Size Silicone Love Doll | MiisooDoll","isPartOf":{"@id":"https:\/\/www.miisoo.com\/#website"},"primaryImageOfPage":{"@id":"https:\/\/www.miisoo.com\/product\/female-life-size-silicone-love-doll\/#primaryimage"},"image":{"@id":"https:\/\/www.miisoo.com\/product\/female-life-size-silicone-love-doll\/#primaryimage"},"thumbnailUrl":"https:\/\/www.miisoo.com\/wp-content\/uploads\/2021\/03\/Silicone-Love-Doll-Real-Sex-Doll-3.jpg","datePublished":"2021-03-31T07:15:28+00:00","dateModified":"2022-11-18T03:39:12+00:00","description":"Buy 158cm Female Life Size Silicone Love Doll online at Miisoo. MiisooDoll is a premium online store for exotic BBW love silicone sex dolls. Shop today!","breadcrumb":{"@id":"https:\/\/www.miisoo.com\/product\/female-life-size-silicone-love-doll\/#breadcrumb"},"inLanguage":"pt-PT","potentialAction":[{"@type":"ReadAction","target":["https:\/\/www.miisoo.com\/product\/female-life-size-silicone-love-doll\/"]}]},{"@type":"ImageObject","inLanguage":"pt-PT","@id":"https:\/\/www.miisoo.com\/product\/female-life-size-silicone-love-doll\/#primaryimage","url":"https:\/\/www.miisoo.com\/wp-content\/uploads\/2021\/03\/Silicone-Love-Doll-Real-Sex-Doll-3.jpg","contentUrl":"https:\/\/www.miisoo.com\/wp-content\/uploads\/2021\/03\/Silicone-Love-Doll-Real-Sex-Doll-3.jpg","width":832,"height":1248},{"@type":"BreadcrumbList","@id":"https:\/\/www.miisoo.com\/product\/female-life-size-silicone-love-doll\/#breadcrumb","itemListElement":[{"@type":"ListItem","position":1,"name":"Home","item":"https:\/\/www.miisoo.com\/"},{"@type":"ListItem","position":2,"name":"Sex Doll Shop","item":"https:\/\/www.miisoo.com\/shop\/"},{"@type":"ListItem","position":3,"name":"Grinda &#8211; 158cm Female Life Size Silicone Love Doll"}]},{"@type":"WebSite","@id":"https:\/\/www.miisoo.com\/#website","url":"https:\/\/www.miisoo.com\/","name":"MiisooDoll","description":"Sexual Doll, Real Sex Dolls, Love Doll, Best Sex Dolls","publisher":{"@id":"https:\/\/www.miisoo.com\/#organization"},"potentialAction":[{"@type":"SearchAction","target":{"@type":"EntryPoint","urlTemplate":"https:\/\/www.miisoo.com\/?s={search_term_string}"},"query-input":"required name=search_term_string"}],"inLanguage":"pt-PT"},{"@type":"Organization","@id":"https:\/\/www.miisoo.com\/#organization","name":"MiisooDoll","url":"https:\/\/www.miisoo.com\/","logo":{"@type":"ImageObject","inLanguage":"pt-PT","@id":"https:\/\/www.miisoo.com\/#\/schema\/logo\/image\/","url":"https:\/\/www.miisoo.com\/wp-content\/uploads\/2020\/09\/logo-botton.png","contentUrl":"https:\/\/www.miisoo.com\/wp-content\/uploads\/2020\/09\/logo-botton.png","width":181,"height":42,"caption":"MiisooDoll"},"image":{"@id":"https:\/\/www.miisoo.com\/#\/schema\/logo\/image\/"},"sameAs":["https:\/\/www.facebook.com\/miisoodoll","https:\/\/x.com\/MiisooSexDolls"]}]}},"_links":{"self":[{"href":"https:\/\/www.miisoo.com\/pt\/wp-json\/wp\/v2\/product\/11173","targetHints":{"allow":["GET"]}}],"collection":[{"href":"https:\/\/www.miisoo.com\/pt\/wp-json\/wp\/v2\/product"}],"about":[{"href":"https:\/\/www.miisoo.com\/pt\/wp-json\/wp\/v2\/types\/product"}],"replies":[{"embeddable":true,"href":"https:\/\/www.miisoo.com\/pt\/wp-json\/wp\/v2\/comments?post=11173"}],"version-history":[{"count":3,"href":"https:\/\/www.miisoo.com\/pt\/wp-json\/wp\/v2\/product\/11173\/revisions"}],"predecessor-version":[{"id":14890,"href":"https:\/\/www.miisoo.com\/pt\/wp-json\/wp\/v2\/product\/11173\/revisions\/14890"}],"wp:featuredmedia":[{"embeddable":true,"href":"https:\/\/www.miisoo.com\/pt\/wp-json\/wp\/v2\/media\/11216"}],"wp:attachment":[{"href":"https:\/\/www.miisoo.com\/pt\/wp-json\/wp\/v2\/media?parent=11173"}],"wp:term":[{"taxonomy":"product_cat","embeddable":true,"href":"https:\/\/www.miisoo.com\/pt\/wp-json\/wp\/v2\/product_cat?post=11173"},{"taxonomy":"product_tag","embeddable":true,"href":"https:\/\/www.miisoo.com\/pt\/wp-json\/wp\/v2\/product_tag?post=11173"}],"curies":[{"name":"wp","href":"https:\/\/api.w.org\/{rel}","templated":true}]}}