{"id":6199,"date":"2020-11-10T21:28:52","date_gmt":"2020-11-10T13:28:52","guid":{"rendered":"https:\/\/www.miisoo.com\/?page_id=6199"},"modified":"2025-05-07T15:04:48","modified_gmt":"2025-05-07T07:04:48","slug":"sex-doll-affiliate-program","status":"publish","type":"page","link":"https:\/\/www.miisoo.com\/pt\/sex-doll-affiliate-program\/","title":{"rendered":"Programa de afiliados de bonecas sexuais"},"content":{"rendered":"<div data-elementor-type=\"wp-page\" data-elementor-id=\"6199\" class=\"elementor elementor-6199\" data-elementor-post-type=\"page\">\n\t\t\t\t\t\t<section class=\"elementor-section elementor-top-section elementor-element elementor-element-c76458e elementor-section-boxed elementor-section-height-default elementor-section-height-default\" data-id=\"c76458e\" data-element_type=\"section\">\n\t\t\t\t\t\t<div class=\"elementor-container elementor-column-gap-default\">\n\t\t\t\t\t<div class=\"elementor-column elementor-col-25 elementor-top-column elementor-element elementor-element-8b5e8e1\" data-id=\"8b5e8e1\" data-element_type=\"column\">\n\t\t\t<div class=\"elementor-widget-wrap\">\n\t\t\t\t\t\t\t<\/div>\n\t\t<\/div>\n\t\t\t\t<div class=\"elementor-column elementor-col-50 elementor-top-column elementor-element elementor-element-5afa608\" data-id=\"5afa608\" data-element_type=\"column\">\n\t\t\t<div class=\"elementor-widget-wrap elementor-element-populated\">\n\t\t\t\t\t\t<div class=\"elementor-element elementor-element-1111958 elementor-widget elementor-widget-text-editor\" data-id=\"1111958\" data-element_type=\"widget\" data-widget_type=\"text-editor.default\">\n\t\t\t\t<div class=\"elementor-widget-container\">\n\t\t\t\t\t\t\t\t\t<p>Bonecas sexuais adultas e brinquedos sexuais s\u00e3o uma das ind\u00fastrias mais lucrativas da Internet. Nosso Programa de Afiliados de Bonecas Sexuais oferece uma maneira de ganhar dinheiro extra e esta ind\u00fastria est\u00e1 crescendo explosivamente. Se voc\u00ea tiver um site, blog, influenciadores ou qualquer outra coisa relacionada a adultos que possa promover nosso site de bonecas sexuais, poder\u00e1 obter altas receitas de comiss\u00f5es enviando tr\u00e1fego para nosso site. Al\u00e9m disso, nossa plataforma de afiliados \u00e9 f\u00e1cil de usar e nossa equipe ir\u00e1 ajud\u00e1-lo a se configurar.\u00a0<\/p><p>Leia abaixo para obter mais informa\u00e7\u00f5es e se registrar em nosso Programa de Afiliados<\/p><p><a href=\"https:\/\/miisoodoll.goaffpro.com\/\">https:\/\/miisoodoll.goaffpro.com\/<\/a><\/p>\t\t\t\t\t\t\t\t<\/div>\n\t\t\t\t<\/div>\n\t\t\t\t<div class=\"elementor-element elementor-element-4f77285 elementor-widget elementor-widget-text-editor\" data-id=\"4f77285\" data-element_type=\"widget\" data-widget_type=\"text-editor.default\">\n\t\t\t\t<div class=\"elementor-widget-container\">\n\t\t\t\t\t\t\t\t\t<h3><strong>Quanto voc\u00ea pode ganhar como parceiro afiliado?<\/strong><\/h3><p>Nossos parceiros afiliados ganham<span style=\"text-decoration: underline;\"> 8%<\/span> comiss\u00e3o por cada venda gerada por suas indica\u00e7\u00f5es. Como nossas bonecas t\u00eam pre\u00e7o de atacado e s\u00e3o vendidas em lojas de f\u00e1brica, sendo os produtos mais competitivos do setor, isso faz com que a MiisooDoll tenha uma taxa de convers\u00e3o de pedidos mais alta. Nunca permitiremos que nossos produtos sejam vendidos a pre\u00e7os altos. Repassaremos nossos lucros aos nossos compradores. Se os produtos forem vendidos a um pre\u00e7o alto, mesmo que o membro afiliado consiga uma alta taxa de comiss\u00e3o, esse \u00e9 um comportamento que engana os consumidores. No geral, esses pre\u00e7os altos dos produtos tamb\u00e9m levam a baixas taxas de convers\u00e3o de pedidos. Mantemos 15% do lucro bruto para n\u00f3s e 8% dos lucros para nossos afiliados.<\/p><p>Um exemplo de comiss\u00e3o: Nossa boneca campe\u00e3 de vendas, Vada, est\u00e1 avaliada em $1466. Nossos parceiros afiliados ganham $117,28 cada vez que um de seus indicados a compra. ($1466 X 0,08 = $117,28)<\/p>\t\t\t\t\t\t\t\t<\/div>\n\t\t\t\t<\/div>\n\t\t\t\t<div class=\"elementor-element elementor-element-1c6a6f3 elementor-widget elementor-widget-text-editor\" data-id=\"1c6a6f3\" data-element_type=\"widget\" data-widget_type=\"text-editor.default\">\n\t\t\t\t<div class=\"elementor-widget-container\">\n\t\t\t\t\t\t\t\t\t<h3><strong>Como funciona?<\/strong><\/h3><p>\u2013 Registre-se como parceiro afiliado MIISOO SEXDOLL.<\/p><p><a href=\"https:\/\/miisoodoll.goaffpro.com\/create-account\">https:\/\/miisoodoll.goaffpro.com\/create-account<\/a><\/p><p>\u2013 Coloque seu URL de afiliado em seu site.<\/p><p>\u2013 Quando um usu\u00e1rio clica em miisoo.com e faz uma compra, voc\u00ea ganha automaticamente 8% da venda.<\/p><p>\u2013 Fa\u00e7a login no seu painel de parceiro afiliado a qualquer momento para rastrear cliques, convers\u00f5es e ganhos.<\/p><p>\u2013 Os pagamentos ser\u00e3o feitos via paypal assim que o limite $300,00 for atingido.<\/p>\t\t\t\t\t\t\t\t<\/div>\n\t\t\t\t<\/div>\n\t\t\t\t<div class=\"elementor-element elementor-element-46b4b24 elementor-widget elementor-widget-text-editor\" data-id=\"46b4b24\" data-element_type=\"widget\" data-widget_type=\"text-editor.default\">\n\t\t\t\t<div class=\"elementor-widget-container\">\n\t\t\t\t\t\t\t\t\t<h3><strong>Como se tornar um Parceiro Afiliado?<\/strong><\/h3><div class=\"accordion-inner\"><p>Se voc\u00ea n\u00e3o \u00e9 afiliado, mas deseja se tornar um, por favor <a href=\"https:\/\/miisoodoll.goaffpro.com\/create-account\">Registre-se aqui<\/a>. adorar\u00edamos ter voc\u00ea a bordo. Depois de aprovado, enviaremos a voc\u00ea um URL personalizado.  \u00c9 importante que voc\u00ea use esse URL para que possamos rastrear as vendas at\u00e9 sua conta e pagar suas comiss\u00f5es.<\/p><p>Se voc\u00ea j\u00e1 \u00e9 um afiliado, fa\u00e7a login para acessar seu painel de controle.<\/p><p><a href=\"https:\/\/miisoodoll.goaffpro.com\/login\">https:\/\/miisoodoll.goaffpro.com\/login<\/a><\/p><\/div>\t\t\t\t\t\t\t\t<\/div>\n\t\t\t\t<\/div>\n\t\t\t\t\t<\/div>\n\t\t<\/div>\n\t\t\t\t<div class=\"elementor-column elementor-col-25 elementor-top-column elementor-element elementor-element-df603f8\" data-id=\"df603f8\" data-element_type=\"column\">\n\t\t\t<div class=\"elementor-widget-wrap\">\n\t\t\t\t\t\t\t<\/div>\n\t\t<\/div>\n\t\t\t\t\t<\/div>\n\t\t<\/section>\n\t\t\t\t<\/div>","protected":false},"excerpt":{"rendered":"<p>Adult sex dolls and sex toys are one of the most profitable industry on the internet. Our Sex Dolls Affiliate Program gives you a way to make extra money and this industry is growing explosively. If you have an adult related website, blog, influencers or anything else that could promote our sex dolls website, you&hellip;<\/p>","protected":false},"author":455,"featured_media":0,"parent":0,"menu_order":0,"comment_status":"closed","ping_status":"open","template":"","meta":{"footnotes":""},"class_list":["post-6199","page","type-page","status-publish","hentry"],"yoast_head":"<!-- This site is optimized with the Yoast SEO Premium plugin v22.6 (Yoast SEO v22.9) - https:\/\/yoast.com\/wordpress\/plugins\/seo\/ -->\n<title>Become a Partner in the Sex Doll Affiliate Program | MiisooDoll<\/title>\n<meta name=\"description\" content=\"Miisoo Sex Dolls Affiliate Program gives you a way to make extra money, this industry is growing fast. you can earn high commissions revenue\" \/>\n<meta name=\"robots\" content=\"index, follow, max-snippet:-1, max-image-preview:large, max-video-preview:-1\" \/>\n<link rel=\"canonical\" href=\"https:\/\/www.miisoo.com\/pt\/sex-doll-affiliate-program\/\" \/>\n<meta property=\"og:locale\" content=\"pt_PT\" \/>\n<meta property=\"og:type\" content=\"article\" \/>\n<meta property=\"og:title\" content=\"Sex Doll Affiliate Program\" \/>\n<meta property=\"og:description\" content=\"Miisoo Sex Dolls Affiliate Program gives you a way to make extra money, this industry is growing fast. you can earn high commissions revenue\" \/>\n<meta property=\"og:url\" content=\"https:\/\/www.miisoo.com\/pt\/sex-doll-affiliate-program\/\" \/>\n<meta property=\"og:site_name\" content=\"MiisooDoll\" \/>\n<meta property=\"article:publisher\" content=\"https:\/\/www.facebook.com\/miisoodoll\" \/>\n<meta property=\"article:modified_time\" content=\"2025-05-07T07:04:48+00:00\" \/>\n<meta name=\"twitter:card\" content=\"summary_large_image\" \/>\n<meta name=\"twitter:site\" content=\"@MiisooSexDolls\" \/>\n<meta name=\"twitter:label1\" content=\"Tempo estimado de leitura\" \/>\n\t<meta name=\"twitter:data1\" content=\"2 minutos\" \/>\n<!-- \/ Yoast SEO Premium plugin. -->","yoast_head_json":{"title":"Become a Partner in the Sex Doll Affiliate Program | MiisooDoll","description":"Miisoo Sex Dolls Affiliate Program gives you a way to make extra money, this industry is growing fast. you can earn high commissions revenue","robots":{"index":"index","follow":"follow","max-snippet":"max-snippet:-1","max-image-preview":"max-image-preview:large","max-video-preview":"max-video-preview:-1"},"canonical":"https:\/\/www.miisoo.com\/pt\/sex-doll-affiliate-program\/","og_locale":"pt_PT","og_type":"article","og_title":"Sex Doll Affiliate Program","og_description":"Miisoo Sex Dolls Affiliate Program gives you a way to make extra money, this industry is growing fast. you can earn high commissions revenue","og_url":"https:\/\/www.miisoo.com\/pt\/sex-doll-affiliate-program\/","og_site_name":"MiisooDoll","article_publisher":"https:\/\/www.facebook.com\/miisoodoll","article_modified_time":"2025-05-07T07:04:48+00:00","twitter_card":"summary_large_image","twitter_site":"@MiisooSexDolls","twitter_misc":{"Tempo estimado de leitura":"2 minutos"},"schema":{"@context":"https:\/\/schema.org","@graph":[{"@type":"WebPage","@id":"https:\/\/www.miisoo.com\/sex-doll-affiliate-program\/","url":"https:\/\/www.miisoo.com\/sex-doll-affiliate-program\/","name":"Become a Partner in the Sex Doll Affiliate Program | MiisooDoll","isPartOf":{"@id":"https:\/\/www.miisoo.com\/#website"},"datePublished":"2020-11-10T13:28:52+00:00","dateModified":"2025-05-07T07:04:48+00:00","description":"Miisoo Sex Dolls Affiliate Program gives you a way to make extra money, this industry is growing fast. you can earn high commissions revenue","breadcrumb":{"@id":"https:\/\/www.miisoo.com\/sex-doll-affiliate-program\/#breadcrumb"},"inLanguage":"pt-PT","potentialAction":[{"@type":"ReadAction","target":["https:\/\/www.miisoo.com\/sex-doll-affiliate-program\/"]}]},{"@type":"BreadcrumbList","@id":"https:\/\/www.miisoo.com\/sex-doll-affiliate-program\/#breadcrumb","itemListElement":[{"@type":"ListItem","position":1,"name":"Home","item":"https:\/\/www.miisoo.com\/"},{"@type":"ListItem","position":2,"name":"Sex Doll Affiliate Program"}]},{"@type":"WebSite","@id":"https:\/\/www.miisoo.com\/#website","url":"https:\/\/www.miisoo.com\/","name":"MiisooDoll","description":"Sexual Doll, Real Sex Dolls, Love Doll, Best Sex Dolls","publisher":{"@id":"https:\/\/www.miisoo.com\/#organization"},"potentialAction":[{"@type":"SearchAction","target":{"@type":"EntryPoint","urlTemplate":"https:\/\/www.miisoo.com\/?s={search_term_string}"},"query-input":"required name=search_term_string"}],"inLanguage":"pt-PT"},{"@type":"Organization","@id":"https:\/\/www.miisoo.com\/#organization","name":"MiisooDoll","url":"https:\/\/www.miisoo.com\/","logo":{"@type":"ImageObject","inLanguage":"pt-PT","@id":"https:\/\/www.miisoo.com\/#\/schema\/logo\/image\/","url":"https:\/\/www.miisoo.com\/wp-content\/uploads\/2020\/09\/logo-botton.png","contentUrl":"https:\/\/www.miisoo.com\/wp-content\/uploads\/2020\/09\/logo-botton.png","width":181,"height":42,"caption":"MiisooDoll"},"image":{"@id":"https:\/\/www.miisoo.com\/#\/schema\/logo\/image\/"},"sameAs":["https:\/\/www.facebook.com\/miisoodoll","https:\/\/x.com\/MiisooSexDolls"]}]}},"_links":{"self":[{"href":"https:\/\/www.miisoo.com\/pt\/wp-json\/wp\/v2\/pages\/6199","targetHints":{"allow":["GET"]}}],"collection":[{"href":"https:\/\/www.miisoo.com\/pt\/wp-json\/wp\/v2\/pages"}],"about":[{"href":"https:\/\/www.miisoo.com\/pt\/wp-json\/wp\/v2\/types\/page"}],"author":[{"embeddable":true,"href":"https:\/\/www.miisoo.com\/pt\/wp-json\/wp\/v2\/users\/455"}],"replies":[{"embeddable":true,"href":"https:\/\/www.miisoo.com\/pt\/wp-json\/wp\/v2\/comments?post=6199"}],"version-history":[{"count":12,"href":"https:\/\/www.miisoo.com\/pt\/wp-json\/wp\/v2\/pages\/6199\/revisions"}],"predecessor-version":[{"id":49126,"href":"https:\/\/www.miisoo.com\/pt\/wp-json\/wp\/v2\/pages\/6199\/revisions\/49126"}],"wp:attachment":[{"href":"https:\/\/www.miisoo.com\/pt\/wp-json\/wp\/v2\/media?parent=6199"}],"curies":[{"name":"wp","href":"https:\/\/api.w.org\/{rel}","templated":true}]}}