{"id":4358,"date":"2020-09-14T15:34:47","date_gmt":"2020-09-14T07:34:47","guid":{"rendered":"http:\/\/miisoo.com\/?page_id=4358"},"modified":"2023-12-22T20:17:14","modified_gmt":"2023-12-22T12:17:14","slug":"terms-conditions","status":"publish","type":"page","link":"https:\/\/www.miisoo.com\/pt\/terms-conditions\/","title":{"rendered":"Termos e Condi\u00e7\u00f5es"},"content":{"rendered":"<div data-elementor-type=\"wp-page\" data-elementor-id=\"4358\" class=\"elementor elementor-4358\" data-elementor-post-type=\"page\">\n\t\t\t\t\t\t<section class=\"elementor-section elementor-top-section elementor-element elementor-element-c76458e elementor-section-boxed elementor-section-height-default elementor-section-height-default\" data-id=\"c76458e\" data-element_type=\"section\">\n\t\t\t\t\t\t<div class=\"elementor-container elementor-column-gap-default\">\n\t\t\t\t\t<div class=\"elementor-column elementor-col-25 elementor-top-column elementor-element elementor-element-8b5e8e1\" data-id=\"8b5e8e1\" data-element_type=\"column\">\n\t\t\t<div class=\"elementor-widget-wrap\">\n\t\t\t\t\t\t\t<\/div>\n\t\t<\/div>\n\t\t\t\t<div class=\"elementor-column elementor-col-50 elementor-top-column elementor-element elementor-element-5afa608\" data-id=\"5afa608\" data-element_type=\"column\">\n\t\t\t<div class=\"elementor-widget-wrap elementor-element-populated\">\n\t\t\t\t\t\t<div class=\"elementor-element elementor-element-1111958 elementor-widget elementor-widget-text-editor\" data-id=\"1111958\" data-element_type=\"widget\" data-widget_type=\"text-editor.default\">\n\t\t\t\t<div class=\"elementor-widget-container\">\n\t\t\t\t\t\t\t\t\t<p>Acessar, navegar ou usar o site indica sua concord\u00e2ncia com todos os termos e condi\u00e7\u00f5es deste contrato. Por favor, leia este acordo cuidadosamente antes de prosseguir.<\/p><p><strong>Uso do Site:<\/strong><\/p><p>Voc\u00ea declara e garante que tem pelo menos 18 anos de idade ou que visita o Site sob a supervis\u00e3o de um dos pais ou respons\u00e1vel. Sujeito aos termos e condi\u00e7\u00f5es deste Contrato, miisoo.com concede a voc\u00ea uma licen\u00e7a limitada, revog\u00e1vel, intransfer\u00edvel e n\u00e3o exclusiva para acessar e usar o Site, exibindo-o em seu navegador de internet apenas com a finalidade de comprar itens pessoais. itens vendidos no Site e n\u00e3o para qualquer uso comercial ou em nome de terceiros, exceto conforme explicitamente permitido pelo miisoo.com com anteced\u00eancia. Qualquer viola\u00e7\u00e3o deste Contrato resultar\u00e1 na revoga\u00e7\u00e3o imediata da licen\u00e7a concedida neste par\u00e1grafo sem aviso pr\u00e9vio.<\/p><p>Exceto conforme permitido no par\u00e1grafo acima, voc\u00ea n\u00e3o pode reproduzir, distribuir, exibir, vender, arrendar, transmitir, criar trabalhos derivados, traduzir, modificar, fazer engenharia reversa, desmontar, descompilar ou de outra forma explorar este Site ou qualquer parte dele, a menos que expressamente permitido por miisoo.com por escrito. Voc\u00ea n\u00e3o pode fazer qualquer uso comercial de qualquer informa\u00e7\u00e3o fornecida no Site ou fazer qualquer uso do Site para o benef\u00edcio de outro neg\u00f3cio, a menos que explicitamente permitido pelo miisoo.com com anteced\u00eancia. miisoo.com reserva-se o direito de recusar servi\u00e7os, encerrar contas e\/ou cancelar pedidos a seu crit\u00e9rio, incluindo, sem limita\u00e7\u00e3o, se miisoo.com acreditar que a conduta do cliente viola a lei aplic\u00e1vel ou \u00e9 prejudicial aos interesses de miisoo.com.<\/p><p>Voc\u00ea ser\u00e1 o \u00fanico respons\u00e1vel por todo o acesso e uso deste site por qualquer pessoa que utilize a senha e a identifica\u00e7\u00e3o originalmente atribu\u00eddas a voc\u00ea, independentemente de tal acesso e uso deste site ser ou n\u00e3o realmente autorizado por voc\u00ea, incluindo, sem limita\u00e7\u00e3o, todas as comunica\u00e7\u00f5es e transmiss\u00f5es. e todas as obriga\u00e7\u00f5es (incluindo, sem limita\u00e7\u00e3o, obriga\u00e7\u00f5es financeiras) incorridas atrav\u00e9s de tal acesso ou uso. Voc\u00ea \u00e9 o \u00fanico respons\u00e1vel por proteger a seguran\u00e7a e a confidencialidade da senha e identifica\u00e7\u00e3o atribu\u00eddas a voc\u00ea. Voc\u00ea dever\u00e1 notificar imediatamente miisoo.com sobre qualquer uso n\u00e3o autorizado de sua senha ou identifica\u00e7\u00e3o ou qualquer outra viola\u00e7\u00e3o ou amea\u00e7a de viola\u00e7\u00e3o da seguran\u00e7a deste Site.<\/p><p>Salvo disposi\u00e7\u00e3o em contr\u00e1rio neste Contrato ou no site, qualquer coisa que voc\u00ea enviar ou publicar no site e\/ou fornecer ao miisoo.com, incluindo, sem limita\u00e7\u00e3o, ideias, know-how, t\u00e9cnicas, perguntas, an\u00e1lises, coment\u00e1rios e sugest\u00f5es (coletivamente, \u201cEnvios\u201d) s\u00e3o e ser\u00e3o tratadas como n\u00e3o confidenciais e n\u00e3o propriet\u00e1rias e, ao enviar ou postar, voc\u00ea concorda em licenciar irrevogavelmente a entrada e todos os direitos de propriedade intelectual relacionados a ela (excluindo os direitos morais, como o direito de autoria) para miisoo.com gratuitamente e miisoo.com ter\u00e1 o direito livre de royalties, mundial, perp\u00e9tuo, irrevog\u00e1vel e transfer\u00edvel de usar, copiar, distribuir, exibir, publicar, executar, vender, arrendar, transmitir, adaptar, criar trabalhos derivados de tais Envios por qualquer meio e em qualquer forma, e traduzir, modificar, fazer engenharia reversa, desmontar ou descompilar tais Envios. Todos os envios se tornar\u00e3o automaticamente propriedade \u00fanica e exclusiva de miisoo.com e n\u00e3o ser\u00e3o devolvidos a voc\u00ea e voc\u00ea concorda em n\u00e3o levantar qualquer disputa relacionada a qualquer uso da entrada por miisoo.com no futuro.<\/p><p>Voc\u00ea garante que seus Envios, no todo ou em parte, s\u00e3o claros e livres de qualquer viola\u00e7\u00e3o de direitos de propriedade intelectual, disputas ou reivindica\u00e7\u00f5es de terceiros. miisoo.com n\u00e3o assume nenhuma responsabilidade por qualquer uso indevido de direitos autorais ou quaisquer outros direitos de terceiros por voc\u00ea. Voc\u00ea se compromete a defender e indenizar o Patrocinador contra quaisquer perdas causadas devido ao uso das inscri\u00e7\u00f5es para quaisquer fins.<\/p><p>Al\u00e9m dos direitos aplic\u00e1veis a qualquer Envio, ao postar coment\u00e1rios ou resenhas no site, voc\u00ea tamb\u00e9m concede ao miisoo.com o direito de usar o nome que voc\u00ea enviar com qualquer resenha, coment\u00e1rio ou outro Conte\u00fado, se houver, em conex\u00e3o com tal revis\u00e3o, coment\u00e1rio ou outro conte\u00fado. Voc\u00ea declara e garante que possui ou controla todos os direitos sobre as avalia\u00e7\u00f5es, coment\u00e1rios e outros conte\u00fados que voc\u00ea publica neste site e que o uso de suas avalia\u00e7\u00f5es, coment\u00e1rios ou outro Conte\u00fado por miisoo.com n\u00e3o infringir\u00e1 ou violar os direitos de qualquer terceiro. Voc\u00ea n\u00e3o deve usar um endere\u00e7o de e-mail falso, fingir ser algu\u00e9m que n\u00e3o seja voc\u00ea mesmo ou de outra forma enganar o miisoo.com ou terceiros quanto \u00e0 origem de quaisquer Envios ou Conte\u00fado. miisoo.com pode, mas n\u00e3o ser\u00e1 obrigado a remover ou editar quaisquer Envios (incluindo coment\u00e1rios ou an\u00e1lises) por qualquer motivo.<\/p><p><strong>direito autoral<\/strong><\/p><p>Todos os textos, gr\u00e1ficos, fotografias ou outras imagens, \u00edcones de bot\u00f5es, clipes de \u00e1udio, logotipos, slogans, nomes comerciais ou software de texto e outros conte\u00fados no site miisoo.com (coletivamente, \u201cConte\u00fado\u201d), pertencem exclusivamente a miisoo.com ou seus fornecedores de conte\u00fado apropriados. Voc\u00ea n\u00e3o pode usar, reproduzir, copiar, modificar, transmitir, exibir, publicar, vender, licenciar, executar publicamente, distribuir ou explorar comercialmente qualquer Conte\u00fado ou de outra forma descartar qualquer Conte\u00fado de uma forma n\u00e3o permitida por miisoo.com, sem o consentimento pr\u00e9vio e expresso por escrito de miisoo.com. O uso de minera\u00e7\u00e3o de dados, rob\u00f4s ou ferramentas semelhantes de coleta e extra\u00e7\u00e3o de dados em miisoo.com, bem como o uso de marcas registradas ou marcas de servi\u00e7o miisoo.com em metatags \u00e9 estritamente proibido. Voc\u00ea pode visualizar e usar o Conte\u00fado apenas para suas informa\u00e7\u00f5es pessoais e para compras e pedidos no site e para nenhum outro prop\u00f3sito. Se acontecer de voc\u00ea encontrar algum de nosso conte\u00fado hospedado em um site de terceiros, n\u00e3o hesite em nos contatar em: service@miisoo.com. Voc\u00ea tamb\u00e9m pode entrar em contato conosco pelo telefone 010-56920098, das 7h \u00e0s 16h, hor\u00e1rio local de Pequim, ou por correio em: Diantong Shidai Guangchang Building #2 Suite D, 7 Jiuxianqiao Beilu, distrito de Chaoyang, Pequim, China. A coleta, organiza\u00e7\u00e3o e montagem de todo o conte\u00fado deste site (a \u201cCompila\u00e7\u00e3o\u201d) pertencem exclusivamente a miisoo.com. Voc\u00ea n\u00e3o pode usar o Conte\u00fado ou Compila\u00e7\u00e3o do miisoo.com de qualquer maneira que menospreze ou desacredite o miisoo.com ou de qualquer forma que possa causar confus\u00e3o ou viola\u00e7\u00e3o de quaisquer leis ou regulamentos aplic\u00e1veis. Todo o software usado neste Site (o \u201cSoftware\u201d) \u00e9 propriedade da miisoo.com e\/ou de seus fornecedores de Software. O Conte\u00fado, a Compila\u00e7\u00e3o e o Software s\u00e3o protegidos pelas leis de direitos autorais estaduais, nacionais e internacionais. Todos os direitos n\u00e3o concedidos expressamente s\u00e3o reservados por miisoo.com. Os infratores ser\u00e3o processados em toda a extens\u00e3o da lei.<\/p><p>miisoo.com reconhece e respeita todos os direitos autorais e marcas registradas. Como tal, qualquer uso de televis\u00e3o, cinema, m\u00fasica, festival de cinema ou outros nomes ou t\u00edtulos n\u00e3o tem conex\u00e3o com miisoo.com e \u00e9 de propriedade exclusiva dos detentores dos direitos autorais ou da marca registrada. Nossos vestidos s\u00e3o inspirados no estilo das celebridades e s\u00e3o nossas recria\u00e7\u00f5es de itens usados pelas celebridades em seus programas de televis\u00e3o favoritos e no tapete vermelho, por\u00e9m eles n\u00e3o s\u00e3o autorizados, endossados ou conectados a esses programas de forma alguma e n\u00e3o s\u00e3o considerados infra\u00e7\u00f5es. de quaisquer marcas registradas ou direitos autorais.<\/p><p><strong>Pol\u00edtica de viola\u00e7\u00e3o de propriedade intelectual<\/strong><\/p><p>\u00c9 pol\u00edtica da miisoo.com tomar as medidas apropriadas quando necess\u00e1rio para defender e reconhecer todas as leis estaduais, federais e internacionais relevantes em conex\u00e3o com material que alega estar infringindo qualquer marca registrada, direito autoral, patente e todas ou quaisquer outras leis de propriedade intelectual. . Se voc\u00ea \u00e9 propriet\u00e1rio de direitos de propriedade intelectual e acredita que miisoo.com vende, oferece para venda ou disponibiliza bens e\/ou servi\u00e7os que infringem seus direitos de propriedade intelectual, envie as seguintes informa\u00e7\u00f5es na \u00edntegra para service@miisoo.com<br \/><strong>Informa\u00e7\u00e3o necess\u00e1ria<\/strong><br \/>1. Assinatura eletr\u00f4nica ou f\u00edsica da pessoa autorizada a agir em nome do propriet\u00e1rio de um exclusivo supostamente violado;<br \/>2. Uma descri\u00e7\u00e3o do trabalho ou material supostamente infrator;<br \/>3. Uma descri\u00e7\u00e3o de onde o material supostamente infrator est\u00e1 localizado no site (URL do(s) produto(s);<br \/>4. Informa\u00e7\u00f5es razoavelmente suficientes para nos permitir entrar em contato com voc\u00ea, como seu endere\u00e7o, n\u00famero de telefone e endere\u00e7o de e-mail;<br \/>5. Uma declara\u00e7\u00e3o sua de que voc\u00ea acredita de boa f\u00e9 que o uso contestado do material n\u00e3o \u00e9 autorizado pelo autor ou outro propriet\u00e1rio de direito de propriedade, seu agente ou pela lei;<br \/>6. Identifica\u00e7\u00e3o dos direitos de propriedade intelectual que voc\u00ea alega serem infringidos pelo Site (por exemplo, \u201cdireitos autorais XYZ\u201d, \u201cmarca registrada ABC, Reg. No. 123456, registrada em 01\/01\/04\u201d, etc); e<br \/>7. Uma declara\u00e7\u00e3o sua de que as informa\u00e7\u00f5es e notifica\u00e7\u00f5es acima s\u00e3o precisas e, sob pena de perj\u00fario, de que voc\u00ea \u00e9 o propriet\u00e1rio dos direitos autorais ou est\u00e1 autorizado a agir em nome do propriet\u00e1rio cujo direito exclusivo \u00e9 supostamente infringido.<\/p><p><strong>Rescis\u00e3o e Efeito da Rescis\u00e3o<\/strong><\/p><p>Al\u00e9m de quaisquer outras solu\u00e7\u00f5es legais ou equitativas, miisoo.com pode, sem aviso pr\u00e9vio, rescindir imediatamente o Contrato ou revogar qualquer ou todos os seus direitos concedidos neste Contrato. Ap\u00f3s qualquer rescis\u00e3o deste Contrato, voc\u00ea cessar\u00e1 imediatamente todo o acesso e uso do site e miisoo.com dever\u00e1, al\u00e9m de quaisquer outras solu\u00e7\u00f5es legais ou equitativas, revogar imediatamente todas as senhas e identifica\u00e7\u00f5es de conta emitidas para voc\u00ea e negar seu acesso e uso deste Site, no todo ou em parte. Qualquer rescis\u00e3o deste Contrato n\u00e3o afetar\u00e1 os respectivos direitos e obriga\u00e7\u00f5es (incluindo, sem limita\u00e7\u00e3o, obriga\u00e7\u00f5es de pagamento) das partes decorrentes antes da data da rescis\u00e3o.<\/p><p><strong>Isen\u00e7\u00e3o de responsabilidade e limita\u00e7\u00e3o de responsabilidade<\/strong><\/p><p>EXCETO SE DISPOSTO EM CONTR\u00c1RIO NOS TERMOS PADR\u00c3O DE VENDA QUE REGEM CADA PRODUTO NESTE SITE, ESTE SITE, OS PRODUTOS OFERECIDOS PARA VENDA NELE E AS TRANSA\u00c7\u00d5ES REALIZADAS ATRAV\u00c9S DELE S\u00c3O FORNECIDOS POR miisoo.com \u201cCOMO EST\u00c3O\u201d. . miisoo.com N\u00c3O FAZ APRESENTA\u00c7\u00d5ES OU GARANTIAS DE QUALQUER TIPO, EXPRESSAS OU IMPL\u00cdCITAS, QUANTO \u00c0 OPERA\u00c7\u00c3O DO SITE OU \u00c0S INFORMA\u00c7\u00d5ES, CONTE\u00daDO, MATERIAIS OU PRODUTOS INCLU\u00cdDOS NESTE SITE, EXCETO CONFORME FORNECIDO AQUI NA MEDIDA M\u00c1XIMA PERMITIDA PELA LEI APLIC\u00c1VEL, miisoo.com ISENTA-SE DE TODAS AS GARANTIAS, EXPRESSAS OU IMPL\u00cdCITAS, INCLUINDO, MAS N\u00c3O SE LIMITANDO A, GARANTIAS IMPL\u00cdCITAS DE COMERCIALIZA\u00c7\u00c3O E ADEQUA\u00c7\u00c3O A UM DETERMINADO FIM, N\u00c3O VIOLA\u00c7\u00c3O, T\u00cdTULO, USO SILENCIOSO, PRECIS\u00c3O DE DADOS E INTEGRA\u00c7\u00c3O DE SISTEMA. ESTE SITE PODE INCLUIR IMPRECIS\u00d5ES, ERROS OU ERROS TIPOGR\u00c1FICOS. miisoo.com N\u00c3O GARANTE QUE O CONTE\u00daDO SER\u00c1 UNITERRUPTO OU LIVRE DE ERROS. NA EXTENS\u00c3O M\u00c1XIMA PERMITIDA POR LEI, miisoo.com N\u00c3O SER\u00c1 RESPONS\u00c1VEL POR QUAISQUER DANOS DE QUALQUER TIPO DECORRENTES DO USO DESTE SITE, INCLUINDO, MAS N\u00c3O SE LIMITANDO A, DANOS INDIRETOS, INCIDENTAIS, PUNITIVOS, EXEMPLARES, ESPECIAIS OU CONSEQUENCIAIS. NA MEDIDA M\u00c1XIMA PERMITIDA PELA LEI APLIC\u00c1VEL, A RESPONSABILIDADE TOTAL DO miisoo.com PARA COM VOC\u00ca POR QUAISQUER DANOS (INDEPENDENTEMENTE DA FUNDA\u00c7\u00c3O DA A\u00c7\u00c3O) N\u00c3O EXCEDER\u00c1 NO TOTAL O VALOR DAS TAXAS REALMENTE PAGAS POR VOC\u00ca A miisoo.com DURANTE O M\u00caS IMEDIATAMENTE ANTERIOR AO ATO QUE SUPOSTAMENTE D\u00c1 ORIGEM \u00c0 RESPONSABILIDADE DO miisoo.com.<\/p><p><strong>Aceita\u00e7\u00e3o de pedido<\/strong><\/p><p>Observe que pode haver certos pedidos que n\u00e3o podemos aceitar e devemos cancelar. miisoo.com reserva-se o direito, a crit\u00e9rio exclusivo, de recusar ou cancelar qualquer pedido por qualquer motivo. Algumas situa\u00e7\u00f5es que podem resultar no cancelamento do seu pedido incluem limita\u00e7\u00f5es nas quantidades dispon\u00edveis para compra, imprecis\u00f5es ou erros nas informa\u00e7\u00f5es de produtos ou pre\u00e7os, ou problemas identificados pelo nosso departamento de preven\u00e7\u00e3o de cr\u00e9dito e fraude. Tamb\u00e9m poderemos exigir verifica\u00e7\u00f5es ou informa\u00e7\u00f5es adicionais antes de aceitar qualquer pedido. Entraremos em contato com voc\u00ea se todo ou parte do seu pedido for cancelado ou se informa\u00e7\u00f5es adicionais forem necess\u00e1rias para aceit\u00e1-lo.<\/p><p><strong>Transfer\u00eancia de t\u00edtulo<\/strong><\/p><p>A titularidade dos produtos do seu pedido ser\u00e1 transferida para voc\u00ea quando os produtos sa\u00edrem do nosso armaz\u00e9m e forem entregues \u00e0 transportadora para envio para um endere\u00e7o indicado por voc\u00ea no pedido. Todas as responsabilidades e riscos relativos aos produtos tamb\u00e9m ser\u00e3o transferidos para voc\u00ea nesse momento. Ao fazer um pedido neste Site, voc\u00ea autoriza a MIISOO LIMITED a contratar servi\u00e7os de remessa de terceiros em seu nome.<\/p><p><strong>Erros tipogr\u00e1ficos<\/strong><\/p><p>Embora miisoo.com se esforce para fornecer informa\u00e7\u00f5es precisas sobre produtos e pre\u00e7os, podem ocorrer erros de pre\u00e7os ou tipogr\u00e1ficos. miisoo.com n\u00e3o pode confirmar o pre\u00e7o de um item at\u00e9 que voc\u00ea fa\u00e7a o pedido. No caso de um item estar listado com um pre\u00e7o incorreto ou com informa\u00e7\u00f5es incorretas devido a um erro no pre\u00e7o ou nas informa\u00e7\u00f5es do produto, miisoo.com ter\u00e1 o direito, a nosso exclusivo crit\u00e9rio, de recusar ou cancelar quaisquer pedidos feitos para esse item. No caso de um item ter um pre\u00e7o incorreto, miisoo.com poder\u00e1, a nosso crit\u00e9rio, entrar em contato com voc\u00ea para obter instru\u00e7\u00f5es ou cancelar seu pedido e notific\u00e1-lo sobre tal cancelamento.<\/p><p><strong>Pre\u00e7os em diferentes moedas<\/strong><\/p><p>Os pre\u00e7os dos produtos vendidos pela miisoo.com s\u00e3o baseados em valores calculados em d\u00f3lares americanos (US$). Os pre\u00e7os exibidos em outras moedas s\u00e3o convertidos de d\u00f3lares americanos de acordo com as taxas de convers\u00e3o mais atualizadas. Devido \u00e0 flutua\u00e7\u00e3o dos valores monet\u00e1rios, os pre\u00e7os exibidos em denomina\u00e7\u00f5es de moeda fora dos EUA no Site, exceto na p\u00e1gina do produto individual, podem n\u00e3o ser os mais atuais. As \u00e1reas do Site onde as denomina\u00e7\u00f5es de moeda fora dos EUA podem ser imprecisas incluem, entre outras, banners promocionais, p\u00e1ginas promocionais e informa\u00e7\u00f5es em p\u00e1ginas de categorias de produtos. O pre\u00e7o exibido na p\u00e1gina de um produto individual, independentemente da denomina\u00e7\u00e3o da moeda, \u00e9 o pre\u00e7o atual que voc\u00ea deve pagar ao miisoo.com, incluindo frete.<\/p><p>Este site pode conter links para outros sites na Internet que pertencem e s\u00e3o operados por terceiros. Voc\u00ea reconhece que miisoo.com n\u00e3o \u00e9 respons\u00e1vel pela opera\u00e7\u00e3o ou conte\u00fado localizado em ou atrav\u00e9s de tal site.<br \/>Rem\u00e9dios<\/p><p>Voc\u00ea concorda que a solu\u00e7\u00e3o legal do miisoo.com para qualquer viola\u00e7\u00e3o real ou amea\u00e7ada deste Contrato seria inadequada e que miisoo.com ter\u00e1 direito a desempenho espec\u00edfico ou medida cautelar, ou ambos, al\u00e9m de quaisquer danos que miisoo.com possa ser legalmente autorizado a recuperar, juntamente com despesas razo\u00e1veis, de qualquer forma de resolu\u00e7\u00e3o de disputas, incluindo, sem limita\u00e7\u00e3o, honor\u00e1rios advocat\u00edcios.<\/p><p>Nenhum direito ou recurso do miisoo.com ser\u00e1 exclusivo de qualquer outro, seja por lei ou por equidade, incluindo, sem limita\u00e7\u00e3o, medida cautelar de danos, honor\u00e1rios advocat\u00edcios e despesas.<\/p>\t\t\t\t\t\t\t\t<\/div>\n\t\t\t\t<\/div>\n\t\t\t\t\t<\/div>\n\t\t<\/div>\n\t\t\t\t<div class=\"elementor-column elementor-col-25 elementor-top-column elementor-element elementor-element-df603f8\" data-id=\"df603f8\" data-element_type=\"column\">\n\t\t\t<div class=\"elementor-widget-wrap\">\n\t\t\t\t\t\t\t<\/div>\n\t\t<\/div>\n\t\t\t\t\t<\/div>\n\t\t<\/section>\n\t\t\t\t<\/div>","protected":false},"excerpt":{"rendered":"<p>Accessing, browsing, or otherwise using the site indicates your agreement to all the terms and conditions in this agreement. Please read this agreement carefully before proceeding. Use of Site: You represent and warrant that you are at least 18 years old or visiting the Site under the supervision of a parent or guardian. Subject to&hellip;<\/p>","protected":false},"author":455,"featured_media":0,"parent":0,"menu_order":0,"comment_status":"closed","ping_status":"open","template":"","meta":{"footnotes":""},"class_list":["post-4358","page","type-page","status-publish","hentry"],"yoast_head":"<!-- This site is optimized with the Yoast SEO Premium plugin v22.6 (Yoast SEO v22.9) - https:\/\/yoast.com\/wordpress\/plugins\/seo\/ -->\n<title>Terms &amp; Conditions |Cheap Real Sex Dolls | Miisoo<\/title>\n<meta name=\"description\" content=\"Review Miisoo&#039;s Transparent Terms &amp; Conditions. Shop Confidently for Cheap Real Sex Dolls. Your Satisfaction, Our Commitment at Miisoo. Check It Online Now\" \/>\n<meta name=\"robots\" content=\"index, follow, max-snippet:-1, max-image-preview:large, max-video-preview:-1\" \/>\n<link rel=\"canonical\" href=\"https:\/\/www.miisoo.com\/pt\/terms-conditions\/\" \/>\n<meta property=\"og:locale\" content=\"pt_PT\" \/>\n<meta property=\"og:type\" content=\"article\" \/>\n<meta property=\"og:title\" content=\"Terms and Conditions\" \/>\n<meta property=\"og:description\" content=\"Review Miisoo&#039;s Transparent Terms &amp; Conditions. Shop Confidently for Cheap Real Sex Dolls. Your Satisfaction, Our Commitment at Miisoo. Check It Online Now\" \/>\n<meta property=\"og:url\" content=\"https:\/\/www.miisoo.com\/pt\/terms-conditions\/\" \/>\n<meta property=\"og:site_name\" content=\"MiisooDoll\" \/>\n<meta property=\"article:publisher\" content=\"https:\/\/www.facebook.com\/miisoodoll\" \/>\n<meta property=\"article:modified_time\" content=\"2023-12-22T12:17:14+00:00\" \/>\n<meta name=\"twitter:card\" content=\"summary_large_image\" \/>\n<meta name=\"twitter:site\" content=\"@MiisooSexDolls\" \/>\n<meta name=\"twitter:label1\" content=\"Tempo estimado de leitura\" \/>\n\t<meta name=\"twitter:data1\" content=\"10 minutos\" \/>\n<!-- \/ Yoast SEO Premium plugin. -->","yoast_head_json":{"title":"Terms & Conditions |Cheap Real Sex Dolls | Miisoo","description":"Review Miisoo's Transparent Terms & Conditions. Shop Confidently for Cheap Real Sex Dolls. Your Satisfaction, Our Commitment at Miisoo. Check It Online Now","robots":{"index":"index","follow":"follow","max-snippet":"max-snippet:-1","max-image-preview":"max-image-preview:large","max-video-preview":"max-video-preview:-1"},"canonical":"https:\/\/www.miisoo.com\/pt\/terms-conditions\/","og_locale":"pt_PT","og_type":"article","og_title":"Terms and Conditions","og_description":"Review Miisoo's Transparent Terms & Conditions. Shop Confidently for Cheap Real Sex Dolls. Your Satisfaction, Our Commitment at Miisoo. Check It Online Now","og_url":"https:\/\/www.miisoo.com\/pt\/terms-conditions\/","og_site_name":"MiisooDoll","article_publisher":"https:\/\/www.facebook.com\/miisoodoll","article_modified_time":"2023-12-22T12:17:14+00:00","twitter_card":"summary_large_image","twitter_site":"@MiisooSexDolls","twitter_misc":{"Tempo estimado de leitura":"10 minutos"},"schema":{"@context":"https:\/\/schema.org","@graph":[{"@type":"WebPage","@id":"https:\/\/www.miisoo.com\/terms-conditions\/","url":"https:\/\/www.miisoo.com\/terms-conditions\/","name":"Terms & Conditions |Cheap Real Sex Dolls | Miisoo","isPartOf":{"@id":"https:\/\/www.miisoo.com\/#website"},"datePublished":"2020-09-14T07:34:47+00:00","dateModified":"2023-12-22T12:17:14+00:00","description":"Review Miisoo's Transparent Terms & Conditions. Shop Confidently for Cheap Real Sex Dolls. Your Satisfaction, Our Commitment at Miisoo. Check It Online Now","breadcrumb":{"@id":"https:\/\/www.miisoo.com\/terms-conditions\/#breadcrumb"},"inLanguage":"pt-PT","potentialAction":[{"@type":"ReadAction","target":["https:\/\/www.miisoo.com\/terms-conditions\/"]}]},{"@type":"BreadcrumbList","@id":"https:\/\/www.miisoo.com\/terms-conditions\/#breadcrumb","itemListElement":[{"@type":"ListItem","position":1,"name":"Home","item":"https:\/\/www.miisoo.com\/"},{"@type":"ListItem","position":2,"name":"Terms and Conditions"}]},{"@type":"WebSite","@id":"https:\/\/www.miisoo.com\/#website","url":"https:\/\/www.miisoo.com\/","name":"MiisooDoll","description":"Sexual Doll, Real Sex Dolls, Love Doll, Best Sex Dolls","publisher":{"@id":"https:\/\/www.miisoo.com\/#organization"},"potentialAction":[{"@type":"SearchAction","target":{"@type":"EntryPoint","urlTemplate":"https:\/\/www.miisoo.com\/?s={search_term_string}"},"query-input":"required name=search_term_string"}],"inLanguage":"pt-PT"},{"@type":"Organization","@id":"https:\/\/www.miisoo.com\/#organization","name":"MiisooDoll","url":"https:\/\/www.miisoo.com\/","logo":{"@type":"ImageObject","inLanguage":"pt-PT","@id":"https:\/\/www.miisoo.com\/#\/schema\/logo\/image\/","url":"https:\/\/www.miisoo.com\/wp-content\/uploads\/2020\/09\/logo-botton.png","contentUrl":"https:\/\/www.miisoo.com\/wp-content\/uploads\/2020\/09\/logo-botton.png","width":181,"height":42,"caption":"MiisooDoll"},"image":{"@id":"https:\/\/www.miisoo.com\/#\/schema\/logo\/image\/"},"sameAs":["https:\/\/www.facebook.com\/miisoodoll","https:\/\/x.com\/MiisooSexDolls"]}]}},"_links":{"self":[{"href":"https:\/\/www.miisoo.com\/pt\/wp-json\/wp\/v2\/pages\/4358","targetHints":{"allow":["GET"]}}],"collection":[{"href":"https:\/\/www.miisoo.com\/pt\/wp-json\/wp\/v2\/pages"}],"about":[{"href":"https:\/\/www.miisoo.com\/pt\/wp-json\/wp\/v2\/types\/page"}],"author":[{"embeddable":true,"href":"https:\/\/www.miisoo.com\/pt\/wp-json\/wp\/v2\/users\/455"}],"replies":[{"embeddable":true,"href":"https:\/\/www.miisoo.com\/pt\/wp-json\/wp\/v2\/comments?post=4358"}],"version-history":[{"count":4,"href":"https:\/\/www.miisoo.com\/pt\/wp-json\/wp\/v2\/pages\/4358\/revisions"}],"predecessor-version":[{"id":34674,"href":"https:\/\/www.miisoo.com\/pt\/wp-json\/wp\/v2\/pages\/4358\/revisions\/34674"}],"wp:attachment":[{"href":"https:\/\/www.miisoo.com\/pt\/wp-json\/wp\/v2\/media?parent=4358"}],"curies":[{"name":"wp","href":"https:\/\/api.w.org\/{rel}","templated":true}]}}