{"id":4354,"date":"2020-09-14T15:26:53","date_gmt":"2020-09-14T07:26:53","guid":{"rendered":"http:\/\/miisoo.com\/?page_id=4354"},"modified":"2023-12-22T20:13:49","modified_gmt":"2023-12-22T12:13:49","slug":"return-policy","status":"publish","type":"page","link":"https:\/\/www.miisoo.com\/pt\/return-policy\/","title":{"rendered":"Pol\u00edtica de devolu\u00e7\u00e3o"},"content":{"rendered":"<div data-elementor-type=\"wp-page\" data-elementor-id=\"4354\" class=\"elementor elementor-4354\" data-elementor-post-type=\"page\">\n\t\t\t\t\t\t<section class=\"elementor-section elementor-top-section elementor-element elementor-element-c76458e elementor-section-boxed elementor-section-height-default elementor-section-height-default\" data-id=\"c76458e\" data-element_type=\"section\">\n\t\t\t\t\t\t<div class=\"elementor-container elementor-column-gap-default\">\n\t\t\t\t\t<div class=\"elementor-column elementor-col-25 elementor-top-column elementor-element elementor-element-8b5e8e1\" data-id=\"8b5e8e1\" data-element_type=\"column\">\n\t\t\t<div class=\"elementor-widget-wrap\">\n\t\t\t\t\t\t\t<\/div>\n\t\t<\/div>\n\t\t\t\t<div class=\"elementor-column elementor-col-50 elementor-top-column elementor-element elementor-element-5afa608\" data-id=\"5afa608\" data-element_type=\"column\">\n\t\t\t<div class=\"elementor-widget-wrap elementor-element-populated\">\n\t\t\t\t\t\t<div class=\"elementor-element elementor-element-1111958 elementor-widget elementor-widget-text-editor\" data-id=\"1111958\" data-element_type=\"widget\" data-widget_type=\"text-editor.default\">\n\t\t\t\t<div class=\"elementor-widget-container\">\n\t\t\t\t\t\t\t\t\t<p><strong>Garantia de satisfa\u00e7\u00e3o 100%<\/strong><\/p>\n<p>Garantimos os melhores produtos aos pre\u00e7os mais baixos. Pela natureza da boneca sexual e pelas escolhas personalizadas do cliente em rela\u00e7\u00e3o \u00e0 boneca, a MIISOO segue a pol\u00edtica de que n\u00e3o h\u00e1 aceita\u00e7\u00e3o de devolu\u00e7\u00e3o a menos que haja defeito de f\u00e1brica. As devolu\u00e7\u00f5es s\u00e3o concedidas somente se voc\u00ea recebeu um item incorreto devido a um erro nosso, ou se voc\u00ea recebeu um item com defeito. (aplicam-se tempos padr\u00e3o de produ\u00e7\u00e3o e envio). As escolhas personalizadas para o cabelo, para a cor dos olhos da boneca, ou para qualquer outra quest\u00e3o, contacte-nos atrav\u00e9s do email service@miisoo.com.<\/p>\n<p>Sua boneca \u00e9 feita sob medida para voc\u00ea em nossa f\u00e1brica, com as op\u00e7\u00f5es espec\u00edficas de boneca que voc\u00ea escolheu. Como sua boneca sexual \u00e9 um produto personalizado criado especialmente para voc\u00ea, assim que a produ\u00e7\u00e3o de sua boneca for iniciada, seu pedido n\u00e3o poder\u00e1 ser cancelado, a menos que seja por um motivo valioso.<\/p>\n<p>Se por motivos excepcionais o cancelamento for aceito pelo Vendedor ap\u00f3s o Per\u00edodo de Cancelamento de 24 Horas. O cancelamento estar\u00e1 sujeito a uma taxa de reabastecimento do Vendedor (\u201cTaxa de Reabastecimento\u201d) de vinte por cento (20.0%) do valor do pedido do Produto. A SRSD fornecer\u00e1 ao Comprador um reembolso dos fundos pagos menos a Taxa de Reabastecimento ao m\u00e9todo de pagamento original do Comprador e outras taxas poder\u00e3o ser aplicadas, como taxas de processamento e transa\u00e7\u00e3o.<\/p>\n<p><strong>Pedidos n\u00e3o entregues<\/strong><\/p>\n<p>Tenha cuidado ao fornecer suas informa\u00e7\u00f5es de envio. O que voc\u00ea fornece \u00e9 exatamente como sua etiqueta de remessa ser\u00e1 impressa. Pedidos devolvidos para n\u00f3s como n\u00e3o entregues resultar\u00e3o em uma taxa de processamento 20% e nenhum reembolso de envio ser\u00e1 emitido. Clique aqui para entrar em contato com o atendimento ao cliente.<\/p>\n<p><strong>AVISO:<\/strong>&nbsp;As leis sobre brinquedos sexuais determinam que n\u00e3o podemos aceitar a devolu\u00e7\u00e3o de uma boneca que tenha sido usada. Portanto, observe que assim que voc\u00ea fizer sexo com a boneca, n\u00e3o ser\u00e1 mais poss\u00edvel devolv\u00ea-la por qualquer motivo. Uma boneca devolvida ser\u00e1 submetida a inspe\u00e7\u00e3o oral, vaginal e anal e a testes de fluidos sexuais. Se voc\u00ea devolveu uma boneca com resultado positivo para fluidos sexuais, a boneca ser\u00e1 destru\u00edda e voc\u00ea N\u00c3O receber\u00e1 reembolso.<\/p>\n<p>Infelizmente, os itens danificados por uso indevido n\u00e3o s\u00e3o eleg\u00edveis para devolu\u00e7\u00e3o ou reembolso, independentemente do tempo de uso do produto. As bonecas sexuais n\u00e3o s\u00e3o indestrut\u00edveis. Cuidado e bom senso devem ser exercidos durante o uso e manuseio. Para obter mais informa\u00e7\u00f5es sobre cuidados e manuten\u00e7\u00e3o de bonecas TPE, siga este link.<\/p>\n<p>Satisfa\u00e7\u00e3o do cliente \u00e9 muito importante para n\u00f3s. Se voc\u00ea tiver algum problema com seu pedido, entre em contato conosco e faremos o poss\u00edvel para resolver o problema imediatamente.<\/p>\t\t\t\t\t\t\t\t<\/div>\n\t\t\t\t<\/div>\n\t\t\t\t\t<\/div>\n\t\t<\/div>\n\t\t\t\t<div class=\"elementor-column elementor-col-25 elementor-top-column elementor-element elementor-element-df603f8\" data-id=\"df603f8\" data-element_type=\"column\">\n\t\t\t<div class=\"elementor-widget-wrap\">\n\t\t\t\t\t\t\t<\/div>\n\t\t<\/div>\n\t\t\t\t\t<\/div>\n\t\t<\/section>\n\t\t\t\t<\/div>","protected":false},"excerpt":{"rendered":"<p>Garantia de Satisfa\u00e7\u00e3o 100% Garantimos os melhores produtos pelos menores pre\u00e7os. Devido \u00e0 natureza da boneca sexual e \u00e0s escolhas personalizadas do cliente em rela\u00e7\u00e3o \u00e0 boneca, a MIISOO adota a pol\u00edtica de que n\u00e3o aceitamos devolu\u00e7\u00f5es, a menos que haja um defeito de f\u00e1brica. As devolu\u00e7\u00f5es s\u00e3o concedidas somente se voc\u00ea...<\/p>","protected":false},"author":455,"featured_media":0,"parent":0,"menu_order":0,"comment_status":"closed","ping_status":"open","template":"","meta":{"footnotes":""},"class_list":["post-4354","page","type-page","status-publish","hentry"],"yoast_head":"<!-- This site is optimized with the Yoast SEO Premium plugin v22.6 (Yoast SEO v22.9) - https:\/\/yoast.com\/wordpress\/plugins\/seo\/ -->\n<title>Miisoo Return Policy | Miisoo Sex Dolls | MiisooDoll<\/title>\n<meta name=\"description\" content=\"Explore Miisoo&#039;s transparent return policy for sex dolls. Your satisfaction is our priority. Discover worry-free shopping with MiisooDoll. Shop confidently.\" \/>\n<meta name=\"robots\" content=\"index, follow, max-snippet:-1, max-image-preview:large, max-video-preview:-1\" \/>\n<link rel=\"canonical\" href=\"https:\/\/www.miisoo.com\/pt\/return-policy\/\" \/>\n<meta property=\"og:locale\" content=\"pt_PT\" \/>\n<meta property=\"og:type\" content=\"article\" \/>\n<meta property=\"og:title\" content=\"Return Policy\" \/>\n<meta property=\"og:description\" content=\"Explore Miisoo&#039;s transparent return policy for sex dolls. Your satisfaction is our priority. Discover worry-free shopping with MiisooDoll. Shop confidently.\" \/>\n<meta property=\"og:url\" content=\"https:\/\/www.miisoo.com\/pt\/return-policy\/\" \/>\n<meta property=\"og:site_name\" content=\"MiisooDoll\" \/>\n<meta property=\"article:publisher\" content=\"https:\/\/www.facebook.com\/miisoodoll\" \/>\n<meta property=\"article:modified_time\" content=\"2023-12-22T12:13:49+00:00\" \/>\n<meta name=\"twitter:card\" content=\"summary_large_image\" \/>\n<meta name=\"twitter:site\" content=\"@MiisooSexDolls\" \/>\n<meta name=\"twitter:label1\" content=\"Tempo estimado de leitura\" \/>\n\t<meta name=\"twitter:data1\" content=\"2 minutos\" \/>\n<!-- \/ Yoast SEO Premium plugin. -->","yoast_head_json":{"title":"Miisoo Return Policy | Miisoo Sex Dolls | MiisooDoll","description":"Explore Miisoo's transparent return policy for sex dolls. Your satisfaction is our priority. Discover worry-free shopping with MiisooDoll. Shop confidently.","robots":{"index":"index","follow":"follow","max-snippet":"max-snippet:-1","max-image-preview":"max-image-preview:large","max-video-preview":"max-video-preview:-1"},"canonical":"https:\/\/www.miisoo.com\/pt\/return-policy\/","og_locale":"pt_PT","og_type":"article","og_title":"Return Policy","og_description":"Explore Miisoo's transparent return policy for sex dolls. Your satisfaction is our priority. Discover worry-free shopping with MiisooDoll. Shop confidently.","og_url":"https:\/\/www.miisoo.com\/pt\/return-policy\/","og_site_name":"MiisooDoll","article_publisher":"https:\/\/www.facebook.com\/miisoodoll","article_modified_time":"2023-12-22T12:13:49+00:00","twitter_card":"summary_large_image","twitter_site":"@MiisooSexDolls","twitter_misc":{"Tempo estimado de leitura":"2 minutos"},"schema":{"@context":"https:\/\/schema.org","@graph":[{"@type":"WebPage","@id":"https:\/\/www.miisoo.com\/return-policy\/","url":"https:\/\/www.miisoo.com\/return-policy\/","name":"Miisoo Return Policy | Miisoo Sex Dolls | MiisooDoll","isPartOf":{"@id":"https:\/\/www.miisoo.com\/#website"},"datePublished":"2020-09-14T07:26:53+00:00","dateModified":"2023-12-22T12:13:49+00:00","description":"Explore Miisoo's transparent return policy for sex dolls. Your satisfaction is our priority. Discover worry-free shopping with MiisooDoll. Shop confidently.","breadcrumb":{"@id":"https:\/\/www.miisoo.com\/return-policy\/#breadcrumb"},"inLanguage":"pt-PT","potentialAction":[{"@type":"ReadAction","target":["https:\/\/www.miisoo.com\/return-policy\/"]}]},{"@type":"BreadcrumbList","@id":"https:\/\/www.miisoo.com\/return-policy\/#breadcrumb","itemListElement":[{"@type":"ListItem","position":1,"name":"Home","item":"https:\/\/www.miisoo.com\/"},{"@type":"ListItem","position":2,"name":"Return Policy"}]},{"@type":"WebSite","@id":"https:\/\/www.miisoo.com\/#website","url":"https:\/\/www.miisoo.com\/","name":"MiisooDoll","description":"Sexual Doll, Real Sex Dolls, Love Doll, Best Sex Dolls","publisher":{"@id":"https:\/\/www.miisoo.com\/#organization"},"potentialAction":[{"@type":"SearchAction","target":{"@type":"EntryPoint","urlTemplate":"https:\/\/www.miisoo.com\/?s={search_term_string}"},"query-input":"required name=search_term_string"}],"inLanguage":"pt-PT"},{"@type":"Organization","@id":"https:\/\/www.miisoo.com\/#organization","name":"MiisooDoll","url":"https:\/\/www.miisoo.com\/","logo":{"@type":"ImageObject","inLanguage":"pt-PT","@id":"https:\/\/www.miisoo.com\/#\/schema\/logo\/image\/","url":"https:\/\/www.miisoo.com\/wp-content\/uploads\/2020\/09\/logo-botton.png","contentUrl":"https:\/\/www.miisoo.com\/wp-content\/uploads\/2020\/09\/logo-botton.png","width":181,"height":42,"caption":"MiisooDoll"},"image":{"@id":"https:\/\/www.miisoo.com\/#\/schema\/logo\/image\/"},"sameAs":["https:\/\/www.facebook.com\/miisoodoll","https:\/\/x.com\/MiisooSexDolls"]}]}},"_links":{"self":[{"href":"https:\/\/www.miisoo.com\/pt\/wp-json\/wp\/v2\/pages\/4354","targetHints":{"allow":["GET"]}}],"collection":[{"href":"https:\/\/www.miisoo.com\/pt\/wp-json\/wp\/v2\/pages"}],"about":[{"href":"https:\/\/www.miisoo.com\/pt\/wp-json\/wp\/v2\/types\/page"}],"author":[{"embeddable":true,"href":"https:\/\/www.miisoo.com\/pt\/wp-json\/wp\/v2\/users\/455"}],"replies":[{"embeddable":true,"href":"https:\/\/www.miisoo.com\/pt\/wp-json\/wp\/v2\/comments?post=4354"}],"version-history":[{"count":1,"href":"https:\/\/www.miisoo.com\/pt\/wp-json\/wp\/v2\/pages\/4354\/revisions"}],"predecessor-version":[{"id":34672,"href":"https:\/\/www.miisoo.com\/pt\/wp-json\/wp\/v2\/pages\/4354\/revisions\/34672"}],"wp:attachment":[{"href":"https:\/\/www.miisoo.com\/pt\/wp-json\/wp\/v2\/media?parent=4354"}],"curies":[{"name":"wp","href":"https:\/\/api.w.org\/{rel}","templated":true}]}}