{"id":3,"date":"2020-09-05T13:19:56","date_gmt":"2020-09-05T13:19:56","guid":{"rendered":"http:\/\/miisoo.com\/?page_id=3"},"modified":"2023-12-22T20:16:22","modified_gmt":"2023-12-22T12:16:22","slug":"privacy-policy","status":"publish","type":"page","link":"https:\/\/www.miisoo.com\/pt\/privacy-policy\/","title":{"rendered":"pol\u00edtica de Privacidade"},"content":{"rendered":"<div data-elementor-type=\"wp-page\" data-elementor-id=\"3\" class=\"elementor elementor-3\" data-elementor-post-type=\"page\">\n\t\t\t\t\t\t<section class=\"elementor-section elementor-top-section elementor-element elementor-element-c76458e elementor-section-boxed elementor-section-height-default elementor-section-height-default\" data-id=\"c76458e\" data-element_type=\"section\">\n\t\t\t\t\t\t<div class=\"elementor-container elementor-column-gap-default\">\n\t\t\t\t\t<div class=\"elementor-column elementor-col-25 elementor-top-column elementor-element elementor-element-8b5e8e1\" data-id=\"8b5e8e1\" data-element_type=\"column\">\n\t\t\t<div class=\"elementor-widget-wrap\">\n\t\t\t\t\t\t\t<\/div>\n\t\t<\/div>\n\t\t\t\t<div class=\"elementor-column elementor-col-50 elementor-top-column elementor-element elementor-element-5afa608\" data-id=\"5afa608\" data-element_type=\"column\">\n\t\t\t<div class=\"elementor-widget-wrap elementor-element-populated\">\n\t\t\t\t\t\t<div class=\"elementor-element elementor-element-1111958 elementor-widget elementor-widget-text-editor\" data-id=\"1111958\" data-element_type=\"widget\" data-widget_type=\"text-editor.default\">\n\t\t\t\t<div class=\"elementor-widget-container\">\n\t\t\t\t\t\t\t\t\t<p>A MIISOO \u00e9 a \u00fanica propriet\u00e1ria das informa\u00e7\u00f5es que coletamos neste site, n\u00e3o vendemos, alugamos ou compartilhamos essas informa\u00e7\u00f5es com nenhuma outra empresa para fins de marketing. Sabemos que voc\u00ea se preocupa com a forma como suas informa\u00e7\u00f5es pessoais s\u00e3o usadas e compartilhadas e agradecemos sua confian\u00e7a em n\u00f3s. Tratamos suas informa\u00e7\u00f5es pessoais com os mais altos padr\u00f5es de seguran\u00e7a, prote\u00e7\u00e3o e confidencialidade.<\/p>\n<p><strong>P. Estou preocupado com minha privacidade. Como voc\u00ea pode proteger minha confidencialidade?<\/strong><\/p>\n<p>R. Estamos muito preocupados com a privacidade eletr\u00f4nica, visto que somos uma empresa baseada na Internet. Protegemos sua privacidade, confidencialidade e informa\u00e7\u00f5es pessoais durante o processo de pedido e atendimento. N\u00e3o armazenamos seus dados em um computador de nossa parte, o que significa que n\u00e3o h\u00e1 como usar suas informa\u00e7\u00f5es pessoais contra voc\u00ea ou roub\u00e1-las em um site de terceiros. Tamb\u00e9m protegemos sua privacidade treinando nossa equipe de vendas para ser prestativa e, acima de tudo, discreta. Nossa equipe administrativa n\u00e3o discutir\u00e1 voc\u00ea ou sua empresa com ningu\u00e9m. Voc\u00ea pode ter certeza de que esqueceremos imediatamente tudo o que acumularmos com voc\u00ea. N\u00e3o mantemos informa\u00e7\u00f5es como essa por a\u00ed, ent\u00e3o voc\u00ea n\u00e3o precisa se preocupar.<\/p>\n<p>Toda a nossa equipe de vendas \u00e9 selecionada e treinada manualmente para garantir que eles entendam como manter a confidencialidade do cliente. Nenhum membro da equipe que viole essas regras de confidencialidade poder\u00e1 permanecer. Nossa equipe tamb\u00e9m n\u00e3o discute clientes ou suas compras entre si. N\u00f3s os ensinamos que esse tipo de fofoca simplesmente n\u00e3o \u00e9 algo \u00fatil ou \u00fatil, ent\u00e3o a melhor maneira de lidar com isso \u00e9 simplesmente n\u00e3o faz\u00ea-lo. Voc\u00ea n\u00e3o poder\u00e1 aproveitar plenamente sua compra se estiver preocupado em ter seu neg\u00f3cio pessoal exposto.<\/p>\n<p>A compra da sua boneca sexual permanecer\u00e1 completamente secreta enquanto tivermos algo a dizer sobre isso. Manteremos sua privacidade do in\u00edcio ao fim e nunca renunciaremos neste ponto. Depois de saber que sua privacidade est\u00e1 protegida, voc\u00ea pode sentar, relaxar e aproveitar o que comprou. Quanto mais relaxado voc\u00ea estiver, mais divers\u00e3o voc\u00ea ter\u00e1, e quanto mais divers\u00e3o voc\u00ea tiver, melhor realizaremos nosso trabalho. N\u00e3o descansaremos at\u00e9 sabermos que voc\u00ea est\u00e1 satisfeito. A sua satisfa\u00e7\u00e3o e a sua experi\u00eancia com a boneca sexual s\u00e3o imensamente importantes para n\u00f3s.<\/p>\n<h3>Quais s\u00e3o as informa\u00e7\u00f5es que coletamos?<\/h3>\n<p>Coletamos informa\u00e7\u00f5es suas quando voc\u00ea se registra em nosso site, faz um pedido ou assina nossa newsletter.<\/p>\n<p>Ao fazer um pedido ou registrar-se em nosso site, conforme o caso, poder\u00e1 ser solicitado que voc\u00ea insira seu: nome, endere\u00e7o de e-mail, endere\u00e7o para correspond\u00eancia ou n\u00famero de telefone. Voc\u00ea pode, no entanto, visitar o nosso site de forma an\u00f4nima.<\/p>\n<h3>O que usamos as suas informa\u00e7\u00f5es para?<\/h3>\n<p>Qualquer uma das informa\u00e7\u00f5es que coletamos de voc\u00ea pode ser usada de uma das seguintes maneiras:<\/p>\n<p>Para personalizar sua experi\u00eancia:<br>(suas informa\u00e7\u00f5es nos ajudam a responder melhor \u00e0s suas necessidades individuais)<\/p>\n<p>Para processar transa\u00e7\u00f5es:<br>Suas informa\u00e7\u00f5es, sejam p\u00fablicas ou privadas, n\u00e3o ser\u00e3o vendidas, trocadas, transferidas ou fornecidas a qualquer outra empresa, por qualquer motivo, sem o seu consentimento, exceto para o prop\u00f3sito expresso de entrega do produto adquirido ou do servi\u00e7o solicitado.<\/p>\n<p>Para enviar e-mails peri\u00f3dicos:<br>O endere\u00e7o de e-mail que voc\u00ea fornece para processamento de pedidos pode ser usado para enviar informa\u00e7\u00f5es e atualiza\u00e7\u00f5es relativas ao seu pedido. Al\u00e9m de receber not\u00edcias ocasionais da empresa, atualiza\u00e7\u00f5es, informa\u00e7\u00f5es relacionadas a produtos ou servi\u00e7os, etc.<br>Observa\u00e7\u00e3o: se a qualquer momento voc\u00ea quiser cancelar o recebimento de e-mails futuros, inclu\u00edmos instru\u00e7\u00f5es detalhadas para cancelar a assinatura na parte inferior de cada e-mail.<\/p>\n<h3 class=\"m_top\">Como protegemos os seus dados?<\/h3>\n<p class=\"m_bottom\">Implementamos uma variedade de medidas de seguran\u00e7a para manter a seguran\u00e7a de suas informa\u00e7\u00f5es pessoais quando voc\u00ea faz um pedido ou insere, envia ou acessa suas informa\u00e7\u00f5es pessoais.<br>N\u00f3s oferecemos o uso de um servidor seguro. Todas as informa\u00e7\u00f5es confidenciais\/de cr\u00e9dito fornecidas s\u00e3o transmitidas atrav\u00e9s da tecnologia Secure Socket Layer (SSL) e depois criptografadas em nosso banco de dados de provedores de gateway de pagamento para serem acess\u00edveis apenas por aqueles autorizados com direitos de acesso especiais a tais sistemas, e s\u00e3o obrigados a manter as informa\u00e7\u00f5es confidenciais.<br>Ap\u00f3s uma transa\u00e7\u00e3o, suas informa\u00e7\u00f5es privadas (cart\u00f5es de cr\u00e9dito, n\u00fameros de seguran\u00e7a social, dados financeiros, etc.) n\u00e3o ser\u00e3o armazenadas em nossos servidores.<\/p>\n<h3>Usamos cookies?<\/h3>\n<p>\u00e9. Cookies s\u00e3o pequenos arquivos que um site ou seu provedor de servi\u00e7os transfere para o disco r\u00edgido do seu computador atrav\u00e9s do seu navegador da Web (se voc\u00ea permitir) que permite que os sites ou sistemas dos provedores de servi\u00e7os reconhe\u00e7am seu navegador e capturem e lembrem certas informa\u00e7\u00f5es. Usamos cookies para nos ajudar lembrar e processar os itens em seu carrinho de compras, entender e salvar suas prefer\u00eancias para visitas futuras, acompanhar an\u00fancios e compilar dados agregados sobre o tr\u00e1fego e a intera\u00e7\u00e3o do site para que possamos oferecer melhores experi\u00eancias e ferramentas no site no futuro.<\/p>\n<h3>N\u00f3s revelamos qualquer informa\u00e7\u00e3o a terceiros?<\/h3>\n<p>N\u00e3o vendemos, comercializamos ou de outra forma transferimos a terceiros suas informa\u00e7\u00f5es de identifica\u00e7\u00e3o pessoal. Isto n\u00e3o inclui terceiros de confian\u00e7a que nos auxiliam na opera\u00e7\u00e3o do nosso site, na condu\u00e7\u00e3o dos nossos neg\u00f3cios ou no atendimento a voc\u00ea, desde que essas partes concordem em manter essas informa\u00e7\u00f5es confidenciais. Tamb\u00e9m poderemos divulgar suas informa\u00e7\u00f5es quando acreditarmos que a divulga\u00e7\u00e3o \u00e9 apropriada para cumprir a lei, fazer cumprir as pol\u00edticas do nosso site ou proteger nossos direitos, propriedade ou seguran\u00e7a ou de terceiros. No entanto, informa\u00e7\u00f5es n\u00e3o pessoalmente identific\u00e1veis do visitante podem ser fornecidas a terceiros para fins de marketing, publicidade ou outros usos.<\/p>\n<h3>Links de terceiros<\/h3>\n<p>Ocasionalmente, a nosso crit\u00e9rio, poderemos incluir ou oferecer produtos ou servi\u00e7os de terceiros em nosso site. Esses sites de terceiros possuem pol\u00edticas de privacidade separadas e independentes. portanto, n\u00e3o temos qualquer responsabilidade pelo conte\u00fado e atividades desses sites vinculados. No entanto, procuramos proteger a integridade do nosso site e agradecemos qualquer feedback sobre esses sites.<\/p>\n<p class=\"m_bottom\">\n<\/p><h3>Conformidade com a Lei de Prote\u00e7\u00e3o \u00e0 Privacidade Online de Crian\u00e7as<\/h3>\n<p>Estamos em conformidade com os requisitos da COPPA (Lei de Prote\u00e7\u00e3o \u00e0 Privacidade Online das Crian\u00e7as). N\u00e3o coletamos nenhuma informa\u00e7\u00e3o de menores de 13 anos. Nosso site, produtos e servi\u00e7os s\u00e3o direcionados a pessoas com pelo menos 13 anos de idade ou mais.<\/p>\n<h3>Pol\u00edtica de privacidade on-line apenas<\/h3>\n<p>Esta pol\u00edtica de privacidade online aplica-se apenas \u00e0s informa\u00e7\u00f5es recolhidas atrav\u00e9s do nosso site e n\u00e3o \u00e0s informa\u00e7\u00f5es recolhidas offline.<\/p>\n<h3>Termos e Condi\u00e7\u00f5es<\/h3>\n<p>Visite tamb\u00e9m nossa se\u00e7\u00e3o de Termos e Condi\u00e7\u00f5es que estabelece o uso, isen\u00e7\u00f5es de responsabilidade e limita\u00e7\u00f5es de responsabilidade que regem o uso de nosso site em&nbsp;<a href=\"https:\/\/www.miisoo.com\/pt\/\" target=\"_blank\" style=\"font-family: inherit; font-weight: var( --e-global-typography-text-font-weight ); background-color: rgb(255, 255, 255);\">www.miisoo.com<\/a><\/p>\n<h3>Sua permiss\u00e3o<\/h3>\n<p>Ao utilizar nosso site, voc\u00ea concorda com a pol\u00edtica de privacidade do nosso site.<\/p>\n<h3>Altera\u00e7\u00f5es na nossa Pol\u00edtica de Privacidade<\/h3>\n<p>Se decidirmos alterar a nossa pol\u00edtica de privacidade, atualizaremos a data de modifica\u00e7\u00e3o da Pol\u00edtica de Privacidade abaixo.<br>Esta pol\u00edtica foi modificada pela \u00faltima vez em 06\/03\/2018<\/p>\t\t\t\t\t\t\t\t<\/div>\n\t\t\t\t<\/div>\n\t\t\t\t\t<\/div>\n\t\t<\/div>\n\t\t\t\t<div class=\"elementor-column elementor-col-25 elementor-top-column elementor-element elementor-element-df603f8\" data-id=\"df603f8\" data-element_type=\"column\">\n\t\t\t<div class=\"elementor-widget-wrap\">\n\t\t\t\t\t\t\t<\/div>\n\t\t<\/div>\n\t\t\t\t\t<\/div>\n\t\t<\/section>\n\t\t\t\t<\/div>","protected":false},"excerpt":{"rendered":"<p>MIISOO is the sole owner of the information we collect at this site, we do not sell, rent or share this information with any other company for the purpose of marketing. We know that you care how your personal information is used and shared, and we appreciate your trust in us. We treat your personal&hellip;<\/p>","protected":false},"author":455,"featured_media":0,"parent":0,"menu_order":0,"comment_status":"closed","ping_status":"open","template":"","meta":{"footnotes":""},"class_list":["post-3","page","type-page","status-publish","hentry"],"yoast_head":"<!-- This site is optimized with the Yoast SEO Premium plugin v22.6 (Yoast SEO v22.9) - https:\/\/yoast.com\/wordpress\/plugins\/seo\/ -->\n<title>Privacy Policy | Cheap Real Sex Dolls | MiisooDoll<\/title>\n<meta name=\"description\" content=\"Review MiisooDoll&#039;s privacy policy for transparent handling of data. Shop confidently for cheap real sex dolls. Your privacy, our priority at MiisooDoll.\" \/>\n<meta name=\"robots\" content=\"index, follow, max-snippet:-1, max-image-preview:large, max-video-preview:-1\" \/>\n<link rel=\"canonical\" href=\"https:\/\/www.miisoo.com\/pt\/privacy-policy\/\" \/>\n<meta property=\"og:locale\" content=\"pt_PT\" \/>\n<meta property=\"og:type\" content=\"article\" \/>\n<meta property=\"og:title\" content=\"Privacy Policy\" \/>\n<meta property=\"og:description\" content=\"Review MiisooDoll&#039;s privacy policy for transparent handling of data. Shop confidently for cheap real sex dolls. Your privacy, our priority at MiisooDoll.\" \/>\n<meta property=\"og:url\" content=\"https:\/\/www.miisoo.com\/pt\/privacy-policy\/\" \/>\n<meta property=\"og:site_name\" content=\"MiisooDoll\" \/>\n<meta property=\"article:publisher\" content=\"https:\/\/www.facebook.com\/miisoodoll\" \/>\n<meta property=\"article:modified_time\" content=\"2023-12-22T12:16:22+00:00\" \/>\n<meta name=\"twitter:card\" content=\"summary_large_image\" \/>\n<meta name=\"twitter:site\" content=\"@MiisooSexDolls\" \/>\n<meta name=\"twitter:label1\" content=\"Tempo estimado de leitura\" \/>\n\t<meta name=\"twitter:data1\" content=\"5 minutos\" \/>\n<!-- \/ Yoast SEO Premium plugin. -->","yoast_head_json":{"title":"Privacy Policy | Cheap Real Sex Dolls | MiisooDoll","description":"Review MiisooDoll's privacy policy for transparent handling of data. Shop confidently for cheap real sex dolls. Your privacy, our priority at MiisooDoll.","robots":{"index":"index","follow":"follow","max-snippet":"max-snippet:-1","max-image-preview":"max-image-preview:large","max-video-preview":"max-video-preview:-1"},"canonical":"https:\/\/www.miisoo.com\/pt\/privacy-policy\/","og_locale":"pt_PT","og_type":"article","og_title":"Privacy Policy","og_description":"Review MiisooDoll's privacy policy for transparent handling of data. Shop confidently for cheap real sex dolls. Your privacy, our priority at MiisooDoll.","og_url":"https:\/\/www.miisoo.com\/pt\/privacy-policy\/","og_site_name":"MiisooDoll","article_publisher":"https:\/\/www.facebook.com\/miisoodoll","article_modified_time":"2023-12-22T12:16:22+00:00","twitter_card":"summary_large_image","twitter_site":"@MiisooSexDolls","twitter_misc":{"Tempo estimado de leitura":"5 minutos"},"schema":{"@context":"https:\/\/schema.org","@graph":[{"@type":"WebPage","@id":"https:\/\/www.miisoo.com\/nl\/privacy-policy\/","url":"https:\/\/www.miisoo.com\/nl\/privacy-policy\/","name":"Privacy Policy | Cheap Real Sex Dolls | MiisooDoll","isPartOf":{"@id":"https:\/\/www.miisoo.com\/#website"},"datePublished":"2020-09-05T13:19:56+00:00","dateModified":"2023-12-22T12:16:22+00:00","description":"Review MiisooDoll's privacy policy for transparent handling of data. Shop confidently for cheap real sex dolls. Your privacy, our priority at MiisooDoll.","breadcrumb":{"@id":"https:\/\/www.miisoo.com\/nl\/privacy-policy\/#breadcrumb"},"inLanguage":"pt-PT","potentialAction":[{"@type":"ReadAction","target":["https:\/\/www.miisoo.com\/nl\/privacy-policy\/"]}]},{"@type":"BreadcrumbList","@id":"https:\/\/www.miisoo.com\/nl\/privacy-policy\/#breadcrumb","itemListElement":[{"@type":"ListItem","position":1,"name":"Home","item":"https:\/\/www.miisoo.com\/"},{"@type":"ListItem","position":2,"name":"Privacy Policy"}]},{"@type":"WebSite","@id":"https:\/\/www.miisoo.com\/#website","url":"https:\/\/www.miisoo.com\/","name":"MiisooDoll","description":"Sexual Doll, Real Sex Dolls, Love Doll, Best Sex Dolls","publisher":{"@id":"https:\/\/www.miisoo.com\/#organization"},"potentialAction":[{"@type":"SearchAction","target":{"@type":"EntryPoint","urlTemplate":"https:\/\/www.miisoo.com\/?s={search_term_string}"},"query-input":"required name=search_term_string"}],"inLanguage":"pt-PT"},{"@type":"Organization","@id":"https:\/\/www.miisoo.com\/#organization","name":"MiisooDoll","url":"https:\/\/www.miisoo.com\/","logo":{"@type":"ImageObject","inLanguage":"pt-PT","@id":"https:\/\/www.miisoo.com\/#\/schema\/logo\/image\/","url":"https:\/\/www.miisoo.com\/wp-content\/uploads\/2020\/09\/logo-botton.png","contentUrl":"https:\/\/www.miisoo.com\/wp-content\/uploads\/2020\/09\/logo-botton.png","width":181,"height":42,"caption":"MiisooDoll"},"image":{"@id":"https:\/\/www.miisoo.com\/#\/schema\/logo\/image\/"},"sameAs":["https:\/\/www.facebook.com\/miisoodoll","https:\/\/x.com\/MiisooSexDolls"]}]}},"_links":{"self":[{"href":"https:\/\/www.miisoo.com\/pt\/wp-json\/wp\/v2\/pages\/3","targetHints":{"allow":["GET"]}}],"collection":[{"href":"https:\/\/www.miisoo.com\/pt\/wp-json\/wp\/v2\/pages"}],"about":[{"href":"https:\/\/www.miisoo.com\/pt\/wp-json\/wp\/v2\/types\/page"}],"author":[{"embeddable":true,"href":"https:\/\/www.miisoo.com\/pt\/wp-json\/wp\/v2\/users\/455"}],"replies":[{"embeddable":true,"href":"https:\/\/www.miisoo.com\/pt\/wp-json\/wp\/v2\/comments?post=3"}],"version-history":[{"count":1,"href":"https:\/\/www.miisoo.com\/pt\/wp-json\/wp\/v2\/pages\/3\/revisions"}],"predecessor-version":[{"id":34673,"href":"https:\/\/www.miisoo.com\/pt\/wp-json\/wp\/v2\/pages\/3\/revisions\/34673"}],"wp:attachment":[{"href":"https:\/\/www.miisoo.com\/pt\/wp-json\/wp\/v2\/media?parent=3"}],"curies":[{"name":"wp","href":"https:\/\/api.w.org\/{rel}","templated":true}]}}