{"id":129,"date":"2017-11-28T08:26:45","date_gmt":"2017-11-28T08:26:45","guid":{"rendered":"http:\/\/demo2.drfuri.com\/martfury13\/?page_id=129"},"modified":"2023-12-22T19:57:32","modified_gmt":"2023-12-22T11:57:32","slug":"about-miisoo-sex-dolls-online","status":"publish","type":"page","link":"https:\/\/www.miisoo.com\/pt\/about-miisoo-sex-dolls-online\/","title":{"rendered":"Sobre n\u00f3s"},"content":{"rendered":"<div data-elementor-type=\"wp-post\" data-elementor-id=\"129\" class=\"elementor elementor-129\" data-elementor-post-type=\"page\">\n\t\t\t\t\t\t<section class=\"elementor-section elementor-top-section elementor-element elementor-element-499101e2 elementor-section-full_width elementor-section-stretched elementor-section-height-default elementor-section-height-default\" data-id=\"499101e2\" data-element_type=\"section\" data-settings=\"{&quot;stretch_section&quot;:&quot;section-stretched&quot;}\">\n\t\t\t\t\t\t<div class=\"elementor-container elementor-column-gap-no\">\n\t\t\t\t\t<div class=\"elementor-column elementor-col-100 elementor-top-column elementor-element elementor-element-3ca9cf60\" data-id=\"3ca9cf60\" data-element_type=\"column\">\n\t\t\t<div class=\"elementor-widget-wrap elementor-element-populated\">\n\t\t\t\t\t\t<div class=\"elementor-element elementor-element-54251667 elementor-widget elementor-widget-image\" data-id=\"54251667\" data-element_type=\"widget\" data-widget_type=\"image.default\">\n\t\t\t\t<div class=\"elementor-widget-container\">\n\t\t\t\t\t\t\t\t\t\t\t\t\t\t\t<img fetchpriority=\"high\" decoding=\"async\" width=\"1536\" height=\"480\" src=\"https:\/\/www.miisoo.com\/wp-content\/uploads\/2020\/12\/banner-sex-doll-1.jpg\" class=\"attachment-full size-full wp-image-7398\" alt=\"\" srcset=\"https:\/\/www.miisoo.com\/wp-content\/uploads\/2020\/12\/banner-sex-doll-1.jpg 1536w, https:\/\/www.miisoo.com\/wp-content\/uploads\/2020\/12\/banner-sex-doll-1-300x94.jpg 300w, https:\/\/www.miisoo.com\/wp-content\/uploads\/2020\/12\/banner-sex-doll-1-1024x320.jpg 1024w, https:\/\/www.miisoo.com\/wp-content\/uploads\/2020\/12\/banner-sex-doll-1-768x240.jpg 768w, https:\/\/www.miisoo.com\/wp-content\/uploads\/2020\/12\/banner-sex-doll-1-370x116.jpg 370w, https:\/\/www.miisoo.com\/wp-content\/uploads\/2020\/12\/banner-sex-doll-1-600x188.jpg 600w\" sizes=\"(max-width: 1536px) 100vw, 1536px\" \/>\t\t\t\t\t\t\t\t\t\t\t\t\t\t\t<\/div>\n\t\t\t\t<\/div>\n\t\t\t\t<div class=\"elementor-element elementor-element-a61e060 elementor-widget elementor-widget-spacer\" data-id=\"a61e060\" data-element_type=\"widget\" data-widget_type=\"spacer.default\">\n\t\t\t\t<div class=\"elementor-widget-container\">\n\t\t\t\t\t\t\t<div class=\"elementor-spacer\">\n\t\t\t<div class=\"elementor-spacer-inner\"><\/div>\n\t\t<\/div>\n\t\t\t\t\t\t<\/div>\n\t\t\t\t<\/div>\n\t\t\t\t\t<\/div>\n\t\t<\/div>\n\t\t\t\t\t<\/div>\n\t\t<\/section>\n\t\t\t\t<section class=\"elementor-section elementor-top-section elementor-element elementor-element-3ff6745a elementor-section-boxed elementor-section-height-default elementor-section-height-default\" data-id=\"3ff6745a\" data-element_type=\"section\">\n\t\t\t\t\t\t<div class=\"elementor-container elementor-column-gap-extended\">\n\t\t\t\t\t<div class=\"elementor-column elementor-col-16 elementor-top-column elementor-element elementor-element-5847672a\" data-id=\"5847672a\" data-element_type=\"column\">\n\t\t\t<div class=\"elementor-widget-wrap\">\n\t\t\t\t\t\t\t<\/div>\n\t\t<\/div>\n\t\t\t\t<div class=\"elementor-column elementor-col-66 elementor-top-column elementor-element elementor-element-31cd9c6a\" data-id=\"31cd9c6a\" data-element_type=\"column\">\n\t\t\t<div class=\"elementor-widget-wrap elementor-element-populated\">\n\t\t\t\t\t\t<div class=\"elementor-element elementor-element-4596bb93 elementor-widget elementor-widget-heading\" data-id=\"4596bb93\" data-element_type=\"widget\" data-widget_type=\"heading.default\">\n\t\t\t\t<div class=\"elementor-widget-container\">\n\t\t\t\t\t<h1 class=\"elementor-heading-title elementor-size-default\">Sobre MiisooDoll<\/h1>\t\t\t\t<\/div>\n\t\t\t\t<\/div>\n\t\t\t\t<div class=\"elementor-element elementor-element-24950485 elementor-widget elementor-widget-spacer\" data-id=\"24950485\" data-element_type=\"widget\" data-widget_type=\"spacer.default\">\n\t\t\t\t<div class=\"elementor-widget-container\">\n\t\t\t\t\t\t\t<div class=\"elementor-spacer\">\n\t\t\t<div class=\"elementor-spacer-inner\"><\/div>\n\t\t<\/div>\n\t\t\t\t\t\t<\/div>\n\t\t\t\t<\/div>\n\t\t\t\t<div class=\"elementor-element elementor-element-ac8375b elementor-widget elementor-widget-heading\" data-id=\"ac8375b\" data-element_type=\"widget\" data-widget_type=\"heading.default\">\n\t\t\t\t<div class=\"elementor-widget-container\">\n\t\t\t\t\t<h2 class=\"elementor-heading-title elementor-size-default\"><a href=\"http:\/\/www.miisoo.com\/pt\/\">Loja online de bonecas sexuais, bem-vindo ao miisoo.com, somos um dos principais fabricantes e vendedores de bonecas sexuais realistas do setor.<\/a><\/h2>\t\t\t\t<\/div>\n\t\t\t\t<\/div>\n\t\t\t\t<div class=\"elementor-element elementor-element-2362e4d6 elementor-widget elementor-widget-spacer\" data-id=\"2362e4d6\" data-element_type=\"widget\" data-widget_type=\"spacer.default\">\n\t\t\t\t<div class=\"elementor-widget-container\">\n\t\t\t\t\t\t\t<div class=\"elementor-spacer\">\n\t\t\t<div class=\"elementor-spacer-inner\"><\/div>\n\t\t<\/div>\n\t\t\t\t\t\t<\/div>\n\t\t\t\t<\/div>\n\t\t\t\t<div class=\"elementor-element elementor-element-d352fa4 elementor-widget elementor-widget-text-editor\" data-id=\"d352fa4\" data-element_type=\"widget\" data-widget_type=\"text-editor.default\">\n\t\t\t\t<div class=\"elementor-widget-container\">\n\t\t\t\t\t\t\t\t\t<p>A MIISOO foi fundada em 2016 e temos nossa pr\u00f3pria f\u00e1brica de fabrica\u00e7\u00e3o de bonecas. Assim, podemos alcan\u00e7ar um verdadeiro controle de qualidade e detalhes. Cada uma das nossas bonecas \u00e9 esculpida \u00e0 m\u00e3o por um mestre com 20 anos de experi\u00eancia. No processo, utilizamos t\u00e9cnicas avan\u00e7adas de pesquisa cient\u00edfica e processos perfeitos. Nossa filosofia \u00e9 desenvolver e produzir os bonecos mais realistas. Leve a melhor experi\u00eancia aos clientes.<\/p>\t\t\t\t\t\t\t\t<\/div>\n\t\t\t\t<\/div>\n\t\t\t\t<div class=\"elementor-element elementor-element-d8451a0 elementor-widget elementor-widget-heading\" data-id=\"d8451a0\" data-element_type=\"widget\" data-widget_type=\"heading.default\">\n\t\t\t\t<div class=\"elementor-widget-container\">\n\t\t\t\t\t<h2 class=\"elementor-heading-title elementor-size-default\">Trabalhando com marcas famosas<\/h2>\t\t\t\t<\/div>\n\t\t\t\t<\/div>\n\t\t\t\t<div class=\"elementor-element elementor-element-2b352d0 elementor-widget elementor-widget-spacer\" data-id=\"2b352d0\" data-element_type=\"widget\" data-widget_type=\"spacer.default\">\n\t\t\t\t<div class=\"elementor-widget-container\">\n\t\t\t\t\t\t\t<div class=\"elementor-spacer\">\n\t\t\t<div class=\"elementor-spacer-inner\"><\/div>\n\t\t<\/div>\n\t\t\t\t\t\t<\/div>\n\t\t\t\t<\/div>\n\t\t\t\t<div class=\"elementor-element elementor-element-1634f43 elementor-widget elementor-widget-text-editor\" data-id=\"1634f43\" data-element_type=\"widget\" data-widget_type=\"text-editor.default\">\n\t\t\t\t<div class=\"elementor-widget-container\">\n\t\t\t\t\t\t\t\t\t<p><span style=\"color: var( --e-global-color-text ); font-family: inherit; font-weight: var( --e-global-typography-text-font-weight );\">Enquanto isso, tamb\u00e9m trabalhamos com marcas conhecidas no setor, como: WM, Dollhouse 168 e assim por diante. Foi unanimemente reconhecido pela ind\u00fastria. Atualmente, a loja online de bonecas sexuais MIISOO est\u00e1 dividida em bonecas TPE acess\u00edveis e bonecas de silicone de alta qualidade. Voc\u00ea pode encontrar senhoras populares de estilo europeu, meninas asi\u00e1ticas gentis, bonecos masculinos, bonecos de anime e bonecos de fadas em nossa loja. Claro que tamb\u00e9m aceitamos bonecos personalizados. Basta nos contar as informa\u00e7\u00f5es sobre seus sonhos. e podemos definitivamente atender \u00e0s suas necessidades.<\/span><\/p><p>Atualmente, as bonecas inteligentes Talking e as bonecas de silicone puro s\u00e3o os produtos especiais da nossa loja. Eles atraem a aten\u00e7\u00e3o de muitos clientes e trazem-lhes uma experi\u00eancia in\u00e9dita. Divirta-se.<\/p>\t\t\t\t\t\t\t\t<\/div>\n\t\t\t\t<\/div>\n\t\t\t\t<div class=\"elementor-element elementor-element-5873c051 elementor-widget elementor-widget-spacer\" data-id=\"5873c051\" data-element_type=\"widget\" data-widget_type=\"spacer.default\">\n\t\t\t\t<div class=\"elementor-widget-container\">\n\t\t\t\t\t\t\t<div class=\"elementor-spacer\">\n\t\t\t<div class=\"elementor-spacer-inner\"><\/div>\n\t\t<\/div>\n\t\t\t\t\t\t<\/div>\n\t\t\t\t<\/div>\n\t\t\t\t\t<\/div>\n\t\t<\/div>\n\t\t\t\t<div class=\"elementor-column elementor-col-16 elementor-top-column elementor-element elementor-element-5e91253d\" data-id=\"5e91253d\" data-element_type=\"column\">\n\t\t\t<div class=\"elementor-widget-wrap\">\n\t\t\t\t\t\t\t<\/div>\n\t\t<\/div>\n\t\t\t\t\t<\/div>\n\t\t<\/section>\n\t\t\t\t<section class=\"elementor-section elementor-top-section elementor-element elementor-element-524da24c elementor-section-boxed elementor-section-height-default elementor-section-height-default\" data-id=\"524da24c\" data-element_type=\"section\" data-settings=\"{&quot;background_background&quot;:&quot;classic&quot;}\">\n\t\t\t\t\t\t<div class=\"elementor-container elementor-column-gap-extended\">\n\t\t\t\t\t<div class=\"elementor-column elementor-col-100 elementor-top-column elementor-element elementor-element-3b0f7e92\" data-id=\"3b0f7e92\" data-element_type=\"column\">\n\t\t\t<div class=\"elementor-widget-wrap elementor-element-populated\">\n\t\t\t\t\t\t<section class=\"elementor-section elementor-inner-section elementor-element elementor-element-3b546ae0 elementor-section-boxed elementor-section-height-default elementor-section-height-default\" data-id=\"3b546ae0\" data-element_type=\"section\">\n\t\t\t\t\t\t<div class=\"elementor-container elementor-column-gap-extended\">\n\t\t\t\t\t<div class=\"elementor-column elementor-col-33 elementor-inner-column elementor-element elementor-element-183a324a\" data-id=\"183a324a\" data-element_type=\"column\">\n\t\t\t<div class=\"elementor-widget-wrap\">\n\t\t\t\t\t\t\t<\/div>\n\t\t<\/div>\n\t\t\t\t<div class=\"elementor-column elementor-col-33 elementor-inner-column elementor-element elementor-element-59275da8\" data-id=\"59275da8\" data-element_type=\"column\">\n\t\t\t<div class=\"elementor-widget-wrap elementor-element-populated\">\n\t\t\t\t\t\t<div class=\"elementor-element elementor-element-2080949 elementor-widget elementor-widget-spacer\" data-id=\"2080949\" data-element_type=\"widget\" data-widget_type=\"spacer.default\">\n\t\t\t\t<div class=\"elementor-widget-container\">\n\t\t\t\t\t\t\t<div class=\"elementor-spacer\">\n\t\t\t<div class=\"elementor-spacer-inner\"><\/div>\n\t\t<\/div>\n\t\t\t\t\t\t<\/div>\n\t\t\t\t<\/div>\n\t\t\t\t<div class=\"elementor-element elementor-element-2987dd14 elementor-widget elementor-widget-heading\" data-id=\"2987dd14\" data-element_type=\"widget\" data-widget_type=\"heading.default\">\n\t\t\t\t<div class=\"elementor-widget-container\">\n\t\t\t\t\t<h2 class=\"elementor-heading-title elementor-size-default\"><strong>PORQUE COMPRAR CONOSCO?<\/strong><\/h2>\t\t\t\t<\/div>\n\t\t\t\t<\/div>\n\t\t\t\t<div class=\"elementor-element elementor-element-47090e99 elementor-widget elementor-widget-spacer\" data-id=\"47090e99\" data-element_type=\"widget\" data-widget_type=\"spacer.default\">\n\t\t\t\t<div class=\"elementor-widget-container\">\n\t\t\t\t\t\t\t<div class=\"elementor-spacer\">\n\t\t\t<div class=\"elementor-spacer-inner\"><\/div>\n\t\t<\/div>\n\t\t\t\t\t\t<\/div>\n\t\t\t\t<\/div>\n\t\t\t\t<div class=\"elementor-element elementor-element-7ff0e7fb elementor-widget elementor-widget-text-editor\" data-id=\"7ff0e7fb\" data-element_type=\"widget\" data-widget_type=\"text-editor.default\">\n\t\t\t\t<div class=\"elementor-widget-container\">\n\t\t\t\t\t\t\t\t\t<p>Bem, por v\u00e1rios motivos:<\/p><p><strong>Primeiro<\/strong>, A marca MIISOO \u00e9 simplesmente uma das melhores que podem ser encontradas no mundo das bonecas sexuais hoje. Elaboradas com per\u00edcia, esculpidas e moldadas com um grau de detalhe inigual\u00e1vel usando material luxuoso TPE, as bonecas sexuais Premium TPE s\u00e3o atualmente muito populares entre aqueles que amam bonecas reais.<\/p><p>O que distingue a marca MIISOO DOLL dos seus concorrentes \u00e9 sem d\u00favida o n\u00edvel de detalhe trazido \u00e0 moldagem dos orif\u00edcios sexuais (vagina, \u00e2nus). A sua apar\u00eancia \u00e9 simplesmente uma reprodu\u00e7\u00e3o perfeita da realidade. E as suas sensa\u00e7\u00f5es de prazer s\u00f3 podem ser multiplicadas.<\/p><p><strong>Segundo,\u00a0<\/strong>somos discretos quanto ao envio e manuseio. os extratos de faturamento tamb\u00e9m aparecer\u00e3o com um nome n\u00e3o afiliado, para que ningu\u00e9m al\u00e9m de voc\u00ea e da empresa saiba quais produtos interessantes voc\u00ea comprou.<\/p><p><strong>Terceiro<\/strong>, alta qualidade e pre\u00e7os baixos s\u00e3o a base da vis\u00e3o, ideia de neg\u00f3cio e conceito da boneca MIISOO. O pensamento b\u00e1sico por tr\u00e1s de todas as bonecas sexuais MIISOO \u00e9 que os pre\u00e7os baixos tornam as bonecas sexuais funcionais e bem projetadas dispon\u00edveis para todos. Afinal, a nossa vis\u00e3o \u00e9 criar uma vida sexual melhor para muitas pessoas.<\/p><p>Em vez de comprar bonecas sexuais de atacadistas e intermedi\u00e1rios, produzimos essas bonecas sexuais diretamente de nossa f\u00e1brica. Mas no final vale a pena porque nos permite oferecer-lhe bonecas sexuais da mais alta qualidade aos pre\u00e7os mais baixos poss\u00edveis.<\/p><p>Estamos constantemente tentando fazer tudo um pouco melhor, um pouco mais simples, mais eficiente e sempre econ\u00f4mico. Todos os trabalhadores da MIISOO desempenham um papel importante na cria\u00e7\u00e3o dos nossos pre\u00e7os baixos que podemos oferecer.<\/p><p><strong>Finalmente<\/strong>, melhor atendimento ao cliente. Nosso atendimento ao cliente se esfor\u00e7a para ser o mais \u00fatil poss\u00edvel, com a capacidade de responder e lidar com quase qualquer situa\u00e7\u00e3o de maneira amig\u00e1vel. Eles est\u00e3o dispon\u00edveis 24 horas por dia, 7 dias por semana e 365 dias por ano para ajudar a responder a qualquer uma de suas d\u00favidas ou preocupa\u00e7\u00f5es. D\u00ea uma olhada em nossa sele\u00e7\u00e3o e escolha a boneca certa para voc\u00ea, voc\u00ea n\u00e3o ficar\u00e1 desapontado!\u00a0<\/p><p>Com <strong>mais de 2.000 avalia\u00e7\u00f5es confi\u00e1veis<\/strong>\u00a0em nossas bonecas. Temos orgulho em garantir que nossos clientes estejam 100% satisfeitos com nossos produtos, garantindo apenas os materiais da melhor qualidade, o envio mais r\u00e1pido, as tarifas mais acess\u00edveis, atendimento ao cliente premium e garantindo sua privacidade.<\/p><p>N\u00f3s nunca compartilhamos sua informa\u00e7\u00e3o com ningu\u00e9m! Seu pacote chegar\u00e1 100% discreto e em uma embalagem semelhante a qualquer outro pacote que voc\u00ea normalmente receberia. Ningu\u00e9m al\u00e9m de voc\u00ea e n\u00f3s saber\u00e1 que voc\u00ea encomendou uma boneca do amor<\/p>\t\t\t\t\t\t\t\t<\/div>\n\t\t\t\t<\/div>\n\t\t\t\t<div class=\"elementor-element elementor-element-3590d165 elementor-widget elementor-widget-spacer\" data-id=\"3590d165\" data-element_type=\"widget\" data-widget_type=\"spacer.default\">\n\t\t\t\t<div class=\"elementor-widget-container\">\n\t\t\t\t\t\t\t<div class=\"elementor-spacer\">\n\t\t\t<div class=\"elementor-spacer-inner\"><\/div>\n\t\t<\/div>\n\t\t\t\t\t\t<\/div>\n\t\t\t\t<\/div>\n\t\t\t\t\t<\/div>\n\t\t<\/div>\n\t\t\t\t<div class=\"elementor-column elementor-col-33 elementor-inner-column elementor-element elementor-element-ffc00e2\" data-id=\"ffc00e2\" data-element_type=\"column\">\n\t\t\t<div class=\"elementor-widget-wrap\">\n\t\t\t\t\t\t\t<\/div>\n\t\t<\/div>\n\t\t\t\t\t<\/div>\n\t\t<\/section>\n\t\t\t\t<section class=\"elementor-section elementor-inner-section elementor-element elementor-element-2e8b9d4b elementor-section-boxed elementor-section-height-default elementor-section-height-default\" data-id=\"2e8b9d4b\" data-element_type=\"section\">\n\t\t\t\t\t\t<div class=\"elementor-container elementor-column-gap-extended\">\n\t\t\t\t\t<div class=\"elementor-column elementor-col-100 elementor-inner-column elementor-element elementor-element-36ed4d7e\" data-id=\"36ed4d7e\" data-element_type=\"column\">\n\t\t\t<div class=\"elementor-widget-wrap elementor-element-populated\">\n\t\t\t\t\t\t<div class=\"elementor-element elementor-element-4d3ab6d1 columns--mobile3 columns--tablet3 columns-5 elementor-widget elementor-widget-martfury-images-grid\" data-id=\"4d3ab6d1\" data-element_type=\"widget\" data-widget_type=\"martfury-images-grid.default\">\n\t\t\t\t<div class=\"elementor-widget-container\">\n\t\t\t\t\t<div class=\"mf-images-gallery mf-images-gallery--grid\"><div class=\"images-list\"><div class=\"image-item\"><div class=\"image-item__wrapper\"><a href=\"#\" target=\"_blank\" rel=\"nofollow\" class=\"img-link\"><img decoding=\"async\" width=\"140\" height=\"46\" src=\"https:\/\/www.miisoo.com\/wp-content\/uploads\/2019\/05\/partner-1.png\" class=\"attachment-full size-full wp-image-2782\" alt=\"\" \/><\/a><\/div><\/div><div class=\"image-item\"><div class=\"image-item__wrapper\"><a href=\"#\" target=\"_blank\" rel=\"nofollow\" class=\"img-link\"><img decoding=\"async\" width=\"150\" height=\"28\" src=\"https:\/\/www.miisoo.com\/wp-content\/uploads\/2020\/06\/partner-2.png\" class=\"attachment-full size-full wp-image-4100\" alt=\"\" \/><\/a><\/div><\/div><div class=\"image-item\"><div class=\"image-item__wrapper\"><a href=\"#\" target=\"_blank\" rel=\"nofollow\" class=\"img-link\"><img decoding=\"async\" src=\"https:\/\/drfuri-demo-images.s3-us-west-1.amazonaws.com\/martfury\/electronic\/images\/partner-3.png\" title=\"\" alt=\"\" loading=\"lazy\" \/><\/a><\/div><\/div><div class=\"image-item\"><div class=\"image-item__wrapper\"><a href=\"#\" target=\"_blank\" rel=\"nofollow\" class=\"img-link\"><img loading=\"lazy\" decoding=\"async\" width=\"128\" height=\"48\" src=\"https:\/\/www.miisoo.com\/wp-content\/uploads\/2020\/06\/partner-5.png\" class=\"attachment-full size-full wp-image-4103\" alt=\"\" \/><\/a><\/div><\/div><div class=\"image-item\"><div class=\"image-item__wrapper\"><a href=\"#\" target=\"_blank\" rel=\"nofollow\" class=\"img-link\"><img loading=\"lazy\" decoding=\"async\" width=\"95\" height=\"54\" src=\"https:\/\/www.miisoo.com\/wp-content\/uploads\/2020\/06\/partner-4.png\" class=\"attachment-full size-full wp-image-4102\" alt=\"\" \/><\/a><\/div><\/div><\/div><\/div>\t\t\t\t<\/div>\n\t\t\t\t<\/div>\n\t\t\t\t<div class=\"elementor-element elementor-element-2bd84a02 elementor-widget elementor-widget-spacer\" data-id=\"2bd84a02\" data-element_type=\"widget\" data-widget_type=\"spacer.default\">\n\t\t\t\t<div class=\"elementor-widget-container\">\n\t\t\t\t\t\t\t<div class=\"elementor-spacer\">\n\t\t\t<div class=\"elementor-spacer-inner\"><\/div>\n\t\t<\/div>\n\t\t\t\t\t\t<\/div>\n\t\t\t\t<\/div>\n\t\t\t\t\t<\/div>\n\t\t<\/div>\n\t\t\t\t\t<\/div>\n\t\t<\/section>\n\t\t\t\t\t<\/div>\n\t\t<\/div>\n\t\t\t\t\t<\/div>\n\t\t<\/section>\n\t\t\t\t<\/div>","protected":false},"excerpt":{"rendered":"<p>About MiisooDoll Sex Doll Online Store, Welcome to miisoo.com, we are one of the top Realistic sex dolls manufacturer and seller in the industry. MIISOO was founded in 2016 and we have our own doll manufacturing factory. So we can achieve true quality and detail control. Each of our dolls is hand-carved by a master&hellip;<\/p>","protected":false},"author":455,"featured_media":0,"parent":0,"menu_order":0,"comment_status":"closed","ping_status":"closed","template":"template-full-width.php","meta":{"footnotes":""},"class_list":["post-129","page","type-page","status-publish","hentry"],"yoast_head":"<!-- This site is optimized with the Yoast SEO Premium plugin v22.6 (Yoast SEO v22.9) - https:\/\/yoast.com\/wordpress\/plugins\/seo\/ -->\n<title>About Miisoo | Your Trusted Sex Doll Source | MiisooDoll<\/title>\n<meta name=\"description\" content=\"Discover the essence of Miisoo at the forefront of the sex doll industry. Your trusted source for lifelike companions. Explore the story behind MiisooDoll.\" \/>\n<meta name=\"robots\" content=\"index, follow, max-snippet:-1, max-image-preview:large, max-video-preview:-1\" \/>\n<link rel=\"canonical\" href=\"https:\/\/www.miisoo.com\/pt\/about-miisoo-sex-dolls-online\/\" \/>\n<meta property=\"og:locale\" content=\"pt_PT\" \/>\n<meta property=\"og:type\" content=\"article\" \/>\n<meta property=\"og:title\" content=\"About Us\" \/>\n<meta property=\"og:description\" content=\"Discover the essence of Miisoo at the forefront of the sex doll industry. Your trusted source for lifelike companions. Explore the story behind MiisooDoll.\" \/>\n<meta property=\"og:url\" content=\"https:\/\/www.miisoo.com\/pt\/about-miisoo-sex-dolls-online\/\" \/>\n<meta property=\"og:site_name\" content=\"MiisooDoll\" \/>\n<meta property=\"article:publisher\" content=\"https:\/\/www.facebook.com\/miisoodoll\" \/>\n<meta property=\"article:modified_time\" content=\"2023-12-22T11:57:32+00:00\" \/>\n<meta property=\"og:image\" content=\"https:\/\/www.miisoo.com\/wp-content\/uploads\/2020\/12\/banner-sex-doll-1.jpg\" \/>\n<meta name=\"twitter:card\" content=\"summary_large_image\" \/>\n<meta name=\"twitter:site\" content=\"@MiisooSexDolls\" \/>\n<meta name=\"twitter:label1\" content=\"Tempo estimado de leitura\" \/>\n\t<meta name=\"twitter:data1\" content=\"4 minutos\" \/>\n<!-- \/ Yoast SEO Premium plugin. -->","yoast_head_json":{"title":"About Miisoo | Your Trusted Sex Doll Source | MiisooDoll","description":"Discover the essence of Miisoo at the forefront of the sex doll industry. Your trusted source for lifelike companions. Explore the story behind MiisooDoll.","robots":{"index":"index","follow":"follow","max-snippet":"max-snippet:-1","max-image-preview":"max-image-preview:large","max-video-preview":"max-video-preview:-1"},"canonical":"https:\/\/www.miisoo.com\/pt\/about-miisoo-sex-dolls-online\/","og_locale":"pt_PT","og_type":"article","og_title":"About Us","og_description":"Discover the essence of Miisoo at the forefront of the sex doll industry. Your trusted source for lifelike companions. Explore the story behind MiisooDoll.","og_url":"https:\/\/www.miisoo.com\/pt\/about-miisoo-sex-dolls-online\/","og_site_name":"MiisooDoll","article_publisher":"https:\/\/www.facebook.com\/miisoodoll","article_modified_time":"2023-12-22T11:57:32+00:00","og_image":[{"url":"https:\/\/www.miisoo.com\/wp-content\/uploads\/2020\/12\/banner-sex-doll-1.jpg"}],"twitter_card":"summary_large_image","twitter_site":"@MiisooSexDolls","twitter_misc":{"Tempo estimado de leitura":"4 minutos"},"schema":{"@context":"https:\/\/schema.org","@graph":[{"@type":"WebPage","@id":"https:\/\/www.miisoo.com\/about-miisoo-sex-dolls-online\/","url":"https:\/\/www.miisoo.com\/about-miisoo-sex-dolls-online\/","name":"About Miisoo | Your Trusted Sex Doll Source | MiisooDoll","isPartOf":{"@id":"https:\/\/www.miisoo.com\/#website"},"primaryImageOfPage":{"@id":"https:\/\/www.miisoo.com\/about-miisoo-sex-dolls-online\/#primaryimage"},"image":{"@id":"https:\/\/www.miisoo.com\/about-miisoo-sex-dolls-online\/#primaryimage"},"thumbnailUrl":"https:\/\/www.miisoo.com\/wp-content\/uploads\/2020\/12\/banner-sex-doll-1.jpg","datePublished":"2017-11-28T08:26:45+00:00","dateModified":"2023-12-22T11:57:32+00:00","description":"Discover the essence of Miisoo at the forefront of the sex doll industry. Your trusted source for lifelike companions. Explore the story behind MiisooDoll.","breadcrumb":{"@id":"https:\/\/www.miisoo.com\/about-miisoo-sex-dolls-online\/#breadcrumb"},"inLanguage":"pt-PT","potentialAction":[{"@type":"ReadAction","target":["https:\/\/www.miisoo.com\/about-miisoo-sex-dolls-online\/"]}]},{"@type":"ImageObject","inLanguage":"pt-PT","@id":"https:\/\/www.miisoo.com\/about-miisoo-sex-dolls-online\/#primaryimage","url":"https:\/\/www.miisoo.com\/wp-content\/uploads\/2020\/12\/banner-sex-doll-1.jpg","contentUrl":"https:\/\/www.miisoo.com\/wp-content\/uploads\/2020\/12\/banner-sex-doll-1.jpg"},{"@type":"BreadcrumbList","@id":"https:\/\/www.miisoo.com\/about-miisoo-sex-dolls-online\/#breadcrumb","itemListElement":[{"@type":"ListItem","position":1,"name":"Home","item":"https:\/\/www.miisoo.com\/"},{"@type":"ListItem","position":2,"name":"About Us"}]},{"@type":"WebSite","@id":"https:\/\/www.miisoo.com\/#website","url":"https:\/\/www.miisoo.com\/","name":"MiisooDoll","description":"Sexual Doll, Real Sex Dolls, Love Doll, Best Sex Dolls","publisher":{"@id":"https:\/\/www.miisoo.com\/#organization"},"potentialAction":[{"@type":"SearchAction","target":{"@type":"EntryPoint","urlTemplate":"https:\/\/www.miisoo.com\/?s={search_term_string}"},"query-input":"required name=search_term_string"}],"inLanguage":"pt-PT"},{"@type":"Organization","@id":"https:\/\/www.miisoo.com\/#organization","name":"MiisooDoll","url":"https:\/\/www.miisoo.com\/","logo":{"@type":"ImageObject","inLanguage":"pt-PT","@id":"https:\/\/www.miisoo.com\/#\/schema\/logo\/image\/","url":"https:\/\/www.miisoo.com\/wp-content\/uploads\/2020\/09\/logo-botton.png","contentUrl":"https:\/\/www.miisoo.com\/wp-content\/uploads\/2020\/09\/logo-botton.png","width":181,"height":42,"caption":"MiisooDoll"},"image":{"@id":"https:\/\/www.miisoo.com\/#\/schema\/logo\/image\/"},"sameAs":["https:\/\/www.facebook.com\/miisoodoll","https:\/\/x.com\/MiisooSexDolls"]}]}},"_links":{"self":[{"href":"https:\/\/www.miisoo.com\/pt\/wp-json\/wp\/v2\/pages\/129","targetHints":{"allow":["GET"]}}],"collection":[{"href":"https:\/\/www.miisoo.com\/pt\/wp-json\/wp\/v2\/pages"}],"about":[{"href":"https:\/\/www.miisoo.com\/pt\/wp-json\/wp\/v2\/types\/page"}],"author":[{"embeddable":true,"href":"https:\/\/www.miisoo.com\/pt\/wp-json\/wp\/v2\/users\/455"}],"replies":[{"embeddable":true,"href":"https:\/\/www.miisoo.com\/pt\/wp-json\/wp\/v2\/comments?post=129"}],"version-history":[{"count":1,"href":"https:\/\/www.miisoo.com\/pt\/wp-json\/wp\/v2\/pages\/129\/revisions"}],"predecessor-version":[{"id":34666,"href":"https:\/\/www.miisoo.com\/pt\/wp-json\/wp\/v2\/pages\/129\/revisions\/34666"}],"wp:attachment":[{"href":"https:\/\/www.miisoo.com\/pt\/wp-json\/wp\/v2\/media?parent=129"}],"curies":[{"name":"wp","href":"https:\/\/api.w.org\/{rel}","templated":true}]}}