{"id":21451,"date":"2022-01-06T14:07:16","date_gmt":"2022-01-06T06:07:16","guid":{"rendered":"https:\/\/www.miisoo.com\/?post_type=product&#038;p=21451"},"modified":"2022-01-07T17:01:25","modified_gmt":"2022-01-07T09:01:25","slug":"buy-cute-best-male-sex-doll-dildo","status":"publish","type":"product","link":"https:\/\/www.miisoo.com\/pl\/product\/buy-cute-best-male-sex-doll-dildo\/","title":{"rendered":"Aiden - 165cm Kup urocz\u0105 najlepsz\u0105 lalk\u0119 p\u0142ci m\u0119skiej Dildo"},"content":{"rendered":"<p>Ta najlepsza lalka seksualna dla m\u0119\u017cczyzn jest m\u0142odym bankierem, kt\u00f3ry zawsze \u015bwi\u0119tuje po d\u0142ugim dniu w pracy. Ze wzgl\u0119du na \u017cmudny charakter swojej pracy, nie traci czasu na utrat\u0119 ka\u017cdej nadarzaj\u0105cej si\u0119 szansy. Jego pe\u0142na g\u0142owa <a href=\"https:\/\/www.pinterest.com\/lavishcoils\/blonde-curls\/\">blond kr\u0119cone w\u0142osy<\/a> zawsze wydaje si\u0119, \u017ce kobiety go zauwa\u017caj\u0105, gdziekolwiek si\u0119 udaje.<\/p>\n<p>Nie trzeba dodawa\u0107, \u017ce jest jedn\u0105 z najlepszych m\u0119skich lalek erotycznych, kt\u00f3ra w ka\u017cdy weekend wydaje si\u0119 mie\u0107 na ramieniu inn\u0105 kobiet\u0119. Pomimo swojej niewinnej twarzy ta urocza lalka p\u0142ci m\u0119skiej jest graczem. Cho\u0107 jego zachowanie mo\u017ce by\u0107 spokojne, ta 165 cm lalka dla kobiet jest gotowa do przyj\u0119cia dowolnej pozycji seksualnej, kt\u00f3ra Ci odpowiada.<\/p>\n<p>Idealny m\u0119ski dildo, ta seks lalka b\u0119dzie <a href=\"https:\/\/www.miisoo.com\/pl\/produkt\/adult-sexy-japanese-male-sex-doll\/\">nie tylko pom\u00f3c<\/a> masturbujesz si\u0119, jak chcesz, ale nie ma ogranicze\u0144 co do tego, ile razy mo\u017cesz to zrobi\u0107. Tworz\u0105c t\u0119 prawdziw\u0105 lalk\u0119, tw\u00f3rcy lalek mieli tylko jedno na uwadze, aby zapewni\u0107 Ci wielokrotne orgazmy. Kup lalk\u0119 p\u0142ci m\u0119skiej ju\u017c dzi\u015b<\/p>\n<p><span style=\"color: #000000; font-size: 16px; font-weight: 600;\">Pomiary<\/span><\/p>\n<table style=\"border-collapse: collapse; width: 304.52pt;\" border=\"0\" width=\"406\" cellspacing=\"0\" cellpadding=\"0\">\n<tbody>\n<tr style=\"height: 28.00pt;\">\n<td class=\"et2\" style=\"height: 28.00pt; width: 124.50pt;\" width=\"166\" height=\"37\">Marka:<\/td>\n<td class=\"et2\" style=\"width: 180.00pt;\" width=\"240\">Lalka QITA<\/td>\n<\/tr>\n<tr style=\"height: 28.00pt;\">\n<td class=\"et2\" style=\"height: 28.00pt;\" height=\"37\">Wzrost:<\/td>\n<td class=\"et2\">165 cm TPE lalka m\u0119ska<\/td>\n<\/tr>\n<tr style=\"height: 28.00pt;\">\n<td class=\"et2\" style=\"height: 28.00pt;\" height=\"37\">Biust:<\/td>\n<td class=\"et2\">78 cm<\/td>\n<\/tr>\n<tr style=\"height: 28.00pt;\">\n<td class=\"et2\" style=\"height: 28.00pt;\" height=\"37\">Talia:<\/td>\n<td class=\"et2\">62cm<\/td>\n<\/tr>\n<tr style=\"height: 28.00pt;\">\n<td class=\"et2\" style=\"height: 28.00pt;\" height=\"37\">Biodra:<\/td>\n<td class=\"et2\">90cm<\/td>\n<\/tr>\n<tr style=\"height: 28.00pt;\">\n<td class=\"et2\" style=\"height: 28.00pt;\" height=\"37\">D\u0142ugo\u015b\u0107 ramienia:<\/td>\n<td class=\"et2\">45 cm<\/td>\n<\/tr>\n<tr style=\"height: 28.00pt;\">\n<td class=\"et2\" style=\"height: 28.00pt;\" height=\"37\">D\u0142ugo\u015b\u0107 stopy:<\/td>\n<td class=\"et2\">23cm<\/td>\n<\/tr>\n<tr style=\"height: 28.00pt;\">\n<td class=\"et2\" style=\"height: 28.00pt;\" height=\"37\">Szeroko\u015b\u0107 ramienia:<\/td>\n<td class=\"et2\">37 cm<\/td>\n<\/tr>\n<tr style=\"height: 28.00pt;\">\n<td class=\"et2\" style=\"height: 28.00pt;\" height=\"37\">Waga:<\/td>\n<td class=\"et2\">40kg<\/td>\n<\/tr>\n<tr style=\"height: 28.00pt;\">\n<td class=\"et2\" style=\"height: 28.00pt;\" height=\"37\">D\u0142ugo\u015b\u0107 penisa:<\/td>\n<td class=\"et2\">15 cm<\/td>\n<\/tr>\n<tr style=\"height: 28.00pt;\">\n<td class=\"et2\" style=\"height: 28.00pt;\" height=\"37\">G\u0142\u0119boko\u015b\u0107 jamy ustnej:<\/td>\n<td class=\"et2\">Nie dotyczy<\/td>\n<\/tr>\n<tr style=\"height: 28.00pt;\">\n<td class=\"et2\" style=\"height: 28.00pt;\" height=\"37\">G\u0142\u0119boko\u015b\u0107 odbytu:<\/td>\n<td class=\"et2\">20 cm<\/td>\n<\/tr>\n<\/tbody>\n<\/table>\n<p>&nbsp;<\/p>","protected":false},"excerpt":{"rendered":"<div data-elementor-type=\"section\" data-elementor-id=\"10450\" class=\"elementor elementor-10450\" data-elementor-post-type=\"elementor_library\">\n<section class=\"elementor-section elementor-top-section elementor-element elementor-element-1ac4967 elementor-section-boxed elementor-section-height-default elementor-section-height-default\" data-id=\"1ac4967\" data-element_type=\"section\">\n<div class=\"elementor-container elementor-column-gap-default\">\n<div class=\"elementor-column elementor-col-100 elementor-top-column elementor-element elementor-element-bfbdbdf\" data-id=\"bfbdbdf\" data-element_type=\"column\">\n<div class=\"elementor-widget-wrap elementor-element-populated\">\n<div class=\"elementor-element elementor-element-e4dbd68 elementor-widget elementor-widget-text-editor\" data-id=\"e4dbd68\" data-element_type=\"widget\" data-widget_type=\"text-editor.default\">\n<div class=\"elementor-widget-container\">\n<ul>\n<li>Darmowa wysy\u0142ka na ca\u0142y \u015bwiat, dyskretna wysy\u0142ka.<\/li>\n<li>100% Identyczny jak na zdj\u0119ciach, chyba \u017ce dostosowany.<\/li>\n<li>Ceny zawieraj\u0105. VAT i op\u0142aty celne<\/li>\n<li>Bezp\u0142atna wysy\u0142ka, opcje szybkiej wysy\u0142ki na stronie kasy<\/li>\n<\/ul><\/div>\n<\/p><\/div>\n<\/p><\/div>\n<\/p><\/div>\n<\/p><\/div>\n<\/section><\/div>\n<div data-elementor-type=\"section\" data-elementor-id=\"10473\" class=\"elementor elementor-10473\" data-elementor-post-type=\"elementor_library\">\n<section class=\"elementor-section elementor-top-section elementor-element elementor-element-03d9b2a elementor-section-boxed elementor-section-height-default elementor-section-height-default\" data-id=\"03d9b2a\" data-element_type=\"section\">\n<div class=\"elementor-container elementor-column-gap-default\">\n<div class=\"elementor-column elementor-col-100 elementor-top-column elementor-element elementor-element-5081c52\" data-id=\"5081c52\" data-element_type=\"column\">\n<div class=\"elementor-widget-wrap elementor-element-populated\">\n<div class=\"elementor-element elementor-element-d2c17df elementor-widget elementor-widget-martfury-banner-small\" data-id=\"d2c17df\" data-element_type=\"widget\" data-widget_type=\"martfury-banner-small.default\">\n<div class=\"elementor-widget-container\">\n<div class=\"mf-elementor-banner-small\">\n<div class=\"banner-featured-image\"><\/div>\n<p>\t\t\t                <a class=\"link\" href=\"https:\/\/mso.aidoll-japan.com\"><\/a><\/p>\n<div class=\"banner-content\">\n<h2 class=\"banner-title\">1500 mini lalek mi\u0142o\u015bci<\/p>\n<p>sekslalkaxxx. kom<\/h2>\n<div class=\"banner-desc\">\n<p>60 cm, 80 cm, 100 cm,<\/p>\n<p>120 cm, 130 cm, 140 cm<\/p>\n<\/div>\n<div class=\"banner-price\"><span\n                                class=\"s-price\">sexdollxxx.com<\/span><\/div>\n<\/p><\/div>\n<\/p><\/div>\n<\/p><\/div>\n<\/p><\/div>\n<\/p><\/div>\n<\/p><\/div>\n<\/p><\/div>\n<\/section><\/div>","protected":false},"featured_media":21507,"comment_status":"open","ping_status":"closed","template":"","meta":[],"product_cat":[123,115,116,81],"product_tag":[],"class_list":{"0":"post-21451","1":"product","2":"type-product","3":"status-publish","4":"has-post-thumbnail","6":"product_cat-1000usd-1500usd-sex-dolls","7":"product_cat-161cm-170cm-sex-dolls","8":"product_cat-male-sex-dolls","9":"product_cat-tpe-sex-dolls","10":"tm-no-options","12":"first","13":"instock","14":"sale","15":"shipping-taxable","16":"purchasable","17":"product-type-simple","18":"col-xs-6 col-sm-4","19":"col-md-3 col-lg-3","20":"un-4-cols"},"yoast_head":"<!-- This site is optimized with the Yoast SEO Premium plugin v22.6 (Yoast SEO v22.9) - https:\/\/yoast.com\/wordpress\/plugins\/seo\/ -->\n<title>Best Male Sex Doll - Buy Cute Male Doll Dildo For Women<\/title>\n<meta name=\"description\" content=\"This best male\u00a0sex\u00a0doll\u00a0is a young banker who is always celebrating after a long day at work. Buy Cute Male Doll Dildo For Women\" \/>\n<meta name=\"robots\" content=\"index, follow, max-snippet:-1, max-image-preview:large, max-video-preview:-1\" \/>\n<link rel=\"canonical\" href=\"https:\/\/www.miisoo.com\/pl\/produkt\/buy-cute-best-male-sex-doll-dildo\/\" \/>\n<meta property=\"og:locale\" content=\"pl_PL\" \/>\n<meta property=\"og:type\" content=\"article\" \/>\n<meta property=\"og:title\" content=\"Aiden - 165cm Buy Cute Best Male Sex Doll Dildo\" \/>\n<meta property=\"og:description\" content=\"This best male\u00a0sex\u00a0doll\u00a0is a young banker who is always celebrating after a long day at work. Buy Cute Male Doll Dildo For Women\" \/>\n<meta property=\"og:url\" content=\"https:\/\/www.miisoo.com\/pl\/produkt\/buy-cute-best-male-sex-doll-dildo\/\" \/>\n<meta property=\"og:site_name\" content=\"MiisooDoll\" \/>\n<meta property=\"article:publisher\" content=\"https:\/\/www.facebook.com\/miisoodoll\" \/>\n<meta property=\"article:modified_time\" content=\"2022-01-07T09:01:25+00:00\" \/>\n<meta property=\"og:image\" content=\"https:\/\/www.miisoo.com\/wp-content\/uploads\/2022\/01\/best-male-sex-doll-629.jpg\" \/>\n\t<meta property=\"og:image:width\" content=\"600\" \/>\n\t<meta property=\"og:image:height\" content=\"900\" \/>\n\t<meta property=\"og:image:type\" content=\"image\/jpeg\" \/>\n<meta name=\"twitter:card\" content=\"summary_large_image\" \/>\n<meta name=\"twitter:site\" content=\"@MiisooSexDolls\" \/>\n<meta name=\"twitter:label1\" content=\"Szacowany czas czytania\" \/>\n\t<meta name=\"twitter:data1\" content=\"1 minuta\" \/>\n<!-- \/ Yoast SEO Premium plugin. -->","yoast_head_json":{"title":"Best Male Sex Doll - Buy Cute Male Doll Dildo For Women","description":"This best male\u00a0sex\u00a0doll\u00a0is a young banker who is always celebrating after a long day at work. Buy Cute Male Doll Dildo For Women","robots":{"index":"index","follow":"follow","max-snippet":"max-snippet:-1","max-image-preview":"max-image-preview:large","max-video-preview":"max-video-preview:-1"},"canonical":"https:\/\/www.miisoo.com\/pl\/produkt\/buy-cute-best-male-sex-doll-dildo\/","og_locale":"pl_PL","og_type":"article","og_title":"Aiden - 165cm Buy Cute Best Male Sex Doll Dildo","og_description":"This best male\u00a0sex\u00a0doll\u00a0is a young banker who is always celebrating after a long day at work. Buy Cute Male Doll Dildo For Women","og_url":"https:\/\/www.miisoo.com\/pl\/produkt\/buy-cute-best-male-sex-doll-dildo\/","og_site_name":"MiisooDoll","article_publisher":"https:\/\/www.facebook.com\/miisoodoll","article_modified_time":"2022-01-07T09:01:25+00:00","og_image":[{"width":600,"height":900,"url":"https:\/\/www.miisoo.com\/wp-content\/uploads\/2022\/01\/best-male-sex-doll-629.jpg","type":"image\/jpeg"}],"twitter_card":"summary_large_image","twitter_site":"@MiisooSexDolls","twitter_misc":{"Szacowany czas czytania":"1 minuta"},"schema":{"@context":"https:\/\/schema.org","@graph":[{"@type":"WebPage","@id":"https:\/\/www.miisoo.com\/product\/buy-cute-best-male-sex-doll-dildo\/","url":"https:\/\/www.miisoo.com\/product\/buy-cute-best-male-sex-doll-dildo\/","name":"Best Male Sex Doll - Buy Cute Male Doll Dildo For Women","isPartOf":{"@id":"https:\/\/www.miisoo.com\/#website"},"primaryImageOfPage":{"@id":"https:\/\/www.miisoo.com\/product\/buy-cute-best-male-sex-doll-dildo\/#primaryimage"},"image":{"@id":"https:\/\/www.miisoo.com\/product\/buy-cute-best-male-sex-doll-dildo\/#primaryimage"},"thumbnailUrl":"https:\/\/www.miisoo.com\/wp-content\/uploads\/2022\/01\/best-male-sex-doll-629.jpg","datePublished":"2022-01-06T06:07:16+00:00","dateModified":"2022-01-07T09:01:25+00:00","description":"This best male\u00a0sex\u00a0doll\u00a0is a young banker who is always celebrating after a long day at work. Buy Cute Male Doll Dildo For Women","breadcrumb":{"@id":"https:\/\/www.miisoo.com\/product\/buy-cute-best-male-sex-doll-dildo\/#breadcrumb"},"inLanguage":"pl-PL","potentialAction":[{"@type":"ReadAction","target":["https:\/\/www.miisoo.com\/product\/buy-cute-best-male-sex-doll-dildo\/"]}]},{"@type":"ImageObject","inLanguage":"pl-PL","@id":"https:\/\/www.miisoo.com\/product\/buy-cute-best-male-sex-doll-dildo\/#primaryimage","url":"https:\/\/www.miisoo.com\/wp-content\/uploads\/2022\/01\/best-male-sex-doll-629.jpg","contentUrl":"https:\/\/www.miisoo.com\/wp-content\/uploads\/2022\/01\/best-male-sex-doll-629.jpg","width":600,"height":900,"caption":"Aiden \u2013 165cm Buy Cute Best Male Sex Doll Dildo"},{"@type":"BreadcrumbList","@id":"https:\/\/www.miisoo.com\/product\/buy-cute-best-male-sex-doll-dildo\/#breadcrumb","itemListElement":[{"@type":"ListItem","position":1,"name":"Home","item":"https:\/\/www.miisoo.com\/"},{"@type":"ListItem","position":2,"name":"Sex Doll Shop","item":"https:\/\/www.miisoo.com\/shop\/"},{"@type":"ListItem","position":3,"name":"Aiden &#8211; 165cm Buy Cute Best Male Sex Doll Dildo"}]},{"@type":"WebSite","@id":"https:\/\/www.miisoo.com\/#website","url":"https:\/\/www.miisoo.com\/","name":"MiisooDoll","description":"Sexual Doll, Real Sex Dolls, Love Doll, Best Sex Dolls","publisher":{"@id":"https:\/\/www.miisoo.com\/#organization"},"potentialAction":[{"@type":"SearchAction","target":{"@type":"EntryPoint","urlTemplate":"https:\/\/www.miisoo.com\/?s={search_term_string}"},"query-input":"required name=search_term_string"}],"inLanguage":"pl-PL"},{"@type":"Organization","@id":"https:\/\/www.miisoo.com\/#organization","name":"MiisooDoll","url":"https:\/\/www.miisoo.com\/","logo":{"@type":"ImageObject","inLanguage":"pl-PL","@id":"https:\/\/www.miisoo.com\/#\/schema\/logo\/image\/","url":"https:\/\/www.miisoo.com\/wp-content\/uploads\/2020\/09\/logo-botton.png","contentUrl":"https:\/\/www.miisoo.com\/wp-content\/uploads\/2020\/09\/logo-botton.png","width":181,"height":42,"caption":"MiisooDoll"},"image":{"@id":"https:\/\/www.miisoo.com\/#\/schema\/logo\/image\/"},"sameAs":["https:\/\/www.facebook.com\/miisoodoll","https:\/\/x.com\/MiisooSexDolls"]}]}},"_links":{"self":[{"href":"https:\/\/www.miisoo.com\/pl\/wp-json\/wp\/v2\/product\/21451","targetHints":{"allow":["GET"]}}],"collection":[{"href":"https:\/\/www.miisoo.com\/pl\/wp-json\/wp\/v2\/product"}],"about":[{"href":"https:\/\/www.miisoo.com\/pl\/wp-json\/wp\/v2\/types\/product"}],"replies":[{"embeddable":true,"href":"https:\/\/www.miisoo.com\/pl\/wp-json\/wp\/v2\/comments?post=21451"}],"version-history":[{"count":3,"href":"https:\/\/www.miisoo.com\/pl\/wp-json\/wp\/v2\/product\/21451\/revisions"}],"predecessor-version":[{"id":21616,"href":"https:\/\/www.miisoo.com\/pl\/wp-json\/wp\/v2\/product\/21451\/revisions\/21616"}],"wp:featuredmedia":[{"embeddable":true,"href":"https:\/\/www.miisoo.com\/pl\/wp-json\/wp\/v2\/media\/21507"}],"wp:attachment":[{"href":"https:\/\/www.miisoo.com\/pl\/wp-json\/wp\/v2\/media?parent=21451"}],"wp:term":[{"taxonomy":"product_cat","embeddable":true,"href":"https:\/\/www.miisoo.com\/pl\/wp-json\/wp\/v2\/product_cat?post=21451"},{"taxonomy":"product_tag","embeddable":true,"href":"https:\/\/www.miisoo.com\/pl\/wp-json\/wp\/v2\/product_tag?post=21451"}],"curies":[{"name":"wp","href":"https:\/\/api.w.org\/{rel}","templated":true}]}}