{"id":21342,"date":"2022-01-06T11:29:47","date_gmt":"2022-01-06T03:29:47","guid":{"rendered":"https:\/\/www.miisoo.com\/?post_type=product&#038;p=21342"},"modified":"2022-01-07T16:44:04","modified_gmt":"2022-01-07T08:44:04","slug":"man-fucking-real-gay-anal-sex-doll","status":"publish","type":"product","link":"https:\/\/www.miisoo.com\/pl\/product\/man-fucking-real-gay-anal-sex-doll\/","title":{"rendered":"Austin \u2013 170 cm m\u0119\u017cczyzna posuwaj\u0105cy prawdziw\u0105 gejowsk\u0105 lalk\u0119 z seksem analnym"},"content":{"rendered":"<p>Austin to azjatycka gejowska lalka seksu analnego, kt\u00f3ra nie wstydzi si\u0119 wyra\u017ca\u0107 swoich uczu\u0107. Prawdziwe lalki erotyczne dla kobiet zawsze staraj\u0105 si\u0119 zaimponowa\u0107. W konkurencyjnym \u015bwiecie atrakcyjnych m\u0119skich lalek trudno jest znale\u017a\u0107 dla siebie odpowiedni\u0105 lalk\u0119. Ta dmuchana lalka dla m\u0119\u017cczyzn zawsze ubiera cz\u0119\u015b\u0107 <a href=\"https:\/\/alqvimia.com\/en_es\/seductive-man.html\">uwodzicielski m\u0119\u017cczyzna<\/a>.<\/p>\n<p>Jego ulubione stylizacje to te, kt\u00f3re wielu uzna\u0142oby za przesadne. Poniewa\u017c uwielbia\u0142 pokazywa\u0107 swoj\u0105 klatk\u0119 piersiow\u0105, nosi przezroczyste kamizelki i czasami pozostaje bez koszuli. Stworzony dla zainteresowanego m\u0119\u017cczyzn\u0105 pieprz\u0105cego lalk\u0119 seksualn\u0105 dla m\u0119\u017cczyzn, nie chcia\u0142by niczego bardziej ni\u017c by\u0107 twoim kochankiem.<\/p>\n<p>Jego m\u0119ski kostium lalki sprawia, \u017ce wygl\u0105da bardziej seksownie <a href=\"https:\/\/www.miisoo.com\/pl\/produkt\/full-size-gay-lifelike-male-real-dolls\/\">ni\u017c kiedykolwiek i<\/a> On wie o tym. Lubiana przez wielu m\u0119\u017cczyzn, ta silikonowa lalka mi\u0142o\u015bci dla m\u0119\u017cczyzn uwielbia by\u0107 obiektem brudnych pragnie\u0144 ka\u017cdego m\u0119\u017cczyzny. Jego mi\u0142o\u015b\u0107 do seksu oralnego i analnego czyni go jednym z najlepszych w tym, co robi.<\/p>\n<p><span style=\"color: #000000; font-size: 16px; font-weight: 600;\">Gay Anal Sex Doll Pomiary<\/span><\/p>\n<table style=\"border-collapse: collapse; width: 304.52pt;\" border=\"0\" width=\"406\" cellspacing=\"0\" cellpadding=\"0\">\n<tbody>\n<tr style=\"height: 28.00pt;\">\n<td class=\"et2\" style=\"height: 28.00pt; width: 124.50pt;\" width=\"166\" height=\"37\">Marka:<\/td>\n<td class=\"et2\" style=\"width: 180.00pt;\" width=\"240\">Lalka QITA<\/td>\n<\/tr>\n<tr style=\"height: 28.00pt;\">\n<td class=\"et2\" style=\"height: 28.00pt;\" height=\"37\">Wzrost:<\/td>\n<td class=\"et2\">170 cm TPE lalka p\u0142ci m\u0119skiej<\/td>\n<\/tr>\n<tr style=\"height: 28.00pt;\">\n<td class=\"et2\" style=\"height: 28.00pt;\" height=\"37\">Biust:<\/td>\n<td class=\"et2\">86 cm<\/td>\n<\/tr>\n<tr style=\"height: 28.00pt;\">\n<td class=\"et2\" style=\"height: 28.00pt;\" height=\"37\">Talia:<\/td>\n<td class=\"et2\">71cm<\/td>\n<\/tr>\n<tr style=\"height: 28.00pt;\">\n<td class=\"et2\" style=\"height: 28.00pt;\" height=\"37\">Biodra:<\/td>\n<td class=\"et2\">89cm<\/td>\n<\/tr>\n<tr style=\"height: 28.00pt;\">\n<td class=\"et2\" style=\"height: 28.00pt;\" height=\"37\">D\u0142ugo\u015b\u0107 ramienia:<\/td>\n<td class=\"et2\">50cm<\/td>\n<\/tr>\n<tr style=\"height: 28.00pt;\">\n<td class=\"et2\" style=\"height: 28.00pt;\" height=\"37\">D\u0142ugo\u015b\u0107 stopy:<\/td>\n<td class=\"et2\">22cm<\/td>\n<\/tr>\n<tr style=\"height: 28.00pt;\">\n<td class=\"et2\" style=\"height: 28.00pt;\" height=\"37\">Szeroko\u015b\u0107 ramienia:<\/td>\n<td class=\"et2\">44cm<\/td>\n<\/tr>\n<tr style=\"height: 28.00pt;\">\n<td class=\"et2\" style=\"height: 28.00pt;\" height=\"37\">Waga:<\/td>\n<td class=\"et2\">53kg<\/td>\n<\/tr>\n<tr style=\"height: 28.00pt;\">\n<td class=\"et2\" style=\"height: 28.00pt;\" height=\"37\">D\u0142ugo\u015b\u0107 penisa:<\/td>\n<td class=\"et2\">15 cm<\/td>\n<\/tr>\n<tr style=\"height: 28.00pt;\">\n<td class=\"et2\" style=\"height: 28.00pt;\" height=\"37\">G\u0142\u0119boko\u015b\u0107 jamy ustnej:<\/td>\n<td class=\"et2\">Nie dotyczy<\/td>\n<\/tr>\n<tr style=\"height: 28.00pt;\">\n<td class=\"et2\" style=\"height: 28.00pt;\" height=\"37\">G\u0142\u0119boko\u015b\u0107 odbytu:<\/td>\n<td class=\"et2\">20 cm<\/td>\n<\/tr>\n<\/tbody>\n<\/table>","protected":false},"excerpt":{"rendered":"<div data-elementor-type=\"section\" data-elementor-id=\"10450\" class=\"elementor elementor-10450\" data-elementor-post-type=\"elementor_library\">\n<section class=\"elementor-section elementor-top-section elementor-element elementor-element-1ac4967 elementor-section-boxed elementor-section-height-default elementor-section-height-default\" data-id=\"1ac4967\" data-element_type=\"section\">\n<div class=\"elementor-container elementor-column-gap-default\">\n<div class=\"elementor-column elementor-col-100 elementor-top-column elementor-element elementor-element-bfbdbdf\" data-id=\"bfbdbdf\" data-element_type=\"column\">\n<div class=\"elementor-widget-wrap elementor-element-populated\">\n<div class=\"elementor-element elementor-element-e4dbd68 elementor-widget elementor-widget-text-editor\" data-id=\"e4dbd68\" data-element_type=\"widget\" data-widget_type=\"text-editor.default\">\n<div class=\"elementor-widget-container\">\n<ul>\n<li>Darmowa wysy\u0142ka na ca\u0142y \u015bwiat, dyskretna wysy\u0142ka.<\/li>\n<li>100% Identyczny jak na zdj\u0119ciach, chyba \u017ce dostosowany.<\/li>\n<li>Ceny zawieraj\u0105. VAT i op\u0142aty celne<\/li>\n<li>Bezp\u0142atna wysy\u0142ka, opcje szybkiej wysy\u0142ki na stronie kasy<\/li>\n<\/ul><\/div>\n<\/p><\/div>\n<\/p><\/div>\n<\/p><\/div>\n<\/p><\/div>\n<\/section><\/div>\n<div data-elementor-type=\"section\" data-elementor-id=\"10473\" class=\"elementor elementor-10473\" data-elementor-post-type=\"elementor_library\">\n<section class=\"elementor-section elementor-top-section elementor-element elementor-element-03d9b2a elementor-section-boxed elementor-section-height-default elementor-section-height-default\" data-id=\"03d9b2a\" data-element_type=\"section\">\n<div class=\"elementor-container elementor-column-gap-default\">\n<div class=\"elementor-column elementor-col-100 elementor-top-column elementor-element elementor-element-5081c52\" data-id=\"5081c52\" data-element_type=\"column\">\n<div class=\"elementor-widget-wrap elementor-element-populated\">\n<div class=\"elementor-element elementor-element-d2c17df elementor-widget elementor-widget-martfury-banner-small\" data-id=\"d2c17df\" data-element_type=\"widget\" data-widget_type=\"martfury-banner-small.default\">\n<div class=\"elementor-widget-container\">\n<div class=\"mf-elementor-banner-small\">\n<div class=\"banner-featured-image\"><\/div>\n<p>\t\t\t                <a class=\"link\" href=\"https:\/\/mso.aidoll-japan.com\"><\/a><\/p>\n<div class=\"banner-content\">\n<h2 class=\"banner-title\">1500 mini lalek mi\u0142o\u015bci<\/p>\n<p>sekslalkaxxx. kom<\/h2>\n<div class=\"banner-desc\">\n<p>60 cm, 80 cm, 100 cm,<\/p>\n<p>120 cm, 130 cm, 140 cm<\/p>\n<\/div>\n<div class=\"banner-price\"><span\n                                class=\"s-price\">sexdollxxx.com<\/span><\/div>\n<\/p><\/div>\n<\/p><\/div>\n<\/p><\/div>\n<\/p><\/div>\n<\/p><\/div>\n<\/p><\/div>\n<\/p><\/div>\n<\/section><\/div>","protected":false},"featured_media":21380,"comment_status":"open","ping_status":"closed","template":"","meta":[],"product_cat":[114,115,116,81],"product_tag":[],"class_list":{"0":"post-21342","1":"product","2":"type-product","3":"status-publish","4":"has-post-thumbnail","6":"product_cat-1500usd-2000usd-sex-doll","7":"product_cat-161cm-170cm-sex-dolls","8":"product_cat-male-sex-dolls","9":"product_cat-tpe-sex-dolls","10":"tm-no-options","12":"first","13":"instock","14":"sale","15":"shipping-taxable","16":"purchasable","17":"product-type-simple","18":"col-xs-6 col-sm-4","19":"col-md-3 col-lg-3","20":"un-4-cols"},"yoast_head":"<!-- This site is optimized with the Yoast SEO Premium plugin v22.6 (Yoast SEO v22.9) - https:\/\/yoast.com\/wordpress\/plugins\/seo\/ -->\n<title>Gay Anal Sex Doll - Man Fucking Male Sex Doll - MiisooDoll<\/title>\n<meta name=\"description\" content=\"Austin is an Asian gay anal sex doll that is not shy to express his feelings. The real sex dolls for women always strive to impress.\" \/>\n<meta name=\"robots\" content=\"index, follow, max-snippet:-1, max-image-preview:large, max-video-preview:-1\" \/>\n<link rel=\"canonical\" href=\"https:\/\/www.miisoo.com\/pl\/produkt\/man-fucking-real-gay-anal-sex-doll\/\" \/>\n<meta property=\"og:locale\" content=\"pl_PL\" \/>\n<meta property=\"og:type\" content=\"article\" \/>\n<meta property=\"og:title\" content=\"Austin - 170cm Man Fucking Real Gay Anal Sex Doll\" \/>\n<meta property=\"og:description\" content=\"Austin is an Asian gay anal sex doll that is not shy to express his feelings. The real sex dolls for women always strive to impress.\" \/>\n<meta property=\"og:url\" content=\"https:\/\/www.miisoo.com\/pl\/produkt\/man-fucking-real-gay-anal-sex-doll\/\" \/>\n<meta property=\"og:site_name\" content=\"MiisooDoll\" \/>\n<meta property=\"article:publisher\" content=\"https:\/\/www.facebook.com\/miisoodoll\" \/>\n<meta property=\"article:modified_time\" content=\"2022-01-07T08:44:04+00:00\" \/>\n<meta property=\"og:image\" content=\"https:\/\/www.miisoo.com\/wp-content\/uploads\/2022\/01\/gay-anal-sex-doll-2630.jpg\" \/>\n\t<meta property=\"og:image:width\" content=\"600\" \/>\n\t<meta property=\"og:image:height\" content=\"900\" \/>\n\t<meta property=\"og:image:type\" content=\"image\/jpeg\" \/>\n<meta name=\"twitter:card\" content=\"summary_large_image\" \/>\n<meta name=\"twitter:site\" content=\"@MiisooSexDolls\" \/>\n<meta name=\"twitter:label1\" content=\"Szacowany czas czytania\" \/>\n\t<meta name=\"twitter:data1\" content=\"1 minuta\" \/>\n<!-- \/ Yoast SEO Premium plugin. -->","yoast_head_json":{"title":"Gay Anal Sex Doll - Man Fucking Male Sex Doll - MiisooDoll","description":"Austin is an Asian gay anal sex doll that is not shy to express his feelings. The real sex dolls for women always strive to impress.","robots":{"index":"index","follow":"follow","max-snippet":"max-snippet:-1","max-image-preview":"max-image-preview:large","max-video-preview":"max-video-preview:-1"},"canonical":"https:\/\/www.miisoo.com\/pl\/produkt\/man-fucking-real-gay-anal-sex-doll\/","og_locale":"pl_PL","og_type":"article","og_title":"Austin - 170cm Man Fucking Real Gay Anal Sex Doll","og_description":"Austin is an Asian gay anal sex doll that is not shy to express his feelings. The real sex dolls for women always strive to impress.","og_url":"https:\/\/www.miisoo.com\/pl\/produkt\/man-fucking-real-gay-anal-sex-doll\/","og_site_name":"MiisooDoll","article_publisher":"https:\/\/www.facebook.com\/miisoodoll","article_modified_time":"2022-01-07T08:44:04+00:00","og_image":[{"width":600,"height":900,"url":"https:\/\/www.miisoo.com\/wp-content\/uploads\/2022\/01\/gay-anal-sex-doll-2630.jpg","type":"image\/jpeg"}],"twitter_card":"summary_large_image","twitter_site":"@MiisooSexDolls","twitter_misc":{"Szacowany czas czytania":"1 minuta"},"schema":{"@context":"https:\/\/schema.org","@graph":[{"@type":"WebPage","@id":"https:\/\/www.miisoo.com\/de\/produkt\/man-fucking-real-gay-anal-sex-doll\/","url":"https:\/\/www.miisoo.com\/de\/produkt\/man-fucking-real-gay-anal-sex-doll\/","name":"Gay Anal Sex Doll - Man Fucking Male Sex Doll - MiisooDoll","isPartOf":{"@id":"https:\/\/www.miisoo.com\/#website"},"primaryImageOfPage":{"@id":"https:\/\/www.miisoo.com\/de\/produkt\/man-fucking-real-gay-anal-sex-doll\/#primaryimage"},"image":{"@id":"https:\/\/www.miisoo.com\/de\/produkt\/man-fucking-real-gay-anal-sex-doll\/#primaryimage"},"thumbnailUrl":"https:\/\/www.miisoo.com\/wp-content\/uploads\/2022\/01\/gay-anal-sex-doll-2630.jpg","datePublished":"2022-01-06T03:29:47+00:00","dateModified":"2022-01-07T08:44:04+00:00","description":"Austin is an Asian gay anal sex doll that is not shy to express his feelings. The real sex dolls for women always strive to impress.","breadcrumb":{"@id":"https:\/\/www.miisoo.com\/de\/produkt\/man-fucking-real-gay-anal-sex-doll\/#breadcrumb"},"inLanguage":"pl-PL","potentialAction":[{"@type":"ReadAction","target":["https:\/\/www.miisoo.com\/de\/produkt\/man-fucking-real-gay-anal-sex-doll\/"]}]},{"@type":"ImageObject","inLanguage":"pl-PL","@id":"https:\/\/www.miisoo.com\/de\/produkt\/man-fucking-real-gay-anal-sex-doll\/#primaryimage","url":"https:\/\/www.miisoo.com\/wp-content\/uploads\/2022\/01\/gay-anal-sex-doll-2630.jpg","contentUrl":"https:\/\/www.miisoo.com\/wp-content\/uploads\/2022\/01\/gay-anal-sex-doll-2630.jpg","width":600,"height":900,"caption":"Austin \u2013 170cm Man Fucking Real Gay Anal Sex Doll"},{"@type":"BreadcrumbList","@id":"https:\/\/www.miisoo.com\/de\/produkt\/man-fucking-real-gay-anal-sex-doll\/#breadcrumb","itemListElement":[{"@type":"ListItem","position":1,"name":"Home","item":"https:\/\/www.miisoo.com\/"},{"@type":"ListItem","position":2,"name":"Sex Doll Shop","item":"https:\/\/www.miisoo.com\/shop\/"},{"@type":"ListItem","position":3,"name":"Austin &#8211; 170cm Man Fucking Real Gay Anal Sex Doll"}]},{"@type":"WebSite","@id":"https:\/\/www.miisoo.com\/#website","url":"https:\/\/www.miisoo.com\/","name":"MiisooDoll","description":"Sexual Doll, Real Sex Dolls, Love Doll, Best Sex Dolls","publisher":{"@id":"https:\/\/www.miisoo.com\/#organization"},"potentialAction":[{"@type":"SearchAction","target":{"@type":"EntryPoint","urlTemplate":"https:\/\/www.miisoo.com\/?s={search_term_string}"},"query-input":"required name=search_term_string"}],"inLanguage":"pl-PL"},{"@type":"Organization","@id":"https:\/\/www.miisoo.com\/#organization","name":"MiisooDoll","url":"https:\/\/www.miisoo.com\/","logo":{"@type":"ImageObject","inLanguage":"pl-PL","@id":"https:\/\/www.miisoo.com\/#\/schema\/logo\/image\/","url":"https:\/\/www.miisoo.com\/wp-content\/uploads\/2020\/09\/logo-botton.png","contentUrl":"https:\/\/www.miisoo.com\/wp-content\/uploads\/2020\/09\/logo-botton.png","width":181,"height":42,"caption":"MiisooDoll"},"image":{"@id":"https:\/\/www.miisoo.com\/#\/schema\/logo\/image\/"},"sameAs":["https:\/\/www.facebook.com\/miisoodoll","https:\/\/x.com\/MiisooSexDolls"]}]}},"_links":{"self":[{"href":"https:\/\/www.miisoo.com\/pl\/wp-json\/wp\/v2\/product\/21342","targetHints":{"allow":["GET"]}}],"collection":[{"href":"https:\/\/www.miisoo.com\/pl\/wp-json\/wp\/v2\/product"}],"about":[{"href":"https:\/\/www.miisoo.com\/pl\/wp-json\/wp\/v2\/types\/product"}],"replies":[{"embeddable":true,"href":"https:\/\/www.miisoo.com\/pl\/wp-json\/wp\/v2\/comments?post=21342"}],"version-history":[{"count":3,"href":"https:\/\/www.miisoo.com\/pl\/wp-json\/wp\/v2\/product\/21342\/revisions"}],"predecessor-version":[{"id":21614,"href":"https:\/\/www.miisoo.com\/pl\/wp-json\/wp\/v2\/product\/21342\/revisions\/21614"}],"wp:featuredmedia":[{"embeddable":true,"href":"https:\/\/www.miisoo.com\/pl\/wp-json\/wp\/v2\/media\/21380"}],"wp:attachment":[{"href":"https:\/\/www.miisoo.com\/pl\/wp-json\/wp\/v2\/media?parent=21342"}],"wp:term":[{"taxonomy":"product_cat","embeddable":true,"href":"https:\/\/www.miisoo.com\/pl\/wp-json\/wp\/v2\/product_cat?post=21342"},{"taxonomy":"product_tag","embeddable":true,"href":"https:\/\/www.miisoo.com\/pl\/wp-json\/wp\/v2\/product_tag?post=21342"}],"curies":[{"name":"wp","href":"https:\/\/api.w.org\/{rel}","templated":true}]}}