{"id":21906,"date":"2022-01-25T17:17:49","date_gmt":"2022-01-25T09:17:49","guid":{"rendered":"https:\/\/www.miisoo.com\/?page_id=21906"},"modified":"2024-08-17T12:51:08","modified_gmt":"2024-08-17T04:51:08","slug":"more-sex-sites","status":"publish","type":"page","link":"https:\/\/www.miisoo.com\/pl\/more-sex-sites\/","title":{"rendered":"Wi\u0119cej witryn erotycznych"},"content":{"rendered":"<div data-elementor-type=\"page\" data-elementor-id=\"21903\" class=\"elementor elementor-21903\" data-elementor-post-type=\"elementor_library\">\n\t\t\t\t\t\t<section class=\"elementor-section elementor-top-section elementor-element elementor-element-50a3008b elementor-section-boxed elementor-section-height-default elementor-section-height-default\" data-id=\"50a3008b\" data-element_type=\"section\">\n\t\t\t\t\t\t<div class=\"elementor-container elementor-column-gap-default\">\n\t\t\t\t\t<div class=\"elementor-column elementor-col-100 elementor-top-column elementor-element elementor-element-68e2b07\" data-id=\"68e2b07\" data-element_type=\"column\">\n\t\t\t<div class=\"elementor-widget-wrap elementor-element-populated\">\n\t\t\t\t\t\t<div class=\"elementor-element elementor-element-1efbc1b2 elementor-widget elementor-widget-text-editor\" data-id=\"1efbc1b2\" data-element_type=\"widget\" data-widget_type=\"text-editor.default\">\n\t\t\t\t<div class=\"elementor-widget-container\">\n\t\t\t\t\t\t\t\t\t<p>Je\u015bli nasze lalki nie s\u0105 dla Ciebie odpowiednie, mo\u017cesz znale\u017a\u0107 wi\u0119cej lalek na niekt\u00f3rych stronach z lalkami erotycznymi. B\u0119d\u0105 liczy\u0107 najpopularniejsze sklepy z zabawkami erotycznymi w Internecie i tworzy\u0107 rankingi na podstawie opinii u\u017cytkownik\u00f3w i czynnik\u00f3w cenowych. Nie musisz wydawa\u0107 wi\u0119cej energii, aby znale\u017a\u0107 te strony, udost\u0119pniamy nast\u0119puj\u0105ce strony z lalkami erotycznymi.<\/p>\t\t\t\t\t\t\t\t<\/div>\n\t\t\t\t<\/div>\n\t\t\t\t<div class=\"elementor-element elementor-element-40b4b24f elementor-widget elementor-widget-text-editor\" data-id=\"40b4b24f\" data-element_type=\"widget\" data-widget_type=\"text-editor.default\">\n\t\t\t\t<div class=\"elementor-widget-container\">\n\t\t\t\t\t\t\t\t\t<ul><li><span style=\"color: red;\"><a href=\"https:\/\/sexdollxxx.com\/\">Mini lalka seksu<\/a>:<\/span> Lalka erotyczna doskonale wykonana z materia\u0142u TPE i silikonu. Jeste\u015bmy najbardziej zaufan\u0105 firm\u0105 produkuj\u0105c\u0105 lalki erotyczne, poniewa\u017c zapewniamy naszym klientom wysokiej jako\u015bci mi\u0119kkie i bezpieczne lalki mi\u0142osne oraz super lalki erotyczne TPE. Gwarantowana dostawa i darmowa wysy\u0142ka!<\/li><li><a href=\"https:\/\/pornsites.xxx\/\" target=\"_blank\" rel=\"noopener\"><span style=\"color: red;\">Recenzje stron porno:<\/span><\/a> Witryny porno to po prostu lista najlepszych witryn pornograficznych i witryn z zabawkami erotycznymi. Znajd\u017a recenzje XXX i uczciwe rankingi najpopularniejszych sexcams, tubek, VR i mn\u00f3stwa darmowych stron!<\/li><li><a href=\"https:\/\/utengrense.com\/\" target=\"_blank\" rel=\"noopener\"><span style=\"color: red;\">Utengrense.com:<\/span><\/a> Mamy nasz sklep erotyczny online w Norwegii i jeste\u015bmy zainteresowani sprzedawaniem naszym klientom tylko wysokiej jako\u015bci produkt\u00f3w w dobrej cenie, takich jak zabawki erotyczne i seksowna bielizna.<\/li><li><a href=\"https:\/\/www.pincelebs.net\/\" target=\"_blank\" rel=\"noopener\"><span style=\"color: red;\">Przypnij gwiazdy:<\/span><\/a> Nagie, nagie, topless, seksowne i przejrzane zdj\u0119cia celebrytek, piosenkarek, modelek i osobowo\u015bci telewizyjnych<\/li><li><a href=\"https:\/\/www.youpornlist.com\/\" target=\"_blank\" rel=\"noopener\"><span style=\"color: red;\">Youpornlist.com: <\/span><\/a>YouPornList to wyb\u00f3r najlepszych stron pornograficznych wed\u0142ug kategorii. Ka\u017cda strona zosta\u0142a wybrana po d\u0142ugiej i rygorystycznej analizie naszych ekspert\u00f3w od prac r\u0119cznych.<\/li><li><a href=\"https:\/\/www.porninspector.com\/\" target=\"_blank\" rel=\"noopener\"><span style=\"color: red;\">Porninspector.com:<\/span><\/a> Porn Inspector ma wiele recenzji pornograficznych niekt\u00f3rych z najbardziej obiecuj\u0105cych witryn dla doros\u0142ych. Zawsze wydajemy nasz\u0105 najbardziej uczciw\u0105 i bezstronn\u0105 opini\u0119. Ka\u017cdy wpis b\u0119dzie zawiera\u0142 liczne zdj\u0119cia i pr\u00f3bki wideo pobrane bezpo\u015brednio z obszaru cz\u0142onka tej witryny, co daje mo\u017cliwo\u015b\u0107 zobaczenia dok\u0142adnie tego, co jest oferowane, zanim zdecydujesz si\u0119 na zakup!<\/li><li><a href=\"http:\/\/hentai-gamer.com\/\" target=\"_blank\" rel=\"noopener\"><span style=\"color: red;\">Gracz Hentai:<\/span><\/a> Hentai-Gamer.com to najlepsza strona z darmowymi grami Hentai 100%. Wi\u0119c \u015bmia\u0142o graj w gry flashowe hentai ju\u017c teraz!<\/li><li><a href=\"https:\/\/sexdollpornhd.com\/\" target=\"_blank\" rel=\"noopener\"><span style=\"color: red;\">Seks lalka porno w jako\u015bci HD: <\/span><\/a>Sprawd\u017a filmy porno z seks lalek na SexDollPornHD.com, aby\u015b m\u00f3g\u0142 zobaczy\u0107 swoj\u0105 lalk\u0119 mi\u0142osn\u0105 w akcji, zanim j\u0105 kupisz!<\/li><li><a href=\"https:\/\/www.thesafeporn.com\/\" target=\"_blank\" rel=\"noopener\"><span style=\"color: red;\">Bezpieczne porno: <\/span><\/a>na thesafeporn.com znajdziesz tysi\u0105ce stron pornograficznych, wybranych ze wzgl\u0119du na ich jako\u015b\u0107 i bezpiecze\u0144stwo, dla ka\u017cdej strony recenzj\u0119, kt\u00f3ra pomo\u017ce ci w wyborze.<\/li><li><a href=\"https:\/\/allpornsites.net\/\" target=\"_blank\" rel=\"noopener\"><span style=\"color: red;\">Allpornsites.net:<\/span><\/a> We wszystkich witrynach pornograficznych znajdziesz najwi\u0119kszy wyb\u00f3r witryn pornograficznych we wszech\u015bwiecie, kt\u00f3re s\u0105 regularnie aktualizowane prawie ka\u017cdego dnia dzi\u0119ki nowym witrynom pornograficznym z dowolnej niszy.<\/li><li><a href=\"https:\/\/www.sexdollslove.com\/\" target=\"_blank\" rel=\"noopener\"><span style=\"color: red;\">SexDollsLove.com: <\/span><\/a>Listy najlepszych lalek erotycznych i tors\u00f3w mi\u0142osnych. Znajd\u017a przewodniki i uczciwe rankingi najpopularniejszych lalek mi\u0142osnych ju\u017c dzi\u015b!<\/li><li><a href=\"https:\/\/hotpornbible.com\/\" target=\"_blank\" rel=\"noopener\"><span style=\"color: red;\">Lista gor\u0105cych stron porno:<\/span><\/a>Hot Porn Biblia ma najgor\u0119tsze strony porno na \u015bwiecie! Mamy najwy\u017cej oceniane bezp\u0142atne i premium strony xxx dla doros\u0142ych w ka\u017cdej kategorii.<\/li><li><a href=\"https:\/\/www.mrpinks.com\/\" target=\"_blank\" rel=\"noopener\"><span style=\"color: red;\">Recenzje porno:<\/span><\/a> Mr. Pink&#039;s Porn Reviews to zaufana witryna z recenzjami porno, zawieraj\u0105ca uczciwe recenzje witryn dla doros\u0142ych, zni\u017cki na porno i najlepsze strony porno.<\/li><li><a href=\"https:\/\/richobo.com\/\" target=\"_blank\" rel=\"noopener\"><span style=\"color: red;\">Og\u0142oszenia drobne i przewodnik towarzyski | Richobo: <\/span><\/a>Lista aktualno\u015bci rozrywkowych mi\u0119dzynarodowych og\u0142osze\u0144 dla doros\u0142ych Richobo \/ eskorty \/ wydarzenia \/ striptizerki \/ us\u0142ugi dla doros\u0142ych \/ xguide \/ modele \/ masa\u017ce \/ luksusowe samochody<\/li><li><a href=\"https:\/\/uncams.com\/\" target=\"_blank\" rel=\"noopener\"><span style=\"color: red;\">Kamery ONZ:<\/span><\/a> Ogl\u0105daj kamerki na \u017cywo teraz! Rejestracja nie jest wymagana \u2013 100% Darmowy nieocenzurowany czat dla doros\u0142ych. Zacznij rozmawia\u0107 z amatorami, ekshibicjonistami, gwiazdami porno z HD Video &amp; Audio.<\/li><li><a href=\"https:\/\/jerkdude.com\"><span style=\"color: #ff0000;\">Escortfish <\/span><\/a>- Odwied\u017a jerkdude i znajd\u017a najlepsze strony porno w rankingu.<\/li><\/ul>\t\t\t\t\t\t\t\t<\/div>\n\t\t\t\t<\/div>\n\t\t\t\t\t<\/div>\n\t\t<\/div>\n\t\t\t\t\t<\/div>\n\t\t<\/section>\n\t\t\t\t<section class=\"elementor-section elementor-top-section elementor-element elementor-element-9bead22 elementor-section-boxed elementor-section-height-default elementor-section-height-default\" data-id=\"9bead22\" data-element_type=\"section\">\n\t\t\t\t\t\t<div class=\"elementor-container elementor-column-gap-default\">\n\t\t\t\t\t<div class=\"elementor-column elementor-col-100 elementor-top-column elementor-element elementor-element-335e664e\" data-id=\"335e664e\" data-element_type=\"column\">\n\t\t\t<div class=\"elementor-widget-wrap elementor-element-populated\">\n\t\t\t\t\t\t<div class=\"elementor-element elementor-element-156cce51 elementor-widget elementor-widget-spacer\" data-id=\"156cce51\" data-element_type=\"widget\" data-widget_type=\"spacer.default\">\n\t\t\t\t<div class=\"elementor-widget-container\">\n\t\t\t\t\t\t\t<div class=\"elementor-spacer\">\n\t\t\t<div class=\"elementor-spacer-inner\"><\/div>\n\t\t<\/div>\n\t\t\t\t\t\t<\/div>\n\t\t\t\t<\/div>\n\t\t\t\t\t<\/div>\n\t\t<\/div>\n\t\t\t\t\t<\/div>\n\t\t<\/section>\n\t\t\t\t<\/div>","protected":false},"excerpt":{"rendered":"","protected":false},"author":455,"featured_media":0,"parent":0,"menu_order":0,"comment_status":"closed","ping_status":"closed","template":"","meta":{"footnotes":""},"class_list":["post-21906","page","type-page","status-publish","hentry"],"yoast_head":"<!-- This site is optimized with the Yoast SEO Premium plugin v22.6 (Yoast SEO v22.9) - https:\/\/yoast.com\/wordpress\/plugins\/seo\/ -->\n<title>Explore More Product | Miisoo Sex Sites | Miisoodoll<\/title>\n<meta name=\"description\" content=\"Dive into an expansive selection at Miisoo Sex Sites. Explore diverse products for a heightened intimate experience. Your satisfaction, our priority at MiisooDoll.\" \/>\n<meta name=\"robots\" content=\"index, follow, max-snippet:-1, max-image-preview:large, max-video-preview:-1\" \/>\n<link rel=\"canonical\" href=\"https:\/\/www.miisoo.com\/pl\/more-sex-sites\/\" \/>\n<meta property=\"og:locale\" content=\"pl_PL\" \/>\n<meta property=\"og:type\" content=\"article\" \/>\n<meta property=\"og:title\" content=\"More Sex Sites\" \/>\n<meta property=\"og:description\" content=\"Dive into an expansive selection at Miisoo Sex Sites. Explore diverse products for a heightened intimate experience. Your satisfaction, our priority at MiisooDoll.\" \/>\n<meta property=\"og:url\" content=\"https:\/\/www.miisoo.com\/pl\/more-sex-sites\/\" \/>\n<meta property=\"og:site_name\" content=\"MiisooDoll\" \/>\n<meta property=\"article:publisher\" content=\"https:\/\/www.facebook.com\/miisoodoll\" \/>\n<meta property=\"article:modified_time\" content=\"2024-08-17T04:51:08+00:00\" \/>\n<meta name=\"twitter:card\" content=\"summary_large_image\" \/>\n<meta name=\"twitter:site\" content=\"@MiisooSexDolls\" \/>\n<meta name=\"twitter:label1\" content=\"Szacowany czas czytania\" \/>\n\t<meta name=\"twitter:data1\" content=\"1 minuta\" \/>\n<!-- \/ Yoast SEO Premium plugin. -->","yoast_head_json":{"title":"Explore More Product | Miisoo Sex Sites | Miisoodoll","description":"Dive into an expansive selection at Miisoo Sex Sites. Explore diverse products for a heightened intimate experience. Your satisfaction, our priority at MiisooDoll.","robots":{"index":"index","follow":"follow","max-snippet":"max-snippet:-1","max-image-preview":"max-image-preview:large","max-video-preview":"max-video-preview:-1"},"canonical":"https:\/\/www.miisoo.com\/pl\/more-sex-sites\/","og_locale":"pl_PL","og_type":"article","og_title":"More Sex Sites","og_description":"Dive into an expansive selection at Miisoo Sex Sites. Explore diverse products for a heightened intimate experience. Your satisfaction, our priority at MiisooDoll.","og_url":"https:\/\/www.miisoo.com\/pl\/more-sex-sites\/","og_site_name":"MiisooDoll","article_publisher":"https:\/\/www.facebook.com\/miisoodoll","article_modified_time":"2024-08-17T04:51:08+00:00","twitter_card":"summary_large_image","twitter_site":"@MiisooSexDolls","twitter_misc":{"Szacowany czas czytania":"1 minuta"},"schema":{"@context":"https:\/\/schema.org","@graph":[{"@type":"WebPage","@id":"https:\/\/www.miisoo.com\/more-sex-sites\/","url":"https:\/\/www.miisoo.com\/more-sex-sites\/","name":"Explore More Product | Miisoo Sex Sites | Miisoodoll","isPartOf":{"@id":"https:\/\/www.miisoo.com\/#website"},"datePublished":"2022-01-25T09:17:49+00:00","dateModified":"2024-08-17T04:51:08+00:00","description":"Dive into an expansive selection at Miisoo Sex Sites. Explore diverse products for a heightened intimate experience. Your satisfaction, our priority at MiisooDoll.","breadcrumb":{"@id":"https:\/\/www.miisoo.com\/more-sex-sites\/#breadcrumb"},"inLanguage":"pl-PL","potentialAction":[{"@type":"ReadAction","target":["https:\/\/www.miisoo.com\/more-sex-sites\/"]}]},{"@type":"BreadcrumbList","@id":"https:\/\/www.miisoo.com\/more-sex-sites\/#breadcrumb","itemListElement":[{"@type":"ListItem","position":1,"name":"Home","item":"https:\/\/www.miisoo.com\/"},{"@type":"ListItem","position":2,"name":"More Sex Sites"}]},{"@type":"WebSite","@id":"https:\/\/www.miisoo.com\/#website","url":"https:\/\/www.miisoo.com\/","name":"MiisooDoll","description":"Sexual Doll, Real Sex Dolls, Love Doll, Best Sex Dolls","publisher":{"@id":"https:\/\/www.miisoo.com\/#organization"},"potentialAction":[{"@type":"SearchAction","target":{"@type":"EntryPoint","urlTemplate":"https:\/\/www.miisoo.com\/?s={search_term_string}"},"query-input":"required name=search_term_string"}],"inLanguage":"pl-PL"},{"@type":"Organization","@id":"https:\/\/www.miisoo.com\/#organization","name":"MiisooDoll","url":"https:\/\/www.miisoo.com\/","logo":{"@type":"ImageObject","inLanguage":"pl-PL","@id":"https:\/\/www.miisoo.com\/#\/schema\/logo\/image\/","url":"https:\/\/www.miisoo.com\/wp-content\/uploads\/2020\/09\/logo-botton.png","contentUrl":"https:\/\/www.miisoo.com\/wp-content\/uploads\/2020\/09\/logo-botton.png","width":181,"height":42,"caption":"MiisooDoll"},"image":{"@id":"https:\/\/www.miisoo.com\/#\/schema\/logo\/image\/"},"sameAs":["https:\/\/www.facebook.com\/miisoodoll","https:\/\/x.com\/MiisooSexDolls"]}]}},"_links":{"self":[{"href":"https:\/\/www.miisoo.com\/pl\/wp-json\/wp\/v2\/pages\/21906","targetHints":{"allow":["GET"]}}],"collection":[{"href":"https:\/\/www.miisoo.com\/pl\/wp-json\/wp\/v2\/pages"}],"about":[{"href":"https:\/\/www.miisoo.com\/pl\/wp-json\/wp\/v2\/types\/page"}],"author":[{"embeddable":true,"href":"https:\/\/www.miisoo.com\/pl\/wp-json\/wp\/v2\/users\/455"}],"replies":[{"embeddable":true,"href":"https:\/\/www.miisoo.com\/pl\/wp-json\/wp\/v2\/comments?post=21906"}],"version-history":[{"count":1,"href":"https:\/\/www.miisoo.com\/pl\/wp-json\/wp\/v2\/pages\/21906\/revisions"}],"predecessor-version":[{"id":21908,"href":"https:\/\/www.miisoo.com\/pl\/wp-json\/wp\/v2\/pages\/21906\/revisions\/21908"}],"wp:attachment":[{"href":"https:\/\/www.miisoo.com\/pl\/wp-json\/wp\/v2\/media?parent=21906"}],"curies":[{"name":"wp","href":"https:\/\/api.w.org\/{rel}","templated":true}]}}