{"id":21340,"date":"2022-01-06T11:29:34","date_gmt":"2022-01-06T03:29:34","guid":{"rendered":"https:\/\/www.miisoo.com\/?post_type=product&#038;p=21340"},"modified":"2022-01-07T16:51:10","modified_gmt":"2022-01-07T08:51:10","slug":"japanese-men-real-doll-for-women","status":"publish","type":"product","link":"https:\/\/www.miisoo.com\/nb\/product\/japanese-men-real-doll-for-women\/","title":{"rendered":"Roger \u2013 165 cm japanske menn ekte dukke for kvinner"},"content":{"rendered":"<p>Denne ekte dukken for kvinner er en <a href=\"https:\/\/kidshealth.org\/en\/parents\/school-help-teens.html\">ungdomsskole p\u00e5 videreg\u00e5ende<\/a> som er for erfaren for sin alder. Hans f\u00f8rste gang med en kvinne var da han var barnevakt for naboen. De kom hjem fulle da barna hennes sov og utnyttet den unge mannen. Menns sexdukker er vant til \u00e5 v\u00e6re gjenstander for begj\u00e6r. Faktisk inviterer de det.<\/p>\n<p>Helt siden dette m\u00f8tet nyter denne ekte dukken for kvinner \u00e5 bli viklet inn i et seksuelt forhold med begge sjefene sine. Han har v\u00e6rt involvert i en mannlig dukkesituasjon som han elsket.<\/p>\n<p>Akkurat som bjd mannlige dukker elsker han \u00e5 ta <a href=\"https:\/\/www.miisoo.com\/nb\/produkt\/man-fucking-real-gay-anal-sex-doll\/\">tiden hans med<\/a> oralsex. Japanske herredukker er kjent for \u00e5 v\u00e6re sterke og gode i sengen. Mellom hans homofile kj\u00e6rlighetsdukker og andre partnere har denne sexdukken for menn den beste tiden som et seksuelt objekt for alle \u00e5 bruke.<\/p>\n<p><span style=\"color: #000000; font-size: 16px; font-weight: 600;\">M\u00e5linger<\/span><\/p>\n<table style=\"border-collapse: collapse; width: 304.52pt;\" border=\"0\" width=\"406\" cellspacing=\"0\" cellpadding=\"0\">\n<tbody>\n<tr style=\"height: 28.00pt;\">\n<td class=\"et2\" style=\"height: 28.00pt; width: 124.50pt;\" width=\"166\" height=\"37\">Merke:<\/td>\n<td class=\"et2\" style=\"width: 180.00pt;\" width=\"240\">QITA dukke<\/td>\n<\/tr>\n<tr style=\"height: 28.00pt;\">\n<td class=\"et2\" style=\"height: 28.00pt;\" height=\"37\">H\u00f8yde:<\/td>\n<td class=\"et2\">165 cm TPE mannlig kj\u00f8nnsdukke<\/td>\n<\/tr>\n<tr style=\"height: 28.00pt;\">\n<td class=\"et2\" style=\"height: 28.00pt;\" height=\"37\">Bryst:<\/td>\n<td class=\"et2\">78 cm<\/td>\n<\/tr>\n<tr style=\"height: 28.00pt;\">\n<td class=\"et2\" style=\"height: 28.00pt;\" height=\"37\">Midje:<\/td>\n<td class=\"et2\">62 cm<\/td>\n<\/tr>\n<tr style=\"height: 28.00pt;\">\n<td class=\"et2\" style=\"height: 28.00pt;\" height=\"37\">Hofter:<\/td>\n<td class=\"et2\">90 cm<\/td>\n<\/tr>\n<tr style=\"height: 28.00pt;\">\n<td class=\"et2\" style=\"height: 28.00pt;\" height=\"37\">Armlengde:<\/td>\n<td class=\"et2\">45 cm<\/td>\n<\/tr>\n<tr style=\"height: 28.00pt;\">\n<td class=\"et2\" style=\"height: 28.00pt;\" height=\"37\">Fotlengde:<\/td>\n<td class=\"et2\">23 cm<\/td>\n<\/tr>\n<tr style=\"height: 28.00pt;\">\n<td class=\"et2\" style=\"height: 28.00pt;\" height=\"37\">Skulderbredde:<\/td>\n<td class=\"et2\">37 cm<\/td>\n<\/tr>\n<tr style=\"height: 28.00pt;\">\n<td class=\"et2\" style=\"height: 28.00pt;\" height=\"37\">Vekt:<\/td>\n<td class=\"et2\">40 kg<\/td>\n<\/tr>\n<tr style=\"height: 28.00pt;\">\n<td class=\"et2\" style=\"height: 28.00pt;\" height=\"37\">Penislengde:<\/td>\n<td class=\"et2\">15 cm<\/td>\n<\/tr>\n<tr style=\"height: 28.00pt;\">\n<td class=\"et2\" style=\"height: 28.00pt;\" height=\"37\">Muntlig dybde:<\/td>\n<td class=\"et2\">N\/A<\/td>\n<\/tr>\n<tr style=\"height: 28.00pt;\">\n<td class=\"et2\" style=\"height: 28.00pt;\" height=\"37\">Anal dybde:<\/td>\n<td class=\"et2\">20 cm<\/td>\n<\/tr>\n<\/tbody>\n<\/table>\n<p>&nbsp;<\/p>","protected":false},"excerpt":{"rendered":"<div data-elementor-type=\"section\" data-elementor-id=\"10450\" class=\"elementor elementor-10450\" data-elementor-post-type=\"elementor_library\">\n<section class=\"elementor-section elementor-top-section elementor-element elementor-element-1ac4967 elementor-section-boxed elementor-section-height-default elementor-section-height-default\" data-id=\"1ac4967\" data-element_type=\"section\">\n<div class=\"elementor-container elementor-column-gap-default\">\n<div class=\"elementor-column elementor-col-100 elementor-top-column elementor-element elementor-element-bfbdbdf\" data-id=\"bfbdbdf\" data-element_type=\"column\">\n<div class=\"elementor-widget-wrap elementor-element-populated\">\n<div class=\"elementor-element elementor-element-e4dbd68 elementor-widget elementor-widget-text-editor\" data-id=\"e4dbd68\" data-element_type=\"widget\" data-widget_type=\"text-editor.default\">\n<div class=\"elementor-widget-container\">\n<ul>\n<li>Gratis frakt over hele verden, diskret frakt.<\/li>\n<li>100% Identisk som bilder med mindre de er tilpasset.<\/li>\n<li>Prisene inkluderer. moms og tollgebyrer<\/li>\n<li>Gratis frakt, alternativer for rask levering ved kassen<\/li>\n<\/ul><\/div>\n<\/p><\/div>\n<\/p><\/div>\n<\/p><\/div>\n<\/p><\/div>\n<\/section><\/div>\n<div data-elementor-type=\"section\" data-elementor-id=\"10473\" class=\"elementor elementor-10473\" data-elementor-post-type=\"elementor_library\">\n<section class=\"elementor-section elementor-top-section elementor-element elementor-element-03d9b2a elementor-section-boxed elementor-section-height-default elementor-section-height-default\" data-id=\"03d9b2a\" data-element_type=\"section\">\n<div class=\"elementor-container elementor-column-gap-default\">\n<div class=\"elementor-column elementor-col-100 elementor-top-column elementor-element elementor-element-5081c52\" data-id=\"5081c52\" data-element_type=\"column\">\n<div class=\"elementor-widget-wrap elementor-element-populated\">\n<div class=\"elementor-element elementor-element-d2c17df elementor-widget elementor-widget-martfury-banner-small\" data-id=\"d2c17df\" data-element_type=\"widget\" data-widget_type=\"martfury-banner-small.default\">\n<div class=\"elementor-widget-container\">\n<div class=\"mf-elementor-banner-small\">\n<div class=\"banner-featured-image\"><\/div>\n<p>\t\t\t                <a class=\"link\" href=\"https:\/\/mso.aidoll-japan.com\"><\/a><\/p>\n<div class=\"banner-content\">\n<h2 class=\"banner-title\">1500 mini kj\u00e6rlighetsdukker<\/p>\n<p>sexdollxxx. com<\/h2>\n<div class=\"banner-desc\">\n<p>60 cm, 80 cm, 100 cm,<\/p>\n<p>120 cm, 130 cm, 140 cm<\/p>\n<\/div>\n<div class=\"banner-price\"><span\n                                class=\"s-price\">sexdollxxx .com<\/span><\/div>\n<\/p><\/div>\n<\/p><\/div>\n<\/p><\/div>\n<\/p><\/div>\n<\/p><\/div>\n<\/p><\/div>\n<\/p><\/div>\n<\/section><\/div>","protected":false},"featured_media":21361,"comment_status":"open","ping_status":"closed","template":"","meta":[],"product_cat":[123,115,116,81],"product_tag":[],"class_list":{"0":"post-21340","1":"product","2":"type-product","3":"status-publish","4":"has-post-thumbnail","6":"product_cat-1000usd-1500usd-sex-dolls","7":"product_cat-161cm-170cm-sex-dolls","8":"product_cat-male-sex-dolls","9":"product_cat-tpe-sex-dolls","10":"tm-no-options","12":"first","13":"instock","14":"sale","15":"shipping-taxable","16":"purchasable","17":"product-type-simple","18":"col-xs-6 col-sm-4","19":"col-md-3 col-lg-3","20":"un-4-cols"},"yoast_head":"<!-- This site is optimized with the Yoast SEO Premium plugin v22.6 (Yoast SEO v22.9) - https:\/\/yoast.com\/wordpress\/plugins\/seo\/ -->\n<title>Real Doll For Women - Japanese Men Sex Dolls - Gay Love Doll<\/title>\n<meta name=\"description\" content=\"This real doll\u00a0for women is a high school teen who is too experienced. Japanese Men sex dolls are used to being objects of desire\" \/>\n<meta name=\"robots\" content=\"index, follow, max-snippet:-1, max-image-preview:large, max-video-preview:-1\" \/>\n<link rel=\"canonical\" href=\"https:\/\/www.miisoo.com\/nb\/produkt\/japanese-men-real-doll-for-women\/\" \/>\n<meta property=\"og:locale\" content=\"nb_NO\" \/>\n<meta property=\"og:type\" content=\"article\" \/>\n<meta property=\"og:title\" content=\"Roger - 165cm Japanese Men Real Doll For Women\" \/>\n<meta property=\"og:description\" content=\"This real doll\u00a0for women is a high school teen who is too experienced. Japanese Men sex dolls are used to being objects of desire\" \/>\n<meta property=\"og:url\" content=\"https:\/\/www.miisoo.com\/nb\/produkt\/japanese-men-real-doll-for-women\/\" \/>\n<meta property=\"og:site_name\" content=\"MiisooDoll\" \/>\n<meta property=\"article:publisher\" content=\"https:\/\/www.facebook.com\/miisoodoll\" \/>\n<meta property=\"article:modified_time\" content=\"2022-01-07T08:51:10+00:00\" \/>\n<meta property=\"og:image\" content=\"https:\/\/www.miisoo.com\/wp-content\/uploads\/2022\/01\/men-sex-dolls-2231.jpg\" \/>\n\t<meta property=\"og:image:width\" content=\"600\" \/>\n\t<meta property=\"og:image:height\" content=\"900\" \/>\n\t<meta property=\"og:image:type\" content=\"image\/jpeg\" \/>\n<meta name=\"twitter:card\" content=\"summary_large_image\" \/>\n<meta name=\"twitter:site\" content=\"@MiisooSexDolls\" \/>\n<meta name=\"twitter:label1\" content=\"Ansl. lesetid\" \/>\n\t<meta name=\"twitter:data1\" content=\"1 minutt\" \/>\n<!-- \/ Yoast SEO Premium plugin. -->","yoast_head_json":{"title":"Real Doll For Women - Japanese Men Sex Dolls - Gay Love Doll","description":"This real doll\u00a0for women is a high school teen who is too experienced. Japanese Men sex dolls are used to being objects of desire","robots":{"index":"index","follow":"follow","max-snippet":"max-snippet:-1","max-image-preview":"max-image-preview:large","max-video-preview":"max-video-preview:-1"},"canonical":"https:\/\/www.miisoo.com\/nb\/produkt\/japanese-men-real-doll-for-women\/","og_locale":"nb_NO","og_type":"article","og_title":"Roger - 165cm Japanese Men Real Doll For Women","og_description":"This real doll\u00a0for women is a high school teen who is too experienced. Japanese Men sex dolls are used to being objects of desire","og_url":"https:\/\/www.miisoo.com\/nb\/produkt\/japanese-men-real-doll-for-women\/","og_site_name":"MiisooDoll","article_publisher":"https:\/\/www.facebook.com\/miisoodoll","article_modified_time":"2022-01-07T08:51:10+00:00","og_image":[{"width":600,"height":900,"url":"https:\/\/www.miisoo.com\/wp-content\/uploads\/2022\/01\/men-sex-dolls-2231.jpg","type":"image\/jpeg"}],"twitter_card":"summary_large_image","twitter_site":"@MiisooSexDolls","twitter_misc":{"Ansl. lesetid":"1 minutt"},"schema":{"@context":"https:\/\/schema.org","@graph":[{"@type":"WebPage","@id":"https:\/\/www.miisoo.com\/es\/producto\/japanese-men-real-doll-for-women\/","url":"https:\/\/www.miisoo.com\/es\/producto\/japanese-men-real-doll-for-women\/","name":"Real Doll For Women - Japanese Men Sex Dolls - Gay Love Doll","isPartOf":{"@id":"https:\/\/www.miisoo.com\/#website"},"primaryImageOfPage":{"@id":"https:\/\/www.miisoo.com\/es\/producto\/japanese-men-real-doll-for-women\/#primaryimage"},"image":{"@id":"https:\/\/www.miisoo.com\/es\/producto\/japanese-men-real-doll-for-women\/#primaryimage"},"thumbnailUrl":"https:\/\/www.miisoo.com\/wp-content\/uploads\/2022\/01\/men-sex-dolls-2231.jpg","datePublished":"2022-01-06T03:29:34+00:00","dateModified":"2022-01-07T08:51:10+00:00","description":"This real doll\u00a0for women is a high school teen who is too experienced. Japanese Men sex dolls are used to being objects of desire","breadcrumb":{"@id":"https:\/\/www.miisoo.com\/es\/producto\/japanese-men-real-doll-for-women\/#breadcrumb"},"inLanguage":"nb-NO","potentialAction":[{"@type":"ReadAction","target":["https:\/\/www.miisoo.com\/es\/producto\/japanese-men-real-doll-for-women\/"]}]},{"@type":"ImageObject","inLanguage":"nb-NO","@id":"https:\/\/www.miisoo.com\/es\/producto\/japanese-men-real-doll-for-women\/#primaryimage","url":"https:\/\/www.miisoo.com\/wp-content\/uploads\/2022\/01\/men-sex-dolls-2231.jpg","contentUrl":"https:\/\/www.miisoo.com\/wp-content\/uploads\/2022\/01\/men-sex-dolls-2231.jpg","width":600,"height":900,"caption":"Roger \u2013 165cm Japanese Men Real Doll For Women"},{"@type":"BreadcrumbList","@id":"https:\/\/www.miisoo.com\/es\/producto\/japanese-men-real-doll-for-women\/#breadcrumb","itemListElement":[{"@type":"ListItem","position":1,"name":"Home","item":"https:\/\/www.miisoo.com\/"},{"@type":"ListItem","position":2,"name":"Sex Doll Shop","item":"https:\/\/www.miisoo.com\/shop\/"},{"@type":"ListItem","position":3,"name":"Roger &#8211; 165cm Japanese Men Real Doll For Women"}]},{"@type":"WebSite","@id":"https:\/\/www.miisoo.com\/#website","url":"https:\/\/www.miisoo.com\/","name":"MiisooDoll","description":"Sexual Doll, Real Sex Dolls, Love Doll, Best Sex Dolls","publisher":{"@id":"https:\/\/www.miisoo.com\/#organization"},"potentialAction":[{"@type":"SearchAction","target":{"@type":"EntryPoint","urlTemplate":"https:\/\/www.miisoo.com\/?s={search_term_string}"},"query-input":"required name=search_term_string"}],"inLanguage":"nb-NO"},{"@type":"Organization","@id":"https:\/\/www.miisoo.com\/#organization","name":"MiisooDoll","url":"https:\/\/www.miisoo.com\/","logo":{"@type":"ImageObject","inLanguage":"nb-NO","@id":"https:\/\/www.miisoo.com\/#\/schema\/logo\/image\/","url":"https:\/\/www.miisoo.com\/wp-content\/uploads\/2020\/09\/logo-botton.png","contentUrl":"https:\/\/www.miisoo.com\/wp-content\/uploads\/2020\/09\/logo-botton.png","width":181,"height":42,"caption":"MiisooDoll"},"image":{"@id":"https:\/\/www.miisoo.com\/#\/schema\/logo\/image\/"},"sameAs":["https:\/\/www.facebook.com\/miisoodoll","https:\/\/x.com\/MiisooSexDolls"]}]}},"_links":{"self":[{"href":"https:\/\/www.miisoo.com\/nb\/wp-json\/wp\/v2\/product\/21340","targetHints":{"allow":["GET"]}}],"collection":[{"href":"https:\/\/www.miisoo.com\/nb\/wp-json\/wp\/v2\/product"}],"about":[{"href":"https:\/\/www.miisoo.com\/nb\/wp-json\/wp\/v2\/types\/product"}],"replies":[{"embeddable":true,"href":"https:\/\/www.miisoo.com\/nb\/wp-json\/wp\/v2\/comments?post=21340"}],"version-history":[{"count":3,"href":"https:\/\/www.miisoo.com\/nb\/wp-json\/wp\/v2\/product\/21340\/revisions"}],"predecessor-version":[{"id":21615,"href":"https:\/\/www.miisoo.com\/nb\/wp-json\/wp\/v2\/product\/21340\/revisions\/21615"}],"wp:featuredmedia":[{"embeddable":true,"href":"https:\/\/www.miisoo.com\/nb\/wp-json\/wp\/v2\/media\/21361"}],"wp:attachment":[{"href":"https:\/\/www.miisoo.com\/nb\/wp-json\/wp\/v2\/media?parent=21340"}],"wp:term":[{"taxonomy":"product_cat","embeddable":true,"href":"https:\/\/www.miisoo.com\/nb\/wp-json\/wp\/v2\/product_cat?post=21340"},{"taxonomy":"product_tag","embeddable":true,"href":"https:\/\/www.miisoo.com\/nb\/wp-json\/wp\/v2\/product_tag?post=21340"}],"curies":[{"name":"wp","href":"https:\/\/api.w.org\/{rel}","templated":true}]}}