{"id":11286,"date":"2021-03-31T16:29:45","date_gmt":"2021-03-31T08:29:45","guid":{"rendered":"https:\/\/www.miisoo.com\/?post_type=product&#038;p=11286"},"modified":"2022-01-10T19:25:34","modified_gmt":"2022-01-10T11:25:34","slug":"japanese-real-life-teen-silicone-doll","status":"publish","type":"product","link":"https:\/\/www.miisoo.com\/nb\/product\/japanese-real-life-teen-silicone-doll\/","title":{"rendered":"Ellison \u2013 165 cm japansk ekte silikondukke for ten\u00e5ringer"},"content":{"rendered":"<p>Hvis du liker japansk ten\u00e5ringssilikondukke, kan du ikke se lenger enn til Ellison. Ellison st\u00e5r p\u00e5 165 cm og er en luftvertinne med klasse og eleganse. Sexdukken p\u00e5 165 cm liker mennene sine glattbarberte, sexy og kjekke.<\/p>\n<p>Denne ten\u00e5ringssilikondukken har en sensuell kropp, dr\u00f8mmende \u00f8yne og m\u00f8rke og trekkende \u00f8yne. Hun er en ekte sexdukke som har ekstra silkemyk og glatt hud uten st\u00f8t i det hele tatt. Kroppen hennes er laget med silikonpolymerer som gir realistisk myk tekstur og h\u00f8y holdbarhet.<\/p>\n<p>Hun er utstyrt med sm\u00e5 og faste bryster hun vil vise frem til mannen sin rundt om i huset. Brystvortene hennes har ekte rosa brystvorter og \u00f8mhet. Hun har en realistisk utformet skjede som er vakker \u00e5 se og naturlig \u00e5 ta p\u00e5. st\u00f8rrelsen p\u00e5 sexdukken vil tilfredsstille deg<\/p>\n<p>Penny er en av de beste ten\u00e5ringssilikon-sexdukkene p\u00e5 Miisoo som er tilgjengelig for deg 24\/7. Hun er oppmerksom og s\u00f8tt lydig.<\/p>\n<p><span style=\"color: #000000; font-size: 16px; font-weight: 600;\">Ten\u00e5rings silikondukkem\u00e5l<\/span><\/p>\n<table width=\"352\">\n<tbody>\n<tr>\n<td width=\"133\">H\u00f8yde<\/td>\n<td width=\"219\">165 cm<\/td>\n<\/tr>\n<tr>\n<td width=\"133\">Vekt<\/td>\n<td width=\"219\">30 kg<\/td>\n<\/tr>\n<tr>\n<td width=\"133\">Bryst<\/td>\n<td width=\"219\">75 cm<\/td>\n<\/tr>\n<tr>\n<td width=\"133\">Midje<\/td>\n<td width=\"219\">50 cm<\/td>\n<\/tr>\n<tr>\n<td width=\"133\">Hofte<\/td>\n<td width=\"219\">80 cm<\/td>\n<\/tr>\n<tr>\n<td width=\"133\">Munndybde<\/td>\n<td width=\"219\">13 cm<\/td>\n<\/tr>\n<tr>\n<td width=\"133\">Skjededybde<\/td>\n<td width=\"219\">18 cm<\/td>\n<\/tr>\n<tr>\n<td width=\"133\">Anus dybde<\/td>\n<td width=\"219\">15 cm<\/td>\n<\/tr>\n<tr>\n<td width=\"133\">Pakkest\u00f8rrelse<\/td>\n<td width=\"219\">150 cm x 43 cm x 26 cm<\/td>\n<\/tr>\n<\/tbody>\n<\/table>\n\t\t<div data-elementor-type=\"section\" data-elementor-id=\"11437\" class=\"elementor elementor-11437\" data-elementor-post-type=\"elementor_library\">\n\t\t\t\t\t<section class=\"elementor-section elementor-top-section elementor-element elementor-element-615204c elementor-section-boxed elementor-section-height-default elementor-section-height-default\" data-id=\"615204c\" data-element_type=\"section\">\n\t\t\t\t\t\t<div class=\"elementor-container elementor-column-gap-default\">\n\t\t\t\t\t<div class=\"elementor-column elementor-col-100 elementor-top-column elementor-element elementor-element-1471705\" data-id=\"1471705\" data-element_type=\"column\">\n\t\t\t<div class=\"elementor-widget-wrap elementor-element-populated\">\n\t\t\t\t\t\t<div class=\"elementor-element elementor-element-3cf8ca9 elementor-widget elementor-widget-text-editor\" data-id=\"3cf8ca9\" data-element_type=\"widget\" data-widget_type=\"text-editor.default\">\n\t\t\t\t<div class=\"elementor-widget-container\">\n\t\t\t\t\t\t\t\t\t<h4><strong>Standard avanserte design:<\/strong><\/h4><p>Dukken vil bli produsert n\u00f8yaktig som vist p\u00e5 bildene med alle standard avanserte design:<br \/>&#8211; <span style=\"color: #ff9900;\"><strong>Hode og kropp begge med silikonmateriale<\/strong><\/span><br \/>\u2013 Fast vagina med indre ultramykt hull<br \/>\u2013 Realistisk strukturert hud med menneskelig f\u00f8lelse.<br \/>\u2013 Realistisk hudutseende med \u00e5rer.<br \/>\u2013 Realistiske myke bryster.<br \/>\u2013 Uts\u00f8kt ansiktssminke.<br \/>\u2013 Mekanisk bevegelige \u00f8yne.<br \/>\u2013 Fleksibelt oppgradert skjelett, hengslet nakke, hender og f\u00f8tter.<br \/>\u2013 Rask hodekobling.<br \/>\u2013 Trekker p\u00e5 skuldrene.<br \/>\u2013 Implanterte \u00f8yenbryn.<br \/>\u2013 Implanterte nedre \u00f8yevipper.<\/p><p><img fetchpriority=\"high\" decoding=\"async\" class=\"alignnone wp-image-11463 size-full\" src=\"https:\/\/www.miisoo.com\/wp-content\/uploads\/2021\/04\/sex-doll-posture-1.jpg\" alt=\"\" width=\"1000\" height=\"752\" srcset=\"https:\/\/www.miisoo.com\/wp-content\/uploads\/2021\/04\/sex-doll-posture-1.jpg 1000w, https:\/\/www.miisoo.com\/wp-content\/uploads\/2021\/04\/sex-doll-posture-1-300x226.jpg 300w, https:\/\/www.miisoo.com\/wp-content\/uploads\/2021\/04\/sex-doll-posture-1-768x578.jpg 768w, https:\/\/www.miisoo.com\/wp-content\/uploads\/2021\/04\/sex-doll-posture-1-370x278.jpg 370w, https:\/\/www.miisoo.com\/wp-content\/uploads\/2021\/04\/sex-doll-posture-1-600x451.jpg 600w\" sizes=\"(max-width: 1000px) 100vw, 1000px\" \/><\/p><h4><strong>Egenskaper:<\/strong><\/h4><p>\u2013 Slitesterk st\u00e5lskjelett med bevegelige ledd for mange fantastiske sexstillinger<br \/>\u2013 Vagina og anal evner<br \/>\u2013 Gratis internasjonal frakt og diskr\u00e9 emballasje<br \/>\u2013 En sexdukke krever 1~3 dager for produksjon + 5~12 dager for frakt<\/p><h4><span style=\"color: #000000; font-size: 18px; font-weight: bold;\">Gratis gaver<\/span><\/h4><p>Gratis gaver: Sexy undert\u00f8y x 1, hansker x 1, Kam x 1, Vaginal Heater x 1, Vaginal Irrigator x 1, Teppe x 1.<br \/><img decoding=\"async\" class=\"wp-image-4748 size-large alignnone\" src=\"https:\/\/miisoo.com\/wp-content\/uploads\/2013\/06\/Accessory-1024x155.jpg\" sizes=\"(max-width: 840px) 100vw, 840px\" srcset=\"https:\/\/cdn.miisoo.com\/wp-content\/uploads\/2013\/06\/Accessory-1024x155.jpg 1024w, https:\/\/cdn.miisoo.com\/wp-content\/uploads\/2013\/06\/Accessory-600x91.jpg 600w, https:\/\/cdn.miisoo.com\/wp-content\/uploads\/2013\/06\/Accessory-300x45.jpg 300w, https:\/\/cdn.miisoo.com\/wp-content\/uploads\/2013\/06\/Accessory-768x116.jpg 768w, https:\/\/cdn.miisoo.com\/wp-content\/uploads\/2013\/06\/Accessory-1536x232.jpg 1536w, https:\/\/cdn.miisoo.com\/wp-content\/uploads\/2013\/06\/Accessory-370x56.jpg 370w, https:\/\/cdn.miisoo.com\/wp-content\/uploads\/2013\/06\/Accessory.jpg 1616w\" alt=\"Renee \u2013 157 cm tynn, fortryllende ten\u00e5ringssexdukke \u2013 MiisooDoll\" width=\"840\" height=\"127\" \/><\/p><p><strong>Garanti: Du f\u00e5r 100% akkurat som bildedukker.<\/strong><\/p>\t\t\t\t\t\t\t\t<\/div>\n\t\t\t\t<\/div>\n\t\t\t\t\t<\/div>\n\t\t<\/div>\n\t\t\t\t\t<\/div>\n\t\t<\/section>\n\t\t\t\t<\/div>","protected":false},"excerpt":{"rendered":"<div data-elementor-type=\"section\" data-elementor-id=\"11441\" class=\"elementor elementor-11441\" data-elementor-post-type=\"elementor_library\">\n<section class=\"elementor-section elementor-top-section elementor-element elementor-element-46aa207 elementor-section-boxed elementor-section-height-default elementor-section-height-default\" data-id=\"46aa207\" data-element_type=\"section\">\n<div class=\"elementor-container elementor-column-gap-default\">\n<div class=\"elementor-column elementor-col-100 elementor-top-column elementor-element elementor-element-ff0e20b\" data-id=\"ff0e20b\" data-element_type=\"column\">\n<div class=\"elementor-widget-wrap elementor-element-populated\">\n<div class=\"elementor-element elementor-element-573963d elementor-widget elementor-widget-text-editor\" data-id=\"573963d\" data-element_type=\"widget\" data-widget_type=\"text-editor.default\">\n<div class=\"elementor-widget-container\">\n<ul>\n<li><span style=\"color: #ff9900;\"><strong>Hode og kropp begge med silikonmateriale<\/strong><\/span><\/li>\n<li>Gratis frakt over hele verden, diskret frakt.<\/li>\n<li>100% Identisk som bilder med mindre de er tilpasset.<\/li>\n<li>Prisene inkluderer. moms og tollgebyrer<\/li>\n<li>Levering p\u00e5 d\u00f8ren innen 7-15 virkedager!<\/li>\n<\/ul><\/div>\n<\/p><\/div>\n<\/p><\/div>\n<\/p><\/div>\n<\/p><\/div>\n<\/section><\/div>\n<div data-elementor-type=\"section\" data-elementor-id=\"10473\" class=\"elementor elementor-10473\" data-elementor-post-type=\"elementor_library\">\n<section class=\"elementor-section elementor-top-section elementor-element elementor-element-03d9b2a elementor-section-boxed elementor-section-height-default elementor-section-height-default\" data-id=\"03d9b2a\" data-element_type=\"section\">\n<div class=\"elementor-container elementor-column-gap-default\">\n<div class=\"elementor-column elementor-col-100 elementor-top-column elementor-element elementor-element-5081c52\" data-id=\"5081c52\" data-element_type=\"column\">\n<div class=\"elementor-widget-wrap elementor-element-populated\">\n<div class=\"elementor-element elementor-element-d2c17df elementor-widget elementor-widget-martfury-banner-small\" data-id=\"d2c17df\" data-element_type=\"widget\" data-widget_type=\"martfury-banner-small.default\">\n<div class=\"elementor-widget-container\">\n<div class=\"mf-elementor-banner-small\">\n<div class=\"banner-featured-image\"><\/div>\n<p>\t\t\t                <a class=\"link\" href=\"https:\/\/mso.aidoll-japan.com\"><\/a><\/p>\n<div class=\"banner-content\">\n<h2 class=\"banner-title\">1500 mini kj\u00e6rlighetsdukker<\/p>\n<p>sexdollxxx. com<\/h2>\n<div class=\"banner-desc\">\n<p>60 cm, 80 cm, 100 cm,<\/p>\n<p>120 cm, 130 cm, 140 cm<\/p>\n<\/div>\n<div class=\"banner-price\"><span\n                                class=\"s-price\">sexdollxxx .com<\/span><\/div>\n<\/p><\/div>\n<\/p><\/div>\n<\/p><\/div>\n<\/p><\/div>\n<\/p><\/div>\n<\/p><\/div>\n<\/p><\/div>\n<\/section><\/div>","protected":false},"featured_media":11309,"comment_status":"open","ping_status":"closed","template":"","meta":[],"product_cat":[114,115,69,838,910,832,834,110,127],"product_tag":[313],"class_list":{"0":"post-11286","1":"product","2":"type-product","3":"status-publish","4":"has-post-thumbnail","6":"product_cat-1500usd-2000usd-sex-doll","7":"product_cat-161cm-170cm-sex-dolls","8":"product_cat-asian-sex-dolls","9":"product_cat-d-cup-sex-doll","10":"product_cat-fat-sex-doll","11":"product_cat-japanese-sex-doll","12":"product_cat-medium-breast-sex-doll","13":"product_cat-silicone-sex-dolls","14":"product_cat-teen-sex-doll","15":"product_tag-silicone-love-doll","16":"tm-has-options","18":"first","19":"instock","20":"sale","21":"shipping-taxable","22":"purchasable","23":"product-type-simple","24":"col-xs-6 col-sm-4","25":"col-md-3 col-lg-3","26":"un-4-cols"},"yoast_head":"<!-- This site is optimized with the Yoast SEO Premium plugin v22.6 (Yoast SEO v22.9) - https:\/\/yoast.com\/wordpress\/plugins\/seo\/ -->\n<title>Japanese Real Life Teen Silicone Doll - Miisoo Doll<\/title>\n<meta name=\"description\" content=\"Buy 165cm Japanese Real Life Teen Silicone Doll online at Miisoo. MiisooDoll is a premium online store for exotic BBW love silicone sex dolls. Shop today!\" \/>\n<meta name=\"robots\" content=\"index, follow, max-snippet:-1, max-image-preview:large, max-video-preview:-1\" \/>\n<link rel=\"canonical\" href=\"https:\/\/www.miisoo.com\/nb\/produkt\/japanese-real-life-teen-silicone-doll\/\" \/>\n<meta property=\"og:locale\" content=\"nb_NO\" \/>\n<meta property=\"og:type\" content=\"article\" \/>\n<meta property=\"og:title\" content=\"Ellison - 165cm Japanese Real Life Teen Silicone Doll\" \/>\n<meta property=\"og:description\" content=\"Buy 165cm Japanese Real Life Teen Silicone Doll online at Miisoo. MiisooDoll is a premium online store for exotic BBW love silicone sex dolls. Shop today!\" \/>\n<meta property=\"og:url\" content=\"https:\/\/www.miisoo.com\/nb\/produkt\/japanese-real-life-teen-silicone-doll\/\" \/>\n<meta property=\"og:site_name\" content=\"MiisooDoll\" \/>\n<meta property=\"article:publisher\" content=\"https:\/\/www.facebook.com\/miisoodoll\" \/>\n<meta property=\"article:modified_time\" content=\"2022-01-10T11:25:34+00:00\" \/>\n<meta property=\"og:image\" content=\"https:\/\/www.miisoo.com\/wp-content\/uploads\/2021\/03\/Japanese-Teen-Silicone-Sex-Doll-26.jpg\" \/>\n\t<meta property=\"og:image:width\" content=\"800\" \/>\n\t<meta property=\"og:image:height\" content=\"1200\" \/>\n\t<meta property=\"og:image:type\" content=\"image\/jpeg\" \/>\n<meta name=\"twitter:card\" content=\"summary_large_image\" \/>\n<meta name=\"twitter:site\" content=\"@MiisooSexDolls\" \/>\n<meta name=\"twitter:label1\" content=\"Ansl. lesetid\" \/>\n\t<meta name=\"twitter:data1\" content=\"1 minutt\" \/>\n<!-- \/ Yoast SEO Premium plugin. -->","yoast_head_json":{"title":"Japanese Real Life Teen Silicone Doll - Miisoo Doll","description":"Buy 165cm Japanese Real Life Teen Silicone Doll online at Miisoo. MiisooDoll is a premium online store for exotic BBW love silicone sex dolls. Shop today!","robots":{"index":"index","follow":"follow","max-snippet":"max-snippet:-1","max-image-preview":"max-image-preview:large","max-video-preview":"max-video-preview:-1"},"canonical":"https:\/\/www.miisoo.com\/nb\/produkt\/japanese-real-life-teen-silicone-doll\/","og_locale":"nb_NO","og_type":"article","og_title":"Ellison - 165cm Japanese Real Life Teen Silicone Doll","og_description":"Buy 165cm Japanese Real Life Teen Silicone Doll online at Miisoo. MiisooDoll is a premium online store for exotic BBW love silicone sex dolls. Shop today!","og_url":"https:\/\/www.miisoo.com\/nb\/produkt\/japanese-real-life-teen-silicone-doll\/","og_site_name":"MiisooDoll","article_publisher":"https:\/\/www.facebook.com\/miisoodoll","article_modified_time":"2022-01-10T11:25:34+00:00","og_image":[{"width":800,"height":1200,"url":"https:\/\/www.miisoo.com\/wp-content\/uploads\/2021\/03\/Japanese-Teen-Silicone-Sex-Doll-26.jpg","type":"image\/jpeg"}],"twitter_card":"summary_large_image","twitter_site":"@MiisooSexDolls","twitter_misc":{"Ansl. lesetid":"1 minutt"},"schema":{"@context":"https:\/\/schema.org","@graph":[{"@type":"WebPage","@id":"https:\/\/www.miisoo.com\/product\/japanese-real-life-teen-silicone-doll\/","url":"https:\/\/www.miisoo.com\/product\/japanese-real-life-teen-silicone-doll\/","name":"Japanese Real Life Teen Silicone Doll - Miisoo Doll","isPartOf":{"@id":"https:\/\/www.miisoo.com\/#website"},"primaryImageOfPage":{"@id":"https:\/\/www.miisoo.com\/product\/japanese-real-life-teen-silicone-doll\/#primaryimage"},"image":{"@id":"https:\/\/www.miisoo.com\/product\/japanese-real-life-teen-silicone-doll\/#primaryimage"},"thumbnailUrl":"https:\/\/www.miisoo.com\/wp-content\/uploads\/2021\/03\/Japanese-Teen-Silicone-Sex-Doll-26.jpg","datePublished":"2021-03-31T08:29:45+00:00","dateModified":"2022-01-10T11:25:34+00:00","description":"Buy 165cm Japanese Real Life Teen Silicone Doll online at Miisoo. MiisooDoll is a premium online store for exotic BBW love silicone sex dolls. Shop today!","breadcrumb":{"@id":"https:\/\/www.miisoo.com\/product\/japanese-real-life-teen-silicone-doll\/#breadcrumb"},"inLanguage":"nb-NO","potentialAction":[{"@type":"ReadAction","target":["https:\/\/www.miisoo.com\/product\/japanese-real-life-teen-silicone-doll\/"]}]},{"@type":"ImageObject","inLanguage":"nb-NO","@id":"https:\/\/www.miisoo.com\/product\/japanese-real-life-teen-silicone-doll\/#primaryimage","url":"https:\/\/www.miisoo.com\/wp-content\/uploads\/2021\/03\/Japanese-Teen-Silicone-Sex-Doll-26.jpg","contentUrl":"https:\/\/www.miisoo.com\/wp-content\/uploads\/2021\/03\/Japanese-Teen-Silicone-Sex-Doll-26.jpg","width":800,"height":1200},{"@type":"BreadcrumbList","@id":"https:\/\/www.miisoo.com\/product\/japanese-real-life-teen-silicone-doll\/#breadcrumb","itemListElement":[{"@type":"ListItem","position":1,"name":"Home","item":"https:\/\/www.miisoo.com\/"},{"@type":"ListItem","position":2,"name":"Sex Doll Shop","item":"https:\/\/www.miisoo.com\/shop\/"},{"@type":"ListItem","position":3,"name":"Ellison &#8211; 165cm Japanese Real Life Teen Silicone Doll"}]},{"@type":"WebSite","@id":"https:\/\/www.miisoo.com\/#website","url":"https:\/\/www.miisoo.com\/","name":"MiisooDoll","description":"Sexual Doll, Real Sex Dolls, Love Doll, Best Sex Dolls","publisher":{"@id":"https:\/\/www.miisoo.com\/#organization"},"potentialAction":[{"@type":"SearchAction","target":{"@type":"EntryPoint","urlTemplate":"https:\/\/www.miisoo.com\/?s={search_term_string}"},"query-input":"required name=search_term_string"}],"inLanguage":"nb-NO"},{"@type":"Organization","@id":"https:\/\/www.miisoo.com\/#organization","name":"MiisooDoll","url":"https:\/\/www.miisoo.com\/","logo":{"@type":"ImageObject","inLanguage":"nb-NO","@id":"https:\/\/www.miisoo.com\/#\/schema\/logo\/image\/","url":"https:\/\/www.miisoo.com\/wp-content\/uploads\/2020\/09\/logo-botton.png","contentUrl":"https:\/\/www.miisoo.com\/wp-content\/uploads\/2020\/09\/logo-botton.png","width":181,"height":42,"caption":"MiisooDoll"},"image":{"@id":"https:\/\/www.miisoo.com\/#\/schema\/logo\/image\/"},"sameAs":["https:\/\/www.facebook.com\/miisoodoll","https:\/\/x.com\/MiisooSexDolls"]}]}},"_links":{"self":[{"href":"https:\/\/www.miisoo.com\/nb\/wp-json\/wp\/v2\/product\/11286","targetHints":{"allow":["GET"]}}],"collection":[{"href":"https:\/\/www.miisoo.com\/nb\/wp-json\/wp\/v2\/product"}],"about":[{"href":"https:\/\/www.miisoo.com\/nb\/wp-json\/wp\/v2\/types\/product"}],"replies":[{"embeddable":true,"href":"https:\/\/www.miisoo.com\/nb\/wp-json\/wp\/v2\/comments?post=11286"}],"version-history":[{"count":3,"href":"https:\/\/www.miisoo.com\/nb\/wp-json\/wp\/v2\/product\/11286\/revisions"}],"predecessor-version":[{"id":19314,"href":"https:\/\/www.miisoo.com\/nb\/wp-json\/wp\/v2\/product\/11286\/revisions\/19314"}],"wp:featuredmedia":[{"embeddable":true,"href":"https:\/\/www.miisoo.com\/nb\/wp-json\/wp\/v2\/media\/11309"}],"wp:attachment":[{"href":"https:\/\/www.miisoo.com\/nb\/wp-json\/wp\/v2\/media?parent=11286"}],"wp:term":[{"taxonomy":"product_cat","embeddable":true,"href":"https:\/\/www.miisoo.com\/nb\/wp-json\/wp\/v2\/product_cat?post=11286"},{"taxonomy":"product_tag","embeddable":true,"href":"https:\/\/www.miisoo.com\/nb\/wp-json\/wp\/v2\/product_tag?post=11286"}],"curies":[{"name":"wp","href":"https:\/\/api.w.org\/{rel}","templated":true}]}}