{"id":11173,"date":"2021-03-31T15:15:28","date_gmt":"2021-03-31T07:15:28","guid":{"rendered":"https:\/\/www.miisoo.com\/?post_type=product&#038;p=11173"},"modified":"2022-11-18T11:39:12","modified_gmt":"2022-11-18T03:39:12","slug":"female-life-size-silicone-love-doll","status":"publish","type":"product","link":"https:\/\/www.miisoo.com\/nb\/product\/female-life-size-silicone-love-doll\/","title":{"rendered":"Grinda \u2013 158 cm kvinnelig kj\u00e6rlighetsdukke i naturlig st\u00f8rrelse"},"content":{"rendered":"<p>Grinda er i kategorien livsst\u00f8rrelse silikon kj\u00e6rlighetsdukke; hun kan lett bli best\u00e5tt for en ekte kvinne. Silikonkroppsdelene hennes gj\u00f8r lite for \u00e5 gi bort det faktum at hun ikke er en ekte kvinne. Mens hennes TPE silikon kj\u00e6rlighet dukke kropp er veldig realistisk og vakker.<\/p>\n<p>De store puppene hennes er der for deg <a href=\"https:\/\/www.oecd.org\/dev\/development-gender\/BrochureSIGI2015-web.pdf\">seksuell tilfredsstillelse<\/a>. Hun er sexy og er ikke sjenert for det. Hun vil aldri klage p\u00e5 noen seksuell fantasi du utagerer p\u00e5 henne.<\/p>\n<p>Denne kvinnelige silikondukken er av h\u00f8y kvalitet, s\u00e5 v\u00e6r trygg p\u00e5 at hun er ekte og vil vare lenge. Ikke engang grov sex vil kunne skade henne siden hun er veldig sterk og slitesterk.<\/p>\n<p>Hun er en ekte sexdukke i silikon. Hun kan ta hva som helst <a href=\"https:\/\/www.miisoo.com\/nb\/produktkategori\/151cm-160cm-sex-dolls\/\">grov dunking<\/a> og kommer garantert ut av dem uskadd, takket v\u00e6re hennes forsterkede silikonhud og fleksible metallskjelett.<\/p>\n<p><span style=\"color: #000000; font-size: 16px; font-weight: 600;\">M\u00e5l for Life Size Silikon Love Doll<\/span><\/p>\n<table width=\"352\">\n<tbody>\n<tr>\n<td width=\"133\">H\u00f8yde<\/td>\n<td width=\"219\">158 cm<\/td>\n<\/tr>\n<tr>\n<td width=\"133\">Vekt<\/td>\n<td width=\"219\">37 kg<\/td>\n<\/tr>\n<tr>\n<td width=\"133\">Bryst<\/td>\n<td width=\"219\">87 cm<\/td>\n<\/tr>\n<tr>\n<td width=\"133\">Midje<\/td>\n<td width=\"219\">55 cm<\/td>\n<\/tr>\n<tr>\n<td width=\"133\">Hofte<\/td>\n<td width=\"219\">90 cm<\/td>\n<\/tr>\n<tr>\n<td width=\"133\">Munndybde<\/td>\n<td width=\"219\">15 cm<\/td>\n<\/tr>\n<tr>\n<td width=\"133\">Skjededybde<\/td>\n<td width=\"219\">18 cm<\/td>\n<\/tr>\n<tr>\n<td width=\"133\">Anus dybde<\/td>\n<td width=\"219\">18 cm<\/td>\n<\/tr>\n<tr>\n<td width=\"133\">Pakkest\u00f8rrelse<\/td>\n<td width=\"219\">151 cm x 38 cm x 27 cm<\/td>\n<\/tr>\n<\/tbody>\n<\/table>\n\t\t<div data-elementor-type=\"section\" data-elementor-id=\"11434\" class=\"elementor elementor-11434\" data-elementor-post-type=\"elementor_library\">\n\t\t\t\t\t<section class=\"elementor-section elementor-top-section elementor-element elementor-element-286f660 elementor-section-boxed elementor-section-height-default elementor-section-height-default\" data-id=\"286f660\" data-element_type=\"section\">\n\t\t\t\t\t\t<div class=\"elementor-container elementor-column-gap-default\">\n\t\t\t\t\t<div class=\"elementor-column elementor-col-100 elementor-top-column elementor-element elementor-element-bbf2196\" data-id=\"bbf2196\" data-element_type=\"column\">\n\t\t\t<div class=\"elementor-widget-wrap elementor-element-populated\">\n\t\t\t\t\t\t<div class=\"elementor-element elementor-element-c50510a elementor-widget elementor-widget-text-editor\" data-id=\"c50510a\" data-element_type=\"widget\" data-widget_type=\"text-editor.default\">\n\t\t\t\t<div class=\"elementor-widget-container\">\n\t\t\t\t\t\t\t\t\t<h4><strong>Egenskaper:<\/strong><\/h4><p>\u2013 <span style=\"color: #ff9900;\"><strong>Hode med silikonmateriale, kropp med medisinsk TPE-materiale<\/strong><\/span><br \/>\u2013 Slitesterk st\u00e5lskjelett med bevegelige ledd for mange fantastiske sexstillinger<br \/>\u2013 Vagina, oral og anal evner<br \/>\u2013 Gratis internasjonal frakt og diskr\u00e9 emballasje<br \/>\u2013 En sexdukke krever 1~3 dager for produksjon + 5~12 dager for frakt<\/p><h4><span style=\"color: #000000; font-size: 18px; font-weight: bold;\">Gratis gaver<\/span><\/h4><p>Gratis gaver: Sexy undert\u00f8y x 1, hansker x 1, Kam x 1, Vaginal Heater x 1, Vaginal Irrigator x 1, Teppe x 1.<br \/><img fetchpriority=\"high\" decoding=\"async\" class=\"wp-image-4748 size-large alignnone\" src=\"https:\/\/miisoo.com\/wp-content\/uploads\/2013\/06\/Accessory-1024x155.jpg\" sizes=\"(max-width: 840px) 100vw, 840px\" srcset=\"https:\/\/cdn.miisoo.com\/wp-content\/uploads\/2013\/06\/Accessory-1024x155.jpg 1024w, https:\/\/cdn.miisoo.com\/wp-content\/uploads\/2013\/06\/Accessory-600x91.jpg 600w, https:\/\/cdn.miisoo.com\/wp-content\/uploads\/2013\/06\/Accessory-300x45.jpg 300w, https:\/\/cdn.miisoo.com\/wp-content\/uploads\/2013\/06\/Accessory-768x116.jpg 768w, https:\/\/cdn.miisoo.com\/wp-content\/uploads\/2013\/06\/Accessory-1536x232.jpg 1536w, https:\/\/cdn.miisoo.com\/wp-content\/uploads\/2013\/06\/Accessory-370x56.jpg 370w, https:\/\/cdn.miisoo.com\/wp-content\/uploads\/2013\/06\/Accessory.jpg 1616w\" alt=\"Renee \u2013 157 cm tynn, fortryllende ten\u00e5ringssexdukke \u2013 MiisooDoll\" width=\"840\" height=\"127\" \/><\/p><p><strong>Garanti: Du f\u00e5r 100% akkurat som bildedukker.<\/strong><\/p>\t\t\t\t\t\t\t\t<\/div>\n\t\t\t\t<\/div>\n\t\t\t\t\t<\/div>\n\t\t<\/div>\n\t\t\t\t\t<\/div>\n\t\t<\/section>\n\t\t\t\t<\/div>","protected":false},"excerpt":{"rendered":"<div data-elementor-type=\"section\" data-elementor-id=\"11445\" class=\"elementor elementor-11445\" data-elementor-post-type=\"elementor_library\">\n<section class=\"elementor-section elementor-top-section elementor-element elementor-element-c1f38e4 elementor-section-boxed elementor-section-height-default elementor-section-height-default\" data-id=\"c1f38e4\" data-element_type=\"section\">\n<div class=\"elementor-container elementor-column-gap-default\">\n<div class=\"elementor-column elementor-col-100 elementor-top-column elementor-element elementor-element-07b250a\" data-id=\"07b250a\" data-element_type=\"column\">\n<div class=\"elementor-widget-wrap elementor-element-populated\">\n<div class=\"elementor-element elementor-element-c000e60 elementor-widget elementor-widget-text-editor\" data-id=\"c000e60\" data-element_type=\"widget\" data-widget_type=\"text-editor.default\">\n<div class=\"elementor-widget-container\">\n<ul>\n<li><span style=\"color: #ff9900;\"><strong>Hode med silikonmateriale, kropp med TPE-materiale<\/strong><\/span><\/li>\n<li>Gratis frakt over hele verden, diskret frakt.<\/li>\n<li>100% Identisk som bilder med mindre de er tilpasset.<\/li>\n<li>Prisene inkluderer. moms og tollgebyrer<\/li>\n<li>Levering p\u00e5 d\u00f8ren innen 7-15 virkedager!<\/li>\n<\/ul><\/div>\n<\/p><\/div>\n<\/p><\/div>\n<\/p><\/div>\n<\/p><\/div>\n<\/section><\/div>\n<div data-elementor-type=\"section\" data-elementor-id=\"10473\" class=\"elementor elementor-10473\" data-elementor-post-type=\"elementor_library\">\n<section class=\"elementor-section elementor-top-section elementor-element elementor-element-03d9b2a elementor-section-boxed elementor-section-height-default elementor-section-height-default\" data-id=\"03d9b2a\" data-element_type=\"section\">\n<div class=\"elementor-container elementor-column-gap-default\">\n<div class=\"elementor-column elementor-col-100 elementor-top-column elementor-element elementor-element-5081c52\" data-id=\"5081c52\" data-element_type=\"column\">\n<div class=\"elementor-widget-wrap elementor-element-populated\">\n<div class=\"elementor-element elementor-element-d2c17df elementor-widget elementor-widget-martfury-banner-small\" data-id=\"d2c17df\" data-element_type=\"widget\" data-widget_type=\"martfury-banner-small.default\">\n<div class=\"elementor-widget-container\">\n<div class=\"mf-elementor-banner-small\">\n<div class=\"banner-featured-image\"><\/div>\n<p>\t\t\t                <a class=\"link\" href=\"https:\/\/mso.aidoll-japan.com\"><\/a><\/p>\n<div class=\"banner-content\">\n<h2 class=\"banner-title\">1500 mini kj\u00e6rlighetsdukker<\/p>\n<p>sexdollxxx. com<\/h2>\n<div class=\"banner-desc\">\n<p>60 cm, 80 cm, 100 cm,<\/p>\n<p>120 cm, 130 cm, 140 cm<\/p>\n<\/div>\n<div class=\"banner-price\"><span\n                                class=\"s-price\">sexdollxxx .com<\/span><\/div>\n<\/p><\/div>\n<\/p><\/div>\n<\/p><\/div>\n<\/p><\/div>\n<\/p><\/div>\n<\/p><\/div>\n<\/p><\/div>\n<\/section><\/div>","protected":false},"featured_media":11216,"comment_status":"open","ping_status":"closed","template":"","meta":[],"product_cat":[114,126,942,99,838,847,834,117],"product_tag":[313],"class_list":{"0":"post-11173","1":"product","2":"type-product","3":"status-publish","4":"has-post-thumbnail","6":"product_cat-1500usd-2000usd-sex-doll","7":"product_cat-151cm-160cm-sex-dolls","8":"product_cat-3d-love-dolls","9":"product_cat-big-butt-sex-dolls","10":"product_cat-d-cup-sex-doll","11":"product_cat-female-sex-doll","12":"product_cat-medium-breast-sex-doll","13":"product_cat-silicone-head-tpe-body","14":"product_tag-silicone-love-doll","15":"tm-has-options","17":"first","18":"instock","19":"sale","20":"shipping-taxable","21":"purchasable","22":"product-type-simple","23":"col-xs-6 col-sm-4","24":"col-md-3 col-lg-3","25":"un-4-cols"},"yoast_head":"<!-- This site is optimized with the Yoast SEO Premium plugin v22.6 (Yoast SEO v22.9) - https:\/\/yoast.com\/wordpress\/plugins\/seo\/ -->\n<title>Shop Female Life Size Silicone Love Doll | MiisooDoll<\/title>\n<meta name=\"description\" content=\"Buy 158cm Female Life Size Silicone Love Doll online at Miisoo. MiisooDoll is a premium online store for exotic BBW love silicone sex dolls. Shop today!\" \/>\n<meta name=\"robots\" content=\"index, follow, max-snippet:-1, max-image-preview:large, max-video-preview:-1\" \/>\n<link rel=\"canonical\" href=\"https:\/\/www.miisoo.com\/nb\/produkt\/female-life-size-silicone-love-doll\/\" \/>\n<meta property=\"og:locale\" content=\"nb_NO\" \/>\n<meta property=\"og:type\" content=\"article\" \/>\n<meta property=\"og:title\" content=\"Grinda - 158cm Female Life Size Silicone Love Doll\" \/>\n<meta property=\"og:description\" content=\"Buy 158cm Female Life Size Silicone Love Doll online at Miisoo. MiisooDoll is a premium online store for exotic BBW love silicone sex dolls. Shop today!\" \/>\n<meta property=\"og:url\" content=\"https:\/\/www.miisoo.com\/nb\/produkt\/female-life-size-silicone-love-doll\/\" \/>\n<meta property=\"og:site_name\" content=\"MiisooDoll\" \/>\n<meta property=\"article:publisher\" content=\"https:\/\/www.facebook.com\/miisoodoll\" \/>\n<meta property=\"article:modified_time\" content=\"2022-11-18T03:39:12+00:00\" \/>\n<meta property=\"og:image\" content=\"https:\/\/www.miisoo.com\/wp-content\/uploads\/2021\/03\/Silicone-Love-Doll-Real-Sex-Doll-3.jpg\" \/>\n\t<meta property=\"og:image:width\" content=\"832\" \/>\n\t<meta property=\"og:image:height\" content=\"1248\" \/>\n\t<meta property=\"og:image:type\" content=\"image\/jpeg\" \/>\n<meta name=\"twitter:card\" content=\"summary_large_image\" \/>\n<meta name=\"twitter:site\" content=\"@MiisooSexDolls\" \/>\n<meta name=\"twitter:label1\" content=\"Ansl. lesetid\" \/>\n\t<meta name=\"twitter:data1\" content=\"1 minutt\" \/>\n<!-- \/ Yoast SEO Premium plugin. -->","yoast_head_json":{"title":"Shop Female Life Size Silicone Love Doll | MiisooDoll","description":"Buy 158cm Female Life Size Silicone Love Doll online at Miisoo. MiisooDoll is a premium online store for exotic BBW love silicone sex dolls. Shop today!","robots":{"index":"index","follow":"follow","max-snippet":"max-snippet:-1","max-image-preview":"max-image-preview:large","max-video-preview":"max-video-preview:-1"},"canonical":"https:\/\/www.miisoo.com\/nb\/produkt\/female-life-size-silicone-love-doll\/","og_locale":"nb_NO","og_type":"article","og_title":"Grinda - 158cm Female Life Size Silicone Love Doll","og_description":"Buy 158cm Female Life Size Silicone Love Doll online at Miisoo. MiisooDoll is a premium online store for exotic BBW love silicone sex dolls. Shop today!","og_url":"https:\/\/www.miisoo.com\/nb\/produkt\/female-life-size-silicone-love-doll\/","og_site_name":"MiisooDoll","article_publisher":"https:\/\/www.facebook.com\/miisoodoll","article_modified_time":"2022-11-18T03:39:12+00:00","og_image":[{"width":832,"height":1248,"url":"https:\/\/www.miisoo.com\/wp-content\/uploads\/2021\/03\/Silicone-Love-Doll-Real-Sex-Doll-3.jpg","type":"image\/jpeg"}],"twitter_card":"summary_large_image","twitter_site":"@MiisooSexDolls","twitter_misc":{"Ansl. lesetid":"1 minutt"},"schema":{"@context":"https:\/\/schema.org","@graph":[{"@type":"WebPage","@id":"https:\/\/www.miisoo.com\/product\/female-life-size-silicone-love-doll\/","url":"https:\/\/www.miisoo.com\/product\/female-life-size-silicone-love-doll\/","name":"Shop Female Life Size Silicone Love Doll | MiisooDoll","isPartOf":{"@id":"https:\/\/www.miisoo.com\/#website"},"primaryImageOfPage":{"@id":"https:\/\/www.miisoo.com\/product\/female-life-size-silicone-love-doll\/#primaryimage"},"image":{"@id":"https:\/\/www.miisoo.com\/product\/female-life-size-silicone-love-doll\/#primaryimage"},"thumbnailUrl":"https:\/\/www.miisoo.com\/wp-content\/uploads\/2021\/03\/Silicone-Love-Doll-Real-Sex-Doll-3.jpg","datePublished":"2021-03-31T07:15:28+00:00","dateModified":"2022-11-18T03:39:12+00:00","description":"Buy 158cm Female Life Size Silicone Love Doll online at Miisoo. MiisooDoll is a premium online store for exotic BBW love silicone sex dolls. Shop today!","breadcrumb":{"@id":"https:\/\/www.miisoo.com\/product\/female-life-size-silicone-love-doll\/#breadcrumb"},"inLanguage":"nb-NO","potentialAction":[{"@type":"ReadAction","target":["https:\/\/www.miisoo.com\/product\/female-life-size-silicone-love-doll\/"]}]},{"@type":"ImageObject","inLanguage":"nb-NO","@id":"https:\/\/www.miisoo.com\/product\/female-life-size-silicone-love-doll\/#primaryimage","url":"https:\/\/www.miisoo.com\/wp-content\/uploads\/2021\/03\/Silicone-Love-Doll-Real-Sex-Doll-3.jpg","contentUrl":"https:\/\/www.miisoo.com\/wp-content\/uploads\/2021\/03\/Silicone-Love-Doll-Real-Sex-Doll-3.jpg","width":832,"height":1248},{"@type":"BreadcrumbList","@id":"https:\/\/www.miisoo.com\/product\/female-life-size-silicone-love-doll\/#breadcrumb","itemListElement":[{"@type":"ListItem","position":1,"name":"Home","item":"https:\/\/www.miisoo.com\/"},{"@type":"ListItem","position":2,"name":"Sex Doll Shop","item":"https:\/\/www.miisoo.com\/shop\/"},{"@type":"ListItem","position":3,"name":"Grinda &#8211; 158cm Female Life Size Silicone Love Doll"}]},{"@type":"WebSite","@id":"https:\/\/www.miisoo.com\/#website","url":"https:\/\/www.miisoo.com\/","name":"MiisooDoll","description":"Sexual Doll, Real Sex Dolls, Love Doll, Best Sex Dolls","publisher":{"@id":"https:\/\/www.miisoo.com\/#organization"},"potentialAction":[{"@type":"SearchAction","target":{"@type":"EntryPoint","urlTemplate":"https:\/\/www.miisoo.com\/?s={search_term_string}"},"query-input":"required name=search_term_string"}],"inLanguage":"nb-NO"},{"@type":"Organization","@id":"https:\/\/www.miisoo.com\/#organization","name":"MiisooDoll","url":"https:\/\/www.miisoo.com\/","logo":{"@type":"ImageObject","inLanguage":"nb-NO","@id":"https:\/\/www.miisoo.com\/#\/schema\/logo\/image\/","url":"https:\/\/www.miisoo.com\/wp-content\/uploads\/2020\/09\/logo-botton.png","contentUrl":"https:\/\/www.miisoo.com\/wp-content\/uploads\/2020\/09\/logo-botton.png","width":181,"height":42,"caption":"MiisooDoll"},"image":{"@id":"https:\/\/www.miisoo.com\/#\/schema\/logo\/image\/"},"sameAs":["https:\/\/www.facebook.com\/miisoodoll","https:\/\/x.com\/MiisooSexDolls"]}]}},"_links":{"self":[{"href":"https:\/\/www.miisoo.com\/nb\/wp-json\/wp\/v2\/product\/11173","targetHints":{"allow":["GET"]}}],"collection":[{"href":"https:\/\/www.miisoo.com\/nb\/wp-json\/wp\/v2\/product"}],"about":[{"href":"https:\/\/www.miisoo.com\/nb\/wp-json\/wp\/v2\/types\/product"}],"replies":[{"embeddable":true,"href":"https:\/\/www.miisoo.com\/nb\/wp-json\/wp\/v2\/comments?post=11173"}],"version-history":[{"count":3,"href":"https:\/\/www.miisoo.com\/nb\/wp-json\/wp\/v2\/product\/11173\/revisions"}],"predecessor-version":[{"id":14890,"href":"https:\/\/www.miisoo.com\/nb\/wp-json\/wp\/v2\/product\/11173\/revisions\/14890"}],"wp:featuredmedia":[{"embeddable":true,"href":"https:\/\/www.miisoo.com\/nb\/wp-json\/wp\/v2\/media\/11216"}],"wp:attachment":[{"href":"https:\/\/www.miisoo.com\/nb\/wp-json\/wp\/v2\/media?parent=11173"}],"wp:term":[{"taxonomy":"product_cat","embeddable":true,"href":"https:\/\/www.miisoo.com\/nb\/wp-json\/wp\/v2\/product_cat?post=11173"},{"taxonomy":"product_tag","embeddable":true,"href":"https:\/\/www.miisoo.com\/nb\/wp-json\/wp\/v2\/product_tag?post=11173"}],"curies":[{"name":"wp","href":"https:\/\/api.w.org\/{rel}","templated":true}]}}