{"id":4494,"date":"2020-09-16T14:42:35","date_gmt":"2020-09-16T06:42:35","guid":{"rendered":"http:\/\/miisoo.com\/?page_id=4494"},"modified":"2023-12-22T20:07:15","modified_gmt":"2023-12-22T12:07:15","slug":"disclaimer-18","status":"publish","type":"page","link":"https:\/\/www.miisoo.com\/nb\/disclaimer-18\/","title":{"rendered":"Ansvarsfraskrivelse 18+"},"content":{"rendered":"<div data-elementor-type=\"wp-page\" data-elementor-id=\"4494\" class=\"elementor elementor-4494\" data-elementor-post-type=\"page\">\n\t\t\t\t\t\t<section class=\"elementor-section elementor-top-section elementor-element elementor-element-c76458e elementor-section-boxed elementor-section-height-default elementor-section-height-default\" data-id=\"c76458e\" data-element_type=\"section\">\n\t\t\t\t\t\t<div class=\"elementor-container elementor-column-gap-default\">\n\t\t\t\t\t<div class=\"elementor-column elementor-col-25 elementor-top-column elementor-element elementor-element-8b5e8e1\" data-id=\"8b5e8e1\" data-element_type=\"column\">\n\t\t\t<div class=\"elementor-widget-wrap\">\n\t\t\t\t\t\t\t<\/div>\n\t\t<\/div>\n\t\t\t\t<div class=\"elementor-column elementor-col-50 elementor-top-column elementor-element elementor-element-5afa608\" data-id=\"5afa608\" data-element_type=\"column\">\n\t\t\t<div class=\"elementor-widget-wrap elementor-element-populated\">\n\t\t\t\t\t\t<div class=\"elementor-element elementor-element-1111958 elementor-widget elementor-widget-text-editor\" data-id=\"1111958\" data-element_type=\"widget\" data-widget_type=\"text-editor.default\">\n\t\t\t\t<div class=\"elementor-widget-container\">\n\t\t\t\t\t\t\t\t\t<p>Sist oppdatert 25. mai 2017 kl. 10:23<\/p><p>ADVARSEL. Dette nettstedet inneholder seksuelt orientert voksenmateriale beregnet p\u00e5 personer 18 \u00e5r eller eldre. Hvis du enn\u00e5 ikke er 18. Ved \u00e5 se dette nettstedet godtar du at du forst\u00e5r og vilk\u00e5rene nedenfor:<\/p><p><strong>18 \u00c5R OG ELDRE<\/strong><\/p><p>MIISOO.com kan ikke forby mindre\u00e5rige \u00e5 bes\u00f8ke dette nettstedet. Foreldre eller foresatte er ansvarlige for \u00e5 overv\u00e5ke barn og unge med hensyn til hvilket materiale som er passende for dem \u00e5 se. MIISOO.com krever at alle kj\u00f8p gj\u00f8res av personer over 18 \u00e5r.<\/p><p><strong>OPPHAVSRETT<\/strong><\/p><p>Med mindre annet er spesifisert, er alt materiale som vises p\u00e5 dette nettstedet, inkludert tekst, nettstedsdesign, logoer, grafikk, ikoner og bilder, samt utvalget, monteringen og arrangementet av disse, MIISOO.coms eneste eiendom. Du kan bare bruke innholdet p\u00e5 denne siden til det form\u00e5l \u00e5 handle p\u00e5 denne siden eller legge inn en bestilling p\u00e5 denne siden og ikke til andre form\u00e5l. Ingen materialer fra dette nettstedet kan kopieres, reproduseres, endres, publiseres p\u00e5 nytt, lastes opp, legges ut, overf\u00f8res eller distribueres i noen form eller p\u00e5 noen m\u00e5te uten MIISOO.coms skriftlige tillatelse p\u00e5 forh\u00e5nd. Alle rettigheter som ikke uttrykkelig er gitt her, er forbeholdt. Enhver uautorisert bruk av materialet som vises p\u00e5 dette nettstedet kan krenke opphavsrett, varemerke og andre gjeldende lover og kan resultere i strafferettslige eller sivile straffer.<\/p><p><strong>ANSVARSFRASKRIVELSE<\/strong><\/p><p>Denne nettsiden leveres til deg &quot;som den er&quot; uten noen form for garantier, uttrykte eller underforst\u00e5tte. Ved \u00e5 bruke nettstedet godtar du \u00e5 b\u00e6re all risiko forbundet med bruken av disse nettstedene og godtar \u00e5 holde MIISOO.com, dets ledere, direkt\u00f8rer, ansatte og agenter ufarlig fra alle krav som oppst\u00e5r som f\u00f8lge av eller relatert til din bruk av, eller manglende evne. \u00e5 bruke, nettstedene de er koblet til. Du godtar videre at MIISOO.com eller bidragsyterne av informasjon til nettstedet ikke vil v\u00e6re ansvarlige for skader eller tap for\u00e5rsaket eller p\u00e5st\u00e5tt \u00e5 v\u00e6re for\u00e5rsaket av deg i avhengighet av slik informasjon.<\/p><p>Alle produktene p\u00e5 denne nettsiden er kun for nyhetsbruk. MIISOO.com gir ingen garantier av noe slag, uttrykt eller underforst\u00e5tt, for at produktet bestilt fra MIISOO.com er fri for skader, produsentfeil og feilaktig fremstilling av produsenten. Ved \u00e5 sende inn bestillingen din, erkjenner og godtar du uttrykkelig f\u00f8lgende: MIISOO.com skal ikke v\u00e6re ansvarlig overfor noen kj\u00f8per, eller andre personer, for noen skade, tap eller skade, enten direkte, indirekte, tilfeldig, spesiell eller f\u00f8lgemessig, uavhengig av den juridiske teorien hevdet, inkludert uaktsomhet og eller objektivt ansvar.<\/p><p><strong>TILBAKEFORDRING<\/strong><\/p><p>Vi logger IP-strenger p\u00e5 alle bestillinger \u2013 alle bestillinger som kommer tilbake som en tilbakef\u00f8ring p\u00e5 grunn av uredelige aktiviteter, vil bli fulgt n\u00f8ye gjennom din lokale jurisdiksjon for rettsforf\u00f8lgelse i det fulle omfang av loven.<\/p><p>For \u00e5 foreta et kj\u00f8p p\u00e5 MIISOO.com, samtykker du i at du ikke vil sende inn noen tvist\/krav eller tilbakef\u00f8ring til kredittkortselskapet ditt p\u00e5 noen bestilling du har gjort p\u00e5 MIISOO.com.<\/p><p>MIISOO.com anser tilbakef\u00f8ring av kredittkort som svindel hvis du ikke har gjort noen rimelig innsats for \u00e5 varsle oss om at et problem eksisterte og gi oss lang tid til \u00e5 l\u00f8se eller avklare saken.<\/p><p>Vi tolererer ikke kredittkortsvindel. Ingen kostnader vil bli spart og all svindel uten unntak vil bli straffeforfulgt i hele lovens omfang. I tillegg vil vi forf\u00f8lge sivile rettslige skritt for \u00e5 s\u00f8ke tap av inntekt relatert til svindelen, inkludert virksomhet, advokatsal\u00e6rer, forskningskostnader, ansattes nedetid og tap av inntekter.<\/p><p>All useri\u00f8s tilbakef\u00f8rsel koster ikke bare v\u00e5re ansatte tid borte fra v\u00e5re vanlige og vanlige saker med \u00e5 drive normal virksomhet, men koster oss derfor penger:<\/p><p>Du godtar at hvis du velger \u00e5 foreta et kj\u00f8p fra MIISOO.com og sende inn en tvist\/krav eller tilbakef\u00f8ring til kredittkortselskapet ditt for en situasjon som er i strid med v\u00e5re vilk\u00e5r og betingelser som du godtar n\u00e5r du legger inn bestillingen ELLER ikke har gitt oss tilstrekkelig tid til \u00e5 erkjenne, bekrefte og unders\u00f8ke situasjonen; og uansett resultat vinner du ikke tilbakef\u00f8ringsargumentet eller tvisten\/kravet.<\/p><p>I tilfelle du vinner tilbakebetalingen med kredittkortselskapet ditt, vil MIISOO.com fors\u00f8ke \u00e5 gjenopprette uredelig omstridte gebyrer pluss tilleggskostnader via et tredjeparts inkassobyr\u00e5. Informasjonen som rapporteres vil inkludere fullt navn, e-post, bestillingsdato, bestillingsbel\u00f8p, IP-adresse, fullstendig adresse og telefonnummer.<\/p>\t\t\t\t\t\t\t\t<\/div>\n\t\t\t\t<\/div>\n\t\t\t\t\t<\/div>\n\t\t<\/div>\n\t\t\t\t<div class=\"elementor-column elementor-col-25 elementor-top-column elementor-element elementor-element-df603f8\" data-id=\"df603f8\" data-element_type=\"column\">\n\t\t\t<div class=\"elementor-widget-wrap\">\n\t\t\t\t\t\t\t<\/div>\n\t\t<\/div>\n\t\t\t\t\t<\/div>\n\t\t<\/section>\n\t\t\t\t<\/div>","protected":false},"excerpt":{"rendered":"<p>Last updated on May 25th, 2017 at 10:23 am WARNING. This site contains sexually oriented adult material intended for individuals 18 years of age or older. If you are not yet 18. By viewing this site you agree that you understand and the below terms: 18 YEARS AND OLDER MIISOO.com cannot prohibit minors from visiting&hellip;<\/p>","protected":false},"author":455,"featured_media":0,"parent":0,"menu_order":0,"comment_status":"closed","ping_status":"open","template":"","meta":{"footnotes":""},"class_list":["post-4494","page","type-page","status-publish","hentry"],"yoast_head":"<!-- This site is optimized with the Yoast SEO Premium plugin v22.6 (Yoast SEO v22.9) - https:\/\/yoast.com\/wordpress\/plugins\/seo\/ -->\n<title>Explore Adult Content| Age 18+ Disclaimer | MiisooDoll<\/title>\n<meta name=\"description\" content=\"Discover adult content responsibly with MiisooDoll&#039;s age 18+ disclaimer. Explore a world of intimate satisfaction while prioritizing legal and ethical guidelines.\" \/>\n<meta name=\"robots\" content=\"index, follow, max-snippet:-1, max-image-preview:large, max-video-preview:-1\" \/>\n<link rel=\"canonical\" href=\"https:\/\/www.miisoo.com\/nb\/disclaimer-18\/\" \/>\n<meta property=\"og:locale\" content=\"nb_NO\" \/>\n<meta property=\"og:type\" content=\"article\" \/>\n<meta property=\"og:title\" content=\"Disclaimer 18+\" \/>\n<meta property=\"og:description\" content=\"Discover adult content responsibly with MiisooDoll&#039;s age 18+ disclaimer. Explore a world of intimate satisfaction while prioritizing legal and ethical guidelines.\" \/>\n<meta property=\"og:url\" content=\"https:\/\/www.miisoo.com\/nb\/disclaimer-18\/\" \/>\n<meta property=\"og:site_name\" content=\"MiisooDoll\" \/>\n<meta property=\"article:publisher\" content=\"https:\/\/www.facebook.com\/miisoodoll\" \/>\n<meta property=\"article:modified_time\" content=\"2023-12-22T12:07:15+00:00\" \/>\n<meta name=\"twitter:card\" content=\"summary_large_image\" \/>\n<meta name=\"twitter:site\" content=\"@MiisooSexDolls\" \/>\n<meta name=\"twitter:label1\" content=\"Ansl. lesetid\" \/>\n\t<meta name=\"twitter:data1\" content=\"4 minutter\" \/>\n<!-- \/ Yoast SEO Premium plugin. -->","yoast_head_json":{"title":"Explore Adult Content| Age 18+ Disclaimer | MiisooDoll","description":"Discover adult content responsibly with MiisooDoll's age 18+ disclaimer. Explore a world of intimate satisfaction while prioritizing legal and ethical guidelines.","robots":{"index":"index","follow":"follow","max-snippet":"max-snippet:-1","max-image-preview":"max-image-preview:large","max-video-preview":"max-video-preview:-1"},"canonical":"https:\/\/www.miisoo.com\/nb\/disclaimer-18\/","og_locale":"nb_NO","og_type":"article","og_title":"Disclaimer 18+","og_description":"Discover adult content responsibly with MiisooDoll's age 18+ disclaimer. Explore a world of intimate satisfaction while prioritizing legal and ethical guidelines.","og_url":"https:\/\/www.miisoo.com\/nb\/disclaimer-18\/","og_site_name":"MiisooDoll","article_publisher":"https:\/\/www.facebook.com\/miisoodoll","article_modified_time":"2023-12-22T12:07:15+00:00","twitter_card":"summary_large_image","twitter_site":"@MiisooSexDolls","twitter_misc":{"Ansl. lesetid":"4 minutter"},"schema":{"@context":"https:\/\/schema.org","@graph":[{"@type":"WebPage","@id":"https:\/\/www.miisoo.com\/disclaimer-18\/","url":"https:\/\/www.miisoo.com\/disclaimer-18\/","name":"Explore Adult Content| Age 18+ Disclaimer | MiisooDoll","isPartOf":{"@id":"https:\/\/www.miisoo.com\/#website"},"datePublished":"2020-09-16T06:42:35+00:00","dateModified":"2023-12-22T12:07:15+00:00","description":"Discover adult content responsibly with MiisooDoll's age 18+ disclaimer. Explore a world of intimate satisfaction while prioritizing legal and ethical guidelines.","breadcrumb":{"@id":"https:\/\/www.miisoo.com\/disclaimer-18\/#breadcrumb"},"inLanguage":"nb-NO","potentialAction":[{"@type":"ReadAction","target":["https:\/\/www.miisoo.com\/disclaimer-18\/"]}]},{"@type":"BreadcrumbList","@id":"https:\/\/www.miisoo.com\/disclaimer-18\/#breadcrumb","itemListElement":[{"@type":"ListItem","position":1,"name":"Home","item":"https:\/\/www.miisoo.com\/"},{"@type":"ListItem","position":2,"name":"Disclaimer 18+"}]},{"@type":"WebSite","@id":"https:\/\/www.miisoo.com\/#website","url":"https:\/\/www.miisoo.com\/","name":"MiisooDoll","description":"Sexual Doll, Real Sex Dolls, Love Doll, Best Sex Dolls","publisher":{"@id":"https:\/\/www.miisoo.com\/#organization"},"potentialAction":[{"@type":"SearchAction","target":{"@type":"EntryPoint","urlTemplate":"https:\/\/www.miisoo.com\/?s={search_term_string}"},"query-input":"required name=search_term_string"}],"inLanguage":"nb-NO"},{"@type":"Organization","@id":"https:\/\/www.miisoo.com\/#organization","name":"MiisooDoll","url":"https:\/\/www.miisoo.com\/","logo":{"@type":"ImageObject","inLanguage":"nb-NO","@id":"https:\/\/www.miisoo.com\/#\/schema\/logo\/image\/","url":"https:\/\/www.miisoo.com\/wp-content\/uploads\/2020\/09\/logo-botton.png","contentUrl":"https:\/\/www.miisoo.com\/wp-content\/uploads\/2020\/09\/logo-botton.png","width":181,"height":42,"caption":"MiisooDoll"},"image":{"@id":"https:\/\/www.miisoo.com\/#\/schema\/logo\/image\/"},"sameAs":["https:\/\/www.facebook.com\/miisoodoll","https:\/\/x.com\/MiisooSexDolls"]}]}},"_links":{"self":[{"href":"https:\/\/www.miisoo.com\/nb\/wp-json\/wp\/v2\/pages\/4494","targetHints":{"allow":["GET"]}}],"collection":[{"href":"https:\/\/www.miisoo.com\/nb\/wp-json\/wp\/v2\/pages"}],"about":[{"href":"https:\/\/www.miisoo.com\/nb\/wp-json\/wp\/v2\/types\/page"}],"author":[{"embeddable":true,"href":"https:\/\/www.miisoo.com\/nb\/wp-json\/wp\/v2\/users\/455"}],"replies":[{"embeddable":true,"href":"https:\/\/www.miisoo.com\/nb\/wp-json\/wp\/v2\/comments?post=4494"}],"version-history":[{"count":1,"href":"https:\/\/www.miisoo.com\/nb\/wp-json\/wp\/v2\/pages\/4494\/revisions"}],"predecessor-version":[{"id":34670,"href":"https:\/\/www.miisoo.com\/nb\/wp-json\/wp\/v2\/pages\/4494\/revisions\/34670"}],"wp:attachment":[{"href":"https:\/\/www.miisoo.com\/nb\/wp-json\/wp\/v2\/media?parent=4494"}],"curies":[{"name":"wp","href":"https:\/\/api.w.org\/{rel}","templated":true}]}}