{"id":4339,"date":"2020-09-14T14:46:29","date_gmt":"2020-09-14T06:46:29","guid":{"rendered":"http:\/\/miisoo.com\/?page_id=4339"},"modified":"2023-12-22T20:20:26","modified_gmt":"2023-12-22T12:20:26","slug":"intelligent-pronunciation-heating-system","status":"publish","type":"page","link":"https:\/\/www.miisoo.com\/nb\/intelligent-pronunciation-heating-system\/","title":{"rendered":"Intelligent uttale varmesystem"},"content":{"rendered":"<div data-elementor-type=\"wp-post\" data-elementor-id=\"4339\" class=\"elementor elementor-4339\" data-elementor-post-type=\"page\">\n\t\t\t\t\t\t<section class=\"elementor-section elementor-top-section elementor-element elementor-element-499101e2 elementor-section-full_width elementor-section-stretched elementor-section-height-default elementor-section-height-default\" data-id=\"499101e2\" data-element_type=\"section\" data-settings=\"{&quot;stretch_section&quot;:&quot;section-stretched&quot;}\">\n\t\t\t\t\t\t<div class=\"elementor-container elementor-column-gap-no\">\n\t\t\t\t\t<div class=\"elementor-column elementor-col-100 elementor-top-column elementor-element elementor-element-3ca9cf60\" data-id=\"3ca9cf60\" data-element_type=\"column\">\n\t\t\t<div class=\"elementor-widget-wrap elementor-element-populated\">\n\t\t\t\t\t\t<div class=\"elementor-element elementor-element-54251667 elementor-widget elementor-widget-image\" data-id=\"54251667\" data-element_type=\"widget\" data-widget_type=\"image.default\">\n\t\t\t\t<div class=\"elementor-widget-container\">\n\t\t\t\t\t\t\t\t\t\t\t\t\t\t\t<img fetchpriority=\"high\" decoding=\"async\" width=\"1536\" height=\"480\" src=\"https:\/\/www.miisoo.com\/wp-content\/uploads\/2020\/12\/banner-sex-doll-1.jpg\" class=\"attachment-full size-full wp-image-7398\" alt=\"\" srcset=\"https:\/\/www.miisoo.com\/wp-content\/uploads\/2020\/12\/banner-sex-doll-1.jpg 1536w, https:\/\/www.miisoo.com\/wp-content\/uploads\/2020\/12\/banner-sex-doll-1-300x94.jpg 300w, https:\/\/www.miisoo.com\/wp-content\/uploads\/2020\/12\/banner-sex-doll-1-1024x320.jpg 1024w, https:\/\/www.miisoo.com\/wp-content\/uploads\/2020\/12\/banner-sex-doll-1-768x240.jpg 768w, https:\/\/www.miisoo.com\/wp-content\/uploads\/2020\/12\/banner-sex-doll-1-370x116.jpg 370w, https:\/\/www.miisoo.com\/wp-content\/uploads\/2020\/12\/banner-sex-doll-1-600x188.jpg 600w\" sizes=\"(max-width: 1536px) 100vw, 1536px\" \/>\t\t\t\t\t\t\t\t\t\t\t\t\t\t\t<\/div>\n\t\t\t\t<\/div>\n\t\t\t\t<div class=\"elementor-element elementor-element-a61e060 elementor-widget elementor-widget-spacer\" data-id=\"a61e060\" data-element_type=\"widget\" data-widget_type=\"spacer.default\">\n\t\t\t\t<div class=\"elementor-widget-container\">\n\t\t\t\t\t\t\t<div class=\"elementor-spacer\">\n\t\t\t<div class=\"elementor-spacer-inner\"><\/div>\n\t\t<\/div>\n\t\t\t\t\t\t<\/div>\n\t\t\t\t<\/div>\n\t\t\t\t\t<\/div>\n\t\t<\/div>\n\t\t\t\t\t<\/div>\n\t\t<\/section>\n\t\t\t\t<section class=\"elementor-section elementor-top-section elementor-element elementor-element-3ff6745a elementor-section-boxed elementor-section-height-default elementor-section-height-default\" data-id=\"3ff6745a\" data-element_type=\"section\">\n\t\t\t\t\t\t<div class=\"elementor-container elementor-column-gap-extended\">\n\t\t\t\t\t<div class=\"elementor-column elementor-col-33 elementor-top-column elementor-element elementor-element-5847672a\" data-id=\"5847672a\" data-element_type=\"column\">\n\t\t\t<div class=\"elementor-widget-wrap\">\n\t\t\t\t\t\t\t<\/div>\n\t\t<\/div>\n\t\t\t\t<div class=\"elementor-column elementor-col-33 elementor-top-column elementor-element elementor-element-31cd9c6a\" data-id=\"31cd9c6a\" data-element_type=\"column\">\n\t\t\t<div class=\"elementor-widget-wrap elementor-element-populated\">\n\t\t\t\t\t\t<div class=\"elementor-element elementor-element-4596bb93 elementor-widget elementor-widget-heading\" data-id=\"4596bb93\" data-element_type=\"widget\" data-widget_type=\"heading.default\">\n\t\t\t\t<div class=\"elementor-widget-container\">\n\t\t\t\t\t<h1 class=\"elementor-heading-title elementor-size-large\">Intelligent uttale og varmesystem<\/h1>\t\t\t\t<\/div>\n\t\t\t\t<\/div>\n\t\t\t\t<div class=\"elementor-element elementor-element-24950485 elementor-widget elementor-widget-spacer\" data-id=\"24950485\" data-element_type=\"widget\" data-widget_type=\"spacer.default\">\n\t\t\t\t<div class=\"elementor-widget-container\">\n\t\t\t\t\t\t\t<div class=\"elementor-spacer\">\n\t\t\t<div class=\"elementor-spacer-inner\"><\/div>\n\t\t<\/div>\n\t\t\t\t\t\t<\/div>\n\t\t\t\t<\/div>\n\t\t\t\t<div class=\"elementor-element elementor-element-ac8375b elementor-widget elementor-widget-heading\" data-id=\"ac8375b\" data-element_type=\"widget\" data-widget_type=\"heading.default\">\n\t\t\t\t<div class=\"elementor-widget-container\">\n\t\t\t\t\t<h2 class=\"elementor-heading-title elementor-size-default\">Hvis ikke helt klar for en AI Sex Doll Robot - Smart Doll er et ideelt valg. (Ber\u00f8ringssensorer Interactive Voice + Body Temperature Control ) MIISOO Smart Doll kan sammenlignes med en hvilken som helst h\u00f8ykvalitets TPE Sex Doll (som en WM Doll), men med funksjoner som andre sexdukker ikke har for samme pris:<\/h2>\t\t\t\t<\/div>\n\t\t\t\t<\/div>\n\t\t\t\t<div class=\"elementor-element elementor-element-2362e4d6 elementor-widget elementor-widget-spacer\" data-id=\"2362e4d6\" data-element_type=\"widget\" data-widget_type=\"spacer.default\">\n\t\t\t\t<div class=\"elementor-widget-container\">\n\t\t\t\t\t\t\t<div class=\"elementor-spacer\">\n\t\t\t<div class=\"elementor-spacer-inner\"><\/div>\n\t\t<\/div>\n\t\t\t\t\t\t<\/div>\n\t\t\t\t<\/div>\n\t\t\t\t<div class=\"elementor-element elementor-element-d352fa4 elementor-widget elementor-widget-text-editor\" data-id=\"d352fa4\" data-element_type=\"widget\" data-widget_type=\"text-editor.default\">\n\t\t\t\t<div class=\"elementor-widget-container\">\n\t\t\t\t\t\t\t\t\t<h3><strong>Ber\u00f8ringssensorer for vokalisering av sexdukke kvinnelig orgasme<\/strong><\/h3><p>Intelligent st\u00f8nnesystem med kroppssensorer inkludert en\u00a0<em>vaginal sensor<\/em>,<em>\u00a0venstre brystsensor, h\u00f8yre brystsensor<\/em>(det er uttalebrikker inni),\u00a0<strong>Hvordan \u00e5 bruke:\u00a0<\/strong>Vennligst sl\u00e5r p\u00e5 det intelligente st\u00f8nnesystemet. som reagerer p\u00e5 ber\u00f8ring av vaginalt bryst med erotiske seksuelle st\u00f8nnereaksjoner \u2013 du vil vite n\u00e5r du gleder henne. Hennes sv\u00e6rt seksuelle og intime stemmerespons lar deg nyte den ultimate orgasmen. N\u00e5r den ikke er i bruk, sl\u00e5 av denne knappen.<\/p>\t\t\t\t\t\t\t\t<\/div>\n\t\t\t\t<\/div>\n\t\t\t\t<div class=\"elementor-element elementor-element-7698c75 elementor-widget elementor-widget-text-editor\" data-id=\"7698c75\" data-element_type=\"widget\" data-widget_type=\"text-editor.default\">\n\t\t\t\t<div class=\"elementor-widget-container\">\n\t\t\t\t\t\t\t\t\t<h3><strong>Kroppstemperaturkontrollsystem for kvinnelig sexdukke<\/strong><\/h3><p>Vennligst trykk p\u00e5 kroppstemperatur + kontrolltasten for \u00e5 \u00f8ke enheten til 90 grader, den tilsvarende fysiske temperaturen til dukken kan n\u00e5 45.0C (dukken vil v\u00e6re varm), vi anbefaler \u00e5 \u00f8ke temperaturen p\u00e5 enheten til 75c, tilsvarende den fysiske temperaturen temperatur p\u00e5 dukken ca 35, som er n\u00e6r den normale temperaturen til menneskekroppen, Varm opp den fysiske temperaturen til dukken til en normal kroppstemperatur p\u00e5 36.0C-40C (temperaturen p\u00e5 enheten viser: 75.0c-90.0c). \u00c5 v\u00e6re intim med en varm kropp bringer opplevelsen til et nytt niv\u00e5 av realisme og komfort \u2013 akkurat som \u00e5 v\u00e6re ved siden av en ekte jente.<\/p>\t\t\t\t\t\t\t\t<\/div>\n\t\t\t\t<\/div>\n\t\t\t\t<div class=\"elementor-element elementor-element-4c51eb7 elementor-widget elementor-widget-text-editor\" data-id=\"4c51eb7\" data-element_type=\"widget\" data-widget_type=\"text-editor.default\">\n\t\t\t\t<div class=\"elementor-widget-container\">\n\t\t\t\t\t\t\t\t\t<p>Den vanligste implementeringen er en elektrisk plugg som strekker seg fra baksiden av nakken eller under armen. F\u00f8r bruk vil brukeren ganske enkelt plugge inn sexdukken sin i MAX 25 minutter for \u00e5 la sexdukken varme opp.<\/p>\n<p>Vi tester denne funksjonen flere ganger f\u00f8r du sender pakken din. Kontroller den indre temperaturen f\u00f8r penetrering og ikke la dukken v\u00e6re koblet til veggen lenger enn de anbefalte 25 minuttene. V\u00e5r dukkeingeni\u00f8r har designet funksjonen for overlading, den vil kutte str\u00f8mmen n\u00e5r den n\u00e5r en viss temperatur.<\/p>\t\t\t\t\t\t\t\t<\/div>\n\t\t\t\t<\/div>\n\t\t\t\t<div class=\"elementor-element elementor-element-147a326 elementor-widget elementor-widget-text-editor\" data-id=\"147a326\" data-element_type=\"widget\" data-widget_type=\"text-editor.default\">\n\t\t\t\t<div class=\"elementor-widget-container\">\n\t\t\t\t\t\t\t\t\t<p><strong>MERK:<\/strong>\u00a0Selv om varmesystemet v\u00e5rt har en overladingsfunksjon, husk \u00e5 sl\u00e5 av hele kroppsvarmen etter bruk av dukken. Ved \u00e5 la den st\u00e5 p\u00e5 for lenge kan du skade dukken din. Oppvarmingen m\u00e5 sl\u00e5s av manuelt.<\/p>\t\t\t\t\t\t\t\t<\/div>\n\t\t\t\t<\/div>\n\t\t\t\t<div class=\"elementor-element elementor-element-5873c051 elementor-widget elementor-widget-spacer\" data-id=\"5873c051\" data-element_type=\"widget\" data-widget_type=\"spacer.default\">\n\t\t\t\t<div class=\"elementor-widget-container\">\n\t\t\t\t\t\t\t<div class=\"elementor-spacer\">\n\t\t\t<div class=\"elementor-spacer-inner\"><\/div>\n\t\t<\/div>\n\t\t\t\t\t\t<\/div>\n\t\t\t\t<\/div>\n\t\t\t\t\t<\/div>\n\t\t<\/div>\n\t\t\t\t<div class=\"elementor-column elementor-col-33 elementor-top-column elementor-element elementor-element-5e91253d\" data-id=\"5e91253d\" data-element_type=\"column\">\n\t\t\t<div class=\"elementor-widget-wrap\">\n\t\t\t\t\t\t\t<\/div>\n\t\t<\/div>\n\t\t\t\t\t<\/div>\n\t\t<\/section>\n\t\t\t\t<section class=\"elementor-section elementor-top-section elementor-element elementor-element-16c58fea elementor-section-boxed elementor-section-height-default elementor-section-height-default\" data-id=\"16c58fea\" data-element_type=\"section\">\n\t\t\t\t\t\t<div class=\"elementor-container elementor-column-gap-default\">\n\t\t\t\t\t<div class=\"elementor-column elementor-col-100 elementor-top-column elementor-element elementor-element-74ba8617\" data-id=\"74ba8617\" data-element_type=\"column\">\n\t\t\t<div class=\"elementor-widget-wrap elementor-element-populated\">\n\t\t\t\t\t\t<div class=\"elementor-element elementor-element-312fc24e elementor-widget elementor-widget-spacer\" data-id=\"312fc24e\" data-element_type=\"widget\" data-widget_type=\"spacer.default\">\n\t\t\t\t<div class=\"elementor-widget-container\">\n\t\t\t\t\t\t\t<div class=\"elementor-spacer\">\n\t\t\t<div class=\"elementor-spacer-inner\"><\/div>\n\t\t<\/div>\n\t\t\t\t\t\t<\/div>\n\t\t\t\t<\/div>\n\t\t\t\t\t<\/div>\n\t\t<\/div>\n\t\t\t\t\t<\/div>\n\t\t<\/section>\n\t\t\t\t<\/div>","protected":false},"excerpt":{"rendered":"<p>Intelligent Pronunciation &amp; Heating System If Not quite ready for an AI Sex Doll Robot \u2013 the Smart Doll is an ideal choice. (Touch sensors Interactive Voice + Body Temperature Control ) MIISOO Smart Doll is comparable to any high-quality TPE Sex Doll (like a WM Doll) but with features that other sex dolls do&hellip;<\/p>","protected":false},"author":455,"featured_media":0,"parent":0,"menu_order":0,"comment_status":"closed","ping_status":"closed","template":"template-full-width.php","meta":{"footnotes":""},"class_list":["post-4339","page","type-page","status-publish","hentry"],"yoast_head":"<!-- This site is optimized with the Yoast SEO Premium plugin v22.6 (Yoast SEO v22.9) - https:\/\/yoast.com\/wordpress\/plugins\/seo\/ -->\n<title>Intelligent Pronunciation Heating System - MiisooDoll<\/title>\n<meta name=\"description\" content=\"Achieve linguistic excellence with MiisooDoll&#039;s Pronunciation Heating System. Precision in every spoken word. Clear, concise, confident speech with MiisooDoll&#039;s\" \/>\n<meta name=\"robots\" content=\"index, follow, max-snippet:-1, max-image-preview:large, max-video-preview:-1\" \/>\n<link rel=\"canonical\" href=\"https:\/\/www.miisoo.com\/nb\/intelligent-pronunciation-heating-system\/\" \/>\n<meta property=\"og:locale\" content=\"nb_NO\" \/>\n<meta property=\"og:type\" content=\"article\" \/>\n<meta property=\"og:title\" content=\"Intelligent Pronunciation Heating System\" \/>\n<meta property=\"og:description\" content=\"Achieve linguistic excellence with MiisooDoll&#039;s Pronunciation Heating System. Precision in every spoken word. Clear, concise, confident speech with MiisooDoll&#039;s\" \/>\n<meta property=\"og:url\" content=\"https:\/\/www.miisoo.com\/nb\/intelligent-pronunciation-heating-system\/\" \/>\n<meta property=\"og:site_name\" content=\"MiisooDoll\" \/>\n<meta property=\"article:publisher\" content=\"https:\/\/www.facebook.com\/miisoodoll\" \/>\n<meta property=\"article:modified_time\" content=\"2023-12-22T12:20:26+00:00\" \/>\n<meta property=\"og:image\" content=\"https:\/\/www.miisoo.com\/wp-content\/uploads\/2020\/12\/banner-sex-doll-1.jpg\" \/>\n<meta name=\"twitter:card\" content=\"summary_large_image\" \/>\n<meta name=\"twitter:site\" content=\"@MiisooSexDolls\" \/>\n<meta name=\"twitter:label1\" content=\"Ansl. lesetid\" \/>\n\t<meta name=\"twitter:data1\" content=\"2 minutter\" \/>\n<!-- \/ Yoast SEO Premium plugin. -->","yoast_head_json":{"title":"Intelligent Pronunciation Heating System - MiisooDoll","description":"Achieve linguistic excellence with MiisooDoll's Pronunciation Heating System. Precision in every spoken word. Clear, concise, confident speech with MiisooDoll's","robots":{"index":"index","follow":"follow","max-snippet":"max-snippet:-1","max-image-preview":"max-image-preview:large","max-video-preview":"max-video-preview:-1"},"canonical":"https:\/\/www.miisoo.com\/nb\/intelligent-pronunciation-heating-system\/","og_locale":"nb_NO","og_type":"article","og_title":"Intelligent Pronunciation Heating System","og_description":"Achieve linguistic excellence with MiisooDoll's Pronunciation Heating System. Precision in every spoken word. Clear, concise, confident speech with MiisooDoll's","og_url":"https:\/\/www.miisoo.com\/nb\/intelligent-pronunciation-heating-system\/","og_site_name":"MiisooDoll","article_publisher":"https:\/\/www.facebook.com\/miisoodoll","article_modified_time":"2023-12-22T12:20:26+00:00","og_image":[{"url":"https:\/\/www.miisoo.com\/wp-content\/uploads\/2020\/12\/banner-sex-doll-1.jpg"}],"twitter_card":"summary_large_image","twitter_site":"@MiisooSexDolls","twitter_misc":{"Ansl. lesetid":"2 minutter"},"schema":{"@context":"https:\/\/schema.org","@graph":[{"@type":"WebPage","@id":"https:\/\/www.miisoo.com\/intelligent-pronunciation-heating-system\/","url":"https:\/\/www.miisoo.com\/intelligent-pronunciation-heating-system\/","name":"Intelligent Pronunciation Heating System - MiisooDoll","isPartOf":{"@id":"https:\/\/www.miisoo.com\/#website"},"primaryImageOfPage":{"@id":"https:\/\/www.miisoo.com\/intelligent-pronunciation-heating-system\/#primaryimage"},"image":{"@id":"https:\/\/www.miisoo.com\/intelligent-pronunciation-heating-system\/#primaryimage"},"thumbnailUrl":"https:\/\/www.miisoo.com\/wp-content\/uploads\/2020\/12\/banner-sex-doll-1.jpg","datePublished":"2020-09-14T06:46:29+00:00","dateModified":"2023-12-22T12:20:26+00:00","description":"Achieve linguistic excellence with MiisooDoll's Pronunciation Heating System. Precision in every spoken word. Clear, concise, confident speech with MiisooDoll's","breadcrumb":{"@id":"https:\/\/www.miisoo.com\/intelligent-pronunciation-heating-system\/#breadcrumb"},"inLanguage":"nb-NO","potentialAction":[{"@type":"ReadAction","target":["https:\/\/www.miisoo.com\/intelligent-pronunciation-heating-system\/"]}]},{"@type":"ImageObject","inLanguage":"nb-NO","@id":"https:\/\/www.miisoo.com\/intelligent-pronunciation-heating-system\/#primaryimage","url":"https:\/\/www.miisoo.com\/wp-content\/uploads\/2020\/12\/banner-sex-doll-1.jpg","contentUrl":"https:\/\/www.miisoo.com\/wp-content\/uploads\/2020\/12\/banner-sex-doll-1.jpg"},{"@type":"BreadcrumbList","@id":"https:\/\/www.miisoo.com\/intelligent-pronunciation-heating-system\/#breadcrumb","itemListElement":[{"@type":"ListItem","position":1,"name":"Home","item":"https:\/\/www.miisoo.com\/"},{"@type":"ListItem","position":2,"name":"Intelligent Pronunciation Heating System"}]},{"@type":"WebSite","@id":"https:\/\/www.miisoo.com\/#website","url":"https:\/\/www.miisoo.com\/","name":"MiisooDoll","description":"Sexual Doll, Real Sex Dolls, Love Doll, Best Sex Dolls","publisher":{"@id":"https:\/\/www.miisoo.com\/#organization"},"potentialAction":[{"@type":"SearchAction","target":{"@type":"EntryPoint","urlTemplate":"https:\/\/www.miisoo.com\/?s={search_term_string}"},"query-input":"required name=search_term_string"}],"inLanguage":"nb-NO"},{"@type":"Organization","@id":"https:\/\/www.miisoo.com\/#organization","name":"MiisooDoll","url":"https:\/\/www.miisoo.com\/","logo":{"@type":"ImageObject","inLanguage":"nb-NO","@id":"https:\/\/www.miisoo.com\/#\/schema\/logo\/image\/","url":"https:\/\/www.miisoo.com\/wp-content\/uploads\/2020\/09\/logo-botton.png","contentUrl":"https:\/\/www.miisoo.com\/wp-content\/uploads\/2020\/09\/logo-botton.png","width":181,"height":42,"caption":"MiisooDoll"},"image":{"@id":"https:\/\/www.miisoo.com\/#\/schema\/logo\/image\/"},"sameAs":["https:\/\/www.facebook.com\/miisoodoll","https:\/\/x.com\/MiisooSexDolls"]}]}},"_links":{"self":[{"href":"https:\/\/www.miisoo.com\/nb\/wp-json\/wp\/v2\/pages\/4339","targetHints":{"allow":["GET"]}}],"collection":[{"href":"https:\/\/www.miisoo.com\/nb\/wp-json\/wp\/v2\/pages"}],"about":[{"href":"https:\/\/www.miisoo.com\/nb\/wp-json\/wp\/v2\/types\/page"}],"author":[{"embeddable":true,"href":"https:\/\/www.miisoo.com\/nb\/wp-json\/wp\/v2\/users\/455"}],"replies":[{"embeddable":true,"href":"https:\/\/www.miisoo.com\/nb\/wp-json\/wp\/v2\/comments?post=4339"}],"version-history":[{"count":1,"href":"https:\/\/www.miisoo.com\/nb\/wp-json\/wp\/v2\/pages\/4339\/revisions"}],"predecessor-version":[{"id":34676,"href":"https:\/\/www.miisoo.com\/nb\/wp-json\/wp\/v2\/pages\/4339\/revisions\/34676"}],"wp:attachment":[{"href":"https:\/\/www.miisoo.com\/nb\/wp-json\/wp\/v2\/media?parent=4339"}],"curies":[{"name":"wp","href":"https:\/\/api.w.org\/{rel}","templated":true}]}}