{"id":3,"date":"2020-09-05T13:19:56","date_gmt":"2020-09-05T13:19:56","guid":{"rendered":"http:\/\/miisoo.com\/?page_id=3"},"modified":"2023-12-22T20:16:22","modified_gmt":"2023-12-22T12:16:22","slug":"privacy-policy","status":"publish","type":"page","link":"https:\/\/www.miisoo.com\/nb\/privacy-policy\/","title":{"rendered":"Personvernerkl\u00e6ring"},"content":{"rendered":"<div data-elementor-type=\"wp-page\" data-elementor-id=\"3\" class=\"elementor elementor-3\" data-elementor-post-type=\"page\">\n\t\t\t\t\t\t<section class=\"elementor-section elementor-top-section elementor-element elementor-element-c76458e elementor-section-boxed elementor-section-height-default elementor-section-height-default\" data-id=\"c76458e\" data-element_type=\"section\">\n\t\t\t\t\t\t<div class=\"elementor-container elementor-column-gap-default\">\n\t\t\t\t\t<div class=\"elementor-column elementor-col-25 elementor-top-column elementor-element elementor-element-8b5e8e1\" data-id=\"8b5e8e1\" data-element_type=\"column\">\n\t\t\t<div class=\"elementor-widget-wrap\">\n\t\t\t\t\t\t\t<\/div>\n\t\t<\/div>\n\t\t\t\t<div class=\"elementor-column elementor-col-50 elementor-top-column elementor-element elementor-element-5afa608\" data-id=\"5afa608\" data-element_type=\"column\">\n\t\t\t<div class=\"elementor-widget-wrap elementor-element-populated\">\n\t\t\t\t\t\t<div class=\"elementor-element elementor-element-1111958 elementor-widget elementor-widget-text-editor\" data-id=\"1111958\" data-element_type=\"widget\" data-widget_type=\"text-editor.default\">\n\t\t\t\t<div class=\"elementor-widget-container\">\n\t\t\t\t\t\t\t\t\t<p>MIISOO er eneeier av informasjonen vi samler inn p\u00e5 denne siden, vi selger, leier eller deler ikke denne informasjonen med noe annet selskap for markedsf\u00f8ringsform\u00e5l. Vi vet at du bryr deg om hvordan din personlige informasjon brukes og deles, og vi setter pris p\u00e5 din tillit til oss. Vi behandler din personlige informasjon med de h\u00f8yeste standardene for sikkerhet, sikkerhet og konfidensialitet.<\/p>\n<p><strong>Q. Jeg er bekymret for mitt privatliv. Hvordan kan du beskytte min konfidensialitet?<\/strong><\/p>\n<p>A. Vi er sv\u00e6rt bekymret for elektronisk personvern, gitt at vi er en Internett-basert virksomhet. Vi beskytter ditt personvern, konfidensialitet og personlig informasjon gjennom bestillings- og oppfyllelsesprosessen. Vi lagrer ikke dataene dine p\u00e5 en datamaskin p\u00e5 v\u00e5r side, s\u00e5 det betyr at det ikke er noen m\u00e5te \u00e5 bruke din personlige informasjon mot deg eller f\u00e5 den stj\u00e5let p\u00e5 en tredjepartsside. Vi beskytter ogs\u00e5 personvernet ditt ved \u00e5 l\u00e6re opp selgerne v\u00e5re til \u00e5 v\u00e6re hjelpsomme og fremfor alt diskr\u00e9. V\u00e5re administrative ansatte vil ikke diskutere deg eller din virksomhet med noen. Du kan v\u00e6re trygg p\u00e5 at vi raskt glemmer alt vi samler p\u00e5 deg. Vi oppbevarer ikke slik informasjon, s\u00e5 du trenger ikke \u00e5 bekymre deg.<\/p>\n<p>Alle v\u00e5re salgsmedarbeidere er h\u00e5ndvalgt og h\u00e5ndtrent for \u00e5 sikre at de forst\u00e5r hvordan de kan opprettholde klientens konfidensialitet. Ingen ansatte som bryter disse konfidensialitetsreglene har lov til \u00e5 forbli. V\u00e5re ansatte diskuterer heller ikke klienter eller deres kj\u00f8p seg imellom. Vi l\u00e6rer dem at denne typen ledig sladder rett og slett ikke er noe som er nyttig eller nyttig, s\u00e5 den beste m\u00e5ten \u00e5 h\u00e5ndtere det p\u00e5 er rett og slett \u00e5 ikke gj\u00f8re det. Du kan ikke fullt ut nyte kj\u00f8pet ditt hvis du er bekymret for \u00e5 f\u00e5 din personlige virksomhet eksponert.<\/p>\n<p>Sexdukkekj\u00f8pet ditt vil forbli helt hemmelig s\u00e5 lenge vi har noe \u00e5 si om det. Vi vil opprettholde personvernet ditt fra start til slutt, og vi vil aldri fraskrive oss p\u00e5 dette punktet. N\u00e5r du vet at personvernet ditt er beskyttet, kan du lene deg tilbake, slappe av og nyte det du har kj\u00f8pt. Jo mer avslappet du er, jo mer moro vil du ha det, og jo mer moro du har det, jo bedre har vi gjort jobben v\u00e5r. Vi vil ikke hvile f\u00f8r vi vet at du er forn\u00f8yd. Din tilfredshet og din sexdukkeopplevelse er utrolig viktig for oss.<\/p>\n<h3>Hvilken informasjon samler vi inn?<\/h3>\n<p>Vi samler inn informasjon fra deg n\u00e5r du registrerer deg p\u00e5 siden v\u00e5r, legger inn en bestilling eller abonnerer p\u00e5 v\u00e5rt nyhetsbrev.<\/p>\n<p>N\u00e5r du bestiller eller registrerer deg p\u00e5 nettstedet v\u00e5rt, etter behov, kan du bli bedt om \u00e5 oppgi: navn, e-postadresse, postadresse eller telefonnummer. Du kan imidlertid bes\u00f8ke nettstedet v\u00e5rt anonymt.<\/p>\n<h3>Hva bruker vi informasjonen din til?<\/h3>\n<p>All informasjon vi samler inn fra deg kan brukes p\u00e5 en av f\u00f8lgende m\u00e5ter:<\/p>\n<p>Slik tilpasser du opplevelsen din:<br>(informasjonen din hjelper oss til \u00e5 bedre svare p\u00e5 dine individuelle behov)<\/p>\n<p>For \u00e5 behandle transaksjoner:<br>Din informasjon, enten offentlig eller privat, vil ikke bli solgt, utvekslet, overf\u00f8rt eller gitt til noe annet selskap av noen som helst grunn, uten ditt samtykke, annet enn for det uttrykkelige form\u00e5let \u00e5 levere det kj\u00f8pte produktet eller tjenesten som foresp\u00f8rres.<\/p>\n<p>Slik sender du periodiske e-poster:<br>E-postadressen du oppgir for bestillingsbehandling kan brukes til \u00e5 sende deg informasjon og oppdateringer knyttet til bestillingen din. I tillegg til \u00e5 motta sporadiske bedriftsnyheter, oppdateringer, relatert produkt- eller tjenesteinformasjon, etc.<br>Merk: Hvis du p\u00e5 noe tidspunkt \u00f8nsker \u00e5 avslutte abonnementet fra \u00e5 motta fremtidige e-poster, inkluderer vi detaljerte avmeldingsinstruksjoner nederst i hver e-post.<\/p>\n<h3 class=\"m_top\">Hvordan beskytter vi informasjonen din?<\/h3>\n<p class=\"m_bottom\">Vi implementerer en rekke sikkerhetstiltak for \u00e5 opprettholde sikkerheten til din personlige informasjon n\u00e5r du legger inn en bestilling eller legger inn, sender inn eller f\u00e5r tilgang til din personlige informasjon.<br>Vi tilbyr bruk av en sikker server. All oppgitt sensitiv\/kredittinformasjon overf\u00f8res via Secure Socket Layer (SSL)-teknologi og krypteres deretter inn i v\u00e5r betalingsgateway-leverand\u00f8rdatabase kun for \u00e5 v\u00e6re tilgjengelig for de som er autorisert med spesielle tilgangsrettigheter til slike systemer, og er p\u00e5lagt \u00e5 holde informasjonen konfidensiell.<br>Etter en transaksjon vil ikke din private informasjon (kredittkort, personnummer, \u00f8konomi osv.) bli lagret p\u00e5 v\u00e5re servere.<\/p>\n<h3>Bruker vi informasjonskapsler?<\/h3>\n<p>es. Informasjonskapsler er sm\u00e5 filer som et nettsted eller dets tjenesteleverand\u00f8r overf\u00f8rer til datamaskinens harddisk via nettleseren din (hvis du tillater det) som gj\u00f8r det mulig for nettstedene eller tjenesteleverand\u00f8renes systemer \u00e5 gjenkjenne nettleseren din og fange opp og huske viss informasjon. Vi bruker informasjonskapsler for \u00e5 hjelpe oss husk og behandle varene i handlekurven din, forst\u00e5 og lagre innstillingene dine for fremtidige bes\u00f8k, hold oversikt over annonser og kompiler aggregerte data om nettstedtrafikk og nettstedinteraksjon slik at vi kan tilby bedre nettstedopplevelser og verkt\u00f8y i fremtiden.<\/p>\n<h3>Avsl\u00f8rer vi informasjon til eksterne parter?<\/h3>\n<p>Vi selger, bytter eller p\u00e5 annen m\u00e5te overf\u00f8rer din personlig identifiserbare informasjon til eksterne parter. Dette inkluderer ikke p\u00e5litelige tredjeparter som hjelper oss med \u00e5 drive nettstedet v\u00e5rt, drive virksomheten v\u00e5r eller betjene deg, s\u00e5 lenge disse partene godtar \u00e5 holde denne informasjonen konfidensiell. Vi kan ogs\u00e5 frigi informasjonen din n\u00e5r vi mener at utgivelsen er passende for \u00e5 overholde loven, h\u00e5ndheve retningslinjene for nettstedet eller beskytte v\u00e5re eller andres rettigheter, eiendom eller sikkerhet. Imidlertid kan ikke-personlig identifiserbar bes\u00f8ksinformasjon gis til andre parter for markedsf\u00f8ring, reklame eller annen bruk.<\/p>\n<h3>Tredjepartskoblinger<\/h3>\n<p>Av og til, etter eget skj\u00f8nn, kan vi inkludere eller tilby tredjepartsprodukter eller -tjenester p\u00e5 nettstedet v\u00e5rt. Disse tredjepartssidene har separate og uavhengige personvernregler. derfor har vi ikke noe ansvar eller ansvar for innholdet og aktivitetene til disse tilknyttede nettstedene. Ikke desto mindre s\u00f8ker vi \u00e5 beskytte integriteten til nettstedet v\u00e5rt og tar gjerne imot tilbakemeldinger om disse sidene.<\/p>\n<p class=\"m_bottom\">\n<\/p><h3>Overholdelse av Children&#039;s Online Privacy Protection Act<\/h3>\n<p>Vi er i samsvar med kravene i COPPA (Children&#039;s Online Privacy Protection Act). Vi samler ikke inn informasjon fra noen under 13 \u00e5r. V\u00e5re nettsider, produkter og tjenester er alle rettet mot personer som er minst 13 \u00e5r eller eldre.<\/p>\n<h3>Bare online personvernregler<\/h3>\n<p>Denne nettbaserte personvernerkl\u00e6ringen gjelder kun for informasjon som samles inn via nettstedet v\u00e5rt og ikke for informasjon som samles inn offline.<\/p>\n<h3>Vilk\u00e5r og betingelser<\/h3>\n<p>Bes\u00f8k ogs\u00e5 seksjonen v\u00e5r med vilk\u00e5r og betingelser for \u00e5 fastsl\u00e5 bruken, ansvarsfraskrivelsene og ansvarsbegrensningene for bruken av nettstedet v\u00e5rt p\u00e5&nbsp;<a href=\"https:\/\/www.miisoo.com\/nb\/\" target=\"_blank\" style=\"font-family: inherit; font-weight: var( --e-global-typography-text-font-weight ); background-color: rgb(255, 255, 255);\">www.miisoo.com<\/a><\/p>\n<h3>Ditt samtykke<\/h3>\n<p>Ved \u00e5 bruke nettstedet v\u00e5rt samtykker du til v\u00e5r personvernpolicy for nettstedet.<\/p>\n<h3>Endringer i v\u00e5r personvernerkl\u00e6ring<\/h3>\n<p>Hvis vi bestemmer oss for \u00e5 endre personvernreglene v\u00e5re, vil vi oppdatere endringsdatoen for personvernreglene nedenfor.<br>Denne policyen ble sist endret 03.06.2018<\/p>\t\t\t\t\t\t\t\t<\/div>\n\t\t\t\t<\/div>\n\t\t\t\t\t<\/div>\n\t\t<\/div>\n\t\t\t\t<div class=\"elementor-column elementor-col-25 elementor-top-column elementor-element elementor-element-df603f8\" data-id=\"df603f8\" data-element_type=\"column\">\n\t\t\t<div class=\"elementor-widget-wrap\">\n\t\t\t\t\t\t\t<\/div>\n\t\t<\/div>\n\t\t\t\t\t<\/div>\n\t\t<\/section>\n\t\t\t\t<\/div>","protected":false},"excerpt":{"rendered":"<p>MIISOO is the sole owner of the information we collect at this site, we do not sell, rent or share this information with any other company for the purpose of marketing. We know that you care how your personal information is used and shared, and we appreciate your trust in us. We treat your personal&hellip;<\/p>","protected":false},"author":455,"featured_media":0,"parent":0,"menu_order":0,"comment_status":"closed","ping_status":"open","template":"","meta":{"footnotes":""},"class_list":["post-3","page","type-page","status-publish","hentry"],"yoast_head":"<!-- This site is optimized with the Yoast SEO Premium plugin v22.6 (Yoast SEO v22.9) - https:\/\/yoast.com\/wordpress\/plugins\/seo\/ -->\n<title>Privacy Policy | Cheap Real Sex Dolls | MiisooDoll<\/title>\n<meta name=\"description\" content=\"Review MiisooDoll&#039;s privacy policy for transparent handling of data. Shop confidently for cheap real sex dolls. Your privacy, our priority at MiisooDoll.\" \/>\n<meta name=\"robots\" content=\"index, follow, max-snippet:-1, max-image-preview:large, max-video-preview:-1\" \/>\n<link rel=\"canonical\" href=\"https:\/\/www.miisoo.com\/nb\/privacy-policy\/\" \/>\n<meta property=\"og:locale\" content=\"nb_NO\" \/>\n<meta property=\"og:type\" content=\"article\" \/>\n<meta property=\"og:title\" content=\"Privacy Policy\" \/>\n<meta property=\"og:description\" content=\"Review MiisooDoll&#039;s privacy policy for transparent handling of data. Shop confidently for cheap real sex dolls. Your privacy, our priority at MiisooDoll.\" \/>\n<meta property=\"og:url\" content=\"https:\/\/www.miisoo.com\/nb\/privacy-policy\/\" \/>\n<meta property=\"og:site_name\" content=\"MiisooDoll\" \/>\n<meta property=\"article:publisher\" content=\"https:\/\/www.facebook.com\/miisoodoll\" \/>\n<meta property=\"article:modified_time\" content=\"2023-12-22T12:16:22+00:00\" \/>\n<meta name=\"twitter:card\" content=\"summary_large_image\" \/>\n<meta name=\"twitter:site\" content=\"@MiisooSexDolls\" \/>\n<meta name=\"twitter:label1\" content=\"Ansl. lesetid\" \/>\n\t<meta name=\"twitter:data1\" content=\"5 minutter\" \/>\n<!-- \/ Yoast SEO Premium plugin. -->","yoast_head_json":{"title":"Privacy Policy | Cheap Real Sex Dolls | MiisooDoll","description":"Review MiisooDoll's privacy policy for transparent handling of data. Shop confidently for cheap real sex dolls. Your privacy, our priority at MiisooDoll.","robots":{"index":"index","follow":"follow","max-snippet":"max-snippet:-1","max-image-preview":"max-image-preview:large","max-video-preview":"max-video-preview:-1"},"canonical":"https:\/\/www.miisoo.com\/nb\/privacy-policy\/","og_locale":"nb_NO","og_type":"article","og_title":"Privacy Policy","og_description":"Review MiisooDoll's privacy policy for transparent handling of data. Shop confidently for cheap real sex dolls. Your privacy, our priority at MiisooDoll.","og_url":"https:\/\/www.miisoo.com\/nb\/privacy-policy\/","og_site_name":"MiisooDoll","article_publisher":"https:\/\/www.facebook.com\/miisoodoll","article_modified_time":"2023-12-22T12:16:22+00:00","twitter_card":"summary_large_image","twitter_site":"@MiisooSexDolls","twitter_misc":{"Ansl. lesetid":"5 minutter"},"schema":{"@context":"https:\/\/schema.org","@graph":[{"@type":"WebPage","@id":"https:\/\/www.miisoo.com\/nl\/privacy-policy\/","url":"https:\/\/www.miisoo.com\/nl\/privacy-policy\/","name":"Privacy Policy | Cheap Real Sex Dolls | MiisooDoll","isPartOf":{"@id":"https:\/\/www.miisoo.com\/#website"},"datePublished":"2020-09-05T13:19:56+00:00","dateModified":"2023-12-22T12:16:22+00:00","description":"Review MiisooDoll's privacy policy for transparent handling of data. Shop confidently for cheap real sex dolls. Your privacy, our priority at MiisooDoll.","breadcrumb":{"@id":"https:\/\/www.miisoo.com\/nl\/privacy-policy\/#breadcrumb"},"inLanguage":"nb-NO","potentialAction":[{"@type":"ReadAction","target":["https:\/\/www.miisoo.com\/nl\/privacy-policy\/"]}]},{"@type":"BreadcrumbList","@id":"https:\/\/www.miisoo.com\/nl\/privacy-policy\/#breadcrumb","itemListElement":[{"@type":"ListItem","position":1,"name":"Home","item":"https:\/\/www.miisoo.com\/"},{"@type":"ListItem","position":2,"name":"Privacy Policy"}]},{"@type":"WebSite","@id":"https:\/\/www.miisoo.com\/#website","url":"https:\/\/www.miisoo.com\/","name":"MiisooDoll","description":"Sexual Doll, Real Sex Dolls, Love Doll, Best Sex Dolls","publisher":{"@id":"https:\/\/www.miisoo.com\/#organization"},"potentialAction":[{"@type":"SearchAction","target":{"@type":"EntryPoint","urlTemplate":"https:\/\/www.miisoo.com\/?s={search_term_string}"},"query-input":"required name=search_term_string"}],"inLanguage":"nb-NO"},{"@type":"Organization","@id":"https:\/\/www.miisoo.com\/#organization","name":"MiisooDoll","url":"https:\/\/www.miisoo.com\/","logo":{"@type":"ImageObject","inLanguage":"nb-NO","@id":"https:\/\/www.miisoo.com\/#\/schema\/logo\/image\/","url":"https:\/\/www.miisoo.com\/wp-content\/uploads\/2020\/09\/logo-botton.png","contentUrl":"https:\/\/www.miisoo.com\/wp-content\/uploads\/2020\/09\/logo-botton.png","width":181,"height":42,"caption":"MiisooDoll"},"image":{"@id":"https:\/\/www.miisoo.com\/#\/schema\/logo\/image\/"},"sameAs":["https:\/\/www.facebook.com\/miisoodoll","https:\/\/x.com\/MiisooSexDolls"]}]}},"_links":{"self":[{"href":"https:\/\/www.miisoo.com\/nb\/wp-json\/wp\/v2\/pages\/3","targetHints":{"allow":["GET"]}}],"collection":[{"href":"https:\/\/www.miisoo.com\/nb\/wp-json\/wp\/v2\/pages"}],"about":[{"href":"https:\/\/www.miisoo.com\/nb\/wp-json\/wp\/v2\/types\/page"}],"author":[{"embeddable":true,"href":"https:\/\/www.miisoo.com\/nb\/wp-json\/wp\/v2\/users\/455"}],"replies":[{"embeddable":true,"href":"https:\/\/www.miisoo.com\/nb\/wp-json\/wp\/v2\/comments?post=3"}],"version-history":[{"count":1,"href":"https:\/\/www.miisoo.com\/nb\/wp-json\/wp\/v2\/pages\/3\/revisions"}],"predecessor-version":[{"id":34673,"href":"https:\/\/www.miisoo.com\/nb\/wp-json\/wp\/v2\/pages\/3\/revisions\/34673"}],"wp:attachment":[{"href":"https:\/\/www.miisoo.com\/nb\/wp-json\/wp\/v2\/media?parent=3"}],"curies":[{"name":"wp","href":"https:\/\/api.w.org\/{rel}","templated":true}]}}