{"id":21449,"date":"2022-01-06T14:06:57","date_gmt":"2022-01-06T06:06:57","guid":{"rendered":"https:\/\/www.miisoo.com\/?post_type=product&#038;p=21449"},"modified":"2022-01-07T15:58:42","modified_gmt":"2022-01-07T07:58:42","slug":"lifelike-full-body-male-sex-doll","status":"publish","type":"product","link":"https:\/\/www.miisoo.com\/lv\/product\/lifelike-full-body-male-sex-doll\/","title":{"rendered":"Musa \u2013 175\u00a0cm dz\u012bvesveida v\u012brie\u0161u dzimuma lelle"},"content":{"rendered":"<p>\u0160\u012b v\u012brie\u0161u dzimuma lelle vis\u0101 \u0137ermen\u012b darbojas k\u0101 stript\u012bza dejot\u0101ja. Lai gan daudzi dom\u0101, ka tas nav v\u0113rt\u012bgs darbs, \u0161\u012b re\u0101l\u0101s dz\u012bves seksa lelle var\u0113tu at\u0161\u0137irties. Neatkar\u012bgi no <a href=\"https:\/\/happyrubin.com\/virtues\/generosity\/\">d\u0101sni padomi<\/a> ko vi\u0146\u0161 sa\u0146em, \u0161\u012b v\u012brie\u0161u dzimuma lelle sieviet\u0113m nopelna pien\u0101c\u012bgu summu, dejojot uz skatuves un novelkot dr\u0113bes.<\/p>\n<p>Sievietes veido visvair\u0101k entuziasma veida klientus, kuri ir gatavi t\u0113r\u0113t savu naudu jebko. Nereti var atrast sievieti, kura v\u0113las samaks\u0101t par priv\u0101tu izr\u0101di. Sievie\u0161u seksa lell\u0113m dabiskaj\u0101 izm\u0113r\u0101 ir pien\u0101kums iepriecin\u0101t savas d\u0101mas, ta\u010du tas ir nepiecie\u0161ams, lai padar\u012btu vi\u0146as laim\u012bgas.<\/p>\n<p>\u0160\u012b dz\u012bvel\u012bg\u0101 v\u012brie\u0161u dzimuma lelle ir izdom\u0101jusi <a href=\"https:\/\/www.miisoo.com\/lv\/products\/full-size-gay-lifelike-male-real-dolls\/\">\u0101r\u0101<\/a> lai d\u0101mas atgrieztos v\u0113l vair\u0101k. Papildus ac\u012bmredzami gardajam izskatam \u0161\u012b v\u012brie\u0161u dzimuma lelle Sex Toy t\u0113rpjas, lai nogalin\u0101tu, un vada neaizmirstamus priek\u0161nesumus.<\/p>\n<p><span style=\"color: #000000; font-size: 16px; font-weight: 600;\">Pilna \u0137erme\u0146a v\u012brie\u0161u dzimuma lelles m\u0113r\u012bjumi<\/span><\/p>\n<table style=\"border-collapse: collapse; width: 304.52pt;\" border=\"0\" width=\"406\" cellspacing=\"0\" cellpadding=\"0\">\n<tbody>\n<tr style=\"height: 28.00pt;\">\n<td class=\"et2\" style=\"height: 28.00pt; width: 124.50pt;\" width=\"166\" height=\"37\">Z\u012bmols:<\/td>\n<td class=\"et2\" style=\"width: 180.00pt;\" width=\"240\">QITA lelle<\/td>\n<\/tr>\n<tr style=\"height: 28.00pt;\">\n<td class=\"et2\" style=\"height: 28.00pt;\" height=\"37\">Augstums:<\/td>\n<td class=\"et2\">175\u00a0cm TPE v\u012brie\u0161u m\u012blas lelle<\/td>\n<\/tr>\n<tr style=\"height: 28.00pt;\">\n<td class=\"et2\" style=\"height: 28.00pt;\" height=\"37\">Kr\u016btis:<\/td>\n<td class=\"et2\">100 cm<\/td>\n<\/tr>\n<tr style=\"height: 28.00pt;\">\n<td class=\"et2\" style=\"height: 28.00pt;\" height=\"37\">Viduklis:<\/td>\n<td class=\"et2\">81 cm<\/td>\n<\/tr>\n<tr style=\"height: 28.00pt;\">\n<td class=\"et2\" style=\"height: 28.00pt;\" height=\"37\">Gurni:<\/td>\n<td class=\"et2\">91 cm<\/td>\n<\/tr>\n<tr style=\"height: 28.00pt;\">\n<td class=\"et2\" style=\"height: 28.00pt;\" height=\"37\">Rokas garums:<\/td>\n<td class=\"et2\">51 cm<\/td>\n<\/tr>\n<tr style=\"height: 28.00pt;\">\n<td class=\"et2\" style=\"height: 28.00pt;\" height=\"37\">P\u0113das garums:<\/td>\n<td class=\"et2\">29 cm<\/td>\n<\/tr>\n<tr style=\"height: 28.00pt;\">\n<td class=\"et2\" style=\"height: 28.00pt;\" height=\"37\">Plecu platums:<\/td>\n<td class=\"et2\">50 cm<\/td>\n<\/tr>\n<tr style=\"height: 28.00pt;\">\n<td class=\"et2\" style=\"height: 28.00pt;\" height=\"37\">Svars:<\/td>\n<td class=\"et2\">60 kg<\/td>\n<\/tr>\n<tr style=\"height: 28.00pt;\">\n<td class=\"et2\" style=\"height: 28.00pt;\" height=\"37\">Dzimumlocek\u013ca garums:<\/td>\n<td class=\"et2\">18 cm<\/td>\n<\/tr>\n<tr style=\"height: 28.00pt;\">\n<td class=\"et2\" style=\"height: 28.00pt;\" height=\"37\">Mutes dzi\u013cums:<\/td>\n<td class=\"et2\">N\/A<\/td>\n<\/tr>\n<tr style=\"height: 28.00pt;\">\n<td class=\"et2\" style=\"height: 28.00pt;\" height=\"37\">An\u0101lais dzi\u013cums:<\/td>\n<td class=\"et2\">20 cm<\/td>\n<\/tr>\n<\/tbody>\n<\/table>","protected":false},"excerpt":{"rendered":"<div data-elementor-type=\"section\" data-elementor-id=\"10450\" class=\"elementor elementor-10450\" data-elementor-post-type=\"elementor_library\">\n<section class=\"elementor-section elementor-top-section elementor-element elementor-element-1ac4967 elementor-section-boxed elementor-section-height-default elementor-section-height-default\" data-id=\"1ac4967\" data-element_type=\"section\">\n<div class=\"elementor-container elementor-column-gap-default\">\n<div class=\"elementor-column elementor-col-100 elementor-top-column elementor-element elementor-element-bfbdbdf\" data-id=\"bfbdbdf\" data-element_type=\"column\">\n<div class=\"elementor-widget-wrap elementor-element-populated\">\n<div class=\"elementor-element elementor-element-e4dbd68 elementor-widget elementor-widget-text-editor\" data-id=\"e4dbd68\" data-element_type=\"widget\" data-widget_type=\"text-editor.default\">\n<div class=\"elementor-widget-container\">\n<ul>\n<li>Bezmaksas pieg\u0101de vis\u0101 pasaul\u0113, diskr\u0113ta pieg\u0101de.<\/li>\n<li>100% Identisks att\u0113liem, ja vien nav piel\u0101gots.<\/li>\n<li>Cenas iek\u013cautas. PVN un muitas nodevas<\/li>\n<li>Bezmaksas pieg\u0101de, \u0101tras pieg\u0101des iesp\u0113jas nor\u0113\u0137inu lap\u0101<\/li>\n<\/ul><\/div>\n<\/p><\/div>\n<\/p><\/div>\n<\/p><\/div>\n<\/p><\/div>\n<\/section><\/div>\n<div data-elementor-type=\"section\" data-elementor-id=\"10473\" class=\"elementor elementor-10473\" data-elementor-post-type=\"elementor_library\">\n<section class=\"elementor-section elementor-top-section elementor-element elementor-element-03d9b2a elementor-section-boxed elementor-section-height-default elementor-section-height-default\" data-id=\"03d9b2a\" data-element_type=\"section\">\n<div class=\"elementor-container elementor-column-gap-default\">\n<div class=\"elementor-column elementor-col-100 elementor-top-column elementor-element elementor-element-5081c52\" data-id=\"5081c52\" data-element_type=\"column\">\n<div class=\"elementor-widget-wrap elementor-element-populated\">\n<div class=\"elementor-element elementor-element-d2c17df elementor-widget elementor-widget-martfury-banner-small\" data-id=\"d2c17df\" data-element_type=\"widget\" data-widget_type=\"martfury-banner-small.default\">\n<div class=\"elementor-widget-container\">\n<div class=\"mf-elementor-banner-small\">\n<div class=\"banner-featured-image\"><\/div>\n<p>\t\t\t                <a class=\"link\" href=\"https:\/\/mso.aidoll-japan.com\"><\/a><\/p>\n<div class=\"banner-content\">\n<h2 class=\"banner-title\">1500 mini m\u012blas lelles<\/p>\n<p>sexdollxxx. com<\/h2>\n<div class=\"banner-desc\">\n<p>60 cm, 80 cm, 100 cm,<\/p>\n<p>120cm, 130cm, 140cm<\/p>\n<\/div>\n<div class=\"banner-price\"><span\n                                class=\"s-price\">sexdollxxx .com<\/span><\/div>\n<\/p><\/div>\n<\/p><\/div>\n<\/p><\/div>\n<\/p><\/div>\n<\/p><\/div>\n<\/p><\/div>\n<\/p><\/div>\n<\/section><\/div>","protected":false},"featured_media":21483,"comment_status":"open","ping_status":"closed","template":"","meta":[],"product_cat":[114,115,116,81],"product_tag":[],"class_list":{"0":"post-21449","1":"product","2":"type-product","3":"status-publish","4":"has-post-thumbnail","6":"product_cat-1500usd-2000usd-sex-doll","7":"product_cat-161cm-170cm-sex-dolls","8":"product_cat-male-sex-dolls","9":"product_cat-tpe-sex-dolls","10":"tm-no-options","12":"first","13":"instock","14":"sale","15":"shipping-taxable","16":"purchasable","17":"product-type-simple","18":"col-xs-6 col-sm-4","19":"col-md-3 col-lg-3","20":"un-4-cols"},"yoast_head":"<!-- This site is optimized with the Yoast SEO Premium plugin v22.6 (Yoast SEO v22.9) - https:\/\/yoast.com\/wordpress\/plugins\/seo\/ -->\n<title>Full Body Male Sex Doll - Lifelike Life Size Sex Dolls For Women<\/title>\n<meta name=\"description\" content=\"This full body male sex doll\u00a0works as a stripper for a living. this lifelike life size sex dolls for women\u00a0would beg to differ.\" \/>\n<meta name=\"robots\" content=\"index, follow, max-snippet:-1, max-image-preview:large, max-video-preview:-1\" \/>\n<link rel=\"canonical\" href=\"https:\/\/www.miisoo.com\/lv\/products\/lifelike-full-body-male-sex-doll\/\" \/>\n<meta property=\"og:locale\" content=\"lv_LV\" \/>\n<meta property=\"og:type\" content=\"article\" \/>\n<meta property=\"og:title\" content=\"Musa - 175cm Lifelike Full Body Male Sex Doll\" \/>\n<meta property=\"og:description\" content=\"This full body male sex doll\u00a0works as a stripper for a living. this lifelike life size sex dolls for women\u00a0would beg to differ.\" \/>\n<meta property=\"og:url\" content=\"https:\/\/www.miisoo.com\/lv\/products\/lifelike-full-body-male-sex-doll\/\" \/>\n<meta property=\"og:site_name\" content=\"MiisooDoll\" \/>\n<meta property=\"article:publisher\" content=\"https:\/\/www.facebook.com\/miisoodoll\" \/>\n<meta property=\"article:modified_time\" content=\"2022-01-07T07:58:42+00:00\" \/>\n<meta property=\"og:image\" content=\"https:\/\/www.miisoo.com\/wp-content\/uploads\/2022\/01\/full-body-male-sex-doll-514.jpg\" \/>\n\t<meta property=\"og:image:width\" content=\"600\" \/>\n\t<meta property=\"og:image:height\" content=\"900\" \/>\n\t<meta property=\"og:image:type\" content=\"image\/jpeg\" \/>\n<meta name=\"twitter:card\" content=\"summary_large_image\" \/>\n<meta name=\"twitter:site\" content=\"@MiisooSexDolls\" \/>\n<meta name=\"twitter:label1\" content=\"Est. reading time\" \/>\n\t<meta name=\"twitter:data1\" content=\"1 min\u016bte\" \/>\n<!-- \/ Yoast SEO Premium plugin. -->","yoast_head_json":{"title":"Full Body Male Sex Doll - Lifelike Life Size Sex Dolls For Women","description":"This full body male sex doll\u00a0works as a stripper for a living. this lifelike life size sex dolls for women\u00a0would beg to differ.","robots":{"index":"index","follow":"follow","max-snippet":"max-snippet:-1","max-image-preview":"max-image-preview:large","max-video-preview":"max-video-preview:-1"},"canonical":"https:\/\/www.miisoo.com\/lv\/products\/lifelike-full-body-male-sex-doll\/","og_locale":"lv_LV","og_type":"article","og_title":"Musa - 175cm Lifelike Full Body Male Sex Doll","og_description":"This full body male sex doll\u00a0works as a stripper for a living. this lifelike life size sex dolls for women\u00a0would beg to differ.","og_url":"https:\/\/www.miisoo.com\/lv\/products\/lifelike-full-body-male-sex-doll\/","og_site_name":"MiisooDoll","article_publisher":"https:\/\/www.facebook.com\/miisoodoll","article_modified_time":"2022-01-07T07:58:42+00:00","og_image":[{"width":600,"height":900,"url":"https:\/\/www.miisoo.com\/wp-content\/uploads\/2022\/01\/full-body-male-sex-doll-514.jpg","type":"image\/jpeg"}],"twitter_card":"summary_large_image","twitter_site":"@MiisooSexDolls","twitter_misc":{"Est. reading time":"1 min\u016bte"},"schema":{"@context":"https:\/\/schema.org","@graph":[{"@type":"WebPage","@id":"https:\/\/www.miisoo.com\/es\/producto\/lifelike-full-body-male-sex-doll\/","url":"https:\/\/www.miisoo.com\/es\/producto\/lifelike-full-body-male-sex-doll\/","name":"Full Body Male Sex Doll - Lifelike Life Size Sex Dolls For Women","isPartOf":{"@id":"https:\/\/www.miisoo.com\/#website"},"primaryImageOfPage":{"@id":"https:\/\/www.miisoo.com\/es\/producto\/lifelike-full-body-male-sex-doll\/#primaryimage"},"image":{"@id":"https:\/\/www.miisoo.com\/es\/producto\/lifelike-full-body-male-sex-doll\/#primaryimage"},"thumbnailUrl":"https:\/\/www.miisoo.com\/wp-content\/uploads\/2022\/01\/full-body-male-sex-doll-514.jpg","datePublished":"2022-01-06T06:06:57+00:00","dateModified":"2022-01-07T07:58:42+00:00","description":"This full body male sex doll\u00a0works as a stripper for a living. this lifelike life size sex dolls for women\u00a0would beg to differ.","breadcrumb":{"@id":"https:\/\/www.miisoo.com\/es\/producto\/lifelike-full-body-male-sex-doll\/#breadcrumb"},"inLanguage":"lv-LV","potentialAction":[{"@type":"ReadAction","target":["https:\/\/www.miisoo.com\/es\/producto\/lifelike-full-body-male-sex-doll\/"]}]},{"@type":"ImageObject","inLanguage":"lv-LV","@id":"https:\/\/www.miisoo.com\/es\/producto\/lifelike-full-body-male-sex-doll\/#primaryimage","url":"https:\/\/www.miisoo.com\/wp-content\/uploads\/2022\/01\/full-body-male-sex-doll-514.jpg","contentUrl":"https:\/\/www.miisoo.com\/wp-content\/uploads\/2022\/01\/full-body-male-sex-doll-514.jpg","width":600,"height":900,"caption":"Musa \u2013 175cm Lifelike Full Body Male Sex Doll"},{"@type":"BreadcrumbList","@id":"https:\/\/www.miisoo.com\/es\/producto\/lifelike-full-body-male-sex-doll\/#breadcrumb","itemListElement":[{"@type":"ListItem","position":1,"name":"Home","item":"https:\/\/www.miisoo.com\/"},{"@type":"ListItem","position":2,"name":"Sex Doll Shop","item":"https:\/\/www.miisoo.com\/shop\/"},{"@type":"ListItem","position":3,"name":"Musa &#8211; 175cm Lifelike Full Body Male Sex Doll"}]},{"@type":"WebSite","@id":"https:\/\/www.miisoo.com\/#website","url":"https:\/\/www.miisoo.com\/","name":"MiisooDoll","description":"Sexual Doll, Real Sex Dolls, Love Doll, Best Sex Dolls","publisher":{"@id":"https:\/\/www.miisoo.com\/#organization"},"potentialAction":[{"@type":"SearchAction","target":{"@type":"EntryPoint","urlTemplate":"https:\/\/www.miisoo.com\/?s={search_term_string}"},"query-input":"required name=search_term_string"}],"inLanguage":"lv-LV"},{"@type":"Organization","@id":"https:\/\/www.miisoo.com\/#organization","name":"MiisooDoll","url":"https:\/\/www.miisoo.com\/","logo":{"@type":"ImageObject","inLanguage":"lv-LV","@id":"https:\/\/www.miisoo.com\/#\/schema\/logo\/image\/","url":"https:\/\/www.miisoo.com\/wp-content\/uploads\/2020\/09\/logo-botton.png","contentUrl":"https:\/\/www.miisoo.com\/wp-content\/uploads\/2020\/09\/logo-botton.png","width":181,"height":42,"caption":"MiisooDoll"},"image":{"@id":"https:\/\/www.miisoo.com\/#\/schema\/logo\/image\/"},"sameAs":["https:\/\/www.facebook.com\/miisoodoll","https:\/\/x.com\/MiisooSexDolls"]}]}},"_links":{"self":[{"href":"https:\/\/www.miisoo.com\/lv\/wp-json\/wp\/v2\/product\/21449","targetHints":{"allow":["GET"]}}],"collection":[{"href":"https:\/\/www.miisoo.com\/lv\/wp-json\/wp\/v2\/product"}],"about":[{"href":"https:\/\/www.miisoo.com\/lv\/wp-json\/wp\/v2\/types\/product"}],"replies":[{"embeddable":true,"href":"https:\/\/www.miisoo.com\/lv\/wp-json\/wp\/v2\/comments?post=21449"}],"version-history":[{"count":3,"href":"https:\/\/www.miisoo.com\/lv\/wp-json\/wp\/v2\/product\/21449\/revisions"}],"predecessor-version":[{"id":21611,"href":"https:\/\/www.miisoo.com\/lv\/wp-json\/wp\/v2\/product\/21449\/revisions\/21611"}],"wp:featuredmedia":[{"embeddable":true,"href":"https:\/\/www.miisoo.com\/lv\/wp-json\/wp\/v2\/media\/21483"}],"wp:attachment":[{"href":"https:\/\/www.miisoo.com\/lv\/wp-json\/wp\/v2\/media?parent=21449"}],"wp:term":[{"taxonomy":"product_cat","embeddable":true,"href":"https:\/\/www.miisoo.com\/lv\/wp-json\/wp\/v2\/product_cat?post=21449"},{"taxonomy":"product_tag","embeddable":true,"href":"https:\/\/www.miisoo.com\/lv\/wp-json\/wp\/v2\/product_tag?post=21449"}],"curies":[{"name":"wp","href":"https:\/\/api.w.org\/{rel}","templated":true}]}}