{"id":21214,"date":"2022-01-05T20:54:26","date_gmt":"2022-01-05T12:54:26","guid":{"rendered":"https:\/\/www.miisoo.com\/?post_type=product&#038;p=21214"},"modified":"2022-01-07T11:40:40","modified_gmt":"2022-01-07T03:40:40","slug":"big-dick-male-sex-doll-for-females","status":"publish","type":"product","link":"https:\/\/www.miisoo.com\/lv\/product\/big-dick-male-sex-doll-for-females\/","title":{"rendered":"D\u017eo\u0161s \u2013 170\u00a0cm lielais Diks v\u012brie\u0161u dzimuma lelle sieviet\u0113m"},"content":{"rendered":"<p>\u0160\u012b liel\u0101 penis v\u012brie\u0161u dzimuma lelle ir s\u0113rfot\u0101js, kur\u0161 m\u012bl<a href=\"https:\/\/www.redbookmag.com\/love-sex\/sex\/advice\/a51\/sex-skill\/\"> demonstr\u0113jot savas prasmes<\/a> ikvienam, kas skat\u0101s. Vi\u0146a slepkava pludmales \u0137ermenis vienm\u0113r satrauc pui\u0161us pludmal\u0113. D\u017eo\u0161s pietiekami labi izprot pavedin\u0101\u0161anas m\u0101kslu, lai vienm\u0113r ieg\u016btu sev v\u0113lamo v\u012brieti. Reiz vi\u0146\u0161 bija iesaist\u012bts trijat\u0101 ar v\u012brie\u0161u dzimuma lelli, kura nep\u0101rst\u0101ja ar vi\u0146u flirt\u0113t.<\/p>\n<p>Sieviet\u0113m paredz\u0113t\u0101s v\u012brie\u0161u dzimuma lelles bie\u017ei vien ir neierobe\u017eotas, ja runa ir par to, cik rei\u017eu varat pie t\u0101m doties. T\u0101p\u0113c D\u017eo\u0161s nekad nenogurst tevi iepriecin\u0101t. T\u0101pat k\u0101 d\u0101mas vienm\u0113r m\u012bl sievie\u0161u seksa lelles, t\u0101 ar\u012b geju lelles. D\u017eo\u0161am pat\u012bk skat\u012bties v\u012brie\u0161u dzimuma le\u013c\u013cu geju porno video, jo tie vi\u0146u iesl\u0113dz.<\/p>\n<p>V\u012brie\u0161u \u012bstas seksa lelles v\u012brie\u0161iem ir tikpat pievilc\u012bgas <a href=\"https:\/\/www.miisoo.com\/lv\/products\/realistic-male-sex-dolls-for-females\/\">un k\u0101 \u012bsts<\/a> k\u0101 vi\u0146i n\u0101k. P\u0101rl\u016bkojiet m\u016bsu skaisto \u012bstu le\u013c\u013cu v\u012brie\u0161u izlasi, lai atrastu sev piem\u0113rot\u0101ko.<\/p>\n<p><strong>Liel\u0101 Dika v\u012brie\u0161u dzimuma lelles izm\u0113ri<\/strong><\/p>\n<table style=\"border-collapse: collapse; width: 304.52pt;\" border=\"0\" width=\"406\" cellspacing=\"0\" cellpadding=\"0\">\n<tbody>\n<tr style=\"height: 28.00pt;\">\n<td class=\"et2\" style=\"height: 28.00pt; width: 124.50pt;\" width=\"166\" height=\"37\">Augstums:<\/td>\n<td class=\"et2\" style=\"width: 180.00pt;\" width=\"240\">170 cm TPE v\u012brie\u0161u \u012bsta lelle<\/td>\n<\/tr>\n<tr style=\"height: 28.00pt;\">\n<td class=\"et2\" style=\"height: 28.00pt;\" height=\"37\">Kr\u016btis:<\/td>\n<td class=\"et2\">78 cm<\/td>\n<\/tr>\n<tr style=\"height: 28.00pt;\">\n<td class=\"et2\" style=\"height: 28.00pt;\" height=\"37\">Viduklis:<\/td>\n<td class=\"et2\">69 cm<\/td>\n<\/tr>\n<tr style=\"height: 28.00pt;\">\n<td class=\"et2\" style=\"height: 28.00pt;\" height=\"37\">Gurni:<\/td>\n<td class=\"et2\">80 cm<\/td>\n<\/tr>\n<tr style=\"height: 28.00pt;\">\n<td class=\"et2\" style=\"height: 28.00pt;\" height=\"37\">Rokas garums:<\/td>\n<td class=\"et2\">66 cm<\/td>\n<\/tr>\n<tr style=\"height: 28.00pt;\">\n<td class=\"et2\" style=\"height: 28.00pt;\" height=\"37\">Kakls:<\/td>\n<td class=\"et2\">29 cm<\/td>\n<\/tr>\n<tr style=\"height: 28.00pt;\">\n<td class=\"et2\" style=\"height: 28.00pt;\" height=\"37\">Plecu platums:<\/td>\n<td class=\"et2\">42 cm<\/td>\n<\/tr>\n<tr style=\"height: 28.00pt;\">\n<td class=\"et2\" style=\"height: 28.00pt;\" height=\"37\">Svars:<\/td>\n<td class=\"et2\">40 kg<\/td>\n<\/tr>\n<tr style=\"height: 28.00pt;\">\n<td class=\"et2\" style=\"height: 28.00pt;\" height=\"37\">Dzimumlocek\u013ca garums:<\/td>\n<td class=\"et2\">17 cm<\/td>\n<\/tr>\n<tr style=\"height: 28.00pt;\">\n<td class=\"et2\" style=\"height: 28.00pt;\" height=\"37\">Dzimumlocek\u013ca diametrs:<\/td>\n<td class=\"et2\">3,5 cm<\/td>\n<\/tr>\n<tr style=\"height: 28.00pt;\">\n<td class=\"et2\" style=\"height: 28.00pt;\" height=\"37\">Mutes dzi\u013cums:<\/td>\n<td class=\"et2\">12 cm<\/td>\n<\/tr>\n<tr style=\"height: 28.00pt;\">\n<td class=\"et2\" style=\"height: 28.00pt;\" height=\"37\">An\u0101lais dzi\u013cums:<\/td>\n<td class=\"et2\">17 cm<\/td>\n<\/tr>\n<tr style=\"height: 28.00pt;\">\n<td class=\"et2\" style=\"height: 28.00pt;\" height=\"37\">Iepakojuma izm\u0113rs:<\/td>\n<td class=\"et2\">158x38x30 cm<\/td>\n<\/tr>\n<\/tbody>\n<\/table>\n<p>&nbsp;<\/p>","protected":false},"excerpt":{"rendered":"<div data-elementor-type=\"section\" data-elementor-id=\"10450\" class=\"elementor elementor-10450\" data-elementor-post-type=\"elementor_library\">\n<section class=\"elementor-section elementor-top-section elementor-element elementor-element-1ac4967 elementor-section-boxed elementor-section-height-default elementor-section-height-default\" data-id=\"1ac4967\" data-element_type=\"section\">\n<div class=\"elementor-container elementor-column-gap-default\">\n<div class=\"elementor-column elementor-col-100 elementor-top-column elementor-element elementor-element-bfbdbdf\" data-id=\"bfbdbdf\" data-element_type=\"column\">\n<div class=\"elementor-widget-wrap elementor-element-populated\">\n<div class=\"elementor-element elementor-element-e4dbd68 elementor-widget elementor-widget-text-editor\" data-id=\"e4dbd68\" data-element_type=\"widget\" data-widget_type=\"text-editor.default\">\n<div class=\"elementor-widget-container\">\n<ul>\n<li>Bezmaksas pieg\u0101de vis\u0101 pasaul\u0113, diskr\u0113ta pieg\u0101de.<\/li>\n<li>100% Identisks att\u0113liem, ja vien nav piel\u0101gots.<\/li>\n<li>Cenas iek\u013cautas. PVN un muitas nodevas<\/li>\n<li>Bezmaksas pieg\u0101de, \u0101tras pieg\u0101des iesp\u0113jas nor\u0113\u0137inu lap\u0101<\/li>\n<\/ul><\/div>\n<\/p><\/div>\n<\/p><\/div>\n<\/p><\/div>\n<\/p><\/div>\n<\/section><\/div>\n<div data-elementor-type=\"section\" data-elementor-id=\"10473\" class=\"elementor elementor-10473\" data-elementor-post-type=\"elementor_library\">\n<section class=\"elementor-section elementor-top-section elementor-element elementor-element-03d9b2a elementor-section-boxed elementor-section-height-default elementor-section-height-default\" data-id=\"03d9b2a\" data-element_type=\"section\">\n<div class=\"elementor-container elementor-column-gap-default\">\n<div class=\"elementor-column elementor-col-100 elementor-top-column elementor-element elementor-element-5081c52\" data-id=\"5081c52\" data-element_type=\"column\">\n<div class=\"elementor-widget-wrap elementor-element-populated\">\n<div class=\"elementor-element elementor-element-d2c17df elementor-widget elementor-widget-martfury-banner-small\" data-id=\"d2c17df\" data-element_type=\"widget\" data-widget_type=\"martfury-banner-small.default\">\n<div class=\"elementor-widget-container\">\n<div class=\"mf-elementor-banner-small\">\n<div class=\"banner-featured-image\"><\/div>\n<p>\t\t\t                <a class=\"link\" href=\"https:\/\/mso.aidoll-japan.com\"><\/a><\/p>\n<div class=\"banner-content\">\n<h2 class=\"banner-title\">1500 mini m\u012blas lelles<\/p>\n<p>sexdollxxx. com<\/h2>\n<div class=\"banner-desc\">\n<p>60 cm, 80 cm, 100 cm,<\/p>\n<p>120cm, 130cm, 140cm<\/p>\n<\/div>\n<div class=\"banner-price\"><span\n                                class=\"s-price\">sexdollxxx .com<\/span><\/div>\n<\/p><\/div>\n<\/p><\/div>\n<\/p><\/div>\n<\/p><\/div>\n<\/p><\/div>\n<\/p><\/div>\n<\/p><\/div>\n<\/section><\/div>","protected":false},"featured_media":21249,"comment_status":"open","ping_status":"closed","template":"","meta":[],"product_cat":[123,115,116,81],"product_tag":[],"class_list":{"0":"post-21214","1":"product","2":"type-product","3":"status-publish","4":"has-post-thumbnail","6":"product_cat-1000usd-1500usd-sex-dolls","7":"product_cat-161cm-170cm-sex-dolls","8":"product_cat-male-sex-dolls","9":"product_cat-tpe-sex-dolls","10":"tm-no-options","12":"first","13":"instock","14":"sale","15":"shipping-taxable","16":"purchasable","17":"product-type-simple","18":"col-xs-6 col-sm-4","19":"col-md-3 col-lg-3","20":"un-4-cols"},"yoast_head":"<!-- This site is optimized with the Yoast SEO Premium plugin v22.6 (Yoast SEO v22.9) - https:\/\/yoast.com\/wordpress\/plugins\/seo\/ -->\n<title>Big Dick Male Sex Doll - Threesome With Male Sex Dolls For Females<\/title>\n<meta name=\"description\" content=\"This big dick male sex doll\u00a0is a surfer who loves showing off his skills, He was involved in a threesome with male sex doll\u00a0for females\" \/>\n<meta name=\"robots\" content=\"index, follow, max-snippet:-1, max-image-preview:large, max-video-preview:-1\" \/>\n<link rel=\"canonical\" href=\"https:\/\/www.miisoo.com\/lv\/products\/big-dick-male-sex-doll-for-females\/\" \/>\n<meta property=\"og:locale\" content=\"lv_LV\" \/>\n<meta property=\"og:type\" content=\"article\" \/>\n<meta property=\"og:title\" content=\"Josh - 170cm Big Dick Male Sex Doll For Females\" \/>\n<meta property=\"og:description\" content=\"This big dick male sex doll\u00a0is a surfer who loves showing off his skills, He was involved in a threesome with male sex doll\u00a0for females\" \/>\n<meta property=\"og:url\" content=\"https:\/\/www.miisoo.com\/lv\/products\/big-dick-male-sex-doll-for-females\/\" \/>\n<meta property=\"og:site_name\" content=\"MiisooDoll\" \/>\n<meta property=\"article:publisher\" content=\"https:\/\/www.facebook.com\/miisoodoll\" \/>\n<meta property=\"article:modified_time\" content=\"2022-01-07T03:40:40+00:00\" \/>\n<meta property=\"og:image\" content=\"https:\/\/www.miisoo.com\/wp-content\/uploads\/2022\/01\/silicon-male-doll-229.jpg\" \/>\n\t<meta property=\"og:image:width\" content=\"600\" \/>\n\t<meta property=\"og:image:height\" content=\"900\" \/>\n\t<meta property=\"og:image:type\" content=\"image\/jpeg\" \/>\n<meta name=\"twitter:card\" content=\"summary_large_image\" \/>\n<meta name=\"twitter:site\" content=\"@MiisooSexDolls\" \/>\n<meta name=\"twitter:label1\" content=\"Est. reading time\" \/>\n\t<meta name=\"twitter:data1\" content=\"1 min\u016bte\" \/>\n<!-- \/ Yoast SEO Premium plugin. -->","yoast_head_json":{"title":"Big Dick Male Sex Doll - Threesome With Male Sex Dolls For Females","description":"This big dick male sex doll\u00a0is a surfer who loves showing off his skills, He was involved in a threesome with male sex doll\u00a0for females","robots":{"index":"index","follow":"follow","max-snippet":"max-snippet:-1","max-image-preview":"max-image-preview:large","max-video-preview":"max-video-preview:-1"},"canonical":"https:\/\/www.miisoo.com\/lv\/products\/big-dick-male-sex-doll-for-females\/","og_locale":"lv_LV","og_type":"article","og_title":"Josh - 170cm Big Dick Male Sex Doll For Females","og_description":"This big dick male sex doll\u00a0is a surfer who loves showing off his skills, He was involved in a threesome with male sex doll\u00a0for females","og_url":"https:\/\/www.miisoo.com\/lv\/products\/big-dick-male-sex-doll-for-females\/","og_site_name":"MiisooDoll","article_publisher":"https:\/\/www.facebook.com\/miisoodoll","article_modified_time":"2022-01-07T03:40:40+00:00","og_image":[{"width":600,"height":900,"url":"https:\/\/www.miisoo.com\/wp-content\/uploads\/2022\/01\/silicon-male-doll-229.jpg","type":"image\/jpeg"}],"twitter_card":"summary_large_image","twitter_site":"@MiisooSexDolls","twitter_misc":{"Est. reading time":"1 min\u016bte"},"schema":{"@context":"https:\/\/schema.org","@graph":[{"@type":"WebPage","@id":"https:\/\/www.miisoo.com\/product\/big-dick-male-sex-doll-for-females\/","url":"https:\/\/www.miisoo.com\/product\/big-dick-male-sex-doll-for-females\/","name":"Big Dick Male Sex Doll - Threesome With Male Sex Dolls For Females","isPartOf":{"@id":"https:\/\/www.miisoo.com\/#website"},"primaryImageOfPage":{"@id":"https:\/\/www.miisoo.com\/product\/big-dick-male-sex-doll-for-females\/#primaryimage"},"image":{"@id":"https:\/\/www.miisoo.com\/product\/big-dick-male-sex-doll-for-females\/#primaryimage"},"thumbnailUrl":"https:\/\/www.miisoo.com\/wp-content\/uploads\/2022\/01\/silicon-male-doll-229.jpg","datePublished":"2022-01-05T12:54:26+00:00","dateModified":"2022-01-07T03:40:40+00:00","description":"This big dick male sex doll\u00a0is a surfer who loves showing off his skills, He was involved in a threesome with male sex doll\u00a0for females","breadcrumb":{"@id":"https:\/\/www.miisoo.com\/product\/big-dick-male-sex-doll-for-females\/#breadcrumb"},"inLanguage":"lv-LV","potentialAction":[{"@type":"ReadAction","target":["https:\/\/www.miisoo.com\/product\/big-dick-male-sex-doll-for-females\/"]}]},{"@type":"ImageObject","inLanguage":"lv-LV","@id":"https:\/\/www.miisoo.com\/product\/big-dick-male-sex-doll-for-females\/#primaryimage","url":"https:\/\/www.miisoo.com\/wp-content\/uploads\/2022\/01\/silicon-male-doll-229.jpg","contentUrl":"https:\/\/www.miisoo.com\/wp-content\/uploads\/2022\/01\/silicon-male-doll-229.jpg","width":600,"height":900,"caption":"Josh \u2013 170cm Big Dick Male Sex Doll For Females"},{"@type":"BreadcrumbList","@id":"https:\/\/www.miisoo.com\/product\/big-dick-male-sex-doll-for-females\/#breadcrumb","itemListElement":[{"@type":"ListItem","position":1,"name":"Home","item":"https:\/\/www.miisoo.com\/"},{"@type":"ListItem","position":2,"name":"Sex Doll Shop","item":"https:\/\/www.miisoo.com\/shop\/"},{"@type":"ListItem","position":3,"name":"Josh &#8211; 170cm Big Dick Male Sex Doll For Females"}]},{"@type":"WebSite","@id":"https:\/\/www.miisoo.com\/#website","url":"https:\/\/www.miisoo.com\/","name":"MiisooDoll","description":"Sexual Doll, Real Sex Dolls, Love Doll, Best Sex Dolls","publisher":{"@id":"https:\/\/www.miisoo.com\/#organization"},"potentialAction":[{"@type":"SearchAction","target":{"@type":"EntryPoint","urlTemplate":"https:\/\/www.miisoo.com\/?s={search_term_string}"},"query-input":"required name=search_term_string"}],"inLanguage":"lv-LV"},{"@type":"Organization","@id":"https:\/\/www.miisoo.com\/#organization","name":"MiisooDoll","url":"https:\/\/www.miisoo.com\/","logo":{"@type":"ImageObject","inLanguage":"lv-LV","@id":"https:\/\/www.miisoo.com\/#\/schema\/logo\/image\/","url":"https:\/\/www.miisoo.com\/wp-content\/uploads\/2020\/09\/logo-botton.png","contentUrl":"https:\/\/www.miisoo.com\/wp-content\/uploads\/2020\/09\/logo-botton.png","width":181,"height":42,"caption":"MiisooDoll"},"image":{"@id":"https:\/\/www.miisoo.com\/#\/schema\/logo\/image\/"},"sameAs":["https:\/\/www.facebook.com\/miisoodoll","https:\/\/x.com\/MiisooSexDolls"]}]}},"_links":{"self":[{"href":"https:\/\/www.miisoo.com\/lv\/wp-json\/wp\/v2\/product\/21214","targetHints":{"allow":["GET"]}}],"collection":[{"href":"https:\/\/www.miisoo.com\/lv\/wp-json\/wp\/v2\/product"}],"about":[{"href":"https:\/\/www.miisoo.com\/lv\/wp-json\/wp\/v2\/types\/product"}],"replies":[{"embeddable":true,"href":"https:\/\/www.miisoo.com\/lv\/wp-json\/wp\/v2\/comments?post=21214"}],"version-history":[{"count":3,"href":"https:\/\/www.miisoo.com\/lv\/wp-json\/wp\/v2\/product\/21214\/revisions"}],"predecessor-version":[{"id":21594,"href":"https:\/\/www.miisoo.com\/lv\/wp-json\/wp\/v2\/product\/21214\/revisions\/21594"}],"wp:featuredmedia":[{"embeddable":true,"href":"https:\/\/www.miisoo.com\/lv\/wp-json\/wp\/v2\/media\/21249"}],"wp:attachment":[{"href":"https:\/\/www.miisoo.com\/lv\/wp-json\/wp\/v2\/media?parent=21214"}],"wp:term":[{"taxonomy":"product_cat","embeddable":true,"href":"https:\/\/www.miisoo.com\/lv\/wp-json\/wp\/v2\/product_cat?post=21214"},{"taxonomy":"product_tag","embeddable":true,"href":"https:\/\/www.miisoo.com\/lv\/wp-json\/wp\/v2\/product_tag?post=21214"}],"curies":[{"name":"wp","href":"https:\/\/api.w.org\/{rel}","templated":true}]}}