{"id":11173,"date":"2021-03-31T15:15:28","date_gmt":"2021-03-31T07:15:28","guid":{"rendered":"https:\/\/www.miisoo.com\/?post_type=product&#038;p=11173"},"modified":"2022-11-18T11:39:12","modified_gmt":"2022-11-18T03:39:12","slug":"female-life-size-silicone-love-doll","status":"publish","type":"product","link":"https:\/\/www.miisoo.com\/lv\/product\/female-life-size-silicone-love-doll\/","title":{"rendered":"Grinda \u2013 Silikona m\u012blas lelle 158cm sievi\u0161\u0137\u0101 dz\u012bves izm\u0113ra"},"content":{"rendered":"<p>Grinda ir kategorij\u0101 dabiska izm\u0113ra silikona m\u012blas lelle; vi\u0146u var viegli nodot par \u012bstu sievieti. Vi\u0146as silikona \u0137erme\u0146a da\u013cas maz pal\u012bdz atkl\u0101t faktu, ka vi\u0146a nav \u012bsta sieviete. Vi\u0146as TPE silikona m\u012blas lelles korpuss ir \u013coti re\u0101listisks un skaists.<\/p>\n<p>Vi\u0146as liel\u0101s kr\u016btis ir j\u016bsu lab\u0101 <a href=\"https:\/\/www.oecd.org\/dev\/development-gender\/BrochureSIGI2015-web.pdf\">seksu\u0101lo apmierin\u0101jumu<\/a>. Vi\u0146a ir seks\u012bga un no t\u0101 nekautr\u0113jas. Vi\u0146a nekad nes\u016bdz\u0113sies par jebk\u0101d\u0101m seksu\u0101l\u0101m fant\u0101zij\u0101m, ko tu izr\u0101d\u012bsi pret vi\u0146u.<\/p>\n<p>\u0160\u012b silikona sievie\u0161u lelle ir augstas kvalit\u0101tes, t\u0101p\u0113c esiet dro\u0161s, ka t\u0101 ir \u012bsta un kalpos ilgu laiku. Pat rupj\u0161 sekss nesp\u0113s vi\u0146u saboj\u0101t, jo vi\u0146a ir \u013coti sp\u0113c\u012bga un iztur\u012bga.<\/p>\n<p>Vi\u0146a ir silikona seksa lelle, \u012bsta lelle. Vi\u0146a var pa\u0146emt jebkuru <a href=\"https:\/\/www.miisoo.com\/lv\/produkta-kategorija\/151cm-160cm-sex-dolls\/\">rupja dauz\u012b\u0161ana<\/a> un noteikti izk\u013c\u016bs no t\u0101m neskarta, pateicoties vi\u0146as pastiprin\u0101tajai silikona \u0101dai un elast\u012bgajam met\u0101la skeletam.<\/p>\n<p><span style=\"color: #000000; font-size: 16px; font-weight: 600;\">M\u0113r\u012bjumi Life Size Silikona m\u012blest\u012bbas lellei<\/span><\/p>\n<table width=\"352\">\n<tbody>\n<tr>\n<td width=\"133\">Augstums<\/td>\n<td width=\"219\">158 cm<\/td>\n<\/tr>\n<tr>\n<td width=\"133\">Svars<\/td>\n<td width=\"219\">37 kg<\/td>\n<\/tr>\n<tr>\n<td width=\"133\">Kr\u016btis<\/td>\n<td width=\"219\">87 cm<\/td>\n<\/tr>\n<tr>\n<td width=\"133\">Viduklis<\/td>\n<td width=\"219\">55 cm<\/td>\n<\/tr>\n<tr>\n<td width=\"133\">Gurns<\/td>\n<td width=\"219\">90 cm<\/td>\n<\/tr>\n<tr>\n<td width=\"133\">Mutes dzi\u013cums<\/td>\n<td width=\"219\">15 cm<\/td>\n<\/tr>\n<tr>\n<td width=\"133\">Maksts dzi\u013cums<\/td>\n<td width=\"219\">18 cm<\/td>\n<\/tr>\n<tr>\n<td width=\"133\">Anusa dzi\u013cums<\/td>\n<td width=\"219\">18 cm<\/td>\n<\/tr>\n<tr>\n<td width=\"133\">Iepakojuma izm\u0113rs<\/td>\n<td width=\"219\">151cm x 38cm x 27cm<\/td>\n<\/tr>\n<\/tbody>\n<\/table>\n\t\t<div data-elementor-type=\"section\" data-elementor-id=\"11434\" class=\"elementor elementor-11434\" data-elementor-post-type=\"elementor_library\">\n\t\t\t\t\t<section class=\"elementor-section elementor-top-section elementor-element elementor-element-286f660 elementor-section-boxed elementor-section-height-default elementor-section-height-default\" data-id=\"286f660\" data-element_type=\"section\">\n\t\t\t\t\t\t<div class=\"elementor-container elementor-column-gap-default\">\n\t\t\t\t\t<div class=\"elementor-column elementor-col-100 elementor-top-column elementor-element elementor-element-bbf2196\" data-id=\"bbf2196\" data-element_type=\"column\">\n\t\t\t<div class=\"elementor-widget-wrap elementor-element-populated\">\n\t\t\t\t\t\t<div class=\"elementor-element elementor-element-c50510a elementor-widget elementor-widget-text-editor\" data-id=\"c50510a\" data-element_type=\"widget\" data-widget_type=\"text-editor.default\">\n\t\t\t\t<div class=\"elementor-widget-container\">\n\t\t\t\t\t\t\t\t\t<h4><strong>Iesp\u0113jas:<\/strong><\/h4><p>\u2013 <span style=\"color: #ff9900;\"><strong>Galva ar silikona materi\u0101lu, korpuss ar medic\u012bnisk\u0101s kvalit\u0101tes TPE materi\u0101lu<\/strong><\/span><br \/>\u2013 Iztur\u012bgs t\u0113rauda skelets ar kust\u012bgiem savienojumiem daudz\u0101m p\u0101rsteidzo\u0161\u0101m seksa poz\u012bcij\u0101m<br \/>- Maksts, mutes un an\u0101l\u0101s sp\u0113jas<br \/>- Bezmaksas starptautisk\u0101 pieg\u0101de un diskr\u0113ts iepakojums<br \/>\u2013 Seksa lelles izgatavo\u0161anai nepiecie\u0161amas 1\u20133 dienas un pieg\u0101dei 5\u201312 dienas<\/p><h4><span style=\"color: #000000; font-size: 18px; font-weight: bold;\">Bezmaksas d\u0101vanas<\/span><\/h4><p>Bezmaksas d\u0101vanas: seks\u012bga apak\u0161ve\u013ca x 1, cimdi x 1, \u0137emme x 1, maksts sild\u012bt\u0101js x 1, maksts irigators x 1, sega x 1.<br \/><img fetchpriority=\"high\" decoding=\"async\" class=\"wp-image-4748 size-large alignnone\" src=\"https:\/\/miisoo.com\/wp-content\/uploads\/2013\/06\/Accessory-1024x155.jpg\" sizes=\"(max-width: 840px) 100vw, 840px\" srcset=\"https:\/\/cdn.miisoo.com\/wp-content\/uploads\/2013\/06\/Accessory-1024x155.jpg 1024w, https:\/\/cdn.miisoo.com\/wp-content\/uploads\/2013\/06\/Accessory-600x91.jpg 600w, https:\/\/cdn.miisoo.com\/wp-content\/uploads\/2013\/06\/Accessory-300x45.jpg 300w, https:\/\/cdn.miisoo.com\/wp-content\/uploads\/2013\/06\/Accessory-768x116.jpg 768w, https:\/\/cdn.miisoo.com\/wp-content\/uploads\/2013\/06\/Accessory-1536x232.jpg 1536w, https:\/\/cdn.miisoo.com\/wp-content\/uploads\/2013\/06\/Accessory-370x56.jpg 370w, https:\/\/cdn.miisoo.com\/wp-content\/uploads\/2013\/06\/Accessory.jpg 1616w\" alt=\"Ren\u0113 \u2013 157 cm gara, tieva un burv\u012bga pusaud\u017eu seksa lelle \u2013 MiisooDoll\" width=\"840\" height=\"127\" \/><\/p><p><strong>Garantija: j\u016bs sa\u0146emsiet 100% t\u0101pat k\u0101 att\u0113lu lelles.<\/strong><\/p>\t\t\t\t\t\t\t\t<\/div>\n\t\t\t\t<\/div>\n\t\t\t\t\t<\/div>\n\t\t<\/div>\n\t\t\t\t\t<\/div>\n\t\t<\/section>\n\t\t\t\t<\/div>","protected":false},"excerpt":{"rendered":"<div data-elementor-type=\"section\" data-elementor-id=\"11445\" class=\"elementor elementor-11445\" data-elementor-post-type=\"elementor_library\">\n<section class=\"elementor-section elementor-top-section elementor-element elementor-element-c1f38e4 elementor-section-boxed elementor-section-height-default elementor-section-height-default\" data-id=\"c1f38e4\" data-element_type=\"section\">\n<div class=\"elementor-container elementor-column-gap-default\">\n<div class=\"elementor-column elementor-col-100 elementor-top-column elementor-element elementor-element-07b250a\" data-id=\"07b250a\" data-element_type=\"column\">\n<div class=\"elementor-widget-wrap elementor-element-populated\">\n<div class=\"elementor-element elementor-element-c000e60 elementor-widget elementor-widget-text-editor\" data-id=\"c000e60\" data-element_type=\"widget\" data-widget_type=\"text-editor.default\">\n<div class=\"elementor-widget-container\">\n<ul>\n<li><span style=\"color: #ff9900;\"><strong>Galva no silikona materi\u0101la, korpuss no TPE materi\u0101la<\/strong><\/span><\/li>\n<li>Bezmaksas pieg\u0101de vis\u0101 pasaul\u0113, diskr\u0113ta pieg\u0101de.<\/li>\n<li>100% Identisks att\u0113liem, ja vien nav piel\u0101gots.<\/li>\n<li>Cenas iek\u013cautas. PVN un muitas nodevas<\/li>\n<li>Pieg\u0101de l\u012bdz j\u016bsu durv\u012bm 7-15 darba dienu laik\u0101!<\/li>\n<\/ul><\/div>\n<\/p><\/div>\n<\/p><\/div>\n<\/p><\/div>\n<\/p><\/div>\n<\/section><\/div>\n<div data-elementor-type=\"section\" data-elementor-id=\"10473\" class=\"elementor elementor-10473\" data-elementor-post-type=\"elementor_library\">\n<section class=\"elementor-section elementor-top-section elementor-element elementor-element-03d9b2a elementor-section-boxed elementor-section-height-default elementor-section-height-default\" data-id=\"03d9b2a\" data-element_type=\"section\">\n<div class=\"elementor-container elementor-column-gap-default\">\n<div class=\"elementor-column elementor-col-100 elementor-top-column elementor-element elementor-element-5081c52\" data-id=\"5081c52\" data-element_type=\"column\">\n<div class=\"elementor-widget-wrap elementor-element-populated\">\n<div class=\"elementor-element elementor-element-d2c17df elementor-widget elementor-widget-martfury-banner-small\" data-id=\"d2c17df\" data-element_type=\"widget\" data-widget_type=\"martfury-banner-small.default\">\n<div class=\"elementor-widget-container\">\n<div class=\"mf-elementor-banner-small\">\n<div class=\"banner-featured-image\"><\/div>\n<p>\t\t\t                <a class=\"link\" href=\"https:\/\/mso.aidoll-japan.com\"><\/a><\/p>\n<div class=\"banner-content\">\n<h2 class=\"banner-title\">1500 mini m\u012blas lelles<\/p>\n<p>sexdollxxx. com<\/h2>\n<div class=\"banner-desc\">\n<p>60 cm, 80 cm, 100 cm,<\/p>\n<p>120cm, 130cm, 140cm<\/p>\n<\/div>\n<div class=\"banner-price\"><span\n                                class=\"s-price\">sexdollxxx .com<\/span><\/div>\n<\/p><\/div>\n<\/p><\/div>\n<\/p><\/div>\n<\/p><\/div>\n<\/p><\/div>\n<\/p><\/div>\n<\/p><\/div>\n<\/section><\/div>","protected":false},"featured_media":11216,"comment_status":"open","ping_status":"closed","template":"","meta":[],"product_cat":[114,126,942,99,838,847,834,117],"product_tag":[313],"class_list":{"0":"post-11173","1":"product","2":"type-product","3":"status-publish","4":"has-post-thumbnail","6":"product_cat-1500usd-2000usd-sex-doll","7":"product_cat-151cm-160cm-sex-dolls","8":"product_cat-3d-love-dolls","9":"product_cat-big-butt-sex-dolls","10":"product_cat-d-cup-sex-doll","11":"product_cat-female-sex-doll","12":"product_cat-medium-breast-sex-doll","13":"product_cat-silicone-head-tpe-body","14":"product_tag-silicone-love-doll","15":"tm-has-options","17":"first","18":"instock","19":"sale","20":"shipping-taxable","21":"purchasable","22":"product-type-simple","23":"col-xs-6 col-sm-4","24":"col-md-3 col-lg-3","25":"un-4-cols"},"yoast_head":"<!-- This site is optimized with the Yoast SEO Premium plugin v22.6 (Yoast SEO v22.9) - https:\/\/yoast.com\/wordpress\/plugins\/seo\/ -->\n<title>Shop Female Life Size Silicone Love Doll | MiisooDoll<\/title>\n<meta name=\"description\" content=\"Buy 158cm Female Life Size Silicone Love Doll online at Miisoo. MiisooDoll is a premium online store for exotic BBW love silicone sex dolls. Shop today!\" \/>\n<meta name=\"robots\" content=\"index, follow, max-snippet:-1, max-image-preview:large, max-video-preview:-1\" \/>\n<link rel=\"canonical\" href=\"https:\/\/www.miisoo.com\/lv\/products\/female-life-size-silicone-love-doll\/\" \/>\n<meta property=\"og:locale\" content=\"lv_LV\" \/>\n<meta property=\"og:type\" content=\"article\" \/>\n<meta property=\"og:title\" content=\"Grinda - 158cm Female Life Size Silicone Love Doll\" \/>\n<meta property=\"og:description\" content=\"Buy 158cm Female Life Size Silicone Love Doll online at Miisoo. MiisooDoll is a premium online store for exotic BBW love silicone sex dolls. Shop today!\" \/>\n<meta property=\"og:url\" content=\"https:\/\/www.miisoo.com\/lv\/products\/female-life-size-silicone-love-doll\/\" \/>\n<meta property=\"og:site_name\" content=\"MiisooDoll\" \/>\n<meta property=\"article:publisher\" content=\"https:\/\/www.facebook.com\/miisoodoll\" \/>\n<meta property=\"article:modified_time\" content=\"2022-11-18T03:39:12+00:00\" \/>\n<meta property=\"og:image\" content=\"https:\/\/www.miisoo.com\/wp-content\/uploads\/2021\/03\/Silicone-Love-Doll-Real-Sex-Doll-3.jpg\" \/>\n\t<meta property=\"og:image:width\" content=\"832\" \/>\n\t<meta property=\"og:image:height\" content=\"1248\" \/>\n\t<meta property=\"og:image:type\" content=\"image\/jpeg\" \/>\n<meta name=\"twitter:card\" content=\"summary_large_image\" \/>\n<meta name=\"twitter:site\" content=\"@MiisooSexDolls\" \/>\n<meta name=\"twitter:label1\" content=\"Est. reading time\" \/>\n\t<meta name=\"twitter:data1\" content=\"1 min\u016bte\" \/>\n<!-- \/ Yoast SEO Premium plugin. -->","yoast_head_json":{"title":"Shop Female Life Size Silicone Love Doll | MiisooDoll","description":"Buy 158cm Female Life Size Silicone Love Doll online at Miisoo. MiisooDoll is a premium online store for exotic BBW love silicone sex dolls. Shop today!","robots":{"index":"index","follow":"follow","max-snippet":"max-snippet:-1","max-image-preview":"max-image-preview:large","max-video-preview":"max-video-preview:-1"},"canonical":"https:\/\/www.miisoo.com\/lv\/products\/female-life-size-silicone-love-doll\/","og_locale":"lv_LV","og_type":"article","og_title":"Grinda - 158cm Female Life Size Silicone Love Doll","og_description":"Buy 158cm Female Life Size Silicone Love Doll online at Miisoo. MiisooDoll is a premium online store for exotic BBW love silicone sex dolls. Shop today!","og_url":"https:\/\/www.miisoo.com\/lv\/products\/female-life-size-silicone-love-doll\/","og_site_name":"MiisooDoll","article_publisher":"https:\/\/www.facebook.com\/miisoodoll","article_modified_time":"2022-11-18T03:39:12+00:00","og_image":[{"width":832,"height":1248,"url":"https:\/\/www.miisoo.com\/wp-content\/uploads\/2021\/03\/Silicone-Love-Doll-Real-Sex-Doll-3.jpg","type":"image\/jpeg"}],"twitter_card":"summary_large_image","twitter_site":"@MiisooSexDolls","twitter_misc":{"Est. reading time":"1 min\u016bte"},"schema":{"@context":"https:\/\/schema.org","@graph":[{"@type":"WebPage","@id":"https:\/\/www.miisoo.com\/product\/female-life-size-silicone-love-doll\/","url":"https:\/\/www.miisoo.com\/product\/female-life-size-silicone-love-doll\/","name":"Shop Female Life Size Silicone Love Doll | MiisooDoll","isPartOf":{"@id":"https:\/\/www.miisoo.com\/#website"},"primaryImageOfPage":{"@id":"https:\/\/www.miisoo.com\/product\/female-life-size-silicone-love-doll\/#primaryimage"},"image":{"@id":"https:\/\/www.miisoo.com\/product\/female-life-size-silicone-love-doll\/#primaryimage"},"thumbnailUrl":"https:\/\/www.miisoo.com\/wp-content\/uploads\/2021\/03\/Silicone-Love-Doll-Real-Sex-Doll-3.jpg","datePublished":"2021-03-31T07:15:28+00:00","dateModified":"2022-11-18T03:39:12+00:00","description":"Buy 158cm Female Life Size Silicone Love Doll online at Miisoo. MiisooDoll is a premium online store for exotic BBW love silicone sex dolls. Shop today!","breadcrumb":{"@id":"https:\/\/www.miisoo.com\/product\/female-life-size-silicone-love-doll\/#breadcrumb"},"inLanguage":"lv-LV","potentialAction":[{"@type":"ReadAction","target":["https:\/\/www.miisoo.com\/product\/female-life-size-silicone-love-doll\/"]}]},{"@type":"ImageObject","inLanguage":"lv-LV","@id":"https:\/\/www.miisoo.com\/product\/female-life-size-silicone-love-doll\/#primaryimage","url":"https:\/\/www.miisoo.com\/wp-content\/uploads\/2021\/03\/Silicone-Love-Doll-Real-Sex-Doll-3.jpg","contentUrl":"https:\/\/www.miisoo.com\/wp-content\/uploads\/2021\/03\/Silicone-Love-Doll-Real-Sex-Doll-3.jpg","width":832,"height":1248},{"@type":"BreadcrumbList","@id":"https:\/\/www.miisoo.com\/product\/female-life-size-silicone-love-doll\/#breadcrumb","itemListElement":[{"@type":"ListItem","position":1,"name":"Home","item":"https:\/\/www.miisoo.com\/"},{"@type":"ListItem","position":2,"name":"Sex Doll Shop","item":"https:\/\/www.miisoo.com\/shop\/"},{"@type":"ListItem","position":3,"name":"Grinda &#8211; 158cm Female Life Size Silicone Love Doll"}]},{"@type":"WebSite","@id":"https:\/\/www.miisoo.com\/#website","url":"https:\/\/www.miisoo.com\/","name":"MiisooDoll","description":"Sexual Doll, Real Sex Dolls, Love Doll, Best Sex Dolls","publisher":{"@id":"https:\/\/www.miisoo.com\/#organization"},"potentialAction":[{"@type":"SearchAction","target":{"@type":"EntryPoint","urlTemplate":"https:\/\/www.miisoo.com\/?s={search_term_string}"},"query-input":"required name=search_term_string"}],"inLanguage":"lv-LV"},{"@type":"Organization","@id":"https:\/\/www.miisoo.com\/#organization","name":"MiisooDoll","url":"https:\/\/www.miisoo.com\/","logo":{"@type":"ImageObject","inLanguage":"lv-LV","@id":"https:\/\/www.miisoo.com\/#\/schema\/logo\/image\/","url":"https:\/\/www.miisoo.com\/wp-content\/uploads\/2020\/09\/logo-botton.png","contentUrl":"https:\/\/www.miisoo.com\/wp-content\/uploads\/2020\/09\/logo-botton.png","width":181,"height":42,"caption":"MiisooDoll"},"image":{"@id":"https:\/\/www.miisoo.com\/#\/schema\/logo\/image\/"},"sameAs":["https:\/\/www.facebook.com\/miisoodoll","https:\/\/x.com\/MiisooSexDolls"]}]}},"_links":{"self":[{"href":"https:\/\/www.miisoo.com\/lv\/wp-json\/wp\/v2\/product\/11173","targetHints":{"allow":["GET"]}}],"collection":[{"href":"https:\/\/www.miisoo.com\/lv\/wp-json\/wp\/v2\/product"}],"about":[{"href":"https:\/\/www.miisoo.com\/lv\/wp-json\/wp\/v2\/types\/product"}],"replies":[{"embeddable":true,"href":"https:\/\/www.miisoo.com\/lv\/wp-json\/wp\/v2\/comments?post=11173"}],"version-history":[{"count":3,"href":"https:\/\/www.miisoo.com\/lv\/wp-json\/wp\/v2\/product\/11173\/revisions"}],"predecessor-version":[{"id":14890,"href":"https:\/\/www.miisoo.com\/lv\/wp-json\/wp\/v2\/product\/11173\/revisions\/14890"}],"wp:featuredmedia":[{"embeddable":true,"href":"https:\/\/www.miisoo.com\/lv\/wp-json\/wp\/v2\/media\/11216"}],"wp:attachment":[{"href":"https:\/\/www.miisoo.com\/lv\/wp-json\/wp\/v2\/media?parent=11173"}],"wp:term":[{"taxonomy":"product_cat","embeddable":true,"href":"https:\/\/www.miisoo.com\/lv\/wp-json\/wp\/v2\/product_cat?post=11173"},{"taxonomy":"product_tag","embeddable":true,"href":"https:\/\/www.miisoo.com\/lv\/wp-json\/wp\/v2\/product_tag?post=11173"}],"curies":[{"name":"wp","href":"https:\/\/api.w.org\/{rel}","templated":true}]}}