{"id":4494,"date":"2020-09-16T14:42:35","date_gmt":"2020-09-16T06:42:35","guid":{"rendered":"http:\/\/miisoo.com\/?page_id=4494"},"modified":"2023-12-22T20:07:15","modified_gmt":"2023-12-22T12:07:15","slug":"disclaimer-18","status":"publish","type":"page","link":"https:\/\/www.miisoo.com\/lv\/disclaimer-18\/","title":{"rendered":"Atruna 18+"},"content":{"rendered":"<div data-elementor-type=\"wp-page\" data-elementor-id=\"4494\" class=\"elementor elementor-4494\" data-elementor-post-type=\"page\">\n\t\t\t\t\t\t<section class=\"elementor-section elementor-top-section elementor-element elementor-element-c76458e elementor-section-boxed elementor-section-height-default elementor-section-height-default\" data-id=\"c76458e\" data-element_type=\"section\">\n\t\t\t\t\t\t<div class=\"elementor-container elementor-column-gap-default\">\n\t\t\t\t\t<div class=\"elementor-column elementor-col-25 elementor-top-column elementor-element elementor-element-8b5e8e1\" data-id=\"8b5e8e1\" data-element_type=\"column\">\n\t\t\t<div class=\"elementor-widget-wrap\">\n\t\t\t\t\t\t\t<\/div>\n\t\t<\/div>\n\t\t\t\t<div class=\"elementor-column elementor-col-50 elementor-top-column elementor-element elementor-element-5afa608\" data-id=\"5afa608\" data-element_type=\"column\">\n\t\t\t<div class=\"elementor-widget-wrap elementor-element-populated\">\n\t\t\t\t\t\t<div class=\"elementor-element elementor-element-1111958 elementor-widget elementor-widget-text-editor\" data-id=\"1111958\" data-element_type=\"widget\" data-widget_type=\"text-editor.default\">\n\t\t\t\t<div class=\"elementor-widget-container\">\n\t\t\t\t\t\t\t\t\t<p>P\u0113d\u0113jo reizi atjaunin\u0101ts 2017. gada 25. maij\u0101 plkst. 10:23<\/p><p>BR\u012aDIN\u0100JUMS. \u0160\u012b vietne satur seksu\u0101li orient\u0113tu pieaugu\u0161ajiem paredz\u0113tu materi\u0101lu, kas paredz\u0113ts person\u0101m no 18\u00a0gadu vecuma. Ja jums v\u0113l nav 18. Apskatot \u0161o vietni, j\u016bs piekr\u012btat, ka saprotat t\u0101l\u0101k min\u0113tos noteikumus:<\/p><p><strong>18 GADI UN VEC\u0100K<\/strong><\/p><p>MIISOO.com nevar aizliegt nepilngad\u012bgajiem apmekl\u0113t \u0161o vietni. Vec\u0101ki vai aizbild\u0146i ir atbild\u012bgi par b\u0113rnu un pusaud\u017eu uzraudz\u012bbu, lai noskaidrotu, kuri materi\u0101li vi\u0146iem ir piem\u0113roti apskatei. MIISOO.com pieprasa, lai visi pirkumi b\u016btu j\u0101veic person\u0101m, kuras ir vec\u0101kas par 18 gadiem.<\/p><p><strong>AUTORTIES\u012aBAS<\/strong><\/p><p>Ja vien nav nor\u0101d\u012bts cit\u0101di, visi materi\u0101li, kas par\u0101d\u0101s \u0161aj\u0101 vietn\u0113, tostarp teksts, vietnes dizains, logotipi, grafikas, ikonas un att\u0113li, k\u0101 ar\u012b to atlase, mont\u0101\u017ea un izk\u0101rtojums, ir vien\u012bgais MIISOO.com \u012bpa\u0161ums. J\u016bs dr\u012bkstat izmantot \u0161\u012bs vietnes saturu tikai iepirk\u0161an\u0101s nol\u016bkos \u0161aj\u0101 vietn\u0113 vai pas\u016bt\u012bjuma veik\u0161anai \u0161aj\u0101 vietn\u0113 un nek\u0101diem citiem nol\u016bkiem. Nek\u0101dus materi\u0101lus no \u0161\u012bs vietnes nedr\u012bkst kop\u0113t, reproduc\u0113t, modific\u0113t, p\u0101rpublic\u0113t, aug\u0161upiel\u0101d\u0113t, ievietot, p\u0101rs\u016bt\u012bt vai izplat\u012bt jebk\u0101d\u0101 form\u0101 vai jebk\u0101d\u0101 veid\u0101 bez MIISOO.com iepriek\u0161\u0113jas rakstiskas at\u013caujas. Visas ties\u012bbas, kas \u0161eit nav \u012bpa\u0161i pie\u0161\u0137irtas, tiek patur\u0113tas. Jebk\u0101da \u0161aj\u0101 vietn\u0113 eso\u0161o materi\u0101lu neat\u013cauta izmanto\u0161ana var p\u0101rk\u0101pt autorties\u012bbas, pre\u010du z\u012bmju un citus piem\u0113rojamos likumus, k\u0101 ar\u012b var tikt piem\u0113rots krimin\u0101lsods vai civilsods.<\/p><p><strong>ATRUNA<\/strong><\/p><p>\u0160\u012b vietne tiek nodro\u0161in\u0101ta jums &quot;t\u0101da, k\u0101da t\u0101 ir&quot; bez jebk\u0101d\u0101m tie\u0161\u0101m vai netie\u0161\u0101m garantij\u0101m. Izmantojot vietni, j\u016bs piekr\u012btat uz\u0146emties visu risku, kas saist\u012bts ar \u0161o viet\u0146u izmanto\u0161anu, un piekr\u012btat sarg\u0101t MIISOO.com, t\u0101s amatpersonas, direktorus, darbiniekus un a\u0123entus no vis\u0101m pras\u012bb\u0101m, kas izriet no j\u016bsu izmanto\u0161anas vai nesp\u0113jas vai ir saist\u012btas ar to. izmantot, t\u012bmek\u013ca vietnes, ar kur\u0101m t\u0101s ir saist\u012btas. Turkl\u0101t j\u016bs piekr\u012btat, ka MIISOO.com vai t\u012bmek\u013ca vietnes inform\u0101cijas sniedz\u0113ji neb\u016bs atbild\u012bgi par jebk\u0101diem boj\u0101jumiem vai zaud\u0113jumiem, ko rad\u012bj\u0101t vai, iesp\u0113jams, rad\u012bj\u0101t j\u016bs, pa\u013caujoties uz \u0161\u0101du inform\u0101ciju.<\/p><p>Visi produkti \u0161aj\u0101 vietn\u0113 ir paredz\u0113ti tikai jaunumiem. MIISOO.com nesniedz nek\u0101das tie\u0161as vai netie\u0161as garantijas par no MIISOO.com pas\u016bt\u012bto produktu bez boj\u0101jumiem, ra\u017eot\u0101ja defektiem un ra\u017eot\u0101ja nepatiesas inform\u0101cijas. Iesniedzot pas\u016bt\u012bjumu, j\u016bs nep\u0101rprotami atz\u012bstat un piekr\u012btat sekojo\u0161ajam: MIISOO.com nav atbild\u012bgs nevienam pirc\u0113jam vai cit\u0101m person\u0101m par jebk\u0101diem tie\u0161iem, netie\u0161iem, nejau\u0161iem, \u012bpa\u0161iem vai izrieto\u0161iem ievainojumiem, zaud\u0113jumiem vai boj\u0101jumiem, neatkar\u012bgi no apgalvot\u0101 ties\u012bbu teorija, tostarp nolaid\u012bba un\/vai stingra atbild\u012bba.<\/p><p><strong>ATMAKSAS<\/strong><\/p><p>M\u0113s re\u0123istr\u0113jam IP\u00a0virknes visos pas\u016bt\u012bjumos\u00a0\u2014 visi pas\u016bt\u012bjumi, kas tiek atgriezti k\u0101 atmaksa kr\u0101pniecisku darb\u012bbu d\u0113\u013c, tiks r\u016bp\u012bgi izpild\u012bti j\u016bsu viet\u0113j\u0101 jurisdikcij\u0101, lai tiktu ierosin\u0101ta krimin\u0101lvaj\u0101\u0161ana, iev\u0113rojot ties\u012bbu aktus.<\/p><p>Lai veiktu pirkumu vietn\u0113 MIISOO.com, j\u016bs piekr\u012btat, ka neiesniegsit nek\u0101dus str\u012bdus\/pras\u012bbas vai atmaksas kred\u012btkar\u0161u izsniedz\u0113jam par pas\u016bt\u012bjumu, ko esat veicis vietn\u0113 MIISOO.com.<\/p><p>Vietne MIISOO.com uzskata, ka kred\u012btkartes atmaksa ir kr\u0101p\u0161ana, ja neesat veicis sapr\u0101t\u012bgas p\u016bles, lai inform\u0113tu m\u016bs par probl\u0113mas esam\u012bbu un dotu mums iev\u0113rojamu laiku, lai atrisin\u0101tu vai noskaidrotu probl\u0113mu.<\/p><p>M\u0113s nepie\u013caujam kr\u0101p\u0161anu ar kred\u012btkart\u0113m. Nek\u0101di izdevumi netiks ietaup\u012bti, un par visiem kr\u0101p\u0161anas gad\u012bjumiem bez iz\u0146\u0113muma tiks ierosin\u0101ta krimin\u0101lvaj\u0101\u0161ana piln\u0101 likuma ietvaros. Turkl\u0101t m\u0113s veiksim civillietu tiesved\u012bbu, mekl\u0113jot jebk\u0101dus ien\u0101kumu zaud\u0113jumus saist\u012bb\u0101 ar kr\u0101p\u0161anu, tostarp uz\u0146\u0113m\u0113jdarb\u012bbu, juridisk\u0101s maksas, izp\u0113tes izmaksas, darbinieku d\u012bkst\u0101ves un ie\u0146\u0113mumu zaud\u0113jumus.<\/p><p>Visa vieglpr\u0101t\u012bga atmaksa ne tikai maks\u0101 m\u016bsu darbiniekiem laiku, kas nav saist\u012bts ar m\u016bsu parastaj\u0101m un ierastaj\u0101m darb\u012bb\u0101m, bet ar\u012b maks\u0101 naudu, t\u0101p\u0113c:<\/p><p>J\u016bs piekr\u012btat, ka, ja izv\u0113laties veikt pirkumu vietn\u0113 MIISOO.com un iesniedzat str\u012bdu\/pretenziju vai maks\u0101juma atdo\u0161anu savam kred\u012btkar\u0161u izsniedz\u0113jam situ\u0101cijas d\u0113\u013c, kas ir pretrun\u0101 ar m\u016bsu noteikumiem un nosac\u012bjumiem, kuriem piekr\u012btat, veicot pas\u016bt\u012bjumu, VAI neesat mums pie\u0161\u0137\u012bris pietiekami daudz naudas. laiks atz\u012bt, apstiprin\u0101t un izp\u0113t\u012bt situ\u0101ciju; un jebkur\u0101 gad\u012bjum\u0101 j\u016bs neuzvar\u0113sit atmaksas str\u012bd\u0101 vai str\u012bd\u0101\/pretenzij\u0101.<\/p><p>Gad\u012bjum\u0101, ja atg\u016bsit maks\u0101jumu ar savu kred\u012btkar\u0161u izsniedz\u0113ju, MIISOO.com m\u0113\u0123in\u0101s atg\u016bt kr\u0101pnieciski apstr\u012bd\u0113t\u0101s maksas un papildu izmaksas, izmantojot tre\u0161\u0101s puses iekas\u0113\u0161anas a\u0123ent\u016bru. Pazi\u0146ot\u0101 inform\u0101cija ietvers pilnu v\u0101rdu, uzv\u0101rdu, e-pastu, pas\u016bt\u012bjuma datumu, pas\u016bt\u012bjuma summu, IP adresi, pilnu adresi un t\u0101lru\u0146a numuru.<\/p>\t\t\t\t\t\t\t\t<\/div>\n\t\t\t\t<\/div>\n\t\t\t\t\t<\/div>\n\t\t<\/div>\n\t\t\t\t<div class=\"elementor-column elementor-col-25 elementor-top-column elementor-element elementor-element-df603f8\" data-id=\"df603f8\" data-element_type=\"column\">\n\t\t\t<div class=\"elementor-widget-wrap\">\n\t\t\t\t\t\t\t<\/div>\n\t\t<\/div>\n\t\t\t\t\t<\/div>\n\t\t<\/section>\n\t\t\t\t<\/div>","protected":false},"excerpt":{"rendered":"<p>Last updated on May 25th, 2017 at 10:23 am WARNING. This site contains sexually oriented adult material intended for individuals 18 years of age or older. If you are not yet 18. By viewing this site you agree that you understand and the below terms: 18 YEARS AND OLDER MIISOO.com cannot prohibit minors from visiting&hellip;<\/p>","protected":false},"author":455,"featured_media":0,"parent":0,"menu_order":0,"comment_status":"closed","ping_status":"open","template":"","meta":{"footnotes":""},"class_list":["post-4494","page","type-page","status-publish","hentry"],"yoast_head":"<!-- This site is optimized with the Yoast SEO Premium plugin v22.6 (Yoast SEO v22.9) - https:\/\/yoast.com\/wordpress\/plugins\/seo\/ -->\n<title>Explore Adult Content| Age 18+ Disclaimer | MiisooDoll<\/title>\n<meta name=\"description\" content=\"Discover adult content responsibly with MiisooDoll&#039;s age 18+ disclaimer. Explore a world of intimate satisfaction while prioritizing legal and ethical guidelines.\" \/>\n<meta name=\"robots\" content=\"index, follow, max-snippet:-1, max-image-preview:large, max-video-preview:-1\" \/>\n<link rel=\"canonical\" href=\"https:\/\/www.miisoo.com\/lv\/disclaimer-18\/\" \/>\n<meta property=\"og:locale\" content=\"lv_LV\" \/>\n<meta property=\"og:type\" content=\"article\" \/>\n<meta property=\"og:title\" content=\"Disclaimer 18+\" \/>\n<meta property=\"og:description\" content=\"Discover adult content responsibly with MiisooDoll&#039;s age 18+ disclaimer. Explore a world of intimate satisfaction while prioritizing legal and ethical guidelines.\" \/>\n<meta property=\"og:url\" content=\"https:\/\/www.miisoo.com\/lv\/disclaimer-18\/\" \/>\n<meta property=\"og:site_name\" content=\"MiisooDoll\" \/>\n<meta property=\"article:publisher\" content=\"https:\/\/www.facebook.com\/miisoodoll\" \/>\n<meta property=\"article:modified_time\" content=\"2023-12-22T12:07:15+00:00\" \/>\n<meta name=\"twitter:card\" content=\"summary_large_image\" \/>\n<meta name=\"twitter:site\" content=\"@MiisooSexDolls\" \/>\n<meta name=\"twitter:label1\" content=\"Est. reading time\" \/>\n\t<meta name=\"twitter:data1\" content=\"4 min\u016btes\" \/>\n<!-- \/ Yoast SEO Premium plugin. -->","yoast_head_json":{"title":"Explore Adult Content| Age 18+ Disclaimer | MiisooDoll","description":"Discover adult content responsibly with MiisooDoll's age 18+ disclaimer. Explore a world of intimate satisfaction while prioritizing legal and ethical guidelines.","robots":{"index":"index","follow":"follow","max-snippet":"max-snippet:-1","max-image-preview":"max-image-preview:large","max-video-preview":"max-video-preview:-1"},"canonical":"https:\/\/www.miisoo.com\/lv\/disclaimer-18\/","og_locale":"lv_LV","og_type":"article","og_title":"Disclaimer 18+","og_description":"Discover adult content responsibly with MiisooDoll's age 18+ disclaimer. Explore a world of intimate satisfaction while prioritizing legal and ethical guidelines.","og_url":"https:\/\/www.miisoo.com\/lv\/disclaimer-18\/","og_site_name":"MiisooDoll","article_publisher":"https:\/\/www.facebook.com\/miisoodoll","article_modified_time":"2023-12-22T12:07:15+00:00","twitter_card":"summary_large_image","twitter_site":"@MiisooSexDolls","twitter_misc":{"Est. reading time":"4 min\u016btes"},"schema":{"@context":"https:\/\/schema.org","@graph":[{"@type":"WebPage","@id":"https:\/\/www.miisoo.com\/disclaimer-18\/","url":"https:\/\/www.miisoo.com\/disclaimer-18\/","name":"Explore Adult Content| Age 18+ Disclaimer | MiisooDoll","isPartOf":{"@id":"https:\/\/www.miisoo.com\/#website"},"datePublished":"2020-09-16T06:42:35+00:00","dateModified":"2023-12-22T12:07:15+00:00","description":"Discover adult content responsibly with MiisooDoll's age 18+ disclaimer. Explore a world of intimate satisfaction while prioritizing legal and ethical guidelines.","breadcrumb":{"@id":"https:\/\/www.miisoo.com\/disclaimer-18\/#breadcrumb"},"inLanguage":"lv-LV","potentialAction":[{"@type":"ReadAction","target":["https:\/\/www.miisoo.com\/disclaimer-18\/"]}]},{"@type":"BreadcrumbList","@id":"https:\/\/www.miisoo.com\/disclaimer-18\/#breadcrumb","itemListElement":[{"@type":"ListItem","position":1,"name":"Home","item":"https:\/\/www.miisoo.com\/"},{"@type":"ListItem","position":2,"name":"Disclaimer 18+"}]},{"@type":"WebSite","@id":"https:\/\/www.miisoo.com\/#website","url":"https:\/\/www.miisoo.com\/","name":"MiisooDoll","description":"Sexual Doll, Real Sex Dolls, Love Doll, Best Sex Dolls","publisher":{"@id":"https:\/\/www.miisoo.com\/#organization"},"potentialAction":[{"@type":"SearchAction","target":{"@type":"EntryPoint","urlTemplate":"https:\/\/www.miisoo.com\/?s={search_term_string}"},"query-input":"required name=search_term_string"}],"inLanguage":"lv-LV"},{"@type":"Organization","@id":"https:\/\/www.miisoo.com\/#organization","name":"MiisooDoll","url":"https:\/\/www.miisoo.com\/","logo":{"@type":"ImageObject","inLanguage":"lv-LV","@id":"https:\/\/www.miisoo.com\/#\/schema\/logo\/image\/","url":"https:\/\/www.miisoo.com\/wp-content\/uploads\/2020\/09\/logo-botton.png","contentUrl":"https:\/\/www.miisoo.com\/wp-content\/uploads\/2020\/09\/logo-botton.png","width":181,"height":42,"caption":"MiisooDoll"},"image":{"@id":"https:\/\/www.miisoo.com\/#\/schema\/logo\/image\/"},"sameAs":["https:\/\/www.facebook.com\/miisoodoll","https:\/\/x.com\/MiisooSexDolls"]}]}},"_links":{"self":[{"href":"https:\/\/www.miisoo.com\/lv\/wp-json\/wp\/v2\/pages\/4494","targetHints":{"allow":["GET"]}}],"collection":[{"href":"https:\/\/www.miisoo.com\/lv\/wp-json\/wp\/v2\/pages"}],"about":[{"href":"https:\/\/www.miisoo.com\/lv\/wp-json\/wp\/v2\/types\/page"}],"author":[{"embeddable":true,"href":"https:\/\/www.miisoo.com\/lv\/wp-json\/wp\/v2\/users\/455"}],"replies":[{"embeddable":true,"href":"https:\/\/www.miisoo.com\/lv\/wp-json\/wp\/v2\/comments?post=4494"}],"version-history":[{"count":1,"href":"https:\/\/www.miisoo.com\/lv\/wp-json\/wp\/v2\/pages\/4494\/revisions"}],"predecessor-version":[{"id":34670,"href":"https:\/\/www.miisoo.com\/lv\/wp-json\/wp\/v2\/pages\/4494\/revisions\/34670"}],"wp:attachment":[{"href":"https:\/\/www.miisoo.com\/lv\/wp-json\/wp\/v2\/media?parent=4494"}],"curies":[{"name":"wp","href":"https:\/\/api.w.org\/{rel}","templated":true}]}}